{"id":3734,"date":"2024-04-26T16:13:42","date_gmt":"2024-04-26T14:13:42","guid":{"rendered":"https:\/\/betoff.eu\/?post_type=product&#038;p=3734"},"modified":"2024-04-26T16:22:01","modified_gmt":"2024-04-26T14:22:01","slug":"betoff-f-2l-rengoring-av-fogar","status":"publish","type":"product","link":"https:\/\/betoff.eu\/sv\/produkt\/betoff-f-2l-rengoring-av-fogar\/","title":{"rendered":"BETOFF-F &#8211; 2L &#8211; Reng\u00f6ring av fogar"},"content":{"rendered":"<p>Hur man anv\u00e4nder:<\/p>\n<ul>\n<li>Innan du applicerar medlet \u00e4r det v\u00e4rt att fukta injekteringsbruket n\u00e5got med vatten f\u00f6r att f\u00e5 optimal effekt.<\/li>\n<li>Betoff &#8211; F ska sp\u00e4das med vatten i en koncentration av 1:1 och h\u00e4llas p\u00e5 den smutsiga ytan. F\u00f6r sv\u00e5rare smuts rekommenderas att anv\u00e4nda outsp\u00e4dd medel.<\/li>\n<li>F\u00f6rberedelsen fungerar v\u00e4ldigt snabbt. Efter ca 30-45 sekunder kan man observera aktivt skum som l\u00f6ser upp envis smuts.<\/li>\n<li>Efter ungef\u00e4r en minut, torka f\u00f6rsiktigt av den rengjorda ytan med en trasa eller pappershandduk. Efter att ha torkat av ytan \u00e4r det v\u00e4rt att neutralisera effekten av medlet genom att tv\u00e4tta den rengjorda ytan med vatten och universell golvv\u00e4tska.<\/li>\n<\/ul>\n","protected":false},"excerpt":{"rendered":"<p>Hur man anv\u00e4nder: Innan du applicerar medlet \u00e4r det v\u00e4rt att fukta injekteringsbruket n\u00e5got med vatten f\u00f6r att f\u00e5 optimal effekt. Betoff &#8211; F ska sp\u00e4das med vatten i en koncentration av 1:1 och h\u00e4llas p\u00e5 den smutsiga ytan. F\u00f6r sv\u00e5rare smuts rekommenderas att anv\u00e4nda outsp\u00e4dd medel. F\u00f6rberedelsen fungerar v\u00e4ldigt snabbt. Efter ca 30-45 sekunder [&#8230;]\n","protected":false},"featured_media":3668,"template":"","meta":{"om_disable_all_campaigns":false},"product_brand":[],"product_cat":[305],"product_tag":[],"class_list":{"0":"post-3734","1":"product","2":"type-product","3":"status-publish","4":"has-post-thumbnail","6":"product_cat-rengoring-av-fogar","8":"first","9":"instock","10":"taxable","11":"shipping-taxable","12":"purchasable","13":"product-type-simple"},"yoast_head":"<!-- This site is optimized with the Yoast SEO plugin v25.9 - https:\/\/yoast.com\/wordpress\/plugins\/seo\/ -->\n<title>BETOFF-F - 2L - Reng\u00f6ring av fogar - BETOFF-Produkter f\u00f6r betongens v\u00e4rld och bortom!<\/title>\n<meta name=\"description\" content=\"Gl\u00f6m tidskr\u00e4vande skrubbning av leder, prova ett effektivt medel. F\u00e5 hygienisk renlighet utan l\u00e5ngvarig anstr\u00e4ngning. Det koncentrerade medlet tar effektivt bort smuts och h\u00e4lsofarliga bakterier.\" \/>\n<meta name=\"robots\" content=\"index, follow, max-snippet:-1, max-image-preview:large, max-video-preview:-1\" \/>\n<link rel=\"canonical\" href=\"https:\/\/betoff.eu\/sv\/produkt\/betoff-f-2l-rengoring-av-fogar\/\" \/>\n<meta property=\"og:locale\" content=\"sv_SE\" \/>\n<meta property=\"og:type\" content=\"article\" \/>\n<meta property=\"og:title\" content=\"BETOFF-F - 2L - Reng\u00f6ring av fogar - BETOFF-Produkter f\u00f6r betongens v\u00e4rld och bortom!\" \/>\n<meta property=\"og:description\" content=\"Gl\u00f6m tidskr\u00e4vande skrubbning av leder, prova ett effektivt medel. F\u00e5 hygienisk renlighet utan l\u00e5ngvarig anstr\u00e4ngning. Det koncentrerade medlet tar effektivt bort smuts och h\u00e4lsofarliga bakterier.\" \/>\n<meta property=\"og:url\" content=\"https:\/\/betoff.eu\/sv\/produkt\/betoff-f-2l-rengoring-av-fogar\/\" \/>\n<meta property=\"og:site_name\" content=\"BETOFF-Produkter f\u00f6r betongens v\u00e4rld och bortom!\" \/>\n<meta property=\"article:modified_time\" content=\"2024-04-26T14:22:01+00:00\" \/>\n<meta property=\"og:image\" content=\"https:\/\/betoff.eu\/wp-content\/uploads\/2024\/04\/Betoff-F-x2-czechy-5.png\" \/>\n\t<meta property=\"og:image:width\" content=\"1530\" \/>\n\t<meta property=\"og:image:height\" content=\"2080\" \/>\n\t<meta property=\"og:image:type\" content=\"image\/png\" \/>\n<meta name=\"twitter:card\" content=\"summary_large_image\" \/>\n<meta name=\"twitter:label1\" content=\"Ber\u00e4knad l\u00e4stid\" \/>\n\t<meta name=\"twitter:data1\" content=\"1 minut\" \/>\n<script type=\"application\/ld+json\" class=\"yoast-schema-graph\">{\"@context\":\"https:\/\/schema.org\",\"@graph\":[{\"@type\":\"WebPage\",\"@id\":\"https:\/\/betoff.eu\/sv\/produkt\/betoff-f-2l-rengoring-av-fogar\/\",\"url\":\"https:\/\/betoff.eu\/sv\/produkt\/betoff-f-2l-rengoring-av-fogar\/\",\"name\":\"BETOFF-F - 2L - Reng\u00f6ring av fogar - BETOFF-Produkter f\u00f6r betongens v\u00e4rld och bortom!\",\"isPartOf\":{\"@id\":\"https:\/\/betoff.eu\/#website\"},\"primaryImageOfPage\":{\"@id\":\"https:\/\/betoff.eu\/sv\/produkt\/betoff-f-2l-rengoring-av-fogar\/#primaryimage\"},\"image\":{\"@id\":\"https:\/\/betoff.eu\/sv\/produkt\/betoff-f-2l-rengoring-av-fogar\/#primaryimage\"},\"thumbnailUrl\":\"https:\/\/betoff.eu\/wp-content\/uploads\/2024\/04\/Betoff-F-x2-czechy-5.png\",\"datePublished\":\"2024-04-26T14:13:42+00:00\",\"dateModified\":\"2024-04-26T14:22:01+00:00\",\"description\":\"Gl\u00f6m tidskr\u00e4vande skrubbning av leder, prova ett effektivt medel. F\u00e5 hygienisk renlighet utan l\u00e5ngvarig anstr\u00e4ngning. Det koncentrerade medlet tar effektivt bort smuts och h\u00e4lsofarliga bakterier.\",\"breadcrumb\":{\"@id\":\"https:\/\/betoff.eu\/sv\/produkt\/betoff-f-2l-rengoring-av-fogar\/#breadcrumb\"},\"inLanguage\":\"sv-SE\",\"potentialAction\":[{\"@type\":\"ReadAction\",\"target\":[\"https:\/\/betoff.eu\/sv\/produkt\/betoff-f-2l-rengoring-av-fogar\/\"]}]},{\"@type\":\"ImageObject\",\"inLanguage\":\"sv-SE\",\"@id\":\"https:\/\/betoff.eu\/sv\/produkt\/betoff-f-2l-rengoring-av-fogar\/#primaryimage\",\"url\":\"https:\/\/betoff.eu\/wp-content\/uploads\/2024\/04\/Betoff-F-x2-czechy-5.png\",\"contentUrl\":\"https:\/\/betoff.eu\/wp-content\/uploads\/2024\/04\/Betoff-F-x2-czechy-5.png\",\"width\":1530,\"height\":2080,\"caption\":\"Reng\u00f6ring av fogar\"},{\"@type\":\"BreadcrumbList\",\"@id\":\"https:\/\/betoff.eu\/sv\/produkt\/betoff-f-2l-rengoring-av-fogar\/#breadcrumb\",\"itemListElement\":[{\"@type\":\"ListItem\",\"position\":1,\"name\":\"Hem\",\"item\":\"https:\/\/betoff.eu\/sv\/\"},{\"@type\":\"ListItem\",\"position\":2,\"name\":\"Shop\",\"item\":\"https:\/\/betoff.eu\/sv\/shop\/\"},{\"@type\":\"ListItem\",\"position\":3,\"name\":\"BETOFF-F &#8211; 2L &#8211; Reng\u00f6ring av fogar\"}]},{\"@type\":\"WebSite\",\"@id\":\"https:\/\/betoff.eu\/#website\",\"url\":\"https:\/\/betoff.eu\/\",\"name\":\"BETOFF-Products for the world of concrete and beyond!\",\"description\":\"Betoff - Betongborttagningsv\u00e4tska\",\"publisher\":{\"@id\":\"https:\/\/betoff.eu\/#\/schema\/person\/cded67f1acad0c68af8dcc171137512c\"},\"potentialAction\":[{\"@type\":\"SearchAction\",\"target\":{\"@type\":\"EntryPoint\",\"urlTemplate\":\"https:\/\/betoff.eu\/?s={search_term_string}\"},\"query-input\":{\"@type\":\"PropertyValueSpecification\",\"valueRequired\":true,\"valueName\":\"search_term_string\"}}],\"inLanguage\":\"sv-SE\"},{\"@type\":[\"Person\",\"Organization\"],\"@id\":\"https:\/\/betoff.eu\/#\/schema\/person\/cded67f1acad0c68af8dcc171137512c\",\"name\":\"admin\",\"image\":{\"@type\":\"ImageObject\",\"inLanguage\":\"sv-SE\",\"@id\":\"https:\/\/betoff.eu\/#\/schema\/person\/image\/\",\"url\":\"https:\/\/betoff.eu\/wp-content\/uploads\/2021\/02\/betoff-logo.png\",\"contentUrl\":\"https:\/\/betoff.eu\/wp-content\/uploads\/2021\/02\/betoff-logo.png\",\"width\":1024,\"height\":258,\"caption\":\"admin\"},\"logo\":{\"@id\":\"https:\/\/betoff.eu\/#\/schema\/person\/image\/\"}}]}<\/script>\n<!-- \/ Yoast SEO plugin. -->","yoast_head_json":{"title":"BETOFF-F - 2L - Reng\u00f6ring av fogar - BETOFF-Produkter f\u00f6r betongens v\u00e4rld och bortom!","description":"Gl\u00f6m tidskr\u00e4vande skrubbning av leder, prova ett effektivt medel. F\u00e5 hygienisk renlighet utan l\u00e5ngvarig anstr\u00e4ngning. Det koncentrerade medlet tar effektivt bort smuts och h\u00e4lsofarliga bakterier.","robots":{"index":"index","follow":"follow","max-snippet":"max-snippet:-1","max-image-preview":"max-image-preview:large","max-video-preview":"max-video-preview:-1"},"canonical":"https:\/\/betoff.eu\/sv\/produkt\/betoff-f-2l-rengoring-av-fogar\/","og_locale":"sv_SE","og_type":"article","og_title":"BETOFF-F - 2L - Reng\u00f6ring av fogar - BETOFF-Produkter f\u00f6r betongens v\u00e4rld och bortom!","og_description":"Gl\u00f6m tidskr\u00e4vande skrubbning av leder, prova ett effektivt medel. F\u00e5 hygienisk renlighet utan l\u00e5ngvarig anstr\u00e4ngning. Det koncentrerade medlet tar effektivt bort smuts och h\u00e4lsofarliga bakterier.","og_url":"https:\/\/betoff.eu\/sv\/produkt\/betoff-f-2l-rengoring-av-fogar\/","og_site_name":"BETOFF-Produkter f\u00f6r betongens v\u00e4rld och bortom!","article_modified_time":"2024-04-26T14:22:01+00:00","og_image":[{"width":1530,"height":2080,"url":"https:\/\/betoff.eu\/wp-content\/uploads\/2024\/04\/Betoff-F-x2-czechy-5.png","type":"image\/png"}],"twitter_card":"summary_large_image","twitter_misc":{"Ber\u00e4knad l\u00e4stid":"1 minut"},"schema":{"@context":"https:\/\/schema.org","@graph":[{"@type":"WebPage","@id":"https:\/\/betoff.eu\/sv\/produkt\/betoff-f-2l-rengoring-av-fogar\/","url":"https:\/\/betoff.eu\/sv\/produkt\/betoff-f-2l-rengoring-av-fogar\/","name":"BETOFF-F - 2L - Reng\u00f6ring av fogar - BETOFF-Produkter f\u00f6r betongens v\u00e4rld och bortom!","isPartOf":{"@id":"https:\/\/betoff.eu\/#website"},"primaryImageOfPage":{"@id":"https:\/\/betoff.eu\/sv\/produkt\/betoff-f-2l-rengoring-av-fogar\/#primaryimage"},"image":{"@id":"https:\/\/betoff.eu\/sv\/produkt\/betoff-f-2l-rengoring-av-fogar\/#primaryimage"},"thumbnailUrl":"https:\/\/betoff.eu\/wp-content\/uploads\/2024\/04\/Betoff-F-x2-czechy-5.png","datePublished":"2024-04-26T14:13:42+00:00","dateModified":"2024-04-26T14:22:01+00:00","description":"Gl\u00f6m tidskr\u00e4vande skrubbning av leder, prova ett effektivt medel. F\u00e5 hygienisk renlighet utan l\u00e5ngvarig anstr\u00e4ngning. Det koncentrerade medlet tar effektivt bort smuts och h\u00e4lsofarliga bakterier.","breadcrumb":{"@id":"https:\/\/betoff.eu\/sv\/produkt\/betoff-f-2l-rengoring-av-fogar\/#breadcrumb"},"inLanguage":"sv-SE","potentialAction":[{"@type":"ReadAction","target":["https:\/\/betoff.eu\/sv\/produkt\/betoff-f-2l-rengoring-av-fogar\/"]}]},{"@type":"ImageObject","inLanguage":"sv-SE","@id":"https:\/\/betoff.eu\/sv\/produkt\/betoff-f-2l-rengoring-av-fogar\/#primaryimage","url":"https:\/\/betoff.eu\/wp-content\/uploads\/2024\/04\/Betoff-F-x2-czechy-5.png","contentUrl":"https:\/\/betoff.eu\/wp-content\/uploads\/2024\/04\/Betoff-F-x2-czechy-5.png","width":1530,"height":2080,"caption":"Reng\u00f6ring av fogar"},{"@type":"BreadcrumbList","@id":"https:\/\/betoff.eu\/sv\/produkt\/betoff-f-2l-rengoring-av-fogar\/#breadcrumb","itemListElement":[{"@type":"ListItem","position":1,"name":"Hem","item":"https:\/\/betoff.eu\/sv\/"},{"@type":"ListItem","position":2,"name":"Shop","item":"https:\/\/betoff.eu\/sv\/shop\/"},{"@type":"ListItem","position":3,"name":"BETOFF-F &#8211; 2L &#8211; Reng\u00f6ring av fogar"}]},{"@type":"WebSite","@id":"https:\/\/betoff.eu\/#website","url":"https:\/\/betoff.eu\/","name":"BETOFF-Products for the world of concrete and beyond!","description":"Betoff - Betongborttagningsv\u00e4tska","publisher":{"@id":"https:\/\/betoff.eu\/#\/schema\/person\/cded67f1acad0c68af8dcc171137512c"},"potentialAction":[{"@type":"SearchAction","target":{"@type":"EntryPoint","urlTemplate":"https:\/\/betoff.eu\/?s={search_term_string}"},"query-input":{"@type":"PropertyValueSpecification","valueRequired":true,"valueName":"search_term_string"}}],"inLanguage":"sv-SE"},{"@type":["Person","Organization"],"@id":"https:\/\/betoff.eu\/#\/schema\/person\/cded67f1acad0c68af8dcc171137512c","name":"admin","image":{"@type":"ImageObject","inLanguage":"sv-SE","@id":"https:\/\/betoff.eu\/#\/schema\/person\/image\/","url":"https:\/\/betoff.eu\/wp-content\/uploads\/2021\/02\/betoff-logo.png","contentUrl":"https:\/\/betoff.eu\/wp-content\/uploads\/2021\/02\/betoff-logo.png","width":1024,"height":258,"caption":"admin"},"logo":{"@id":"https:\/\/betoff.eu\/#\/schema\/person\/image\/"}}]}},"_links":{"self":[{"href":"https:\/\/betoff.eu\/sv\/wp-json\/wp\/v2\/product\/3734","targetHints":{"allow":["GET"]}}],"collection":[{"href":"https:\/\/betoff.eu\/sv\/wp-json\/wp\/v2\/product"}],"about":[{"href":"https:\/\/betoff.eu\/sv\/wp-json\/wp\/v2\/types\/product"}],"wp:featuredmedia":[{"embeddable":true,"href":"https:\/\/betoff.eu\/sv\/wp-json\/wp\/v2\/media\/3668"}],"wp:attachment":[{"href":"https:\/\/betoff.eu\/sv\/wp-json\/wp\/v2\/media?parent=3734"}],"wp:term":[{"taxonomy":"product_brand","embeddable":true,"href":"https:\/\/betoff.eu\/sv\/wp-json\/wp\/v2\/product_brand?post=3734"},{"taxonomy":"product_cat","embeddable":true,"href":"https:\/\/betoff.eu\/sv\/wp-json\/wp\/v2\/product_cat?post=3734"},{"taxonomy":"product_tag","embeddable":true,"href":"https:\/\/betoff.eu\/sv\/wp-json\/wp\/v2\/product_tag?post=3734"}],"curies":[{"name":"wp","href":"https:\/\/api.w.org\/{rel}","templated":true}]}}