{"id":3728,"date":"2024-04-26T15:35:59","date_gmt":"2024-04-26T13:35:59","guid":{"rendered":"https:\/\/betoff.eu\/?post_type=product&#038;p=3728"},"modified":"2024-04-26T15:38:26","modified_gmt":"2024-04-26T13:38:26","slug":"betoff-bio-20l-biologiskt-nedbrytbart-betonglosare","status":"publish","type":"product","link":"https:\/\/betoff.eu\/sv\/produkt\/betoff-bio-20l-biologiskt-nedbrytbart-betonglosare\/","title":{"rendered":"BETOFF-BIO &#8211; 20L &#8211; Biologiskt nedbrytbart betongl\u00f6sare"},"content":{"rendered":"<p>Den organiska Betoff-Bio-preparatet tar bort betongrester fr\u00e5n \u00f6mt\u00e5liga och skadebest\u00e4ndiga ytor. Speciellt till\u00e4gnad plast, gummi, keramik, lackerade och stenytor). Tar s\u00e4kert bort torkade cementrester, avlagringar och st\u00e4nk fr\u00e5n olika byggmaterial. Det ger anv\u00e4ndarna en h\u00f6g s\u00e4kerhetsniv\u00e5 och 20-litersf\u00f6rpackningen \u00e4r ocks\u00e5 mycket ekonomisk.<\/p>\n","protected":false},"excerpt":{"rendered":"<p>Den organiska Betoff-Bio-preparatet tar bort betongrester fr\u00e5n \u00f6mt\u00e5liga och skadebest\u00e4ndiga ytor. Speciellt till\u00e4gnad plast, gummi, keramik, lackerade och stenytor). Tar s\u00e4kert bort torkade cementrester, avlagringar och st\u00e4nk fr\u00e5n olika byggmaterial. Det ger anv\u00e4ndarna en h\u00f6g s\u00e4kerhetsniv\u00e5 och 20-litersf\u00f6rpackningen \u00e4r ocks\u00e5 mycket ekonomisk.<\/p>\n","protected":false},"featured_media":61,"template":"","meta":{"om_disable_all_campaigns":false},"product_brand":[],"product_cat":[303],"product_tag":[],"class_list":{"0":"post-3728","1":"product","2":"type-product","3":"status-publish","4":"has-post-thumbnail","6":"product_cat-betonglosare","8":"first","9":"instock","10":"taxable","11":"shipping-taxable","12":"purchasable","13":"product-type-simple"},"yoast_head":"<!-- This site is optimized with the Yoast SEO plugin v25.9 - https:\/\/yoast.com\/wordpress\/plugins\/seo\/ -->\n<title>BETOFF-BIO - 20L - Biologiskt nedbrytbart betongl\u00f6sare - BETOFF-Produkter f\u00f6r betongens v\u00e4rld och bortom!<\/title>\n<meta name=\"description\" content=\"Ett organiskt preparat avsett f\u00f6r att ta bort betongrester fr\u00e5n \u00f6mt\u00e5liga verktyg och f\u00f6rem\u00e5l. Reng\u00f6r effektivt \u00e4ven mycket \u00f6mt\u00e5liga ytor fr\u00e5n ih\u00e5llande smuts, betongrester, razzior, st\u00e4nk och h\u00e4rdade byggmaterial.\" \/>\n<meta name=\"robots\" content=\"index, follow, max-snippet:-1, max-image-preview:large, max-video-preview:-1\" \/>\n<link rel=\"canonical\" href=\"https:\/\/betoff.eu\/sv\/produkt\/betoff-bio-20l-biologiskt-nedbrytbart-betonglosare\/\" \/>\n<meta property=\"og:locale\" content=\"sv_SE\" \/>\n<meta property=\"og:type\" content=\"article\" \/>\n<meta property=\"og:title\" content=\"BETOFF-BIO - 20L - Biologiskt nedbrytbart betongl\u00f6sare - BETOFF-Produkter f\u00f6r betongens v\u00e4rld och bortom!\" \/>\n<meta property=\"og:description\" content=\"Ett organiskt preparat avsett f\u00f6r att ta bort betongrester fr\u00e5n \u00f6mt\u00e5liga verktyg och f\u00f6rem\u00e5l. Reng\u00f6r effektivt \u00e4ven mycket \u00f6mt\u00e5liga ytor fr\u00e5n ih\u00e5llande smuts, betongrester, razzior, st\u00e4nk och h\u00e4rdade byggmaterial.\" \/>\n<meta property=\"og:url\" content=\"https:\/\/betoff.eu\/sv\/produkt\/betoff-bio-20l-biologiskt-nedbrytbart-betonglosare\/\" \/>\n<meta property=\"og:site_name\" content=\"BETOFF-Produkter f\u00f6r betongens v\u00e4rld och bortom!\" \/>\n<meta property=\"article:modified_time\" content=\"2024-04-26T13:38:26+00:00\" \/>\n<meta property=\"og:image\" content=\"https:\/\/betoff.eu\/wp-content\/uploads\/2021\/02\/Betoff-Bio-20-L-neu-ety1.png\" \/>\n\t<meta property=\"og:image:width\" content=\"1597\" \/>\n\t<meta property=\"og:image:height\" content=\"2171\" \/>\n\t<meta property=\"og:image:type\" content=\"image\/png\" \/>\n<meta name=\"twitter:card\" content=\"summary_large_image\" \/>\n<meta name=\"twitter:label1\" content=\"Ber\u00e4knad l\u00e4stid\" \/>\n\t<meta name=\"twitter:data1\" content=\"1 minut\" \/>\n<script type=\"application\/ld+json\" class=\"yoast-schema-graph\">{\"@context\":\"https:\/\/schema.org\",\"@graph\":[{\"@type\":\"WebPage\",\"@id\":\"https:\/\/betoff.eu\/sv\/produkt\/betoff-bio-20l-biologiskt-nedbrytbart-betonglosare\/\",\"url\":\"https:\/\/betoff.eu\/sv\/produkt\/betoff-bio-20l-biologiskt-nedbrytbart-betonglosare\/\",\"name\":\"BETOFF-BIO - 20L - Biologiskt nedbrytbart betongl\u00f6sare - BETOFF-Produkter f\u00f6r betongens v\u00e4rld och bortom!\",\"isPartOf\":{\"@id\":\"https:\/\/betoff.eu\/#website\"},\"primaryImageOfPage\":{\"@id\":\"https:\/\/betoff.eu\/sv\/produkt\/betoff-bio-20l-biologiskt-nedbrytbart-betonglosare\/#primaryimage\"},\"image\":{\"@id\":\"https:\/\/betoff.eu\/sv\/produkt\/betoff-bio-20l-biologiskt-nedbrytbart-betonglosare\/#primaryimage\"},\"thumbnailUrl\":\"https:\/\/betoff.eu\/wp-content\/uploads\/2021\/02\/Betoff-Bio-20-L-neu-ety1.png\",\"datePublished\":\"2024-04-26T13:35:59+00:00\",\"dateModified\":\"2024-04-26T13:38:26+00:00\",\"description\":\"Ett organiskt preparat avsett f\u00f6r att ta bort betongrester fr\u00e5n \u00f6mt\u00e5liga verktyg och f\u00f6rem\u00e5l. Reng\u00f6r effektivt \u00e4ven mycket \u00f6mt\u00e5liga ytor fr\u00e5n ih\u00e5llande smuts, betongrester, razzior, st\u00e4nk och h\u00e4rdade byggmaterial.\",\"breadcrumb\":{\"@id\":\"https:\/\/betoff.eu\/sv\/produkt\/betoff-bio-20l-biologiskt-nedbrytbart-betonglosare\/#breadcrumb\"},\"inLanguage\":\"sv-SE\",\"potentialAction\":[{\"@type\":\"ReadAction\",\"target\":[\"https:\/\/betoff.eu\/sv\/produkt\/betoff-bio-20l-biologiskt-nedbrytbart-betonglosare\/\"]}]},{\"@type\":\"ImageObject\",\"inLanguage\":\"sv-SE\",\"@id\":\"https:\/\/betoff.eu\/sv\/produkt\/betoff-bio-20l-biologiskt-nedbrytbart-betonglosare\/#primaryimage\",\"url\":\"https:\/\/betoff.eu\/wp-content\/uploads\/2021\/02\/Betoff-Bio-20-L-neu-ety1.png\",\"contentUrl\":\"https:\/\/betoff.eu\/wp-content\/uploads\/2021\/02\/Betoff-Bio-20-L-neu-ety1.png\",\"width\":1597,\"height\":2171,\"caption\":\"Betongl\u00f6sare\"},{\"@type\":\"BreadcrumbList\",\"@id\":\"https:\/\/betoff.eu\/sv\/produkt\/betoff-bio-20l-biologiskt-nedbrytbart-betonglosare\/#breadcrumb\",\"itemListElement\":[{\"@type\":\"ListItem\",\"position\":1,\"name\":\"Hem\",\"item\":\"https:\/\/betoff.eu\/sv\/\"},{\"@type\":\"ListItem\",\"position\":2,\"name\":\"Shop\",\"item\":\"https:\/\/betoff.eu\/sv\/shop\/\"},{\"@type\":\"ListItem\",\"position\":3,\"name\":\"BETOFF-BIO &#8211; 20L &#8211; Biologiskt nedbrytbart betongl\u00f6sare\"}]},{\"@type\":\"WebSite\",\"@id\":\"https:\/\/betoff.eu\/#website\",\"url\":\"https:\/\/betoff.eu\/\",\"name\":\"BETOFF-Products for the world of concrete and beyond!\",\"description\":\"Betoff - Betongborttagningsv\u00e4tska\",\"publisher\":{\"@id\":\"https:\/\/betoff.eu\/#\/schema\/person\/cded67f1acad0c68af8dcc171137512c\"},\"potentialAction\":[{\"@type\":\"SearchAction\",\"target\":{\"@type\":\"EntryPoint\",\"urlTemplate\":\"https:\/\/betoff.eu\/?s={search_term_string}\"},\"query-input\":{\"@type\":\"PropertyValueSpecification\",\"valueRequired\":true,\"valueName\":\"search_term_string\"}}],\"inLanguage\":\"sv-SE\"},{\"@type\":[\"Person\",\"Organization\"],\"@id\":\"https:\/\/betoff.eu\/#\/schema\/person\/cded67f1acad0c68af8dcc171137512c\",\"name\":\"admin\",\"image\":{\"@type\":\"ImageObject\",\"inLanguage\":\"sv-SE\",\"@id\":\"https:\/\/betoff.eu\/#\/schema\/person\/image\/\",\"url\":\"https:\/\/betoff.eu\/wp-content\/uploads\/2021\/02\/betoff-logo.png\",\"contentUrl\":\"https:\/\/betoff.eu\/wp-content\/uploads\/2021\/02\/betoff-logo.png\",\"width\":1024,\"height\":258,\"caption\":\"admin\"},\"logo\":{\"@id\":\"https:\/\/betoff.eu\/#\/schema\/person\/image\/\"}}]}<\/script>\n<!-- \/ Yoast SEO plugin. -->","yoast_head_json":{"title":"BETOFF-BIO - 20L - Biologiskt nedbrytbart betongl\u00f6sare - BETOFF-Produkter f\u00f6r betongens v\u00e4rld och bortom!","description":"Ett organiskt preparat avsett f\u00f6r att ta bort betongrester fr\u00e5n \u00f6mt\u00e5liga verktyg och f\u00f6rem\u00e5l. Reng\u00f6r effektivt \u00e4ven mycket \u00f6mt\u00e5liga ytor fr\u00e5n ih\u00e5llande smuts, betongrester, razzior, st\u00e4nk och h\u00e4rdade byggmaterial.","robots":{"index":"index","follow":"follow","max-snippet":"max-snippet:-1","max-image-preview":"max-image-preview:large","max-video-preview":"max-video-preview:-1"},"canonical":"https:\/\/betoff.eu\/sv\/produkt\/betoff-bio-20l-biologiskt-nedbrytbart-betonglosare\/","og_locale":"sv_SE","og_type":"article","og_title":"BETOFF-BIO - 20L - Biologiskt nedbrytbart betongl\u00f6sare - BETOFF-Produkter f\u00f6r betongens v\u00e4rld och bortom!","og_description":"Ett organiskt preparat avsett f\u00f6r att ta bort betongrester fr\u00e5n \u00f6mt\u00e5liga verktyg och f\u00f6rem\u00e5l. Reng\u00f6r effektivt \u00e4ven mycket \u00f6mt\u00e5liga ytor fr\u00e5n ih\u00e5llande smuts, betongrester, razzior, st\u00e4nk och h\u00e4rdade byggmaterial.","og_url":"https:\/\/betoff.eu\/sv\/produkt\/betoff-bio-20l-biologiskt-nedbrytbart-betonglosare\/","og_site_name":"BETOFF-Produkter f\u00f6r betongens v\u00e4rld och bortom!","article_modified_time":"2024-04-26T13:38:26+00:00","og_image":[{"width":1597,"height":2171,"url":"https:\/\/betoff.eu\/wp-content\/uploads\/2021\/02\/Betoff-Bio-20-L-neu-ety1.png","type":"image\/png"}],"twitter_card":"summary_large_image","twitter_misc":{"Ber\u00e4knad l\u00e4stid":"1 minut"},"schema":{"@context":"https:\/\/schema.org","@graph":[{"@type":"WebPage","@id":"https:\/\/betoff.eu\/sv\/produkt\/betoff-bio-20l-biologiskt-nedbrytbart-betonglosare\/","url":"https:\/\/betoff.eu\/sv\/produkt\/betoff-bio-20l-biologiskt-nedbrytbart-betonglosare\/","name":"BETOFF-BIO - 20L - Biologiskt nedbrytbart betongl\u00f6sare - BETOFF-Produkter f\u00f6r betongens v\u00e4rld och bortom!","isPartOf":{"@id":"https:\/\/betoff.eu\/#website"},"primaryImageOfPage":{"@id":"https:\/\/betoff.eu\/sv\/produkt\/betoff-bio-20l-biologiskt-nedbrytbart-betonglosare\/#primaryimage"},"image":{"@id":"https:\/\/betoff.eu\/sv\/produkt\/betoff-bio-20l-biologiskt-nedbrytbart-betonglosare\/#primaryimage"},"thumbnailUrl":"https:\/\/betoff.eu\/wp-content\/uploads\/2021\/02\/Betoff-Bio-20-L-neu-ety1.png","datePublished":"2024-04-26T13:35:59+00:00","dateModified":"2024-04-26T13:38:26+00:00","description":"Ett organiskt preparat avsett f\u00f6r att ta bort betongrester fr\u00e5n \u00f6mt\u00e5liga verktyg och f\u00f6rem\u00e5l. Reng\u00f6r effektivt \u00e4ven mycket \u00f6mt\u00e5liga ytor fr\u00e5n ih\u00e5llande smuts, betongrester, razzior, st\u00e4nk och h\u00e4rdade byggmaterial.","breadcrumb":{"@id":"https:\/\/betoff.eu\/sv\/produkt\/betoff-bio-20l-biologiskt-nedbrytbart-betonglosare\/#breadcrumb"},"inLanguage":"sv-SE","potentialAction":[{"@type":"ReadAction","target":["https:\/\/betoff.eu\/sv\/produkt\/betoff-bio-20l-biologiskt-nedbrytbart-betonglosare\/"]}]},{"@type":"ImageObject","inLanguage":"sv-SE","@id":"https:\/\/betoff.eu\/sv\/produkt\/betoff-bio-20l-biologiskt-nedbrytbart-betonglosare\/#primaryimage","url":"https:\/\/betoff.eu\/wp-content\/uploads\/2021\/02\/Betoff-Bio-20-L-neu-ety1.png","contentUrl":"https:\/\/betoff.eu\/wp-content\/uploads\/2021\/02\/Betoff-Bio-20-L-neu-ety1.png","width":1597,"height":2171,"caption":"Betongl\u00f6sare"},{"@type":"BreadcrumbList","@id":"https:\/\/betoff.eu\/sv\/produkt\/betoff-bio-20l-biologiskt-nedbrytbart-betonglosare\/#breadcrumb","itemListElement":[{"@type":"ListItem","position":1,"name":"Hem","item":"https:\/\/betoff.eu\/sv\/"},{"@type":"ListItem","position":2,"name":"Shop","item":"https:\/\/betoff.eu\/sv\/shop\/"},{"@type":"ListItem","position":3,"name":"BETOFF-BIO &#8211; 20L &#8211; Biologiskt nedbrytbart betongl\u00f6sare"}]},{"@type":"WebSite","@id":"https:\/\/betoff.eu\/#website","url":"https:\/\/betoff.eu\/","name":"BETOFF-Products for the world of concrete and beyond!","description":"Betoff - Betongborttagningsv\u00e4tska","publisher":{"@id":"https:\/\/betoff.eu\/#\/schema\/person\/cded67f1acad0c68af8dcc171137512c"},"potentialAction":[{"@type":"SearchAction","target":{"@type":"EntryPoint","urlTemplate":"https:\/\/betoff.eu\/?s={search_term_string}"},"query-input":{"@type":"PropertyValueSpecification","valueRequired":true,"valueName":"search_term_string"}}],"inLanguage":"sv-SE"},{"@type":["Person","Organization"],"@id":"https:\/\/betoff.eu\/#\/schema\/person\/cded67f1acad0c68af8dcc171137512c","name":"admin","image":{"@type":"ImageObject","inLanguage":"sv-SE","@id":"https:\/\/betoff.eu\/#\/schema\/person\/image\/","url":"https:\/\/betoff.eu\/wp-content\/uploads\/2021\/02\/betoff-logo.png","contentUrl":"https:\/\/betoff.eu\/wp-content\/uploads\/2021\/02\/betoff-logo.png","width":1024,"height":258,"caption":"admin"},"logo":{"@id":"https:\/\/betoff.eu\/#\/schema\/person\/image\/"}}]}},"_links":{"self":[{"href":"https:\/\/betoff.eu\/sv\/wp-json\/wp\/v2\/product\/3728","targetHints":{"allow":["GET"]}}],"collection":[{"href":"https:\/\/betoff.eu\/sv\/wp-json\/wp\/v2\/product"}],"about":[{"href":"https:\/\/betoff.eu\/sv\/wp-json\/wp\/v2\/types\/product"}],"wp:featuredmedia":[{"embeddable":true,"href":"https:\/\/betoff.eu\/sv\/wp-json\/wp\/v2\/media\/61"}],"wp:attachment":[{"href":"https:\/\/betoff.eu\/sv\/wp-json\/wp\/v2\/media?parent=3728"}],"wp:term":[{"taxonomy":"product_brand","embeddable":true,"href":"https:\/\/betoff.eu\/sv\/wp-json\/wp\/v2\/product_brand?post=3728"},{"taxonomy":"product_cat","embeddable":true,"href":"https:\/\/betoff.eu\/sv\/wp-json\/wp\/v2\/product_cat?post=3728"},{"taxonomy":"product_tag","embeddable":true,"href":"https:\/\/betoff.eu\/sv\/wp-json\/wp\/v2\/product_tag?post=3728"}],"curies":[{"name":"wp","href":"https:\/\/api.w.org\/{rel}","templated":true}]}}