{"id":3717,"date":"2024-04-26T15:14:49","date_gmt":"2024-04-26T13:14:49","guid":{"rendered":"https:\/\/betoff.eu\/?post_type=product&#038;p=3717"},"modified":"2024-04-26T15:17:39","modified_gmt":"2024-04-26T13:17:39","slug":"betoff-x-5l-betonglosare-utspaddmedelstor-betong","status":"publish","type":"product","link":"https:\/\/betoff.eu\/sv\/produkt\/betoff-x-5l-betonglosare-utspaddmedelstor-betong\/","title":{"rendered":"BETOFF-X &#8211; 5L &#8211; Betongl\u00f6sare (utsp\u00e4dd)(medelstor betong)"},"content":{"rendered":"<p>En produkt f\u00f6r reng\u00f6ring och underh\u00e5ll av murverktyg (gl\u00e4ttare, skivor, murknutar, trimmers, raspar etc.), bilar f\u00f6r transport av cement, byggnadsst\u00e4llningar och forms\u00e4ttningar. Tar effektivt bort smuts fr\u00e5n f\u00f6rem\u00e5l och platser t\u00e4ckta med h\u00e4rdad betong eller kalk- och gipsbel\u00e4ggning.<\/p>\n","protected":false},"excerpt":{"rendered":"<p>En produkt f\u00f6r reng\u00f6ring och underh\u00e5ll av murverktyg (gl\u00e4ttare, skivor, murknutar, trimmers, raspar etc.), bilar f\u00f6r transport av cement, byggnadsst\u00e4llningar och forms\u00e4ttningar. Tar effektivt bort smuts fr\u00e5n f\u00f6rem\u00e5l och platser t\u00e4ckta med h\u00e4rdad betong eller kalk- och gipsbel\u00e4ggning.<\/p>\n","protected":false},"featured_media":55,"template":"","meta":{"om_disable_all_campaigns":false},"product_brand":[],"product_cat":[303],"product_tag":[],"class_list":{"0":"post-3717","1":"product","2":"type-product","3":"status-publish","4":"has-post-thumbnail","6":"product_cat-betonglosare","8":"first","9":"instock","10":"taxable","11":"shipping-taxable","12":"purchasable","13":"product-type-simple"},"yoast_head":"<!-- This site is optimized with the Yoast SEO plugin v25.9 - https:\/\/yoast.com\/wordpress\/plugins\/seo\/ -->\n<title>BETOFF-X - 5L - Betongl\u00f6sare (utsp\u00e4dd)(medelstor betong) - BETOFF-Produkter f\u00f6r betongens v\u00e4rld och bortom!<\/title>\n<meta name=\"description\" content=\"Preparat avsett f\u00f6r att ta bort betongrester fr\u00e5n murverksverktyg (spackel, murslev, skivor, murknutar, trimmers, murslevar etc.), maskiner (t.ex. betongblandare), byggnadsst\u00e4llningar och forms\u00e4ttningar.\" \/>\n<meta name=\"robots\" content=\"index, follow, max-snippet:-1, max-image-preview:large, max-video-preview:-1\" \/>\n<link rel=\"canonical\" href=\"https:\/\/betoff.eu\/sv\/produkt\/betoff-x-5l-betonglosare-utspaddmedelstor-betong\/\" \/>\n<meta property=\"og:locale\" content=\"sv_SE\" \/>\n<meta property=\"og:type\" content=\"article\" \/>\n<meta property=\"og:title\" content=\"BETOFF-X - 5L - Betongl\u00f6sare (utsp\u00e4dd)(medelstor betong) - BETOFF-Produkter f\u00f6r betongens v\u00e4rld och bortom!\" \/>\n<meta property=\"og:description\" content=\"Preparat avsett f\u00f6r att ta bort betongrester fr\u00e5n murverksverktyg (spackel, murslev, skivor, murknutar, trimmers, murslevar etc.), maskiner (t.ex. betongblandare), byggnadsst\u00e4llningar och forms\u00e4ttningar.\" \/>\n<meta property=\"og:url\" content=\"https:\/\/betoff.eu\/sv\/produkt\/betoff-x-5l-betonglosare-utspaddmedelstor-betong\/\" \/>\n<meta property=\"og:site_name\" content=\"BETOFF-Produkter f\u00f6r betongens v\u00e4rld och bortom!\" \/>\n<meta property=\"article:modified_time\" content=\"2024-04-26T13:17:39+00:00\" \/>\n<meta property=\"og:image\" content=\"https:\/\/betoff.eu\/wp-content\/uploads\/2021\/02\/Betoff-X-5-L-neu.png\" \/>\n\t<meta property=\"og:image:width\" content=\"1597\" \/>\n\t<meta property=\"og:image:height\" content=\"2171\" \/>\n\t<meta property=\"og:image:type\" content=\"image\/png\" \/>\n<meta name=\"twitter:card\" content=\"summary_large_image\" \/>\n<meta name=\"twitter:label1\" content=\"Ber\u00e4knad l\u00e4stid\" \/>\n\t<meta name=\"twitter:data1\" content=\"1 minut\" \/>\n<script type=\"application\/ld+json\" class=\"yoast-schema-graph\">{\"@context\":\"https:\/\/schema.org\",\"@graph\":[{\"@type\":\"WebPage\",\"@id\":\"https:\/\/betoff.eu\/sv\/produkt\/betoff-x-5l-betonglosare-utspaddmedelstor-betong\/\",\"url\":\"https:\/\/betoff.eu\/sv\/produkt\/betoff-x-5l-betonglosare-utspaddmedelstor-betong\/\",\"name\":\"BETOFF-X - 5L - Betongl\u00f6sare (utsp\u00e4dd)(medelstor betong) - BETOFF-Produkter f\u00f6r betongens v\u00e4rld och bortom!\",\"isPartOf\":{\"@id\":\"https:\/\/betoff.eu\/#website\"},\"primaryImageOfPage\":{\"@id\":\"https:\/\/betoff.eu\/sv\/produkt\/betoff-x-5l-betonglosare-utspaddmedelstor-betong\/#primaryimage\"},\"image\":{\"@id\":\"https:\/\/betoff.eu\/sv\/produkt\/betoff-x-5l-betonglosare-utspaddmedelstor-betong\/#primaryimage\"},\"thumbnailUrl\":\"https:\/\/betoff.eu\/wp-content\/uploads\/2021\/02\/Betoff-X-5-L-neu.png\",\"datePublished\":\"2024-04-26T13:14:49+00:00\",\"dateModified\":\"2024-04-26T13:17:39+00:00\",\"description\":\"Preparat avsett f\u00f6r att ta bort betongrester fr\u00e5n murverksverktyg (spackel, murslev, skivor, murknutar, trimmers, murslevar etc.), maskiner (t.ex. betongblandare), byggnadsst\u00e4llningar och forms\u00e4ttningar.\",\"breadcrumb\":{\"@id\":\"https:\/\/betoff.eu\/sv\/produkt\/betoff-x-5l-betonglosare-utspaddmedelstor-betong\/#breadcrumb\"},\"inLanguage\":\"sv-SE\",\"potentialAction\":[{\"@type\":\"ReadAction\",\"target\":[\"https:\/\/betoff.eu\/sv\/produkt\/betoff-x-5l-betonglosare-utspaddmedelstor-betong\/\"]}]},{\"@type\":\"ImageObject\",\"inLanguage\":\"sv-SE\",\"@id\":\"https:\/\/betoff.eu\/sv\/produkt\/betoff-x-5l-betonglosare-utspaddmedelstor-betong\/#primaryimage\",\"url\":\"https:\/\/betoff.eu\/wp-content\/uploads\/2021\/02\/Betoff-X-5-L-neu.png\",\"contentUrl\":\"https:\/\/betoff.eu\/wp-content\/uploads\/2021\/02\/Betoff-X-5-L-neu.png\",\"width\":1597,\"height\":2171,\"caption\":\"Betongl\u00f6sare\"},{\"@type\":\"BreadcrumbList\",\"@id\":\"https:\/\/betoff.eu\/sv\/produkt\/betoff-x-5l-betonglosare-utspaddmedelstor-betong\/#breadcrumb\",\"itemListElement\":[{\"@type\":\"ListItem\",\"position\":1,\"name\":\"Hem\",\"item\":\"https:\/\/betoff.eu\/sv\/\"},{\"@type\":\"ListItem\",\"position\":2,\"name\":\"Shop\",\"item\":\"https:\/\/betoff.eu\/sv\/shop\/\"},{\"@type\":\"ListItem\",\"position\":3,\"name\":\"BETOFF-X &#8211; 5L &#8211; Betongl\u00f6sare (utsp\u00e4dd)(medelstor betong)\"}]},{\"@type\":\"WebSite\",\"@id\":\"https:\/\/betoff.eu\/#website\",\"url\":\"https:\/\/betoff.eu\/\",\"name\":\"BETOFF-Products for the world of concrete and beyond!\",\"description\":\"Betoff - Betongborttagningsv\u00e4tska\",\"publisher\":{\"@id\":\"https:\/\/betoff.eu\/#\/schema\/person\/cded67f1acad0c68af8dcc171137512c\"},\"potentialAction\":[{\"@type\":\"SearchAction\",\"target\":{\"@type\":\"EntryPoint\",\"urlTemplate\":\"https:\/\/betoff.eu\/?s={search_term_string}\"},\"query-input\":{\"@type\":\"PropertyValueSpecification\",\"valueRequired\":true,\"valueName\":\"search_term_string\"}}],\"inLanguage\":\"sv-SE\"},{\"@type\":[\"Person\",\"Organization\"],\"@id\":\"https:\/\/betoff.eu\/#\/schema\/person\/cded67f1acad0c68af8dcc171137512c\",\"name\":\"admin\",\"image\":{\"@type\":\"ImageObject\",\"inLanguage\":\"sv-SE\",\"@id\":\"https:\/\/betoff.eu\/#\/schema\/person\/image\/\",\"url\":\"https:\/\/betoff.eu\/wp-content\/uploads\/2021\/02\/betoff-logo.png\",\"contentUrl\":\"https:\/\/betoff.eu\/wp-content\/uploads\/2021\/02\/betoff-logo.png\",\"width\":1024,\"height\":258,\"caption\":\"admin\"},\"logo\":{\"@id\":\"https:\/\/betoff.eu\/#\/schema\/person\/image\/\"}}]}<\/script>\n<!-- \/ Yoast SEO plugin. -->","yoast_head_json":{"title":"BETOFF-X - 5L - Betongl\u00f6sare (utsp\u00e4dd)(medelstor betong) - BETOFF-Produkter f\u00f6r betongens v\u00e4rld och bortom!","description":"Preparat avsett f\u00f6r att ta bort betongrester fr\u00e5n murverksverktyg (spackel, murslev, skivor, murknutar, trimmers, murslevar etc.), maskiner (t.ex. betongblandare), byggnadsst\u00e4llningar och forms\u00e4ttningar.","robots":{"index":"index","follow":"follow","max-snippet":"max-snippet:-1","max-image-preview":"max-image-preview:large","max-video-preview":"max-video-preview:-1"},"canonical":"https:\/\/betoff.eu\/sv\/produkt\/betoff-x-5l-betonglosare-utspaddmedelstor-betong\/","og_locale":"sv_SE","og_type":"article","og_title":"BETOFF-X - 5L - Betongl\u00f6sare (utsp\u00e4dd)(medelstor betong) - BETOFF-Produkter f\u00f6r betongens v\u00e4rld och bortom!","og_description":"Preparat avsett f\u00f6r att ta bort betongrester fr\u00e5n murverksverktyg (spackel, murslev, skivor, murknutar, trimmers, murslevar etc.), maskiner (t.ex. betongblandare), byggnadsst\u00e4llningar och forms\u00e4ttningar.","og_url":"https:\/\/betoff.eu\/sv\/produkt\/betoff-x-5l-betonglosare-utspaddmedelstor-betong\/","og_site_name":"BETOFF-Produkter f\u00f6r betongens v\u00e4rld och bortom!","article_modified_time":"2024-04-26T13:17:39+00:00","og_image":[{"width":1597,"height":2171,"url":"https:\/\/betoff.eu\/wp-content\/uploads\/2021\/02\/Betoff-X-5-L-neu.png","type":"image\/png"}],"twitter_card":"summary_large_image","twitter_misc":{"Ber\u00e4knad l\u00e4stid":"1 minut"},"schema":{"@context":"https:\/\/schema.org","@graph":[{"@type":"WebPage","@id":"https:\/\/betoff.eu\/sv\/produkt\/betoff-x-5l-betonglosare-utspaddmedelstor-betong\/","url":"https:\/\/betoff.eu\/sv\/produkt\/betoff-x-5l-betonglosare-utspaddmedelstor-betong\/","name":"BETOFF-X - 5L - Betongl\u00f6sare (utsp\u00e4dd)(medelstor betong) - BETOFF-Produkter f\u00f6r betongens v\u00e4rld och bortom!","isPartOf":{"@id":"https:\/\/betoff.eu\/#website"},"primaryImageOfPage":{"@id":"https:\/\/betoff.eu\/sv\/produkt\/betoff-x-5l-betonglosare-utspaddmedelstor-betong\/#primaryimage"},"image":{"@id":"https:\/\/betoff.eu\/sv\/produkt\/betoff-x-5l-betonglosare-utspaddmedelstor-betong\/#primaryimage"},"thumbnailUrl":"https:\/\/betoff.eu\/wp-content\/uploads\/2021\/02\/Betoff-X-5-L-neu.png","datePublished":"2024-04-26T13:14:49+00:00","dateModified":"2024-04-26T13:17:39+00:00","description":"Preparat avsett f\u00f6r att ta bort betongrester fr\u00e5n murverksverktyg (spackel, murslev, skivor, murknutar, trimmers, murslevar etc.), maskiner (t.ex. betongblandare), byggnadsst\u00e4llningar och forms\u00e4ttningar.","breadcrumb":{"@id":"https:\/\/betoff.eu\/sv\/produkt\/betoff-x-5l-betonglosare-utspaddmedelstor-betong\/#breadcrumb"},"inLanguage":"sv-SE","potentialAction":[{"@type":"ReadAction","target":["https:\/\/betoff.eu\/sv\/produkt\/betoff-x-5l-betonglosare-utspaddmedelstor-betong\/"]}]},{"@type":"ImageObject","inLanguage":"sv-SE","@id":"https:\/\/betoff.eu\/sv\/produkt\/betoff-x-5l-betonglosare-utspaddmedelstor-betong\/#primaryimage","url":"https:\/\/betoff.eu\/wp-content\/uploads\/2021\/02\/Betoff-X-5-L-neu.png","contentUrl":"https:\/\/betoff.eu\/wp-content\/uploads\/2021\/02\/Betoff-X-5-L-neu.png","width":1597,"height":2171,"caption":"Betongl\u00f6sare"},{"@type":"BreadcrumbList","@id":"https:\/\/betoff.eu\/sv\/produkt\/betoff-x-5l-betonglosare-utspaddmedelstor-betong\/#breadcrumb","itemListElement":[{"@type":"ListItem","position":1,"name":"Hem","item":"https:\/\/betoff.eu\/sv\/"},{"@type":"ListItem","position":2,"name":"Shop","item":"https:\/\/betoff.eu\/sv\/shop\/"},{"@type":"ListItem","position":3,"name":"BETOFF-X &#8211; 5L &#8211; Betongl\u00f6sare (utsp\u00e4dd)(medelstor betong)"}]},{"@type":"WebSite","@id":"https:\/\/betoff.eu\/#website","url":"https:\/\/betoff.eu\/","name":"BETOFF-Products for the world of concrete and beyond!","description":"Betoff - Betongborttagningsv\u00e4tska","publisher":{"@id":"https:\/\/betoff.eu\/#\/schema\/person\/cded67f1acad0c68af8dcc171137512c"},"potentialAction":[{"@type":"SearchAction","target":{"@type":"EntryPoint","urlTemplate":"https:\/\/betoff.eu\/?s={search_term_string}"},"query-input":{"@type":"PropertyValueSpecification","valueRequired":true,"valueName":"search_term_string"}}],"inLanguage":"sv-SE"},{"@type":["Person","Organization"],"@id":"https:\/\/betoff.eu\/#\/schema\/person\/cded67f1acad0c68af8dcc171137512c","name":"admin","image":{"@type":"ImageObject","inLanguage":"sv-SE","@id":"https:\/\/betoff.eu\/#\/schema\/person\/image\/","url":"https:\/\/betoff.eu\/wp-content\/uploads\/2021\/02\/betoff-logo.png","contentUrl":"https:\/\/betoff.eu\/wp-content\/uploads\/2021\/02\/betoff-logo.png","width":1024,"height":258,"caption":"admin"},"logo":{"@id":"https:\/\/betoff.eu\/#\/schema\/person\/image\/"}}]}},"_links":{"self":[{"href":"https:\/\/betoff.eu\/sv\/wp-json\/wp\/v2\/product\/3717","targetHints":{"allow":["GET"]}}],"collection":[{"href":"https:\/\/betoff.eu\/sv\/wp-json\/wp\/v2\/product"}],"about":[{"href":"https:\/\/betoff.eu\/sv\/wp-json\/wp\/v2\/types\/product"}],"wp:featuredmedia":[{"embeddable":true,"href":"https:\/\/betoff.eu\/sv\/wp-json\/wp\/v2\/media\/55"}],"wp:attachment":[{"href":"https:\/\/betoff.eu\/sv\/wp-json\/wp\/v2\/media?parent=3717"}],"wp:term":[{"taxonomy":"product_brand","embeddable":true,"href":"https:\/\/betoff.eu\/sv\/wp-json\/wp\/v2\/product_brand?post=3717"},{"taxonomy":"product_cat","embeddable":true,"href":"https:\/\/betoff.eu\/sv\/wp-json\/wp\/v2\/product_cat?post=3717"},{"taxonomy":"product_tag","embeddable":true,"href":"https:\/\/betoff.eu\/sv\/wp-json\/wp\/v2\/product_tag?post=3717"}],"curies":[{"name":"wp","href":"https:\/\/api.w.org\/{rel}","templated":true}]}}