{"id":3714,"date":"2024-04-26T15:06:14","date_gmt":"2024-04-26T13:06:14","guid":{"rendered":"https:\/\/betoff.eu\/?post_type=product&#038;p=3714"},"modified":"2024-04-26T15:12:28","modified_gmt":"2024-04-26T13:12:28","slug":"betoff-x-1l-betonglosare-utspaddmedelstor-betong","status":"publish","type":"product","link":"https:\/\/betoff.eu\/sv\/produkt\/betoff-x-1l-betonglosare-utspaddmedelstor-betong\/","title":{"rendered":"BETOFF-X &#8211; 1L &#8211; Betongl\u00f6sare (utsp\u00e4dd)(medelstor betong)"},"content":{"rendered":"<p>Ett medel som hj\u00e4lper till att h\u00e5lla murverktyg (spackel, murslev, skivor, murknutar, trimmers etc.), maskiner (t.ex. slipmaskin), bilar, byggnadsst\u00e4llningar och formar rena. Reng\u00f6r grundligt torkad betong, kalkavlagringar, gipsst\u00e4nk och h\u00e4rdade byggmaterial. Den \u00e4r s\u00e4ker att anv\u00e4nda och rekommenderas f\u00f6r anv\u00e4ndning p\u00e5 olika typer av ytor.<\/p>\n","protected":false},"excerpt":{"rendered":"<p>Ett medel som hj\u00e4lper till att h\u00e5lla murverktyg (spackel, murslev, skivor, murknutar, trimmers etc.), maskiner (t.ex. slipmaskin), bilar, byggnadsst\u00e4llningar och formar rena. Reng\u00f6r grundligt torkad betong, kalkavlagringar, gipsst\u00e4nk och h\u00e4rdade byggmaterial. Den \u00e4r s\u00e4ker att anv\u00e4nda och rekommenderas f\u00f6r anv\u00e4ndning p\u00e5 olika typer av ytor.<\/p>\n","protected":false},"featured_media":54,"template":"","meta":{"om_disable_all_campaigns":false},"product_brand":[],"product_cat":[303],"product_tag":[],"class_list":{"0":"post-3714","1":"product","2":"type-product","3":"status-publish","4":"has-post-thumbnail","6":"product_cat-betonglosare","8":"first","9":"instock","10":"taxable","11":"shipping-taxable","12":"purchasable","13":"product-type-simple"},"yoast_head":"<!-- This site is optimized with the Yoast SEO plugin v25.9 - https:\/\/yoast.com\/wordpress\/plugins\/seo\/ -->\n<title>BETOFF-X - 1L - Betongl\u00f6sare (utsp\u00e4dd)(medelstor betong) - BETOFF-Produkter f\u00f6r betongens v\u00e4rld och bortom!<\/title>\n<meta name=\"description\" content=\"Betoff-X \u00e4r en utsp\u00e4dd version av den mest effektiva betongborttagningsv\u00e4tskan, BETOFF. Idealisk f\u00f6r borttagning av medelstor och medelfrisk betong. V\u00e4ldigt effektiv!\" \/>\n<meta name=\"robots\" content=\"index, follow, max-snippet:-1, max-image-preview:large, max-video-preview:-1\" \/>\n<link rel=\"canonical\" href=\"https:\/\/betoff.eu\/sv\/produkt\/betoff-x-1l-betonglosare-utspaddmedelstor-betong\/\" \/>\n<meta property=\"og:locale\" content=\"sv_SE\" \/>\n<meta property=\"og:type\" content=\"article\" \/>\n<meta property=\"og:title\" content=\"BETOFF-X - 1L - Betongl\u00f6sare (utsp\u00e4dd)(medelstor betong) - BETOFF-Produkter f\u00f6r betongens v\u00e4rld och bortom!\" \/>\n<meta property=\"og:description\" content=\"Betoff-X \u00e4r en utsp\u00e4dd version av den mest effektiva betongborttagningsv\u00e4tskan, BETOFF. Idealisk f\u00f6r borttagning av medelstor och medelfrisk betong. V\u00e4ldigt effektiv!\" \/>\n<meta property=\"og:url\" content=\"https:\/\/betoff.eu\/sv\/produkt\/betoff-x-1l-betonglosare-utspaddmedelstor-betong\/\" \/>\n<meta property=\"og:site_name\" content=\"BETOFF-Produkter f\u00f6r betongens v\u00e4rld och bortom!\" \/>\n<meta property=\"article:modified_time\" content=\"2024-04-26T13:12:28+00:00\" \/>\n<meta property=\"og:image\" content=\"https:\/\/betoff.eu\/wp-content\/uploads\/2021\/02\/betoff-x-neu-ety.png\" \/>\n\t<meta property=\"og:image:width\" content=\"1597\" \/>\n\t<meta property=\"og:image:height\" content=\"2171\" \/>\n\t<meta property=\"og:image:type\" content=\"image\/png\" \/>\n<meta name=\"twitter:card\" content=\"summary_large_image\" \/>\n<meta name=\"twitter:label1\" content=\"Ber\u00e4knad l\u00e4stid\" \/>\n\t<meta name=\"twitter:data1\" content=\"1 minut\" \/>\n<script type=\"application\/ld+json\" class=\"yoast-schema-graph\">{\"@context\":\"https:\/\/schema.org\",\"@graph\":[{\"@type\":\"WebPage\",\"@id\":\"https:\/\/betoff.eu\/sv\/produkt\/betoff-x-1l-betonglosare-utspaddmedelstor-betong\/\",\"url\":\"https:\/\/betoff.eu\/sv\/produkt\/betoff-x-1l-betonglosare-utspaddmedelstor-betong\/\",\"name\":\"BETOFF-X - 1L - Betongl\u00f6sare (utsp\u00e4dd)(medelstor betong) - BETOFF-Produkter f\u00f6r betongens v\u00e4rld och bortom!\",\"isPartOf\":{\"@id\":\"https:\/\/betoff.eu\/#website\"},\"primaryImageOfPage\":{\"@id\":\"https:\/\/betoff.eu\/sv\/produkt\/betoff-x-1l-betonglosare-utspaddmedelstor-betong\/#primaryimage\"},\"image\":{\"@id\":\"https:\/\/betoff.eu\/sv\/produkt\/betoff-x-1l-betonglosare-utspaddmedelstor-betong\/#primaryimage\"},\"thumbnailUrl\":\"https:\/\/betoff.eu\/wp-content\/uploads\/2021\/02\/betoff-x-neu-ety.png\",\"datePublished\":\"2024-04-26T13:06:14+00:00\",\"dateModified\":\"2024-04-26T13:12:28+00:00\",\"description\":\"Betoff-X \u00e4r en utsp\u00e4dd version av den mest effektiva betongborttagningsv\u00e4tskan, BETOFF. Idealisk f\u00f6r borttagning av medelstor och medelfrisk betong. V\u00e4ldigt effektiv!\",\"breadcrumb\":{\"@id\":\"https:\/\/betoff.eu\/sv\/produkt\/betoff-x-1l-betonglosare-utspaddmedelstor-betong\/#breadcrumb\"},\"inLanguage\":\"sv-SE\",\"potentialAction\":[{\"@type\":\"ReadAction\",\"target\":[\"https:\/\/betoff.eu\/sv\/produkt\/betoff-x-1l-betonglosare-utspaddmedelstor-betong\/\"]}]},{\"@type\":\"ImageObject\",\"inLanguage\":\"sv-SE\",\"@id\":\"https:\/\/betoff.eu\/sv\/produkt\/betoff-x-1l-betonglosare-utspaddmedelstor-betong\/#primaryimage\",\"url\":\"https:\/\/betoff.eu\/wp-content\/uploads\/2021\/02\/betoff-x-neu-ety.png\",\"contentUrl\":\"https:\/\/betoff.eu\/wp-content\/uploads\/2021\/02\/betoff-x-neu-ety.png\",\"width\":1597,\"height\":2171,\"caption\":\"Betongl\u00f6sare\"},{\"@type\":\"BreadcrumbList\",\"@id\":\"https:\/\/betoff.eu\/sv\/produkt\/betoff-x-1l-betonglosare-utspaddmedelstor-betong\/#breadcrumb\",\"itemListElement\":[{\"@type\":\"ListItem\",\"position\":1,\"name\":\"Hem\",\"item\":\"https:\/\/betoff.eu\/sv\/\"},{\"@type\":\"ListItem\",\"position\":2,\"name\":\"Shop\",\"item\":\"https:\/\/betoff.eu\/sv\/shop\/\"},{\"@type\":\"ListItem\",\"position\":3,\"name\":\"BETOFF-X &#8211; 1L &#8211; Betongl\u00f6sare (utsp\u00e4dd)(medelstor betong)\"}]},{\"@type\":\"WebSite\",\"@id\":\"https:\/\/betoff.eu\/#website\",\"url\":\"https:\/\/betoff.eu\/\",\"name\":\"BETOFF-Products for the world of concrete and beyond!\",\"description\":\"Betoff - Betongborttagningsv\u00e4tska\",\"publisher\":{\"@id\":\"https:\/\/betoff.eu\/#\/schema\/person\/cded67f1acad0c68af8dcc171137512c\"},\"potentialAction\":[{\"@type\":\"SearchAction\",\"target\":{\"@type\":\"EntryPoint\",\"urlTemplate\":\"https:\/\/betoff.eu\/?s={search_term_string}\"},\"query-input\":{\"@type\":\"PropertyValueSpecification\",\"valueRequired\":true,\"valueName\":\"search_term_string\"}}],\"inLanguage\":\"sv-SE\"},{\"@type\":[\"Person\",\"Organization\"],\"@id\":\"https:\/\/betoff.eu\/#\/schema\/person\/cded67f1acad0c68af8dcc171137512c\",\"name\":\"admin\",\"image\":{\"@type\":\"ImageObject\",\"inLanguage\":\"sv-SE\",\"@id\":\"https:\/\/betoff.eu\/#\/schema\/person\/image\/\",\"url\":\"https:\/\/betoff.eu\/wp-content\/uploads\/2021\/02\/betoff-logo.png\",\"contentUrl\":\"https:\/\/betoff.eu\/wp-content\/uploads\/2021\/02\/betoff-logo.png\",\"width\":1024,\"height\":258,\"caption\":\"admin\"},\"logo\":{\"@id\":\"https:\/\/betoff.eu\/#\/schema\/person\/image\/\"}}]}<\/script>\n<!-- \/ Yoast SEO plugin. -->","yoast_head_json":{"title":"BETOFF-X - 1L - Betongl\u00f6sare (utsp\u00e4dd)(medelstor betong) - BETOFF-Produkter f\u00f6r betongens v\u00e4rld och bortom!","description":"Betoff-X \u00e4r en utsp\u00e4dd version av den mest effektiva betongborttagningsv\u00e4tskan, BETOFF. Idealisk f\u00f6r borttagning av medelstor och medelfrisk betong. V\u00e4ldigt effektiv!","robots":{"index":"index","follow":"follow","max-snippet":"max-snippet:-1","max-image-preview":"max-image-preview:large","max-video-preview":"max-video-preview:-1"},"canonical":"https:\/\/betoff.eu\/sv\/produkt\/betoff-x-1l-betonglosare-utspaddmedelstor-betong\/","og_locale":"sv_SE","og_type":"article","og_title":"BETOFF-X - 1L - Betongl\u00f6sare (utsp\u00e4dd)(medelstor betong) - BETOFF-Produkter f\u00f6r betongens v\u00e4rld och bortom!","og_description":"Betoff-X \u00e4r en utsp\u00e4dd version av den mest effektiva betongborttagningsv\u00e4tskan, BETOFF. Idealisk f\u00f6r borttagning av medelstor och medelfrisk betong. V\u00e4ldigt effektiv!","og_url":"https:\/\/betoff.eu\/sv\/produkt\/betoff-x-1l-betonglosare-utspaddmedelstor-betong\/","og_site_name":"BETOFF-Produkter f\u00f6r betongens v\u00e4rld och bortom!","article_modified_time":"2024-04-26T13:12:28+00:00","og_image":[{"width":1597,"height":2171,"url":"https:\/\/betoff.eu\/wp-content\/uploads\/2021\/02\/betoff-x-neu-ety.png","type":"image\/png"}],"twitter_card":"summary_large_image","twitter_misc":{"Ber\u00e4knad l\u00e4stid":"1 minut"},"schema":{"@context":"https:\/\/schema.org","@graph":[{"@type":"WebPage","@id":"https:\/\/betoff.eu\/sv\/produkt\/betoff-x-1l-betonglosare-utspaddmedelstor-betong\/","url":"https:\/\/betoff.eu\/sv\/produkt\/betoff-x-1l-betonglosare-utspaddmedelstor-betong\/","name":"BETOFF-X - 1L - Betongl\u00f6sare (utsp\u00e4dd)(medelstor betong) - BETOFF-Produkter f\u00f6r betongens v\u00e4rld och bortom!","isPartOf":{"@id":"https:\/\/betoff.eu\/#website"},"primaryImageOfPage":{"@id":"https:\/\/betoff.eu\/sv\/produkt\/betoff-x-1l-betonglosare-utspaddmedelstor-betong\/#primaryimage"},"image":{"@id":"https:\/\/betoff.eu\/sv\/produkt\/betoff-x-1l-betonglosare-utspaddmedelstor-betong\/#primaryimage"},"thumbnailUrl":"https:\/\/betoff.eu\/wp-content\/uploads\/2021\/02\/betoff-x-neu-ety.png","datePublished":"2024-04-26T13:06:14+00:00","dateModified":"2024-04-26T13:12:28+00:00","description":"Betoff-X \u00e4r en utsp\u00e4dd version av den mest effektiva betongborttagningsv\u00e4tskan, BETOFF. Idealisk f\u00f6r borttagning av medelstor och medelfrisk betong. V\u00e4ldigt effektiv!","breadcrumb":{"@id":"https:\/\/betoff.eu\/sv\/produkt\/betoff-x-1l-betonglosare-utspaddmedelstor-betong\/#breadcrumb"},"inLanguage":"sv-SE","potentialAction":[{"@type":"ReadAction","target":["https:\/\/betoff.eu\/sv\/produkt\/betoff-x-1l-betonglosare-utspaddmedelstor-betong\/"]}]},{"@type":"ImageObject","inLanguage":"sv-SE","@id":"https:\/\/betoff.eu\/sv\/produkt\/betoff-x-1l-betonglosare-utspaddmedelstor-betong\/#primaryimage","url":"https:\/\/betoff.eu\/wp-content\/uploads\/2021\/02\/betoff-x-neu-ety.png","contentUrl":"https:\/\/betoff.eu\/wp-content\/uploads\/2021\/02\/betoff-x-neu-ety.png","width":1597,"height":2171,"caption":"Betongl\u00f6sare"},{"@type":"BreadcrumbList","@id":"https:\/\/betoff.eu\/sv\/produkt\/betoff-x-1l-betonglosare-utspaddmedelstor-betong\/#breadcrumb","itemListElement":[{"@type":"ListItem","position":1,"name":"Hem","item":"https:\/\/betoff.eu\/sv\/"},{"@type":"ListItem","position":2,"name":"Shop","item":"https:\/\/betoff.eu\/sv\/shop\/"},{"@type":"ListItem","position":3,"name":"BETOFF-X &#8211; 1L &#8211; Betongl\u00f6sare (utsp\u00e4dd)(medelstor betong)"}]},{"@type":"WebSite","@id":"https:\/\/betoff.eu\/#website","url":"https:\/\/betoff.eu\/","name":"BETOFF-Products for the world of concrete and beyond!","description":"Betoff - Betongborttagningsv\u00e4tska","publisher":{"@id":"https:\/\/betoff.eu\/#\/schema\/person\/cded67f1acad0c68af8dcc171137512c"},"potentialAction":[{"@type":"SearchAction","target":{"@type":"EntryPoint","urlTemplate":"https:\/\/betoff.eu\/?s={search_term_string}"},"query-input":{"@type":"PropertyValueSpecification","valueRequired":true,"valueName":"search_term_string"}}],"inLanguage":"sv-SE"},{"@type":["Person","Organization"],"@id":"https:\/\/betoff.eu\/#\/schema\/person\/cded67f1acad0c68af8dcc171137512c","name":"admin","image":{"@type":"ImageObject","inLanguage":"sv-SE","@id":"https:\/\/betoff.eu\/#\/schema\/person\/image\/","url":"https:\/\/betoff.eu\/wp-content\/uploads\/2021\/02\/betoff-logo.png","contentUrl":"https:\/\/betoff.eu\/wp-content\/uploads\/2021\/02\/betoff-logo.png","width":1024,"height":258,"caption":"admin"},"logo":{"@id":"https:\/\/betoff.eu\/#\/schema\/person\/image\/"}}]}},"_links":{"self":[{"href":"https:\/\/betoff.eu\/sv\/wp-json\/wp\/v2\/product\/3714","targetHints":{"allow":["GET"]}}],"collection":[{"href":"https:\/\/betoff.eu\/sv\/wp-json\/wp\/v2\/product"}],"about":[{"href":"https:\/\/betoff.eu\/sv\/wp-json\/wp\/v2\/types\/product"}],"wp:featuredmedia":[{"embeddable":true,"href":"https:\/\/betoff.eu\/sv\/wp-json\/wp\/v2\/media\/54"}],"wp:attachment":[{"href":"https:\/\/betoff.eu\/sv\/wp-json\/wp\/v2\/media?parent=3714"}],"wp:term":[{"taxonomy":"product_brand","embeddable":true,"href":"https:\/\/betoff.eu\/sv\/wp-json\/wp\/v2\/product_brand?post=3714"},{"taxonomy":"product_cat","embeddable":true,"href":"https:\/\/betoff.eu\/sv\/wp-json\/wp\/v2\/product_cat?post=3714"},{"taxonomy":"product_tag","embeddable":true,"href":"https:\/\/betoff.eu\/sv\/wp-json\/wp\/v2\/product_tag?post=3714"}],"curies":[{"name":"wp","href":"https:\/\/api.w.org\/{rel}","templated":true}]}}