{"id":2939,"date":"2023-04-17T14:43:24","date_gmt":"2023-04-17T12:43:24","guid":{"rendered":"https:\/\/betoff.eu\/?post_type=product&#038;p=2939"},"modified":"2023-04-17T15:21:35","modified_gmt":"2023-04-17T13:21:35","slug":"betoff-f-1-l-rengoring-av-injekteringsbruk","status":"publish","type":"product","link":"https:\/\/betoff.eu\/sv\/produkt\/betoff-f-1-l-rengoring-av-injekteringsbruk\/","title":{"rendered":"BETOFF &#8211; F 1 L (reng\u00f6ring av injekteringsbruk)"},"content":{"rendered":"<p>En mycket snabbverkande v\u00e4tska som tar bort all smuts fr\u00e5n fogarna utan att beh\u00f6va skrubba!<\/p>\n","protected":false},"excerpt":{"rendered":"<p>En mycket snabbverkande v\u00e4tska som tar bort all smuts fr\u00e5n fogarna utan att beh\u00f6va skrubba!<\/p>\n","protected":false},"featured_media":2941,"template":"","meta":{"om_disable_all_campaigns":false},"product_brand":[],"product_cat":[254],"product_tag":[],"class_list":{"0":"post-2939","1":"product","2":"type-product","3":"status-publish","4":"has-post-thumbnail","6":"product_cat-betoff-f","8":"first","9":"instock","10":"taxable","11":"shipping-taxable","12":"purchasable","13":"product-type-simple"},"yoast_head":"<!-- This site is optimized with the Yoast SEO plugin v25.9 - https:\/\/yoast.com\/wordpress\/plugins\/seo\/ -->\n<title>BETOFF - F 1 L (reng\u00f6ring av injekteringsbruk) - BETOFF-Produkter f\u00f6r betongens v\u00e4rld och bortom!<\/title>\n<meta name=\"description\" content=\"BETOFF-F \u00e4r ett innovativt reng\u00f6ringsmedel f\u00f6r injekteringsbruk. Det k\u00e4nnetecknas av att det l\u00f6ser upp smuts p\u00e5 3 sekunder. Torka bara av med en svamp eller trasa! Du beh\u00f6ver inte skrubba fogmassan med en borste!\" \/>\n<meta name=\"robots\" content=\"index, follow, max-snippet:-1, max-image-preview:large, max-video-preview:-1\" \/>\n<link rel=\"canonical\" href=\"https:\/\/betoff.eu\/sv\/produkt\/betoff-f-1-l-rengoring-av-injekteringsbruk\/\" \/>\n<meta property=\"og:locale\" content=\"sv_SE\" \/>\n<meta property=\"og:type\" content=\"article\" \/>\n<meta property=\"og:title\" content=\"BETOFF - F 1 L (reng\u00f6ring av injekteringsbruk) - BETOFF-Produkter f\u00f6r betongens v\u00e4rld och bortom!\" \/>\n<meta property=\"og:description\" content=\"BETOFF-F \u00e4r ett innovativt reng\u00f6ringsmedel f\u00f6r injekteringsbruk. Det k\u00e4nnetecknas av att det l\u00f6ser upp smuts p\u00e5 3 sekunder. Torka bara av med en svamp eller trasa! Du beh\u00f6ver inte skrubba fogmassan med en borste!\" \/>\n<meta property=\"og:url\" content=\"https:\/\/betoff.eu\/sv\/produkt\/betoff-f-1-l-rengoring-av-injekteringsbruk\/\" \/>\n<meta property=\"og:site_name\" content=\"BETOFF-Produkter f\u00f6r betongens v\u00e4rld och bortom!\" \/>\n<meta property=\"article:modified_time\" content=\"2023-04-17T13:21:35+00:00\" \/>\n<meta property=\"og:image\" content=\"https:\/\/betoff.eu\/wp-content\/uploads\/2023\/04\/BETOFF-F.png\" \/>\n\t<meta property=\"og:image:width\" content=\"1530\" \/>\n\t<meta property=\"og:image:height\" content=\"2080\" \/>\n\t<meta property=\"og:image:type\" content=\"image\/png\" \/>\n<meta name=\"twitter:card\" content=\"summary_large_image\" \/>\n<script type=\"application\/ld+json\" class=\"yoast-schema-graph\">{\"@context\":\"https:\/\/schema.org\",\"@graph\":[{\"@type\":\"WebPage\",\"@id\":\"https:\/\/betoff.eu\/sv\/produkt\/betoff-f-1-l-rengoring-av-injekteringsbruk\/\",\"url\":\"https:\/\/betoff.eu\/sv\/produkt\/betoff-f-1-l-rengoring-av-injekteringsbruk\/\",\"name\":\"BETOFF - F 1 L (reng\u00f6ring av injekteringsbruk) - BETOFF-Produkter f\u00f6r betongens v\u00e4rld och bortom!\",\"isPartOf\":{\"@id\":\"https:\/\/betoff.eu\/#website\"},\"primaryImageOfPage\":{\"@id\":\"https:\/\/betoff.eu\/sv\/produkt\/betoff-f-1-l-rengoring-av-injekteringsbruk\/#primaryimage\"},\"image\":{\"@id\":\"https:\/\/betoff.eu\/sv\/produkt\/betoff-f-1-l-rengoring-av-injekteringsbruk\/#primaryimage\"},\"thumbnailUrl\":\"https:\/\/betoff.eu\/wp-content\/uploads\/2023\/04\/BETOFF-F.png\",\"datePublished\":\"2023-04-17T12:43:24+00:00\",\"dateModified\":\"2023-04-17T13:21:35+00:00\",\"description\":\"BETOFF-F \u00e4r ett innovativt reng\u00f6ringsmedel f\u00f6r injekteringsbruk. Det k\u00e4nnetecknas av att det l\u00f6ser upp smuts p\u00e5 3 sekunder. Torka bara av med en svamp eller trasa! Du beh\u00f6ver inte skrubba fogmassan med en borste!\",\"breadcrumb\":{\"@id\":\"https:\/\/betoff.eu\/sv\/produkt\/betoff-f-1-l-rengoring-av-injekteringsbruk\/#breadcrumb\"},\"inLanguage\":\"sv-SE\",\"potentialAction\":[{\"@type\":\"ReadAction\",\"target\":[\"https:\/\/betoff.eu\/sv\/produkt\/betoff-f-1-l-rengoring-av-injekteringsbruk\/\"]}]},{\"@type\":\"ImageObject\",\"inLanguage\":\"sv-SE\",\"@id\":\"https:\/\/betoff.eu\/sv\/produkt\/betoff-f-1-l-rengoring-av-injekteringsbruk\/#primaryimage\",\"url\":\"https:\/\/betoff.eu\/wp-content\/uploads\/2023\/04\/BETOFF-F.png\",\"contentUrl\":\"https:\/\/betoff.eu\/wp-content\/uploads\/2023\/04\/BETOFF-F.png\",\"width\":1530,\"height\":2080,\"caption\":\"Reng\u00f6ring av fogar\"},{\"@type\":\"BreadcrumbList\",\"@id\":\"https:\/\/betoff.eu\/sv\/produkt\/betoff-f-1-l-rengoring-av-injekteringsbruk\/#breadcrumb\",\"itemListElement\":[{\"@type\":\"ListItem\",\"position\":1,\"name\":\"Hem\",\"item\":\"https:\/\/betoff.eu\/sv\/\"},{\"@type\":\"ListItem\",\"position\":2,\"name\":\"Shop\",\"item\":\"https:\/\/betoff.eu\/sv\/shop\/\"},{\"@type\":\"ListItem\",\"position\":3,\"name\":\"BETOFF &#8211; F 1 L (reng\u00f6ring av injekteringsbruk)\"}]},{\"@type\":\"WebSite\",\"@id\":\"https:\/\/betoff.eu\/#website\",\"url\":\"https:\/\/betoff.eu\/\",\"name\":\"BETOFF-Products for the world of concrete and beyond!\",\"description\":\"Betoff - Betongborttagningsv\u00e4tska\",\"publisher\":{\"@id\":\"https:\/\/betoff.eu\/#\/schema\/person\/cded67f1acad0c68af8dcc171137512c\"},\"potentialAction\":[{\"@type\":\"SearchAction\",\"target\":{\"@type\":\"EntryPoint\",\"urlTemplate\":\"https:\/\/betoff.eu\/?s={search_term_string}\"},\"query-input\":{\"@type\":\"PropertyValueSpecification\",\"valueRequired\":true,\"valueName\":\"search_term_string\"}}],\"inLanguage\":\"sv-SE\"},{\"@type\":[\"Person\",\"Organization\"],\"@id\":\"https:\/\/betoff.eu\/#\/schema\/person\/cded67f1acad0c68af8dcc171137512c\",\"name\":\"admin\",\"image\":{\"@type\":\"ImageObject\",\"inLanguage\":\"sv-SE\",\"@id\":\"https:\/\/betoff.eu\/#\/schema\/person\/image\/\",\"url\":\"https:\/\/betoff.eu\/wp-content\/uploads\/2021\/02\/betoff-logo.png\",\"contentUrl\":\"https:\/\/betoff.eu\/wp-content\/uploads\/2021\/02\/betoff-logo.png\",\"width\":1024,\"height\":258,\"caption\":\"admin\"},\"logo\":{\"@id\":\"https:\/\/betoff.eu\/#\/schema\/person\/image\/\"}}]}<\/script>\n<!-- \/ Yoast SEO plugin. -->","yoast_head_json":{"title":"BETOFF - F 1 L (reng\u00f6ring av injekteringsbruk) - BETOFF-Produkter f\u00f6r betongens v\u00e4rld och bortom!","description":"BETOFF-F \u00e4r ett innovativt reng\u00f6ringsmedel f\u00f6r injekteringsbruk. Det k\u00e4nnetecknas av att det l\u00f6ser upp smuts p\u00e5 3 sekunder. Torka bara av med en svamp eller trasa! Du beh\u00f6ver inte skrubba fogmassan med en borste!","robots":{"index":"index","follow":"follow","max-snippet":"max-snippet:-1","max-image-preview":"max-image-preview:large","max-video-preview":"max-video-preview:-1"},"canonical":"https:\/\/betoff.eu\/sv\/produkt\/betoff-f-1-l-rengoring-av-injekteringsbruk\/","og_locale":"sv_SE","og_type":"article","og_title":"BETOFF - F 1 L (reng\u00f6ring av injekteringsbruk) - BETOFF-Produkter f\u00f6r betongens v\u00e4rld och bortom!","og_description":"BETOFF-F \u00e4r ett innovativt reng\u00f6ringsmedel f\u00f6r injekteringsbruk. Det k\u00e4nnetecknas av att det l\u00f6ser upp smuts p\u00e5 3 sekunder. Torka bara av med en svamp eller trasa! Du beh\u00f6ver inte skrubba fogmassan med en borste!","og_url":"https:\/\/betoff.eu\/sv\/produkt\/betoff-f-1-l-rengoring-av-injekteringsbruk\/","og_site_name":"BETOFF-Produkter f\u00f6r betongens v\u00e4rld och bortom!","article_modified_time":"2023-04-17T13:21:35+00:00","og_image":[{"width":1530,"height":2080,"url":"https:\/\/betoff.eu\/wp-content\/uploads\/2023\/04\/BETOFF-F.png","type":"image\/png"}],"twitter_card":"summary_large_image","schema":{"@context":"https:\/\/schema.org","@graph":[{"@type":"WebPage","@id":"https:\/\/betoff.eu\/sv\/produkt\/betoff-f-1-l-rengoring-av-injekteringsbruk\/","url":"https:\/\/betoff.eu\/sv\/produkt\/betoff-f-1-l-rengoring-av-injekteringsbruk\/","name":"BETOFF - F 1 L (reng\u00f6ring av injekteringsbruk) - BETOFF-Produkter f\u00f6r betongens v\u00e4rld och bortom!","isPartOf":{"@id":"https:\/\/betoff.eu\/#website"},"primaryImageOfPage":{"@id":"https:\/\/betoff.eu\/sv\/produkt\/betoff-f-1-l-rengoring-av-injekteringsbruk\/#primaryimage"},"image":{"@id":"https:\/\/betoff.eu\/sv\/produkt\/betoff-f-1-l-rengoring-av-injekteringsbruk\/#primaryimage"},"thumbnailUrl":"https:\/\/betoff.eu\/wp-content\/uploads\/2023\/04\/BETOFF-F.png","datePublished":"2023-04-17T12:43:24+00:00","dateModified":"2023-04-17T13:21:35+00:00","description":"BETOFF-F \u00e4r ett innovativt reng\u00f6ringsmedel f\u00f6r injekteringsbruk. Det k\u00e4nnetecknas av att det l\u00f6ser upp smuts p\u00e5 3 sekunder. Torka bara av med en svamp eller trasa! Du beh\u00f6ver inte skrubba fogmassan med en borste!","breadcrumb":{"@id":"https:\/\/betoff.eu\/sv\/produkt\/betoff-f-1-l-rengoring-av-injekteringsbruk\/#breadcrumb"},"inLanguage":"sv-SE","potentialAction":[{"@type":"ReadAction","target":["https:\/\/betoff.eu\/sv\/produkt\/betoff-f-1-l-rengoring-av-injekteringsbruk\/"]}]},{"@type":"ImageObject","inLanguage":"sv-SE","@id":"https:\/\/betoff.eu\/sv\/produkt\/betoff-f-1-l-rengoring-av-injekteringsbruk\/#primaryimage","url":"https:\/\/betoff.eu\/wp-content\/uploads\/2023\/04\/BETOFF-F.png","contentUrl":"https:\/\/betoff.eu\/wp-content\/uploads\/2023\/04\/BETOFF-F.png","width":1530,"height":2080,"caption":"Reng\u00f6ring av fogar"},{"@type":"BreadcrumbList","@id":"https:\/\/betoff.eu\/sv\/produkt\/betoff-f-1-l-rengoring-av-injekteringsbruk\/#breadcrumb","itemListElement":[{"@type":"ListItem","position":1,"name":"Hem","item":"https:\/\/betoff.eu\/sv\/"},{"@type":"ListItem","position":2,"name":"Shop","item":"https:\/\/betoff.eu\/sv\/shop\/"},{"@type":"ListItem","position":3,"name":"BETOFF &#8211; F 1 L (reng\u00f6ring av injekteringsbruk)"}]},{"@type":"WebSite","@id":"https:\/\/betoff.eu\/#website","url":"https:\/\/betoff.eu\/","name":"BETOFF-Products for the world of concrete and beyond!","description":"Betoff - Betongborttagningsv\u00e4tska","publisher":{"@id":"https:\/\/betoff.eu\/#\/schema\/person\/cded67f1acad0c68af8dcc171137512c"},"potentialAction":[{"@type":"SearchAction","target":{"@type":"EntryPoint","urlTemplate":"https:\/\/betoff.eu\/?s={search_term_string}"},"query-input":{"@type":"PropertyValueSpecification","valueRequired":true,"valueName":"search_term_string"}}],"inLanguage":"sv-SE"},{"@type":["Person","Organization"],"@id":"https:\/\/betoff.eu\/#\/schema\/person\/cded67f1acad0c68af8dcc171137512c","name":"admin","image":{"@type":"ImageObject","inLanguage":"sv-SE","@id":"https:\/\/betoff.eu\/#\/schema\/person\/image\/","url":"https:\/\/betoff.eu\/wp-content\/uploads\/2021\/02\/betoff-logo.png","contentUrl":"https:\/\/betoff.eu\/wp-content\/uploads\/2021\/02\/betoff-logo.png","width":1024,"height":258,"caption":"admin"},"logo":{"@id":"https:\/\/betoff.eu\/#\/schema\/person\/image\/"}}]}},"_links":{"self":[{"href":"https:\/\/betoff.eu\/sv\/wp-json\/wp\/v2\/product\/2939","targetHints":{"allow":["GET"]}}],"collection":[{"href":"https:\/\/betoff.eu\/sv\/wp-json\/wp\/v2\/product"}],"about":[{"href":"https:\/\/betoff.eu\/sv\/wp-json\/wp\/v2\/types\/product"}],"wp:featuredmedia":[{"embeddable":true,"href":"https:\/\/betoff.eu\/sv\/wp-json\/wp\/v2\/media\/2941"}],"wp:attachment":[{"href":"https:\/\/betoff.eu\/sv\/wp-json\/wp\/v2\/media?parent=2939"}],"wp:term":[{"taxonomy":"product_brand","embeddable":true,"href":"https:\/\/betoff.eu\/sv\/wp-json\/wp\/v2\/product_brand?post=2939"},{"taxonomy":"product_cat","embeddable":true,"href":"https:\/\/betoff.eu\/sv\/wp-json\/wp\/v2\/product_cat?post=2939"},{"taxonomy":"product_tag","embeddable":true,"href":"https:\/\/betoff.eu\/sv\/wp-json\/wp\/v2\/product_tag?post=2939"}],"curies":[{"name":"wp","href":"https:\/\/api.w.org\/{rel}","templated":true}]}}