{"id":2904,"date":"2023-04-17T12:13:20","date_gmt":"2023-04-17T10:13:20","guid":{"rendered":"https:\/\/betoff.eu\/?post_type=product&#038;p=2904"},"modified":"2023-04-17T12:46:47","modified_gmt":"2023-04-17T10:46:47","slug":"betoff-20-l","status":"publish","type":"product","link":"https:\/\/betoff.eu\/sv\/produkt\/betoff-20-l\/","title":{"rendered":"BETOFF 20 L"},"content":{"rendered":"<p>Om du har f\u00f6r avsikt att snabbt och effektivt ta bort en stor m\u00e4ngd torkad betong, se till att anv\u00e4nda BETOFF-v\u00e4tskan i en 20-liters beh\u00e5llare. V\u00e5r innovativa betongborttagare skiljer sig fr\u00e5n andra betongborttagare genom att den tr\u00e4nger ner i smutsen. Penetrering g\u00f6r v\u00e5r v\u00e4tska mer effektiv och effektiv \u00e4n andra betongmedel.<\/p>\n","protected":false},"excerpt":{"rendered":"<p>Om du har f\u00f6r avsikt att snabbt och effektivt ta bort en stor m\u00e4ngd torkad betong, se till att anv\u00e4nda BETOFF-v\u00e4tskan i en 20-liters beh\u00e5llare. V\u00e5r innovativa betongborttagare skiljer sig fr\u00e5n andra betongborttagare genom att den tr\u00e4nger ner i smutsen. Penetrering g\u00f6r v\u00e5r v\u00e4tska mer effektiv och effektiv \u00e4n andra betongmedel.<\/p>\n","protected":false},"featured_media":51,"template":"","meta":{"om_disable_all_campaigns":false},"product_brand":[],"product_cat":[249],"product_tag":[],"class_list":{"0":"post-2904","1":"product","2":"type-product","3":"status-publish","4":"has-post-thumbnail","6":"product_cat-betoff-20-l","8":"first","9":"instock","10":"taxable","11":"shipping-taxable","12":"purchasable","13":"product-type-simple"},"yoast_head":"<!-- This site is optimized with the Yoast SEO plugin v25.9 - https:\/\/yoast.com\/wordpress\/plugins\/seo\/ -->\n<title>BETOFF 20 L - BETOFF-Produkter f\u00f6r betongens v\u00e4rld och bortom!<\/title>\n<meta name=\"description\" content=\"Hur tar man snabbt, effektivt och s\u00e4kert bort den tuffaste cementsmutsen? Anv\u00e4nd f\u00f6r den b\u00e4sta v\u00e4tskan p\u00e5 marknaden! BETOFF \u00e4r den mest effektiva v\u00e4tskan f\u00f6r att ta bort betong!\" \/>\n<meta name=\"robots\" content=\"index, follow, max-snippet:-1, max-image-preview:large, max-video-preview:-1\" \/>\n<link rel=\"canonical\" href=\"https:\/\/betoff.eu\/sv\/produkt\/betoff-20-l\/\" \/>\n<meta property=\"og:locale\" content=\"sv_SE\" \/>\n<meta property=\"og:type\" content=\"article\" \/>\n<meta property=\"og:title\" content=\"BETOFF 20 L - BETOFF-Produkter f\u00f6r betongens v\u00e4rld och bortom!\" \/>\n<meta property=\"og:description\" content=\"Hur tar man snabbt, effektivt och s\u00e4kert bort den tuffaste cementsmutsen? Anv\u00e4nd f\u00f6r den b\u00e4sta v\u00e4tskan p\u00e5 marknaden! BETOFF \u00e4r den mest effektiva v\u00e4tskan f\u00f6r att ta bort betong!\" \/>\n<meta property=\"og:url\" content=\"https:\/\/betoff.eu\/sv\/produkt\/betoff-20-l\/\" \/>\n<meta property=\"og:site_name\" content=\"BETOFF-Produkter f\u00f6r betongens v\u00e4rld och bortom!\" \/>\n<meta property=\"article:modified_time\" content=\"2023-04-17T10:46:47+00:00\" \/>\n<meta property=\"og:image\" content=\"https:\/\/betoff.eu\/wp-content\/uploads\/2021\/02\/Betoff-20-L-neu-ety1.png\" \/>\n\t<meta property=\"og:image:width\" content=\"1597\" \/>\n\t<meta property=\"og:image:height\" content=\"2171\" \/>\n\t<meta property=\"og:image:type\" content=\"image\/png\" \/>\n<meta name=\"twitter:card\" content=\"summary_large_image\" \/>\n<meta name=\"twitter:label1\" content=\"Ber\u00e4knad l\u00e4stid\" \/>\n\t<meta name=\"twitter:data1\" content=\"1 minut\" \/>\n<script type=\"application\/ld+json\" class=\"yoast-schema-graph\">{\"@context\":\"https:\/\/schema.org\",\"@graph\":[{\"@type\":\"WebPage\",\"@id\":\"https:\/\/betoff.eu\/sv\/produkt\/betoff-20-l\/\",\"url\":\"https:\/\/betoff.eu\/sv\/produkt\/betoff-20-l\/\",\"name\":\"BETOFF 20 L - BETOFF-Produkter f\u00f6r betongens v\u00e4rld och bortom!\",\"isPartOf\":{\"@id\":\"https:\/\/betoff.eu\/#website\"},\"primaryImageOfPage\":{\"@id\":\"https:\/\/betoff.eu\/sv\/produkt\/betoff-20-l\/#primaryimage\"},\"image\":{\"@id\":\"https:\/\/betoff.eu\/sv\/produkt\/betoff-20-l\/#primaryimage\"},\"thumbnailUrl\":\"https:\/\/betoff.eu\/wp-content\/uploads\/2021\/02\/Betoff-20-L-neu-ety1.png\",\"datePublished\":\"2023-04-17T10:13:20+00:00\",\"dateModified\":\"2023-04-17T10:46:47+00:00\",\"description\":\"Hur tar man snabbt, effektivt och s\u00e4kert bort den tuffaste cementsmutsen? Anv\u00e4nd f\u00f6r den b\u00e4sta v\u00e4tskan p\u00e5 marknaden! BETOFF \u00e4r den mest effektiva v\u00e4tskan f\u00f6r att ta bort betong!\",\"breadcrumb\":{\"@id\":\"https:\/\/betoff.eu\/sv\/produkt\/betoff-20-l\/#breadcrumb\"},\"inLanguage\":\"sv-SE\",\"potentialAction\":[{\"@type\":\"ReadAction\",\"target\":[\"https:\/\/betoff.eu\/sv\/produkt\/betoff-20-l\/\"]}]},{\"@type\":\"ImageObject\",\"inLanguage\":\"sv-SE\",\"@id\":\"https:\/\/betoff.eu\/sv\/produkt\/betoff-20-l\/#primaryimage\",\"url\":\"https:\/\/betoff.eu\/wp-content\/uploads\/2021\/02\/Betoff-20-L-neu-ety1.png\",\"contentUrl\":\"https:\/\/betoff.eu\/wp-content\/uploads\/2021\/02\/Betoff-20-L-neu-ety1.png\",\"width\":1597,\"height\":2171,\"caption\":\"Betongl\u00f6sare\"},{\"@type\":\"BreadcrumbList\",\"@id\":\"https:\/\/betoff.eu\/sv\/produkt\/betoff-20-l\/#breadcrumb\",\"itemListElement\":[{\"@type\":\"ListItem\",\"position\":1,\"name\":\"Hem\",\"item\":\"https:\/\/betoff.eu\/sv\/\"},{\"@type\":\"ListItem\",\"position\":2,\"name\":\"Shop\",\"item\":\"https:\/\/betoff.eu\/sv\/shop\/\"},{\"@type\":\"ListItem\",\"position\":3,\"name\":\"BETOFF 20 L\"}]},{\"@type\":\"WebSite\",\"@id\":\"https:\/\/betoff.eu\/#website\",\"url\":\"https:\/\/betoff.eu\/\",\"name\":\"BETOFF-Products for the world of concrete and beyond!\",\"description\":\"Betoff - Betongborttagningsv\u00e4tska\",\"publisher\":{\"@id\":\"https:\/\/betoff.eu\/#\/schema\/person\/cded67f1acad0c68af8dcc171137512c\"},\"potentialAction\":[{\"@type\":\"SearchAction\",\"target\":{\"@type\":\"EntryPoint\",\"urlTemplate\":\"https:\/\/betoff.eu\/?s={search_term_string}\"},\"query-input\":{\"@type\":\"PropertyValueSpecification\",\"valueRequired\":true,\"valueName\":\"search_term_string\"}}],\"inLanguage\":\"sv-SE\"},{\"@type\":[\"Person\",\"Organization\"],\"@id\":\"https:\/\/betoff.eu\/#\/schema\/person\/cded67f1acad0c68af8dcc171137512c\",\"name\":\"admin\",\"image\":{\"@type\":\"ImageObject\",\"inLanguage\":\"sv-SE\",\"@id\":\"https:\/\/betoff.eu\/#\/schema\/person\/image\/\",\"url\":\"https:\/\/betoff.eu\/wp-content\/uploads\/2021\/02\/betoff-logo.png\",\"contentUrl\":\"https:\/\/betoff.eu\/wp-content\/uploads\/2021\/02\/betoff-logo.png\",\"width\":1024,\"height\":258,\"caption\":\"admin\"},\"logo\":{\"@id\":\"https:\/\/betoff.eu\/#\/schema\/person\/image\/\"}}]}<\/script>\n<!-- \/ Yoast SEO plugin. -->","yoast_head_json":{"title":"BETOFF 20 L - BETOFF-Produkter f\u00f6r betongens v\u00e4rld och bortom!","description":"Hur tar man snabbt, effektivt och s\u00e4kert bort den tuffaste cementsmutsen? Anv\u00e4nd f\u00f6r den b\u00e4sta v\u00e4tskan p\u00e5 marknaden! BETOFF \u00e4r den mest effektiva v\u00e4tskan f\u00f6r att ta bort betong!","robots":{"index":"index","follow":"follow","max-snippet":"max-snippet:-1","max-image-preview":"max-image-preview:large","max-video-preview":"max-video-preview:-1"},"canonical":"https:\/\/betoff.eu\/sv\/produkt\/betoff-20-l\/","og_locale":"sv_SE","og_type":"article","og_title":"BETOFF 20 L - BETOFF-Produkter f\u00f6r betongens v\u00e4rld och bortom!","og_description":"Hur tar man snabbt, effektivt och s\u00e4kert bort den tuffaste cementsmutsen? Anv\u00e4nd f\u00f6r den b\u00e4sta v\u00e4tskan p\u00e5 marknaden! BETOFF \u00e4r den mest effektiva v\u00e4tskan f\u00f6r att ta bort betong!","og_url":"https:\/\/betoff.eu\/sv\/produkt\/betoff-20-l\/","og_site_name":"BETOFF-Produkter f\u00f6r betongens v\u00e4rld och bortom!","article_modified_time":"2023-04-17T10:46:47+00:00","og_image":[{"width":1597,"height":2171,"url":"https:\/\/betoff.eu\/wp-content\/uploads\/2021\/02\/Betoff-20-L-neu-ety1.png","type":"image\/png"}],"twitter_card":"summary_large_image","twitter_misc":{"Ber\u00e4knad l\u00e4stid":"1 minut"},"schema":{"@context":"https:\/\/schema.org","@graph":[{"@type":"WebPage","@id":"https:\/\/betoff.eu\/sv\/produkt\/betoff-20-l\/","url":"https:\/\/betoff.eu\/sv\/produkt\/betoff-20-l\/","name":"BETOFF 20 L - BETOFF-Produkter f\u00f6r betongens v\u00e4rld och bortom!","isPartOf":{"@id":"https:\/\/betoff.eu\/#website"},"primaryImageOfPage":{"@id":"https:\/\/betoff.eu\/sv\/produkt\/betoff-20-l\/#primaryimage"},"image":{"@id":"https:\/\/betoff.eu\/sv\/produkt\/betoff-20-l\/#primaryimage"},"thumbnailUrl":"https:\/\/betoff.eu\/wp-content\/uploads\/2021\/02\/Betoff-20-L-neu-ety1.png","datePublished":"2023-04-17T10:13:20+00:00","dateModified":"2023-04-17T10:46:47+00:00","description":"Hur tar man snabbt, effektivt och s\u00e4kert bort den tuffaste cementsmutsen? Anv\u00e4nd f\u00f6r den b\u00e4sta v\u00e4tskan p\u00e5 marknaden! BETOFF \u00e4r den mest effektiva v\u00e4tskan f\u00f6r att ta bort betong!","breadcrumb":{"@id":"https:\/\/betoff.eu\/sv\/produkt\/betoff-20-l\/#breadcrumb"},"inLanguage":"sv-SE","potentialAction":[{"@type":"ReadAction","target":["https:\/\/betoff.eu\/sv\/produkt\/betoff-20-l\/"]}]},{"@type":"ImageObject","inLanguage":"sv-SE","@id":"https:\/\/betoff.eu\/sv\/produkt\/betoff-20-l\/#primaryimage","url":"https:\/\/betoff.eu\/wp-content\/uploads\/2021\/02\/Betoff-20-L-neu-ety1.png","contentUrl":"https:\/\/betoff.eu\/wp-content\/uploads\/2021\/02\/Betoff-20-L-neu-ety1.png","width":1597,"height":2171,"caption":"Betongl\u00f6sare"},{"@type":"BreadcrumbList","@id":"https:\/\/betoff.eu\/sv\/produkt\/betoff-20-l\/#breadcrumb","itemListElement":[{"@type":"ListItem","position":1,"name":"Hem","item":"https:\/\/betoff.eu\/sv\/"},{"@type":"ListItem","position":2,"name":"Shop","item":"https:\/\/betoff.eu\/sv\/shop\/"},{"@type":"ListItem","position":3,"name":"BETOFF 20 L"}]},{"@type":"WebSite","@id":"https:\/\/betoff.eu\/#website","url":"https:\/\/betoff.eu\/","name":"BETOFF-Products for the world of concrete and beyond!","description":"Betoff - Betongborttagningsv\u00e4tska","publisher":{"@id":"https:\/\/betoff.eu\/#\/schema\/person\/cded67f1acad0c68af8dcc171137512c"},"potentialAction":[{"@type":"SearchAction","target":{"@type":"EntryPoint","urlTemplate":"https:\/\/betoff.eu\/?s={search_term_string}"},"query-input":{"@type":"PropertyValueSpecification","valueRequired":true,"valueName":"search_term_string"}}],"inLanguage":"sv-SE"},{"@type":["Person","Organization"],"@id":"https:\/\/betoff.eu\/#\/schema\/person\/cded67f1acad0c68af8dcc171137512c","name":"admin","image":{"@type":"ImageObject","inLanguage":"sv-SE","@id":"https:\/\/betoff.eu\/#\/schema\/person\/image\/","url":"https:\/\/betoff.eu\/wp-content\/uploads\/2021\/02\/betoff-logo.png","contentUrl":"https:\/\/betoff.eu\/wp-content\/uploads\/2021\/02\/betoff-logo.png","width":1024,"height":258,"caption":"admin"},"logo":{"@id":"https:\/\/betoff.eu\/#\/schema\/person\/image\/"}}]}},"_links":{"self":[{"href":"https:\/\/betoff.eu\/sv\/wp-json\/wp\/v2\/product\/2904","targetHints":{"allow":["GET"]}}],"collection":[{"href":"https:\/\/betoff.eu\/sv\/wp-json\/wp\/v2\/product"}],"about":[{"href":"https:\/\/betoff.eu\/sv\/wp-json\/wp\/v2\/types\/product"}],"wp:featuredmedia":[{"embeddable":true,"href":"https:\/\/betoff.eu\/sv\/wp-json\/wp\/v2\/media\/51"}],"wp:attachment":[{"href":"https:\/\/betoff.eu\/sv\/wp-json\/wp\/v2\/media?parent=2904"}],"wp:term":[{"taxonomy":"product_brand","embeddable":true,"href":"https:\/\/betoff.eu\/sv\/wp-json\/wp\/v2\/product_brand?post=2904"},{"taxonomy":"product_cat","embeddable":true,"href":"https:\/\/betoff.eu\/sv\/wp-json\/wp\/v2\/product_cat?post=2904"},{"taxonomy":"product_tag","embeddable":true,"href":"https:\/\/betoff.eu\/sv\/wp-json\/wp\/v2\/product_tag?post=2904"}],"curies":[{"name":"wp","href":"https:\/\/api.w.org\/{rel}","templated":true}]}}