{"id":3013,"date":"2024-06-21T20:28:06","date_gmt":"2024-06-21T18:28:06","guid":{"rendered":"https:\/\/betoff.eu\/?page_id=3013"},"modified":"2024-06-21T20:30:53","modified_gmt":"2024-06-21T18:30:53","slug":"retur-och-reklamation","status":"publish","type":"page","link":"https:\/\/betoff.eu\/sv\/retur-och-reklamation\/","title":{"rendered":"Retur och reklamation"},"content":{"rendered":"\n\n\n<p>Retur och reklamation:<br>Klagom\u00e5l om v\u00e4tska k\u00f6pt i betoff.eu webbutik kan endast g\u00f6ras via e-post, till f\u00f6ljande adress: betoff@betoff.eu V\u00e4nligen ange ordernumret som genererades vid k\u00f6pet, samt anledningen till varf\u00f6r du v\u00e4ljer att returnera produkten.<\/p>\n\n\n\n<p>Produkten ska vara fabriksf\u00f6rseglad. Efter att ha returnerat produkten till oss kommer den att verifieras och sedan, om locket inte har brutits, \u00e5terbetalar vi det belopp som produkten k\u00f6ptes f\u00f6r. Kunden har r\u00e4tt att returnera inom 14 dagar fr\u00e5n ink\u00f6psdatum.<\/p>\n\n\n\n<p>Klagom\u00e5let kommer att behandlas inom 5 arbetsdagar fr\u00e5n dagen f\u00f6r mottagandet. F\u00f6rst kommer klagom\u00e5let att l\u00e4sas och pr\u00f6vas i sak. D\u00e4refter utarbetas ett formul\u00e4r som inneh\u00e5ller dina uppgifter och anledningen till klagom\u00e5let, vilket du kommer att ange i e-postmeddelandet som skickas till oss. Kunden kommer att f\u00e5 ett returmail med ett ifyllt formul\u00e4r som ska undertecknas och returneras.<\/p>\n","protected":false},"excerpt":{"rendered":"<p>Retur och reklamation:Klagom\u00e5l om v\u00e4tska k\u00f6pt i betoff.eu webbutik kan endast g\u00f6ras via e-post, till f\u00f6ljande adress: betoff@betoff.eu V\u00e4nligen ange ordernumret som genererades vid k\u00f6pet, samt anledningen till varf\u00f6r du v\u00e4ljer att returnera produkten. Produkten ska vara fabriksf\u00f6rseglad. Efter att ha returnerat produkten till oss kommer den att verifieras och sedan, om locket inte har [&#8230;]\n","protected":false},"author":1,"featured_media":0,"parent":0,"menu_order":0,"comment_status":"closed","ping_status":"closed","template":"","meta":{"om_disable_all_campaigns":false,"footnotes":""},"class_list":["post-3013","page","type-page","status-publish","hentry"],"yoast_head":"<!-- This site is optimized with the Yoast SEO plugin v25.9 - https:\/\/yoast.com\/wordpress\/plugins\/seo\/ -->\n<title>Retur och reklamation - BETOFF-Produkter f\u00f6r betongens v\u00e4rld och bortom!<\/title>\n<meta name=\"robots\" content=\"index, follow, max-snippet:-1, max-image-preview:large, max-video-preview:-1\" \/>\n<link rel=\"canonical\" href=\"https:\/\/betoff.eu\/sv\/retur-och-reklamation\/\" \/>\n<meta property=\"og:locale\" content=\"sv_SE\" \/>\n<meta property=\"og:type\" content=\"article\" \/>\n<meta property=\"og:title\" content=\"Retur och reklamation - BETOFF-Produkter f\u00f6r betongens v\u00e4rld och bortom!\" \/>\n<meta property=\"og:description\" content=\"Retur och reklamation:Klagom\u00e5l om v\u00e4tska k\u00f6pt i betoff.eu webbutik kan endast g\u00f6ras via e-post, till f\u00f6ljande adress: betoff@betoff.eu V\u00e4nligen ange ordernumret som genererades vid k\u00f6pet, samt anledningen till varf\u00f6r du v\u00e4ljer att returnera produkten. Produkten ska vara fabriksf\u00f6rseglad. Efter att ha returnerat produkten till oss kommer den att verifieras och sedan, om locket inte har [...]\" \/>\n<meta property=\"og:url\" content=\"https:\/\/betoff.eu\/sv\/retur-och-reklamation\/\" \/>\n<meta property=\"og:site_name\" content=\"BETOFF-Produkter f\u00f6r betongens v\u00e4rld och bortom!\" \/>\n<meta property=\"article:modified_time\" content=\"2024-06-21T18:30:53+00:00\" \/>\n<meta name=\"twitter:card\" content=\"summary_large_image\" \/>\n<meta name=\"twitter:label1\" content=\"Ber\u00e4knad l\u00e4stid\" \/>\n\t<meta name=\"twitter:data1\" content=\"1 minut\" \/>\n<script type=\"application\/ld+json\" class=\"yoast-schema-graph\">{\"@context\":\"https:\/\/schema.org\",\"@graph\":[{\"@type\":\"WebPage\",\"@id\":\"https:\/\/betoff.eu\/sv\/retur-och-reklamation\/\",\"url\":\"https:\/\/betoff.eu\/sv\/retur-och-reklamation\/\",\"name\":\"Retur och reklamation - BETOFF-Produkter f\u00f6r betongens v\u00e4rld och bortom!\",\"isPartOf\":{\"@id\":\"https:\/\/betoff.eu\/#website\"},\"datePublished\":\"2024-06-21T18:28:06+00:00\",\"dateModified\":\"2024-06-21T18:30:53+00:00\",\"breadcrumb\":{\"@id\":\"https:\/\/betoff.eu\/sv\/retur-och-reklamation\/#breadcrumb\"},\"inLanguage\":\"sv-SE\",\"potentialAction\":[{\"@type\":\"ReadAction\",\"target\":[\"https:\/\/betoff.eu\/sv\/retur-och-reklamation\/\"]}]},{\"@type\":\"BreadcrumbList\",\"@id\":\"https:\/\/betoff.eu\/sv\/retur-och-reklamation\/#breadcrumb\",\"itemListElement\":[{\"@type\":\"ListItem\",\"position\":1,\"name\":\"Hem\",\"item\":\"https:\/\/betoff.eu\/sv\/\"},{\"@type\":\"ListItem\",\"position\":2,\"name\":\"Retur och reklamation\"}]},{\"@type\":\"WebSite\",\"@id\":\"https:\/\/betoff.eu\/#website\",\"url\":\"https:\/\/betoff.eu\/\",\"name\":\"BETOFF-Products for the world of concrete and beyond!\",\"description\":\"Betoff - Betongborttagningsv\u00e4tska\",\"publisher\":{\"@id\":\"https:\/\/betoff.eu\/#\/schema\/person\/cded67f1acad0c68af8dcc171137512c\"},\"potentialAction\":[{\"@type\":\"SearchAction\",\"target\":{\"@type\":\"EntryPoint\",\"urlTemplate\":\"https:\/\/betoff.eu\/?s={search_term_string}\"},\"query-input\":{\"@type\":\"PropertyValueSpecification\",\"valueRequired\":true,\"valueName\":\"search_term_string\"}}],\"inLanguage\":\"sv-SE\"},{\"@type\":[\"Person\",\"Organization\"],\"@id\":\"https:\/\/betoff.eu\/#\/schema\/person\/cded67f1acad0c68af8dcc171137512c\",\"name\":\"admin\",\"image\":{\"@type\":\"ImageObject\",\"inLanguage\":\"sv-SE\",\"@id\":\"https:\/\/betoff.eu\/#\/schema\/person\/image\/\",\"url\":\"https:\/\/betoff.eu\/wp-content\/uploads\/2021\/02\/betoff-logo.png\",\"contentUrl\":\"https:\/\/betoff.eu\/wp-content\/uploads\/2021\/02\/betoff-logo.png\",\"width\":1024,\"height\":258,\"caption\":\"admin\"},\"logo\":{\"@id\":\"https:\/\/betoff.eu\/#\/schema\/person\/image\/\"}}]}<\/script>\n<!-- \/ Yoast SEO plugin. -->","yoast_head_json":{"title":"Retur och reklamation - BETOFF-Produkter f\u00f6r betongens v\u00e4rld och bortom!","robots":{"index":"index","follow":"follow","max-snippet":"max-snippet:-1","max-image-preview":"max-image-preview:large","max-video-preview":"max-video-preview:-1"},"canonical":"https:\/\/betoff.eu\/sv\/retur-och-reklamation\/","og_locale":"sv_SE","og_type":"article","og_title":"Retur och reklamation - BETOFF-Produkter f\u00f6r betongens v\u00e4rld och bortom!","og_description":"Retur och reklamation:Klagom\u00e5l om v\u00e4tska k\u00f6pt i betoff.eu webbutik kan endast g\u00f6ras via e-post, till f\u00f6ljande adress: betoff@betoff.eu V\u00e4nligen ange ordernumret som genererades vid k\u00f6pet, samt anledningen till varf\u00f6r du v\u00e4ljer att returnera produkten. Produkten ska vara fabriksf\u00f6rseglad. Efter att ha returnerat produkten till oss kommer den att verifieras och sedan, om locket inte har [...]","og_url":"https:\/\/betoff.eu\/sv\/retur-och-reklamation\/","og_site_name":"BETOFF-Produkter f\u00f6r betongens v\u00e4rld och bortom!","article_modified_time":"2024-06-21T18:30:53+00:00","twitter_card":"summary_large_image","twitter_misc":{"Ber\u00e4knad l\u00e4stid":"1 minut"},"schema":{"@context":"https:\/\/schema.org","@graph":[{"@type":"WebPage","@id":"https:\/\/betoff.eu\/sv\/retur-och-reklamation\/","url":"https:\/\/betoff.eu\/sv\/retur-och-reklamation\/","name":"Retur och reklamation - BETOFF-Produkter f\u00f6r betongens v\u00e4rld och bortom!","isPartOf":{"@id":"https:\/\/betoff.eu\/#website"},"datePublished":"2024-06-21T18:28:06+00:00","dateModified":"2024-06-21T18:30:53+00:00","breadcrumb":{"@id":"https:\/\/betoff.eu\/sv\/retur-och-reklamation\/#breadcrumb"},"inLanguage":"sv-SE","potentialAction":[{"@type":"ReadAction","target":["https:\/\/betoff.eu\/sv\/retur-och-reklamation\/"]}]},{"@type":"BreadcrumbList","@id":"https:\/\/betoff.eu\/sv\/retur-och-reklamation\/#breadcrumb","itemListElement":[{"@type":"ListItem","position":1,"name":"Hem","item":"https:\/\/betoff.eu\/sv\/"},{"@type":"ListItem","position":2,"name":"Retur och reklamation"}]},{"@type":"WebSite","@id":"https:\/\/betoff.eu\/#website","url":"https:\/\/betoff.eu\/","name":"BETOFF-Products for the world of concrete and beyond!","description":"Betoff - Betongborttagningsv\u00e4tska","publisher":{"@id":"https:\/\/betoff.eu\/#\/schema\/person\/cded67f1acad0c68af8dcc171137512c"},"potentialAction":[{"@type":"SearchAction","target":{"@type":"EntryPoint","urlTemplate":"https:\/\/betoff.eu\/?s={search_term_string}"},"query-input":{"@type":"PropertyValueSpecification","valueRequired":true,"valueName":"search_term_string"}}],"inLanguage":"sv-SE"},{"@type":["Person","Organization"],"@id":"https:\/\/betoff.eu\/#\/schema\/person\/cded67f1acad0c68af8dcc171137512c","name":"admin","image":{"@type":"ImageObject","inLanguage":"sv-SE","@id":"https:\/\/betoff.eu\/#\/schema\/person\/image\/","url":"https:\/\/betoff.eu\/wp-content\/uploads\/2021\/02\/betoff-logo.png","contentUrl":"https:\/\/betoff.eu\/wp-content\/uploads\/2021\/02\/betoff-logo.png","width":1024,"height":258,"caption":"admin"},"logo":{"@id":"https:\/\/betoff.eu\/#\/schema\/person\/image\/"}}]}},"_links":{"self":[{"href":"https:\/\/betoff.eu\/sv\/wp-json\/wp\/v2\/pages\/3013","targetHints":{"allow":["GET"]}}],"collection":[{"href":"https:\/\/betoff.eu\/sv\/wp-json\/wp\/v2\/pages"}],"about":[{"href":"https:\/\/betoff.eu\/sv\/wp-json\/wp\/v2\/types\/page"}],"author":[{"embeddable":true,"href":"https:\/\/betoff.eu\/sv\/wp-json\/wp\/v2\/users\/1"}],"replies":[{"embeddable":true,"href":"https:\/\/betoff.eu\/sv\/wp-json\/wp\/v2\/comments?post=3013"}],"version-history":[{"count":0,"href":"https:\/\/betoff.eu\/sv\/wp-json\/wp\/v2\/pages\/3013\/revisions"}],"wp:attachment":[{"href":"https:\/\/betoff.eu\/sv\/wp-json\/wp\/v2\/media?parent=3013"}],"curies":[{"name":"wp","href":"https:\/\/api.w.org\/{rel}","templated":true}]}}