{"id":3010,"date":"2024-02-14T15:56:59","date_gmt":"2024-02-14T14:56:59","guid":{"rendered":"https:\/\/betoff.eu\/?page_id=3010"},"modified":"2024-06-21T12:12:46","modified_gmt":"2024-06-21T10:12:46","slug":"regler","status":"publish","type":"page","link":"https:\/\/betoff.eu\/sv\/regler\/","title":{"rendered":"Onlinebutikens regler"},"content":{"rendered":"\n\n\n<p>Regler f\u00f6r onlinebutiken betoff.eu<\/p>\n\n\n\n<ol class=\"wp-block-list\">\n<li>Dessa f\u00f6reskrifter anger villkoren f\u00f6r att g\u00f6ra<br>shopping i onlinebutiken betoff.eu<\/li>\n\n\n\n<li>S\u00e4ljare \u00e4r Innovachem Krystian Grzyb z<br>baserad i Warszawa vid ul. Sarmacka 21\/8<br>(NIP 762-176-43-06).<\/li>\n\n\n\n<li>Best\u00e4llningar kan g\u00f6ras i onlinebutiken betoix.pl<br>skicka in 24 timmar om dygnet och registrera dig h\u00e4r<br>Butiken \u00e4r helt gratis och frivillig. I aff\u00e4ren<br>best\u00e4llningar kan g\u00f6ras online p\u00e5 betoix.pl<br>endast av vuxna som har fullt<br>r\u00e4ttslig kapacitet att ing\u00e5 avtal<br>avtal om k\u00f6p av varor och tj\u00e4nster.<\/li>\n\n\n\n<li>Informationen som ges p\u00e5 butikens hemsida \u00e4r inte<br>utg\u00f6ra erbjudanden i den mening som avses i civillagen.<br>Att l\u00e4gga en best\u00e4llning behandlas som ett k\u00f6perbjudande<br>utvalda varor p\u00e5 de villkor som anges i<br>Produktbeskrivning.<\/li>\n\n\n\n<li>Best\u00e4llning bekr\u00e4ftas via e-post<br>S\u00e4ljare genom att skicka ett meddelande via e-post<br>elektronisk. Best\u00e4llningen behandlas efter<br>bokf\u00f6ra betalningen f\u00f6r de varor som anges i<br>best\u00e4lla.<\/li>\n\n\n\n<li>Varorna skickas till den adress som anges i best\u00e4llningen<br>K\u00f6pare inom 2-3 arbetsdagar fr\u00e5n datumet<br>skicka betalningen till s\u00e4ljarens konto.<\/li>\n\n\n\n<li>Produkterna som erbjuds i webbutiken \u00e4r lagliga<br>introducerad till den polska marknaden, helt ny och<br>fri fr\u00e5n juridiska och fysiska defekter<\/li>\n<\/ol>\n","protected":false},"excerpt":{"rendered":"<p>Regler f\u00f6r onlinebutiken betoff.eu<\/p>\n","protected":false},"author":1,"featured_media":0,"parent":0,"menu_order":0,"comment_status":"closed","ping_status":"closed","template":"","meta":{"om_disable_all_campaigns":false,"footnotes":""},"class_list":["post-3010","page","type-page","status-publish","hentry"],"yoast_head":"<!-- This site is optimized with the Yoast SEO plugin v25.9 - https:\/\/yoast.com\/wordpress\/plugins\/seo\/ -->\n<title>Onlinebutikens regler - BETOFF-Produkter f\u00f6r betongens v\u00e4rld och bortom!<\/title>\n<meta name=\"robots\" content=\"index, follow, max-snippet:-1, max-image-preview:large, max-video-preview:-1\" \/>\n<link rel=\"canonical\" href=\"https:\/\/betoff.eu\/sv\/regler\/\" \/>\n<meta property=\"og:locale\" content=\"sv_SE\" \/>\n<meta property=\"og:type\" content=\"article\" \/>\n<meta property=\"og:title\" content=\"Onlinebutikens regler - BETOFF-Produkter f\u00f6r betongens v\u00e4rld och bortom!\" \/>\n<meta property=\"og:description\" content=\"Regler f\u00f6r onlinebutiken betoff.eu\" \/>\n<meta property=\"og:url\" content=\"https:\/\/betoff.eu\/sv\/regler\/\" \/>\n<meta property=\"og:site_name\" content=\"BETOFF-Produkter f\u00f6r betongens v\u00e4rld och bortom!\" \/>\n<meta property=\"article:modified_time\" content=\"2024-06-21T10:12:46+00:00\" \/>\n<meta name=\"twitter:card\" content=\"summary_large_image\" \/>\n<meta name=\"twitter:label1\" content=\"Ber\u00e4knad l\u00e4stid\" \/>\n\t<meta name=\"twitter:data1\" content=\"2 minuter\" \/>\n<script type=\"application\/ld+json\" class=\"yoast-schema-graph\">{\"@context\":\"https:\/\/schema.org\",\"@graph\":[{\"@type\":\"WebPage\",\"@id\":\"https:\/\/betoff.eu\/sv\/regler\/\",\"url\":\"https:\/\/betoff.eu\/sv\/regler\/\",\"name\":\"Onlinebutikens regler - BETOFF-Produkter f\u00f6r betongens v\u00e4rld och bortom!\",\"isPartOf\":{\"@id\":\"https:\/\/betoff.eu\/#website\"},\"datePublished\":\"2024-02-14T14:56:59+00:00\",\"dateModified\":\"2024-06-21T10:12:46+00:00\",\"breadcrumb\":{\"@id\":\"https:\/\/betoff.eu\/sv\/regler\/#breadcrumb\"},\"inLanguage\":\"sv-SE\",\"potentialAction\":[{\"@type\":\"ReadAction\",\"target\":[\"https:\/\/betoff.eu\/sv\/regler\/\"]}]},{\"@type\":\"BreadcrumbList\",\"@id\":\"https:\/\/betoff.eu\/sv\/regler\/#breadcrumb\",\"itemListElement\":[{\"@type\":\"ListItem\",\"position\":1,\"name\":\"Hem\",\"item\":\"https:\/\/betoff.eu\/sv\/\"},{\"@type\":\"ListItem\",\"position\":2,\"name\":\"Onlinebutikens regler\"}]},{\"@type\":\"WebSite\",\"@id\":\"https:\/\/betoff.eu\/#website\",\"url\":\"https:\/\/betoff.eu\/\",\"name\":\"BETOFF-Products for the world of concrete and beyond!\",\"description\":\"Betoff - Betongborttagningsv\u00e4tska\",\"publisher\":{\"@id\":\"https:\/\/betoff.eu\/#\/schema\/person\/cded67f1acad0c68af8dcc171137512c\"},\"potentialAction\":[{\"@type\":\"SearchAction\",\"target\":{\"@type\":\"EntryPoint\",\"urlTemplate\":\"https:\/\/betoff.eu\/?s={search_term_string}\"},\"query-input\":{\"@type\":\"PropertyValueSpecification\",\"valueRequired\":true,\"valueName\":\"search_term_string\"}}],\"inLanguage\":\"sv-SE\"},{\"@type\":[\"Person\",\"Organization\"],\"@id\":\"https:\/\/betoff.eu\/#\/schema\/person\/cded67f1acad0c68af8dcc171137512c\",\"name\":\"admin\",\"image\":{\"@type\":\"ImageObject\",\"inLanguage\":\"sv-SE\",\"@id\":\"https:\/\/betoff.eu\/#\/schema\/person\/image\/\",\"url\":\"https:\/\/betoff.eu\/wp-content\/uploads\/2021\/02\/betoff-logo.png\",\"contentUrl\":\"https:\/\/betoff.eu\/wp-content\/uploads\/2021\/02\/betoff-logo.png\",\"width\":1024,\"height\":258,\"caption\":\"admin\"},\"logo\":{\"@id\":\"https:\/\/betoff.eu\/#\/schema\/person\/image\/\"}}]}<\/script>\n<!-- \/ Yoast SEO plugin. -->","yoast_head_json":{"title":"Onlinebutikens regler - BETOFF-Produkter f\u00f6r betongens v\u00e4rld och bortom!","robots":{"index":"index","follow":"follow","max-snippet":"max-snippet:-1","max-image-preview":"max-image-preview:large","max-video-preview":"max-video-preview:-1"},"canonical":"https:\/\/betoff.eu\/sv\/regler\/","og_locale":"sv_SE","og_type":"article","og_title":"Onlinebutikens regler - BETOFF-Produkter f\u00f6r betongens v\u00e4rld och bortom!","og_description":"Regler f\u00f6r onlinebutiken betoff.eu","og_url":"https:\/\/betoff.eu\/sv\/regler\/","og_site_name":"BETOFF-Produkter f\u00f6r betongens v\u00e4rld och bortom!","article_modified_time":"2024-06-21T10:12:46+00:00","twitter_card":"summary_large_image","twitter_misc":{"Ber\u00e4knad l\u00e4stid":"2 minuter"},"schema":{"@context":"https:\/\/schema.org","@graph":[{"@type":"WebPage","@id":"https:\/\/betoff.eu\/sv\/regler\/","url":"https:\/\/betoff.eu\/sv\/regler\/","name":"Onlinebutikens regler - BETOFF-Produkter f\u00f6r betongens v\u00e4rld och bortom!","isPartOf":{"@id":"https:\/\/betoff.eu\/#website"},"datePublished":"2024-02-14T14:56:59+00:00","dateModified":"2024-06-21T10:12:46+00:00","breadcrumb":{"@id":"https:\/\/betoff.eu\/sv\/regler\/#breadcrumb"},"inLanguage":"sv-SE","potentialAction":[{"@type":"ReadAction","target":["https:\/\/betoff.eu\/sv\/regler\/"]}]},{"@type":"BreadcrumbList","@id":"https:\/\/betoff.eu\/sv\/regler\/#breadcrumb","itemListElement":[{"@type":"ListItem","position":1,"name":"Hem","item":"https:\/\/betoff.eu\/sv\/"},{"@type":"ListItem","position":2,"name":"Onlinebutikens regler"}]},{"@type":"WebSite","@id":"https:\/\/betoff.eu\/#website","url":"https:\/\/betoff.eu\/","name":"BETOFF-Products for the world of concrete and beyond!","description":"Betoff - Betongborttagningsv\u00e4tska","publisher":{"@id":"https:\/\/betoff.eu\/#\/schema\/person\/cded67f1acad0c68af8dcc171137512c"},"potentialAction":[{"@type":"SearchAction","target":{"@type":"EntryPoint","urlTemplate":"https:\/\/betoff.eu\/?s={search_term_string}"},"query-input":{"@type":"PropertyValueSpecification","valueRequired":true,"valueName":"search_term_string"}}],"inLanguage":"sv-SE"},{"@type":["Person","Organization"],"@id":"https:\/\/betoff.eu\/#\/schema\/person\/cded67f1acad0c68af8dcc171137512c","name":"admin","image":{"@type":"ImageObject","inLanguage":"sv-SE","@id":"https:\/\/betoff.eu\/#\/schema\/person\/image\/","url":"https:\/\/betoff.eu\/wp-content\/uploads\/2021\/02\/betoff-logo.png","contentUrl":"https:\/\/betoff.eu\/wp-content\/uploads\/2021\/02\/betoff-logo.png","width":1024,"height":258,"caption":"admin"},"logo":{"@id":"https:\/\/betoff.eu\/#\/schema\/person\/image\/"}}]}},"_links":{"self":[{"href":"https:\/\/betoff.eu\/sv\/wp-json\/wp\/v2\/pages\/3010","targetHints":{"allow":["GET"]}}],"collection":[{"href":"https:\/\/betoff.eu\/sv\/wp-json\/wp\/v2\/pages"}],"about":[{"href":"https:\/\/betoff.eu\/sv\/wp-json\/wp\/v2\/types\/page"}],"author":[{"embeddable":true,"href":"https:\/\/betoff.eu\/sv\/wp-json\/wp\/v2\/users\/1"}],"replies":[{"embeddable":true,"href":"https:\/\/betoff.eu\/sv\/wp-json\/wp\/v2\/comments?post=3010"}],"version-history":[{"count":0,"href":"https:\/\/betoff.eu\/sv\/wp-json\/wp\/v2\/pages\/3010\/revisions"}],"wp:attachment":[{"href":"https:\/\/betoff.eu\/sv\/wp-json\/wp\/v2\/media?parent=3010"}],"curies":[{"name":"wp","href":"https:\/\/api.w.org\/{rel}","templated":true}]}}