{"id":3007,"date":"2024-06-21T07:44:05","date_gmt":"2024-06-21T05:44:05","guid":{"rendered":"https:\/\/betoff.eu\/?page_id=3007"},"modified":"2024-02-14T15:48:27","modified_gmt":"2024-02-14T14:48:27","slug":"integritetspolicy","status":"publish","type":"page","link":"https:\/\/betoff.eu\/sv\/integritetspolicy\/","title":{"rendered":"Integritetspolicy"},"content":{"rendered":"\n<p>Webbplatsens sekretesspolicy. https:\/\/betoff.eu<\/p>\n\n\n\n<ol class=\"wp-block-list\">\n<li>Allm\u00e4n information<\/li>\n<\/ol>\n\n\n\n<p>Denna integritetspolicy anger reglerna f\u00f6r behandling och skydd av personuppgifter som tillhandah\u00e5lls av Anv\u00e4ndare i samband med deras anv\u00e4ndning av f\u00f6rs\u00e4ljningstj\u00e4nster via webbplatsen.<\/p>\n\n\n\n<ol class=\"wp-block-list\" start=\"2\">\n<li>Administrat\u00f6r f\u00f6r personuppgifter som finns p\u00e5 webbplatsen \u00e4r<\/li>\n<\/ol>\n\n\n\n<p>Innovachem Krystian Grzyb med s\u00e4te p\u00e5 ul. Sarmacka 21\/8 Warszawa NIP PL7621764306<\/p>\n\n\n\n<ol class=\"wp-block-list\" start=\"3\">\n<li>F\u00f6r att s\u00e4kerst\u00e4lla s\u00e4kerheten f\u00f6r de uppgifter som anf\u00f6rtros oss har vi utvecklat interna rutiner och rekommendationer f\u00f6r att f\u00f6rhindra att data g\u00f6rs tillg\u00e4ngliga f\u00f6r obeh\u00f6riga. Vi kontrollerar deras genomf\u00f6rande och kontrollerar st\u00e4ndigt att de f\u00f6ljer relevanta r\u00e4ttsakter &#8211; lagen om skydd av personuppgifter, lagen om tillhandah\u00e5llande av tj\u00e4nster med elektroniska medel, s\u00e5v\u00e4l som alla typer av exekutivr\u00e4ttsakter och gemenskapslagstiftning.<\/li>\n\n\n\n<li>Personuppgifter behandlas p\u00e5 grundval av det samtycke som uttryckts av Anv\u00e4ndaren och i de fall d\u00e5 lagen ger administrat\u00f6ren beh\u00f6righet att behandla personuppgifter p\u00e5 grundval av lagbest\u00e4mmelser eller f\u00f6r att genomf\u00f6ra det avtal som ing\u00e5tts mellan parterna.<\/li>\n\n\n\n<li>Webbplatsen utf\u00f6r funktionerna att f\u00e5 information om anv\u00e4ndare och deras beteende p\u00e5 f\u00f6ljande s\u00e4tt:<\/li>\n<\/ol>\n\n\n\n<p>a) genom information som frivilligt f\u00f6rs in i blanketterna<\/p>\n\n\n\n<p>b) genom att samla in cookies [se cookiepolicy].<\/p>\n\n\n\n<ol class=\"wp-block-list\" start=\"6\">\n<li>Webbplatsen samlar in information frivilligt tillhandah\u00e5llen av anv\u00e4ndaren.<\/li>\n\n\n\n<li>Uppgifterna som l\u00e4mnas i formul\u00e4ret behandlas f\u00f6r det \u00e4ndam\u00e5l som f\u00f6ljer av funktionen hos ett specifikt formul\u00e4r, till exempel f\u00f6r att hantera informationskontaktprocessen<\/li>\n\n\n\n<li>Personuppgifter som l\u00e4mnas p\u00e5 webbplatsen kommer inte att s\u00e4ljas eller g\u00f6ras tillg\u00e4ngliga f\u00f6r tredje part, i enlighet med best\u00e4mmelserna i personuppgiftslagen.<\/li>\n\n\n\n<li>Uppgifterna i formul\u00e4ret kan ses av den fysiska person som placerat dem d\u00e4r. Denna person har ocks\u00e5 r\u00e4tt att \u00e4ndra och sluta behandla hans eller hennes uppgifter n\u00e4r som helst.<\/li>\n\n\n\n<li>Vi f\u00f6rbeh\u00e5ller oss r\u00e4tten att \u00e4ndra webbplatsens integritetspolicy, vilket kan p\u00e5verkas av utvecklingen av internetteknik, eventuella \u00e4ndringar i lagen om skydd av personuppgifter och utvecklingen av v\u00e5r webbplats. Vi kommer att informera dig om eventuella \u00e4ndringar tydligt och offentligt.<\/li>\n\n\n\n<li>Webbplatsen kan inneh\u00e5lla l\u00e4nkar till andra webbplatser. S\u00e5dana webbplatser fungerar oberoende av webbplatsen och \u00f6vervakas inte p\u00e5 n\u00e5got s\u00e4tt av https:\/\/betolix.pl. Dessa webbplatser kan ha sina egna integritetspolicyer och regler, som vi rekommenderar att du l\u00e4ser.<\/li>\n\n\n\n<li>Om du har n\u00e5gra tvivel om n\u00e5gon av best\u00e4mmelserna i denna integritetspolicy st\u00e5r vi till ditt f\u00f6rfogande &#8211; v\u00e5ra uppgifter finns p\u00e5 fliken Kontakt.<\/li>\n<\/ol>\n\n\n\n<h3 class=\"wp-block-heading\">Cookiepolicy<\/h3>\n\n\n\n<p>Cookiepolicy f\u00f6r webbplatsen https:\/\/betoff.eu<\/p>\n\n\n\n<p>&#8221;Cookies&#8221; ska f\u00f6rst\u00e5s som IT-data som lagras p\u00e5 anv\u00e4ndarnas slutenheter, avsedda f\u00f6r anv\u00e4ndning av webbplatser. I synnerhet \u00e4r det textfiler som inneh\u00e5ller namnet p\u00e5 webbplatsen de kommer fr\u00e5n, deras lagringstid p\u00e5 slutenheten och ett unikt nummer.<\/p>\n\n\n\n<ol class=\"wp-block-list\">\n<li>Webbplatsen samlar inte automatiskt in n\u00e5gon information, f\u00f6rutom information som finns i cookies.<\/li>\n\n\n\n<li>Cookies \u00e4r avsedda f\u00f6r anv\u00e4ndning av webbsidorna. Operat\u00f6ren anv\u00e4nder dessa filer f\u00f6r att:<\/li>\n<\/ol>\n\n\n\n<p>a) m\u00f6jligheten att logga in och underh\u00e5lla anv\u00e4ndarens session p\u00e5 varje efterf\u00f6ljande sida p\u00e5 webbplatsen<\/p>\n\n\n\n<p>b) anpassa inneh\u00e5llet p\u00e5 webbplatsen till anv\u00e4ndarens individuella preferenser, framf\u00f6r allt k\u00e4nner dessa filer igen hans enhet f\u00f6r att visa webbplatsen i enlighet med hans preferenser<\/p>\n\n\n\n<p>c) att skapa anonym statistik exklusive m\u00f6jligheten till anv\u00e4ndaridentifiering.<\/p>\n\n\n\n<ol class=\"wp-block-list\" start=\"4\">\n<li>Cookies som anv\u00e4nds av webbplatsoperat\u00f6rens partners, inklusive i synnerhet webbplatsanv\u00e4ndare, \u00e4r f\u00f6rem\u00e5l f\u00f6r deras egen integritetspolicy.<\/li>\n\n\n\n<li>F\u00f6r att s\u00e4kerst\u00e4lla s\u00e4kerheten f\u00f6r de uppgifter som anf\u00f6rtros oss har vi utvecklat interna rutiner och rekommendationer f\u00f6r att f\u00f6rhindra att uppgifter g\u00f6rs tillg\u00e4ngliga f\u00f6r obeh\u00f6riga. Vi kontrollerar deras genomf\u00f6rande och kontrollerar st\u00e4ndigt att de f\u00f6ljer relevanta r\u00e4ttsakter &#8211; lagen om skydd av personuppgifter, lagen om tillhandah\u00e5llande av tj\u00e4nster med elektroniska medel, s\u00e5v\u00e4l som alla typer av exekutivr\u00e4ttsakter och gemenskapslagstiftning<\/li>\n\n\n\n<li>Som standard till\u00e5ter programvara som anv\u00e4nds f\u00f6r att surfa p\u00e5 webbplatser att cookies placeras p\u00e5 anv\u00e4ndarens slutenhet. Dessa inst\u00e4llningar kan \u00e4ndras av Anv\u00e4ndaren p\u00e5 ett s\u00e5dant s\u00e4tt att de blockerar den automatiska hanteringen av cookies i webbl\u00e4sarens inst\u00e4llningar eller f\u00f6r att informera varje g\u00e5ng de skickas till anv\u00e4ndarens enhet.<\/li>\n\n\n\n<li>Webbplatsanv\u00e4ndare kan \u00e4ndra cookieinst\u00e4llningar n\u00e4r som helst. Detaljerad information om m\u00f6jligheterna och metoderna f\u00f6r hantering av cookies finns i programvarans (webbl\u00e4sare) inst\u00e4llningar. Exempel p\u00e5 redigeringsalternativ i popul\u00e4ra webbl\u00e4sare:<\/li>\n<\/ol>\n\n\n\n<p>Mozilla Firefox: www.support.mozilla.org\/pl\/kb\/ciasteczka<\/p>\n\n\n\n<p>\u2013 Internet Explorer: www.support.microsoft.com\/kb\/278835\/pl<\/p>\n\n\n\n<p>\u2013 Google Chrome: www.support.google.com\/chrome\/bin\/answer.py?hl=pl&amp;answer=95647<\/p>\n\n\n\n<p>\u2013 Safari: www.safari.helpmax.net\/sv\/spara-tid\/inneh\u00e5llsblockering\/<\/p>\n\n\n\n<ol class=\"wp-block-list\" start=\"8\">\n<li>Webbplatsoperat\u00f6ren informerar om att \u00e4ndringar av inst\u00e4llningarna i anv\u00e4ndarens webbl\u00e4sare kan f\u00f6rhindra att webbplatserna fungerar korrekt.<\/li>\n<\/ol>\n\n\n","protected":false},"excerpt":{"rendered":"<p>Webbplatsens sekretesspolicy. https:\/\/betoff.eu Denna integritetspolicy anger reglerna f\u00f6r behandling och skydd av personuppgifter som tillhandah\u00e5lls av Anv\u00e4ndare i samband med deras anv\u00e4ndning av f\u00f6rs\u00e4ljningstj\u00e4nster via webbplatsen. Innovachem Krystian Grzyb med s\u00e4te p\u00e5 ul. Sarmacka 21\/8 Warszawa NIP PL7621764306 a) genom information som frivilligt f\u00f6rs in i blanketterna b) genom att samla in cookies [se cookiepolicy]. [&#8230;]\n","protected":false},"author":1,"featured_media":0,"parent":0,"menu_order":0,"comment_status":"closed","ping_status":"closed","template":"","meta":{"om_disable_all_campaigns":false,"footnotes":""},"class_list":["post-3007","page","type-page","status-publish","hentry"],"yoast_head":"<!-- This site is optimized with the Yoast SEO plugin v25.9 - https:\/\/yoast.com\/wordpress\/plugins\/seo\/ -->\n<title>Integritetspolicy - BETOFF-Produkter f\u00f6r betongens v\u00e4rld och bortom!<\/title>\n<meta name=\"robots\" content=\"index, follow, max-snippet:-1, max-image-preview:large, max-video-preview:-1\" \/>\n<link rel=\"canonical\" href=\"https:\/\/betoff.eu\/sv\/integritetspolicy\/\" \/>\n<meta property=\"og:locale\" content=\"sv_SE\" \/>\n<meta property=\"og:type\" content=\"article\" \/>\n<meta property=\"og:title\" content=\"Integritetspolicy - BETOFF-Produkter f\u00f6r betongens v\u00e4rld och bortom!\" \/>\n<meta property=\"og:description\" content=\"Webbplatsens sekretesspolicy. https:\/\/betoff.eu Denna integritetspolicy anger reglerna f\u00f6r behandling och skydd av personuppgifter som tillhandah\u00e5lls av Anv\u00e4ndare i samband med deras anv\u00e4ndning av f\u00f6rs\u00e4ljningstj\u00e4nster via webbplatsen. Innovachem Krystian Grzyb med s\u00e4te p\u00e5 ul. Sarmacka 21\/8 Warszawa NIP PL7621764306 a) genom information som frivilligt f\u00f6rs in i blanketterna b) genom att samla in cookies [se cookiepolicy]. [...]\" \/>\n<meta property=\"og:url\" content=\"https:\/\/betoff.eu\/sv\/integritetspolicy\/\" \/>\n<meta property=\"og:site_name\" content=\"BETOFF-Produkter f\u00f6r betongens v\u00e4rld och bortom!\" \/>\n<meta name=\"twitter:card\" content=\"summary_large_image\" \/>\n<meta name=\"twitter:label1\" content=\"Ber\u00e4knad l\u00e4stid\" \/>\n\t<meta name=\"twitter:data1\" content=\"4 minuter\" \/>\n<script type=\"application\/ld+json\" class=\"yoast-schema-graph\">{\"@context\":\"https:\/\/schema.org\",\"@graph\":[{\"@type\":\"WebPage\",\"@id\":\"https:\/\/betoff.eu\/sv\/integritetspolicy\/\",\"url\":\"https:\/\/betoff.eu\/sv\/integritetspolicy\/\",\"name\":\"Integritetspolicy - BETOFF-Produkter f\u00f6r betongens v\u00e4rld och bortom!\",\"isPartOf\":{\"@id\":\"https:\/\/betoff.eu\/#website\"},\"datePublished\":\"2024-06-21T05:44:05+00:00\",\"breadcrumb\":{\"@id\":\"https:\/\/betoff.eu\/sv\/integritetspolicy\/#breadcrumb\"},\"inLanguage\":\"sv-SE\",\"potentialAction\":[{\"@type\":\"ReadAction\",\"target\":[\"https:\/\/betoff.eu\/sv\/integritetspolicy\/\"]}]},{\"@type\":\"BreadcrumbList\",\"@id\":\"https:\/\/betoff.eu\/sv\/integritetspolicy\/#breadcrumb\",\"itemListElement\":[{\"@type\":\"ListItem\",\"position\":1,\"name\":\"Hem\",\"item\":\"https:\/\/betoff.eu\/sv\/\"},{\"@type\":\"ListItem\",\"position\":2,\"name\":\"Integritetspolicy\"}]},{\"@type\":\"WebSite\",\"@id\":\"https:\/\/betoff.eu\/#website\",\"url\":\"https:\/\/betoff.eu\/\",\"name\":\"BETOFF-Products for the world of concrete and beyond!\",\"description\":\"Betoff - Betongborttagningsv\u00e4tska\",\"publisher\":{\"@id\":\"https:\/\/betoff.eu\/#\/schema\/person\/cded67f1acad0c68af8dcc171137512c\"},\"potentialAction\":[{\"@type\":\"SearchAction\",\"target\":{\"@type\":\"EntryPoint\",\"urlTemplate\":\"https:\/\/betoff.eu\/?s={search_term_string}\"},\"query-input\":{\"@type\":\"PropertyValueSpecification\",\"valueRequired\":true,\"valueName\":\"search_term_string\"}}],\"inLanguage\":\"sv-SE\"},{\"@type\":[\"Person\",\"Organization\"],\"@id\":\"https:\/\/betoff.eu\/#\/schema\/person\/cded67f1acad0c68af8dcc171137512c\",\"name\":\"admin\",\"image\":{\"@type\":\"ImageObject\",\"inLanguage\":\"sv-SE\",\"@id\":\"https:\/\/betoff.eu\/#\/schema\/person\/image\/\",\"url\":\"https:\/\/betoff.eu\/wp-content\/uploads\/2021\/02\/betoff-logo.png\",\"contentUrl\":\"https:\/\/betoff.eu\/wp-content\/uploads\/2021\/02\/betoff-logo.png\",\"width\":1024,\"height\":258,\"caption\":\"admin\"},\"logo\":{\"@id\":\"https:\/\/betoff.eu\/#\/schema\/person\/image\/\"}}]}<\/script>\n<!-- \/ Yoast SEO plugin. -->","yoast_head_json":{"title":"Integritetspolicy - BETOFF-Produkter f\u00f6r betongens v\u00e4rld och bortom!","robots":{"index":"index","follow":"follow","max-snippet":"max-snippet:-1","max-image-preview":"max-image-preview:large","max-video-preview":"max-video-preview:-1"},"canonical":"https:\/\/betoff.eu\/sv\/integritetspolicy\/","og_locale":"sv_SE","og_type":"article","og_title":"Integritetspolicy - BETOFF-Produkter f\u00f6r betongens v\u00e4rld och bortom!","og_description":"Webbplatsens sekretesspolicy. https:\/\/betoff.eu Denna integritetspolicy anger reglerna f\u00f6r behandling och skydd av personuppgifter som tillhandah\u00e5lls av Anv\u00e4ndare i samband med deras anv\u00e4ndning av f\u00f6rs\u00e4ljningstj\u00e4nster via webbplatsen. Innovachem Krystian Grzyb med s\u00e4te p\u00e5 ul. Sarmacka 21\/8 Warszawa NIP PL7621764306 a) genom information som frivilligt f\u00f6rs in i blanketterna b) genom att samla in cookies [se cookiepolicy]. [...]","og_url":"https:\/\/betoff.eu\/sv\/integritetspolicy\/","og_site_name":"BETOFF-Produkter f\u00f6r betongens v\u00e4rld och bortom!","twitter_card":"summary_large_image","twitter_misc":{"Ber\u00e4knad l\u00e4stid":"4 minuter"},"schema":{"@context":"https:\/\/schema.org","@graph":[{"@type":"WebPage","@id":"https:\/\/betoff.eu\/sv\/integritetspolicy\/","url":"https:\/\/betoff.eu\/sv\/integritetspolicy\/","name":"Integritetspolicy - BETOFF-Produkter f\u00f6r betongens v\u00e4rld och bortom!","isPartOf":{"@id":"https:\/\/betoff.eu\/#website"},"datePublished":"2024-06-21T05:44:05+00:00","breadcrumb":{"@id":"https:\/\/betoff.eu\/sv\/integritetspolicy\/#breadcrumb"},"inLanguage":"sv-SE","potentialAction":[{"@type":"ReadAction","target":["https:\/\/betoff.eu\/sv\/integritetspolicy\/"]}]},{"@type":"BreadcrumbList","@id":"https:\/\/betoff.eu\/sv\/integritetspolicy\/#breadcrumb","itemListElement":[{"@type":"ListItem","position":1,"name":"Hem","item":"https:\/\/betoff.eu\/sv\/"},{"@type":"ListItem","position":2,"name":"Integritetspolicy"}]},{"@type":"WebSite","@id":"https:\/\/betoff.eu\/#website","url":"https:\/\/betoff.eu\/","name":"BETOFF-Products for the world of concrete and beyond!","description":"Betoff - Betongborttagningsv\u00e4tska","publisher":{"@id":"https:\/\/betoff.eu\/#\/schema\/person\/cded67f1acad0c68af8dcc171137512c"},"potentialAction":[{"@type":"SearchAction","target":{"@type":"EntryPoint","urlTemplate":"https:\/\/betoff.eu\/?s={search_term_string}"},"query-input":{"@type":"PropertyValueSpecification","valueRequired":true,"valueName":"search_term_string"}}],"inLanguage":"sv-SE"},{"@type":["Person","Organization"],"@id":"https:\/\/betoff.eu\/#\/schema\/person\/cded67f1acad0c68af8dcc171137512c","name":"admin","image":{"@type":"ImageObject","inLanguage":"sv-SE","@id":"https:\/\/betoff.eu\/#\/schema\/person\/image\/","url":"https:\/\/betoff.eu\/wp-content\/uploads\/2021\/02\/betoff-logo.png","contentUrl":"https:\/\/betoff.eu\/wp-content\/uploads\/2021\/02\/betoff-logo.png","width":1024,"height":258,"caption":"admin"},"logo":{"@id":"https:\/\/betoff.eu\/#\/schema\/person\/image\/"}}]}},"_links":{"self":[{"href":"https:\/\/betoff.eu\/sv\/wp-json\/wp\/v2\/pages\/3007","targetHints":{"allow":["GET"]}}],"collection":[{"href":"https:\/\/betoff.eu\/sv\/wp-json\/wp\/v2\/pages"}],"about":[{"href":"https:\/\/betoff.eu\/sv\/wp-json\/wp\/v2\/types\/page"}],"author":[{"embeddable":true,"href":"https:\/\/betoff.eu\/sv\/wp-json\/wp\/v2\/users\/1"}],"replies":[{"embeddable":true,"href":"https:\/\/betoff.eu\/sv\/wp-json\/wp\/v2\/comments?post=3007"}],"version-history":[{"count":0,"href":"https:\/\/betoff.eu\/sv\/wp-json\/wp\/v2\/pages\/3007\/revisions"}],"wp:attachment":[{"href":"https:\/\/betoff.eu\/sv\/wp-json\/wp\/v2\/media?parent=3007"}],"curies":[{"name":"wp","href":"https:\/\/api.w.org\/{rel}","templated":true}]}}