{"id":236,"date":"2021-02-18T08:59:05","date_gmt":"2021-02-18T07:59:05","guid":{"rendered":"https:\/\/betoff.eu\/?page_id=236"},"modified":"2021-02-18T08:59:10","modified_gmt":"2021-02-18T07:59:10","slug":"startsida","status":"publish","type":"page","link":"https:\/\/betoff.eu\/sv\/startsida\/","title":{"rendered":"Startsida"},"content":{"rendered":"\n\t\t\t<div class=\"wp-block-cover\" style=\"background-image:url(https:\/\/betoff.eu\/wp-content\/uploads\/2021\/02\/other-small.jpg)\"><div class=\"wp-block-cover__inner-container is-layout-flow wp-block-cover-is-layout-flow\">\n\t\t\t<p class=\"has-text-align-center has-large-font-size\">V\u00e4lkommen till butiken<\/p>\n\t\t\t\n\n\t\t\t\n\t\t\t<p class=\"has-text-color has-text-align-center\">Skriv ett kort v\u00e4lkomstmeddelande h\u00e4r<\/p>\n\t\t\t\n\n\t\t\t\n\t\t\t<div class=\"wp-block-button aligncenter\"><a href=\"https:\/\/betoff.eu\/et\/betoff-latviesu-valoda\/\" class=\"wp-block-button__link\">G\u00e5 och shoppa<\/a><\/div>\n\t\t\t<\/div><\/div>\n\t\t\t\n\t\t\n\t\t<h2 class=\"wp-block-heading\" style=\"text-align:center\">Nya produkter<\/h2>\n\t\t\n\n\t\t<div data-block-name=\"woocommerce\/product-new\" class=\"wc-block-grid wp-block-product-new wp-block-woocommerce-product-new wc-block-product-new has-3-columns has-multiple-rows\"><ul class=\"wc-block-grid__products\"><li class=\"wc-block-grid__product\">\n\t\t\t\t<a href=\"https:\/\/betoff.eu\/sv\/produkt\/betoff-f-4l-plyn-do-czyszczenia-fug\/\" class=\"wc-block-grid__product-link\">\n\t\t\t\t\t\n\t\t\t\t\t<div class=\"wc-block-grid__product-image\"><img loading=\"lazy\" decoding=\"async\" width=\"247\" height=\"296\" src=\"https:\/\/betoff.eu\/wp-content\/uploads\/2024\/08\/Betoff-F-x4-3-247x296.png\" class=\"attachment-woocommerce_thumbnail size-woocommerce_thumbnail\" alt=\"Preparat do czyszczenia fug\" \/><\/div>\n\t\t\t\t\t<div class=\"wc-block-grid__product-title\">BETOFF-F &#8211; 4L &#8211; P\u0142yn do czyszczenia fug<\/div>\n\t\t\t\t<\/a>\n\t\t\t\t<div class=\"wc-block-grid__product-price price\"><\/div>\n\t\t\t\t\n\t\t\t\t<div class=\"wp-block-button wc-block-grid__product-add-to-cart\"><a href=\"https:\/\/betoff.eu\/sv\/produkt\/betoff-f-4l-plyn-do-czyszczenia-fug\/\" aria-label=\"L\u00e4s mer om \u201dBETOFF-F - 4L - P\u0142yn do czyszczenia fug\u201d\" data-quantity=\"1\" data-product_id=\"40004\" data-product_sku=\"\" data-price=\"0\" rel=\"nofollow\" class=\"wp-block-button__link  add_to_cart_button\">L\u00e4s mer<\/a><\/div>\n\t\t\t<\/li><li class=\"wc-block-grid__product\">\n\t\t\t\t<a href=\"https:\/\/betoff.eu\/sv\/produkt\/betoff-f-2l-plyn-do-czyszczenia-fug\/\" class=\"wc-block-grid__product-link\">\n\t\t\t\t\t\n\t\t\t\t\t<div class=\"wc-block-grid__product-image\"><img loading=\"lazy\" decoding=\"async\" width=\"247\" height=\"296\" src=\"https:\/\/betoff.eu\/wp-content\/uploads\/2024\/08\/Betoff-F-x2-czechy-3-247x296.png\" class=\"attachment-woocommerce_thumbnail size-woocommerce_thumbnail\" alt=\"Preparat czyszcz\u0105cy fugi\" \/><\/div>\n\t\t\t\t\t<div class=\"wc-block-grid__product-title\">BETOFF-F &#8211; 2L &#8211; P\u0142yn do czyszczenia fug<\/div>\n\t\t\t\t<\/a>\n\t\t\t\t<div class=\"wc-block-grid__product-price price\"><\/div>\n\t\t\t\t\n\t\t\t\t<div class=\"wp-block-button wc-block-grid__product-add-to-cart\"><a href=\"https:\/\/betoff.eu\/sv\/produkt\/betoff-f-2l-plyn-do-czyszczenia-fug\/\" aria-label=\"L\u00e4s mer om \u201dBETOFF-F - 2L - P\u0142yn do czyszczenia fug\u201d\" data-quantity=\"1\" data-product_id=\"39997\" data-product_sku=\"\" data-price=\"0\" rel=\"nofollow\" class=\"wp-block-button__link  add_to_cart_button\">L\u00e4s mer<\/a><\/div>\n\t\t\t<\/li><li class=\"wc-block-grid__product\">\n\t\t\t\t<a href=\"https:\/\/betoff.eu\/sv\/produkt\/betoff-f-1l-plyn-do-czyszczenia-fug\/\" class=\"wc-block-grid__product-link\">\n\t\t\t\t\t\n\t\t\t\t\t<div class=\"wc-block-grid__product-image\"><img loading=\"lazy\" decoding=\"async\" width=\"247\" height=\"296\" src=\"https:\/\/betoff.eu\/wp-content\/uploads\/2024\/08\/BETOFF-F-czechy-3-247x296.png\" class=\"attachment-woocommerce_thumbnail size-woocommerce_thumbnail\" alt=\"P\u0142yn do czyszczenia fug\" \/><\/div>\n\t\t\t\t\t<div class=\"wc-block-grid__product-title\">BETOFF-F &#8211; 1L &#8211; P\u0142yn do czyszczenia fug<\/div>\n\t\t\t\t<\/a>\n\t\t\t\t<div class=\"wc-block-grid__product-price price\"><\/div>\n\t\t\t\t\n\t\t\t\t<div class=\"wp-block-button wc-block-grid__product-add-to-cart\"><a href=\"https:\/\/betoff.eu\/sv\/produkt\/betoff-f-1l-plyn-do-czyszczenia-fug\/\" aria-label=\"L\u00e4s mer om \u201dBETOFF-F - 1L - P\u0142yn do czyszczenia fug\u201d\" data-quantity=\"1\" data-product_id=\"39991\" data-product_sku=\"\" data-price=\"0\" rel=\"nofollow\" class=\"wp-block-button__link  add_to_cart_button\">L\u00e4s mer<\/a><\/div>\n\t\t\t<\/li><li class=\"wc-block-grid__product\">\n\t\t\t\t<a href=\"https:\/\/betoff.eu\/sv\/produkt\/betoff-u-4l-uniwersalny-plyn-do-czyszczenia\/\" class=\"wc-block-grid__product-link\">\n\t\t\t\t\t\n\t\t\t\t\t<div class=\"wc-block-grid__product-image\"><img loading=\"lazy\" decoding=\"async\" width=\"247\" height=\"296\" src=\"https:\/\/betoff.eu\/wp-content\/uploads\/2024\/08\/Betoff-U-4L-430x538-4-247x296.png\" class=\"attachment-woocommerce_thumbnail size-woocommerce_thumbnail\" alt=\"Uniwersalny p\u0142yn do usuwania uporczywych zabrudze\u0144\" \/><\/div>\n\t\t\t\t\t<div class=\"wc-block-grid__product-title\">BETOFF-U &#8211; 4L &#8211; Uniwersalny p\u0142yn do czyszczenia<\/div>\n\t\t\t\t<\/a>\n\t\t\t\t<div class=\"wc-block-grid__product-price price\"><\/div>\n\t\t\t\t\n\t\t\t\t<div class=\"wp-block-button wc-block-grid__product-add-to-cart\"><a href=\"https:\/\/betoff.eu\/sv\/produkt\/betoff-u-4l-uniwersalny-plyn-do-czyszczenia\/\" aria-label=\"L\u00e4s mer om \u201dBETOFF-U - 4L - Uniwersalny p\u0142yn do czyszczenia\u201d\" data-quantity=\"1\" data-product_id=\"39989\" data-product_sku=\"\" data-price=\"0\" rel=\"nofollow\" class=\"wp-block-button__link  add_to_cart_button\">L\u00e4s mer<\/a><\/div>\n\t\t\t<\/li><li class=\"wc-block-grid__product\">\n\t\t\t\t<a href=\"https:\/\/betoff.eu\/sv\/produkt\/betoff-u-2l-uniwersalny-plyn-do-czyszczenia\/\" class=\"wc-block-grid__product-link\">\n\t\t\t\t\t\n\t\t\t\t\t<div class=\"wc-block-grid__product-image\"><img loading=\"lazy\" decoding=\"async\" width=\"247\" height=\"296\" src=\"https:\/\/betoff.eu\/wp-content\/uploads\/2024\/08\/Betoff-U-2L-430x538-4-247x296.png\" class=\"attachment-woocommerce_thumbnail size-woocommerce_thumbnail\" alt=\"Uniwersalny p\u0142yn do czyszczenia\" \/><\/div>\n\t\t\t\t\t<div class=\"wc-block-grid__product-title\">BETOFF-U &#8211; 2L &#8211; Uniwersalny p\u0142yn do czyszczenia<\/div>\n\t\t\t\t<\/a>\n\t\t\t\t<div class=\"wc-block-grid__product-price price\"><\/div>\n\t\t\t\t\n\t\t\t\t<div class=\"wp-block-button wc-block-grid__product-add-to-cart\"><a href=\"https:\/\/betoff.eu\/sv\/produkt\/betoff-u-2l-uniwersalny-plyn-do-czyszczenia\/\" aria-label=\"L\u00e4s mer om \u201dBETOFF-U - 2L - Uniwersalny p\u0142yn do czyszczenia\u201d\" data-quantity=\"1\" data-product_id=\"39987\" data-product_sku=\"\" data-price=\"0\" rel=\"nofollow\" class=\"wp-block-button__link  add_to_cart_button\">L\u00e4s mer<\/a><\/div>\n\t\t\t<\/li><li class=\"wc-block-grid__product\">\n\t\t\t\t<a href=\"https:\/\/betoff.eu\/sv\/produkt\/betoff-u-1l-uniwersalny-plyn-do-czyszczenia\/\" class=\"wc-block-grid__product-link\">\n\t\t\t\t\t\n\t\t\t\t\t<div class=\"wc-block-grid__product-image\"><img loading=\"lazy\" decoding=\"async\" width=\"247\" height=\"296\" src=\"https:\/\/betoff.eu\/wp-content\/uploads\/2024\/08\/Betoff-U-1L-shop-nue-430x538-4-247x296.png\" class=\"attachment-woocommerce_thumbnail size-woocommerce_thumbnail\" alt=\"Uniwersalny preparat czyszcz\u0105cy\" \/><\/div>\n\t\t\t\t\t<div class=\"wc-block-grid__product-title\">BETOFF-U &#8211; 1L &#8211; Uniwersalny p\u0142yn do czyszczenia<\/div>\n\t\t\t\t<\/a>\n\t\t\t\t<div class=\"wc-block-grid__product-price price\"><\/div>\n\t\t\t\t\n\t\t\t\t<div class=\"wp-block-button wc-block-grid__product-add-to-cart\"><a href=\"https:\/\/betoff.eu\/sv\/produkt\/betoff-u-1l-uniwersalny-plyn-do-czyszczenia\/\" aria-label=\"L\u00e4s mer om \u201dBETOFF-U - 1L - Uniwersalny p\u0142yn do czyszczenia\u201d\" data-quantity=\"1\" data-product_id=\"39985\" data-product_sku=\"\" data-price=\"0\" rel=\"nofollow\" class=\"wp-block-button__link  add_to_cart_button\">L\u00e4s mer<\/a><\/div>\n\t\t\t<\/li><li class=\"wc-block-grid__product\">\n\t\t\t\t<a href=\"https:\/\/betoff.eu\/sv\/produkt\/betoff-bio-20l-rozpuszczalnik-do-betonu-do-cienkich-i-swiezych-zabrudzen\/\" class=\"wc-block-grid__product-link\">\n\t\t\t\t\t\n\t\t\t\t\t<div class=\"wc-block-grid__product-image\"><img loading=\"lazy\" decoding=\"async\" width=\"247\" height=\"296\" src=\"https:\/\/betoff.eu\/wp-content\/uploads\/2024\/08\/Betoff-Bio-20-L-neu-430x538-3-247x296.png\" class=\"attachment-woocommerce_thumbnail size-woocommerce_thumbnail\" alt=\"P\u0142yn do rozpuszczania mleczka cementowego\" \/><\/div>\n\t\t\t\t\t<div class=\"wc-block-grid__product-title\">BETOFF-BIO &#8211; 20L &#8211; Rozpuszczalnik do betonu (do cienkich i \u015bwie\u017cych zabrudze\u0144)<\/div>\n\t\t\t\t<\/a>\n\t\t\t\t<div class=\"wc-block-grid__product-price price\"><\/div>\n\t\t\t\t\n\t\t\t\t<div class=\"wp-block-button wc-block-grid__product-add-to-cart\"><a href=\"https:\/\/betoff.eu\/sv\/produkt\/betoff-bio-20l-rozpuszczalnik-do-betonu-do-cienkich-i-swiezych-zabrudzen\/\" aria-label=\"L\u00e4s mer om \u201dBETOFF-BIO - 20L - Rozpuszczalnik do betonu (do cienkich i \u015bwie\u017cych zabrudze\u0144)\u201d\" data-quantity=\"1\" data-product_id=\"39981\" data-product_sku=\"\" data-price=\"0\" rel=\"nofollow\" class=\"wp-block-button__link  add_to_cart_button\">L\u00e4s mer<\/a><\/div>\n\t\t\t<\/li><li class=\"wc-block-grid__product\">\n\t\t\t\t<a href=\"https:\/\/betoff.eu\/sv\/produkt\/betoff-bio-5l-rozpuszczalnik-do-betonu-do-cienkich-i-swiezych-zabrudzen\/\" class=\"wc-block-grid__product-link\">\n\t\t\t\t\t\n\t\t\t\t\t<div class=\"wc-block-grid__product-image\"><img loading=\"lazy\" decoding=\"async\" width=\"247\" height=\"296\" src=\"https:\/\/betoff.eu\/wp-content\/uploads\/2024\/08\/Betoff-Bio-5-L-neu-430x538-3-247x296.png\" class=\"attachment-woocommerce_thumbnail size-woocommerce_thumbnail\" alt=\"P\u0142yn do rozpuszczania betonu\" \/><\/div>\n\t\t\t\t\t<div class=\"wc-block-grid__product-title\">BETOFF-BIO &#8211; 5L &#8211; Rozpuszczalnik do betonu (do cienkich i \u015bwie\u017cych zabrudze\u0144)<\/div>\n\t\t\t\t<\/a>\n\t\t\t\t<div class=\"wc-block-grid__product-price price\"><\/div>\n\t\t\t\t\n\t\t\t\t<div class=\"wp-block-button wc-block-grid__product-add-to-cart\"><a href=\"https:\/\/betoff.eu\/sv\/produkt\/betoff-bio-5l-rozpuszczalnik-do-betonu-do-cienkich-i-swiezych-zabrudzen\/\" aria-label=\"L\u00e4s mer om \u201dBETOFF-BIO - 5L - Rozpuszczalnik do betonu (do cienkich i \u015bwie\u017cych zabrudze\u0144)\u201d\" data-quantity=\"1\" data-product_id=\"39979\" data-product_sku=\"\" data-price=\"0\" rel=\"nofollow\" class=\"wp-block-button__link  add_to_cart_button\">L\u00e4s mer<\/a><\/div>\n\t\t\t<\/li><li class=\"wc-block-grid__product\">\n\t\t\t\t<a href=\"https:\/\/betoff.eu\/sv\/produkt\/betoff-bio-1l-rozpuszczalnik-do-betonu-do-cienkich-i-swiezych-zabrudzen\/\" class=\"wc-block-grid__product-link\">\n\t\t\t\t\t\n\t\t\t\t\t<div class=\"wc-block-grid__product-image\"><img loading=\"lazy\" decoding=\"async\" width=\"247\" height=\"296\" src=\"https:\/\/betoff.eu\/wp-content\/uploads\/2024\/08\/betoff-bio-neu-ety-430x538-3-247x296.png\" class=\"attachment-woocommerce_thumbnail size-woocommerce_thumbnail\" alt=\"Biodegradowalny rozpuszczalnik do betonu\" \/><\/div>\n\t\t\t\t\t<div class=\"wc-block-grid__product-title\">BETOFF-BIO &#8211; 1L &#8211; Rozpuszczalnik do betonu (do cienkich i \u015bwie\u017cych zabrudze\u0144)<\/div>\n\t\t\t\t<\/a>\n\t\t\t\t<div class=\"wc-block-grid__product-price price\"><\/div>\n\t\t\t\t\n\t\t\t\t<div class=\"wp-block-button wc-block-grid__product-add-to-cart\"><a href=\"https:\/\/betoff.eu\/sv\/produkt\/betoff-bio-1l-rozpuszczalnik-do-betonu-do-cienkich-i-swiezych-zabrudzen\/\" aria-label=\"L\u00e4s mer om \u201dBETOFF-BIO - 1L - Rozpuszczalnik do betonu (do cienkich i \u015bwie\u017cych zabrudze\u0144)\u201d\" data-quantity=\"1\" data-product_id=\"39977\" data-product_sku=\"\" data-price=\"0\" rel=\"nofollow\" class=\"wp-block-button__link  add_to_cart_button\">L\u00e4s mer<\/a><\/div>\n\t\t\t<\/li><\/ul><\/div> \n\t\t\t<div class=\"wp-block-media-text alignwide has-media-on-the-right\"\"><figure class=\"wp-block-media-text__media\"><img loading=\"lazy\" decoding=\"async\" width=\"1920\" height=\"1280\" src=\"https:\/\/betoff.eu\/wp-content\/uploads\/2021\/02\/other-small.jpg\" alt=\"\" class=\"wp-image-237\" srcset=\"https:\/\/betoff.eu\/wp-content\/uploads\/2021\/02\/other-small.jpg 1920w, https:\/\/betoff.eu\/wp-content\/uploads\/2021\/02\/other-small-510x340.jpg 510w, https:\/\/betoff.eu\/wp-content\/uploads\/2021\/02\/other-small-300x200.jpg 300w, https:\/\/betoff.eu\/wp-content\/uploads\/2021\/02\/other-small-1024x683.jpg 1024w, https:\/\/betoff.eu\/wp-content\/uploads\/2021\/02\/other-small-768x512.jpg 768w, https:\/\/betoff.eu\/wp-content\/uploads\/2021\/02\/other-small-1536x1024.jpg 1536w, https:\/\/betoff.eu\/wp-content\/uploads\/2021\/02\/other-small-600x400.jpg 600w\" sizes=\"auto, (max-width: 1920px) 100vw, 1920px\" \/><\/figure><div class=\"wp-block-media-text__content\">\n\t\t\t<p class=\"has-large-font-size\"><\/p>\n\t\t\t<\/div><\/div>\n\t\t\t\n\t\t\t<div class=\"wp-block-media-text alignwide\"\"><figure class=\"wp-block-media-text__media\"><img loading=\"lazy\" decoding=\"async\" width=\"1920\" height=\"1280\" src=\"https:\/\/betoff.eu\/wp-content\/uploads\/2021\/02\/other-small.jpg\" alt=\"\" class=\"wp-image-237\" srcset=\"https:\/\/betoff.eu\/wp-content\/uploads\/2021\/02\/other-small.jpg 1920w, https:\/\/betoff.eu\/wp-content\/uploads\/2021\/02\/other-small-510x340.jpg 510w, https:\/\/betoff.eu\/wp-content\/uploads\/2021\/02\/other-small-300x200.jpg 300w, https:\/\/betoff.eu\/wp-content\/uploads\/2021\/02\/other-small-1024x683.jpg 1024w, https:\/\/betoff.eu\/wp-content\/uploads\/2021\/02\/other-small-768x512.jpg 768w, https:\/\/betoff.eu\/wp-content\/uploads\/2021\/02\/other-small-1536x1024.jpg 1536w, https:\/\/betoff.eu\/wp-content\/uploads\/2021\/02\/other-small-600x400.jpg 600w\" sizes=\"auto, (max-width: 1920px) 100vw, 1920px\" \/><\/figure><div class=\"wp-block-media-text__content\">\n\t\t\t<p class=\"has-large-font-size\"><\/p>\n\t\t\t<\/div><\/div>\n\t\t\t\n\t\t\t<div class=\"wp-block-media-text alignwide has-media-on-the-right\"\"><figure class=\"wp-block-media-text__media\"><img loading=\"lazy\" decoding=\"async\" width=\"1920\" height=\"1280\" src=\"https:\/\/betoff.eu\/wp-content\/uploads\/2021\/02\/other-small.jpg\" alt=\"\" class=\"wp-image-237\" srcset=\"https:\/\/betoff.eu\/wp-content\/uploads\/2021\/02\/other-small.jpg 1920w, https:\/\/betoff.eu\/wp-content\/uploads\/2021\/02\/other-small-510x340.jpg 510w, https:\/\/betoff.eu\/wp-content\/uploads\/2021\/02\/other-small-300x200.jpg 300w, https:\/\/betoff.eu\/wp-content\/uploads\/2021\/02\/other-small-1024x683.jpg 1024w, https:\/\/betoff.eu\/wp-content\/uploads\/2021\/02\/other-small-768x512.jpg 768w, https:\/\/betoff.eu\/wp-content\/uploads\/2021\/02\/other-small-1536x1024.jpg 1536w, https:\/\/betoff.eu\/wp-content\/uploads\/2021\/02\/other-small-600x400.jpg 600w\" sizes=\"auto, (max-width: 1920px) 100vw, 1920px\" \/><\/figure><div class=\"wp-block-media-text__content\">\n\t\t\t<p class=\"has-large-font-size\"><\/p>\n\t\t\t<\/div><\/div>\n\t\t\t\n\n\t\t","protected":false},"excerpt":{"rendered":"<p>Nya produkter<\/p>\n","protected":false},"author":1,"featured_media":0,"parent":0,"menu_order":0,"comment_status":"closed","ping_status":"closed","template":"","meta":{"om_disable_all_campaigns":false,"footnotes":""},"class_list":["post-236","page","type-page","status-publish","hentry"],"yoast_head":"<!-- This site is optimized with the Yoast SEO plugin v25.9 - https:\/\/yoast.com\/wordpress\/plugins\/seo\/ -->\n<title>Startsida - BETOFF-Produkter f\u00f6r betongens v\u00e4rld och bortom!<\/title>\n<meta name=\"robots\" content=\"index, follow, max-snippet:-1, max-image-preview:large, max-video-preview:-1\" \/>\n<link rel=\"canonical\" href=\"https:\/\/betoff.eu\/startsida\/\" \/>\n<meta property=\"og:locale\" content=\"sv_SE\" \/>\n<meta property=\"og:type\" content=\"article\" \/>\n<meta property=\"og:title\" content=\"Startsida - BETOFF-Produkter f\u00f6r betongens v\u00e4rld och bortom!\" \/>\n<meta property=\"og:description\" content=\"Nya produkter\" \/>\n<meta property=\"og:url\" content=\"https:\/\/betoff.eu\/startsida\/\" \/>\n<meta property=\"og:site_name\" content=\"BETOFF-Produkter f\u00f6r betongens v\u00e4rld och bortom!\" \/>\n<meta property=\"article:modified_time\" content=\"2021-02-18T07:59:10+00:00\" \/>\n<meta property=\"og:image\" content=\"https:\/\/betoff.eu\/wp-content\/uploads\/2021\/02\/other-small.jpg\" \/>\n<meta name=\"twitter:card\" content=\"summary_large_image\" \/>\n<script type=\"application\/ld+json\" class=\"yoast-schema-graph\">{\"@context\":\"https:\/\/schema.org\",\"@graph\":[{\"@type\":\"WebPage\",\"@id\":\"https:\/\/betoff.eu\/startsida\/\",\"url\":\"https:\/\/betoff.eu\/startsida\/\",\"name\":\"Startsida - BETOFF-Produkter f\u00f6r betongens v\u00e4rld och bortom!\",\"isPartOf\":{\"@id\":\"https:\/\/betoff.eu\/#website\"},\"primaryImageOfPage\":{\"@id\":\"https:\/\/betoff.eu\/startsida\/#primaryimage\"},\"image\":{\"@id\":\"https:\/\/betoff.eu\/startsida\/#primaryimage\"},\"thumbnailUrl\":\"https:\/\/betoff.eu\/wp-content\/uploads\/2021\/02\/other-small.jpg\",\"datePublished\":\"2021-02-18T07:59:05+00:00\",\"dateModified\":\"2021-02-18T07:59:10+00:00\",\"breadcrumb\":{\"@id\":\"https:\/\/betoff.eu\/startsida\/#breadcrumb\"},\"inLanguage\":\"sv-SE\",\"potentialAction\":[{\"@type\":\"ReadAction\",\"target\":[\"https:\/\/betoff.eu\/startsida\/\"]}]},{\"@type\":\"ImageObject\",\"inLanguage\":\"sv-SE\",\"@id\":\"https:\/\/betoff.eu\/startsida\/#primaryimage\",\"url\":\"https:\/\/betoff.eu\/wp-content\/uploads\/2021\/02\/other-small.jpg\",\"contentUrl\":\"https:\/\/betoff.eu\/wp-content\/uploads\/2021\/02\/other-small.jpg\"},{\"@type\":\"BreadcrumbList\",\"@id\":\"https:\/\/betoff.eu\/startsida\/#breadcrumb\",\"itemListElement\":[{\"@type\":\"ListItem\",\"position\":1,\"name\":\"Hem\",\"item\":\"https:\/\/betoff.eu\/sv\/\"},{\"@type\":\"ListItem\",\"position\":2,\"name\":\"Startsida\"}]},{\"@type\":\"WebSite\",\"@id\":\"https:\/\/betoff.eu\/#website\",\"url\":\"https:\/\/betoff.eu\/\",\"name\":\"BETOFF-Products for the world of concrete and beyond!\",\"description\":\"Betoff - Betongborttagningsv\u00e4tska\",\"publisher\":{\"@id\":\"https:\/\/betoff.eu\/#\/schema\/person\/cded67f1acad0c68af8dcc171137512c\"},\"potentialAction\":[{\"@type\":\"SearchAction\",\"target\":{\"@type\":\"EntryPoint\",\"urlTemplate\":\"https:\/\/betoff.eu\/?s={search_term_string}\"},\"query-input\":{\"@type\":\"PropertyValueSpecification\",\"valueRequired\":true,\"valueName\":\"search_term_string\"}}],\"inLanguage\":\"sv-SE\"},{\"@type\":[\"Person\",\"Organization\"],\"@id\":\"https:\/\/betoff.eu\/#\/schema\/person\/cded67f1acad0c68af8dcc171137512c\",\"name\":\"admin\",\"image\":{\"@type\":\"ImageObject\",\"inLanguage\":\"sv-SE\",\"@id\":\"https:\/\/betoff.eu\/#\/schema\/person\/image\/\",\"url\":\"https:\/\/betoff.eu\/wp-content\/uploads\/2021\/02\/betoff-logo.png\",\"contentUrl\":\"https:\/\/betoff.eu\/wp-content\/uploads\/2021\/02\/betoff-logo.png\",\"width\":1024,\"height\":258,\"caption\":\"admin\"},\"logo\":{\"@id\":\"https:\/\/betoff.eu\/#\/schema\/person\/image\/\"}}]}<\/script>\n<!-- \/ Yoast SEO plugin. -->","yoast_head_json":{"title":"Startsida - BETOFF-Produkter f\u00f6r betongens v\u00e4rld och bortom!","robots":{"index":"index","follow":"follow","max-snippet":"max-snippet:-1","max-image-preview":"max-image-preview:large","max-video-preview":"max-video-preview:-1"},"canonical":"https:\/\/betoff.eu\/startsida\/","og_locale":"sv_SE","og_type":"article","og_title":"Startsida - BETOFF-Produkter f\u00f6r betongens v\u00e4rld och bortom!","og_description":"Nya produkter","og_url":"https:\/\/betoff.eu\/startsida\/","og_site_name":"BETOFF-Produkter f\u00f6r betongens v\u00e4rld och bortom!","article_modified_time":"2021-02-18T07:59:10+00:00","og_image":[{"url":"https:\/\/betoff.eu\/wp-content\/uploads\/2021\/02\/other-small.jpg","type":"","width":"","height":""}],"twitter_card":"summary_large_image","schema":{"@context":"https:\/\/schema.org","@graph":[{"@type":"WebPage","@id":"https:\/\/betoff.eu\/startsida\/","url":"https:\/\/betoff.eu\/startsida\/","name":"Startsida - BETOFF-Produkter f\u00f6r betongens v\u00e4rld och bortom!","isPartOf":{"@id":"https:\/\/betoff.eu\/#website"},"primaryImageOfPage":{"@id":"https:\/\/betoff.eu\/startsida\/#primaryimage"},"image":{"@id":"https:\/\/betoff.eu\/startsida\/#primaryimage"},"thumbnailUrl":"https:\/\/betoff.eu\/wp-content\/uploads\/2021\/02\/other-small.jpg","datePublished":"2021-02-18T07:59:05+00:00","dateModified":"2021-02-18T07:59:10+00:00","breadcrumb":{"@id":"https:\/\/betoff.eu\/startsida\/#breadcrumb"},"inLanguage":"sv-SE","potentialAction":[{"@type":"ReadAction","target":["https:\/\/betoff.eu\/startsida\/"]}]},{"@type":"ImageObject","inLanguage":"sv-SE","@id":"https:\/\/betoff.eu\/startsida\/#primaryimage","url":"https:\/\/betoff.eu\/wp-content\/uploads\/2021\/02\/other-small.jpg","contentUrl":"https:\/\/betoff.eu\/wp-content\/uploads\/2021\/02\/other-small.jpg"},{"@type":"BreadcrumbList","@id":"https:\/\/betoff.eu\/startsida\/#breadcrumb","itemListElement":[{"@type":"ListItem","position":1,"name":"Hem","item":"https:\/\/betoff.eu\/sv\/"},{"@type":"ListItem","position":2,"name":"Startsida"}]},{"@type":"WebSite","@id":"https:\/\/betoff.eu\/#website","url":"https:\/\/betoff.eu\/","name":"BETOFF-Products for the world of concrete and beyond!","description":"Betoff - Betongborttagningsv\u00e4tska","publisher":{"@id":"https:\/\/betoff.eu\/#\/schema\/person\/cded67f1acad0c68af8dcc171137512c"},"potentialAction":[{"@type":"SearchAction","target":{"@type":"EntryPoint","urlTemplate":"https:\/\/betoff.eu\/?s={search_term_string}"},"query-input":{"@type":"PropertyValueSpecification","valueRequired":true,"valueName":"search_term_string"}}],"inLanguage":"sv-SE"},{"@type":["Person","Organization"],"@id":"https:\/\/betoff.eu\/#\/schema\/person\/cded67f1acad0c68af8dcc171137512c","name":"admin","image":{"@type":"ImageObject","inLanguage":"sv-SE","@id":"https:\/\/betoff.eu\/#\/schema\/person\/image\/","url":"https:\/\/betoff.eu\/wp-content\/uploads\/2021\/02\/betoff-logo.png","contentUrl":"https:\/\/betoff.eu\/wp-content\/uploads\/2021\/02\/betoff-logo.png","width":1024,"height":258,"caption":"admin"},"logo":{"@id":"https:\/\/betoff.eu\/#\/schema\/person\/image\/"}}]}},"_links":{"self":[{"href":"https:\/\/betoff.eu\/sv\/wp-json\/wp\/v2\/pages\/236","targetHints":{"allow":["GET"]}}],"collection":[{"href":"https:\/\/betoff.eu\/sv\/wp-json\/wp\/v2\/pages"}],"about":[{"href":"https:\/\/betoff.eu\/sv\/wp-json\/wp\/v2\/types\/page"}],"author":[{"embeddable":true,"href":"https:\/\/betoff.eu\/sv\/wp-json\/wp\/v2\/users\/1"}],"replies":[{"embeddable":true,"href":"https:\/\/betoff.eu\/sv\/wp-json\/wp\/v2\/comments?post=236"}],"version-history":[{"count":0,"href":"https:\/\/betoff.eu\/sv\/wp-json\/wp\/v2\/pages\/236\/revisions"}],"wp:attachment":[{"href":"https:\/\/betoff.eu\/sv\/wp-json\/wp\/v2\/media?parent=236"}],"curies":[{"name":"wp","href":"https:\/\/api.w.org\/{rel}","templated":true}]}}