{"id":3646,"date":"2024-04-25T15:44:36","date_gmt":"2024-04-25T13:44:36","guid":{"rendered":"https:\/\/betoff.eu\/?post_type=product&#038;p=3646"},"modified":"2024-04-25T15:45:37","modified_gmt":"2024-04-25T13:45:37","slug":"betoff-u-1l-univerzalna-cistilna-tekocina","status":"publish","type":"product","link":"https:\/\/betoff.eu\/sl\/produkt\/betoff-u-1l-univerzalna-cistilna-tekocina\/","title":{"rendered":"BETOFF-U &#8211; 1L &#8211; Univerzalna \u010distilna teko\u010dina"},"content":{"rendered":"<p>Betoff-U je inovativen pripravek, ustvarjen z AI za odstranjevanje razli\u010dnih vrst umazanije z razli\u010dnih vrst povr\u0161in. Odlikujejo ga mo\u010d, brez vonja, u\u010dinkovitost, kozmeti\u010dne sestavine in dejstvo, da je pri njegovem ustvarjanju sodelovala umetna inteligenca.<\/p>\n<p>Njegova \u0161iroka uporabnost je neprekosljiva. Lahko raztopi rjo in cestno sol z avtomobilskih preprog ali usnjenih \u010devljev. Izredno mo\u010dno deluje na te\u017eko odstranljive urinske made\u017ee, ki se po dolo\u010denem \u010dasu pojavijo na strani\u0161\u010dni \u0161koljki. Hitro raztopi zasu\u0161en omet, ki pogosto ostane na gradbenem orodju. Zanimivo je, da je to edina tovrstna teko\u010dina na trgu, ki lahko raztopi cementno mleko. Tudi vodni kamen mu ne dela te\u017eav.<\/p>\n","protected":false},"excerpt":{"rendered":"<p>Betoff-U je inovativen pripravek, ustvarjen z AI za odstranjevanje razli\u010dnih vrst umazanije z razli\u010dnih vrst povr\u0161in. Odlikujejo ga mo\u010d, brez vonja, u\u010dinkovitost, kozmeti\u010dne sestavine in dejstvo, da je pri njegovem ustvarjanju sodelovala umetna inteligenca. Njegova \u0161iroka uporabnost je neprekosljiva. Lahko raztopi rjo in cestno sol z avtomobilskih preprog ali usnjenih \u010devljev. Izredno mo\u010dno deluje na [&#8230;]\n","protected":false},"featured_media":3589,"template":"","meta":{"om_disable_all_campaigns":false},"product_brand":[],"product_cat":[299],"product_tag":[],"class_list":{"0":"post-3646","1":"product","2":"type-product","3":"status-publish","4":"has-post-thumbnail","6":"product_cat-univerzalna-cistilna-tekocina","8":"first","9":"instock","10":"taxable","11":"shipping-taxable","12":"purchasable","13":"product-type-simple"},"yoast_head":"<!-- This site is optimized with the Yoast SEO plugin v25.9 - https:\/\/yoast.com\/wordpress\/plugins\/seo\/ -->\n<title>BETOFF-U - 1L - Univerzalna \u010distilna teko\u010dina - BETOFF-Izdelki za svet betona in \u0161ir\u0161e!<\/title>\n<meta name=\"description\" content=\"Inovativno, univerzalno \u010distilno sredstvo na osnovi kozmeti\u010dnih sestavin. 100% biorazgradljivo, zelo u\u010dinkovito! Z njim odstranite plesen, mah, vodni kamen in \u0161tevilne druge trdovratne umazanije!\" \/>\n<meta name=\"robots\" content=\"index, follow, max-snippet:-1, max-image-preview:large, max-video-preview:-1\" \/>\n<link rel=\"canonical\" href=\"https:\/\/betoff.eu\/sl\/produkt\/betoff-u-1l-univerzalna-cistilna-tekocina\/\" \/>\n<meta property=\"og:locale\" content=\"sl_SI\" \/>\n<meta property=\"og:type\" content=\"article\" \/>\n<meta property=\"og:title\" content=\"BETOFF-U - 1L - Univerzalna \u010distilna teko\u010dina - BETOFF-Izdelki za svet betona in \u0161ir\u0161e!\" \/>\n<meta property=\"og:description\" content=\"Inovativno, univerzalno \u010distilno sredstvo na osnovi kozmeti\u010dnih sestavin. 100% biorazgradljivo, zelo u\u010dinkovito! Z njim odstranite plesen, mah, vodni kamen in \u0161tevilne druge trdovratne umazanije!\" \/>\n<meta property=\"og:url\" content=\"https:\/\/betoff.eu\/sl\/produkt\/betoff-u-1l-univerzalna-cistilna-tekocina\/\" \/>\n<meta property=\"og:site_name\" content=\"BETOFF-Izdelki za svet betona in \u0161ir\u0161e!\" \/>\n<meta property=\"article:modified_time\" content=\"2024-04-25T13:45:37+00:00\" \/>\n<meta property=\"og:image\" content=\"https:\/\/betoff.eu\/wp-content\/uploads\/2024\/04\/Betoff-U-1L-shop-nue-2.png\" \/>\n\t<meta property=\"og:image:width\" content=\"1043\" \/>\n\t<meta property=\"og:image:height\" content=\"1177\" \/>\n\t<meta property=\"og:image:type\" content=\"image\/png\" \/>\n<meta name=\"twitter:card\" content=\"summary_large_image\" \/>\n<meta name=\"twitter:label1\" content=\"Est. reading time\" \/>\n\t<meta name=\"twitter:data1\" content=\"1 minuta\" \/>\n<script type=\"application\/ld+json\" class=\"yoast-schema-graph\">{\"@context\":\"https:\/\/schema.org\",\"@graph\":[{\"@type\":\"WebPage\",\"@id\":\"https:\/\/betoff.eu\/sl\/produkt\/betoff-u-1l-univerzalna-cistilna-tekocina\/\",\"url\":\"https:\/\/betoff.eu\/sl\/produkt\/betoff-u-1l-univerzalna-cistilna-tekocina\/\",\"name\":\"BETOFF-U - 1L - Univerzalna \u010distilna teko\u010dina - BETOFF-Izdelki za svet betona in \u0161ir\u0161e!\",\"isPartOf\":{\"@id\":\"https:\/\/betoff.eu\/#website\"},\"primaryImageOfPage\":{\"@id\":\"https:\/\/betoff.eu\/sl\/produkt\/betoff-u-1l-univerzalna-cistilna-tekocina\/#primaryimage\"},\"image\":{\"@id\":\"https:\/\/betoff.eu\/sl\/produkt\/betoff-u-1l-univerzalna-cistilna-tekocina\/#primaryimage\"},\"thumbnailUrl\":\"https:\/\/betoff.eu\/wp-content\/uploads\/2024\/04\/Betoff-U-1L-shop-nue-2.png\",\"datePublished\":\"2024-04-25T13:44:36+00:00\",\"dateModified\":\"2024-04-25T13:45:37+00:00\",\"description\":\"Inovativno, univerzalno \u010distilno sredstvo na osnovi kozmeti\u010dnih sestavin. 100% biorazgradljivo, zelo u\u010dinkovito! Z njim odstranite plesen, mah, vodni kamen in \u0161tevilne druge trdovratne umazanije!\",\"breadcrumb\":{\"@id\":\"https:\/\/betoff.eu\/sl\/produkt\/betoff-u-1l-univerzalna-cistilna-tekocina\/#breadcrumb\"},\"inLanguage\":\"sl-SI\",\"potentialAction\":[{\"@type\":\"ReadAction\",\"target\":[\"https:\/\/betoff.eu\/sl\/produkt\/betoff-u-1l-univerzalna-cistilna-tekocina\/\"]}]},{\"@type\":\"ImageObject\",\"inLanguage\":\"sl-SI\",\"@id\":\"https:\/\/betoff.eu\/sl\/produkt\/betoff-u-1l-univerzalna-cistilna-tekocina\/#primaryimage\",\"url\":\"https:\/\/betoff.eu\/wp-content\/uploads\/2024\/04\/Betoff-U-1L-shop-nue-2.png\",\"contentUrl\":\"https:\/\/betoff.eu\/wp-content\/uploads\/2024\/04\/Betoff-U-1L-shop-nue-2.png\",\"width\":1043,\"height\":1177,\"caption\":\"univerzalna \u010distilna teko\u010dina\"},{\"@type\":\"BreadcrumbList\",\"@id\":\"https:\/\/betoff.eu\/sl\/produkt\/betoff-u-1l-univerzalna-cistilna-tekocina\/#breadcrumb\",\"itemListElement\":[{\"@type\":\"ListItem\",\"position\":1,\"name\":\"Hem\",\"item\":\"https:\/\/betoff.eu\/sl\/\"},{\"@type\":\"ListItem\",\"position\":2,\"name\":\"Shop\",\"item\":\"https:\/\/betoff.eu\/pl\/sklep-2\/\"},{\"@type\":\"ListItem\",\"position\":3,\"name\":\"BETOFF-U &#8211; 1L &#8211; Univerzalna \u010distilna teko\u010dina\"}]},{\"@type\":\"WebSite\",\"@id\":\"https:\/\/betoff.eu\/#website\",\"url\":\"https:\/\/betoff.eu\/\",\"name\":\"BETOFF-Products for the world of concrete and beyond!\",\"description\":\"Betoff - Teko\u010dine za raztapljanje betona\",\"publisher\":{\"@id\":\"https:\/\/betoff.eu\/#\/schema\/person\/cded67f1acad0c68af8dcc171137512c\"},\"potentialAction\":[{\"@type\":\"SearchAction\",\"target\":{\"@type\":\"EntryPoint\",\"urlTemplate\":\"https:\/\/betoff.eu\/?s={search_term_string}\"},\"query-input\":{\"@type\":\"PropertyValueSpecification\",\"valueRequired\":true,\"valueName\":\"search_term_string\"}}],\"inLanguage\":\"sl-SI\"},{\"@type\":[\"Person\",\"Organization\"],\"@id\":\"https:\/\/betoff.eu\/#\/schema\/person\/cded67f1acad0c68af8dcc171137512c\",\"name\":\"admin\",\"image\":{\"@type\":\"ImageObject\",\"inLanguage\":\"sl-SI\",\"@id\":\"https:\/\/betoff.eu\/#\/schema\/person\/image\/\",\"url\":\"https:\/\/betoff.eu\/wp-content\/uploads\/2021\/02\/betoff-logo.png\",\"contentUrl\":\"https:\/\/betoff.eu\/wp-content\/uploads\/2021\/02\/betoff-logo.png\",\"width\":1024,\"height\":258,\"caption\":\"admin\"},\"logo\":{\"@id\":\"https:\/\/betoff.eu\/#\/schema\/person\/image\/\"}}]}<\/script>\n<!-- \/ Yoast SEO plugin. -->","yoast_head_json":{"title":"BETOFF-U - 1L - Univerzalna \u010distilna teko\u010dina - BETOFF-Izdelki za svet betona in \u0161ir\u0161e!","description":"Inovativno, univerzalno \u010distilno sredstvo na osnovi kozmeti\u010dnih sestavin. 100% biorazgradljivo, zelo u\u010dinkovito! Z njim odstranite plesen, mah, vodni kamen in \u0161tevilne druge trdovratne umazanije!","robots":{"index":"index","follow":"follow","max-snippet":"max-snippet:-1","max-image-preview":"max-image-preview:large","max-video-preview":"max-video-preview:-1"},"canonical":"https:\/\/betoff.eu\/sl\/produkt\/betoff-u-1l-univerzalna-cistilna-tekocina\/","og_locale":"sl_SI","og_type":"article","og_title":"BETOFF-U - 1L - Univerzalna \u010distilna teko\u010dina - BETOFF-Izdelki za svet betona in \u0161ir\u0161e!","og_description":"Inovativno, univerzalno \u010distilno sredstvo na osnovi kozmeti\u010dnih sestavin. 100% biorazgradljivo, zelo u\u010dinkovito! Z njim odstranite plesen, mah, vodni kamen in \u0161tevilne druge trdovratne umazanije!","og_url":"https:\/\/betoff.eu\/sl\/produkt\/betoff-u-1l-univerzalna-cistilna-tekocina\/","og_site_name":"BETOFF-Izdelki za svet betona in \u0161ir\u0161e!","article_modified_time":"2024-04-25T13:45:37+00:00","og_image":[{"width":1043,"height":1177,"url":"https:\/\/betoff.eu\/wp-content\/uploads\/2024\/04\/Betoff-U-1L-shop-nue-2.png","type":"image\/png"}],"twitter_card":"summary_large_image","twitter_misc":{"Est. reading time":"1 minuta"},"schema":{"@context":"https:\/\/schema.org","@graph":[{"@type":"WebPage","@id":"https:\/\/betoff.eu\/sl\/produkt\/betoff-u-1l-univerzalna-cistilna-tekocina\/","url":"https:\/\/betoff.eu\/sl\/produkt\/betoff-u-1l-univerzalna-cistilna-tekocina\/","name":"BETOFF-U - 1L - Univerzalna \u010distilna teko\u010dina - BETOFF-Izdelki za svet betona in \u0161ir\u0161e!","isPartOf":{"@id":"https:\/\/betoff.eu\/#website"},"primaryImageOfPage":{"@id":"https:\/\/betoff.eu\/sl\/produkt\/betoff-u-1l-univerzalna-cistilna-tekocina\/#primaryimage"},"image":{"@id":"https:\/\/betoff.eu\/sl\/produkt\/betoff-u-1l-univerzalna-cistilna-tekocina\/#primaryimage"},"thumbnailUrl":"https:\/\/betoff.eu\/wp-content\/uploads\/2024\/04\/Betoff-U-1L-shop-nue-2.png","datePublished":"2024-04-25T13:44:36+00:00","dateModified":"2024-04-25T13:45:37+00:00","description":"Inovativno, univerzalno \u010distilno sredstvo na osnovi kozmeti\u010dnih sestavin. 100% biorazgradljivo, zelo u\u010dinkovito! Z njim odstranite plesen, mah, vodni kamen in \u0161tevilne druge trdovratne umazanije!","breadcrumb":{"@id":"https:\/\/betoff.eu\/sl\/produkt\/betoff-u-1l-univerzalna-cistilna-tekocina\/#breadcrumb"},"inLanguage":"sl-SI","potentialAction":[{"@type":"ReadAction","target":["https:\/\/betoff.eu\/sl\/produkt\/betoff-u-1l-univerzalna-cistilna-tekocina\/"]}]},{"@type":"ImageObject","inLanguage":"sl-SI","@id":"https:\/\/betoff.eu\/sl\/produkt\/betoff-u-1l-univerzalna-cistilna-tekocina\/#primaryimage","url":"https:\/\/betoff.eu\/wp-content\/uploads\/2024\/04\/Betoff-U-1L-shop-nue-2.png","contentUrl":"https:\/\/betoff.eu\/wp-content\/uploads\/2024\/04\/Betoff-U-1L-shop-nue-2.png","width":1043,"height":1177,"caption":"univerzalna \u010distilna teko\u010dina"},{"@type":"BreadcrumbList","@id":"https:\/\/betoff.eu\/sl\/produkt\/betoff-u-1l-univerzalna-cistilna-tekocina\/#breadcrumb","itemListElement":[{"@type":"ListItem","position":1,"name":"Hem","item":"https:\/\/betoff.eu\/sl\/"},{"@type":"ListItem","position":2,"name":"Shop","item":"https:\/\/betoff.eu\/pl\/sklep-2\/"},{"@type":"ListItem","position":3,"name":"BETOFF-U &#8211; 1L &#8211; Univerzalna \u010distilna teko\u010dina"}]},{"@type":"WebSite","@id":"https:\/\/betoff.eu\/#website","url":"https:\/\/betoff.eu\/","name":"BETOFF-Products for the world of concrete and beyond!","description":"Betoff - Teko\u010dine za raztapljanje betona","publisher":{"@id":"https:\/\/betoff.eu\/#\/schema\/person\/cded67f1acad0c68af8dcc171137512c"},"potentialAction":[{"@type":"SearchAction","target":{"@type":"EntryPoint","urlTemplate":"https:\/\/betoff.eu\/?s={search_term_string}"},"query-input":{"@type":"PropertyValueSpecification","valueRequired":true,"valueName":"search_term_string"}}],"inLanguage":"sl-SI"},{"@type":["Person","Organization"],"@id":"https:\/\/betoff.eu\/#\/schema\/person\/cded67f1acad0c68af8dcc171137512c","name":"admin","image":{"@type":"ImageObject","inLanguage":"sl-SI","@id":"https:\/\/betoff.eu\/#\/schema\/person\/image\/","url":"https:\/\/betoff.eu\/wp-content\/uploads\/2021\/02\/betoff-logo.png","contentUrl":"https:\/\/betoff.eu\/wp-content\/uploads\/2021\/02\/betoff-logo.png","width":1024,"height":258,"caption":"admin"},"logo":{"@id":"https:\/\/betoff.eu\/#\/schema\/person\/image\/"}}]}},"_links":{"self":[{"href":"https:\/\/betoff.eu\/sl\/wp-json\/wp\/v2\/product\/3646","targetHints":{"allow":["GET"]}}],"collection":[{"href":"https:\/\/betoff.eu\/sl\/wp-json\/wp\/v2\/product"}],"about":[{"href":"https:\/\/betoff.eu\/sl\/wp-json\/wp\/v2\/types\/product"}],"wp:featuredmedia":[{"embeddable":true,"href":"https:\/\/betoff.eu\/sl\/wp-json\/wp\/v2\/media\/3589"}],"wp:attachment":[{"href":"https:\/\/betoff.eu\/sl\/wp-json\/wp\/v2\/media?parent=3646"}],"wp:term":[{"taxonomy":"product_brand","embeddable":true,"href":"https:\/\/betoff.eu\/sl\/wp-json\/wp\/v2\/product_brand?post=3646"},{"taxonomy":"product_cat","embeddable":true,"href":"https:\/\/betoff.eu\/sl\/wp-json\/wp\/v2\/product_cat?post=3646"},{"taxonomy":"product_tag","embeddable":true,"href":"https:\/\/betoff.eu\/sl\/wp-json\/wp\/v2\/product_tag?post=3646"}],"curies":[{"name":"wp","href":"https:\/\/api.w.org\/{rel}","templated":true}]}}