{"id":3644,"date":"2024-04-25T15:39:07","date_gmt":"2024-04-25T13:39:07","guid":{"rendered":"https:\/\/betoff.eu\/?post_type=product&#038;p=3644"},"modified":"2024-04-25T15:41:05","modified_gmt":"2024-04-25T13:41:05","slug":"betoff-f-4l-cistilo-za-fuge-brez-drgnjenja","status":"publish","type":"product","link":"https:\/\/betoff.eu\/sl\/produkt\/betoff-f-4l-cistilo-za-fuge-brez-drgnjenja\/","title":{"rendered":"BETOFF-F &#8211; 4L &#8211; \u010cistilo za fuge (brez drgnjenja)"},"content":{"rendered":"<p>BETOFF-F, inovativno \u010distilo za fugirno maso, pri katerem se vam ni treba mu\u010diti z drgnjenjem umazane fugirne mase. Vse kar morate storiti je, da teko\u010dino nanesete na fugirno maso, po\u010dakate 1-2 minuti, nato sperite umazanijo, odstranjeno s fugirne mase. Na teko\u010dino pritrdimo posebno konico, zahvaljujo\u010d kateri lahko hitro in priro\u010dno nanesete pripravek na fugirno maso.<\/p>\n","protected":false},"excerpt":{"rendered":"<p>BETOFF-F, inovativno \u010distilo za fugirno maso, pri katerem se vam ni treba mu\u010diti z drgnjenjem umazane fugirne mase. Vse kar morate storiti je, da teko\u010dino nanesete na fugirno maso, po\u010dakate 1-2 minuti, nato sperite umazanijo, odstranjeno s fugirne mase. Na teko\u010dino pritrdimo posebno konico, zahvaljujo\u010d kateri lahko hitro in priro\u010dno nanesete pripravek na fugirno maso.<\/p>\n","protected":false},"featured_media":3587,"template":"","meta":{"om_disable_all_campaigns":false},"product_brand":[],"product_cat":[297],"product_tag":[],"class_list":{"0":"post-3644","1":"product","2":"type-product","3":"status-publish","4":"has-post-thumbnail","6":"product_cat-cistilo-za-fuge-brez-drgnjenja","8":"first","9":"instock","10":"taxable","11":"shipping-taxable","12":"purchasable","13":"product-type-simple"},"yoast_head":"<!-- This site is optimized with the Yoast SEO plugin v25.9 - https:\/\/yoast.com\/wordpress\/plugins\/seo\/ -->\n<title>BETOFF-F - 4L - \u010cistilo za fuge (brez drgnjenja) - BETOFF-Izdelki za svet betona in \u0161ir\u0161e!<\/title>\n<meta name=\"description\" content=\"Kako o\u010distiti fugirno maso, ne da bi jo drgnili? Za \u010di\u0161\u010denje fugirne mase uporabite inovativno teko\u010dino BETOFF-F! Zelo u\u010dinkovito odstrani vso trdovratno umazanijo s fug!\" \/>\n<meta name=\"robots\" content=\"index, follow, max-snippet:-1, max-image-preview:large, max-video-preview:-1\" \/>\n<link rel=\"canonical\" href=\"https:\/\/betoff.eu\/sl\/produkt\/betoff-f-4l-cistilo-za-fuge-brez-drgnjenja\/\" \/>\n<meta property=\"og:locale\" content=\"sl_SI\" \/>\n<meta property=\"og:type\" content=\"article\" \/>\n<meta property=\"og:title\" content=\"BETOFF-F - 4L - \u010cistilo za fuge (brez drgnjenja) - BETOFF-Izdelki za svet betona in \u0161ir\u0161e!\" \/>\n<meta property=\"og:description\" content=\"Kako o\u010distiti fugirno maso, ne da bi jo drgnili? Za \u010di\u0161\u010denje fugirne mase uporabite inovativno teko\u010dino BETOFF-F! Zelo u\u010dinkovito odstrani vso trdovratno umazanijo s fug!\" \/>\n<meta property=\"og:url\" content=\"https:\/\/betoff.eu\/sl\/produkt\/betoff-f-4l-cistilo-za-fuge-brez-drgnjenja\/\" \/>\n<meta property=\"og:site_name\" content=\"BETOFF-Izdelki za svet betona in \u0161ir\u0161e!\" \/>\n<meta property=\"article:modified_time\" content=\"2024-04-25T13:41:05+00:00\" \/>\n<meta property=\"og:image\" content=\"https:\/\/betoff.eu\/wp-content\/uploads\/2024\/04\/Betoff-F-x4-4.png\" \/>\n\t<meta property=\"og:image:width\" content=\"1530\" \/>\n\t<meta property=\"og:image:height\" content=\"2080\" \/>\n\t<meta property=\"og:image:type\" content=\"image\/png\" \/>\n<meta name=\"twitter:card\" content=\"summary_large_image\" \/>\n<meta name=\"twitter:label1\" content=\"Est. reading time\" \/>\n\t<meta name=\"twitter:data1\" content=\"1 minuta\" \/>\n<script type=\"application\/ld+json\" class=\"yoast-schema-graph\">{\"@context\":\"https:\/\/schema.org\",\"@graph\":[{\"@type\":\"WebPage\",\"@id\":\"https:\/\/betoff.eu\/sl\/produkt\/betoff-f-4l-cistilo-za-fuge-brez-drgnjenja\/\",\"url\":\"https:\/\/betoff.eu\/sl\/produkt\/betoff-f-4l-cistilo-za-fuge-brez-drgnjenja\/\",\"name\":\"BETOFF-F - 4L - \u010cistilo za fuge (brez drgnjenja) - BETOFF-Izdelki za svet betona in \u0161ir\u0161e!\",\"isPartOf\":{\"@id\":\"https:\/\/betoff.eu\/#website\"},\"primaryImageOfPage\":{\"@id\":\"https:\/\/betoff.eu\/sl\/produkt\/betoff-f-4l-cistilo-za-fuge-brez-drgnjenja\/#primaryimage\"},\"image\":{\"@id\":\"https:\/\/betoff.eu\/sl\/produkt\/betoff-f-4l-cistilo-za-fuge-brez-drgnjenja\/#primaryimage\"},\"thumbnailUrl\":\"https:\/\/betoff.eu\/wp-content\/uploads\/2024\/04\/Betoff-F-x4-4.png\",\"datePublished\":\"2024-04-25T13:39:07+00:00\",\"dateModified\":\"2024-04-25T13:41:05+00:00\",\"description\":\"Kako o\u010distiti fugirno maso, ne da bi jo drgnili? Za \u010di\u0161\u010denje fugirne mase uporabite inovativno teko\u010dino BETOFF-F! Zelo u\u010dinkovito odstrani vso trdovratno umazanijo s fug!\",\"breadcrumb\":{\"@id\":\"https:\/\/betoff.eu\/sl\/produkt\/betoff-f-4l-cistilo-za-fuge-brez-drgnjenja\/#breadcrumb\"},\"inLanguage\":\"sl-SI\",\"potentialAction\":[{\"@type\":\"ReadAction\",\"target\":[\"https:\/\/betoff.eu\/sl\/produkt\/betoff-f-4l-cistilo-za-fuge-brez-drgnjenja\/\"]}]},{\"@type\":\"ImageObject\",\"inLanguage\":\"sl-SI\",\"@id\":\"https:\/\/betoff.eu\/sl\/produkt\/betoff-f-4l-cistilo-za-fuge-brez-drgnjenja\/#primaryimage\",\"url\":\"https:\/\/betoff.eu\/wp-content\/uploads\/2024\/04\/Betoff-F-x4-4.png\",\"contentUrl\":\"https:\/\/betoff.eu\/wp-content\/uploads\/2024\/04\/Betoff-F-x4-4.png\",\"width\":1530,\"height\":2080,\"caption\":\"teko\u010dina za \u010di\u0161\u010denje sklepov\"},{\"@type\":\"BreadcrumbList\",\"@id\":\"https:\/\/betoff.eu\/sl\/produkt\/betoff-f-4l-cistilo-za-fuge-brez-drgnjenja\/#breadcrumb\",\"itemListElement\":[{\"@type\":\"ListItem\",\"position\":1,\"name\":\"Hem\",\"item\":\"https:\/\/betoff.eu\/sl\/\"},{\"@type\":\"ListItem\",\"position\":2,\"name\":\"Shop\",\"item\":\"https:\/\/betoff.eu\/pl\/sklep-2\/\"},{\"@type\":\"ListItem\",\"position\":3,\"name\":\"BETOFF-F &#8211; 4L &#8211; \u010cistilo za fuge (brez drgnjenja)\"}]},{\"@type\":\"WebSite\",\"@id\":\"https:\/\/betoff.eu\/#website\",\"url\":\"https:\/\/betoff.eu\/\",\"name\":\"BETOFF-Products for the world of concrete and beyond!\",\"description\":\"Betoff - Teko\u010dine za raztapljanje betona\",\"publisher\":{\"@id\":\"https:\/\/betoff.eu\/#\/schema\/person\/cded67f1acad0c68af8dcc171137512c\"},\"potentialAction\":[{\"@type\":\"SearchAction\",\"target\":{\"@type\":\"EntryPoint\",\"urlTemplate\":\"https:\/\/betoff.eu\/?s={search_term_string}\"},\"query-input\":{\"@type\":\"PropertyValueSpecification\",\"valueRequired\":true,\"valueName\":\"search_term_string\"}}],\"inLanguage\":\"sl-SI\"},{\"@type\":[\"Person\",\"Organization\"],\"@id\":\"https:\/\/betoff.eu\/#\/schema\/person\/cded67f1acad0c68af8dcc171137512c\",\"name\":\"admin\",\"image\":{\"@type\":\"ImageObject\",\"inLanguage\":\"sl-SI\",\"@id\":\"https:\/\/betoff.eu\/#\/schema\/person\/image\/\",\"url\":\"https:\/\/betoff.eu\/wp-content\/uploads\/2021\/02\/betoff-logo.png\",\"contentUrl\":\"https:\/\/betoff.eu\/wp-content\/uploads\/2021\/02\/betoff-logo.png\",\"width\":1024,\"height\":258,\"caption\":\"admin\"},\"logo\":{\"@id\":\"https:\/\/betoff.eu\/#\/schema\/person\/image\/\"}}]}<\/script>\n<!-- \/ Yoast SEO plugin. -->","yoast_head_json":{"title":"BETOFF-F - 4L - \u010cistilo za fuge (brez drgnjenja) - BETOFF-Izdelki za svet betona in \u0161ir\u0161e!","description":"Kako o\u010distiti fugirno maso, ne da bi jo drgnili? Za \u010di\u0161\u010denje fugirne mase uporabite inovativno teko\u010dino BETOFF-F! Zelo u\u010dinkovito odstrani vso trdovratno umazanijo s fug!","robots":{"index":"index","follow":"follow","max-snippet":"max-snippet:-1","max-image-preview":"max-image-preview:large","max-video-preview":"max-video-preview:-1"},"canonical":"https:\/\/betoff.eu\/sl\/produkt\/betoff-f-4l-cistilo-za-fuge-brez-drgnjenja\/","og_locale":"sl_SI","og_type":"article","og_title":"BETOFF-F - 4L - \u010cistilo za fuge (brez drgnjenja) - BETOFF-Izdelki za svet betona in \u0161ir\u0161e!","og_description":"Kako o\u010distiti fugirno maso, ne da bi jo drgnili? Za \u010di\u0161\u010denje fugirne mase uporabite inovativno teko\u010dino BETOFF-F! Zelo u\u010dinkovito odstrani vso trdovratno umazanijo s fug!","og_url":"https:\/\/betoff.eu\/sl\/produkt\/betoff-f-4l-cistilo-za-fuge-brez-drgnjenja\/","og_site_name":"BETOFF-Izdelki za svet betona in \u0161ir\u0161e!","article_modified_time":"2024-04-25T13:41:05+00:00","og_image":[{"width":1530,"height":2080,"url":"https:\/\/betoff.eu\/wp-content\/uploads\/2024\/04\/Betoff-F-x4-4.png","type":"image\/png"}],"twitter_card":"summary_large_image","twitter_misc":{"Est. reading time":"1 minuta"},"schema":{"@context":"https:\/\/schema.org","@graph":[{"@type":"WebPage","@id":"https:\/\/betoff.eu\/sl\/produkt\/betoff-f-4l-cistilo-za-fuge-brez-drgnjenja\/","url":"https:\/\/betoff.eu\/sl\/produkt\/betoff-f-4l-cistilo-za-fuge-brez-drgnjenja\/","name":"BETOFF-F - 4L - \u010cistilo za fuge (brez drgnjenja) - BETOFF-Izdelki za svet betona in \u0161ir\u0161e!","isPartOf":{"@id":"https:\/\/betoff.eu\/#website"},"primaryImageOfPage":{"@id":"https:\/\/betoff.eu\/sl\/produkt\/betoff-f-4l-cistilo-za-fuge-brez-drgnjenja\/#primaryimage"},"image":{"@id":"https:\/\/betoff.eu\/sl\/produkt\/betoff-f-4l-cistilo-za-fuge-brez-drgnjenja\/#primaryimage"},"thumbnailUrl":"https:\/\/betoff.eu\/wp-content\/uploads\/2024\/04\/Betoff-F-x4-4.png","datePublished":"2024-04-25T13:39:07+00:00","dateModified":"2024-04-25T13:41:05+00:00","description":"Kako o\u010distiti fugirno maso, ne da bi jo drgnili? Za \u010di\u0161\u010denje fugirne mase uporabite inovativno teko\u010dino BETOFF-F! Zelo u\u010dinkovito odstrani vso trdovratno umazanijo s fug!","breadcrumb":{"@id":"https:\/\/betoff.eu\/sl\/produkt\/betoff-f-4l-cistilo-za-fuge-brez-drgnjenja\/#breadcrumb"},"inLanguage":"sl-SI","potentialAction":[{"@type":"ReadAction","target":["https:\/\/betoff.eu\/sl\/produkt\/betoff-f-4l-cistilo-za-fuge-brez-drgnjenja\/"]}]},{"@type":"ImageObject","inLanguage":"sl-SI","@id":"https:\/\/betoff.eu\/sl\/produkt\/betoff-f-4l-cistilo-za-fuge-brez-drgnjenja\/#primaryimage","url":"https:\/\/betoff.eu\/wp-content\/uploads\/2024\/04\/Betoff-F-x4-4.png","contentUrl":"https:\/\/betoff.eu\/wp-content\/uploads\/2024\/04\/Betoff-F-x4-4.png","width":1530,"height":2080,"caption":"teko\u010dina za \u010di\u0161\u010denje sklepov"},{"@type":"BreadcrumbList","@id":"https:\/\/betoff.eu\/sl\/produkt\/betoff-f-4l-cistilo-za-fuge-brez-drgnjenja\/#breadcrumb","itemListElement":[{"@type":"ListItem","position":1,"name":"Hem","item":"https:\/\/betoff.eu\/sl\/"},{"@type":"ListItem","position":2,"name":"Shop","item":"https:\/\/betoff.eu\/pl\/sklep-2\/"},{"@type":"ListItem","position":3,"name":"BETOFF-F &#8211; 4L &#8211; \u010cistilo za fuge (brez drgnjenja)"}]},{"@type":"WebSite","@id":"https:\/\/betoff.eu\/#website","url":"https:\/\/betoff.eu\/","name":"BETOFF-Products for the world of concrete and beyond!","description":"Betoff - Teko\u010dine za raztapljanje betona","publisher":{"@id":"https:\/\/betoff.eu\/#\/schema\/person\/cded67f1acad0c68af8dcc171137512c"},"potentialAction":[{"@type":"SearchAction","target":{"@type":"EntryPoint","urlTemplate":"https:\/\/betoff.eu\/?s={search_term_string}"},"query-input":{"@type":"PropertyValueSpecification","valueRequired":true,"valueName":"search_term_string"}}],"inLanguage":"sl-SI"},{"@type":["Person","Organization"],"@id":"https:\/\/betoff.eu\/#\/schema\/person\/cded67f1acad0c68af8dcc171137512c","name":"admin","image":{"@type":"ImageObject","inLanguage":"sl-SI","@id":"https:\/\/betoff.eu\/#\/schema\/person\/image\/","url":"https:\/\/betoff.eu\/wp-content\/uploads\/2021\/02\/betoff-logo.png","contentUrl":"https:\/\/betoff.eu\/wp-content\/uploads\/2021\/02\/betoff-logo.png","width":1024,"height":258,"caption":"admin"},"logo":{"@id":"https:\/\/betoff.eu\/#\/schema\/person\/image\/"}}]}},"_links":{"self":[{"href":"https:\/\/betoff.eu\/sl\/wp-json\/wp\/v2\/product\/3644","targetHints":{"allow":["GET"]}}],"collection":[{"href":"https:\/\/betoff.eu\/sl\/wp-json\/wp\/v2\/product"}],"about":[{"href":"https:\/\/betoff.eu\/sl\/wp-json\/wp\/v2\/types\/product"}],"wp:featuredmedia":[{"embeddable":true,"href":"https:\/\/betoff.eu\/sl\/wp-json\/wp\/v2\/media\/3587"}],"wp:attachment":[{"href":"https:\/\/betoff.eu\/sl\/wp-json\/wp\/v2\/media?parent=3644"}],"wp:term":[{"taxonomy":"product_brand","embeddable":true,"href":"https:\/\/betoff.eu\/sl\/wp-json\/wp\/v2\/product_brand?post=3644"},{"taxonomy":"product_cat","embeddable":true,"href":"https:\/\/betoff.eu\/sl\/wp-json\/wp\/v2\/product_cat?post=3644"},{"taxonomy":"product_tag","embeddable":true,"href":"https:\/\/betoff.eu\/sl\/wp-json\/wp\/v2\/product_tag?post=3644"}],"curies":[{"name":"wp","href":"https:\/\/api.w.org\/{rel}","templated":true}]}}