{"id":3641,"date":"2024-04-25T15:35:41","date_gmt":"2024-04-25T13:35:41","guid":{"rendered":"https:\/\/betoff.eu\/?post_type=product&#038;p=3641"},"modified":"2024-04-25T15:37:10","modified_gmt":"2024-04-25T13:37:10","slug":"betoff-f-2l-cistilo-za-fuge-brez-drgnjenja","status":"publish","type":"product","link":"https:\/\/betoff.eu\/sl\/produkt\/betoff-f-2l-cistilo-za-fuge-brez-drgnjenja\/","title":{"rendered":"BETOFF-F &#8211; 2L &#8211; \u010cistilo za fuge (brez drgnjenja)"},"content":{"rendered":"<p>BETOFF-F je inovativna formula, ki bo zlahka odstranila kakr\u0161no koli umazanijo iz fugirne mase v va\u0161em domu. Betoff-F deluje tako, da izvle\u010de umazanijo, ki jo la\u017eje odstranimo z gobo, krpo ali krpo.<\/p>\n<p>Kar razlikuje BETOFF-F teko\u010dino od konkuren\u010dnih pripravkov, je dejstvo, da ne zahteva drgnjenja fugirne mase z zobno \u0161\u010detko ali trdo stranjo gobice za pomivanje posode. Umazanijo s fug boste odstranili zelo hitro in u\u010dinkovito, ne da bi se morali naprezati kot s teko\u010dinami, ki zahtevajo drgnjenje.<\/p>\n<p>\u010ci\u0161\u010denje spojev. Pomembno!<br \/>\nFugirna masa bo po \u010di\u0161\u010denju z agresivnimi \u010distilnimi sredstvi pokala, se drobila in postala ohlapna. Prav tako se ne sme \u010distiti s paro. Fugirna masa oslabi in se zrahlja zaradi pare in pritiska, ki sta potrebna za njeno ustvarjanje.<\/p>\n<p>Izogibajte se mo\u010dnim kemikalijam, saj razjedajo fugirno maso in skraj\u0161ajo njeno \u017eivljenjsko dobo. Fugirna masa na osnovi cementa je dovzetna za su\u0161enje, razpoke in poslab\u0161anje, \u010de je izpostavljena mo\u010dnim kemikalijam, kot je belilo ali izdelki, ki vsebujejo belilo. \u010ce \u017eelite izvedeti ve\u010d o na\u0161ih ne\u017enih, a u\u010dinkovitih re\u0161itvah za \u010di\u0161\u010denje, kliknite to povezavo.<\/p>\n<p>Za\u0161\u010ditite malto! Zahvaljujo\u010d na\u0161im inovativnim impregnacijam so fuge \u0161e dolgo po vgradnji videti kot nove. Impregnacija fug je najbolj\u0161i na\u010din za ohranjanje njihovega lepega videza. Poleg tega tesnjenje fugirne mase olaj\u0161a \u010di\u0161\u010denje.<\/p>\n<p>Novi lastniki hi\u0161 in stanovanj v ve\u010dini primerov ne impregnirajo fugirne mase in plo\u0161\u010dic. Prva stvar, ki jo morate storiti, je, da nas pokli\u010dete in se dogovorite za termin za enega od na\u0161ih strokovnjakov, ki bo zalepil vse va\u0161e na novo name\u0161\u010dene plo\u0161\u010dice in fugirno maso.<\/p>\n","protected":false},"excerpt":{"rendered":"<p>BETOFF-F je inovativna formula, ki bo zlahka odstranila kakr\u0161no koli umazanijo iz fugirne mase v va\u0161em domu. Betoff-F deluje tako, da izvle\u010de umazanijo, ki jo la\u017eje odstranimo z gobo, krpo ali krpo. Kar razlikuje BETOFF-F teko\u010dino od konkuren\u010dnih pripravkov, je dejstvo, da ne zahteva drgnjenja fugirne mase z zobno \u0161\u010detko ali trdo stranjo gobice za [&#8230;]\n","protected":false},"featured_media":3586,"template":"","meta":{"om_disable_all_campaigns":false},"product_brand":[],"product_cat":[297],"product_tag":[],"class_list":{"0":"post-3641","1":"product","2":"type-product","3":"status-publish","4":"has-post-thumbnail","6":"product_cat-cistilo-za-fuge-brez-drgnjenja","8":"first","9":"instock","10":"taxable","11":"shipping-taxable","12":"purchasable","13":"product-type-simple"},"yoast_head":"<!-- This site is optimized with the Yoast SEO plugin v25.9 - https:\/\/yoast.com\/wordpress\/plugins\/seo\/ -->\n<title>BETOFF-F - 2L - \u010cistilo za fuge (brez drgnjenja) - BETOFF-Izdelki za svet betona in \u0161ir\u0161e!<\/title>\n<meta name=\"description\" content=\"Odstranite vso umazanijo iz cementnih fug brez drgnjenja. Prihranite \u010das in denar ter uporabite samo specializirano \u010distilo za fugirno maso BETOFF-F!\" \/>\n<meta name=\"robots\" content=\"index, follow, max-snippet:-1, max-image-preview:large, max-video-preview:-1\" \/>\n<link rel=\"canonical\" href=\"https:\/\/betoff.eu\/sl\/produkt\/betoff-f-2l-cistilo-za-fuge-brez-drgnjenja\/\" \/>\n<meta property=\"og:locale\" content=\"sl_SI\" \/>\n<meta property=\"og:type\" content=\"article\" \/>\n<meta property=\"og:title\" content=\"BETOFF-F - 2L - \u010cistilo za fuge (brez drgnjenja) - BETOFF-Izdelki za svet betona in \u0161ir\u0161e!\" \/>\n<meta property=\"og:description\" content=\"Odstranite vso umazanijo iz cementnih fug brez drgnjenja. Prihranite \u010das in denar ter uporabite samo specializirano \u010distilo za fugirno maso BETOFF-F!\" \/>\n<meta property=\"og:url\" content=\"https:\/\/betoff.eu\/sl\/produkt\/betoff-f-2l-cistilo-za-fuge-brez-drgnjenja\/\" \/>\n<meta property=\"og:site_name\" content=\"BETOFF-Izdelki za svet betona in \u0161ir\u0161e!\" \/>\n<meta property=\"article:modified_time\" content=\"2024-04-25T13:37:10+00:00\" \/>\n<meta property=\"og:image\" content=\"https:\/\/betoff.eu\/wp-content\/uploads\/2024\/04\/Betoff-F-x2-czechy-4.png\" \/>\n\t<meta property=\"og:image:width\" content=\"1530\" \/>\n\t<meta property=\"og:image:height\" content=\"2080\" \/>\n\t<meta property=\"og:image:type\" content=\"image\/png\" \/>\n<meta name=\"twitter:card\" content=\"summary_large_image\" \/>\n<meta name=\"twitter:label1\" content=\"Est. reading time\" \/>\n\t<meta name=\"twitter:data1\" content=\"2 minuti\" \/>\n<script type=\"application\/ld+json\" class=\"yoast-schema-graph\">{\"@context\":\"https:\/\/schema.org\",\"@graph\":[{\"@type\":\"WebPage\",\"@id\":\"https:\/\/betoff.eu\/sl\/produkt\/betoff-f-2l-cistilo-za-fuge-brez-drgnjenja\/\",\"url\":\"https:\/\/betoff.eu\/sl\/produkt\/betoff-f-2l-cistilo-za-fuge-brez-drgnjenja\/\",\"name\":\"BETOFF-F - 2L - \u010cistilo za fuge (brez drgnjenja) - BETOFF-Izdelki za svet betona in \u0161ir\u0161e!\",\"isPartOf\":{\"@id\":\"https:\/\/betoff.eu\/#website\"},\"primaryImageOfPage\":{\"@id\":\"https:\/\/betoff.eu\/sl\/produkt\/betoff-f-2l-cistilo-za-fuge-brez-drgnjenja\/#primaryimage\"},\"image\":{\"@id\":\"https:\/\/betoff.eu\/sl\/produkt\/betoff-f-2l-cistilo-za-fuge-brez-drgnjenja\/#primaryimage\"},\"thumbnailUrl\":\"https:\/\/betoff.eu\/wp-content\/uploads\/2024\/04\/Betoff-F-x2-czechy-4.png\",\"datePublished\":\"2024-04-25T13:35:41+00:00\",\"dateModified\":\"2024-04-25T13:37:10+00:00\",\"description\":\"Odstranite vso umazanijo iz cementnih fug brez drgnjenja. Prihranite \u010das in denar ter uporabite samo specializirano \u010distilo za fugirno maso BETOFF-F!\",\"breadcrumb\":{\"@id\":\"https:\/\/betoff.eu\/sl\/produkt\/betoff-f-2l-cistilo-za-fuge-brez-drgnjenja\/#breadcrumb\"},\"inLanguage\":\"sl-SI\",\"potentialAction\":[{\"@type\":\"ReadAction\",\"target\":[\"https:\/\/betoff.eu\/sl\/produkt\/betoff-f-2l-cistilo-za-fuge-brez-drgnjenja\/\"]}]},{\"@type\":\"ImageObject\",\"inLanguage\":\"sl-SI\",\"@id\":\"https:\/\/betoff.eu\/sl\/produkt\/betoff-f-2l-cistilo-za-fuge-brez-drgnjenja\/#primaryimage\",\"url\":\"https:\/\/betoff.eu\/wp-content\/uploads\/2024\/04\/Betoff-F-x2-czechy-4.png\",\"contentUrl\":\"https:\/\/betoff.eu\/wp-content\/uploads\/2024\/04\/Betoff-F-x2-czechy-4.png\",\"width\":1530,\"height\":2080,\"caption\":\"teko\u010dina za \u010di\u0161\u010denje sklepov\"},{\"@type\":\"BreadcrumbList\",\"@id\":\"https:\/\/betoff.eu\/sl\/produkt\/betoff-f-2l-cistilo-za-fuge-brez-drgnjenja\/#breadcrumb\",\"itemListElement\":[{\"@type\":\"ListItem\",\"position\":1,\"name\":\"Hem\",\"item\":\"https:\/\/betoff.eu\/sl\/\"},{\"@type\":\"ListItem\",\"position\":2,\"name\":\"Shop\",\"item\":\"https:\/\/betoff.eu\/pl\/sklep-2\/\"},{\"@type\":\"ListItem\",\"position\":3,\"name\":\"BETOFF-F &#8211; 2L &#8211; \u010cistilo za fuge (brez drgnjenja)\"}]},{\"@type\":\"WebSite\",\"@id\":\"https:\/\/betoff.eu\/#website\",\"url\":\"https:\/\/betoff.eu\/\",\"name\":\"BETOFF-Products for the world of concrete and beyond!\",\"description\":\"Betoff - Teko\u010dine za raztapljanje betona\",\"publisher\":{\"@id\":\"https:\/\/betoff.eu\/#\/schema\/person\/cded67f1acad0c68af8dcc171137512c\"},\"potentialAction\":[{\"@type\":\"SearchAction\",\"target\":{\"@type\":\"EntryPoint\",\"urlTemplate\":\"https:\/\/betoff.eu\/?s={search_term_string}\"},\"query-input\":{\"@type\":\"PropertyValueSpecification\",\"valueRequired\":true,\"valueName\":\"search_term_string\"}}],\"inLanguage\":\"sl-SI\"},{\"@type\":[\"Person\",\"Organization\"],\"@id\":\"https:\/\/betoff.eu\/#\/schema\/person\/cded67f1acad0c68af8dcc171137512c\",\"name\":\"admin\",\"image\":{\"@type\":\"ImageObject\",\"inLanguage\":\"sl-SI\",\"@id\":\"https:\/\/betoff.eu\/#\/schema\/person\/image\/\",\"url\":\"https:\/\/betoff.eu\/wp-content\/uploads\/2021\/02\/betoff-logo.png\",\"contentUrl\":\"https:\/\/betoff.eu\/wp-content\/uploads\/2021\/02\/betoff-logo.png\",\"width\":1024,\"height\":258,\"caption\":\"admin\"},\"logo\":{\"@id\":\"https:\/\/betoff.eu\/#\/schema\/person\/image\/\"}}]}<\/script>\n<!-- \/ Yoast SEO plugin. -->","yoast_head_json":{"title":"BETOFF-F - 2L - \u010cistilo za fuge (brez drgnjenja) - BETOFF-Izdelki za svet betona in \u0161ir\u0161e!","description":"Odstranite vso umazanijo iz cementnih fug brez drgnjenja. Prihranite \u010das in denar ter uporabite samo specializirano \u010distilo za fugirno maso BETOFF-F!","robots":{"index":"index","follow":"follow","max-snippet":"max-snippet:-1","max-image-preview":"max-image-preview:large","max-video-preview":"max-video-preview:-1"},"canonical":"https:\/\/betoff.eu\/sl\/produkt\/betoff-f-2l-cistilo-za-fuge-brez-drgnjenja\/","og_locale":"sl_SI","og_type":"article","og_title":"BETOFF-F - 2L - \u010cistilo za fuge (brez drgnjenja) - BETOFF-Izdelki za svet betona in \u0161ir\u0161e!","og_description":"Odstranite vso umazanijo iz cementnih fug brez drgnjenja. Prihranite \u010das in denar ter uporabite samo specializirano \u010distilo za fugirno maso BETOFF-F!","og_url":"https:\/\/betoff.eu\/sl\/produkt\/betoff-f-2l-cistilo-za-fuge-brez-drgnjenja\/","og_site_name":"BETOFF-Izdelki za svet betona in \u0161ir\u0161e!","article_modified_time":"2024-04-25T13:37:10+00:00","og_image":[{"width":1530,"height":2080,"url":"https:\/\/betoff.eu\/wp-content\/uploads\/2024\/04\/Betoff-F-x2-czechy-4.png","type":"image\/png"}],"twitter_card":"summary_large_image","twitter_misc":{"Est. reading time":"2 minuti"},"schema":{"@context":"https:\/\/schema.org","@graph":[{"@type":"WebPage","@id":"https:\/\/betoff.eu\/sl\/produkt\/betoff-f-2l-cistilo-za-fuge-brez-drgnjenja\/","url":"https:\/\/betoff.eu\/sl\/produkt\/betoff-f-2l-cistilo-za-fuge-brez-drgnjenja\/","name":"BETOFF-F - 2L - \u010cistilo za fuge (brez drgnjenja) - BETOFF-Izdelki za svet betona in \u0161ir\u0161e!","isPartOf":{"@id":"https:\/\/betoff.eu\/#website"},"primaryImageOfPage":{"@id":"https:\/\/betoff.eu\/sl\/produkt\/betoff-f-2l-cistilo-za-fuge-brez-drgnjenja\/#primaryimage"},"image":{"@id":"https:\/\/betoff.eu\/sl\/produkt\/betoff-f-2l-cistilo-za-fuge-brez-drgnjenja\/#primaryimage"},"thumbnailUrl":"https:\/\/betoff.eu\/wp-content\/uploads\/2024\/04\/Betoff-F-x2-czechy-4.png","datePublished":"2024-04-25T13:35:41+00:00","dateModified":"2024-04-25T13:37:10+00:00","description":"Odstranite vso umazanijo iz cementnih fug brez drgnjenja. Prihranite \u010das in denar ter uporabite samo specializirano \u010distilo za fugirno maso BETOFF-F!","breadcrumb":{"@id":"https:\/\/betoff.eu\/sl\/produkt\/betoff-f-2l-cistilo-za-fuge-brez-drgnjenja\/#breadcrumb"},"inLanguage":"sl-SI","potentialAction":[{"@type":"ReadAction","target":["https:\/\/betoff.eu\/sl\/produkt\/betoff-f-2l-cistilo-za-fuge-brez-drgnjenja\/"]}]},{"@type":"ImageObject","inLanguage":"sl-SI","@id":"https:\/\/betoff.eu\/sl\/produkt\/betoff-f-2l-cistilo-za-fuge-brez-drgnjenja\/#primaryimage","url":"https:\/\/betoff.eu\/wp-content\/uploads\/2024\/04\/Betoff-F-x2-czechy-4.png","contentUrl":"https:\/\/betoff.eu\/wp-content\/uploads\/2024\/04\/Betoff-F-x2-czechy-4.png","width":1530,"height":2080,"caption":"teko\u010dina za \u010di\u0161\u010denje sklepov"},{"@type":"BreadcrumbList","@id":"https:\/\/betoff.eu\/sl\/produkt\/betoff-f-2l-cistilo-za-fuge-brez-drgnjenja\/#breadcrumb","itemListElement":[{"@type":"ListItem","position":1,"name":"Hem","item":"https:\/\/betoff.eu\/sl\/"},{"@type":"ListItem","position":2,"name":"Shop","item":"https:\/\/betoff.eu\/pl\/sklep-2\/"},{"@type":"ListItem","position":3,"name":"BETOFF-F &#8211; 2L &#8211; \u010cistilo za fuge (brez drgnjenja)"}]},{"@type":"WebSite","@id":"https:\/\/betoff.eu\/#website","url":"https:\/\/betoff.eu\/","name":"BETOFF-Products for the world of concrete and beyond!","description":"Betoff - Teko\u010dine za raztapljanje betona","publisher":{"@id":"https:\/\/betoff.eu\/#\/schema\/person\/cded67f1acad0c68af8dcc171137512c"},"potentialAction":[{"@type":"SearchAction","target":{"@type":"EntryPoint","urlTemplate":"https:\/\/betoff.eu\/?s={search_term_string}"},"query-input":{"@type":"PropertyValueSpecification","valueRequired":true,"valueName":"search_term_string"}}],"inLanguage":"sl-SI"},{"@type":["Person","Organization"],"@id":"https:\/\/betoff.eu\/#\/schema\/person\/cded67f1acad0c68af8dcc171137512c","name":"admin","image":{"@type":"ImageObject","inLanguage":"sl-SI","@id":"https:\/\/betoff.eu\/#\/schema\/person\/image\/","url":"https:\/\/betoff.eu\/wp-content\/uploads\/2021\/02\/betoff-logo.png","contentUrl":"https:\/\/betoff.eu\/wp-content\/uploads\/2021\/02\/betoff-logo.png","width":1024,"height":258,"caption":"admin"},"logo":{"@id":"https:\/\/betoff.eu\/#\/schema\/person\/image\/"}}]}},"_links":{"self":[{"href":"https:\/\/betoff.eu\/sl\/wp-json\/wp\/v2\/product\/3641","targetHints":{"allow":["GET"]}}],"collection":[{"href":"https:\/\/betoff.eu\/sl\/wp-json\/wp\/v2\/product"}],"about":[{"href":"https:\/\/betoff.eu\/sl\/wp-json\/wp\/v2\/types\/product"}],"wp:featuredmedia":[{"embeddable":true,"href":"https:\/\/betoff.eu\/sl\/wp-json\/wp\/v2\/media\/3586"}],"wp:attachment":[{"href":"https:\/\/betoff.eu\/sl\/wp-json\/wp\/v2\/media?parent=3641"}],"wp:term":[{"taxonomy":"product_brand","embeddable":true,"href":"https:\/\/betoff.eu\/sl\/wp-json\/wp\/v2\/product_brand?post=3641"},{"taxonomy":"product_cat","embeddable":true,"href":"https:\/\/betoff.eu\/sl\/wp-json\/wp\/v2\/product_cat?post=3641"},{"taxonomy":"product_tag","embeddable":true,"href":"https:\/\/betoff.eu\/sl\/wp-json\/wp\/v2\/product_tag?post=3641"}],"curies":[{"name":"wp","href":"https:\/\/api.w.org\/{rel}","templated":true}]}}