{"id":3639,"date":"2024-04-25T15:28:03","date_gmt":"2024-04-25T13:28:03","guid":{"rendered":"https:\/\/betoff.eu\/?post_type=product&#038;p=3639"},"modified":"2024-04-25T15:33:22","modified_gmt":"2024-04-25T13:33:22","slug":"betoff-f-1l-cistilo-za-fuge-brez-drgnjenja","status":"publish","type":"product","link":"https:\/\/betoff.eu\/sl\/produkt\/betoff-f-1l-cistilo-za-fuge-brez-drgnjenja\/","title":{"rendered":"BETOFF-F &#8211; 1L &#8211; \u010cistilo za fuge (brez drgnjenja)"},"content":{"rendered":"<p>Teko\u010dina za \u010di\u0161\u010denje fugirne mase Betoff-F je sodobno in u\u010dinkovito sredstvo, ki se odli\u010dno spopada z umazanijo spojev. Sredstvo bo odli\u010dno delovalo tudi v primeru dolgotrajne umazanije. Betoff &#8211; F je tudi u\u010dinkovito oro\u017eje proti zdravju nevarnim bakterijam in klicam. Higienska \u010disto\u010da kopalnice, kuhinje ali predsobe v samo 45 sekundah je mogo\u010da zahvaljujo\u010d edinstveni formuli priprave fugirne mase.<\/p>\n<p>Struktura fug pomeni, da se v njihovih koti\u010dkih skrivata umazanija in plesen. Re\u017ee med plo\u0161\u010dicami so tudi idealno mesto za razvoj \u0161kodljivih bakterij. Ohranjanje \u010distih fug ni le stvar estetike, ampak tudi dobrega po\u010dutja.<\/p>\n<p>Koncentrirana formula pripravka za \u010di\u0161\u010denje cementnih reg odstrani tudi najte\u017ejo umazanijo brez drgnjenja. Betoff &#8211; F se lahko uporablja za razli\u010dne odtenke fugirne mase. Ne povzro\u010da razbarvanja in povrne naravno, prvotno barvo.<\/p>\n<p>Inovacija pri \u010di\u0161\u010denju fugirne mase<br \/>\nSodoben koncentrat odlikuje visoka u\u010dinkovitost in izjemna u\u010dinkovitost. En liter pripravka omogo\u010da temeljito odstranjevanje umazanije z do 20 kvadratnih metrov povr\u0161ine.<\/p>\n<p>Pozabite na zamudno ribanje fug, preizkusite u\u010dinkovito sredstvo. Zagotovite si higiensko \u010disto\u010do brez dolgotrajnega truda. Betoff &#8211; F je idealna re\u0161itev za zaposlene ali starej\u0161e ljudi, ki nimajo \u010dasa ali mo\u010di, da bi ve\u010d ur \u010distili vrzeli med plo\u0161\u010dicami.<\/p>\n<p>Koncentrirano sredstvo u\u010dinkovito odstranjuje umazanijo in zdravju nevarne bakterije. Betoff &#8211; F temeljito odstrani tudi najstarej\u0161o in najtrdovratnej\u0161o umazanijo, tako da bo kopalnica, kuhinja ali predsoba higiensko \u010dista, estetska in varna.<\/p>\n<h3>Kako uporabiti:<\/h3>\n<p>Pred nanosom sredstva je vredno rahlo navla\u017eiti fugirno maso z vodo, da dose\u017eemo optimalen u\u010dinek.<br \/>\nBetoff &#8211; F razred\u010dimo z vodo v koncentraciji 1:1 in vlijemo na umazano povr\u0161ino. Pri mo\u010dnej\u0161i umazaniji je priporo\u010dljiva uporaba nerazred\u010denega sredstva.<br \/>\nPripravek deluje zelo hitro. Po pribli\u017eno 30-45 sekundah lahko opazite aktivno peno, ki raztopi trdovratno umazanijo.<br \/>\nPo pribli\u017eno minuti ne\u017eno obri\u0161ite o\u010di\u0161\u010deno povr\u0161ino s krpo ali papirnato brisa\u010do. Po brisanju povr\u0161ine je vredno nevtralizirati u\u010dinek sredstva s pranjem o\u010di\u0161\u010dene povr\u0161ine z vodo in univerzalno teko\u010dino za tla.<br \/>\nPo \u010di\u0161\u010denju povr\u0161ine je priporo\u010dljivo prezra\u010diti prostor.<\/p>\n<h3>Navodila za uporabo:<\/h3>\n<p>Betoff &#8211; F ni mogo\u010de kombinirati z drugimi sredstvi.<br \/>\nPri \u010di\u0161\u010denju fug z Betoff &#8211; F uporabljajte rokavice za enkratno uporabo in delajte pri odprtem oknu.<br \/>\nPriporo\u010dljivo je, da sredstvo postopoma nana\u0161ate na majhne povr\u0161ine, npr. 2 kvadratna metra, po \u010di\u0161\u010denju pa na naslednji del povr\u0161ine.<br \/>\nZaradi mo\u010dnega delovanja \u010distila se izogibajte stiku teko\u010dine s ko\u017eo, obla\u010dili, pohi\u0161tvom in drugimi povr\u0161inami razen fugirne mase.<br \/>\nIzdelek je treba hraniti pri temperaturi pod 30 stopinj, stran od virov toplote.<br \/>\nPripravek shranjujte izven dosega otrok.<br \/>\nSestava izdelka:<\/p>\n<p>Sredstvo vsebuje du\u0161ikovo kislino, fosforno kislino in neionske povr\u0161insko aktivne snovi &lt;5%.<\/p>\n<p>Pozor:<\/p>\n<p>Jedko. Ni priporo\u010dljivo uporabljati na povr\u0161inah iz pleksi stekla, usnja, apnenca, naravnega kamna, kovinskega kroma, duraluminija (zlitine aluminija z bakrom in molibdenom). U\u010dinkovitost pripravka je najbolje preizkusiti na majhni povr\u0161ini.<\/p>\n<h2>Teko\u010dina za \u010di\u0161\u010denje fugirne mase. U\u010dinkovit pripravek za \u010di\u0161\u010denje fugirne mase<\/h2>\n<p>Sodobno sredstvo za \u010di\u0161\u010denje fug med plo\u0161\u010dicami hitro in u\u010dinkovito odstrani \u0161e tako trdovratno umazanijo. Popoln je za odstranjevanje plesni, vodnega kamna, rje ter zdravju nevarnih virusov in bakterij. Betoff &#8211; F je tudi odporen proti umazaniji, ki se je nabrala skozi leta. Deluje v samo minuti in ne zahteva drgnjenja. \u010cistilna teko\u010dina za fugiranje ima koncentrirano formulo, tako da lahko litrska posoda o\u010disti do 20 m2 povr\u0161ine! Inovativni pripravek vam omogo\u010da higiensko \u010disto\u010do kopalnice in kuhinje brez potrebe po dolgotrajnem \u010di\u0161\u010denju. Preizkusite sodoben izdelek na osnovi neionskih povr\u0161insko aktivnih snovi in \u200b\u200bpridobite \u010diste fuge v kopalnici in kuhinji ter ve\u010d \u010dasa za prijetnej\u0161e aktivnosti od mukotrpnega \u010di\u0161\u010denja prostorov med plo\u0161\u010dicami.<\/p>\n<h2>Teko\u010dina za \u010di\u0161\u010denje fugirne mase. Kako o\u010distiti umazano fugirno maso na tleh v kopalnici in kuhinji? \u010cistila za fugirno maso<\/h2>\n<p>\u010ci\u0161\u010denje fugirne mase je zelo zamudno opravilo. Te\u017eavno \u010di\u0161\u010denje fugirne mase, centimeter za centimetrom, ve\u010dini povzro\u010da pregovorne glavobole. Ve\u010dina ljudi se zaveda, da je \u010di\u0161\u010denje fug potrebno za vzdr\u017eevanje higienske \u010disto\u010de v kopalnici in kuhinji ter za ohranjanje zdravja in dobrega po\u010dutja. V re\u017eah med plo\u0161\u010dicami se kopi\u010dijo zdravju nevarne bakterije in virusi. Fuge za fugiranje so tudi idealno mesto za rast plesni. Pripravki za fugiranje, ki so na voljo na trgu, omogo\u010dajo \u010di\u0161\u010denje fugirne mase, ne odstranijo pa vedno nevarnih virusov in bakterij. Inovativno \u010distilo za fugirno maso Betoff &#8211; F hitro in u\u010dinkovito odstrani tudi najte\u017ejo umazanijo, plesen ter zdravju nevarne bakterije in viruse ter je varno za o\u010di\u0161\u010deno povr\u0161ino.<\/p>\n<h2>Teko\u010dina za \u010di\u0161\u010denje fugirne mase. Najbolj\u0161a \u010distila za fugirno maso. Kako izbrati u\u010dinkovito teko\u010dino za \u010di\u0161\u010denje fugirne mase?<\/h2>\n<p>Betoff-F je sodoben pripravek, ki hitro in u\u010dinkovito odstrani tudi najte\u017ejo in najstarej\u0161o umazanijo. Priljubljene fugirne mase, kot so Forlux Fuga, Cerapur za fugirno maso, Ceresit Re-New, W5, DLux Fuga ali Atlas Szop, u\u010dinkovito odstranjujejo vodni kamen, rjo in plesen. Betoff-F odlikujeta u\u010dinkovitost in izjemna hitrost delovanja. Brez drgnjenja temeljito odstrani tudi umazanijo, plesen in patogene bakterije ter viruse, ki so se nabrali skozi leta. Higiensko \u010diste fuge brez truda? Od danes naprej je mo\u017eno! Neionske povr\u0161insko aktivne snovi se odli\u010dno spopadajo z najbolj trdovratno umazanijo. Pozabite na dolgotrajno \u010di\u0161\u010denje fug v kopalnici in kuhinji in odkrijte izjemno u\u010dinkovitost na\u0161ega inovativnega sredstva.<\/p>\n<h2>Teko\u010dina za \u010di\u0161\u010denje fugirne mase. \u010cista fugirna masa v kopalnici in kuhinji. Preizku\u0161eno \u010distilo za fugirno maso.<\/h2>\n<p>Redno \u010di\u0161\u010denje fug je izjemnega pomena ne le za \u010disto\u010do in estetski videz kopalnice in kuhinje, ampak tudi za va\u0161e zdravje in dobro po\u010dutje. Cementne fuge so zaradi svoje specifi\u010dne strukture idealno mesto za razvoj plesni, bakterij in virusov. Se spra\u0161ujete, kako o\u010distiti fugirno maso na tleh? Redno \u010di\u0161\u010denje sklepov s specializiranim pripravkom je zelo pomembno za ohranjanje zdravja, \u0161e posebej za ljudi, ki imajo majhne otroke ali alergike. Nevarne bakterije, virusi in plesen lahko povzro\u010dijo poslab\u0161anje po\u010dutja, oku\u017ebe dihal ali poslab\u0161anje alergijskih simptomov.<\/p>\n<h2>Kako o\u010distiti fuge na tleh umazanije, vodnega kamna, rje in nevarnih bakterij, virusov in plesni, ki so se nabrale z leti? Preizkusite sodoben pripravek<\/h2>\n<p>Betoff &#8211; F, z dokazano u\u010dinkovitostjo in hitrim delovanjem! Ni se vam ve\u010d treba spra\u0161evati, kako o\u010distiti fugirno maso pod prho ali kako odstraniti plesen brez drgnjenja. Popolnoma \u010dista fugirna masa v kopalnici ali kuhinji brez truda? Z Betoff &#8211; F je to mogo\u010de. Higienska \u010disto\u010da brez drgnjenja, brez razbarvanja. Preverite mnenja zadovoljnih uporabnikov.<\/p>\n","protected":false},"excerpt":{"rendered":"<p>Teko\u010dina za \u010di\u0161\u010denje fugirne mase Betoff-F je sodobno in u\u010dinkovito sredstvo, ki se odli\u010dno spopada z umazanijo spojev. Sredstvo bo odli\u010dno delovalo tudi v primeru dolgotrajne umazanije. Betoff &#8211; F je tudi u\u010dinkovito oro\u017eje proti zdravju nevarnim bakterijam in klicam. Higienska \u010disto\u010da kopalnice, kuhinje ali predsobe v samo 45 sekundah je mogo\u010da zahvaljujo\u010d edinstveni formuli [&#8230;]\n","protected":false},"featured_media":3585,"template":"","meta":{"om_disable_all_campaigns":false},"product_brand":[],"product_cat":[297],"product_tag":[],"class_list":{"0":"post-3639","1":"product","2":"type-product","3":"status-publish","4":"has-post-thumbnail","6":"product_cat-cistilo-za-fuge-brez-drgnjenja","8":"first","9":"instock","10":"taxable","11":"shipping-taxable","12":"purchasable","13":"product-type-simple"},"yoast_head":"<!-- This site is optimized with the Yoast SEO plugin v25.9 - https:\/\/yoast.com\/wordpress\/plugins\/seo\/ -->\n<title>BETOFF-F - 1L - \u010cistilo za fuge (brez drgnjenja) - BETOFF-Izdelki za svet betona in \u0161ir\u0161e!<\/title>\n<meta name=\"description\" content=\"\u010cista fugirna masa brez drgnjenja! Teko\u010dina BETOFF-F je inovativen izdelek, ki olaj\u0161a \u010di\u0161\u010denje fugirne mase tako, da potegne umazanijo na vrh fugirne mase in jo tako la\u017eje odstrani z navadno gobo.\" \/>\n<meta name=\"robots\" content=\"index, follow, max-snippet:-1, max-image-preview:large, max-video-preview:-1\" \/>\n<link rel=\"canonical\" href=\"https:\/\/betoff.eu\/sl\/produkt\/betoff-f-1l-cistilo-za-fuge-brez-drgnjenja\/\" \/>\n<meta property=\"og:locale\" content=\"sl_SI\" \/>\n<meta property=\"og:type\" content=\"article\" \/>\n<meta property=\"og:title\" content=\"BETOFF-F - 1L - \u010cistilo za fuge (brez drgnjenja) - BETOFF-Izdelki za svet betona in \u0161ir\u0161e!\" \/>\n<meta property=\"og:description\" content=\"\u010cista fugirna masa brez drgnjenja! Teko\u010dina BETOFF-F je inovativen izdelek, ki olaj\u0161a \u010di\u0161\u010denje fugirne mase tako, da potegne umazanijo na vrh fugirne mase in jo tako la\u017eje odstrani z navadno gobo.\" \/>\n<meta property=\"og:url\" content=\"https:\/\/betoff.eu\/sl\/produkt\/betoff-f-1l-cistilo-za-fuge-brez-drgnjenja\/\" \/>\n<meta property=\"og:site_name\" content=\"BETOFF-Izdelki za svet betona in \u0161ir\u0161e!\" \/>\n<meta property=\"article:modified_time\" content=\"2024-04-25T13:33:22+00:00\" \/>\n<meta property=\"og:image\" content=\"https:\/\/betoff.eu\/wp-content\/uploads\/2024\/04\/BETOFF-F-czechy-4.png\" \/>\n\t<meta property=\"og:image:width\" content=\"1530\" \/>\n\t<meta property=\"og:image:height\" content=\"2080\" \/>\n\t<meta property=\"og:image:type\" content=\"image\/png\" \/>\n<meta name=\"twitter:card\" content=\"summary_large_image\" \/>\n<meta name=\"twitter:label1\" content=\"Est. reading time\" \/>\n\t<meta name=\"twitter:data1\" content=\"7 minut\" \/>\n<script type=\"application\/ld+json\" class=\"yoast-schema-graph\">{\"@context\":\"https:\/\/schema.org\",\"@graph\":[{\"@type\":\"WebPage\",\"@id\":\"https:\/\/betoff.eu\/sl\/produkt\/betoff-f-1l-cistilo-za-fuge-brez-drgnjenja\/\",\"url\":\"https:\/\/betoff.eu\/sl\/produkt\/betoff-f-1l-cistilo-za-fuge-brez-drgnjenja\/\",\"name\":\"BETOFF-F - 1L - \u010cistilo za fuge (brez drgnjenja) - BETOFF-Izdelki za svet betona in \u0161ir\u0161e!\",\"isPartOf\":{\"@id\":\"https:\/\/betoff.eu\/#website\"},\"primaryImageOfPage\":{\"@id\":\"https:\/\/betoff.eu\/sl\/produkt\/betoff-f-1l-cistilo-za-fuge-brez-drgnjenja\/#primaryimage\"},\"image\":{\"@id\":\"https:\/\/betoff.eu\/sl\/produkt\/betoff-f-1l-cistilo-za-fuge-brez-drgnjenja\/#primaryimage\"},\"thumbnailUrl\":\"https:\/\/betoff.eu\/wp-content\/uploads\/2024\/04\/BETOFF-F-czechy-4.png\",\"datePublished\":\"2024-04-25T13:28:03+00:00\",\"dateModified\":\"2024-04-25T13:33:22+00:00\",\"description\":\"\u010cista fugirna masa brez drgnjenja! Teko\u010dina BETOFF-F je inovativen izdelek, ki olaj\u0161a \u010di\u0161\u010denje fugirne mase tako, da potegne umazanijo na vrh fugirne mase in jo tako la\u017eje odstrani z navadno gobo.\",\"breadcrumb\":{\"@id\":\"https:\/\/betoff.eu\/sl\/produkt\/betoff-f-1l-cistilo-za-fuge-brez-drgnjenja\/#breadcrumb\"},\"inLanguage\":\"sl-SI\",\"potentialAction\":[{\"@type\":\"ReadAction\",\"target\":[\"https:\/\/betoff.eu\/sl\/produkt\/betoff-f-1l-cistilo-za-fuge-brez-drgnjenja\/\"]}]},{\"@type\":\"ImageObject\",\"inLanguage\":\"sl-SI\",\"@id\":\"https:\/\/betoff.eu\/sl\/produkt\/betoff-f-1l-cistilo-za-fuge-brez-drgnjenja\/#primaryimage\",\"url\":\"https:\/\/betoff.eu\/wp-content\/uploads\/2024\/04\/BETOFF-F-czechy-4.png\",\"contentUrl\":\"https:\/\/betoff.eu\/wp-content\/uploads\/2024\/04\/BETOFF-F-czechy-4.png\",\"width\":1530,\"height\":2080,\"caption\":\"teko\u010dina za \u010di\u0161\u010denje sklepov\"},{\"@type\":\"BreadcrumbList\",\"@id\":\"https:\/\/betoff.eu\/sl\/produkt\/betoff-f-1l-cistilo-za-fuge-brez-drgnjenja\/#breadcrumb\",\"itemListElement\":[{\"@type\":\"ListItem\",\"position\":1,\"name\":\"Hem\",\"item\":\"https:\/\/betoff.eu\/sl\/\"},{\"@type\":\"ListItem\",\"position\":2,\"name\":\"Shop\",\"item\":\"https:\/\/betoff.eu\/pl\/sklep-2\/\"},{\"@type\":\"ListItem\",\"position\":3,\"name\":\"BETOFF-F &#8211; 1L &#8211; \u010cistilo za fuge (brez drgnjenja)\"}]},{\"@type\":\"WebSite\",\"@id\":\"https:\/\/betoff.eu\/#website\",\"url\":\"https:\/\/betoff.eu\/\",\"name\":\"BETOFF-Products for the world of concrete and beyond!\",\"description\":\"Betoff - Teko\u010dine za raztapljanje betona\",\"publisher\":{\"@id\":\"https:\/\/betoff.eu\/#\/schema\/person\/cded67f1acad0c68af8dcc171137512c\"},\"potentialAction\":[{\"@type\":\"SearchAction\",\"target\":{\"@type\":\"EntryPoint\",\"urlTemplate\":\"https:\/\/betoff.eu\/?s={search_term_string}\"},\"query-input\":{\"@type\":\"PropertyValueSpecification\",\"valueRequired\":true,\"valueName\":\"search_term_string\"}}],\"inLanguage\":\"sl-SI\"},{\"@type\":[\"Person\",\"Organization\"],\"@id\":\"https:\/\/betoff.eu\/#\/schema\/person\/cded67f1acad0c68af8dcc171137512c\",\"name\":\"admin\",\"image\":{\"@type\":\"ImageObject\",\"inLanguage\":\"sl-SI\",\"@id\":\"https:\/\/betoff.eu\/#\/schema\/person\/image\/\",\"url\":\"https:\/\/betoff.eu\/wp-content\/uploads\/2021\/02\/betoff-logo.png\",\"contentUrl\":\"https:\/\/betoff.eu\/wp-content\/uploads\/2021\/02\/betoff-logo.png\",\"width\":1024,\"height\":258,\"caption\":\"admin\"},\"logo\":{\"@id\":\"https:\/\/betoff.eu\/#\/schema\/person\/image\/\"}}]}<\/script>\n<!-- \/ Yoast SEO plugin. -->","yoast_head_json":{"title":"BETOFF-F - 1L - \u010cistilo za fuge (brez drgnjenja) - BETOFF-Izdelki za svet betona in \u0161ir\u0161e!","description":"\u010cista fugirna masa brez drgnjenja! Teko\u010dina BETOFF-F je inovativen izdelek, ki olaj\u0161a \u010di\u0161\u010denje fugirne mase tako, da potegne umazanijo na vrh fugirne mase in jo tako la\u017eje odstrani z navadno gobo.","robots":{"index":"index","follow":"follow","max-snippet":"max-snippet:-1","max-image-preview":"max-image-preview:large","max-video-preview":"max-video-preview:-1"},"canonical":"https:\/\/betoff.eu\/sl\/produkt\/betoff-f-1l-cistilo-za-fuge-brez-drgnjenja\/","og_locale":"sl_SI","og_type":"article","og_title":"BETOFF-F - 1L - \u010cistilo za fuge (brez drgnjenja) - BETOFF-Izdelki za svet betona in \u0161ir\u0161e!","og_description":"\u010cista fugirna masa brez drgnjenja! Teko\u010dina BETOFF-F je inovativen izdelek, ki olaj\u0161a \u010di\u0161\u010denje fugirne mase tako, da potegne umazanijo na vrh fugirne mase in jo tako la\u017eje odstrani z navadno gobo.","og_url":"https:\/\/betoff.eu\/sl\/produkt\/betoff-f-1l-cistilo-za-fuge-brez-drgnjenja\/","og_site_name":"BETOFF-Izdelki za svet betona in \u0161ir\u0161e!","article_modified_time":"2024-04-25T13:33:22+00:00","og_image":[{"width":1530,"height":2080,"url":"https:\/\/betoff.eu\/wp-content\/uploads\/2024\/04\/BETOFF-F-czechy-4.png","type":"image\/png"}],"twitter_card":"summary_large_image","twitter_misc":{"Est. reading time":"7 minut"},"schema":{"@context":"https:\/\/schema.org","@graph":[{"@type":"WebPage","@id":"https:\/\/betoff.eu\/sl\/produkt\/betoff-f-1l-cistilo-za-fuge-brez-drgnjenja\/","url":"https:\/\/betoff.eu\/sl\/produkt\/betoff-f-1l-cistilo-za-fuge-brez-drgnjenja\/","name":"BETOFF-F - 1L - \u010cistilo za fuge (brez drgnjenja) - BETOFF-Izdelki za svet betona in \u0161ir\u0161e!","isPartOf":{"@id":"https:\/\/betoff.eu\/#website"},"primaryImageOfPage":{"@id":"https:\/\/betoff.eu\/sl\/produkt\/betoff-f-1l-cistilo-za-fuge-brez-drgnjenja\/#primaryimage"},"image":{"@id":"https:\/\/betoff.eu\/sl\/produkt\/betoff-f-1l-cistilo-za-fuge-brez-drgnjenja\/#primaryimage"},"thumbnailUrl":"https:\/\/betoff.eu\/wp-content\/uploads\/2024\/04\/BETOFF-F-czechy-4.png","datePublished":"2024-04-25T13:28:03+00:00","dateModified":"2024-04-25T13:33:22+00:00","description":"\u010cista fugirna masa brez drgnjenja! Teko\u010dina BETOFF-F je inovativen izdelek, ki olaj\u0161a \u010di\u0161\u010denje fugirne mase tako, da potegne umazanijo na vrh fugirne mase in jo tako la\u017eje odstrani z navadno gobo.","breadcrumb":{"@id":"https:\/\/betoff.eu\/sl\/produkt\/betoff-f-1l-cistilo-za-fuge-brez-drgnjenja\/#breadcrumb"},"inLanguage":"sl-SI","potentialAction":[{"@type":"ReadAction","target":["https:\/\/betoff.eu\/sl\/produkt\/betoff-f-1l-cistilo-za-fuge-brez-drgnjenja\/"]}]},{"@type":"ImageObject","inLanguage":"sl-SI","@id":"https:\/\/betoff.eu\/sl\/produkt\/betoff-f-1l-cistilo-za-fuge-brez-drgnjenja\/#primaryimage","url":"https:\/\/betoff.eu\/wp-content\/uploads\/2024\/04\/BETOFF-F-czechy-4.png","contentUrl":"https:\/\/betoff.eu\/wp-content\/uploads\/2024\/04\/BETOFF-F-czechy-4.png","width":1530,"height":2080,"caption":"teko\u010dina za \u010di\u0161\u010denje sklepov"},{"@type":"BreadcrumbList","@id":"https:\/\/betoff.eu\/sl\/produkt\/betoff-f-1l-cistilo-za-fuge-brez-drgnjenja\/#breadcrumb","itemListElement":[{"@type":"ListItem","position":1,"name":"Hem","item":"https:\/\/betoff.eu\/sl\/"},{"@type":"ListItem","position":2,"name":"Shop","item":"https:\/\/betoff.eu\/pl\/sklep-2\/"},{"@type":"ListItem","position":3,"name":"BETOFF-F &#8211; 1L &#8211; \u010cistilo za fuge (brez drgnjenja)"}]},{"@type":"WebSite","@id":"https:\/\/betoff.eu\/#website","url":"https:\/\/betoff.eu\/","name":"BETOFF-Products for the world of concrete and beyond!","description":"Betoff - Teko\u010dine za raztapljanje betona","publisher":{"@id":"https:\/\/betoff.eu\/#\/schema\/person\/cded67f1acad0c68af8dcc171137512c"},"potentialAction":[{"@type":"SearchAction","target":{"@type":"EntryPoint","urlTemplate":"https:\/\/betoff.eu\/?s={search_term_string}"},"query-input":{"@type":"PropertyValueSpecification","valueRequired":true,"valueName":"search_term_string"}}],"inLanguage":"sl-SI"},{"@type":["Person","Organization"],"@id":"https:\/\/betoff.eu\/#\/schema\/person\/cded67f1acad0c68af8dcc171137512c","name":"admin","image":{"@type":"ImageObject","inLanguage":"sl-SI","@id":"https:\/\/betoff.eu\/#\/schema\/person\/image\/","url":"https:\/\/betoff.eu\/wp-content\/uploads\/2021\/02\/betoff-logo.png","contentUrl":"https:\/\/betoff.eu\/wp-content\/uploads\/2021\/02\/betoff-logo.png","width":1024,"height":258,"caption":"admin"},"logo":{"@id":"https:\/\/betoff.eu\/#\/schema\/person\/image\/"}}]}},"_links":{"self":[{"href":"https:\/\/betoff.eu\/sl\/wp-json\/wp\/v2\/product\/3639","targetHints":{"allow":["GET"]}}],"collection":[{"href":"https:\/\/betoff.eu\/sl\/wp-json\/wp\/v2\/product"}],"about":[{"href":"https:\/\/betoff.eu\/sl\/wp-json\/wp\/v2\/types\/product"}],"wp:featuredmedia":[{"embeddable":true,"href":"https:\/\/betoff.eu\/sl\/wp-json\/wp\/v2\/media\/3585"}],"wp:attachment":[{"href":"https:\/\/betoff.eu\/sl\/wp-json\/wp\/v2\/media?parent=3639"}],"wp:term":[{"taxonomy":"product_brand","embeddable":true,"href":"https:\/\/betoff.eu\/sl\/wp-json\/wp\/v2\/product_brand?post=3639"},{"taxonomy":"product_cat","embeddable":true,"href":"https:\/\/betoff.eu\/sl\/wp-json\/wp\/v2\/product_cat?post=3639"},{"taxonomy":"product_tag","embeddable":true,"href":"https:\/\/betoff.eu\/sl\/wp-json\/wp\/v2\/product_tag?post=3639"}],"curies":[{"name":"wp","href":"https:\/\/api.w.org\/{rel}","templated":true}]}}