{"id":3634,"date":"2024-04-25T13:08:55","date_gmt":"2024-04-25T11:08:55","guid":{"rendered":"https:\/\/betoff.eu\/?post_type=product&#038;p=3634"},"modified":"2024-04-25T13:16:58","modified_gmt":"2024-04-25T11:16:58","slug":"betoff-bio-20l-biorazgradljiva-tekocina-za-odstranjevanje-betona-tanek-in-svez-beton","status":"publish","type":"product","link":"https:\/\/betoff.eu\/sl\/produkt\/betoff-bio-20l-biorazgradljiva-tekocina-za-odstranjevanje-betona-tanek-in-svez-beton\/","title":{"rendered":"BETOFF-BIO &#8211; 20L &#8211; Biorazgradljiva teko\u010dina za odstranjevanje betona (tanek in sve\u017e beton)"},"content":{"rendered":"<p>Organsko sredstvo za odstranjevanje ostankov betona z ob\u010dutljivih orodij in predmetov. U\u010dinkovito o\u010disti tudi zelo ob\u010dutljive povr\u0161ine (plastika, guma, keramika, lakirane povr\u0161ine, kamenje) trdovratne umazanije, ostankov betona, premazov, brizganja in strjenih gradbenih materialov. U\u010dinkovito in priporo\u010dljivo za mo\u010dno umazanijo, na voljo v manj\u0161ih pakiranjih po 1 liter (z razpr\u0161ilcem) ali 5 litrov.<\/p>\n<p>Lastnosti izdelka:<\/p>\n<p>Simbol: Betoff-BIO<\/p>\n<p>Enota: 20 l.<\/p>\n<p>Specializacija: odstranjevanje ostankov betona, \u010di\u0161\u010denje umazanije z malt, odstranjevanje umazanije z orodja in ob\u010dutljivih povr\u0161in (guma, plastika, marmor, lak).<\/p>\n<p>Uporaba<\/p>\n<p>\u010di\u0161\u010denje kovinskih povr\u0161in pred umazanijo, ki jo pu\u0161\u010dajo zidarske malte<br \/>\n\u010di\u0161\u010denje betona iz profesionalnih strojev, opremljenih z ob\u010dutljivimi komponentami iz plastike, npr.<br \/>\nraztapljanje brizg in cementnih premazov s fleksibilnih, emajliranih, plasti\u010dnih povr\u0161in<br \/>\nodstranjevanje ostankov cementa z oken, okvirjev vrat in elementov iz plastike in kamna<br \/>\nodstranjevanje ostankov ometa in made\u017eev apna<\/p>\n","protected":false},"excerpt":{"rendered":"<p>Organski pripravek Betoff-Bio odstranjuje ostanke betona z ob\u010dutljivih in na po\u0161kodbe odpornih povr\u0161in. Posebej namenjena plastiki, gumi, keramiki, lakiranim in kamnitim povr\u0161inam). Varno odstranjuje zasu\u0161ene ostanke cementa, usedline in brizge iz razli\u010dnih gradbenih materialov. Uporabnikom zagotavlja visoko stopnjo varnosti, 20-litrska embala\u017ea pa je tudi zelo var\u010dna.<\/p>\n","protected":false},"featured_media":3635,"template":"","meta":{"om_disable_all_campaigns":false},"product_brand":[],"product_cat":[295],"product_tag":[],"class_list":{"0":"post-3634","1":"product","2":"type-product","3":"status-publish","4":"has-post-thumbnail","6":"product_cat-tekocina-za-odstranjevanje-betonske-umazanije","8":"first","9":"instock","10":"taxable","11":"shipping-taxable","12":"purchasable","13":"product-type-simple"},"yoast_head":"<!-- This site is optimized with the Yoast SEO plugin v25.9 - https:\/\/yoast.com\/wordpress\/plugins\/seo\/ -->\n<title>BETOFF-BIO - 20L - Biorazgradljiva teko\u010dina za odstranjevanje betona (tanek in sve\u017e beton) - BETOFF-Izdelki za svet betona in \u0161ir\u0161e!<\/title>\n<meta name=\"description\" content=\"Kako hitro in u\u010dinkovito odstraniti cementno mleko s kerami\u010dnih plo\u0161\u010dic. O\u010distite plo\u0161\u010dice s teko\u010dino BETOFF-BIO in ponovno u\u017eivajte v njihovem sijaju!\" \/>\n<meta name=\"robots\" content=\"index, follow, max-snippet:-1, max-image-preview:large, max-video-preview:-1\" \/>\n<link rel=\"canonical\" href=\"https:\/\/betoff.eu\/sl\/produkt\/betoff-bio-20l-biorazgradljiva-tekocina-za-odstranjevanje-betona-tanek-in-svez-beton\/\" \/>\n<meta property=\"og:locale\" content=\"sl_SI\" \/>\n<meta property=\"og:type\" content=\"article\" \/>\n<meta property=\"og:title\" content=\"BETOFF-BIO - 20L - Biorazgradljiva teko\u010dina za odstranjevanje betona (tanek in sve\u017e beton) - BETOFF-Izdelki za svet betona in \u0161ir\u0161e!\" \/>\n<meta property=\"og:description\" content=\"Kako hitro in u\u010dinkovito odstraniti cementno mleko s kerami\u010dnih plo\u0161\u010dic. O\u010distite plo\u0161\u010dice s teko\u010dino BETOFF-BIO in ponovno u\u017eivajte v njihovem sijaju!\" \/>\n<meta property=\"og:url\" content=\"https:\/\/betoff.eu\/sl\/produkt\/betoff-bio-20l-biorazgradljiva-tekocina-za-odstranjevanje-betona-tanek-in-svez-beton\/\" \/>\n<meta property=\"og:site_name\" content=\"BETOFF-Izdelki za svet betona in \u0161ir\u0161e!\" \/>\n<meta property=\"article:modified_time\" content=\"2024-04-25T11:16:58+00:00\" \/>\n<meta property=\"og:image\" content=\"https:\/\/betoff.eu\/wp-content\/uploads\/2024\/04\/Betoff-Bio-20-L-neu-3.png\" \/>\n\t<meta property=\"og:image:width\" content=\"1597\" \/>\n\t<meta property=\"og:image:height\" content=\"2171\" \/>\n\t<meta property=\"og:image:type\" content=\"image\/png\" \/>\n<meta name=\"twitter:card\" content=\"summary_large_image\" \/>\n<meta name=\"twitter:label1\" content=\"Est. reading time\" \/>\n\t<meta name=\"twitter:data1\" content=\"1 minuta\" \/>\n<script type=\"application\/ld+json\" class=\"yoast-schema-graph\">{\"@context\":\"https:\/\/schema.org\",\"@graph\":[{\"@type\":\"WebPage\",\"@id\":\"https:\/\/betoff.eu\/sl\/produkt\/betoff-bio-20l-biorazgradljiva-tekocina-za-odstranjevanje-betona-tanek-in-svez-beton\/\",\"url\":\"https:\/\/betoff.eu\/sl\/produkt\/betoff-bio-20l-biorazgradljiva-tekocina-za-odstranjevanje-betona-tanek-in-svez-beton\/\",\"name\":\"BETOFF-BIO - 20L - Biorazgradljiva teko\u010dina za odstranjevanje betona (tanek in sve\u017e beton) - BETOFF-Izdelki za svet betona in \u0161ir\u0161e!\",\"isPartOf\":{\"@id\":\"https:\/\/betoff.eu\/#website\"},\"primaryImageOfPage\":{\"@id\":\"https:\/\/betoff.eu\/sl\/produkt\/betoff-bio-20l-biorazgradljiva-tekocina-za-odstranjevanje-betona-tanek-in-svez-beton\/#primaryimage\"},\"image\":{\"@id\":\"https:\/\/betoff.eu\/sl\/produkt\/betoff-bio-20l-biorazgradljiva-tekocina-za-odstranjevanje-betona-tanek-in-svez-beton\/#primaryimage\"},\"thumbnailUrl\":\"https:\/\/betoff.eu\/wp-content\/uploads\/2024\/04\/Betoff-Bio-20-L-neu-3.png\",\"datePublished\":\"2024-04-25T11:08:55+00:00\",\"dateModified\":\"2024-04-25T11:16:58+00:00\",\"description\":\"Kako hitro in u\u010dinkovito odstraniti cementno mleko s kerami\u010dnih plo\u0161\u010dic. O\u010distite plo\u0161\u010dice s teko\u010dino BETOFF-BIO in ponovno u\u017eivajte v njihovem sijaju!\",\"breadcrumb\":{\"@id\":\"https:\/\/betoff.eu\/sl\/produkt\/betoff-bio-20l-biorazgradljiva-tekocina-za-odstranjevanje-betona-tanek-in-svez-beton\/#breadcrumb\"},\"inLanguage\":\"sl-SI\",\"potentialAction\":[{\"@type\":\"ReadAction\",\"target\":[\"https:\/\/betoff.eu\/sl\/produkt\/betoff-bio-20l-biorazgradljiva-tekocina-za-odstranjevanje-betona-tanek-in-svez-beton\/\"]}]},{\"@type\":\"ImageObject\",\"inLanguage\":\"sl-SI\",\"@id\":\"https:\/\/betoff.eu\/sl\/produkt\/betoff-bio-20l-biorazgradljiva-tekocina-za-odstranjevanje-betona-tanek-in-svez-beton\/#primaryimage\",\"url\":\"https:\/\/betoff.eu\/wp-content\/uploads\/2024\/04\/Betoff-Bio-20-L-neu-3.png\",\"contentUrl\":\"https:\/\/betoff.eu\/wp-content\/uploads\/2024\/04\/Betoff-Bio-20-L-neu-3.png\",\"width\":1597,\"height\":2171,\"caption\":\"Teko\u010dina za odstranjevanje redke in sve\u017ee cementne umazanije\"},{\"@type\":\"BreadcrumbList\",\"@id\":\"https:\/\/betoff.eu\/sl\/produkt\/betoff-bio-20l-biorazgradljiva-tekocina-za-odstranjevanje-betona-tanek-in-svez-beton\/#breadcrumb\",\"itemListElement\":[{\"@type\":\"ListItem\",\"position\":1,\"name\":\"Hem\",\"item\":\"https:\/\/betoff.eu\/sl\/\"},{\"@type\":\"ListItem\",\"position\":2,\"name\":\"Shop\",\"item\":\"https:\/\/betoff.eu\/pl\/sklep-2\/\"},{\"@type\":\"ListItem\",\"position\":3,\"name\":\"BETOFF-BIO &#8211; 20L &#8211; Biorazgradljiva teko\u010dina za odstranjevanje betona (tanek in sve\u017e beton)\"}]},{\"@type\":\"WebSite\",\"@id\":\"https:\/\/betoff.eu\/#website\",\"url\":\"https:\/\/betoff.eu\/\",\"name\":\"BETOFF-Products for the world of concrete and beyond!\",\"description\":\"Betoff - Teko\u010dine za raztapljanje betona\",\"publisher\":{\"@id\":\"https:\/\/betoff.eu\/#\/schema\/person\/cded67f1acad0c68af8dcc171137512c\"},\"potentialAction\":[{\"@type\":\"SearchAction\",\"target\":{\"@type\":\"EntryPoint\",\"urlTemplate\":\"https:\/\/betoff.eu\/?s={search_term_string}\"},\"query-input\":{\"@type\":\"PropertyValueSpecification\",\"valueRequired\":true,\"valueName\":\"search_term_string\"}}],\"inLanguage\":\"sl-SI\"},{\"@type\":[\"Person\",\"Organization\"],\"@id\":\"https:\/\/betoff.eu\/#\/schema\/person\/cded67f1acad0c68af8dcc171137512c\",\"name\":\"admin\",\"image\":{\"@type\":\"ImageObject\",\"inLanguage\":\"sl-SI\",\"@id\":\"https:\/\/betoff.eu\/#\/schema\/person\/image\/\",\"url\":\"https:\/\/betoff.eu\/wp-content\/uploads\/2021\/02\/betoff-logo.png\",\"contentUrl\":\"https:\/\/betoff.eu\/wp-content\/uploads\/2021\/02\/betoff-logo.png\",\"width\":1024,\"height\":258,\"caption\":\"admin\"},\"logo\":{\"@id\":\"https:\/\/betoff.eu\/#\/schema\/person\/image\/\"}}]}<\/script>\n<!-- \/ Yoast SEO plugin. -->","yoast_head_json":{"title":"BETOFF-BIO - 20L - Biorazgradljiva teko\u010dina za odstranjevanje betona (tanek in sve\u017e beton) - BETOFF-Izdelki za svet betona in \u0161ir\u0161e!","description":"Kako hitro in u\u010dinkovito odstraniti cementno mleko s kerami\u010dnih plo\u0161\u010dic. O\u010distite plo\u0161\u010dice s teko\u010dino BETOFF-BIO in ponovno u\u017eivajte v njihovem sijaju!","robots":{"index":"index","follow":"follow","max-snippet":"max-snippet:-1","max-image-preview":"max-image-preview:large","max-video-preview":"max-video-preview:-1"},"canonical":"https:\/\/betoff.eu\/sl\/produkt\/betoff-bio-20l-biorazgradljiva-tekocina-za-odstranjevanje-betona-tanek-in-svez-beton\/","og_locale":"sl_SI","og_type":"article","og_title":"BETOFF-BIO - 20L - Biorazgradljiva teko\u010dina za odstranjevanje betona (tanek in sve\u017e beton) - BETOFF-Izdelki za svet betona in \u0161ir\u0161e!","og_description":"Kako hitro in u\u010dinkovito odstraniti cementno mleko s kerami\u010dnih plo\u0161\u010dic. O\u010distite plo\u0161\u010dice s teko\u010dino BETOFF-BIO in ponovno u\u017eivajte v njihovem sijaju!","og_url":"https:\/\/betoff.eu\/sl\/produkt\/betoff-bio-20l-biorazgradljiva-tekocina-za-odstranjevanje-betona-tanek-in-svez-beton\/","og_site_name":"BETOFF-Izdelki za svet betona in \u0161ir\u0161e!","article_modified_time":"2024-04-25T11:16:58+00:00","og_image":[{"width":1597,"height":2171,"url":"https:\/\/betoff.eu\/wp-content\/uploads\/2024\/04\/Betoff-Bio-20-L-neu-3.png","type":"image\/png"}],"twitter_card":"summary_large_image","twitter_misc":{"Est. reading time":"1 minuta"},"schema":{"@context":"https:\/\/schema.org","@graph":[{"@type":"WebPage","@id":"https:\/\/betoff.eu\/sl\/produkt\/betoff-bio-20l-biorazgradljiva-tekocina-za-odstranjevanje-betona-tanek-in-svez-beton\/","url":"https:\/\/betoff.eu\/sl\/produkt\/betoff-bio-20l-biorazgradljiva-tekocina-za-odstranjevanje-betona-tanek-in-svez-beton\/","name":"BETOFF-BIO - 20L - Biorazgradljiva teko\u010dina za odstranjevanje betona (tanek in sve\u017e beton) - BETOFF-Izdelki za svet betona in \u0161ir\u0161e!","isPartOf":{"@id":"https:\/\/betoff.eu\/#website"},"primaryImageOfPage":{"@id":"https:\/\/betoff.eu\/sl\/produkt\/betoff-bio-20l-biorazgradljiva-tekocina-za-odstranjevanje-betona-tanek-in-svez-beton\/#primaryimage"},"image":{"@id":"https:\/\/betoff.eu\/sl\/produkt\/betoff-bio-20l-biorazgradljiva-tekocina-za-odstranjevanje-betona-tanek-in-svez-beton\/#primaryimage"},"thumbnailUrl":"https:\/\/betoff.eu\/wp-content\/uploads\/2024\/04\/Betoff-Bio-20-L-neu-3.png","datePublished":"2024-04-25T11:08:55+00:00","dateModified":"2024-04-25T11:16:58+00:00","description":"Kako hitro in u\u010dinkovito odstraniti cementno mleko s kerami\u010dnih plo\u0161\u010dic. O\u010distite plo\u0161\u010dice s teko\u010dino BETOFF-BIO in ponovno u\u017eivajte v njihovem sijaju!","breadcrumb":{"@id":"https:\/\/betoff.eu\/sl\/produkt\/betoff-bio-20l-biorazgradljiva-tekocina-za-odstranjevanje-betona-tanek-in-svez-beton\/#breadcrumb"},"inLanguage":"sl-SI","potentialAction":[{"@type":"ReadAction","target":["https:\/\/betoff.eu\/sl\/produkt\/betoff-bio-20l-biorazgradljiva-tekocina-za-odstranjevanje-betona-tanek-in-svez-beton\/"]}]},{"@type":"ImageObject","inLanguage":"sl-SI","@id":"https:\/\/betoff.eu\/sl\/produkt\/betoff-bio-20l-biorazgradljiva-tekocina-za-odstranjevanje-betona-tanek-in-svez-beton\/#primaryimage","url":"https:\/\/betoff.eu\/wp-content\/uploads\/2024\/04\/Betoff-Bio-20-L-neu-3.png","contentUrl":"https:\/\/betoff.eu\/wp-content\/uploads\/2024\/04\/Betoff-Bio-20-L-neu-3.png","width":1597,"height":2171,"caption":"Teko\u010dina za odstranjevanje redke in sve\u017ee cementne umazanije"},{"@type":"BreadcrumbList","@id":"https:\/\/betoff.eu\/sl\/produkt\/betoff-bio-20l-biorazgradljiva-tekocina-za-odstranjevanje-betona-tanek-in-svez-beton\/#breadcrumb","itemListElement":[{"@type":"ListItem","position":1,"name":"Hem","item":"https:\/\/betoff.eu\/sl\/"},{"@type":"ListItem","position":2,"name":"Shop","item":"https:\/\/betoff.eu\/pl\/sklep-2\/"},{"@type":"ListItem","position":3,"name":"BETOFF-BIO &#8211; 20L &#8211; Biorazgradljiva teko\u010dina za odstranjevanje betona (tanek in sve\u017e beton)"}]},{"@type":"WebSite","@id":"https:\/\/betoff.eu\/#website","url":"https:\/\/betoff.eu\/","name":"BETOFF-Products for the world of concrete and beyond!","description":"Betoff - Teko\u010dine za raztapljanje betona","publisher":{"@id":"https:\/\/betoff.eu\/#\/schema\/person\/cded67f1acad0c68af8dcc171137512c"},"potentialAction":[{"@type":"SearchAction","target":{"@type":"EntryPoint","urlTemplate":"https:\/\/betoff.eu\/?s={search_term_string}"},"query-input":{"@type":"PropertyValueSpecification","valueRequired":true,"valueName":"search_term_string"}}],"inLanguage":"sl-SI"},{"@type":["Person","Organization"],"@id":"https:\/\/betoff.eu\/#\/schema\/person\/cded67f1acad0c68af8dcc171137512c","name":"admin","image":{"@type":"ImageObject","inLanguage":"sl-SI","@id":"https:\/\/betoff.eu\/#\/schema\/person\/image\/","url":"https:\/\/betoff.eu\/wp-content\/uploads\/2021\/02\/betoff-logo.png","contentUrl":"https:\/\/betoff.eu\/wp-content\/uploads\/2021\/02\/betoff-logo.png","width":1024,"height":258,"caption":"admin"},"logo":{"@id":"https:\/\/betoff.eu\/#\/schema\/person\/image\/"}}]}},"_links":{"self":[{"href":"https:\/\/betoff.eu\/sl\/wp-json\/wp\/v2\/product\/3634","targetHints":{"allow":["GET"]}}],"collection":[{"href":"https:\/\/betoff.eu\/sl\/wp-json\/wp\/v2\/product"}],"about":[{"href":"https:\/\/betoff.eu\/sl\/wp-json\/wp\/v2\/types\/product"}],"wp:featuredmedia":[{"embeddable":true,"href":"https:\/\/betoff.eu\/sl\/wp-json\/wp\/v2\/media\/3635"}],"wp:attachment":[{"href":"https:\/\/betoff.eu\/sl\/wp-json\/wp\/v2\/media?parent=3634"}],"wp:term":[{"taxonomy":"product_brand","embeddable":true,"href":"https:\/\/betoff.eu\/sl\/wp-json\/wp\/v2\/product_brand?post=3634"},{"taxonomy":"product_cat","embeddable":true,"href":"https:\/\/betoff.eu\/sl\/wp-json\/wp\/v2\/product_cat?post=3634"},{"taxonomy":"product_tag","embeddable":true,"href":"https:\/\/betoff.eu\/sl\/wp-json\/wp\/v2\/product_tag?post=3634"}],"curies":[{"name":"wp","href":"https:\/\/api.w.org\/{rel}","templated":true}]}}