{"id":3631,"date":"2024-04-25T13:04:44","date_gmt":"2024-04-25T11:04:44","guid":{"rendered":"https:\/\/betoff.eu\/?post_type=product&#038;p=3631"},"modified":"2024-04-25T13:19:28","modified_gmt":"2024-04-25T11:19:28","slug":"betoff-bio-5l-biorazgradljiva-tekocina-za-odstranjevanje-betona-tanek-in-svez-beton","status":"publish","type":"product","link":"https:\/\/betoff.eu\/sl\/produkt\/betoff-bio-5l-biorazgradljiva-tekocina-za-odstranjevanje-betona-tanek-in-svez-beton\/","title":{"rendered":"BETOFF-BIO &#8211; 5L &#8211; Biorazgradljiva teko\u010dina za odstranjevanje betona (tanek in sve\u017e beton)"},"content":{"rendered":"<p>Eko pripravek, ki se odli\u010dno obnese v boju z ostanki betona. U\u010dinkovito o\u010disti tudi zelo ob\u010dutljive povr\u0161ine (aluminij, plastika, elastomer, keramika, emajlirana mesta, kamni) pred trdovratno umazanijo, ki jo povzro\u010dajo suhi cementni in drugi premazi ter brizganje betona. Ne vsebuje kislin in je varen za uporabo na ob\u010dutljivih in k po\u0161kodbam nagnjenih povr\u0161inah. U\u010dinkovito in priporo\u010dljivo za mo\u010dno umazanijo, na voljo v manj\u0161ih pakiranjih po 1 liter (z razpr\u0161ilcem) ali 20 litrov.<\/p>\n<p>Lastnosti izdelka:<\/p>\n<p>Simbol: Betoff-BIO<\/p>\n<p>Enota: 5 l.<\/p>\n<p>Specializacija: odstranjevanje ostankov betona, \u010di\u0161\u010denje malt, odstranjevanje umazanije z orodja in posebnih povr\u0161in (guma, plastika, marmor, lak).<\/p>\n<p>Uporaba<\/p>\n<ul>\n<li>\u010di\u0161\u010denje kovinskih povr\u0161in pred umazanijo, ki jo pu\u0161\u010dajo zidarske malte<\/li>\n<li>\u010di\u0161\u010denje profesionalnih orodij in strojev, opremljenih z ob\u010dutljivimi elementi iz plastike, iz betona.<\/li>\n<li>raztapljanje brizg in cementnih premazov z gumijastih, barvanih in plasti\u010dnih povr\u0161in<\/li>\n<li>odstranjevanje ostankov cementa z oken, vratnih okvirjev in elementov iz plasti\u010dnih mas in plemenitih gradbenih materialov<\/li>\n<li>odstranjevanje ostankov ometa in made\u017eev apna<\/li>\n<\/ul>\n","protected":false},"excerpt":{"rendered":"<p>Betoff-Bio je ekolo\u0161ko sredstvo za varno \u010di\u0161\u010denje ob\u010dutljivih (gumijastih, emajliranih, kerami\u010dnih, aluminijastih, itd.) Povr\u0161in pred ostanki betona. Trajno o\u010disti in ohrani orodje, tla, vrata in plo\u0161\u010dice. Uporabnikom zagotavlja udobje pri delu in omogo\u010da u\u010dinkovito \u010di\u0161\u010denje prenovljenih prostorov, onesna\u017eenih s cementnimi kepami in made\u017ei razli\u010dnih gradbenih me\u0161anic. Varen za okolje.<\/p>\n","protected":false},"featured_media":3632,"template":"","meta":{"om_disable_all_campaigns":false},"product_brand":[],"product_cat":[295],"product_tag":[],"class_list":{"0":"post-3631","1":"product","2":"type-product","3":"status-publish","4":"has-post-thumbnail","6":"product_cat-tekocina-za-odstranjevanje-betonske-umazanije","8":"first","9":"instock","10":"taxable","11":"shipping-taxable","12":"purchasable","13":"product-type-simple"},"yoast_head":"<!-- This site is optimized with the Yoast SEO plugin v25.9 - https:\/\/yoast.com\/wordpress\/plugins\/seo\/ -->\n<title>BETOFF-BIO - 5L - Biorazgradljiva teko\u010dina za odstranjevanje betona (tanek in sve\u017e beton) - BETOFF-Izdelki za svet betona in \u0161ir\u0161e!<\/title>\n<meta name=\"description\" content=\"Inovativno, u\u010dinkovito! Trajno o\u010disti tudi zelo ob\u010dutljive povr\u0161ine (plastika, guma, keramika, lakirane povr\u0161ine, kamni) zasu\u0161ene betonske umazanije.\" \/>\n<meta name=\"robots\" content=\"index, follow, max-snippet:-1, max-image-preview:large, max-video-preview:-1\" \/>\n<link rel=\"canonical\" href=\"https:\/\/betoff.eu\/sl\/produkt\/betoff-bio-5l-biorazgradljiva-tekocina-za-odstranjevanje-betona-tanek-in-svez-beton\/\" \/>\n<meta property=\"og:locale\" content=\"sl_SI\" \/>\n<meta property=\"og:type\" content=\"article\" \/>\n<meta property=\"og:title\" content=\"BETOFF-BIO - 5L - Biorazgradljiva teko\u010dina za odstranjevanje betona (tanek in sve\u017e beton) - BETOFF-Izdelki za svet betona in \u0161ir\u0161e!\" \/>\n<meta property=\"og:description\" content=\"Inovativno, u\u010dinkovito! Trajno o\u010disti tudi zelo ob\u010dutljive povr\u0161ine (plastika, guma, keramika, lakirane povr\u0161ine, kamni) zasu\u0161ene betonske umazanije.\" \/>\n<meta property=\"og:url\" content=\"https:\/\/betoff.eu\/sl\/produkt\/betoff-bio-5l-biorazgradljiva-tekocina-za-odstranjevanje-betona-tanek-in-svez-beton\/\" \/>\n<meta property=\"og:site_name\" content=\"BETOFF-Izdelki za svet betona in \u0161ir\u0161e!\" \/>\n<meta property=\"article:modified_time\" content=\"2024-04-25T11:19:28+00:00\" \/>\n<meta property=\"og:image\" content=\"https:\/\/betoff.eu\/wp-content\/uploads\/2024\/04\/Betoff-Bio-5-L-neu-3.png\" \/>\n\t<meta property=\"og:image:width\" content=\"1596\" \/>\n\t<meta property=\"og:image:height\" content=\"2171\" \/>\n\t<meta property=\"og:image:type\" content=\"image\/png\" \/>\n<meta name=\"twitter:card\" content=\"summary_large_image\" \/>\n<meta name=\"twitter:label1\" content=\"Est. reading time\" \/>\n\t<meta name=\"twitter:data1\" content=\"2 minuti\" \/>\n<script type=\"application\/ld+json\" class=\"yoast-schema-graph\">{\"@context\":\"https:\/\/schema.org\",\"@graph\":[{\"@type\":\"WebPage\",\"@id\":\"https:\/\/betoff.eu\/sl\/produkt\/betoff-bio-5l-biorazgradljiva-tekocina-za-odstranjevanje-betona-tanek-in-svez-beton\/\",\"url\":\"https:\/\/betoff.eu\/sl\/produkt\/betoff-bio-5l-biorazgradljiva-tekocina-za-odstranjevanje-betona-tanek-in-svez-beton\/\",\"name\":\"BETOFF-BIO - 5L - Biorazgradljiva teko\u010dina za odstranjevanje betona (tanek in sve\u017e beton) - BETOFF-Izdelki za svet betona in \u0161ir\u0161e!\",\"isPartOf\":{\"@id\":\"https:\/\/betoff.eu\/#website\"},\"primaryImageOfPage\":{\"@id\":\"https:\/\/betoff.eu\/sl\/produkt\/betoff-bio-5l-biorazgradljiva-tekocina-za-odstranjevanje-betona-tanek-in-svez-beton\/#primaryimage\"},\"image\":{\"@id\":\"https:\/\/betoff.eu\/sl\/produkt\/betoff-bio-5l-biorazgradljiva-tekocina-za-odstranjevanje-betona-tanek-in-svez-beton\/#primaryimage\"},\"thumbnailUrl\":\"https:\/\/betoff.eu\/wp-content\/uploads\/2024\/04\/Betoff-Bio-5-L-neu-3.png\",\"datePublished\":\"2024-04-25T11:04:44+00:00\",\"dateModified\":\"2024-04-25T11:19:28+00:00\",\"description\":\"Inovativno, u\u010dinkovito! Trajno o\u010disti tudi zelo ob\u010dutljive povr\u0161ine (plastika, guma, keramika, lakirane povr\u0161ine, kamni) zasu\u0161ene betonske umazanije.\",\"breadcrumb\":{\"@id\":\"https:\/\/betoff.eu\/sl\/produkt\/betoff-bio-5l-biorazgradljiva-tekocina-za-odstranjevanje-betona-tanek-in-svez-beton\/#breadcrumb\"},\"inLanguage\":\"sl-SI\",\"potentialAction\":[{\"@type\":\"ReadAction\",\"target\":[\"https:\/\/betoff.eu\/sl\/produkt\/betoff-bio-5l-biorazgradljiva-tekocina-za-odstranjevanje-betona-tanek-in-svez-beton\/\"]}]},{\"@type\":\"ImageObject\",\"inLanguage\":\"sl-SI\",\"@id\":\"https:\/\/betoff.eu\/sl\/produkt\/betoff-bio-5l-biorazgradljiva-tekocina-za-odstranjevanje-betona-tanek-in-svez-beton\/#primaryimage\",\"url\":\"https:\/\/betoff.eu\/wp-content\/uploads\/2024\/04\/Betoff-Bio-5-L-neu-3.png\",\"contentUrl\":\"https:\/\/betoff.eu\/wp-content\/uploads\/2024\/04\/Betoff-Bio-5-L-neu-3.png\",\"width\":1596,\"height\":2171,\"caption\":\"Teko\u010dina za odstranjevanje tankega betona\"},{\"@type\":\"BreadcrumbList\",\"@id\":\"https:\/\/betoff.eu\/sl\/produkt\/betoff-bio-5l-biorazgradljiva-tekocina-za-odstranjevanje-betona-tanek-in-svez-beton\/#breadcrumb\",\"itemListElement\":[{\"@type\":\"ListItem\",\"position\":1,\"name\":\"Hem\",\"item\":\"https:\/\/betoff.eu\/sl\/\"},{\"@type\":\"ListItem\",\"position\":2,\"name\":\"Shop\",\"item\":\"https:\/\/betoff.eu\/pl\/sklep-2\/\"},{\"@type\":\"ListItem\",\"position\":3,\"name\":\"BETOFF-BIO &#8211; 5L &#8211; Biorazgradljiva teko\u010dina za odstranjevanje betona (tanek in sve\u017e beton)\"}]},{\"@type\":\"WebSite\",\"@id\":\"https:\/\/betoff.eu\/#website\",\"url\":\"https:\/\/betoff.eu\/\",\"name\":\"BETOFF-Products for the world of concrete and beyond!\",\"description\":\"Betoff - Teko\u010dine za raztapljanje betona\",\"publisher\":{\"@id\":\"https:\/\/betoff.eu\/#\/schema\/person\/cded67f1acad0c68af8dcc171137512c\"},\"potentialAction\":[{\"@type\":\"SearchAction\",\"target\":{\"@type\":\"EntryPoint\",\"urlTemplate\":\"https:\/\/betoff.eu\/?s={search_term_string}\"},\"query-input\":{\"@type\":\"PropertyValueSpecification\",\"valueRequired\":true,\"valueName\":\"search_term_string\"}}],\"inLanguage\":\"sl-SI\"},{\"@type\":[\"Person\",\"Organization\"],\"@id\":\"https:\/\/betoff.eu\/#\/schema\/person\/cded67f1acad0c68af8dcc171137512c\",\"name\":\"admin\",\"image\":{\"@type\":\"ImageObject\",\"inLanguage\":\"sl-SI\",\"@id\":\"https:\/\/betoff.eu\/#\/schema\/person\/image\/\",\"url\":\"https:\/\/betoff.eu\/wp-content\/uploads\/2021\/02\/betoff-logo.png\",\"contentUrl\":\"https:\/\/betoff.eu\/wp-content\/uploads\/2021\/02\/betoff-logo.png\",\"width\":1024,\"height\":258,\"caption\":\"admin\"},\"logo\":{\"@id\":\"https:\/\/betoff.eu\/#\/schema\/person\/image\/\"}}]}<\/script>\n<!-- \/ Yoast SEO plugin. -->","yoast_head_json":{"title":"BETOFF-BIO - 5L - Biorazgradljiva teko\u010dina za odstranjevanje betona (tanek in sve\u017e beton) - BETOFF-Izdelki za svet betona in \u0161ir\u0161e!","description":"Inovativno, u\u010dinkovito! Trajno o\u010disti tudi zelo ob\u010dutljive povr\u0161ine (plastika, guma, keramika, lakirane povr\u0161ine, kamni) zasu\u0161ene betonske umazanije.","robots":{"index":"index","follow":"follow","max-snippet":"max-snippet:-1","max-image-preview":"max-image-preview:large","max-video-preview":"max-video-preview:-1"},"canonical":"https:\/\/betoff.eu\/sl\/produkt\/betoff-bio-5l-biorazgradljiva-tekocina-za-odstranjevanje-betona-tanek-in-svez-beton\/","og_locale":"sl_SI","og_type":"article","og_title":"BETOFF-BIO - 5L - Biorazgradljiva teko\u010dina za odstranjevanje betona (tanek in sve\u017e beton) - BETOFF-Izdelki za svet betona in \u0161ir\u0161e!","og_description":"Inovativno, u\u010dinkovito! Trajno o\u010disti tudi zelo ob\u010dutljive povr\u0161ine (plastika, guma, keramika, lakirane povr\u0161ine, kamni) zasu\u0161ene betonske umazanije.","og_url":"https:\/\/betoff.eu\/sl\/produkt\/betoff-bio-5l-biorazgradljiva-tekocina-za-odstranjevanje-betona-tanek-in-svez-beton\/","og_site_name":"BETOFF-Izdelki za svet betona in \u0161ir\u0161e!","article_modified_time":"2024-04-25T11:19:28+00:00","og_image":[{"width":1596,"height":2171,"url":"https:\/\/betoff.eu\/wp-content\/uploads\/2024\/04\/Betoff-Bio-5-L-neu-3.png","type":"image\/png"}],"twitter_card":"summary_large_image","twitter_misc":{"Est. reading time":"2 minuti"},"schema":{"@context":"https:\/\/schema.org","@graph":[{"@type":"WebPage","@id":"https:\/\/betoff.eu\/sl\/produkt\/betoff-bio-5l-biorazgradljiva-tekocina-za-odstranjevanje-betona-tanek-in-svez-beton\/","url":"https:\/\/betoff.eu\/sl\/produkt\/betoff-bio-5l-biorazgradljiva-tekocina-za-odstranjevanje-betona-tanek-in-svez-beton\/","name":"BETOFF-BIO - 5L - Biorazgradljiva teko\u010dina za odstranjevanje betona (tanek in sve\u017e beton) - BETOFF-Izdelki za svet betona in \u0161ir\u0161e!","isPartOf":{"@id":"https:\/\/betoff.eu\/#website"},"primaryImageOfPage":{"@id":"https:\/\/betoff.eu\/sl\/produkt\/betoff-bio-5l-biorazgradljiva-tekocina-za-odstranjevanje-betona-tanek-in-svez-beton\/#primaryimage"},"image":{"@id":"https:\/\/betoff.eu\/sl\/produkt\/betoff-bio-5l-biorazgradljiva-tekocina-za-odstranjevanje-betona-tanek-in-svez-beton\/#primaryimage"},"thumbnailUrl":"https:\/\/betoff.eu\/wp-content\/uploads\/2024\/04\/Betoff-Bio-5-L-neu-3.png","datePublished":"2024-04-25T11:04:44+00:00","dateModified":"2024-04-25T11:19:28+00:00","description":"Inovativno, u\u010dinkovito! Trajno o\u010disti tudi zelo ob\u010dutljive povr\u0161ine (plastika, guma, keramika, lakirane povr\u0161ine, kamni) zasu\u0161ene betonske umazanije.","breadcrumb":{"@id":"https:\/\/betoff.eu\/sl\/produkt\/betoff-bio-5l-biorazgradljiva-tekocina-za-odstranjevanje-betona-tanek-in-svez-beton\/#breadcrumb"},"inLanguage":"sl-SI","potentialAction":[{"@type":"ReadAction","target":["https:\/\/betoff.eu\/sl\/produkt\/betoff-bio-5l-biorazgradljiva-tekocina-za-odstranjevanje-betona-tanek-in-svez-beton\/"]}]},{"@type":"ImageObject","inLanguage":"sl-SI","@id":"https:\/\/betoff.eu\/sl\/produkt\/betoff-bio-5l-biorazgradljiva-tekocina-za-odstranjevanje-betona-tanek-in-svez-beton\/#primaryimage","url":"https:\/\/betoff.eu\/wp-content\/uploads\/2024\/04\/Betoff-Bio-5-L-neu-3.png","contentUrl":"https:\/\/betoff.eu\/wp-content\/uploads\/2024\/04\/Betoff-Bio-5-L-neu-3.png","width":1596,"height":2171,"caption":"Teko\u010dina za odstranjevanje tankega betona"},{"@type":"BreadcrumbList","@id":"https:\/\/betoff.eu\/sl\/produkt\/betoff-bio-5l-biorazgradljiva-tekocina-za-odstranjevanje-betona-tanek-in-svez-beton\/#breadcrumb","itemListElement":[{"@type":"ListItem","position":1,"name":"Hem","item":"https:\/\/betoff.eu\/sl\/"},{"@type":"ListItem","position":2,"name":"Shop","item":"https:\/\/betoff.eu\/pl\/sklep-2\/"},{"@type":"ListItem","position":3,"name":"BETOFF-BIO &#8211; 5L &#8211; Biorazgradljiva teko\u010dina za odstranjevanje betona (tanek in sve\u017e beton)"}]},{"@type":"WebSite","@id":"https:\/\/betoff.eu\/#website","url":"https:\/\/betoff.eu\/","name":"BETOFF-Products for the world of concrete and beyond!","description":"Betoff - Teko\u010dine za raztapljanje betona","publisher":{"@id":"https:\/\/betoff.eu\/#\/schema\/person\/cded67f1acad0c68af8dcc171137512c"},"potentialAction":[{"@type":"SearchAction","target":{"@type":"EntryPoint","urlTemplate":"https:\/\/betoff.eu\/?s={search_term_string}"},"query-input":{"@type":"PropertyValueSpecification","valueRequired":true,"valueName":"search_term_string"}}],"inLanguage":"sl-SI"},{"@type":["Person","Organization"],"@id":"https:\/\/betoff.eu\/#\/schema\/person\/cded67f1acad0c68af8dcc171137512c","name":"admin","image":{"@type":"ImageObject","inLanguage":"sl-SI","@id":"https:\/\/betoff.eu\/#\/schema\/person\/image\/","url":"https:\/\/betoff.eu\/wp-content\/uploads\/2021\/02\/betoff-logo.png","contentUrl":"https:\/\/betoff.eu\/wp-content\/uploads\/2021\/02\/betoff-logo.png","width":1024,"height":258,"caption":"admin"},"logo":{"@id":"https:\/\/betoff.eu\/#\/schema\/person\/image\/"}}]}},"_links":{"self":[{"href":"https:\/\/betoff.eu\/sl\/wp-json\/wp\/v2\/product\/3631","targetHints":{"allow":["GET"]}}],"collection":[{"href":"https:\/\/betoff.eu\/sl\/wp-json\/wp\/v2\/product"}],"about":[{"href":"https:\/\/betoff.eu\/sl\/wp-json\/wp\/v2\/types\/product"}],"wp:featuredmedia":[{"embeddable":true,"href":"https:\/\/betoff.eu\/sl\/wp-json\/wp\/v2\/media\/3632"}],"wp:attachment":[{"href":"https:\/\/betoff.eu\/sl\/wp-json\/wp\/v2\/media?parent=3631"}],"wp:term":[{"taxonomy":"product_brand","embeddable":true,"href":"https:\/\/betoff.eu\/sl\/wp-json\/wp\/v2\/product_brand?post=3631"},{"taxonomy":"product_cat","embeddable":true,"href":"https:\/\/betoff.eu\/sl\/wp-json\/wp\/v2\/product_cat?post=3631"},{"taxonomy":"product_tag","embeddable":true,"href":"https:\/\/betoff.eu\/sl\/wp-json\/wp\/v2\/product_tag?post=3631"}],"curies":[{"name":"wp","href":"https:\/\/api.w.org\/{rel}","templated":true}]}}