{"id":3628,"date":"2024-04-25T12:58:09","date_gmt":"2024-04-25T10:58:09","guid":{"rendered":"https:\/\/betoff.eu\/?post_type=product&#038;p=3628"},"modified":"2024-04-25T13:22:17","modified_gmt":"2024-04-25T11:22:17","slug":"betoff-bio-1l-biorazgradljiva-tekocina-za-odstranjevanje-betona-tanek-in-svez-beton","status":"publish","type":"product","link":"https:\/\/betoff.eu\/sl\/produkt\/betoff-bio-1l-biorazgradljiva-tekocina-za-odstranjevanje-betona-tanek-in-svez-beton\/","title":{"rendered":"BETOFF-BIO &#8211; 1L &#8211; Biorazgradljiva teko\u010dina za odstranjevanje betona (tanek in sve\u017e beton)"},"content":{"rendered":"<p>Preagresivni preparati lahko uni\u010dijo ali omejijo u\u010dinkovitost opreme, zato BETOFF svojim strankam ponuja linijo izdelkov na biolo\u0161ki osnovi. Organski pripravek Betoff-Bio, ki je enostaven za uporabo, je namenjen odstranjevanju ostankov betona z razli\u010dnih predmetov. V tej razli\u010dici Betoff varno in trajno o\u010disti tudi zelo ob\u010dutljive povr\u0161ine (plastika, guma, keramika, lakirane povr\u0161ine, kamni) pred zasu\u0161enimi ostanki betona, rabami, brizgami in strjenimi gradbenimi materiali. Uporabnikom zagotavlja visoko stopnjo varnosti in je posebej priporo\u010dljiva za uporabo na povr\u0161inah, ki so ob\u010dutljive na po\u0161kodbe. Pr\u0161ilna oblika olaj\u0161a uporabo pripravka, predvsem pri \u010di\u0161\u010denju manj\u0161ih elementov in povr\u0161in pred ostanki betona.<\/p>\n<p>V primeru mo\u010dnej\u0161e umazanije priporo\u010damo nakup embala\u017ee ve\u010dje prostornine (5 ali 20 litrov).<\/p>\n<p>Lastnosti izdelka:<\/p>\n<p>Simbol: Betoff-BIO<\/p>\n<p>Enota: liter<\/p>\n<p>Specializacija: odstranjevanje ostankov betona, ometa in apna, \u010di\u0161\u010denje umazanije z malt, odstranjevanje umazanije z orodja in ob\u010dutljivih povr\u0161in (guma, plastika, marmor, lak).<\/p>\n<p>Uporaba<\/p>\n<ul>\n<li>\u010di\u0161\u010denje ob\u010dutljivih povr\u0161in pred umazanijo, ki jo povzro\u010dajo betonske usedline<\/li>\n<li>\u010di\u0161\u010denje profesionalnih orodij z ob\u010dutljivimi elementi iz plastike pred cementno umazanijo.<\/li>\n<li>raztapljanje cementnih made\u017eev in premazov s plo\u0161\u010dic, gume, kroma, lakiranih in plasti\u010dnih povr\u0161in<\/li>\n<li>odstranjevanje ostankov ometa z oken, vratnih okvirjev in elementov iz umetnih mas in plemenitih gradbenih materialov<\/li>\n<li>odstranjevanje ostankov ometa in made\u017eev apna.<\/li>\n<\/ul>\n","protected":false},"excerpt":{"rendered":"<p>Ekolo\u0161ki pripravek Betoff-Bio v razpr\u0161ilni stekleni\u010dki varno odstrani ostanke betona z razli\u010dnih predmetov. Trajno o\u010disti tudi zelo ob\u010dutljive povr\u0161ine (plastika, guma, keramika, lakirane povr\u0161ine, kamni) zasu\u0161enih ostankov betona, umazanije, brizganja in strjenega gradbenega materiala. Uporabnikom zagotavlja visoko stopnjo varnosti in je namenjena povr\u0161inam, dovzetnim za po\u0161kodbe.<\/p>\n","protected":false},"featured_media":3629,"template":"","meta":{"om_disable_all_campaigns":false},"product_brand":[],"product_cat":[295],"product_tag":[],"class_list":{"0":"post-3628","1":"product","2":"type-product","3":"status-publish","4":"has-post-thumbnail","6":"product_cat-tekocina-za-odstranjevanje-betonske-umazanije","8":"first","9":"instock","10":"taxable","11":"shipping-taxable","12":"purchasable","13":"product-type-simple"},"yoast_head":"<!-- This site is optimized with the Yoast SEO plugin v25.9 - https:\/\/yoast.com\/wordpress\/plugins\/seo\/ -->\n<title>BETOFF-BIO - 1L - Biorazgradljiva teko\u010dina za odstranjevanje betona (tanek in sve\u017e beton) - BETOFF-Izdelki za svet betona in \u0161ir\u0161e!<\/title>\n<meta name=\"description\" content=\"Kako raztopiti tanke in sve\u017ee cementne made\u017ee? BETOFF-BIO je inovativen pripravek za odstranjevanje betona. Ne vsebuje jedkih snovi, idealno za odstranjevanje betona z oken, avtomobilske karoserije in drugih ob\u010dutljivih povr\u0161in.\" \/>\n<meta name=\"robots\" content=\"index, follow, max-snippet:-1, max-image-preview:large, max-video-preview:-1\" \/>\n<link rel=\"canonical\" href=\"https:\/\/betoff.eu\/sl\/produkt\/betoff-bio-1l-biorazgradljiva-tekocina-za-odstranjevanje-betona-tanek-in-svez-beton\/\" \/>\n<meta property=\"og:locale\" content=\"sl_SI\" \/>\n<meta property=\"og:type\" content=\"article\" \/>\n<meta property=\"og:title\" content=\"BETOFF-BIO - 1L - Biorazgradljiva teko\u010dina za odstranjevanje betona (tanek in sve\u017e beton) - BETOFF-Izdelki za svet betona in \u0161ir\u0161e!\" \/>\n<meta property=\"og:description\" content=\"Kako raztopiti tanke in sve\u017ee cementne made\u017ee? BETOFF-BIO je inovativen pripravek za odstranjevanje betona. Ne vsebuje jedkih snovi, idealno za odstranjevanje betona z oken, avtomobilske karoserije in drugih ob\u010dutljivih povr\u0161in.\" \/>\n<meta property=\"og:url\" content=\"https:\/\/betoff.eu\/sl\/produkt\/betoff-bio-1l-biorazgradljiva-tekocina-za-odstranjevanje-betona-tanek-in-svez-beton\/\" \/>\n<meta property=\"og:site_name\" content=\"BETOFF-Izdelki za svet betona in \u0161ir\u0161e!\" \/>\n<meta property=\"article:modified_time\" content=\"2024-04-25T11:22:17+00:00\" \/>\n<meta property=\"og:image\" content=\"https:\/\/betoff.eu\/wp-content\/uploads\/2024\/04\/betoff-bio-neu-ety-3.png\" \/>\n\t<meta property=\"og:image:width\" content=\"1597\" \/>\n\t<meta property=\"og:image:height\" content=\"2171\" \/>\n\t<meta property=\"og:image:type\" content=\"image\/png\" \/>\n<meta name=\"twitter:card\" content=\"summary_large_image\" \/>\n<meta name=\"twitter:label1\" content=\"Est. reading time\" \/>\n\t<meta name=\"twitter:data1\" content=\"2 minuti\" \/>\n<script type=\"application\/ld+json\" class=\"yoast-schema-graph\">{\"@context\":\"https:\/\/schema.org\",\"@graph\":[{\"@type\":\"WebPage\",\"@id\":\"https:\/\/betoff.eu\/sl\/produkt\/betoff-bio-1l-biorazgradljiva-tekocina-za-odstranjevanje-betona-tanek-in-svez-beton\/\",\"url\":\"https:\/\/betoff.eu\/sl\/produkt\/betoff-bio-1l-biorazgradljiva-tekocina-za-odstranjevanje-betona-tanek-in-svez-beton\/\",\"name\":\"BETOFF-BIO - 1L - Biorazgradljiva teko\u010dina za odstranjevanje betona (tanek in sve\u017e beton) - BETOFF-Izdelki za svet betona in \u0161ir\u0161e!\",\"isPartOf\":{\"@id\":\"https:\/\/betoff.eu\/#website\"},\"primaryImageOfPage\":{\"@id\":\"https:\/\/betoff.eu\/sl\/produkt\/betoff-bio-1l-biorazgradljiva-tekocina-za-odstranjevanje-betona-tanek-in-svez-beton\/#primaryimage\"},\"image\":{\"@id\":\"https:\/\/betoff.eu\/sl\/produkt\/betoff-bio-1l-biorazgradljiva-tekocina-za-odstranjevanje-betona-tanek-in-svez-beton\/#primaryimage\"},\"thumbnailUrl\":\"https:\/\/betoff.eu\/wp-content\/uploads\/2024\/04\/betoff-bio-neu-ety-3.png\",\"datePublished\":\"2024-04-25T10:58:09+00:00\",\"dateModified\":\"2024-04-25T11:22:17+00:00\",\"description\":\"Kako raztopiti tanke in sve\u017ee cementne made\u017ee? BETOFF-BIO je inovativen pripravek za odstranjevanje betona. Ne vsebuje jedkih snovi, idealno za odstranjevanje betona z oken, avtomobilske karoserije in drugih ob\u010dutljivih povr\u0161in.\",\"breadcrumb\":{\"@id\":\"https:\/\/betoff.eu\/sl\/produkt\/betoff-bio-1l-biorazgradljiva-tekocina-za-odstranjevanje-betona-tanek-in-svez-beton\/#breadcrumb\"},\"inLanguage\":\"sl-SI\",\"potentialAction\":[{\"@type\":\"ReadAction\",\"target\":[\"https:\/\/betoff.eu\/sl\/produkt\/betoff-bio-1l-biorazgradljiva-tekocina-za-odstranjevanje-betona-tanek-in-svez-beton\/\"]}]},{\"@type\":\"ImageObject\",\"inLanguage\":\"sl-SI\",\"@id\":\"https:\/\/betoff.eu\/sl\/produkt\/betoff-bio-1l-biorazgradljiva-tekocina-za-odstranjevanje-betona-tanek-in-svez-beton\/#primaryimage\",\"url\":\"https:\/\/betoff.eu\/wp-content\/uploads\/2024\/04\/betoff-bio-neu-ety-3.png\",\"contentUrl\":\"https:\/\/betoff.eu\/wp-content\/uploads\/2024\/04\/betoff-bio-neu-ety-3.png\",\"width\":1597,\"height\":2171,\"caption\":\"Teko\u010dina za odstranjevanje betona\"},{\"@type\":\"BreadcrumbList\",\"@id\":\"https:\/\/betoff.eu\/sl\/produkt\/betoff-bio-1l-biorazgradljiva-tekocina-za-odstranjevanje-betona-tanek-in-svez-beton\/#breadcrumb\",\"itemListElement\":[{\"@type\":\"ListItem\",\"position\":1,\"name\":\"Hem\",\"item\":\"https:\/\/betoff.eu\/sl\/\"},{\"@type\":\"ListItem\",\"position\":2,\"name\":\"Shop\",\"item\":\"https:\/\/betoff.eu\/pl\/sklep-2\/\"},{\"@type\":\"ListItem\",\"position\":3,\"name\":\"BETOFF-BIO &#8211; 1L &#8211; Biorazgradljiva teko\u010dina za odstranjevanje betona (tanek in sve\u017e beton)\"}]},{\"@type\":\"WebSite\",\"@id\":\"https:\/\/betoff.eu\/#website\",\"url\":\"https:\/\/betoff.eu\/\",\"name\":\"BETOFF-Products for the world of concrete and beyond!\",\"description\":\"Betoff - Teko\u010dine za raztapljanje betona\",\"publisher\":{\"@id\":\"https:\/\/betoff.eu\/#\/schema\/person\/cded67f1acad0c68af8dcc171137512c\"},\"potentialAction\":[{\"@type\":\"SearchAction\",\"target\":{\"@type\":\"EntryPoint\",\"urlTemplate\":\"https:\/\/betoff.eu\/?s={search_term_string}\"},\"query-input\":{\"@type\":\"PropertyValueSpecification\",\"valueRequired\":true,\"valueName\":\"search_term_string\"}}],\"inLanguage\":\"sl-SI\"},{\"@type\":[\"Person\",\"Organization\"],\"@id\":\"https:\/\/betoff.eu\/#\/schema\/person\/cded67f1acad0c68af8dcc171137512c\",\"name\":\"admin\",\"image\":{\"@type\":\"ImageObject\",\"inLanguage\":\"sl-SI\",\"@id\":\"https:\/\/betoff.eu\/#\/schema\/person\/image\/\",\"url\":\"https:\/\/betoff.eu\/wp-content\/uploads\/2021\/02\/betoff-logo.png\",\"contentUrl\":\"https:\/\/betoff.eu\/wp-content\/uploads\/2021\/02\/betoff-logo.png\",\"width\":1024,\"height\":258,\"caption\":\"admin\"},\"logo\":{\"@id\":\"https:\/\/betoff.eu\/#\/schema\/person\/image\/\"}}]}<\/script>\n<!-- \/ Yoast SEO plugin. -->","yoast_head_json":{"title":"BETOFF-BIO - 1L - Biorazgradljiva teko\u010dina za odstranjevanje betona (tanek in sve\u017e beton) - BETOFF-Izdelki za svet betona in \u0161ir\u0161e!","description":"Kako raztopiti tanke in sve\u017ee cementne made\u017ee? BETOFF-BIO je inovativen pripravek za odstranjevanje betona. Ne vsebuje jedkih snovi, idealno za odstranjevanje betona z oken, avtomobilske karoserije in drugih ob\u010dutljivih povr\u0161in.","robots":{"index":"index","follow":"follow","max-snippet":"max-snippet:-1","max-image-preview":"max-image-preview:large","max-video-preview":"max-video-preview:-1"},"canonical":"https:\/\/betoff.eu\/sl\/produkt\/betoff-bio-1l-biorazgradljiva-tekocina-za-odstranjevanje-betona-tanek-in-svez-beton\/","og_locale":"sl_SI","og_type":"article","og_title":"BETOFF-BIO - 1L - Biorazgradljiva teko\u010dina za odstranjevanje betona (tanek in sve\u017e beton) - BETOFF-Izdelki za svet betona in \u0161ir\u0161e!","og_description":"Kako raztopiti tanke in sve\u017ee cementne made\u017ee? BETOFF-BIO je inovativen pripravek za odstranjevanje betona. Ne vsebuje jedkih snovi, idealno za odstranjevanje betona z oken, avtomobilske karoserije in drugih ob\u010dutljivih povr\u0161in.","og_url":"https:\/\/betoff.eu\/sl\/produkt\/betoff-bio-1l-biorazgradljiva-tekocina-za-odstranjevanje-betona-tanek-in-svez-beton\/","og_site_name":"BETOFF-Izdelki za svet betona in \u0161ir\u0161e!","article_modified_time":"2024-04-25T11:22:17+00:00","og_image":[{"width":1597,"height":2171,"url":"https:\/\/betoff.eu\/wp-content\/uploads\/2024\/04\/betoff-bio-neu-ety-3.png","type":"image\/png"}],"twitter_card":"summary_large_image","twitter_misc":{"Est. reading time":"2 minuti"},"schema":{"@context":"https:\/\/schema.org","@graph":[{"@type":"WebPage","@id":"https:\/\/betoff.eu\/sl\/produkt\/betoff-bio-1l-biorazgradljiva-tekocina-za-odstranjevanje-betona-tanek-in-svez-beton\/","url":"https:\/\/betoff.eu\/sl\/produkt\/betoff-bio-1l-biorazgradljiva-tekocina-za-odstranjevanje-betona-tanek-in-svez-beton\/","name":"BETOFF-BIO - 1L - Biorazgradljiva teko\u010dina za odstranjevanje betona (tanek in sve\u017e beton) - BETOFF-Izdelki za svet betona in \u0161ir\u0161e!","isPartOf":{"@id":"https:\/\/betoff.eu\/#website"},"primaryImageOfPage":{"@id":"https:\/\/betoff.eu\/sl\/produkt\/betoff-bio-1l-biorazgradljiva-tekocina-za-odstranjevanje-betona-tanek-in-svez-beton\/#primaryimage"},"image":{"@id":"https:\/\/betoff.eu\/sl\/produkt\/betoff-bio-1l-biorazgradljiva-tekocina-za-odstranjevanje-betona-tanek-in-svez-beton\/#primaryimage"},"thumbnailUrl":"https:\/\/betoff.eu\/wp-content\/uploads\/2024\/04\/betoff-bio-neu-ety-3.png","datePublished":"2024-04-25T10:58:09+00:00","dateModified":"2024-04-25T11:22:17+00:00","description":"Kako raztopiti tanke in sve\u017ee cementne made\u017ee? BETOFF-BIO je inovativen pripravek za odstranjevanje betona. Ne vsebuje jedkih snovi, idealno za odstranjevanje betona z oken, avtomobilske karoserije in drugih ob\u010dutljivih povr\u0161in.","breadcrumb":{"@id":"https:\/\/betoff.eu\/sl\/produkt\/betoff-bio-1l-biorazgradljiva-tekocina-za-odstranjevanje-betona-tanek-in-svez-beton\/#breadcrumb"},"inLanguage":"sl-SI","potentialAction":[{"@type":"ReadAction","target":["https:\/\/betoff.eu\/sl\/produkt\/betoff-bio-1l-biorazgradljiva-tekocina-za-odstranjevanje-betona-tanek-in-svez-beton\/"]}]},{"@type":"ImageObject","inLanguage":"sl-SI","@id":"https:\/\/betoff.eu\/sl\/produkt\/betoff-bio-1l-biorazgradljiva-tekocina-za-odstranjevanje-betona-tanek-in-svez-beton\/#primaryimage","url":"https:\/\/betoff.eu\/wp-content\/uploads\/2024\/04\/betoff-bio-neu-ety-3.png","contentUrl":"https:\/\/betoff.eu\/wp-content\/uploads\/2024\/04\/betoff-bio-neu-ety-3.png","width":1597,"height":2171,"caption":"Teko\u010dina za odstranjevanje betona"},{"@type":"BreadcrumbList","@id":"https:\/\/betoff.eu\/sl\/produkt\/betoff-bio-1l-biorazgradljiva-tekocina-za-odstranjevanje-betona-tanek-in-svez-beton\/#breadcrumb","itemListElement":[{"@type":"ListItem","position":1,"name":"Hem","item":"https:\/\/betoff.eu\/sl\/"},{"@type":"ListItem","position":2,"name":"Shop","item":"https:\/\/betoff.eu\/pl\/sklep-2\/"},{"@type":"ListItem","position":3,"name":"BETOFF-BIO &#8211; 1L &#8211; Biorazgradljiva teko\u010dina za odstranjevanje betona (tanek in sve\u017e beton)"}]},{"@type":"WebSite","@id":"https:\/\/betoff.eu\/#website","url":"https:\/\/betoff.eu\/","name":"BETOFF-Products for the world of concrete and beyond!","description":"Betoff - Teko\u010dine za raztapljanje betona","publisher":{"@id":"https:\/\/betoff.eu\/#\/schema\/person\/cded67f1acad0c68af8dcc171137512c"},"potentialAction":[{"@type":"SearchAction","target":{"@type":"EntryPoint","urlTemplate":"https:\/\/betoff.eu\/?s={search_term_string}"},"query-input":{"@type":"PropertyValueSpecification","valueRequired":true,"valueName":"search_term_string"}}],"inLanguage":"sl-SI"},{"@type":["Person","Organization"],"@id":"https:\/\/betoff.eu\/#\/schema\/person\/cded67f1acad0c68af8dcc171137512c","name":"admin","image":{"@type":"ImageObject","inLanguage":"sl-SI","@id":"https:\/\/betoff.eu\/#\/schema\/person\/image\/","url":"https:\/\/betoff.eu\/wp-content\/uploads\/2021\/02\/betoff-logo.png","contentUrl":"https:\/\/betoff.eu\/wp-content\/uploads\/2021\/02\/betoff-logo.png","width":1024,"height":258,"caption":"admin"},"logo":{"@id":"https:\/\/betoff.eu\/#\/schema\/person\/image\/"}}]}},"_links":{"self":[{"href":"https:\/\/betoff.eu\/sl\/wp-json\/wp\/v2\/product\/3628","targetHints":{"allow":["GET"]}}],"collection":[{"href":"https:\/\/betoff.eu\/sl\/wp-json\/wp\/v2\/product"}],"about":[{"href":"https:\/\/betoff.eu\/sl\/wp-json\/wp\/v2\/types\/product"}],"wp:featuredmedia":[{"embeddable":true,"href":"https:\/\/betoff.eu\/sl\/wp-json\/wp\/v2\/media\/3629"}],"wp:attachment":[{"href":"https:\/\/betoff.eu\/sl\/wp-json\/wp\/v2\/media?parent=3628"}],"wp:term":[{"taxonomy":"product_brand","embeddable":true,"href":"https:\/\/betoff.eu\/sl\/wp-json\/wp\/v2\/product_brand?post=3628"},{"taxonomy":"product_cat","embeddable":true,"href":"https:\/\/betoff.eu\/sl\/wp-json\/wp\/v2\/product_cat?post=3628"},{"taxonomy":"product_tag","embeddable":true,"href":"https:\/\/betoff.eu\/sl\/wp-json\/wp\/v2\/product_tag?post=3628"}],"curies":[{"name":"wp","href":"https:\/\/api.w.org\/{rel}","templated":true}]}}