{"id":3625,"date":"2024-04-25T12:43:04","date_gmt":"2024-04-25T10:43:04","guid":{"rendered":"https:\/\/betoff.eu\/?post_type=product&#038;p=3625"},"modified":"2024-04-25T12:44:48","modified_gmt":"2024-04-25T10:44:48","slug":"betoff-x-20l-tekocina-za-odstranjevanje-betona-razredcena-razlicicasrednja-umazanija","status":"publish","type":"product","link":"https:\/\/betoff.eu\/sl\/produkt\/betoff-x-20l-tekocina-za-odstranjevanje-betona-razredcena-razlicicasrednja-umazanija\/","title":{"rendered":"BETOFF-X &#8211; 20L &#8211; Teko\u010dina za odstranjevanje betona (razred\u010dena razli\u010dica)(srednja umazanija)"},"content":{"rendered":"<p>\u010ce \u017eelite raztopiti betonsko umazanijo, uporabite samo teko\u010dine BETOFF! Za odstranjevanje betona srednje velikosti uporabite teko\u010dino BETOFF-X.<\/p>\n","protected":false},"excerpt":{"rendered":"<p>\u010ce \u017eelite raztopiti betonsko umazanijo, uporabite samo teko\u010dine BETOFF! Za odstranjevanje betona srednje velikosti uporabite teko\u010dino BETOFF-X.<\/p>\n","protected":false},"featured_media":3626,"template":"","meta":{"om_disable_all_campaigns":false},"product_brand":[],"product_cat":[293],"product_tag":[],"class_list":{"0":"post-3625","1":"product","2":"type-product","3":"status-publish","4":"has-post-thumbnail","6":"product_cat-bez-kategorii-sl","8":"first","9":"instock","10":"taxable","11":"shipping-taxable","12":"purchasable","13":"product-type-simple"},"yoast_head":"<!-- This site is optimized with the Yoast SEO plugin v25.9 - https:\/\/yoast.com\/wordpress\/plugins\/seo\/ -->\n<title>BETOFF-X - 20L - Teko\u010dina za odstranjevanje betona (razred\u010dena razli\u010dica)(srednja umazanija) - BETOFF-Izdelki za svet betona in \u0161ir\u0161e!<\/title>\n<meta name=\"description\" content=\"BETOFF-X bo zlahka raztopil srednje velik beton. Hitro in u\u010dinkovito, hkrati pa zelo u\u010dinkovito. Preverite njegovo mo\u010d \u0161e danes! To je mo\u010dno! Deluje!\" \/>\n<meta name=\"robots\" content=\"index, follow, max-snippet:-1, max-image-preview:large, max-video-preview:-1\" \/>\n<link rel=\"canonical\" href=\"https:\/\/betoff.eu\/sl\/produkt\/betoff-x-20l-tekocina-za-odstranjevanje-betona-razredcena-razlicicasrednja-umazanija\/\" \/>\n<meta property=\"og:locale\" content=\"sl_SI\" \/>\n<meta property=\"og:type\" content=\"article\" \/>\n<meta property=\"og:title\" content=\"BETOFF-X - 20L - Teko\u010dina za odstranjevanje betona (razred\u010dena razli\u010dica)(srednja umazanija) - BETOFF-Izdelki za svet betona in \u0161ir\u0161e!\" \/>\n<meta property=\"og:description\" content=\"BETOFF-X bo zlahka raztopil srednje velik beton. Hitro in u\u010dinkovito, hkrati pa zelo u\u010dinkovito. Preverite njegovo mo\u010d \u0161e danes! To je mo\u010dno! Deluje!\" \/>\n<meta property=\"og:url\" content=\"https:\/\/betoff.eu\/sl\/produkt\/betoff-x-20l-tekocina-za-odstranjevanje-betona-razredcena-razlicicasrednja-umazanija\/\" \/>\n<meta property=\"og:site_name\" content=\"BETOFF-Izdelki za svet betona in \u0161ir\u0161e!\" \/>\n<meta property=\"article:modified_time\" content=\"2024-04-25T10:44:48+00:00\" \/>\n<meta property=\"og:image\" content=\"https:\/\/betoff.eu\/wp-content\/uploads\/2024\/04\/Betoff-X-20-L-neu-3.png\" \/>\n\t<meta property=\"og:image:width\" content=\"1597\" \/>\n\t<meta property=\"og:image:height\" content=\"2171\" \/>\n\t<meta property=\"og:image:type\" content=\"image\/png\" \/>\n<meta name=\"twitter:card\" content=\"summary_large_image\" \/>\n<meta name=\"twitter:label1\" content=\"Est. reading time\" \/>\n\t<meta name=\"twitter:data1\" content=\"1 minuta\" \/>\n<script type=\"application\/ld+json\" class=\"yoast-schema-graph\">{\"@context\":\"https:\/\/schema.org\",\"@graph\":[{\"@type\":\"WebPage\",\"@id\":\"https:\/\/betoff.eu\/sl\/produkt\/betoff-x-20l-tekocina-za-odstranjevanje-betona-razredcena-razlicicasrednja-umazanija\/\",\"url\":\"https:\/\/betoff.eu\/sl\/produkt\/betoff-x-20l-tekocina-za-odstranjevanje-betona-razredcena-razlicicasrednja-umazanija\/\",\"name\":\"BETOFF-X - 20L - Teko\u010dina za odstranjevanje betona (razred\u010dena razli\u010dica)(srednja umazanija) - BETOFF-Izdelki za svet betona in \u0161ir\u0161e!\",\"isPartOf\":{\"@id\":\"https:\/\/betoff.eu\/#website\"},\"primaryImageOfPage\":{\"@id\":\"https:\/\/betoff.eu\/sl\/produkt\/betoff-x-20l-tekocina-za-odstranjevanje-betona-razredcena-razlicicasrednja-umazanija\/#primaryimage\"},\"image\":{\"@id\":\"https:\/\/betoff.eu\/sl\/produkt\/betoff-x-20l-tekocina-za-odstranjevanje-betona-razredcena-razlicicasrednja-umazanija\/#primaryimage\"},\"thumbnailUrl\":\"https:\/\/betoff.eu\/wp-content\/uploads\/2024\/04\/Betoff-X-20-L-neu-3.png\",\"datePublished\":\"2024-04-25T10:43:04+00:00\",\"dateModified\":\"2024-04-25T10:44:48+00:00\",\"description\":\"BETOFF-X bo zlahka raztopil srednje velik beton. Hitro in u\u010dinkovito, hkrati pa zelo u\u010dinkovito. Preverite njegovo mo\u010d \u0161e danes! To je mo\u010dno! Deluje!\",\"breadcrumb\":{\"@id\":\"https:\/\/betoff.eu\/sl\/produkt\/betoff-x-20l-tekocina-za-odstranjevanje-betona-razredcena-razlicicasrednja-umazanija\/#breadcrumb\"},\"inLanguage\":\"sl-SI\",\"potentialAction\":[{\"@type\":\"ReadAction\",\"target\":[\"https:\/\/betoff.eu\/sl\/produkt\/betoff-x-20l-tekocina-za-odstranjevanje-betona-razredcena-razlicicasrednja-umazanija\/\"]}]},{\"@type\":\"ImageObject\",\"inLanguage\":\"sl-SI\",\"@id\":\"https:\/\/betoff.eu\/sl\/produkt\/betoff-x-20l-tekocina-za-odstranjevanje-betona-razredcena-razlicicasrednja-umazanija\/#primaryimage\",\"url\":\"https:\/\/betoff.eu\/wp-content\/uploads\/2024\/04\/Betoff-X-20-L-neu-3.png\",\"contentUrl\":\"https:\/\/betoff.eu\/wp-content\/uploads\/2024\/04\/Betoff-X-20-L-neu-3.png\",\"width\":1597,\"height\":2171,\"caption\":\"Teko\u010dina za raztapljanje betona srednje velikosti\"},{\"@type\":\"BreadcrumbList\",\"@id\":\"https:\/\/betoff.eu\/sl\/produkt\/betoff-x-20l-tekocina-za-odstranjevanje-betona-razredcena-razlicicasrednja-umazanija\/#breadcrumb\",\"itemListElement\":[{\"@type\":\"ListItem\",\"position\":1,\"name\":\"Hem\",\"item\":\"https:\/\/betoff.eu\/sl\/\"},{\"@type\":\"ListItem\",\"position\":2,\"name\":\"Shop\",\"item\":\"https:\/\/betoff.eu\/pl\/sklep-2\/\"},{\"@type\":\"ListItem\",\"position\":3,\"name\":\"BETOFF-X &#8211; 20L &#8211; Teko\u010dina za odstranjevanje betona (razred\u010dena razli\u010dica)(srednja umazanija)\"}]},{\"@type\":\"WebSite\",\"@id\":\"https:\/\/betoff.eu\/#website\",\"url\":\"https:\/\/betoff.eu\/\",\"name\":\"BETOFF-Products for the world of concrete and beyond!\",\"description\":\"Betoff - Teko\u010dine za raztapljanje betona\",\"publisher\":{\"@id\":\"https:\/\/betoff.eu\/#\/schema\/person\/cded67f1acad0c68af8dcc171137512c\"},\"potentialAction\":[{\"@type\":\"SearchAction\",\"target\":{\"@type\":\"EntryPoint\",\"urlTemplate\":\"https:\/\/betoff.eu\/?s={search_term_string}\"},\"query-input\":{\"@type\":\"PropertyValueSpecification\",\"valueRequired\":true,\"valueName\":\"search_term_string\"}}],\"inLanguage\":\"sl-SI\"},{\"@type\":[\"Person\",\"Organization\"],\"@id\":\"https:\/\/betoff.eu\/#\/schema\/person\/cded67f1acad0c68af8dcc171137512c\",\"name\":\"admin\",\"image\":{\"@type\":\"ImageObject\",\"inLanguage\":\"sl-SI\",\"@id\":\"https:\/\/betoff.eu\/#\/schema\/person\/image\/\",\"url\":\"https:\/\/betoff.eu\/wp-content\/uploads\/2021\/02\/betoff-logo.png\",\"contentUrl\":\"https:\/\/betoff.eu\/wp-content\/uploads\/2021\/02\/betoff-logo.png\",\"width\":1024,\"height\":258,\"caption\":\"admin\"},\"logo\":{\"@id\":\"https:\/\/betoff.eu\/#\/schema\/person\/image\/\"}}]}<\/script>\n<!-- \/ Yoast SEO plugin. -->","yoast_head_json":{"title":"BETOFF-X - 20L - Teko\u010dina za odstranjevanje betona (razred\u010dena razli\u010dica)(srednja umazanija) - BETOFF-Izdelki za svet betona in \u0161ir\u0161e!","description":"BETOFF-X bo zlahka raztopil srednje velik beton. Hitro in u\u010dinkovito, hkrati pa zelo u\u010dinkovito. Preverite njegovo mo\u010d \u0161e danes! To je mo\u010dno! Deluje!","robots":{"index":"index","follow":"follow","max-snippet":"max-snippet:-1","max-image-preview":"max-image-preview:large","max-video-preview":"max-video-preview:-1"},"canonical":"https:\/\/betoff.eu\/sl\/produkt\/betoff-x-20l-tekocina-za-odstranjevanje-betona-razredcena-razlicicasrednja-umazanija\/","og_locale":"sl_SI","og_type":"article","og_title":"BETOFF-X - 20L - Teko\u010dina za odstranjevanje betona (razred\u010dena razli\u010dica)(srednja umazanija) - BETOFF-Izdelki za svet betona in \u0161ir\u0161e!","og_description":"BETOFF-X bo zlahka raztopil srednje velik beton. Hitro in u\u010dinkovito, hkrati pa zelo u\u010dinkovito. Preverite njegovo mo\u010d \u0161e danes! To je mo\u010dno! Deluje!","og_url":"https:\/\/betoff.eu\/sl\/produkt\/betoff-x-20l-tekocina-za-odstranjevanje-betona-razredcena-razlicicasrednja-umazanija\/","og_site_name":"BETOFF-Izdelki za svet betona in \u0161ir\u0161e!","article_modified_time":"2024-04-25T10:44:48+00:00","og_image":[{"width":1597,"height":2171,"url":"https:\/\/betoff.eu\/wp-content\/uploads\/2024\/04\/Betoff-X-20-L-neu-3.png","type":"image\/png"}],"twitter_card":"summary_large_image","twitter_misc":{"Est. reading time":"1 minuta"},"schema":{"@context":"https:\/\/schema.org","@graph":[{"@type":"WebPage","@id":"https:\/\/betoff.eu\/sl\/produkt\/betoff-x-20l-tekocina-za-odstranjevanje-betona-razredcena-razlicicasrednja-umazanija\/","url":"https:\/\/betoff.eu\/sl\/produkt\/betoff-x-20l-tekocina-za-odstranjevanje-betona-razredcena-razlicicasrednja-umazanija\/","name":"BETOFF-X - 20L - Teko\u010dina za odstranjevanje betona (razred\u010dena razli\u010dica)(srednja umazanija) - BETOFF-Izdelki za svet betona in \u0161ir\u0161e!","isPartOf":{"@id":"https:\/\/betoff.eu\/#website"},"primaryImageOfPage":{"@id":"https:\/\/betoff.eu\/sl\/produkt\/betoff-x-20l-tekocina-za-odstranjevanje-betona-razredcena-razlicicasrednja-umazanija\/#primaryimage"},"image":{"@id":"https:\/\/betoff.eu\/sl\/produkt\/betoff-x-20l-tekocina-za-odstranjevanje-betona-razredcena-razlicicasrednja-umazanija\/#primaryimage"},"thumbnailUrl":"https:\/\/betoff.eu\/wp-content\/uploads\/2024\/04\/Betoff-X-20-L-neu-3.png","datePublished":"2024-04-25T10:43:04+00:00","dateModified":"2024-04-25T10:44:48+00:00","description":"BETOFF-X bo zlahka raztopil srednje velik beton. Hitro in u\u010dinkovito, hkrati pa zelo u\u010dinkovito. Preverite njegovo mo\u010d \u0161e danes! To je mo\u010dno! Deluje!","breadcrumb":{"@id":"https:\/\/betoff.eu\/sl\/produkt\/betoff-x-20l-tekocina-za-odstranjevanje-betona-razredcena-razlicicasrednja-umazanija\/#breadcrumb"},"inLanguage":"sl-SI","potentialAction":[{"@type":"ReadAction","target":["https:\/\/betoff.eu\/sl\/produkt\/betoff-x-20l-tekocina-za-odstranjevanje-betona-razredcena-razlicicasrednja-umazanija\/"]}]},{"@type":"ImageObject","inLanguage":"sl-SI","@id":"https:\/\/betoff.eu\/sl\/produkt\/betoff-x-20l-tekocina-za-odstranjevanje-betona-razredcena-razlicicasrednja-umazanija\/#primaryimage","url":"https:\/\/betoff.eu\/wp-content\/uploads\/2024\/04\/Betoff-X-20-L-neu-3.png","contentUrl":"https:\/\/betoff.eu\/wp-content\/uploads\/2024\/04\/Betoff-X-20-L-neu-3.png","width":1597,"height":2171,"caption":"Teko\u010dina za raztapljanje betona srednje velikosti"},{"@type":"BreadcrumbList","@id":"https:\/\/betoff.eu\/sl\/produkt\/betoff-x-20l-tekocina-za-odstranjevanje-betona-razredcena-razlicicasrednja-umazanija\/#breadcrumb","itemListElement":[{"@type":"ListItem","position":1,"name":"Hem","item":"https:\/\/betoff.eu\/sl\/"},{"@type":"ListItem","position":2,"name":"Shop","item":"https:\/\/betoff.eu\/pl\/sklep-2\/"},{"@type":"ListItem","position":3,"name":"BETOFF-X &#8211; 20L &#8211; Teko\u010dina za odstranjevanje betona (razred\u010dena razli\u010dica)(srednja umazanija)"}]},{"@type":"WebSite","@id":"https:\/\/betoff.eu\/#website","url":"https:\/\/betoff.eu\/","name":"BETOFF-Products for the world of concrete and beyond!","description":"Betoff - Teko\u010dine za raztapljanje betona","publisher":{"@id":"https:\/\/betoff.eu\/#\/schema\/person\/cded67f1acad0c68af8dcc171137512c"},"potentialAction":[{"@type":"SearchAction","target":{"@type":"EntryPoint","urlTemplate":"https:\/\/betoff.eu\/?s={search_term_string}"},"query-input":{"@type":"PropertyValueSpecification","valueRequired":true,"valueName":"search_term_string"}}],"inLanguage":"sl-SI"},{"@type":["Person","Organization"],"@id":"https:\/\/betoff.eu\/#\/schema\/person\/cded67f1acad0c68af8dcc171137512c","name":"admin","image":{"@type":"ImageObject","inLanguage":"sl-SI","@id":"https:\/\/betoff.eu\/#\/schema\/person\/image\/","url":"https:\/\/betoff.eu\/wp-content\/uploads\/2021\/02\/betoff-logo.png","contentUrl":"https:\/\/betoff.eu\/wp-content\/uploads\/2021\/02\/betoff-logo.png","width":1024,"height":258,"caption":"admin"},"logo":{"@id":"https:\/\/betoff.eu\/#\/schema\/person\/image\/"}}]}},"_links":{"self":[{"href":"https:\/\/betoff.eu\/sl\/wp-json\/wp\/v2\/product\/3625","targetHints":{"allow":["GET"]}}],"collection":[{"href":"https:\/\/betoff.eu\/sl\/wp-json\/wp\/v2\/product"}],"about":[{"href":"https:\/\/betoff.eu\/sl\/wp-json\/wp\/v2\/types\/product"}],"wp:featuredmedia":[{"embeddable":true,"href":"https:\/\/betoff.eu\/sl\/wp-json\/wp\/v2\/media\/3626"}],"wp:attachment":[{"href":"https:\/\/betoff.eu\/sl\/wp-json\/wp\/v2\/media?parent=3625"}],"wp:term":[{"taxonomy":"product_brand","embeddable":true,"href":"https:\/\/betoff.eu\/sl\/wp-json\/wp\/v2\/product_brand?post=3625"},{"taxonomy":"product_cat","embeddable":true,"href":"https:\/\/betoff.eu\/sl\/wp-json\/wp\/v2\/product_cat?post=3625"},{"taxonomy":"product_tag","embeddable":true,"href":"https:\/\/betoff.eu\/sl\/wp-json\/wp\/v2\/product_tag?post=3625"}],"curies":[{"name":"wp","href":"https:\/\/api.w.org\/{rel}","templated":true}]}}