{"id":3613,"date":"2024-04-25T12:06:13","date_gmt":"2024-04-25T10:06:13","guid":{"rendered":"https:\/\/betoff.eu\/?post_type=product&#038;p=3613"},"modified":"2024-04-25T12:06:13","modified_gmt":"2024-04-25T10:06:13","slug":"betoff-5l-tekocina-za-odstranjevanje-betona-osredotociti","status":"publish","type":"product","link":"https:\/\/betoff.eu\/sl\/produkt\/betoff-5l-tekocina-za-odstranjevanje-betona-osredotociti\/","title":{"rendered":"BETOFF &#8211; 5L &#8211; Teko\u010dina za odstranjevanje betona (osredoto\u010diti)"},"content":{"rendered":"<p>Inovativen pripravek za raztapljanje posu\u0161enega betona. Zelo hitro raztopi beton, vanj prodre, kar omogo\u010da la\u017eje pranje betona z umazane povr\u0161ine z vodo.<\/p>\n","protected":false},"excerpt":{"rendered":"<p>Inovativen pripravek za raztapljanje posu\u0161enega betona. Zelo hitro raztopi beton, vanj prodre, kar omogo\u010da la\u017eje pranje betona z umazane povr\u0161ine z vodo.<\/p>\n","protected":false},"featured_media":3614,"template":"","meta":{"om_disable_all_campaigns":false},"product_brand":[],"product_cat":[295],"product_tag":[],"class_list":{"0":"post-3613","1":"product","2":"type-product","3":"status-publish","4":"has-post-thumbnail","6":"product_cat-tekocina-za-odstranjevanje-betonske-umazanije","8":"first","9":"instock","10":"taxable","11":"shipping-taxable","12":"purchasable","13":"product-type-simple"},"yoast_head":"<!-- This site is optimized with the Yoast SEO plugin v25.9 - https:\/\/yoast.com\/wordpress\/plugins\/seo\/ -->\n<title>BETOFF - 5L - Teko\u010dina za odstranjevanje betona (osredoto\u010diti) - BETOFF-Izdelki za svet betona in \u0161ir\u0161e!<\/title>\n<meta name=\"description\" content=\"Teko\u010dina za odstranjevanje betonske umazanije. Zelo u\u010dinkovito, hitro in u\u010dinkovito. Prodre v beton, se raztopi in olaj\u0161a njegovo odstranjevanje.\" \/>\n<meta name=\"robots\" content=\"index, follow, max-snippet:-1, max-image-preview:large, max-video-preview:-1\" \/>\n<link rel=\"canonical\" href=\"https:\/\/betoff.eu\/sl\/produkt\/betoff-5l-tekocina-za-odstranjevanje-betona-osredotociti\/\" \/>\n<meta property=\"og:locale\" content=\"sl_SI\" \/>\n<meta property=\"og:type\" content=\"article\" \/>\n<meta property=\"og:title\" content=\"BETOFF - 5L - Teko\u010dina za odstranjevanje betona (osredoto\u010diti) - BETOFF-Izdelki za svet betona in \u0161ir\u0161e!\" \/>\n<meta property=\"og:description\" content=\"Teko\u010dina za odstranjevanje betonske umazanije. Zelo u\u010dinkovito, hitro in u\u010dinkovito. Prodre v beton, se raztopi in olaj\u0161a njegovo odstranjevanje.\" \/>\n<meta property=\"og:url\" content=\"https:\/\/betoff.eu\/sl\/produkt\/betoff-5l-tekocina-za-odstranjevanje-betona-osredotociti\/\" \/>\n<meta property=\"og:site_name\" content=\"BETOFF-Izdelki za svet betona in \u0161ir\u0161e!\" \/>\n<meta property=\"og:image\" content=\"https:\/\/betoff.eu\/wp-content\/uploads\/2024\/04\/Betoff-5-L-neu-3.png\" \/>\n\t<meta property=\"og:image:width\" content=\"1597\" \/>\n\t<meta property=\"og:image:height\" content=\"2171\" \/>\n\t<meta property=\"og:image:type\" content=\"image\/png\" \/>\n<meta name=\"twitter:card\" content=\"summary_large_image\" \/>\n<meta name=\"twitter:label1\" content=\"Est. reading time\" \/>\n\t<meta name=\"twitter:data1\" content=\"1 minuta\" \/>\n<script type=\"application\/ld+json\" class=\"yoast-schema-graph\">{\"@context\":\"https:\/\/schema.org\",\"@graph\":[{\"@type\":\"WebPage\",\"@id\":\"https:\/\/betoff.eu\/sl\/produkt\/betoff-5l-tekocina-za-odstranjevanje-betona-osredotociti\/\",\"url\":\"https:\/\/betoff.eu\/sl\/produkt\/betoff-5l-tekocina-za-odstranjevanje-betona-osredotociti\/\",\"name\":\"BETOFF - 5L - Teko\u010dina za odstranjevanje betona (osredoto\u010diti) - BETOFF-Izdelki za svet betona in \u0161ir\u0161e!\",\"isPartOf\":{\"@id\":\"https:\/\/betoff.eu\/#website\"},\"primaryImageOfPage\":{\"@id\":\"https:\/\/betoff.eu\/sl\/produkt\/betoff-5l-tekocina-za-odstranjevanje-betona-osredotociti\/#primaryimage\"},\"image\":{\"@id\":\"https:\/\/betoff.eu\/sl\/produkt\/betoff-5l-tekocina-za-odstranjevanje-betona-osredotociti\/#primaryimage\"},\"thumbnailUrl\":\"https:\/\/betoff.eu\/wp-content\/uploads\/2024\/04\/Betoff-5-L-neu-3.png\",\"datePublished\":\"2024-04-25T10:06:13+00:00\",\"description\":\"Teko\u010dina za odstranjevanje betonske umazanije. Zelo u\u010dinkovito, hitro in u\u010dinkovito. Prodre v beton, se raztopi in olaj\u0161a njegovo odstranjevanje.\",\"breadcrumb\":{\"@id\":\"https:\/\/betoff.eu\/sl\/produkt\/betoff-5l-tekocina-za-odstranjevanje-betona-osredotociti\/#breadcrumb\"},\"inLanguage\":\"sl-SI\",\"potentialAction\":[{\"@type\":\"ReadAction\",\"target\":[\"https:\/\/betoff.eu\/sl\/produkt\/betoff-5l-tekocina-za-odstranjevanje-betona-osredotociti\/\"]}]},{\"@type\":\"ImageObject\",\"inLanguage\":\"sl-SI\",\"@id\":\"https:\/\/betoff.eu\/sl\/produkt\/betoff-5l-tekocina-za-odstranjevanje-betona-osredotociti\/#primaryimage\",\"url\":\"https:\/\/betoff.eu\/wp-content\/uploads\/2024\/04\/Betoff-5-L-neu-3.png\",\"contentUrl\":\"https:\/\/betoff.eu\/wp-content\/uploads\/2024\/04\/Betoff-5-L-neu-3.png\",\"width\":1597,\"height\":2171,\"caption\":\"teko\u010dina za odstranjevanje betona\"},{\"@type\":\"BreadcrumbList\",\"@id\":\"https:\/\/betoff.eu\/sl\/produkt\/betoff-5l-tekocina-za-odstranjevanje-betona-osredotociti\/#breadcrumb\",\"itemListElement\":[{\"@type\":\"ListItem\",\"position\":1,\"name\":\"Hem\",\"item\":\"https:\/\/betoff.eu\/sl\/\"},{\"@type\":\"ListItem\",\"position\":2,\"name\":\"Shop\",\"item\":\"https:\/\/betoff.eu\/pl\/sklep-2\/\"},{\"@type\":\"ListItem\",\"position\":3,\"name\":\"BETOFF &#8211; 5L &#8211; Teko\u010dina za odstranjevanje betona (osredoto\u010diti)\"}]},{\"@type\":\"WebSite\",\"@id\":\"https:\/\/betoff.eu\/#website\",\"url\":\"https:\/\/betoff.eu\/\",\"name\":\"BETOFF-Products for the world of concrete and beyond!\",\"description\":\"Betoff - Teko\u010dine za raztapljanje betona\",\"publisher\":{\"@id\":\"https:\/\/betoff.eu\/#\/schema\/person\/cded67f1acad0c68af8dcc171137512c\"},\"potentialAction\":[{\"@type\":\"SearchAction\",\"target\":{\"@type\":\"EntryPoint\",\"urlTemplate\":\"https:\/\/betoff.eu\/?s={search_term_string}\"},\"query-input\":{\"@type\":\"PropertyValueSpecification\",\"valueRequired\":true,\"valueName\":\"search_term_string\"}}],\"inLanguage\":\"sl-SI\"},{\"@type\":[\"Person\",\"Organization\"],\"@id\":\"https:\/\/betoff.eu\/#\/schema\/person\/cded67f1acad0c68af8dcc171137512c\",\"name\":\"admin\",\"image\":{\"@type\":\"ImageObject\",\"inLanguage\":\"sl-SI\",\"@id\":\"https:\/\/betoff.eu\/#\/schema\/person\/image\/\",\"url\":\"https:\/\/betoff.eu\/wp-content\/uploads\/2021\/02\/betoff-logo.png\",\"contentUrl\":\"https:\/\/betoff.eu\/wp-content\/uploads\/2021\/02\/betoff-logo.png\",\"width\":1024,\"height\":258,\"caption\":\"admin\"},\"logo\":{\"@id\":\"https:\/\/betoff.eu\/#\/schema\/person\/image\/\"}}]}<\/script>\n<!-- \/ Yoast SEO plugin. -->","yoast_head_json":{"title":"BETOFF - 5L - Teko\u010dina za odstranjevanje betona (osredoto\u010diti) - BETOFF-Izdelki za svet betona in \u0161ir\u0161e!","description":"Teko\u010dina za odstranjevanje betonske umazanije. Zelo u\u010dinkovito, hitro in u\u010dinkovito. Prodre v beton, se raztopi in olaj\u0161a njegovo odstranjevanje.","robots":{"index":"index","follow":"follow","max-snippet":"max-snippet:-1","max-image-preview":"max-image-preview:large","max-video-preview":"max-video-preview:-1"},"canonical":"https:\/\/betoff.eu\/sl\/produkt\/betoff-5l-tekocina-za-odstranjevanje-betona-osredotociti\/","og_locale":"sl_SI","og_type":"article","og_title":"BETOFF - 5L - Teko\u010dina za odstranjevanje betona (osredoto\u010diti) - BETOFF-Izdelki za svet betona in \u0161ir\u0161e!","og_description":"Teko\u010dina za odstranjevanje betonske umazanije. Zelo u\u010dinkovito, hitro in u\u010dinkovito. Prodre v beton, se raztopi in olaj\u0161a njegovo odstranjevanje.","og_url":"https:\/\/betoff.eu\/sl\/produkt\/betoff-5l-tekocina-za-odstranjevanje-betona-osredotociti\/","og_site_name":"BETOFF-Izdelki za svet betona in \u0161ir\u0161e!","og_image":[{"width":1597,"height":2171,"url":"https:\/\/betoff.eu\/wp-content\/uploads\/2024\/04\/Betoff-5-L-neu-3.png","type":"image\/png"}],"twitter_card":"summary_large_image","twitter_misc":{"Est. reading time":"1 minuta"},"schema":{"@context":"https:\/\/schema.org","@graph":[{"@type":"WebPage","@id":"https:\/\/betoff.eu\/sl\/produkt\/betoff-5l-tekocina-za-odstranjevanje-betona-osredotociti\/","url":"https:\/\/betoff.eu\/sl\/produkt\/betoff-5l-tekocina-za-odstranjevanje-betona-osredotociti\/","name":"BETOFF - 5L - Teko\u010dina za odstranjevanje betona (osredoto\u010diti) - BETOFF-Izdelki za svet betona in \u0161ir\u0161e!","isPartOf":{"@id":"https:\/\/betoff.eu\/#website"},"primaryImageOfPage":{"@id":"https:\/\/betoff.eu\/sl\/produkt\/betoff-5l-tekocina-za-odstranjevanje-betona-osredotociti\/#primaryimage"},"image":{"@id":"https:\/\/betoff.eu\/sl\/produkt\/betoff-5l-tekocina-za-odstranjevanje-betona-osredotociti\/#primaryimage"},"thumbnailUrl":"https:\/\/betoff.eu\/wp-content\/uploads\/2024\/04\/Betoff-5-L-neu-3.png","datePublished":"2024-04-25T10:06:13+00:00","description":"Teko\u010dina za odstranjevanje betonske umazanije. Zelo u\u010dinkovito, hitro in u\u010dinkovito. Prodre v beton, se raztopi in olaj\u0161a njegovo odstranjevanje.","breadcrumb":{"@id":"https:\/\/betoff.eu\/sl\/produkt\/betoff-5l-tekocina-za-odstranjevanje-betona-osredotociti\/#breadcrumb"},"inLanguage":"sl-SI","potentialAction":[{"@type":"ReadAction","target":["https:\/\/betoff.eu\/sl\/produkt\/betoff-5l-tekocina-za-odstranjevanje-betona-osredotociti\/"]}]},{"@type":"ImageObject","inLanguage":"sl-SI","@id":"https:\/\/betoff.eu\/sl\/produkt\/betoff-5l-tekocina-za-odstranjevanje-betona-osredotociti\/#primaryimage","url":"https:\/\/betoff.eu\/wp-content\/uploads\/2024\/04\/Betoff-5-L-neu-3.png","contentUrl":"https:\/\/betoff.eu\/wp-content\/uploads\/2024\/04\/Betoff-5-L-neu-3.png","width":1597,"height":2171,"caption":"teko\u010dina za odstranjevanje betona"},{"@type":"BreadcrumbList","@id":"https:\/\/betoff.eu\/sl\/produkt\/betoff-5l-tekocina-za-odstranjevanje-betona-osredotociti\/#breadcrumb","itemListElement":[{"@type":"ListItem","position":1,"name":"Hem","item":"https:\/\/betoff.eu\/sl\/"},{"@type":"ListItem","position":2,"name":"Shop","item":"https:\/\/betoff.eu\/pl\/sklep-2\/"},{"@type":"ListItem","position":3,"name":"BETOFF &#8211; 5L &#8211; Teko\u010dina za odstranjevanje betona (osredoto\u010diti)"}]},{"@type":"WebSite","@id":"https:\/\/betoff.eu\/#website","url":"https:\/\/betoff.eu\/","name":"BETOFF-Products for the world of concrete and beyond!","description":"Betoff - Teko\u010dine za raztapljanje betona","publisher":{"@id":"https:\/\/betoff.eu\/#\/schema\/person\/cded67f1acad0c68af8dcc171137512c"},"potentialAction":[{"@type":"SearchAction","target":{"@type":"EntryPoint","urlTemplate":"https:\/\/betoff.eu\/?s={search_term_string}"},"query-input":{"@type":"PropertyValueSpecification","valueRequired":true,"valueName":"search_term_string"}}],"inLanguage":"sl-SI"},{"@type":["Person","Organization"],"@id":"https:\/\/betoff.eu\/#\/schema\/person\/cded67f1acad0c68af8dcc171137512c","name":"admin","image":{"@type":"ImageObject","inLanguage":"sl-SI","@id":"https:\/\/betoff.eu\/#\/schema\/person\/image\/","url":"https:\/\/betoff.eu\/wp-content\/uploads\/2021\/02\/betoff-logo.png","contentUrl":"https:\/\/betoff.eu\/wp-content\/uploads\/2021\/02\/betoff-logo.png","width":1024,"height":258,"caption":"admin"},"logo":{"@id":"https:\/\/betoff.eu\/#\/schema\/person\/image\/"}}]}},"_links":{"self":[{"href":"https:\/\/betoff.eu\/sl\/wp-json\/wp\/v2\/product\/3613","targetHints":{"allow":["GET"]}}],"collection":[{"href":"https:\/\/betoff.eu\/sl\/wp-json\/wp\/v2\/product"}],"about":[{"href":"https:\/\/betoff.eu\/sl\/wp-json\/wp\/v2\/types\/product"}],"wp:featuredmedia":[{"embeddable":true,"href":"https:\/\/betoff.eu\/sl\/wp-json\/wp\/v2\/media\/3614"}],"wp:attachment":[{"href":"https:\/\/betoff.eu\/sl\/wp-json\/wp\/v2\/media?parent=3613"}],"wp:term":[{"taxonomy":"product_brand","embeddable":true,"href":"https:\/\/betoff.eu\/sl\/wp-json\/wp\/v2\/product_brand?post=3613"},{"taxonomy":"product_cat","embeddable":true,"href":"https:\/\/betoff.eu\/sl\/wp-json\/wp\/v2\/product_cat?post=3613"},{"taxonomy":"product_tag","embeddable":true,"href":"https:\/\/betoff.eu\/sl\/wp-json\/wp\/v2\/product_tag?post=3613"}],"curies":[{"name":"wp","href":"https:\/\/api.w.org\/{rel}","templated":true}]}}