{"id":3610,"date":"2024-04-25T09:23:54","date_gmt":"2024-04-25T07:23:54","guid":{"rendered":"https:\/\/betoff.eu\/?post_type=product&#038;p=3610"},"modified":"2024-04-25T13:23:01","modified_gmt":"2024-04-25T11:23:01","slug":"betoff-1l-tekocina-za-odstranjevanje-betona-koncentrat","status":"publish","type":"product","link":"https:\/\/betoff.eu\/sl\/produkt\/betoff-1l-tekocina-za-odstranjevanje-betona-koncentrat\/","title":{"rendered":"BETOFF &#8211; 1L &#8211; Teko\u010dina za odstranjevanje betona (osredoto\u010diti)"},"content":{"rendered":"<p>Specializirana teko\u010dina za odstranjevanje posu\u0161enega betona. Popoln za raztapljanje starega in debelega betona. Zelo u\u010dinkovito, hitro raztopi ostanke betona na gradbenih strojih, orodjih in drugih mestih. Pogosto ga kupijo \u010distilna podjetja in podjetja za izposojo gradbene opreme.<\/p>\n","protected":false},"excerpt":{"rendered":"<p>Specializirana teko\u010dina za odstranjevanje posu\u0161enega betona. Popoln za raztapljanje starega in debelega betona. Zelo u\u010dinkovito, hitro raztopi ostanke betona na gradbenih strojih, orodjih in drugih mestih. Pogosto ga kupijo \u010distilna podjetja in podjetja za izposojo gradbene opreme.<\/p>\n","protected":false},"featured_media":3611,"template":"","meta":{"om_disable_all_campaigns":false},"product_brand":[],"product_cat":[295],"product_tag":[],"class_list":{"0":"post-3610","1":"product","2":"type-product","3":"status-publish","4":"has-post-thumbnail","6":"product_cat-tekocina-za-odstranjevanje-betonske-umazanije","8":"first","9":"instock","10":"taxable","11":"shipping-taxable","12":"purchasable","13":"product-type-simple"},"yoast_head":"<!-- This site is optimized with the Yoast SEO plugin v25.9 - https:\/\/yoast.com\/wordpress\/plugins\/seo\/ -->\n<title>BETOFF - 1L - Teko\u010dina za odstranjevanje betona (osredoto\u010diti) - BETOFF-Izdelki za svet betona in \u0161ir\u0161e!<\/title>\n<meta name=\"description\" content=\"I\u0161\u010dete izdelek za odstranjevanje posu\u0161enega betona? Za to tvegano nalogo uporabite inovativni pripravek BETOFF! Hitro delovanje, zelo u\u010dinkovito in u\u010dinkovito!\" \/>\n<meta name=\"robots\" content=\"index, follow, max-snippet:-1, max-image-preview:large, max-video-preview:-1\" \/>\n<link rel=\"canonical\" href=\"https:\/\/betoff.eu\/sl\/produkt\/betoff-1l-tekocina-za-odstranjevanje-betona-koncentrat\/\" \/>\n<meta property=\"og:locale\" content=\"sl_SI\" \/>\n<meta property=\"og:type\" content=\"article\" \/>\n<meta property=\"og:title\" content=\"BETOFF - 1L - Teko\u010dina za odstranjevanje betona (osredoto\u010diti) - BETOFF-Izdelki za svet betona in \u0161ir\u0161e!\" \/>\n<meta property=\"og:description\" content=\"I\u0161\u010dete izdelek za odstranjevanje posu\u0161enega betona? Za to tvegano nalogo uporabite inovativni pripravek BETOFF! Hitro delovanje, zelo u\u010dinkovito in u\u010dinkovito!\" \/>\n<meta property=\"og:url\" content=\"https:\/\/betoff.eu\/sl\/produkt\/betoff-1l-tekocina-za-odstranjevanje-betona-koncentrat\/\" \/>\n<meta property=\"og:site_name\" content=\"BETOFF-Izdelki za svet betona in \u0161ir\u0161e!\" \/>\n<meta property=\"article:modified_time\" content=\"2024-04-25T11:23:01+00:00\" \/>\n<meta property=\"og:image\" content=\"https:\/\/betoff.eu\/wp-content\/uploads\/2024\/04\/Betoff-foto-3.jpg\" \/>\n\t<meta property=\"og:image:width\" content=\"404\" \/>\n\t<meta property=\"og:image:height\" content=\"579\" \/>\n\t<meta property=\"og:image:type\" content=\"image\/jpeg\" \/>\n<meta name=\"twitter:card\" content=\"summary_large_image\" \/>\n<meta name=\"twitter:label1\" content=\"Est. reading time\" \/>\n\t<meta name=\"twitter:data1\" content=\"1 minuta\" \/>\n<script type=\"application\/ld+json\" class=\"yoast-schema-graph\">{\"@context\":\"https:\/\/schema.org\",\"@graph\":[{\"@type\":\"WebPage\",\"@id\":\"https:\/\/betoff.eu\/sl\/produkt\/betoff-1l-tekocina-za-odstranjevanje-betona-koncentrat\/\",\"url\":\"https:\/\/betoff.eu\/sl\/produkt\/betoff-1l-tekocina-za-odstranjevanje-betona-koncentrat\/\",\"name\":\"BETOFF - 1L - Teko\u010dina za odstranjevanje betona (osredoto\u010diti) - BETOFF-Izdelki za svet betona in \u0161ir\u0161e!\",\"isPartOf\":{\"@id\":\"https:\/\/betoff.eu\/#website\"},\"primaryImageOfPage\":{\"@id\":\"https:\/\/betoff.eu\/sl\/produkt\/betoff-1l-tekocina-za-odstranjevanje-betona-koncentrat\/#primaryimage\"},\"image\":{\"@id\":\"https:\/\/betoff.eu\/sl\/produkt\/betoff-1l-tekocina-za-odstranjevanje-betona-koncentrat\/#primaryimage\"},\"thumbnailUrl\":\"https:\/\/betoff.eu\/wp-content\/uploads\/2024\/04\/Betoff-foto-3.jpg\",\"datePublished\":\"2024-04-25T07:23:54+00:00\",\"dateModified\":\"2024-04-25T11:23:01+00:00\",\"description\":\"I\u0161\u010dete izdelek za odstranjevanje posu\u0161enega betona? Za to tvegano nalogo uporabite inovativni pripravek BETOFF! Hitro delovanje, zelo u\u010dinkovito in u\u010dinkovito!\",\"breadcrumb\":{\"@id\":\"https:\/\/betoff.eu\/sl\/produkt\/betoff-1l-tekocina-za-odstranjevanje-betona-koncentrat\/#breadcrumb\"},\"inLanguage\":\"sl-SI\",\"potentialAction\":[{\"@type\":\"ReadAction\",\"target\":[\"https:\/\/betoff.eu\/sl\/produkt\/betoff-1l-tekocina-za-odstranjevanje-betona-koncentrat\/\"]}]},{\"@type\":\"ImageObject\",\"inLanguage\":\"sl-SI\",\"@id\":\"https:\/\/betoff.eu\/sl\/produkt\/betoff-1l-tekocina-za-odstranjevanje-betona-koncentrat\/#primaryimage\",\"url\":\"https:\/\/betoff.eu\/wp-content\/uploads\/2024\/04\/Betoff-foto-3.jpg\",\"contentUrl\":\"https:\/\/betoff.eu\/wp-content\/uploads\/2024\/04\/Betoff-foto-3.jpg\",\"width\":404,\"height\":579,\"caption\":\"odstranjevalec betona\"},{\"@type\":\"BreadcrumbList\",\"@id\":\"https:\/\/betoff.eu\/sl\/produkt\/betoff-1l-tekocina-za-odstranjevanje-betona-koncentrat\/#breadcrumb\",\"itemListElement\":[{\"@type\":\"ListItem\",\"position\":1,\"name\":\"Hem\",\"item\":\"https:\/\/betoff.eu\/sl\/\"},{\"@type\":\"ListItem\",\"position\":2,\"name\":\"Shop\",\"item\":\"https:\/\/betoff.eu\/pl\/sklep-2\/\"},{\"@type\":\"ListItem\",\"position\":3,\"name\":\"BETOFF &#8211; 1L &#8211; Teko\u010dina za odstranjevanje betona (osredoto\u010diti)\"}]},{\"@type\":\"WebSite\",\"@id\":\"https:\/\/betoff.eu\/#website\",\"url\":\"https:\/\/betoff.eu\/\",\"name\":\"BETOFF-Products for the world of concrete and beyond!\",\"description\":\"Betoff - Teko\u010dine za raztapljanje betona\",\"publisher\":{\"@id\":\"https:\/\/betoff.eu\/#\/schema\/person\/cded67f1acad0c68af8dcc171137512c\"},\"potentialAction\":[{\"@type\":\"SearchAction\",\"target\":{\"@type\":\"EntryPoint\",\"urlTemplate\":\"https:\/\/betoff.eu\/?s={search_term_string}\"},\"query-input\":{\"@type\":\"PropertyValueSpecification\",\"valueRequired\":true,\"valueName\":\"search_term_string\"}}],\"inLanguage\":\"sl-SI\"},{\"@type\":[\"Person\",\"Organization\"],\"@id\":\"https:\/\/betoff.eu\/#\/schema\/person\/cded67f1acad0c68af8dcc171137512c\",\"name\":\"admin\",\"image\":{\"@type\":\"ImageObject\",\"inLanguage\":\"sl-SI\",\"@id\":\"https:\/\/betoff.eu\/#\/schema\/person\/image\/\",\"url\":\"https:\/\/betoff.eu\/wp-content\/uploads\/2021\/02\/betoff-logo.png\",\"contentUrl\":\"https:\/\/betoff.eu\/wp-content\/uploads\/2021\/02\/betoff-logo.png\",\"width\":1024,\"height\":258,\"caption\":\"admin\"},\"logo\":{\"@id\":\"https:\/\/betoff.eu\/#\/schema\/person\/image\/\"}}]}<\/script>\n<!-- \/ Yoast SEO plugin. -->","yoast_head_json":{"title":"BETOFF - 1L - Teko\u010dina za odstranjevanje betona (osredoto\u010diti) - BETOFF-Izdelki za svet betona in \u0161ir\u0161e!","description":"I\u0161\u010dete izdelek za odstranjevanje posu\u0161enega betona? Za to tvegano nalogo uporabite inovativni pripravek BETOFF! Hitro delovanje, zelo u\u010dinkovito in u\u010dinkovito!","robots":{"index":"index","follow":"follow","max-snippet":"max-snippet:-1","max-image-preview":"max-image-preview:large","max-video-preview":"max-video-preview:-1"},"canonical":"https:\/\/betoff.eu\/sl\/produkt\/betoff-1l-tekocina-za-odstranjevanje-betona-koncentrat\/","og_locale":"sl_SI","og_type":"article","og_title":"BETOFF - 1L - Teko\u010dina za odstranjevanje betona (osredoto\u010diti) - BETOFF-Izdelki za svet betona in \u0161ir\u0161e!","og_description":"I\u0161\u010dete izdelek za odstranjevanje posu\u0161enega betona? Za to tvegano nalogo uporabite inovativni pripravek BETOFF! Hitro delovanje, zelo u\u010dinkovito in u\u010dinkovito!","og_url":"https:\/\/betoff.eu\/sl\/produkt\/betoff-1l-tekocina-za-odstranjevanje-betona-koncentrat\/","og_site_name":"BETOFF-Izdelki za svet betona in \u0161ir\u0161e!","article_modified_time":"2024-04-25T11:23:01+00:00","og_image":[{"width":404,"height":579,"url":"https:\/\/betoff.eu\/wp-content\/uploads\/2024\/04\/Betoff-foto-3.jpg","type":"image\/jpeg"}],"twitter_card":"summary_large_image","twitter_misc":{"Est. reading time":"1 minuta"},"schema":{"@context":"https:\/\/schema.org","@graph":[{"@type":"WebPage","@id":"https:\/\/betoff.eu\/sl\/produkt\/betoff-1l-tekocina-za-odstranjevanje-betona-koncentrat\/","url":"https:\/\/betoff.eu\/sl\/produkt\/betoff-1l-tekocina-za-odstranjevanje-betona-koncentrat\/","name":"BETOFF - 1L - Teko\u010dina za odstranjevanje betona (osredoto\u010diti) - BETOFF-Izdelki za svet betona in \u0161ir\u0161e!","isPartOf":{"@id":"https:\/\/betoff.eu\/#website"},"primaryImageOfPage":{"@id":"https:\/\/betoff.eu\/sl\/produkt\/betoff-1l-tekocina-za-odstranjevanje-betona-koncentrat\/#primaryimage"},"image":{"@id":"https:\/\/betoff.eu\/sl\/produkt\/betoff-1l-tekocina-za-odstranjevanje-betona-koncentrat\/#primaryimage"},"thumbnailUrl":"https:\/\/betoff.eu\/wp-content\/uploads\/2024\/04\/Betoff-foto-3.jpg","datePublished":"2024-04-25T07:23:54+00:00","dateModified":"2024-04-25T11:23:01+00:00","description":"I\u0161\u010dete izdelek za odstranjevanje posu\u0161enega betona? Za to tvegano nalogo uporabite inovativni pripravek BETOFF! Hitro delovanje, zelo u\u010dinkovito in u\u010dinkovito!","breadcrumb":{"@id":"https:\/\/betoff.eu\/sl\/produkt\/betoff-1l-tekocina-za-odstranjevanje-betona-koncentrat\/#breadcrumb"},"inLanguage":"sl-SI","potentialAction":[{"@type":"ReadAction","target":["https:\/\/betoff.eu\/sl\/produkt\/betoff-1l-tekocina-za-odstranjevanje-betona-koncentrat\/"]}]},{"@type":"ImageObject","inLanguage":"sl-SI","@id":"https:\/\/betoff.eu\/sl\/produkt\/betoff-1l-tekocina-za-odstranjevanje-betona-koncentrat\/#primaryimage","url":"https:\/\/betoff.eu\/wp-content\/uploads\/2024\/04\/Betoff-foto-3.jpg","contentUrl":"https:\/\/betoff.eu\/wp-content\/uploads\/2024\/04\/Betoff-foto-3.jpg","width":404,"height":579,"caption":"odstranjevalec betona"},{"@type":"BreadcrumbList","@id":"https:\/\/betoff.eu\/sl\/produkt\/betoff-1l-tekocina-za-odstranjevanje-betona-koncentrat\/#breadcrumb","itemListElement":[{"@type":"ListItem","position":1,"name":"Hem","item":"https:\/\/betoff.eu\/sl\/"},{"@type":"ListItem","position":2,"name":"Shop","item":"https:\/\/betoff.eu\/pl\/sklep-2\/"},{"@type":"ListItem","position":3,"name":"BETOFF &#8211; 1L &#8211; Teko\u010dina za odstranjevanje betona (osredoto\u010diti)"}]},{"@type":"WebSite","@id":"https:\/\/betoff.eu\/#website","url":"https:\/\/betoff.eu\/","name":"BETOFF-Products for the world of concrete and beyond!","description":"Betoff - Teko\u010dine za raztapljanje betona","publisher":{"@id":"https:\/\/betoff.eu\/#\/schema\/person\/cded67f1acad0c68af8dcc171137512c"},"potentialAction":[{"@type":"SearchAction","target":{"@type":"EntryPoint","urlTemplate":"https:\/\/betoff.eu\/?s={search_term_string}"},"query-input":{"@type":"PropertyValueSpecification","valueRequired":true,"valueName":"search_term_string"}}],"inLanguage":"sl-SI"},{"@type":["Person","Organization"],"@id":"https:\/\/betoff.eu\/#\/schema\/person\/cded67f1acad0c68af8dcc171137512c","name":"admin","image":{"@type":"ImageObject","inLanguage":"sl-SI","@id":"https:\/\/betoff.eu\/#\/schema\/person\/image\/","url":"https:\/\/betoff.eu\/wp-content\/uploads\/2021\/02\/betoff-logo.png","contentUrl":"https:\/\/betoff.eu\/wp-content\/uploads\/2021\/02\/betoff-logo.png","width":1024,"height":258,"caption":"admin"},"logo":{"@id":"https:\/\/betoff.eu\/#\/schema\/person\/image\/"}}]}},"_links":{"self":[{"href":"https:\/\/betoff.eu\/sl\/wp-json\/wp\/v2\/product\/3610","targetHints":{"allow":["GET"]}}],"collection":[{"href":"https:\/\/betoff.eu\/sl\/wp-json\/wp\/v2\/product"}],"about":[{"href":"https:\/\/betoff.eu\/sl\/wp-json\/wp\/v2\/types\/product"}],"wp:featuredmedia":[{"embeddable":true,"href":"https:\/\/betoff.eu\/sl\/wp-json\/wp\/v2\/media\/3611"}],"wp:attachment":[{"href":"https:\/\/betoff.eu\/sl\/wp-json\/wp\/v2\/media?parent=3610"}],"wp:term":[{"taxonomy":"product_brand","embeddable":true,"href":"https:\/\/betoff.eu\/sl\/wp-json\/wp\/v2\/product_brand?post=3610"},{"taxonomy":"product_cat","embeddable":true,"href":"https:\/\/betoff.eu\/sl\/wp-json\/wp\/v2\/product_cat?post=3610"},{"taxonomy":"product_tag","embeddable":true,"href":"https:\/\/betoff.eu\/sl\/wp-json\/wp\/v2\/product_tag?post=3610"}],"curies":[{"name":"wp","href":"https:\/\/api.w.org\/{rel}","templated":true}]}}