{"id":14106,"date":"2024-06-21T20:28:06","date_gmt":"2024-06-21T18:28:06","guid":{"rendered":"https:\/\/betoff.eu\/?page_id=14106"},"modified":"2024-06-22T08:23:06","modified_gmt":"2024-06-22T06:23:06","slug":"vracila-in-reklamacije","status":"publish","type":"page","link":"https:\/\/betoff.eu\/sl\/vracila-in-reklamacije\/","title":{"rendered":"Vra\u010dila in reklamacije"},"content":{"rendered":"\n\n\n<p>Vra\u010dila in reklamacije:<br>Reklamacijo teko\u010dine, kupljene v spletni trgovini betoff.eu, lahko oddate le preko e-po\u0161te, na naslov: betoff@betoff.eu Prosimo, da navedete \u0161tevilko naro\u010dila, ki je nastala ob nakupu, ter razlog, zakaj ste se odlo\u010dili. za vrnitev izdelka.<\/p>\n\n\n\n<p>Izdelek mora biti tovarni\u0161ko zaprt. Ko nam izdelek vrnete, ga preverimo in nato, v kolikor pokrov\u010dek ni pokvarjen, vam vrnemo znesek, za katerega je bil izdelek kupljen. Kupec ima pravico do vra\u010dila v 14 dneh od dneva nakupa.<\/p>\n\n\n\n<p>Prito\u017eba bo obravnavana v roku 5 delovnih dni od dneva prejema. Najprej bo prito\u017eba prebrana in utemeljeno obravnavana. Nato bo sestavljen obrazec z va\u0161imi podatki in razlogom za prito\u017ebo, ki ga boste navedli v poslanem e-po\u0161tnem sporo\u010dilu. Stranka bo prejela povratno e-po\u0161to z izpolnjenim obrazcem, ki ga mora podpisati in vrniti.<\/p>\n","protected":false},"excerpt":{"rendered":"<p>Vra\u010dila in reklamacije:Reklamacijo teko\u010dine, kupljene v spletni trgovini betoff.eu, lahko oddate le preko e-po\u0161te, na naslov: betoff@betoff.eu Prosimo, da navedete \u0161tevilko naro\u010dila, ki je nastala ob nakupu, ter razlog, zakaj ste se odlo\u010dili. za vrnitev izdelka. Izdelek mora biti tovarni\u0161ko zaprt. Ko nam izdelek vrnete, ga preverimo in nato, v kolikor pokrov\u010dek ni pokvarjen, vam [&#8230;]\n","protected":false},"author":1,"featured_media":0,"parent":0,"menu_order":0,"comment_status":"closed","ping_status":"closed","template":"","meta":{"om_disable_all_campaigns":false,"footnotes":""},"class_list":["post-14106","page","type-page","status-publish","hentry"],"yoast_head":"<!-- This site is optimized with the Yoast SEO plugin v25.9 - https:\/\/yoast.com\/wordpress\/plugins\/seo\/ -->\n<title>Vra\u010dila in reklamacije - BETOFF-Izdelki za svet betona in \u0161ir\u0161e!<\/title>\n<meta name=\"robots\" content=\"index, follow, max-snippet:-1, max-image-preview:large, max-video-preview:-1\" \/>\n<link rel=\"canonical\" href=\"https:\/\/betoff.eu\/sl\/vracila-in-reklamacije\/\" \/>\n<meta property=\"og:locale\" content=\"sl_SI\" \/>\n<meta property=\"og:type\" content=\"article\" \/>\n<meta property=\"og:title\" content=\"Vra\u010dila in reklamacije - BETOFF-Izdelki za svet betona in \u0161ir\u0161e!\" \/>\n<meta property=\"og:description\" content=\"Vra\u010dila in reklamacije:Reklamacijo teko\u010dine, kupljene v spletni trgovini betoff.eu, lahko oddate le preko e-po\u0161te, na naslov: betoff@betoff.eu Prosimo, da navedete \u0161tevilko naro\u010dila, ki je nastala ob nakupu, ter razlog, zakaj ste se odlo\u010dili. za vrnitev izdelka. Izdelek mora biti tovarni\u0161ko zaprt. Ko nam izdelek vrnete, ga preverimo in nato, v kolikor pokrov\u010dek ni pokvarjen, vam [...]\" \/>\n<meta property=\"og:url\" content=\"https:\/\/betoff.eu\/sl\/vracila-in-reklamacije\/\" \/>\n<meta property=\"og:site_name\" content=\"BETOFF-Izdelki za svet betona in \u0161ir\u0161e!\" \/>\n<meta property=\"article:modified_time\" content=\"2024-06-22T06:23:06+00:00\" \/>\n<meta name=\"twitter:card\" content=\"summary_large_image\" \/>\n<meta name=\"twitter:label1\" content=\"Est. reading time\" \/>\n\t<meta name=\"twitter:data1\" content=\"1 minuta\" \/>\n<script type=\"application\/ld+json\" class=\"yoast-schema-graph\">{\"@context\":\"https:\/\/schema.org\",\"@graph\":[{\"@type\":\"WebPage\",\"@id\":\"https:\/\/betoff.eu\/sl\/vracila-in-reklamacije\/\",\"url\":\"https:\/\/betoff.eu\/sl\/vracila-in-reklamacije\/\",\"name\":\"Vra\u010dila in reklamacije - BETOFF-Izdelki za svet betona in \u0161ir\u0161e!\",\"isPartOf\":{\"@id\":\"https:\/\/betoff.eu\/#website\"},\"datePublished\":\"2024-06-21T18:28:06+00:00\",\"dateModified\":\"2024-06-22T06:23:06+00:00\",\"breadcrumb\":{\"@id\":\"https:\/\/betoff.eu\/sl\/vracila-in-reklamacije\/#breadcrumb\"},\"inLanguage\":\"sl-SI\",\"potentialAction\":[{\"@type\":\"ReadAction\",\"target\":[\"https:\/\/betoff.eu\/sl\/vracila-in-reklamacije\/\"]}]},{\"@type\":\"BreadcrumbList\",\"@id\":\"https:\/\/betoff.eu\/sl\/vracila-in-reklamacije\/#breadcrumb\",\"itemListElement\":[{\"@type\":\"ListItem\",\"position\":1,\"name\":\"Hem\",\"item\":\"https:\/\/betoff.eu\/sl\/\"},{\"@type\":\"ListItem\",\"position\":2,\"name\":\"Vra\u010dila in reklamacije\"}]},{\"@type\":\"WebSite\",\"@id\":\"https:\/\/betoff.eu\/#website\",\"url\":\"https:\/\/betoff.eu\/\",\"name\":\"BETOFF-Products for the world of concrete and beyond!\",\"description\":\"Betoff - Teko\u010dine za raztapljanje betona\",\"publisher\":{\"@id\":\"https:\/\/betoff.eu\/#\/schema\/person\/cded67f1acad0c68af8dcc171137512c\"},\"potentialAction\":[{\"@type\":\"SearchAction\",\"target\":{\"@type\":\"EntryPoint\",\"urlTemplate\":\"https:\/\/betoff.eu\/?s={search_term_string}\"},\"query-input\":{\"@type\":\"PropertyValueSpecification\",\"valueRequired\":true,\"valueName\":\"search_term_string\"}}],\"inLanguage\":\"sl-SI\"},{\"@type\":[\"Person\",\"Organization\"],\"@id\":\"https:\/\/betoff.eu\/#\/schema\/person\/cded67f1acad0c68af8dcc171137512c\",\"name\":\"admin\",\"image\":{\"@type\":\"ImageObject\",\"inLanguage\":\"sl-SI\",\"@id\":\"https:\/\/betoff.eu\/#\/schema\/person\/image\/\",\"url\":\"https:\/\/betoff.eu\/wp-content\/uploads\/2021\/02\/betoff-logo.png\",\"contentUrl\":\"https:\/\/betoff.eu\/wp-content\/uploads\/2021\/02\/betoff-logo.png\",\"width\":1024,\"height\":258,\"caption\":\"admin\"},\"logo\":{\"@id\":\"https:\/\/betoff.eu\/#\/schema\/person\/image\/\"}}]}<\/script>\n<!-- \/ Yoast SEO plugin. -->","yoast_head_json":{"title":"Vra\u010dila in reklamacije - BETOFF-Izdelki za svet betona in \u0161ir\u0161e!","robots":{"index":"index","follow":"follow","max-snippet":"max-snippet:-1","max-image-preview":"max-image-preview:large","max-video-preview":"max-video-preview:-1"},"canonical":"https:\/\/betoff.eu\/sl\/vracila-in-reklamacije\/","og_locale":"sl_SI","og_type":"article","og_title":"Vra\u010dila in reklamacije - BETOFF-Izdelki za svet betona in \u0161ir\u0161e!","og_description":"Vra\u010dila in reklamacije:Reklamacijo teko\u010dine, kupljene v spletni trgovini betoff.eu, lahko oddate le preko e-po\u0161te, na naslov: betoff@betoff.eu Prosimo, da navedete \u0161tevilko naro\u010dila, ki je nastala ob nakupu, ter razlog, zakaj ste se odlo\u010dili. za vrnitev izdelka. Izdelek mora biti tovarni\u0161ko zaprt. Ko nam izdelek vrnete, ga preverimo in nato, v kolikor pokrov\u010dek ni pokvarjen, vam [...]","og_url":"https:\/\/betoff.eu\/sl\/vracila-in-reklamacije\/","og_site_name":"BETOFF-Izdelki za svet betona in \u0161ir\u0161e!","article_modified_time":"2024-06-22T06:23:06+00:00","twitter_card":"summary_large_image","twitter_misc":{"Est. reading time":"1 minuta"},"schema":{"@context":"https:\/\/schema.org","@graph":[{"@type":"WebPage","@id":"https:\/\/betoff.eu\/sl\/vracila-in-reklamacije\/","url":"https:\/\/betoff.eu\/sl\/vracila-in-reklamacije\/","name":"Vra\u010dila in reklamacije - BETOFF-Izdelki za svet betona in \u0161ir\u0161e!","isPartOf":{"@id":"https:\/\/betoff.eu\/#website"},"datePublished":"2024-06-21T18:28:06+00:00","dateModified":"2024-06-22T06:23:06+00:00","breadcrumb":{"@id":"https:\/\/betoff.eu\/sl\/vracila-in-reklamacije\/#breadcrumb"},"inLanguage":"sl-SI","potentialAction":[{"@type":"ReadAction","target":["https:\/\/betoff.eu\/sl\/vracila-in-reklamacije\/"]}]},{"@type":"BreadcrumbList","@id":"https:\/\/betoff.eu\/sl\/vracila-in-reklamacije\/#breadcrumb","itemListElement":[{"@type":"ListItem","position":1,"name":"Hem","item":"https:\/\/betoff.eu\/sl\/"},{"@type":"ListItem","position":2,"name":"Vra\u010dila in reklamacije"}]},{"@type":"WebSite","@id":"https:\/\/betoff.eu\/#website","url":"https:\/\/betoff.eu\/","name":"BETOFF-Products for the world of concrete and beyond!","description":"Betoff - Teko\u010dine za raztapljanje betona","publisher":{"@id":"https:\/\/betoff.eu\/#\/schema\/person\/cded67f1acad0c68af8dcc171137512c"},"potentialAction":[{"@type":"SearchAction","target":{"@type":"EntryPoint","urlTemplate":"https:\/\/betoff.eu\/?s={search_term_string}"},"query-input":{"@type":"PropertyValueSpecification","valueRequired":true,"valueName":"search_term_string"}}],"inLanguage":"sl-SI"},{"@type":["Person","Organization"],"@id":"https:\/\/betoff.eu\/#\/schema\/person\/cded67f1acad0c68af8dcc171137512c","name":"admin","image":{"@type":"ImageObject","inLanguage":"sl-SI","@id":"https:\/\/betoff.eu\/#\/schema\/person\/image\/","url":"https:\/\/betoff.eu\/wp-content\/uploads\/2021\/02\/betoff-logo.png","contentUrl":"https:\/\/betoff.eu\/wp-content\/uploads\/2021\/02\/betoff-logo.png","width":1024,"height":258,"caption":"admin"},"logo":{"@id":"https:\/\/betoff.eu\/#\/schema\/person\/image\/"}}]}},"_links":{"self":[{"href":"https:\/\/betoff.eu\/sl\/wp-json\/wp\/v2\/pages\/14106","targetHints":{"allow":["GET"]}}],"collection":[{"href":"https:\/\/betoff.eu\/sl\/wp-json\/wp\/v2\/pages"}],"about":[{"href":"https:\/\/betoff.eu\/sl\/wp-json\/wp\/v2\/types\/page"}],"author":[{"embeddable":true,"href":"https:\/\/betoff.eu\/sl\/wp-json\/wp\/v2\/users\/1"}],"replies":[{"embeddable":true,"href":"https:\/\/betoff.eu\/sl\/wp-json\/wp\/v2\/comments?post=14106"}],"version-history":[{"count":0,"href":"https:\/\/betoff.eu\/sl\/wp-json\/wp\/v2\/pages\/14106\/revisions"}],"wp:attachment":[{"href":"https:\/\/betoff.eu\/sl\/wp-json\/wp\/v2\/media?parent=14106"}],"curies":[{"name":"wp","href":"https:\/\/api.w.org\/{rel}","templated":true}]}}