{"id":14030,"date":"2024-06-21T20:11:22","date_gmt":"2024-06-21T18:11:22","guid":{"rendered":"https:\/\/betoff.eu\/?page_id=14030"},"modified":"2024-06-21T20:11:23","modified_gmt":"2024-06-21T18:11:23","slug":"pravila-spletnega-nakupovanja","status":"publish","type":"page","link":"https:\/\/betoff.eu\/sl\/pravila-spletnega-nakupovanja\/","title":{"rendered":"Pravila spletnega nakupovanja"},"content":{"rendered":"\n\n\n<p>Ti predpisi dolo\u010dajo pogoje za opravljanje<br>nakupovanje v spletni trgovini betoff.eu<\/p>\n\n\n\n<p>Prodajalec je Innovachem Krystian Grzyb z<br>s sede\u017eem v Var\u0161avi na ul. \u0160arma\u010dka 21\/8<br>(NIP 762-176-43-06).<\/p>\n\n\n\n<p>Naro\u010dila lahko oddate v spletni trgovini betoix.pl<br>oddajte 24 ur na dan in se registrirajte tukaj<br>Trgovina je popolnoma brezpla\u010dna in prostovoljna. V trgovini<br>naro\u010dite lahko na spletu na betoix.pl<br>samo polnoletne osebe, ki imajo polno<br>pravna sposobnost za sklepanje pogodb<br>pogodbo o nakupu blaga in storitev.<\/p>\n\n\n\n<p>Informacije na spletni strani trgovine niso<br>predstavljajo ponudbe v smislu civilnega zakonika.<br>Oddaja naro\u010dila se obravnava kot ponudba za nakup<br>izbrano blago pod pogoji iz<br>Opis izdelka.<\/p>\n\n\n\n<p>Naro\u010dilo je potrjeno preko elektronske po\u0161te<br>Prodajalec s sporo\u010dilom preko elektronske po\u0161te<br>elektronski. Naro\u010dilo se obdela po<br>evidentirati pla\u010dilo blaga, navedenega v<br>naro\u010dilo.<\/p>\n\n\n\n<p>Blago se po\u0161lje na naslov, naveden v naro\u010dilu<br>Kupec v 2-3 delovnih dneh od datuma<br>nakazilo na ra\u010dun prodajalca.<\/p>\n\n\n\n<p>Izdelki v spletni trgovini so legalni<br>predstavljen na poljskem trgu, popolnoma nov in<br>brez pravnih in fizi\u010dnih napak<\/p>\n","protected":false},"excerpt":{"rendered":"<p>Ti predpisi dolo\u010dajo pogoje za opravljanjenakupovanje v spletni trgovini betoff.eu Prodajalec je Innovachem Krystian Grzyb zs sede\u017eem v Var\u0161avi na ul. \u0160arma\u010dka 21\/8(NIP 762-176-43-06). Naro\u010dila lahko oddate v spletni trgovini betoix.ploddajte 24 ur na dan in se registrirajte tukajTrgovina je popolnoma brezpla\u010dna in prostovoljna. V trgovininaro\u010dite lahko na spletu na betoix.plsamo polnoletne osebe, ki imajo [&#8230;]\n","protected":false},"author":1,"featured_media":0,"parent":0,"menu_order":0,"comment_status":"closed","ping_status":"closed","template":"","meta":{"om_disable_all_campaigns":false,"footnotes":""},"class_list":["post-14030","page","type-page","status-publish","hentry"],"yoast_head":"<!-- This site is optimized with the Yoast SEO plugin v25.9 - https:\/\/yoast.com\/wordpress\/plugins\/seo\/ -->\n<title>Pravila spletnega nakupovanja - BETOFF-Izdelki za svet betona in \u0161ir\u0161e!<\/title>\n<meta name=\"robots\" content=\"index, follow, max-snippet:-1, max-image-preview:large, max-video-preview:-1\" \/>\n<link rel=\"canonical\" href=\"https:\/\/betoff.eu\/sl\/pravila-spletnega-nakupovanja\/\" \/>\n<meta property=\"og:locale\" content=\"sl_SI\" \/>\n<meta property=\"og:type\" content=\"article\" \/>\n<meta property=\"og:title\" content=\"Pravila spletnega nakupovanja - BETOFF-Izdelki za svet betona in \u0161ir\u0161e!\" \/>\n<meta property=\"og:description\" content=\"Ti predpisi dolo\u010dajo pogoje za opravljanjenakupovanje v spletni trgovini betoff.eu Prodajalec je Innovachem Krystian Grzyb zs sede\u017eem v Var\u0161avi na ul. \u0160arma\u010dka 21\/8(NIP 762-176-43-06). Naro\u010dila lahko oddate v spletni trgovini betoix.ploddajte 24 ur na dan in se registrirajte tukajTrgovina je popolnoma brezpla\u010dna in prostovoljna. V trgovininaro\u010dite lahko na spletu na betoix.plsamo polnoletne osebe, ki imajo [...]\" \/>\n<meta property=\"og:url\" content=\"https:\/\/betoff.eu\/sl\/pravila-spletnega-nakupovanja\/\" \/>\n<meta property=\"og:site_name\" content=\"BETOFF-Izdelki za svet betona in \u0161ir\u0161e!\" \/>\n<meta property=\"article:modified_time\" content=\"2024-06-21T18:11:23+00:00\" \/>\n<meta name=\"twitter:card\" content=\"summary_large_image\" \/>\n<meta name=\"twitter:label1\" content=\"Est. reading time\" \/>\n\t<meta name=\"twitter:data1\" content=\"1 minuta\" \/>\n<script type=\"application\/ld+json\" class=\"yoast-schema-graph\">{\"@context\":\"https:\/\/schema.org\",\"@graph\":[{\"@type\":\"WebPage\",\"@id\":\"https:\/\/betoff.eu\/sl\/pravila-spletnega-nakupovanja\/\",\"url\":\"https:\/\/betoff.eu\/sl\/pravila-spletnega-nakupovanja\/\",\"name\":\"Pravila spletnega nakupovanja - BETOFF-Izdelki za svet betona in \u0161ir\u0161e!\",\"isPartOf\":{\"@id\":\"https:\/\/betoff.eu\/#website\"},\"datePublished\":\"2024-06-21T18:11:22+00:00\",\"dateModified\":\"2024-06-21T18:11:23+00:00\",\"breadcrumb\":{\"@id\":\"https:\/\/betoff.eu\/sl\/pravila-spletnega-nakupovanja\/#breadcrumb\"},\"inLanguage\":\"sl-SI\",\"potentialAction\":[{\"@type\":\"ReadAction\",\"target\":[\"https:\/\/betoff.eu\/sl\/pravila-spletnega-nakupovanja\/\"]}]},{\"@type\":\"BreadcrumbList\",\"@id\":\"https:\/\/betoff.eu\/sl\/pravila-spletnega-nakupovanja\/#breadcrumb\",\"itemListElement\":[{\"@type\":\"ListItem\",\"position\":1,\"name\":\"Hem\",\"item\":\"https:\/\/betoff.eu\/sl\/\"},{\"@type\":\"ListItem\",\"position\":2,\"name\":\"Pravila spletnega nakupovanja\"}]},{\"@type\":\"WebSite\",\"@id\":\"https:\/\/betoff.eu\/#website\",\"url\":\"https:\/\/betoff.eu\/\",\"name\":\"BETOFF-Products for the world of concrete and beyond!\",\"description\":\"Betoff - Teko\u010dine za raztapljanje betona\",\"publisher\":{\"@id\":\"https:\/\/betoff.eu\/#\/schema\/person\/cded67f1acad0c68af8dcc171137512c\"},\"potentialAction\":[{\"@type\":\"SearchAction\",\"target\":{\"@type\":\"EntryPoint\",\"urlTemplate\":\"https:\/\/betoff.eu\/?s={search_term_string}\"},\"query-input\":{\"@type\":\"PropertyValueSpecification\",\"valueRequired\":true,\"valueName\":\"search_term_string\"}}],\"inLanguage\":\"sl-SI\"},{\"@type\":[\"Person\",\"Organization\"],\"@id\":\"https:\/\/betoff.eu\/#\/schema\/person\/cded67f1acad0c68af8dcc171137512c\",\"name\":\"admin\",\"image\":{\"@type\":\"ImageObject\",\"inLanguage\":\"sl-SI\",\"@id\":\"https:\/\/betoff.eu\/#\/schema\/person\/image\/\",\"url\":\"https:\/\/betoff.eu\/wp-content\/uploads\/2021\/02\/betoff-logo.png\",\"contentUrl\":\"https:\/\/betoff.eu\/wp-content\/uploads\/2021\/02\/betoff-logo.png\",\"width\":1024,\"height\":258,\"caption\":\"admin\"},\"logo\":{\"@id\":\"https:\/\/betoff.eu\/#\/schema\/person\/image\/\"}}]}<\/script>\n<!-- \/ Yoast SEO plugin. -->","yoast_head_json":{"title":"Pravila spletnega nakupovanja - BETOFF-Izdelki za svet betona in \u0161ir\u0161e!","robots":{"index":"index","follow":"follow","max-snippet":"max-snippet:-1","max-image-preview":"max-image-preview:large","max-video-preview":"max-video-preview:-1"},"canonical":"https:\/\/betoff.eu\/sl\/pravila-spletnega-nakupovanja\/","og_locale":"sl_SI","og_type":"article","og_title":"Pravila spletnega nakupovanja - BETOFF-Izdelki za svet betona in \u0161ir\u0161e!","og_description":"Ti predpisi dolo\u010dajo pogoje za opravljanjenakupovanje v spletni trgovini betoff.eu Prodajalec je Innovachem Krystian Grzyb zs sede\u017eem v Var\u0161avi na ul. \u0160arma\u010dka 21\/8(NIP 762-176-43-06). Naro\u010dila lahko oddate v spletni trgovini betoix.ploddajte 24 ur na dan in se registrirajte tukajTrgovina je popolnoma brezpla\u010dna in prostovoljna. V trgovininaro\u010dite lahko na spletu na betoix.plsamo polnoletne osebe, ki imajo [...]","og_url":"https:\/\/betoff.eu\/sl\/pravila-spletnega-nakupovanja\/","og_site_name":"BETOFF-Izdelki za svet betona in \u0161ir\u0161e!","article_modified_time":"2024-06-21T18:11:23+00:00","twitter_card":"summary_large_image","twitter_misc":{"Est. reading time":"1 minuta"},"schema":{"@context":"https:\/\/schema.org","@graph":[{"@type":"WebPage","@id":"https:\/\/betoff.eu\/sl\/pravila-spletnega-nakupovanja\/","url":"https:\/\/betoff.eu\/sl\/pravila-spletnega-nakupovanja\/","name":"Pravila spletnega nakupovanja - BETOFF-Izdelki za svet betona in \u0161ir\u0161e!","isPartOf":{"@id":"https:\/\/betoff.eu\/#website"},"datePublished":"2024-06-21T18:11:22+00:00","dateModified":"2024-06-21T18:11:23+00:00","breadcrumb":{"@id":"https:\/\/betoff.eu\/sl\/pravila-spletnega-nakupovanja\/#breadcrumb"},"inLanguage":"sl-SI","potentialAction":[{"@type":"ReadAction","target":["https:\/\/betoff.eu\/sl\/pravila-spletnega-nakupovanja\/"]}]},{"@type":"BreadcrumbList","@id":"https:\/\/betoff.eu\/sl\/pravila-spletnega-nakupovanja\/#breadcrumb","itemListElement":[{"@type":"ListItem","position":1,"name":"Hem","item":"https:\/\/betoff.eu\/sl\/"},{"@type":"ListItem","position":2,"name":"Pravila spletnega nakupovanja"}]},{"@type":"WebSite","@id":"https:\/\/betoff.eu\/#website","url":"https:\/\/betoff.eu\/","name":"BETOFF-Products for the world of concrete and beyond!","description":"Betoff - Teko\u010dine za raztapljanje betona","publisher":{"@id":"https:\/\/betoff.eu\/#\/schema\/person\/cded67f1acad0c68af8dcc171137512c"},"potentialAction":[{"@type":"SearchAction","target":{"@type":"EntryPoint","urlTemplate":"https:\/\/betoff.eu\/?s={search_term_string}"},"query-input":{"@type":"PropertyValueSpecification","valueRequired":true,"valueName":"search_term_string"}}],"inLanguage":"sl-SI"},{"@type":["Person","Organization"],"@id":"https:\/\/betoff.eu\/#\/schema\/person\/cded67f1acad0c68af8dcc171137512c","name":"admin","image":{"@type":"ImageObject","inLanguage":"sl-SI","@id":"https:\/\/betoff.eu\/#\/schema\/person\/image\/","url":"https:\/\/betoff.eu\/wp-content\/uploads\/2021\/02\/betoff-logo.png","contentUrl":"https:\/\/betoff.eu\/wp-content\/uploads\/2021\/02\/betoff-logo.png","width":1024,"height":258,"caption":"admin"},"logo":{"@id":"https:\/\/betoff.eu\/#\/schema\/person\/image\/"}}]}},"_links":{"self":[{"href":"https:\/\/betoff.eu\/sl\/wp-json\/wp\/v2\/pages\/14030","targetHints":{"allow":["GET"]}}],"collection":[{"href":"https:\/\/betoff.eu\/sl\/wp-json\/wp\/v2\/pages"}],"about":[{"href":"https:\/\/betoff.eu\/sl\/wp-json\/wp\/v2\/types\/page"}],"author":[{"embeddable":true,"href":"https:\/\/betoff.eu\/sl\/wp-json\/wp\/v2\/users\/1"}],"replies":[{"embeddable":true,"href":"https:\/\/betoff.eu\/sl\/wp-json\/wp\/v2\/comments?post=14030"}],"version-history":[{"count":0,"href":"https:\/\/betoff.eu\/sl\/wp-json\/wp\/v2\/pages\/14030\/revisions"}],"wp:attachment":[{"href":"https:\/\/betoff.eu\/sl\/wp-json\/wp\/v2\/media?parent=14030"}],"curies":[{"name":"wp","href":"https:\/\/api.w.org\/{rel}","templated":true}]}}