{"id":13971,"date":"2024-06-21T07:44:05","date_gmt":"2024-06-21T05:44:05","guid":{"rendered":"https:\/\/betoff.eu\/?page_id=13971"},"modified":"2024-06-21T09:14:51","modified_gmt":"2024-06-21T07:14:51","slug":"politiko-zasebnosti","status":"publish","type":"page","link":"https:\/\/betoff.eu\/sl\/politiko-zasebnosti\/","title":{"rendered":"Politiko zasebnosti"},"content":{"rendered":"\n<p>Politika zasebnosti spletnega mesta. https:\/\/betoff.eu<\/p>\n\n\n\n<ol class=\"wp-block-list\">\n<li>Glavne informacije<\/li>\n<\/ol>\n\n\n\n<p>Ta politika zasebnosti opisuje pravila za obravnavo in za\u0161\u010dito osebnih podatkov, ki jih uporabniki posredujejo v zvezi z uporabo prodajnih storitev preko spletne strani.<\/p>\n\n\n\n<ol class=\"wp-block-list\" start=\"2\">\n<li>Upravljavec osebnih podatkov na spletnem mestu je a<\/li>\n<\/ol>\n\n\n\n<p>Innovachem Krystian Grzyb s sede\u017eem ul. Sarmacka 21\/8 Varssavi evropsko dav\u010dno pravo PL7621764306<\/p>\n\n\n\n<p>Za za\u0161\u010dito podatkov, ki so nam zaupani, smo razvili interne postopke in priporo\u010dila podjetja za prepre\u010devanje nepoobla\u0161\u010denega dostopa do podatkov. Preverjamo skladnost in nenehno spremljamo skladnost z ustreznimi zakoni \u2013 zakoni o osebnih podatkih, zakoni o elektronskih storitvah ter vsemi vrstami izvr\u0161nih in dru\u017ebenih pravil.<\/p>\n\n\n\n<p>Osebni podatki se obdelujejo na podlagi izrecne privolitve uporabnika ter v primerih, ko zakonodaja dovoljuje upravljavcu obdelavo osebnih podatkov ali sklenitev pogodbe med pogodbenima strankama.<\/p>\n\n\n\n<p>Spletno mesto zbira podatke o uporabnikih in njihovem vedenju na naslednji na\u010din:<\/p>\n\n\n\n<p>Za zagotavljanje varnosti podatkov, ki so nam zaupani, smo razvili interne postopke in priporo\u010dila za prepre\u010devanje nepoobla\u0161\u010denega dostopa do podatkov. Spremljamo njihovo upo\u0161tevanje in nenehno spremljamo upo\u0161tevanje relevantne zakonodaje: Zakona o osebnih podatkih, Zakona o elektronskih storitvah, pa tudi vseh vrst izvr\u0161ilnih in lokalnih predpisov.<\/p>\n\n\n\n<p>Obdelava osebnih podatkov temelji na jasnem soglasju uporabnika, kot tudi v primerih, ko zakonodaja poobla\u0161\u010da direktorja osebnih podatkov za obdelavo osebnih podatkov ali sklenitev pogodbe med strankami.<\/p>\n\n\n\n<p>Spletno mesto zbira podatke o uporabnikih in njihovem vedenju na naslednji na\u010din:<\/p>\n\n\n\n<p>a) uporaba informacij, ki so bile prostovoljno navedene na obrazcih<\/p>\n\n\n\n<p>b) zbiranje pi\u0161kotkov [glejte politiko brskalnika]\n\n\n\n<p>Politika pi\u0161kotkov<\/p>\n\n\n\n<p>Politika pi\u0161kotkov spletnega mesta https:\/\/betoff.eu<\/p>\n\n\n\n<p>\u00bbPi\u0161kotki\u00ab so ra\u010dunalni\u0161ki podatki, shranjeni na kon\u010dnih napravah uporabnikov za namene uporabe spletne strani. To so obi\u010dajno besedilne datoteke, ki vsebujejo ime spletnega mesta, s katerega prihajajo, \u010das shranjevanja na kon\u010dni napravi in \u200b\u200bedinstveno \u0161tevilko.<\/p>\n\n\n\n<p>Spletna stran samodejno ne zbira podatkov, razen tistih, ki jih vsebujejo pi\u0161kotki.<\/p>\n\n\n\n<p>Pi\u0161kotki se uporabljajo za uporabo spletnih mest. Operater uporablja te datoteke za:<\/p>\n\n\n\n<p>a) mo\u017enost bele\u017eenja in vzdr\u017eevanja uporabni\u0161ke seje na vseh drugih straneh spletnega mesta<\/p>\n\n\n\n<p>b) prilagoditi vsebino spletnega mesta edinstvenim preferencam uporabnika, saj te datoteke prepoznajo va\u0161o napravo posebej za prikaz spletnega mesta v skladu z njegovimi preferencami<\/p>\n\n\n\n<p>c) ustvariti anonimno statistiko, ki izklju\u010duje mo\u017enost identifikacije uporabnika.<\/p>\n\n\n\n<p>Pi\u0161kotki, ki jih uporabljajo upravljavci spletnih strani, vklju\u010dno z uporabniki spletnih strani, so predmet njihove politike zasebnosti.<\/p>\n\n\n\n<p>Za za\u0161\u010dito podatkov, ki so nam zaupani, smo razvili interne postopke in priporo\u010dila podjetja za prepre\u010devanje nepoobla\u0161\u010denega dostopa do podatkov. Preverjamo skladnost in nenehno spremljamo skladnost z ustreznimi zakoni \u2013 zakoni o osebnih podatkih, zakoni o elektronskih storitvah ter vsemi vrstami izvr\u0161nih in dru\u017ebenih pravil.<\/p>\n\n\n\n<p>Programska oprema, ki se uporablja za brskanje po spletnem mestu, privzeto omogo\u010da namestitev pi\u0161kotkov na uporabnikove terminale. Uporabnik lahko te nastavitve spremeni tako, da blokira samodejno obdelavo pi\u0161kotkov v nastavitvah brskalnika ali da prejme obvestilo vsaki\u010d, ko so preneseni na uporabnikovo napravo.<\/p>\n\n\n\n<p>Uporabniki spletnega mesta lahko kadarkoli spremenijo nastavitve pi\u0161kotkov. Podrobne informacije o mo\u017enostih in na\u010dinih obdelave pi\u0161kotkov najdete v nastavitvah programske opreme (brskalnika). Primeri mo\u017enosti prilagajanja priljubljenih brskalnikov:<\/p>\n\n\n\n<p>Mozilla Firefox: www.support.mozilla.org\/pl\/kb\/ciasteczka<\/p>\n\n\n\n<p>\u2013 Internet Explorer: www.support.microsoft.com\/kb\/278835\/pl<\/p>\n\n\n\n<p>\u2013 Google Chrome: www.support.google.com\/chrome\/bin\/answer.py?hl=pl&amp;answer=95647<\/p>\n\n\n\n<p>\u2013 Safari: www.safari.helpmax.net\/sv\/spara-tid\/inneh\u00e5llsblockering\/<\/p>\n\n\n\n<p>Upravljavec spletne strani opozarja, da ob spremembi nastavitev uporabnikovega brskalnika spletna stran morda ne bo delovala pravilno.<\/p>\n\n\n","protected":false},"excerpt":{"rendered":"<p>Politika zasebnosti spletnega mesta. https:\/\/betoff.eu Ta politika zasebnosti opisuje pravila za obravnavo in za\u0161\u010dito osebnih podatkov, ki jih uporabniki posredujejo v zvezi z uporabo prodajnih storitev preko spletne strani. Innovachem Krystian Grzyb s sede\u017eem ul. Sarmacka 21\/8 Varssavi evropsko dav\u010dno pravo PL7621764306 Za za\u0161\u010dito podatkov, ki so nam zaupani, smo razvili interne postopke in priporo\u010dila [&#8230;]\n","protected":false},"author":1,"featured_media":0,"parent":0,"menu_order":0,"comment_status":"closed","ping_status":"closed","template":"","meta":{"om_disable_all_campaigns":false,"footnotes":""},"class_list":["post-13971","page","type-page","status-publish","hentry"],"yoast_head":"<!-- This site is optimized with the Yoast SEO plugin v25.9 - https:\/\/yoast.com\/wordpress\/plugins\/seo\/ -->\n<title>Politiko zasebnosti - BETOFF-Izdelki za svet betona in \u0161ir\u0161e!<\/title>\n<meta name=\"robots\" content=\"index, follow, max-snippet:-1, max-image-preview:large, max-video-preview:-1\" \/>\n<link rel=\"canonical\" href=\"https:\/\/betoff.eu\/sl\/politiko-zasebnosti\/\" \/>\n<meta property=\"og:locale\" content=\"sl_SI\" \/>\n<meta property=\"og:type\" content=\"article\" \/>\n<meta property=\"og:title\" content=\"Politiko zasebnosti - BETOFF-Izdelki za svet betona in \u0161ir\u0161e!\" \/>\n<meta property=\"og:description\" content=\"Politika zasebnosti spletnega mesta. https:\/\/betoff.eu Ta politika zasebnosti opisuje pravila za obravnavo in za\u0161\u010dito osebnih podatkov, ki jih uporabniki posredujejo v zvezi z uporabo prodajnih storitev preko spletne strani. Innovachem Krystian Grzyb s sede\u017eem ul. Sarmacka 21\/8 Varssavi evropsko dav\u010dno pravo PL7621764306 Za za\u0161\u010dito podatkov, ki so nam zaupani, smo razvili interne postopke in priporo\u010dila [...]\" \/>\n<meta property=\"og:url\" content=\"https:\/\/betoff.eu\/sl\/politiko-zasebnosti\/\" \/>\n<meta property=\"og:site_name\" content=\"BETOFF-Izdelki za svet betona in \u0161ir\u0161e!\" \/>\n<meta property=\"article:modified_time\" content=\"2024-06-21T07:14:51+00:00\" \/>\n<meta name=\"twitter:card\" content=\"summary_large_image\" \/>\n<meta name=\"twitter:label1\" content=\"Est. reading time\" \/>\n\t<meta name=\"twitter:data1\" content=\"4 minute\" \/>\n<script type=\"application\/ld+json\" class=\"yoast-schema-graph\">{\"@context\":\"https:\/\/schema.org\",\"@graph\":[{\"@type\":\"WebPage\",\"@id\":\"https:\/\/betoff.eu\/sl\/politiko-zasebnosti\/\",\"url\":\"https:\/\/betoff.eu\/sl\/politiko-zasebnosti\/\",\"name\":\"Politiko zasebnosti - BETOFF-Izdelki za svet betona in \u0161ir\u0161e!\",\"isPartOf\":{\"@id\":\"https:\/\/betoff.eu\/#website\"},\"datePublished\":\"2024-06-21T05:44:05+00:00\",\"dateModified\":\"2024-06-21T07:14:51+00:00\",\"breadcrumb\":{\"@id\":\"https:\/\/betoff.eu\/sl\/politiko-zasebnosti\/#breadcrumb\"},\"inLanguage\":\"sl-SI\",\"potentialAction\":[{\"@type\":\"ReadAction\",\"target\":[\"https:\/\/betoff.eu\/sl\/politiko-zasebnosti\/\"]}]},{\"@type\":\"BreadcrumbList\",\"@id\":\"https:\/\/betoff.eu\/sl\/politiko-zasebnosti\/#breadcrumb\",\"itemListElement\":[{\"@type\":\"ListItem\",\"position\":1,\"name\":\"Hem\",\"item\":\"https:\/\/betoff.eu\/sl\/\"},{\"@type\":\"ListItem\",\"position\":2,\"name\":\"Politiko zasebnosti\"}]},{\"@type\":\"WebSite\",\"@id\":\"https:\/\/betoff.eu\/#website\",\"url\":\"https:\/\/betoff.eu\/\",\"name\":\"BETOFF-Products for the world of concrete and beyond!\",\"description\":\"Betoff - Teko\u010dine za raztapljanje betona\",\"publisher\":{\"@id\":\"https:\/\/betoff.eu\/#\/schema\/person\/cded67f1acad0c68af8dcc171137512c\"},\"potentialAction\":[{\"@type\":\"SearchAction\",\"target\":{\"@type\":\"EntryPoint\",\"urlTemplate\":\"https:\/\/betoff.eu\/?s={search_term_string}\"},\"query-input\":{\"@type\":\"PropertyValueSpecification\",\"valueRequired\":true,\"valueName\":\"search_term_string\"}}],\"inLanguage\":\"sl-SI\"},{\"@type\":[\"Person\",\"Organization\"],\"@id\":\"https:\/\/betoff.eu\/#\/schema\/person\/cded67f1acad0c68af8dcc171137512c\",\"name\":\"admin\",\"image\":{\"@type\":\"ImageObject\",\"inLanguage\":\"sl-SI\",\"@id\":\"https:\/\/betoff.eu\/#\/schema\/person\/image\/\",\"url\":\"https:\/\/betoff.eu\/wp-content\/uploads\/2021\/02\/betoff-logo.png\",\"contentUrl\":\"https:\/\/betoff.eu\/wp-content\/uploads\/2021\/02\/betoff-logo.png\",\"width\":1024,\"height\":258,\"caption\":\"admin\"},\"logo\":{\"@id\":\"https:\/\/betoff.eu\/#\/schema\/person\/image\/\"}}]}<\/script>\n<!-- \/ Yoast SEO plugin. -->","yoast_head_json":{"title":"Politiko zasebnosti - BETOFF-Izdelki za svet betona in \u0161ir\u0161e!","robots":{"index":"index","follow":"follow","max-snippet":"max-snippet:-1","max-image-preview":"max-image-preview:large","max-video-preview":"max-video-preview:-1"},"canonical":"https:\/\/betoff.eu\/sl\/politiko-zasebnosti\/","og_locale":"sl_SI","og_type":"article","og_title":"Politiko zasebnosti - BETOFF-Izdelki za svet betona in \u0161ir\u0161e!","og_description":"Politika zasebnosti spletnega mesta. https:\/\/betoff.eu Ta politika zasebnosti opisuje pravila za obravnavo in za\u0161\u010dito osebnih podatkov, ki jih uporabniki posredujejo v zvezi z uporabo prodajnih storitev preko spletne strani. Innovachem Krystian Grzyb s sede\u017eem ul. Sarmacka 21\/8 Varssavi evropsko dav\u010dno pravo PL7621764306 Za za\u0161\u010dito podatkov, ki so nam zaupani, smo razvili interne postopke in priporo\u010dila [...]","og_url":"https:\/\/betoff.eu\/sl\/politiko-zasebnosti\/","og_site_name":"BETOFF-Izdelki za svet betona in \u0161ir\u0161e!","article_modified_time":"2024-06-21T07:14:51+00:00","twitter_card":"summary_large_image","twitter_misc":{"Est. reading time":"4 minute"},"schema":{"@context":"https:\/\/schema.org","@graph":[{"@type":"WebPage","@id":"https:\/\/betoff.eu\/sl\/politiko-zasebnosti\/","url":"https:\/\/betoff.eu\/sl\/politiko-zasebnosti\/","name":"Politiko zasebnosti - BETOFF-Izdelki za svet betona in \u0161ir\u0161e!","isPartOf":{"@id":"https:\/\/betoff.eu\/#website"},"datePublished":"2024-06-21T05:44:05+00:00","dateModified":"2024-06-21T07:14:51+00:00","breadcrumb":{"@id":"https:\/\/betoff.eu\/sl\/politiko-zasebnosti\/#breadcrumb"},"inLanguage":"sl-SI","potentialAction":[{"@type":"ReadAction","target":["https:\/\/betoff.eu\/sl\/politiko-zasebnosti\/"]}]},{"@type":"BreadcrumbList","@id":"https:\/\/betoff.eu\/sl\/politiko-zasebnosti\/#breadcrumb","itemListElement":[{"@type":"ListItem","position":1,"name":"Hem","item":"https:\/\/betoff.eu\/sl\/"},{"@type":"ListItem","position":2,"name":"Politiko zasebnosti"}]},{"@type":"WebSite","@id":"https:\/\/betoff.eu\/#website","url":"https:\/\/betoff.eu\/","name":"BETOFF-Products for the world of concrete and beyond!","description":"Betoff - Teko\u010dine za raztapljanje betona","publisher":{"@id":"https:\/\/betoff.eu\/#\/schema\/person\/cded67f1acad0c68af8dcc171137512c"},"potentialAction":[{"@type":"SearchAction","target":{"@type":"EntryPoint","urlTemplate":"https:\/\/betoff.eu\/?s={search_term_string}"},"query-input":{"@type":"PropertyValueSpecification","valueRequired":true,"valueName":"search_term_string"}}],"inLanguage":"sl-SI"},{"@type":["Person","Organization"],"@id":"https:\/\/betoff.eu\/#\/schema\/person\/cded67f1acad0c68af8dcc171137512c","name":"admin","image":{"@type":"ImageObject","inLanguage":"sl-SI","@id":"https:\/\/betoff.eu\/#\/schema\/person\/image\/","url":"https:\/\/betoff.eu\/wp-content\/uploads\/2021\/02\/betoff-logo.png","contentUrl":"https:\/\/betoff.eu\/wp-content\/uploads\/2021\/02\/betoff-logo.png","width":1024,"height":258,"caption":"admin"},"logo":{"@id":"https:\/\/betoff.eu\/#\/schema\/person\/image\/"}}]}},"_links":{"self":[{"href":"https:\/\/betoff.eu\/sl\/wp-json\/wp\/v2\/pages\/13971","targetHints":{"allow":["GET"]}}],"collection":[{"href":"https:\/\/betoff.eu\/sl\/wp-json\/wp\/v2\/pages"}],"about":[{"href":"https:\/\/betoff.eu\/sl\/wp-json\/wp\/v2\/types\/page"}],"author":[{"embeddable":true,"href":"https:\/\/betoff.eu\/sl\/wp-json\/wp\/v2\/users\/1"}],"replies":[{"embeddable":true,"href":"https:\/\/betoff.eu\/sl\/wp-json\/wp\/v2\/comments?post=13971"}],"version-history":[{"count":0,"href":"https:\/\/betoff.eu\/sl\/wp-json\/wp\/v2\/pages\/13971\/revisions"}],"wp:attachment":[{"href":"https:\/\/betoff.eu\/sl\/wp-json\/wp\/v2\/media?parent=13971"}],"curies":[{"name":"wp","href":"https:\/\/api.w.org\/{rel}","templated":true}]}}