{"id":3546,"date":"2024-04-24T11:10:09","date_gmt":"2024-04-24T09:10:09","guid":{"rendered":"https:\/\/betoff.eu\/?post_type=product&#038;p=3546"},"modified":"2024-04-24T11:12:07","modified_gmt":"2024-04-24T09:12:07","slug":"betoff-f-1l-kvapalina-na-cistenie-skar","status":"publish","type":"product","link":"https:\/\/betoff.eu\/sk\/produkt\/betoff-f-1l-kvapalina-na-cistenie-skar\/","title":{"rendered":"BETOFF-F &#8211; 1L &#8211; Kvapalina na \u010distenie \u0161k\u00e1r"},"content":{"rendered":"<p>Kvapalina na odstra\u0148ovanie odoln\u00fdch ne\u010dist\u00f4t z cementov\u00fdch \u0161k\u00e1r. Ve\u013emi efekt\u00edvne odstra\u0148uje aj star\u00e9 a mastn\u00e9 ne\u010distoty.<\/p>\n","protected":false},"excerpt":{"rendered":"<p>Kvapalina na odstra\u0148ovanie odoln\u00fdch ne\u010dist\u00f4t z cementov\u00fdch \u0161k\u00e1r. Ve\u013emi efekt\u00edvne odstra\u0148uje aj star\u00e9 a mastn\u00e9 ne\u010distoty.<\/p>\n","protected":false},"featured_media":3498,"template":"","meta":{"om_disable_all_campaigns":false},"product_brand":[],"product_cat":[289],"product_tag":[],"class_list":{"0":"post-3546","1":"product","2":"type-product","3":"status-publish","4":"has-post-thumbnail","6":"product_cat-kvapalina-na-cistenie-skar","8":"first","9":"instock","10":"taxable","11":"shipping-taxable","12":"purchasable","13":"product-type-simple"},"yoast_head":"<!-- This site is optimized with the Yoast SEO plugin v25.9 - https:\/\/yoast.com\/wordpress\/plugins\/seo\/ -->\n<title>BETOFF-F - 1L - Kvapalina na \u010distenie \u0161k\u00e1r - BETOFF-Produkty pre svet bet\u00f3nu aj mimo neho!<\/title>\n<meta name=\"description\" content=\"Tekutina na \u010distenie \u0161k\u00e1r bez toho, aby ste ich museli drhn\u00fa\u0165 zubnou kefkou. Ve\u013emi efekt\u00edvne a efekt\u00edvne. Vy\u0165ahuje ne\u010distoty na povrch \u0161k\u00e1rovacej hmoty a u\u013eah\u010duje ich odstr\u00e1nenie vlhkou handri\u010dkou alebo \u0161pongiou.\" \/>\n<meta name=\"robots\" content=\"index, follow, max-snippet:-1, max-image-preview:large, max-video-preview:-1\" \/>\n<link rel=\"canonical\" href=\"https:\/\/betoff.eu\/sk\/produkt\/betoff-f-1l-kvapalina-na-cistenie-skar\/\" \/>\n<meta property=\"og:locale\" content=\"sk_SK\" \/>\n<meta property=\"og:type\" content=\"article\" \/>\n<meta property=\"og:title\" content=\"BETOFF-F - 1L - Kvapalina na \u010distenie \u0161k\u00e1r - BETOFF-Produkty pre svet bet\u00f3nu aj mimo neho!\" \/>\n<meta property=\"og:description\" content=\"Tekutina na \u010distenie \u0161k\u00e1r bez toho, aby ste ich museli drhn\u00fa\u0165 zubnou kefkou. Ve\u013emi efekt\u00edvne a efekt\u00edvne. Vy\u0165ahuje ne\u010distoty na povrch \u0161k\u00e1rovacej hmoty a u\u013eah\u010duje ich odstr\u00e1nenie vlhkou handri\u010dkou alebo \u0161pongiou.\" \/>\n<meta property=\"og:url\" content=\"https:\/\/betoff.eu\/sk\/produkt\/betoff-f-1l-kvapalina-na-cistenie-skar\/\" \/>\n<meta property=\"og:site_name\" content=\"BETOFF-Produkty pre svet bet\u00f3nu aj mimo neho!\" \/>\n<meta property=\"article:modified_time\" content=\"2024-04-24T09:12:07+00:00\" \/>\n<meta property=\"og:image\" content=\"https:\/\/betoff.eu\/wp-content\/uploads\/2024\/04\/BETOFF-F-czechy-3.png\" \/>\n\t<meta property=\"og:image:width\" content=\"1530\" \/>\n\t<meta property=\"og:image:height\" content=\"2080\" \/>\n\t<meta property=\"og:image:type\" content=\"image\/png\" \/>\n<meta name=\"twitter:card\" content=\"summary_large_image\" \/>\n<meta name=\"twitter:label1\" content=\"Predpokladan\u00fd \u010das \u010d\u00edtania\" \/>\n\t<meta name=\"twitter:data1\" content=\"1 min\u00fata\" \/>\n<script type=\"application\/ld+json\" class=\"yoast-schema-graph\">{\"@context\":\"https:\/\/schema.org\",\"@graph\":[{\"@type\":\"WebPage\",\"@id\":\"https:\/\/betoff.eu\/sk\/produkt\/betoff-f-1l-kvapalina-na-cistenie-skar\/\",\"url\":\"https:\/\/betoff.eu\/sk\/produkt\/betoff-f-1l-kvapalina-na-cistenie-skar\/\",\"name\":\"BETOFF-F - 1L - Kvapalina na \u010distenie \u0161k\u00e1r - BETOFF-Produkty pre svet bet\u00f3nu aj mimo neho!\",\"isPartOf\":{\"@id\":\"https:\/\/betoff.eu\/#website\"},\"primaryImageOfPage\":{\"@id\":\"https:\/\/betoff.eu\/sk\/produkt\/betoff-f-1l-kvapalina-na-cistenie-skar\/#primaryimage\"},\"image\":{\"@id\":\"https:\/\/betoff.eu\/sk\/produkt\/betoff-f-1l-kvapalina-na-cistenie-skar\/#primaryimage\"},\"thumbnailUrl\":\"https:\/\/betoff.eu\/wp-content\/uploads\/2024\/04\/BETOFF-F-czechy-3.png\",\"datePublished\":\"2024-04-24T09:10:09+00:00\",\"dateModified\":\"2024-04-24T09:12:07+00:00\",\"description\":\"Tekutina na \u010distenie \u0161k\u00e1r bez toho, aby ste ich museli drhn\u00fa\u0165 zubnou kefkou. Ve\u013emi efekt\u00edvne a efekt\u00edvne. Vy\u0165ahuje ne\u010distoty na povrch \u0161k\u00e1rovacej hmoty a u\u013eah\u010duje ich odstr\u00e1nenie vlhkou handri\u010dkou alebo \u0161pongiou.\",\"breadcrumb\":{\"@id\":\"https:\/\/betoff.eu\/sk\/produkt\/betoff-f-1l-kvapalina-na-cistenie-skar\/#breadcrumb\"},\"inLanguage\":\"sk-SK\",\"potentialAction\":[{\"@type\":\"ReadAction\",\"target\":[\"https:\/\/betoff.eu\/sk\/produkt\/betoff-f-1l-kvapalina-na-cistenie-skar\/\"]}]},{\"@type\":\"ImageObject\",\"inLanguage\":\"sk-SK\",\"@id\":\"https:\/\/betoff.eu\/sk\/produkt\/betoff-f-1l-kvapalina-na-cistenie-skar\/#primaryimage\",\"url\":\"https:\/\/betoff.eu\/wp-content\/uploads\/2024\/04\/BETOFF-F-czechy-3.png\",\"contentUrl\":\"https:\/\/betoff.eu\/wp-content\/uploads\/2024\/04\/BETOFF-F-czechy-3.png\",\"width\":1530,\"height\":2080,\"caption\":\"Kvapalina na \u010distenie \u0161k\u00e1r\"},{\"@type\":\"BreadcrumbList\",\"@id\":\"https:\/\/betoff.eu\/sk\/produkt\/betoff-f-1l-kvapalina-na-cistenie-skar\/#breadcrumb\",\"itemListElement\":[{\"@type\":\"ListItem\",\"position\":1,\"name\":\"Hem\",\"item\":\"https:\/\/betoff.eu\/sk\/\"},{\"@type\":\"ListItem\",\"position\":2,\"name\":\"Shop\",\"item\":\"https:\/\/betoff.eu\/pl\/sklep-2\/\"},{\"@type\":\"ListItem\",\"position\":3,\"name\":\"BETOFF-F &#8211; 1L &#8211; Kvapalina na \u010distenie \u0161k\u00e1r\"}]},{\"@type\":\"WebSite\",\"@id\":\"https:\/\/betoff.eu\/#website\",\"url\":\"https:\/\/betoff.eu\/\",\"name\":\"BETOFF-Products for the world of concrete and beyond!\",\"description\":\"Betoff - Kvapalina na odstra\u0148ovanie bet\u00f3nu\",\"publisher\":{\"@id\":\"https:\/\/betoff.eu\/#\/schema\/person\/cded67f1acad0c68af8dcc171137512c\"},\"potentialAction\":[{\"@type\":\"SearchAction\",\"target\":{\"@type\":\"EntryPoint\",\"urlTemplate\":\"https:\/\/betoff.eu\/?s={search_term_string}\"},\"query-input\":{\"@type\":\"PropertyValueSpecification\",\"valueRequired\":true,\"valueName\":\"search_term_string\"}}],\"inLanguage\":\"sk-SK\"},{\"@type\":[\"Person\",\"Organization\"],\"@id\":\"https:\/\/betoff.eu\/#\/schema\/person\/cded67f1acad0c68af8dcc171137512c\",\"name\":\"admin\",\"image\":{\"@type\":\"ImageObject\",\"inLanguage\":\"sk-SK\",\"@id\":\"https:\/\/betoff.eu\/#\/schema\/person\/image\/\",\"url\":\"https:\/\/betoff.eu\/wp-content\/uploads\/2021\/02\/betoff-logo.png\",\"contentUrl\":\"https:\/\/betoff.eu\/wp-content\/uploads\/2021\/02\/betoff-logo.png\",\"width\":1024,\"height\":258,\"caption\":\"admin\"},\"logo\":{\"@id\":\"https:\/\/betoff.eu\/#\/schema\/person\/image\/\"}}]}<\/script>\n<!-- \/ Yoast SEO plugin. -->","yoast_head_json":{"title":"BETOFF-F - 1L - Kvapalina na \u010distenie \u0161k\u00e1r - BETOFF-Produkty pre svet bet\u00f3nu aj mimo neho!","description":"Tekutina na \u010distenie \u0161k\u00e1r bez toho, aby ste ich museli drhn\u00fa\u0165 zubnou kefkou. Ve\u013emi efekt\u00edvne a efekt\u00edvne. Vy\u0165ahuje ne\u010distoty na povrch \u0161k\u00e1rovacej hmoty a u\u013eah\u010duje ich odstr\u00e1nenie vlhkou handri\u010dkou alebo \u0161pongiou.","robots":{"index":"index","follow":"follow","max-snippet":"max-snippet:-1","max-image-preview":"max-image-preview:large","max-video-preview":"max-video-preview:-1"},"canonical":"https:\/\/betoff.eu\/sk\/produkt\/betoff-f-1l-kvapalina-na-cistenie-skar\/","og_locale":"sk_SK","og_type":"article","og_title":"BETOFF-F - 1L - Kvapalina na \u010distenie \u0161k\u00e1r - BETOFF-Produkty pre svet bet\u00f3nu aj mimo neho!","og_description":"Tekutina na \u010distenie \u0161k\u00e1r bez toho, aby ste ich museli drhn\u00fa\u0165 zubnou kefkou. Ve\u013emi efekt\u00edvne a efekt\u00edvne. Vy\u0165ahuje ne\u010distoty na povrch \u0161k\u00e1rovacej hmoty a u\u013eah\u010duje ich odstr\u00e1nenie vlhkou handri\u010dkou alebo \u0161pongiou.","og_url":"https:\/\/betoff.eu\/sk\/produkt\/betoff-f-1l-kvapalina-na-cistenie-skar\/","og_site_name":"BETOFF-Produkty pre svet bet\u00f3nu aj mimo neho!","article_modified_time":"2024-04-24T09:12:07+00:00","og_image":[{"width":1530,"height":2080,"url":"https:\/\/betoff.eu\/wp-content\/uploads\/2024\/04\/BETOFF-F-czechy-3.png","type":"image\/png"}],"twitter_card":"summary_large_image","twitter_misc":{"Predpokladan\u00fd \u010das \u010d\u00edtania":"1 min\u00fata"},"schema":{"@context":"https:\/\/schema.org","@graph":[{"@type":"WebPage","@id":"https:\/\/betoff.eu\/sk\/produkt\/betoff-f-1l-kvapalina-na-cistenie-skar\/","url":"https:\/\/betoff.eu\/sk\/produkt\/betoff-f-1l-kvapalina-na-cistenie-skar\/","name":"BETOFF-F - 1L - Kvapalina na \u010distenie \u0161k\u00e1r - BETOFF-Produkty pre svet bet\u00f3nu aj mimo neho!","isPartOf":{"@id":"https:\/\/betoff.eu\/#website"},"primaryImageOfPage":{"@id":"https:\/\/betoff.eu\/sk\/produkt\/betoff-f-1l-kvapalina-na-cistenie-skar\/#primaryimage"},"image":{"@id":"https:\/\/betoff.eu\/sk\/produkt\/betoff-f-1l-kvapalina-na-cistenie-skar\/#primaryimage"},"thumbnailUrl":"https:\/\/betoff.eu\/wp-content\/uploads\/2024\/04\/BETOFF-F-czechy-3.png","datePublished":"2024-04-24T09:10:09+00:00","dateModified":"2024-04-24T09:12:07+00:00","description":"Tekutina na \u010distenie \u0161k\u00e1r bez toho, aby ste ich museli drhn\u00fa\u0165 zubnou kefkou. Ve\u013emi efekt\u00edvne a efekt\u00edvne. Vy\u0165ahuje ne\u010distoty na povrch \u0161k\u00e1rovacej hmoty a u\u013eah\u010duje ich odstr\u00e1nenie vlhkou handri\u010dkou alebo \u0161pongiou.","breadcrumb":{"@id":"https:\/\/betoff.eu\/sk\/produkt\/betoff-f-1l-kvapalina-na-cistenie-skar\/#breadcrumb"},"inLanguage":"sk-SK","potentialAction":[{"@type":"ReadAction","target":["https:\/\/betoff.eu\/sk\/produkt\/betoff-f-1l-kvapalina-na-cistenie-skar\/"]}]},{"@type":"ImageObject","inLanguage":"sk-SK","@id":"https:\/\/betoff.eu\/sk\/produkt\/betoff-f-1l-kvapalina-na-cistenie-skar\/#primaryimage","url":"https:\/\/betoff.eu\/wp-content\/uploads\/2024\/04\/BETOFF-F-czechy-3.png","contentUrl":"https:\/\/betoff.eu\/wp-content\/uploads\/2024\/04\/BETOFF-F-czechy-3.png","width":1530,"height":2080,"caption":"Kvapalina na \u010distenie \u0161k\u00e1r"},{"@type":"BreadcrumbList","@id":"https:\/\/betoff.eu\/sk\/produkt\/betoff-f-1l-kvapalina-na-cistenie-skar\/#breadcrumb","itemListElement":[{"@type":"ListItem","position":1,"name":"Hem","item":"https:\/\/betoff.eu\/sk\/"},{"@type":"ListItem","position":2,"name":"Shop","item":"https:\/\/betoff.eu\/pl\/sklep-2\/"},{"@type":"ListItem","position":3,"name":"BETOFF-F &#8211; 1L &#8211; Kvapalina na \u010distenie \u0161k\u00e1r"}]},{"@type":"WebSite","@id":"https:\/\/betoff.eu\/#website","url":"https:\/\/betoff.eu\/","name":"BETOFF-Products for the world of concrete and beyond!","description":"Betoff - Kvapalina na odstra\u0148ovanie bet\u00f3nu","publisher":{"@id":"https:\/\/betoff.eu\/#\/schema\/person\/cded67f1acad0c68af8dcc171137512c"},"potentialAction":[{"@type":"SearchAction","target":{"@type":"EntryPoint","urlTemplate":"https:\/\/betoff.eu\/?s={search_term_string}"},"query-input":{"@type":"PropertyValueSpecification","valueRequired":true,"valueName":"search_term_string"}}],"inLanguage":"sk-SK"},{"@type":["Person","Organization"],"@id":"https:\/\/betoff.eu\/#\/schema\/person\/cded67f1acad0c68af8dcc171137512c","name":"admin","image":{"@type":"ImageObject","inLanguage":"sk-SK","@id":"https:\/\/betoff.eu\/#\/schema\/person\/image\/","url":"https:\/\/betoff.eu\/wp-content\/uploads\/2021\/02\/betoff-logo.png","contentUrl":"https:\/\/betoff.eu\/wp-content\/uploads\/2021\/02\/betoff-logo.png","width":1024,"height":258,"caption":"admin"},"logo":{"@id":"https:\/\/betoff.eu\/#\/schema\/person\/image\/"}}]}},"_links":{"self":[{"href":"https:\/\/betoff.eu\/sk\/wp-json\/wp\/v2\/product\/3546","targetHints":{"allow":["GET"]}}],"collection":[{"href":"https:\/\/betoff.eu\/sk\/wp-json\/wp\/v2\/product"}],"about":[{"href":"https:\/\/betoff.eu\/sk\/wp-json\/wp\/v2\/types\/product"}],"wp:featuredmedia":[{"embeddable":true,"href":"https:\/\/betoff.eu\/sk\/wp-json\/wp\/v2\/media\/3498"}],"wp:attachment":[{"href":"https:\/\/betoff.eu\/sk\/wp-json\/wp\/v2\/media?parent=3546"}],"wp:term":[{"taxonomy":"product_brand","embeddable":true,"href":"https:\/\/betoff.eu\/sk\/wp-json\/wp\/v2\/product_brand?post=3546"},{"taxonomy":"product_cat","embeddable":true,"href":"https:\/\/betoff.eu\/sk\/wp-json\/wp\/v2\/product_cat?post=3546"},{"taxonomy":"product_tag","embeddable":true,"href":"https:\/\/betoff.eu\/sk\/wp-json\/wp\/v2\/product_tag?post=3546"}],"curies":[{"name":"wp","href":"https:\/\/api.w.org\/{rel}","templated":true}]}}