{"id":3526,"date":"2024-04-24T09:53:37","date_gmt":"2024-04-24T07:53:37","guid":{"rendered":"https:\/\/betoff.eu\/?post_type=product&#038;p=3526"},"modified":"2024-04-24T09:55:33","modified_gmt":"2024-04-24T07:55:33","slug":"betoff-koncentrat-5l-kvapalina-na-rozpustanie-vysuseneho-betonu","status":"publish","type":"product","link":"https:\/\/betoff.eu\/sk\/produkt\/betoff-koncentrat-5l-kvapalina-na-rozpustanie-vysuseneho-betonu\/","title":{"rendered":"BETOFF (koncentr\u00e1t) &#8211; 5L &#8211; Kvapalina na rozp\u00fa\u0161\u0165anie vysu\u0161en\u00e9ho bet\u00f3nu"},"content":{"rendered":"<p>BETOFF je inovat\u00edvny \u010distiaci prostriedok, ktor\u00fd \u013eahko rozp\u00fa\u0161\u0165a cementov\u00e9 a bet\u00f3nov\u00e9 ne\u010distoty. Tekutinu sta\u010d\u00ed nalia\u0165 na zaschnut\u00fd bet\u00f3n a po\u010dka\u0165 p\u00e1r min\u00fat, u\u017e po 3 min\u00fatach je vidie\u0165 rozpusten\u00fd bet\u00f3n, ktor\u00fd sa d\u00e1 \u013eahko odstr\u00e1ni\u0165 vodou!<\/p>\n","protected":false},"excerpt":{"rendered":"<p>BETOFF je inovat\u00edvny \u010distiaci prostriedok, ktor\u00fd \u013eahko rozp\u00fa\u0161\u0165a cementov\u00e9 a bet\u00f3nov\u00e9 ne\u010distoty. Tekutinu sta\u010d\u00ed nalia\u0165 na zaschnut\u00fd bet\u00f3n a po\u010dka\u0165 p\u00e1r min\u00fat, u\u017e po 3 min\u00fatach je vidie\u0165 rozpusten\u00fd bet\u00f3n, ktor\u00fd sa d\u00e1 \u013eahko odstr\u00e1ni\u0165 vodou!<\/p>\n","protected":false},"featured_media":3444,"template":"","meta":{"om_disable_all_campaigns":false},"product_brand":[],"product_cat":[287],"product_tag":[],"class_list":{"0":"post-3526","1":"product","2":"type-product","3":"status-publish","4":"has-post-thumbnail","6":"product_cat-kvapalina-na-rozpustanie-betonu","8":"first","9":"instock","10":"taxable","11":"shipping-taxable","12":"purchasable","13":"product-type-simple"},"yoast_head":"<!-- This site is optimized with the Yoast SEO plugin v25.9 - https:\/\/yoast.com\/wordpress\/plugins\/seo\/ -->\n<title>BETOFF (koncentr\u00e1t) - 5L - Kvapalina na rozp\u00fa\u0161\u0165anie vysu\u0161en\u00e9ho bet\u00f3nu - BETOFF-Produkty pre svet bet\u00f3nu aj mimo neho!<\/title>\n<meta name=\"description\" content=\"Ako rozpusti\u0165 vysu\u0161en\u00fd bet\u00f3n, ako odstr\u00e1ni\u0165 cementov\u00e9 mlieko? Na tento \u00fa\u010del pou\u017eite inovat\u00edvne \u010distiace prostriedky BETOFF! R\u00fdchlo v akcii a ve\u013emi efekt\u00edvne!\" \/>\n<meta name=\"robots\" content=\"index, follow, max-snippet:-1, max-image-preview:large, max-video-preview:-1\" \/>\n<link rel=\"canonical\" href=\"https:\/\/betoff.eu\/sk\/produkt\/betoff-koncentrat-5l-kvapalina-na-rozpustanie-vysuseneho-betonu\/\" \/>\n<meta property=\"og:locale\" content=\"sk_SK\" \/>\n<meta property=\"og:type\" content=\"article\" \/>\n<meta property=\"og:title\" content=\"BETOFF (koncentr\u00e1t) - 5L - Kvapalina na rozp\u00fa\u0161\u0165anie vysu\u0161en\u00e9ho bet\u00f3nu - BETOFF-Produkty pre svet bet\u00f3nu aj mimo neho!\" \/>\n<meta property=\"og:description\" content=\"Ako rozpusti\u0165 vysu\u0161en\u00fd bet\u00f3n, ako odstr\u00e1ni\u0165 cementov\u00e9 mlieko? Na tento \u00fa\u010del pou\u017eite inovat\u00edvne \u010distiace prostriedky BETOFF! R\u00fdchlo v akcii a ve\u013emi efekt\u00edvne!\" \/>\n<meta property=\"og:url\" content=\"https:\/\/betoff.eu\/sk\/produkt\/betoff-koncentrat-5l-kvapalina-na-rozpustanie-vysuseneho-betonu\/\" \/>\n<meta property=\"og:site_name\" content=\"BETOFF-Produkty pre svet bet\u00f3nu aj mimo neho!\" \/>\n<meta property=\"article:modified_time\" content=\"2024-04-24T07:55:33+00:00\" \/>\n<meta property=\"og:image\" content=\"https:\/\/betoff.eu\/wp-content\/uploads\/2024\/04\/Betoff-5-L-neu-2.png\" \/>\n\t<meta property=\"og:image:width\" content=\"1597\" \/>\n\t<meta property=\"og:image:height\" content=\"2171\" \/>\n\t<meta property=\"og:image:type\" content=\"image\/png\" \/>\n<meta name=\"twitter:card\" content=\"summary_large_image\" \/>\n<meta name=\"twitter:label1\" content=\"Predpokladan\u00fd \u010das \u010d\u00edtania\" \/>\n\t<meta name=\"twitter:data1\" content=\"1 min\u00fata\" \/>\n<script type=\"application\/ld+json\" class=\"yoast-schema-graph\">{\"@context\":\"https:\/\/schema.org\",\"@graph\":[{\"@type\":\"WebPage\",\"@id\":\"https:\/\/betoff.eu\/sk\/produkt\/betoff-koncentrat-5l-kvapalina-na-rozpustanie-vysuseneho-betonu\/\",\"url\":\"https:\/\/betoff.eu\/sk\/produkt\/betoff-koncentrat-5l-kvapalina-na-rozpustanie-vysuseneho-betonu\/\",\"name\":\"BETOFF (koncentr\u00e1t) - 5L - Kvapalina na rozp\u00fa\u0161\u0165anie vysu\u0161en\u00e9ho bet\u00f3nu - BETOFF-Produkty pre svet bet\u00f3nu aj mimo neho!\",\"isPartOf\":{\"@id\":\"https:\/\/betoff.eu\/#website\"},\"primaryImageOfPage\":{\"@id\":\"https:\/\/betoff.eu\/sk\/produkt\/betoff-koncentrat-5l-kvapalina-na-rozpustanie-vysuseneho-betonu\/#primaryimage\"},\"image\":{\"@id\":\"https:\/\/betoff.eu\/sk\/produkt\/betoff-koncentrat-5l-kvapalina-na-rozpustanie-vysuseneho-betonu\/#primaryimage\"},\"thumbnailUrl\":\"https:\/\/betoff.eu\/wp-content\/uploads\/2024\/04\/Betoff-5-L-neu-2.png\",\"datePublished\":\"2024-04-24T07:53:37+00:00\",\"dateModified\":\"2024-04-24T07:55:33+00:00\",\"description\":\"Ako rozpusti\u0165 vysu\u0161en\u00fd bet\u00f3n, ako odstr\u00e1ni\u0165 cementov\u00e9 mlieko? Na tento \u00fa\u010del pou\u017eite inovat\u00edvne \u010distiace prostriedky BETOFF! R\u00fdchlo v akcii a ve\u013emi efekt\u00edvne!\",\"breadcrumb\":{\"@id\":\"https:\/\/betoff.eu\/sk\/produkt\/betoff-koncentrat-5l-kvapalina-na-rozpustanie-vysuseneho-betonu\/#breadcrumb\"},\"inLanguage\":\"sk-SK\",\"potentialAction\":[{\"@type\":\"ReadAction\",\"target\":[\"https:\/\/betoff.eu\/sk\/produkt\/betoff-koncentrat-5l-kvapalina-na-rozpustanie-vysuseneho-betonu\/\"]}]},{\"@type\":\"ImageObject\",\"inLanguage\":\"sk-SK\",\"@id\":\"https:\/\/betoff.eu\/sk\/produkt\/betoff-koncentrat-5l-kvapalina-na-rozpustanie-vysuseneho-betonu\/#primaryimage\",\"url\":\"https:\/\/betoff.eu\/wp-content\/uploads\/2024\/04\/Betoff-5-L-neu-2.png\",\"contentUrl\":\"https:\/\/betoff.eu\/wp-content\/uploads\/2024\/04\/Betoff-5-L-neu-2.png\",\"width\":1597,\"height\":2171},{\"@type\":\"BreadcrumbList\",\"@id\":\"https:\/\/betoff.eu\/sk\/produkt\/betoff-koncentrat-5l-kvapalina-na-rozpustanie-vysuseneho-betonu\/#breadcrumb\",\"itemListElement\":[{\"@type\":\"ListItem\",\"position\":1,\"name\":\"Hem\",\"item\":\"https:\/\/betoff.eu\/sk\/\"},{\"@type\":\"ListItem\",\"position\":2,\"name\":\"Shop\",\"item\":\"https:\/\/betoff.eu\/pl\/sklep-2\/\"},{\"@type\":\"ListItem\",\"position\":3,\"name\":\"BETOFF (koncentr\u00e1t) &#8211; 5L &#8211; Kvapalina na rozp\u00fa\u0161\u0165anie vysu\u0161en\u00e9ho bet\u00f3nu\"}]},{\"@type\":\"WebSite\",\"@id\":\"https:\/\/betoff.eu\/#website\",\"url\":\"https:\/\/betoff.eu\/\",\"name\":\"BETOFF-Products for the world of concrete and beyond!\",\"description\":\"Betoff - Kvapalina na odstra\u0148ovanie bet\u00f3nu\",\"publisher\":{\"@id\":\"https:\/\/betoff.eu\/#\/schema\/person\/cded67f1acad0c68af8dcc171137512c\"},\"potentialAction\":[{\"@type\":\"SearchAction\",\"target\":{\"@type\":\"EntryPoint\",\"urlTemplate\":\"https:\/\/betoff.eu\/?s={search_term_string}\"},\"query-input\":{\"@type\":\"PropertyValueSpecification\",\"valueRequired\":true,\"valueName\":\"search_term_string\"}}],\"inLanguage\":\"sk-SK\"},{\"@type\":[\"Person\",\"Organization\"],\"@id\":\"https:\/\/betoff.eu\/#\/schema\/person\/cded67f1acad0c68af8dcc171137512c\",\"name\":\"admin\",\"image\":{\"@type\":\"ImageObject\",\"inLanguage\":\"sk-SK\",\"@id\":\"https:\/\/betoff.eu\/#\/schema\/person\/image\/\",\"url\":\"https:\/\/betoff.eu\/wp-content\/uploads\/2021\/02\/betoff-logo.png\",\"contentUrl\":\"https:\/\/betoff.eu\/wp-content\/uploads\/2021\/02\/betoff-logo.png\",\"width\":1024,\"height\":258,\"caption\":\"admin\"},\"logo\":{\"@id\":\"https:\/\/betoff.eu\/#\/schema\/person\/image\/\"}}]}<\/script>\n<!-- \/ Yoast SEO plugin. -->","yoast_head_json":{"title":"BETOFF (koncentr\u00e1t) - 5L - Kvapalina na rozp\u00fa\u0161\u0165anie vysu\u0161en\u00e9ho bet\u00f3nu - BETOFF-Produkty pre svet bet\u00f3nu aj mimo neho!","description":"Ako rozpusti\u0165 vysu\u0161en\u00fd bet\u00f3n, ako odstr\u00e1ni\u0165 cementov\u00e9 mlieko? Na tento \u00fa\u010del pou\u017eite inovat\u00edvne \u010distiace prostriedky BETOFF! R\u00fdchlo v akcii a ve\u013emi efekt\u00edvne!","robots":{"index":"index","follow":"follow","max-snippet":"max-snippet:-1","max-image-preview":"max-image-preview:large","max-video-preview":"max-video-preview:-1"},"canonical":"https:\/\/betoff.eu\/sk\/produkt\/betoff-koncentrat-5l-kvapalina-na-rozpustanie-vysuseneho-betonu\/","og_locale":"sk_SK","og_type":"article","og_title":"BETOFF (koncentr\u00e1t) - 5L - Kvapalina na rozp\u00fa\u0161\u0165anie vysu\u0161en\u00e9ho bet\u00f3nu - BETOFF-Produkty pre svet bet\u00f3nu aj mimo neho!","og_description":"Ako rozpusti\u0165 vysu\u0161en\u00fd bet\u00f3n, ako odstr\u00e1ni\u0165 cementov\u00e9 mlieko? Na tento \u00fa\u010del pou\u017eite inovat\u00edvne \u010distiace prostriedky BETOFF! R\u00fdchlo v akcii a ve\u013emi efekt\u00edvne!","og_url":"https:\/\/betoff.eu\/sk\/produkt\/betoff-koncentrat-5l-kvapalina-na-rozpustanie-vysuseneho-betonu\/","og_site_name":"BETOFF-Produkty pre svet bet\u00f3nu aj mimo neho!","article_modified_time":"2024-04-24T07:55:33+00:00","og_image":[{"width":1597,"height":2171,"url":"https:\/\/betoff.eu\/wp-content\/uploads\/2024\/04\/Betoff-5-L-neu-2.png","type":"image\/png"}],"twitter_card":"summary_large_image","twitter_misc":{"Predpokladan\u00fd \u010das \u010d\u00edtania":"1 min\u00fata"},"schema":{"@context":"https:\/\/schema.org","@graph":[{"@type":"WebPage","@id":"https:\/\/betoff.eu\/sk\/produkt\/betoff-koncentrat-5l-kvapalina-na-rozpustanie-vysuseneho-betonu\/","url":"https:\/\/betoff.eu\/sk\/produkt\/betoff-koncentrat-5l-kvapalina-na-rozpustanie-vysuseneho-betonu\/","name":"BETOFF (koncentr\u00e1t) - 5L - Kvapalina na rozp\u00fa\u0161\u0165anie vysu\u0161en\u00e9ho bet\u00f3nu - BETOFF-Produkty pre svet bet\u00f3nu aj mimo neho!","isPartOf":{"@id":"https:\/\/betoff.eu\/#website"},"primaryImageOfPage":{"@id":"https:\/\/betoff.eu\/sk\/produkt\/betoff-koncentrat-5l-kvapalina-na-rozpustanie-vysuseneho-betonu\/#primaryimage"},"image":{"@id":"https:\/\/betoff.eu\/sk\/produkt\/betoff-koncentrat-5l-kvapalina-na-rozpustanie-vysuseneho-betonu\/#primaryimage"},"thumbnailUrl":"https:\/\/betoff.eu\/wp-content\/uploads\/2024\/04\/Betoff-5-L-neu-2.png","datePublished":"2024-04-24T07:53:37+00:00","dateModified":"2024-04-24T07:55:33+00:00","description":"Ako rozpusti\u0165 vysu\u0161en\u00fd bet\u00f3n, ako odstr\u00e1ni\u0165 cementov\u00e9 mlieko? Na tento \u00fa\u010del pou\u017eite inovat\u00edvne \u010distiace prostriedky BETOFF! R\u00fdchlo v akcii a ve\u013emi efekt\u00edvne!","breadcrumb":{"@id":"https:\/\/betoff.eu\/sk\/produkt\/betoff-koncentrat-5l-kvapalina-na-rozpustanie-vysuseneho-betonu\/#breadcrumb"},"inLanguage":"sk-SK","potentialAction":[{"@type":"ReadAction","target":["https:\/\/betoff.eu\/sk\/produkt\/betoff-koncentrat-5l-kvapalina-na-rozpustanie-vysuseneho-betonu\/"]}]},{"@type":"ImageObject","inLanguage":"sk-SK","@id":"https:\/\/betoff.eu\/sk\/produkt\/betoff-koncentrat-5l-kvapalina-na-rozpustanie-vysuseneho-betonu\/#primaryimage","url":"https:\/\/betoff.eu\/wp-content\/uploads\/2024\/04\/Betoff-5-L-neu-2.png","contentUrl":"https:\/\/betoff.eu\/wp-content\/uploads\/2024\/04\/Betoff-5-L-neu-2.png","width":1597,"height":2171},{"@type":"BreadcrumbList","@id":"https:\/\/betoff.eu\/sk\/produkt\/betoff-koncentrat-5l-kvapalina-na-rozpustanie-vysuseneho-betonu\/#breadcrumb","itemListElement":[{"@type":"ListItem","position":1,"name":"Hem","item":"https:\/\/betoff.eu\/sk\/"},{"@type":"ListItem","position":2,"name":"Shop","item":"https:\/\/betoff.eu\/pl\/sklep-2\/"},{"@type":"ListItem","position":3,"name":"BETOFF (koncentr\u00e1t) &#8211; 5L &#8211; Kvapalina na rozp\u00fa\u0161\u0165anie vysu\u0161en\u00e9ho bet\u00f3nu"}]},{"@type":"WebSite","@id":"https:\/\/betoff.eu\/#website","url":"https:\/\/betoff.eu\/","name":"BETOFF-Products for the world of concrete and beyond!","description":"Betoff - Kvapalina na odstra\u0148ovanie bet\u00f3nu","publisher":{"@id":"https:\/\/betoff.eu\/#\/schema\/person\/cded67f1acad0c68af8dcc171137512c"},"potentialAction":[{"@type":"SearchAction","target":{"@type":"EntryPoint","urlTemplate":"https:\/\/betoff.eu\/?s={search_term_string}"},"query-input":{"@type":"PropertyValueSpecification","valueRequired":true,"valueName":"search_term_string"}}],"inLanguage":"sk-SK"},{"@type":["Person","Organization"],"@id":"https:\/\/betoff.eu\/#\/schema\/person\/cded67f1acad0c68af8dcc171137512c","name":"admin","image":{"@type":"ImageObject","inLanguage":"sk-SK","@id":"https:\/\/betoff.eu\/#\/schema\/person\/image\/","url":"https:\/\/betoff.eu\/wp-content\/uploads\/2021\/02\/betoff-logo.png","contentUrl":"https:\/\/betoff.eu\/wp-content\/uploads\/2021\/02\/betoff-logo.png","width":1024,"height":258,"caption":"admin"},"logo":{"@id":"https:\/\/betoff.eu\/#\/schema\/person\/image\/"}}]}},"_links":{"self":[{"href":"https:\/\/betoff.eu\/sk\/wp-json\/wp\/v2\/product\/3526","targetHints":{"allow":["GET"]}}],"collection":[{"href":"https:\/\/betoff.eu\/sk\/wp-json\/wp\/v2\/product"}],"about":[{"href":"https:\/\/betoff.eu\/sk\/wp-json\/wp\/v2\/types\/product"}],"wp:featuredmedia":[{"embeddable":true,"href":"https:\/\/betoff.eu\/sk\/wp-json\/wp\/v2\/media\/3444"}],"wp:attachment":[{"href":"https:\/\/betoff.eu\/sk\/wp-json\/wp\/v2\/media?parent=3526"}],"wp:term":[{"taxonomy":"product_brand","embeddable":true,"href":"https:\/\/betoff.eu\/sk\/wp-json\/wp\/v2\/product_brand?post=3526"},{"taxonomy":"product_cat","embeddable":true,"href":"https:\/\/betoff.eu\/sk\/wp-json\/wp\/v2\/product_cat?post=3526"},{"taxonomy":"product_tag","embeddable":true,"href":"https:\/\/betoff.eu\/sk\/wp-json\/wp\/v2\/product_tag?post=3526"}],"curies":[{"name":"wp","href":"https:\/\/api.w.org\/{rel}","templated":true}]}}