{"id":3522,"date":"2024-04-24T09:19:29","date_gmt":"2024-04-24T07:19:29","guid":{"rendered":"https:\/\/betoff.eu\/?post_type=product&#038;p=3522"},"modified":"2024-04-24T09:27:19","modified_gmt":"2024-04-24T07:27:19","slug":"betoff-koncentrat-1l-kvapalina-na-rozpustanie-vysuseneho-betonu","status":"publish","type":"product","link":"https:\/\/betoff.eu\/sk\/produkt\/betoff-koncentrat-1l-kvapalina-na-rozpustanie-vysuseneho-betonu\/","title":{"rendered":"BETOFF (koncentr\u00e1t) &#8211; 1L &#8211; Kvapalina na rozp\u00fa\u0161\u0165anie vysu\u0161en\u00e9ho bet\u00f3nu"},"content":{"rendered":"<p>BETOFF (koncentr\u00e1t) je ve\u013emi siln\u00fd a ve\u013emi \u00fa\u010dinn\u00fd pr\u00edpravok na rozp\u00fa\u0161\u0165anie bet\u00f3nov\u00fdch \u0161kv\u0155n. R\u00fdchlo prenik\u00e1 hlboko do bet\u00f3nu a rozp\u00fa\u0161\u0165a ho, \u010d\u00edm vytv\u00e1ra bahnit\u00e9 mlieko, ktor\u00e9 sa \u013eahko odstra\u0148uje.<\/p>\n","protected":false},"excerpt":{"rendered":"<p>BETOFF (koncentr\u00e1t) je ve\u013emi siln\u00fd a ve\u013emi \u00fa\u010dinn\u00fd pr\u00edpravok na rozp\u00fa\u0161\u0165anie bet\u00f3nov\u00fdch \u0161kv\u0155n. R\u00fdchlo prenik\u00e1 hlboko do bet\u00f3nu a rozp\u00fa\u0161\u0165a ho, \u010d\u00edm vytv\u00e1ra bahnit\u00e9 mlieko, ktor\u00e9 sa \u013eahko odstra\u0148uje.<\/p>\n","protected":false},"featured_media":3474,"template":"","meta":{"om_disable_all_campaigns":false},"product_brand":[],"product_cat":[287],"product_tag":[],"class_list":{"0":"post-3522","1":"product","2":"type-product","3":"status-publish","4":"has-post-thumbnail","6":"product_cat-kvapalina-na-rozpustanie-betonu","8":"first","9":"instock","10":"taxable","11":"shipping-taxable","12":"purchasable","13":"product-type-simple"},"yoast_head":"<!-- This site is optimized with the Yoast SEO plugin v25.9 - https:\/\/yoast.com\/wordpress\/plugins\/seo\/ -->\n<title>BETOFF (koncentr\u00e1t) - 1L - Kvapalina na rozp\u00fa\u0161\u0165anie vysu\u0161en\u00e9ho bet\u00f3nu - BETOFF-Produkty pre svet bet\u00f3nu aj mimo neho!<\/title>\n<meta name=\"description\" content=\"Kvapalina na rozp\u00fa\u0161\u0165anie vysu\u0161en\u00e9ho bet\u00f3nu. R\u00fdchlo p\u00f4sobiaca kvapalina, ktor\u00e1 \u00fa\u010dinne odstra\u0148uje aj star\u00e9 bet\u00f3nov\u00e9 ne\u010distoty. Skontrolujte jeho fungovanie e\u0161te dnes!\" \/>\n<meta name=\"robots\" content=\"index, follow, max-snippet:-1, max-image-preview:large, max-video-preview:-1\" \/>\n<link rel=\"canonical\" href=\"https:\/\/betoff.eu\/sk\/produkt\/betoff-koncentrat-1l-kvapalina-na-rozpustanie-vysuseneho-betonu\/\" \/>\n<meta property=\"og:locale\" content=\"sk_SK\" \/>\n<meta property=\"og:type\" content=\"article\" \/>\n<meta property=\"og:title\" content=\"BETOFF (koncentr\u00e1t) - 1L - Kvapalina na rozp\u00fa\u0161\u0165anie vysu\u0161en\u00e9ho bet\u00f3nu - BETOFF-Produkty pre svet bet\u00f3nu aj mimo neho!\" \/>\n<meta property=\"og:description\" content=\"Kvapalina na rozp\u00fa\u0161\u0165anie vysu\u0161en\u00e9ho bet\u00f3nu. R\u00fdchlo p\u00f4sobiaca kvapalina, ktor\u00e1 \u00fa\u010dinne odstra\u0148uje aj star\u00e9 bet\u00f3nov\u00e9 ne\u010distoty. Skontrolujte jeho fungovanie e\u0161te dnes!\" \/>\n<meta property=\"og:url\" content=\"https:\/\/betoff.eu\/sk\/produkt\/betoff-koncentrat-1l-kvapalina-na-rozpustanie-vysuseneho-betonu\/\" \/>\n<meta property=\"og:site_name\" content=\"BETOFF-Produkty pre svet bet\u00f3nu aj mimo neho!\" \/>\n<meta property=\"article:modified_time\" content=\"2024-04-24T07:27:19+00:00\" \/>\n<meta property=\"og:image\" content=\"https:\/\/betoff.eu\/wp-content\/uploads\/2024\/04\/betoff-1l-new-sk.png\" \/>\n\t<meta property=\"og:image:width\" content=\"1530\" \/>\n\t<meta property=\"og:image:height\" content=\"2080\" \/>\n\t<meta property=\"og:image:type\" content=\"image\/png\" \/>\n<meta name=\"twitter:card\" content=\"summary_large_image\" \/>\n<meta name=\"twitter:label1\" content=\"Predpokladan\u00fd \u010das \u010d\u00edtania\" \/>\n\t<meta name=\"twitter:data1\" content=\"1 min\u00fata\" \/>\n<script type=\"application\/ld+json\" class=\"yoast-schema-graph\">{\"@context\":\"https:\/\/schema.org\",\"@graph\":[{\"@type\":\"WebPage\",\"@id\":\"https:\/\/betoff.eu\/sk\/produkt\/betoff-koncentrat-1l-kvapalina-na-rozpustanie-vysuseneho-betonu\/\",\"url\":\"https:\/\/betoff.eu\/sk\/produkt\/betoff-koncentrat-1l-kvapalina-na-rozpustanie-vysuseneho-betonu\/\",\"name\":\"BETOFF (koncentr\u00e1t) - 1L - Kvapalina na rozp\u00fa\u0161\u0165anie vysu\u0161en\u00e9ho bet\u00f3nu - BETOFF-Produkty pre svet bet\u00f3nu aj mimo neho!\",\"isPartOf\":{\"@id\":\"https:\/\/betoff.eu\/#website\"},\"primaryImageOfPage\":{\"@id\":\"https:\/\/betoff.eu\/sk\/produkt\/betoff-koncentrat-1l-kvapalina-na-rozpustanie-vysuseneho-betonu\/#primaryimage\"},\"image\":{\"@id\":\"https:\/\/betoff.eu\/sk\/produkt\/betoff-koncentrat-1l-kvapalina-na-rozpustanie-vysuseneho-betonu\/#primaryimage\"},\"thumbnailUrl\":\"https:\/\/betoff.eu\/wp-content\/uploads\/2024\/04\/betoff-1l-new-sk.png\",\"datePublished\":\"2024-04-24T07:19:29+00:00\",\"dateModified\":\"2024-04-24T07:27:19+00:00\",\"description\":\"Kvapalina na rozp\u00fa\u0161\u0165anie vysu\u0161en\u00e9ho bet\u00f3nu. R\u00fdchlo p\u00f4sobiaca kvapalina, ktor\u00e1 \u00fa\u010dinne odstra\u0148uje aj star\u00e9 bet\u00f3nov\u00e9 ne\u010distoty. Skontrolujte jeho fungovanie e\u0161te dnes!\",\"breadcrumb\":{\"@id\":\"https:\/\/betoff.eu\/sk\/produkt\/betoff-koncentrat-1l-kvapalina-na-rozpustanie-vysuseneho-betonu\/#breadcrumb\"},\"inLanguage\":\"sk-SK\",\"potentialAction\":[{\"@type\":\"ReadAction\",\"target\":[\"https:\/\/betoff.eu\/sk\/produkt\/betoff-koncentrat-1l-kvapalina-na-rozpustanie-vysuseneho-betonu\/\"]}]},{\"@type\":\"ImageObject\",\"inLanguage\":\"sk-SK\",\"@id\":\"https:\/\/betoff.eu\/sk\/produkt\/betoff-koncentrat-1l-kvapalina-na-rozpustanie-vysuseneho-betonu\/#primaryimage\",\"url\":\"https:\/\/betoff.eu\/wp-content\/uploads\/2024\/04\/betoff-1l-new-sk.png\",\"contentUrl\":\"https:\/\/betoff.eu\/wp-content\/uploads\/2024\/04\/betoff-1l-new-sk.png\",\"width\":1530,\"height\":2080},{\"@type\":\"BreadcrumbList\",\"@id\":\"https:\/\/betoff.eu\/sk\/produkt\/betoff-koncentrat-1l-kvapalina-na-rozpustanie-vysuseneho-betonu\/#breadcrumb\",\"itemListElement\":[{\"@type\":\"ListItem\",\"position\":1,\"name\":\"Hem\",\"item\":\"https:\/\/betoff.eu\/sk\/\"},{\"@type\":\"ListItem\",\"position\":2,\"name\":\"Shop\",\"item\":\"https:\/\/betoff.eu\/pl\/sklep-2\/\"},{\"@type\":\"ListItem\",\"position\":3,\"name\":\"BETOFF (koncentr\u00e1t) &#8211; 1L &#8211; Kvapalina na rozp\u00fa\u0161\u0165anie vysu\u0161en\u00e9ho bet\u00f3nu\"}]},{\"@type\":\"WebSite\",\"@id\":\"https:\/\/betoff.eu\/#website\",\"url\":\"https:\/\/betoff.eu\/\",\"name\":\"BETOFF-Products for the world of concrete and beyond!\",\"description\":\"Betoff - Kvapalina na odstra\u0148ovanie bet\u00f3nu\",\"publisher\":{\"@id\":\"https:\/\/betoff.eu\/#\/schema\/person\/cded67f1acad0c68af8dcc171137512c\"},\"potentialAction\":[{\"@type\":\"SearchAction\",\"target\":{\"@type\":\"EntryPoint\",\"urlTemplate\":\"https:\/\/betoff.eu\/?s={search_term_string}\"},\"query-input\":{\"@type\":\"PropertyValueSpecification\",\"valueRequired\":true,\"valueName\":\"search_term_string\"}}],\"inLanguage\":\"sk-SK\"},{\"@type\":[\"Person\",\"Organization\"],\"@id\":\"https:\/\/betoff.eu\/#\/schema\/person\/cded67f1acad0c68af8dcc171137512c\",\"name\":\"admin\",\"image\":{\"@type\":\"ImageObject\",\"inLanguage\":\"sk-SK\",\"@id\":\"https:\/\/betoff.eu\/#\/schema\/person\/image\/\",\"url\":\"https:\/\/betoff.eu\/wp-content\/uploads\/2021\/02\/betoff-logo.png\",\"contentUrl\":\"https:\/\/betoff.eu\/wp-content\/uploads\/2021\/02\/betoff-logo.png\",\"width\":1024,\"height\":258,\"caption\":\"admin\"},\"logo\":{\"@id\":\"https:\/\/betoff.eu\/#\/schema\/person\/image\/\"}}]}<\/script>\n<!-- \/ Yoast SEO plugin. -->","yoast_head_json":{"title":"BETOFF (koncentr\u00e1t) - 1L - Kvapalina na rozp\u00fa\u0161\u0165anie vysu\u0161en\u00e9ho bet\u00f3nu - BETOFF-Produkty pre svet bet\u00f3nu aj mimo neho!","description":"Kvapalina na rozp\u00fa\u0161\u0165anie vysu\u0161en\u00e9ho bet\u00f3nu. R\u00fdchlo p\u00f4sobiaca kvapalina, ktor\u00e1 \u00fa\u010dinne odstra\u0148uje aj star\u00e9 bet\u00f3nov\u00e9 ne\u010distoty. Skontrolujte jeho fungovanie e\u0161te dnes!","robots":{"index":"index","follow":"follow","max-snippet":"max-snippet:-1","max-image-preview":"max-image-preview:large","max-video-preview":"max-video-preview:-1"},"canonical":"https:\/\/betoff.eu\/sk\/produkt\/betoff-koncentrat-1l-kvapalina-na-rozpustanie-vysuseneho-betonu\/","og_locale":"sk_SK","og_type":"article","og_title":"BETOFF (koncentr\u00e1t) - 1L - Kvapalina na rozp\u00fa\u0161\u0165anie vysu\u0161en\u00e9ho bet\u00f3nu - BETOFF-Produkty pre svet bet\u00f3nu aj mimo neho!","og_description":"Kvapalina na rozp\u00fa\u0161\u0165anie vysu\u0161en\u00e9ho bet\u00f3nu. R\u00fdchlo p\u00f4sobiaca kvapalina, ktor\u00e1 \u00fa\u010dinne odstra\u0148uje aj star\u00e9 bet\u00f3nov\u00e9 ne\u010distoty. Skontrolujte jeho fungovanie e\u0161te dnes!","og_url":"https:\/\/betoff.eu\/sk\/produkt\/betoff-koncentrat-1l-kvapalina-na-rozpustanie-vysuseneho-betonu\/","og_site_name":"BETOFF-Produkty pre svet bet\u00f3nu aj mimo neho!","article_modified_time":"2024-04-24T07:27:19+00:00","og_image":[{"width":1530,"height":2080,"url":"https:\/\/betoff.eu\/wp-content\/uploads\/2024\/04\/betoff-1l-new-sk.png","type":"image\/png"}],"twitter_card":"summary_large_image","twitter_misc":{"Predpokladan\u00fd \u010das \u010d\u00edtania":"1 min\u00fata"},"schema":{"@context":"https:\/\/schema.org","@graph":[{"@type":"WebPage","@id":"https:\/\/betoff.eu\/sk\/produkt\/betoff-koncentrat-1l-kvapalina-na-rozpustanie-vysuseneho-betonu\/","url":"https:\/\/betoff.eu\/sk\/produkt\/betoff-koncentrat-1l-kvapalina-na-rozpustanie-vysuseneho-betonu\/","name":"BETOFF (koncentr\u00e1t) - 1L - Kvapalina na rozp\u00fa\u0161\u0165anie vysu\u0161en\u00e9ho bet\u00f3nu - BETOFF-Produkty pre svet bet\u00f3nu aj mimo neho!","isPartOf":{"@id":"https:\/\/betoff.eu\/#website"},"primaryImageOfPage":{"@id":"https:\/\/betoff.eu\/sk\/produkt\/betoff-koncentrat-1l-kvapalina-na-rozpustanie-vysuseneho-betonu\/#primaryimage"},"image":{"@id":"https:\/\/betoff.eu\/sk\/produkt\/betoff-koncentrat-1l-kvapalina-na-rozpustanie-vysuseneho-betonu\/#primaryimage"},"thumbnailUrl":"https:\/\/betoff.eu\/wp-content\/uploads\/2024\/04\/betoff-1l-new-sk.png","datePublished":"2024-04-24T07:19:29+00:00","dateModified":"2024-04-24T07:27:19+00:00","description":"Kvapalina na rozp\u00fa\u0161\u0165anie vysu\u0161en\u00e9ho bet\u00f3nu. R\u00fdchlo p\u00f4sobiaca kvapalina, ktor\u00e1 \u00fa\u010dinne odstra\u0148uje aj star\u00e9 bet\u00f3nov\u00e9 ne\u010distoty. Skontrolujte jeho fungovanie e\u0161te dnes!","breadcrumb":{"@id":"https:\/\/betoff.eu\/sk\/produkt\/betoff-koncentrat-1l-kvapalina-na-rozpustanie-vysuseneho-betonu\/#breadcrumb"},"inLanguage":"sk-SK","potentialAction":[{"@type":"ReadAction","target":["https:\/\/betoff.eu\/sk\/produkt\/betoff-koncentrat-1l-kvapalina-na-rozpustanie-vysuseneho-betonu\/"]}]},{"@type":"ImageObject","inLanguage":"sk-SK","@id":"https:\/\/betoff.eu\/sk\/produkt\/betoff-koncentrat-1l-kvapalina-na-rozpustanie-vysuseneho-betonu\/#primaryimage","url":"https:\/\/betoff.eu\/wp-content\/uploads\/2024\/04\/betoff-1l-new-sk.png","contentUrl":"https:\/\/betoff.eu\/wp-content\/uploads\/2024\/04\/betoff-1l-new-sk.png","width":1530,"height":2080},{"@type":"BreadcrumbList","@id":"https:\/\/betoff.eu\/sk\/produkt\/betoff-koncentrat-1l-kvapalina-na-rozpustanie-vysuseneho-betonu\/#breadcrumb","itemListElement":[{"@type":"ListItem","position":1,"name":"Hem","item":"https:\/\/betoff.eu\/sk\/"},{"@type":"ListItem","position":2,"name":"Shop","item":"https:\/\/betoff.eu\/pl\/sklep-2\/"},{"@type":"ListItem","position":3,"name":"BETOFF (koncentr\u00e1t) &#8211; 1L &#8211; Kvapalina na rozp\u00fa\u0161\u0165anie vysu\u0161en\u00e9ho bet\u00f3nu"}]},{"@type":"WebSite","@id":"https:\/\/betoff.eu\/#website","url":"https:\/\/betoff.eu\/","name":"BETOFF-Products for the world of concrete and beyond!","description":"Betoff - Kvapalina na odstra\u0148ovanie bet\u00f3nu","publisher":{"@id":"https:\/\/betoff.eu\/#\/schema\/person\/cded67f1acad0c68af8dcc171137512c"},"potentialAction":[{"@type":"SearchAction","target":{"@type":"EntryPoint","urlTemplate":"https:\/\/betoff.eu\/?s={search_term_string}"},"query-input":{"@type":"PropertyValueSpecification","valueRequired":true,"valueName":"search_term_string"}}],"inLanguage":"sk-SK"},{"@type":["Person","Organization"],"@id":"https:\/\/betoff.eu\/#\/schema\/person\/cded67f1acad0c68af8dcc171137512c","name":"admin","image":{"@type":"ImageObject","inLanguage":"sk-SK","@id":"https:\/\/betoff.eu\/#\/schema\/person\/image\/","url":"https:\/\/betoff.eu\/wp-content\/uploads\/2021\/02\/betoff-logo.png","contentUrl":"https:\/\/betoff.eu\/wp-content\/uploads\/2021\/02\/betoff-logo.png","width":1024,"height":258,"caption":"admin"},"logo":{"@id":"https:\/\/betoff.eu\/#\/schema\/person\/image\/"}}]}},"_links":{"self":[{"href":"https:\/\/betoff.eu\/sk\/wp-json\/wp\/v2\/product\/3522","targetHints":{"allow":["GET"]}}],"collection":[{"href":"https:\/\/betoff.eu\/sk\/wp-json\/wp\/v2\/product"}],"about":[{"href":"https:\/\/betoff.eu\/sk\/wp-json\/wp\/v2\/types\/product"}],"wp:featuredmedia":[{"embeddable":true,"href":"https:\/\/betoff.eu\/sk\/wp-json\/wp\/v2\/media\/3474"}],"wp:attachment":[{"href":"https:\/\/betoff.eu\/sk\/wp-json\/wp\/v2\/media?parent=3522"}],"wp:term":[{"taxonomy":"product_brand","embeddable":true,"href":"https:\/\/betoff.eu\/sk\/wp-json\/wp\/v2\/product_brand?post=3522"},{"taxonomy":"product_cat","embeddable":true,"href":"https:\/\/betoff.eu\/sk\/wp-json\/wp\/v2\/product_cat?post=3522"},{"taxonomy":"product_tag","embeddable":true,"href":"https:\/\/betoff.eu\/sk\/wp-json\/wp\/v2\/product_tag?post=3522"}],"curies":[{"name":"wp","href":"https:\/\/api.w.org\/{rel}","templated":true}]}}