{"id":14126,"date":"2024-06-21T20:28:06","date_gmt":"2024-06-21T18:28:06","guid":{"rendered":"https:\/\/betoff.eu\/?page_id=14126"},"modified":"2024-06-22T08:31:53","modified_gmt":"2024-06-22T06:31:53","slug":"vratenie-tovaru-a-reklamacie","status":"publish","type":"page","link":"https:\/\/betoff.eu\/sk\/vratenie-tovaru-a-reklamacie\/","title":{"rendered":"Vr\u00e1tenie tovaru a reklam\u00e1cie"},"content":{"rendered":"\n\n\n<p>Vr\u00e1tenie tovaru a reklam\u00e1cie:<br>Reklam\u00e1ciu tekutiny zak\u00fapenej v internetovom obchode betoff.eu je mo\u017en\u00e9 uplatni\u0165 iba e-mailom, na adresu: betoff@betoff.eu Uve\u010fte pros\u00edm \u010d\u00edslo objedn\u00e1vky vygenerovan\u00e9 pri n\u00e1kupe, ako aj d\u00f4vod, pre ktor\u00fd ste si vybrali na vr\u00e1tenie produktu.<\/p>\n\n\n\n<p>V\u00fdrobok mus\u00ed by\u0165 z v\u00fdroby zape\u010daten\u00fd. Po vr\u00e1ten\u00ed produktu k n\u00e1m d\u00f4jde k jeho overeniu a n\u00e1sledne, ak nedo\u0161lo k poru\u0161eniu uz\u00e1veru, vr\u00e1time sumu, za ktor\u00fa bol produkt zak\u00fapen\u00fd. Z\u00e1kazn\u00edk m\u00e1 pr\u00e1vo vr\u00e1ti\u0165 tovar do 14 dn\u00ed od d\u00e1tumu n\u00e1kupu.<\/p>\n\n\n\n<p>Reklam\u00e1cia bude vybaven\u00e1 do 5 pracovn\u00fdch dn\u00ed odo d\u0148a prijatia. Najprv bude s\u0165a\u017enos\u0165 pre\u010d\u00edtan\u00e1 a pos\u00faden\u00e1 pod\u013ea jej podstaty. N\u00e1sledne sa vypracuje formul\u00e1r obsahuj\u00faci va\u0161e \u00fadaje a d\u00f4vod reklam\u00e1cie, ktor\u00fd uvediete v e-maile, ktor\u00fd n\u00e1m po\u0161lete. Z\u00e1kazn\u00edk dostane sp\u00e4tn\u00fd e-mail s vyplnen\u00fdm formul\u00e1rom, ktor\u00fd podp\u00ed\u0161e a vr\u00e1ti.<\/p>\n","protected":false},"excerpt":{"rendered":"<p>Vr\u00e1tenie tovaru a reklam\u00e1cie:Reklam\u00e1ciu tekutiny zak\u00fapenej v internetovom obchode betoff.eu je mo\u017en\u00e9 uplatni\u0165 iba e-mailom, na adresu: betoff@betoff.eu Uve\u010fte pros\u00edm \u010d\u00edslo objedn\u00e1vky vygenerovan\u00e9 pri n\u00e1kupe, ako aj d\u00f4vod, pre ktor\u00fd ste si vybrali na vr\u00e1tenie produktu. V\u00fdrobok mus\u00ed by\u0165 z v\u00fdroby zape\u010daten\u00fd. Po vr\u00e1ten\u00ed produktu k n\u00e1m d\u00f4jde k jeho overeniu a n\u00e1sledne, ak nedo\u0161lo [&#8230;]\n","protected":false},"author":1,"featured_media":0,"parent":0,"menu_order":0,"comment_status":"closed","ping_status":"closed","template":"","meta":{"om_disable_all_campaigns":false,"footnotes":""},"class_list":["post-14126","page","type-page","status-publish","hentry"],"yoast_head":"<!-- This site is optimized with the Yoast SEO plugin v25.9 - https:\/\/yoast.com\/wordpress\/plugins\/seo\/ -->\n<title>Vr\u00e1tenie tovaru a reklam\u00e1cie - BETOFF-Produkty pre svet bet\u00f3nu aj mimo neho!<\/title>\n<meta name=\"robots\" content=\"index, follow, max-snippet:-1, max-image-preview:large, max-video-preview:-1\" \/>\n<link rel=\"canonical\" href=\"https:\/\/betoff.eu\/sk\/vratenie-tovaru-a-reklamacie\/\" \/>\n<meta property=\"og:locale\" content=\"sk_SK\" \/>\n<meta property=\"og:type\" content=\"article\" \/>\n<meta property=\"og:title\" content=\"Vr\u00e1tenie tovaru a reklam\u00e1cie - BETOFF-Produkty pre svet bet\u00f3nu aj mimo neho!\" \/>\n<meta property=\"og:description\" content=\"Vr\u00e1tenie tovaru a reklam\u00e1cie:Reklam\u00e1ciu tekutiny zak\u00fapenej v internetovom obchode betoff.eu je mo\u017en\u00e9 uplatni\u0165 iba e-mailom, na adresu: betoff@betoff.eu Uve\u010fte pros\u00edm \u010d\u00edslo objedn\u00e1vky vygenerovan\u00e9 pri n\u00e1kupe, ako aj d\u00f4vod, pre ktor\u00fd ste si vybrali na vr\u00e1tenie produktu. V\u00fdrobok mus\u00ed by\u0165 z v\u00fdroby zape\u010daten\u00fd. Po vr\u00e1ten\u00ed produktu k n\u00e1m d\u00f4jde k jeho overeniu a n\u00e1sledne, ak nedo\u0161lo [...]\" \/>\n<meta property=\"og:url\" content=\"https:\/\/betoff.eu\/sk\/vratenie-tovaru-a-reklamacie\/\" \/>\n<meta property=\"og:site_name\" content=\"BETOFF-Produkty pre svet bet\u00f3nu aj mimo neho!\" \/>\n<meta property=\"article:modified_time\" content=\"2024-06-22T06:31:53+00:00\" \/>\n<meta name=\"twitter:card\" content=\"summary_large_image\" \/>\n<meta name=\"twitter:label1\" content=\"Predpokladan\u00fd \u010das \u010d\u00edtania\" \/>\n\t<meta name=\"twitter:data1\" content=\"1 min\u00fata\" \/>\n<script type=\"application\/ld+json\" class=\"yoast-schema-graph\">{\"@context\":\"https:\/\/schema.org\",\"@graph\":[{\"@type\":\"WebPage\",\"@id\":\"https:\/\/betoff.eu\/sk\/vratenie-tovaru-a-reklamacie\/\",\"url\":\"https:\/\/betoff.eu\/sk\/vratenie-tovaru-a-reklamacie\/\",\"name\":\"Vr\u00e1tenie tovaru a reklam\u00e1cie - BETOFF-Produkty pre svet bet\u00f3nu aj mimo neho!\",\"isPartOf\":{\"@id\":\"https:\/\/betoff.eu\/#website\"},\"datePublished\":\"2024-06-21T18:28:06+00:00\",\"dateModified\":\"2024-06-22T06:31:53+00:00\",\"breadcrumb\":{\"@id\":\"https:\/\/betoff.eu\/sk\/vratenie-tovaru-a-reklamacie\/#breadcrumb\"},\"inLanguage\":\"sk-SK\",\"potentialAction\":[{\"@type\":\"ReadAction\",\"target\":[\"https:\/\/betoff.eu\/sk\/vratenie-tovaru-a-reklamacie\/\"]}]},{\"@type\":\"BreadcrumbList\",\"@id\":\"https:\/\/betoff.eu\/sk\/vratenie-tovaru-a-reklamacie\/#breadcrumb\",\"itemListElement\":[{\"@type\":\"ListItem\",\"position\":1,\"name\":\"Hem\",\"item\":\"https:\/\/betoff.eu\/sk\/\"},{\"@type\":\"ListItem\",\"position\":2,\"name\":\"Vr\u00e1tenie tovaru a reklam\u00e1cie\"}]},{\"@type\":\"WebSite\",\"@id\":\"https:\/\/betoff.eu\/#website\",\"url\":\"https:\/\/betoff.eu\/\",\"name\":\"BETOFF-Products for the world of concrete and beyond!\",\"description\":\"Betoff - Kvapalina na odstra\u0148ovanie bet\u00f3nu\",\"publisher\":{\"@id\":\"https:\/\/betoff.eu\/#\/schema\/person\/cded67f1acad0c68af8dcc171137512c\"},\"potentialAction\":[{\"@type\":\"SearchAction\",\"target\":{\"@type\":\"EntryPoint\",\"urlTemplate\":\"https:\/\/betoff.eu\/?s={search_term_string}\"},\"query-input\":{\"@type\":\"PropertyValueSpecification\",\"valueRequired\":true,\"valueName\":\"search_term_string\"}}],\"inLanguage\":\"sk-SK\"},{\"@type\":[\"Person\",\"Organization\"],\"@id\":\"https:\/\/betoff.eu\/#\/schema\/person\/cded67f1acad0c68af8dcc171137512c\",\"name\":\"admin\",\"image\":{\"@type\":\"ImageObject\",\"inLanguage\":\"sk-SK\",\"@id\":\"https:\/\/betoff.eu\/#\/schema\/person\/image\/\",\"url\":\"https:\/\/betoff.eu\/wp-content\/uploads\/2021\/02\/betoff-logo.png\",\"contentUrl\":\"https:\/\/betoff.eu\/wp-content\/uploads\/2021\/02\/betoff-logo.png\",\"width\":1024,\"height\":258,\"caption\":\"admin\"},\"logo\":{\"@id\":\"https:\/\/betoff.eu\/#\/schema\/person\/image\/\"}}]}<\/script>\n<!-- \/ Yoast SEO plugin. -->","yoast_head_json":{"title":"Vr\u00e1tenie tovaru a reklam\u00e1cie - BETOFF-Produkty pre svet bet\u00f3nu aj mimo neho!","robots":{"index":"index","follow":"follow","max-snippet":"max-snippet:-1","max-image-preview":"max-image-preview:large","max-video-preview":"max-video-preview:-1"},"canonical":"https:\/\/betoff.eu\/sk\/vratenie-tovaru-a-reklamacie\/","og_locale":"sk_SK","og_type":"article","og_title":"Vr\u00e1tenie tovaru a reklam\u00e1cie - BETOFF-Produkty pre svet bet\u00f3nu aj mimo neho!","og_description":"Vr\u00e1tenie tovaru a reklam\u00e1cie:Reklam\u00e1ciu tekutiny zak\u00fapenej v internetovom obchode betoff.eu je mo\u017en\u00e9 uplatni\u0165 iba e-mailom, na adresu: betoff@betoff.eu Uve\u010fte pros\u00edm \u010d\u00edslo objedn\u00e1vky vygenerovan\u00e9 pri n\u00e1kupe, ako aj d\u00f4vod, pre ktor\u00fd ste si vybrali na vr\u00e1tenie produktu. V\u00fdrobok mus\u00ed by\u0165 z v\u00fdroby zape\u010daten\u00fd. Po vr\u00e1ten\u00ed produktu k n\u00e1m d\u00f4jde k jeho overeniu a n\u00e1sledne, ak nedo\u0161lo [...]","og_url":"https:\/\/betoff.eu\/sk\/vratenie-tovaru-a-reklamacie\/","og_site_name":"BETOFF-Produkty pre svet bet\u00f3nu aj mimo neho!","article_modified_time":"2024-06-22T06:31:53+00:00","twitter_card":"summary_large_image","twitter_misc":{"Predpokladan\u00fd \u010das \u010d\u00edtania":"1 min\u00fata"},"schema":{"@context":"https:\/\/schema.org","@graph":[{"@type":"WebPage","@id":"https:\/\/betoff.eu\/sk\/vratenie-tovaru-a-reklamacie\/","url":"https:\/\/betoff.eu\/sk\/vratenie-tovaru-a-reklamacie\/","name":"Vr\u00e1tenie tovaru a reklam\u00e1cie - BETOFF-Produkty pre svet bet\u00f3nu aj mimo neho!","isPartOf":{"@id":"https:\/\/betoff.eu\/#website"},"datePublished":"2024-06-21T18:28:06+00:00","dateModified":"2024-06-22T06:31:53+00:00","breadcrumb":{"@id":"https:\/\/betoff.eu\/sk\/vratenie-tovaru-a-reklamacie\/#breadcrumb"},"inLanguage":"sk-SK","potentialAction":[{"@type":"ReadAction","target":["https:\/\/betoff.eu\/sk\/vratenie-tovaru-a-reklamacie\/"]}]},{"@type":"BreadcrumbList","@id":"https:\/\/betoff.eu\/sk\/vratenie-tovaru-a-reklamacie\/#breadcrumb","itemListElement":[{"@type":"ListItem","position":1,"name":"Hem","item":"https:\/\/betoff.eu\/sk\/"},{"@type":"ListItem","position":2,"name":"Vr\u00e1tenie tovaru a reklam\u00e1cie"}]},{"@type":"WebSite","@id":"https:\/\/betoff.eu\/#website","url":"https:\/\/betoff.eu\/","name":"BETOFF-Products for the world of concrete and beyond!","description":"Betoff - Kvapalina na odstra\u0148ovanie bet\u00f3nu","publisher":{"@id":"https:\/\/betoff.eu\/#\/schema\/person\/cded67f1acad0c68af8dcc171137512c"},"potentialAction":[{"@type":"SearchAction","target":{"@type":"EntryPoint","urlTemplate":"https:\/\/betoff.eu\/?s={search_term_string}"},"query-input":{"@type":"PropertyValueSpecification","valueRequired":true,"valueName":"search_term_string"}}],"inLanguage":"sk-SK"},{"@type":["Person","Organization"],"@id":"https:\/\/betoff.eu\/#\/schema\/person\/cded67f1acad0c68af8dcc171137512c","name":"admin","image":{"@type":"ImageObject","inLanguage":"sk-SK","@id":"https:\/\/betoff.eu\/#\/schema\/person\/image\/","url":"https:\/\/betoff.eu\/wp-content\/uploads\/2021\/02\/betoff-logo.png","contentUrl":"https:\/\/betoff.eu\/wp-content\/uploads\/2021\/02\/betoff-logo.png","width":1024,"height":258,"caption":"admin"},"logo":{"@id":"https:\/\/betoff.eu\/#\/schema\/person\/image\/"}}]}},"_links":{"self":[{"href":"https:\/\/betoff.eu\/sk\/wp-json\/wp\/v2\/pages\/14126","targetHints":{"allow":["GET"]}}],"collection":[{"href":"https:\/\/betoff.eu\/sk\/wp-json\/wp\/v2\/pages"}],"about":[{"href":"https:\/\/betoff.eu\/sk\/wp-json\/wp\/v2\/types\/page"}],"author":[{"embeddable":true,"href":"https:\/\/betoff.eu\/sk\/wp-json\/wp\/v2\/users\/1"}],"replies":[{"embeddable":true,"href":"https:\/\/betoff.eu\/sk\/wp-json\/wp\/v2\/comments?post=14126"}],"version-history":[{"count":0,"href":"https:\/\/betoff.eu\/sk\/wp-json\/wp\/v2\/pages\/14126\/revisions"}],"wp:attachment":[{"href":"https:\/\/betoff.eu\/sk\/wp-json\/wp\/v2\/media?parent=14126"}],"curies":[{"name":"wp","href":"https:\/\/api.w.org\/{rel}","templated":true}]}}