{"id":14051,"date":"2024-06-21T20:23:57","date_gmt":"2024-06-21T18:23:57","guid":{"rendered":"https:\/\/betoff.eu\/?page_id=14051"},"modified":"2024-06-21T20:23:59","modified_gmt":"2024-06-21T18:23:59","slug":"pravidla-online-nakupovania","status":"publish","type":"page","link":"https:\/\/betoff.eu\/sk\/pravidla-online-nakupovania\/","title":{"rendered":"Pravidl\u00e1 online nakupovania"},"content":{"rendered":"\n\n\n<p>Tieto predpisy stanovuj\u00fa podmienky na vykonanie<br>nakupovanie v internetovom obchode betoff.eu<\/p>\n\n\n\n<p>Pred\u00e1vaj\u00facim je Innovachem Krystian Grzyb z<br>so s\u00eddlom vo Var\u0161ave na ul. \u0160armacka 21.8<br>(NIP 762-176-43-06).<\/p>\n\n\n\n<p>Objedn\u00e1vky je mo\u017en\u00e9 zad\u00e1va\u0165 v internetovom obchode betoix.pl<br>odo\u0161lite 24 hod\u00edn denne a zaregistrujte sa tu<br>Obchod je \u00faplne bezplatn\u00fd a dobrovo\u013en\u00fd. V obchode<br>objedn\u00e1vky je mo\u017en\u00e9 vykona\u0165 online na str\u00e1nke betoix.pl<br>len dospel\u00fdm, ktor\u00ed maj\u00fa pln\u00fa<br>pr\u00e1vnu sp\u00f4sobilos\u0165 uzatv\u00e1ra\u0165 zmluvy<br>zmluva o k\u00fape tovaru a slu\u017eieb.<\/p>\n\n\n\n<p>Inform\u00e1cie uveden\u00e9 na str\u00e1nke obchodu nie s\u00fa<br>predstavuj\u00fa ponuky v zmysle uvedenom v Ob\u010dianskom z\u00e1konn\u00edku.<br>Zadanie objedn\u00e1vky sa pova\u017euje za ponuku na k\u00fapu<br>vybran\u00fd tovar za podmienok uveden\u00fdch v<br>Popis produktu.<\/p>\n\n\n\n<p>Objedn\u00e1vka je potvrden\u00e1 prostredn\u00edctvom e-mailu<br>Predajcu odoslan\u00edm spr\u00e1vy e-mailom<br>elektronick\u00e9. Objedn\u00e1vka je spracovan\u00e1 po<br>zaevidova\u0165 platbu za tovar uveden\u00fd v<br>objedna\u0165.<\/p>\n\n\n\n<p>Tovar je zasielan\u00fd na adresu uveden\u00fa v objedn\u00e1vke<br>Kupuj\u00faci do 2-3 pracovn\u00fdch dn\u00ed od d\u00e1tumu<br>zasla\u0165 platbu na \u00fa\u010det pred\u00e1vaj\u00faceho.<\/p>\n\n\n\n<p>Produkty pon\u00fakan\u00e9 v internetovom obchode s\u00fa leg\u00e1lne<br>uveden\u00fd na po\u013esk\u00fd trh, \u00faplne nov\u00fd a<br>bez pr\u00e1vnych a fyzick\u00fdch nedostatkov<\/p>\n","protected":false},"excerpt":{"rendered":"<p>Tieto predpisy stanovuj\u00fa podmienky na vykonanienakupovanie v internetovom obchode betoff.eu Pred\u00e1vaj\u00facim je Innovachem Krystian Grzyb zso s\u00eddlom vo Var\u0161ave na ul. \u0160armacka 21.8(NIP 762-176-43-06). Objedn\u00e1vky je mo\u017en\u00e9 zad\u00e1va\u0165 v internetovom obchode betoix.plodo\u0161lite 24 hod\u00edn denne a zaregistrujte sa tuObchod je \u00faplne bezplatn\u00fd a dobrovo\u013en\u00fd. V obchodeobjedn\u00e1vky je mo\u017en\u00e9 vykona\u0165 online na str\u00e1nke betoix.pllen dospel\u00fdm, ktor\u00ed [&#8230;]\n","protected":false},"author":1,"featured_media":0,"parent":0,"menu_order":0,"comment_status":"closed","ping_status":"closed","template":"","meta":{"om_disable_all_campaigns":false,"footnotes":""},"class_list":["post-14051","page","type-page","status-publish","hentry"],"yoast_head":"<!-- This site is optimized with the Yoast SEO plugin v25.9 - https:\/\/yoast.com\/wordpress\/plugins\/seo\/ -->\n<title>Pravidl\u00e1 online nakupovania - BETOFF-Produkty pre svet bet\u00f3nu aj mimo neho!<\/title>\n<meta name=\"robots\" content=\"index, follow, max-snippet:-1, max-image-preview:large, max-video-preview:-1\" \/>\n<link rel=\"canonical\" href=\"https:\/\/betoff.eu\/sk\/pravidla-online-nakupovania\/\" \/>\n<meta property=\"og:locale\" content=\"sk_SK\" \/>\n<meta property=\"og:type\" content=\"article\" \/>\n<meta property=\"og:title\" content=\"Pravidl\u00e1 online nakupovania - BETOFF-Produkty pre svet bet\u00f3nu aj mimo neho!\" \/>\n<meta property=\"og:description\" content=\"Tieto predpisy stanovuj\u00fa podmienky na vykonanienakupovanie v internetovom obchode betoff.eu Pred\u00e1vaj\u00facim je Innovachem Krystian Grzyb zso s\u00eddlom vo Var\u0161ave na ul. \u0160armacka 21.8(NIP 762-176-43-06). Objedn\u00e1vky je mo\u017en\u00e9 zad\u00e1va\u0165 v internetovom obchode betoix.plodo\u0161lite 24 hod\u00edn denne a zaregistrujte sa tuObchod je \u00faplne bezplatn\u00fd a dobrovo\u013en\u00fd. V obchodeobjedn\u00e1vky je mo\u017en\u00e9 vykona\u0165 online na str\u00e1nke betoix.pllen dospel\u00fdm, ktor\u00ed [...]\" \/>\n<meta property=\"og:url\" content=\"https:\/\/betoff.eu\/sk\/pravidla-online-nakupovania\/\" \/>\n<meta property=\"og:site_name\" content=\"BETOFF-Produkty pre svet bet\u00f3nu aj mimo neho!\" \/>\n<meta property=\"article:modified_time\" content=\"2024-06-21T18:23:59+00:00\" \/>\n<meta name=\"twitter:card\" content=\"summary_large_image\" \/>\n<meta name=\"twitter:label1\" content=\"Predpokladan\u00fd \u010das \u010d\u00edtania\" \/>\n\t<meta name=\"twitter:data1\" content=\"1 min\u00fata\" \/>\n<script type=\"application\/ld+json\" class=\"yoast-schema-graph\">{\"@context\":\"https:\/\/schema.org\",\"@graph\":[{\"@type\":\"WebPage\",\"@id\":\"https:\/\/betoff.eu\/sk\/pravidla-online-nakupovania\/\",\"url\":\"https:\/\/betoff.eu\/sk\/pravidla-online-nakupovania\/\",\"name\":\"Pravidl\u00e1 online nakupovania - BETOFF-Produkty pre svet bet\u00f3nu aj mimo neho!\",\"isPartOf\":{\"@id\":\"https:\/\/betoff.eu\/#website\"},\"datePublished\":\"2024-06-21T18:23:57+00:00\",\"dateModified\":\"2024-06-21T18:23:59+00:00\",\"breadcrumb\":{\"@id\":\"https:\/\/betoff.eu\/sk\/pravidla-online-nakupovania\/#breadcrumb\"},\"inLanguage\":\"sk-SK\",\"potentialAction\":[{\"@type\":\"ReadAction\",\"target\":[\"https:\/\/betoff.eu\/sk\/pravidla-online-nakupovania\/\"]}]},{\"@type\":\"BreadcrumbList\",\"@id\":\"https:\/\/betoff.eu\/sk\/pravidla-online-nakupovania\/#breadcrumb\",\"itemListElement\":[{\"@type\":\"ListItem\",\"position\":1,\"name\":\"Hem\",\"item\":\"https:\/\/betoff.eu\/sk\/\"},{\"@type\":\"ListItem\",\"position\":2,\"name\":\"Pravidl\u00e1 online nakupovania\"}]},{\"@type\":\"WebSite\",\"@id\":\"https:\/\/betoff.eu\/#website\",\"url\":\"https:\/\/betoff.eu\/\",\"name\":\"BETOFF-Products for the world of concrete and beyond!\",\"description\":\"Betoff - Kvapalina na odstra\u0148ovanie bet\u00f3nu\",\"publisher\":{\"@id\":\"https:\/\/betoff.eu\/#\/schema\/person\/cded67f1acad0c68af8dcc171137512c\"},\"potentialAction\":[{\"@type\":\"SearchAction\",\"target\":{\"@type\":\"EntryPoint\",\"urlTemplate\":\"https:\/\/betoff.eu\/?s={search_term_string}\"},\"query-input\":{\"@type\":\"PropertyValueSpecification\",\"valueRequired\":true,\"valueName\":\"search_term_string\"}}],\"inLanguage\":\"sk-SK\"},{\"@type\":[\"Person\",\"Organization\"],\"@id\":\"https:\/\/betoff.eu\/#\/schema\/person\/cded67f1acad0c68af8dcc171137512c\",\"name\":\"admin\",\"image\":{\"@type\":\"ImageObject\",\"inLanguage\":\"sk-SK\",\"@id\":\"https:\/\/betoff.eu\/#\/schema\/person\/image\/\",\"url\":\"https:\/\/betoff.eu\/wp-content\/uploads\/2021\/02\/betoff-logo.png\",\"contentUrl\":\"https:\/\/betoff.eu\/wp-content\/uploads\/2021\/02\/betoff-logo.png\",\"width\":1024,\"height\":258,\"caption\":\"admin\"},\"logo\":{\"@id\":\"https:\/\/betoff.eu\/#\/schema\/person\/image\/\"}}]}<\/script>\n<!-- \/ Yoast SEO plugin. -->","yoast_head_json":{"title":"Pravidl\u00e1 online nakupovania - BETOFF-Produkty pre svet bet\u00f3nu aj mimo neho!","robots":{"index":"index","follow":"follow","max-snippet":"max-snippet:-1","max-image-preview":"max-image-preview:large","max-video-preview":"max-video-preview:-1"},"canonical":"https:\/\/betoff.eu\/sk\/pravidla-online-nakupovania\/","og_locale":"sk_SK","og_type":"article","og_title":"Pravidl\u00e1 online nakupovania - BETOFF-Produkty pre svet bet\u00f3nu aj mimo neho!","og_description":"Tieto predpisy stanovuj\u00fa podmienky na vykonanienakupovanie v internetovom obchode betoff.eu Pred\u00e1vaj\u00facim je Innovachem Krystian Grzyb zso s\u00eddlom vo Var\u0161ave na ul. \u0160armacka 21.8(NIP 762-176-43-06). Objedn\u00e1vky je mo\u017en\u00e9 zad\u00e1va\u0165 v internetovom obchode betoix.plodo\u0161lite 24 hod\u00edn denne a zaregistrujte sa tuObchod je \u00faplne bezplatn\u00fd a dobrovo\u013en\u00fd. V obchodeobjedn\u00e1vky je mo\u017en\u00e9 vykona\u0165 online na str\u00e1nke betoix.pllen dospel\u00fdm, ktor\u00ed [...]","og_url":"https:\/\/betoff.eu\/sk\/pravidla-online-nakupovania\/","og_site_name":"BETOFF-Produkty pre svet bet\u00f3nu aj mimo neho!","article_modified_time":"2024-06-21T18:23:59+00:00","twitter_card":"summary_large_image","twitter_misc":{"Predpokladan\u00fd \u010das \u010d\u00edtania":"1 min\u00fata"},"schema":{"@context":"https:\/\/schema.org","@graph":[{"@type":"WebPage","@id":"https:\/\/betoff.eu\/sk\/pravidla-online-nakupovania\/","url":"https:\/\/betoff.eu\/sk\/pravidla-online-nakupovania\/","name":"Pravidl\u00e1 online nakupovania - BETOFF-Produkty pre svet bet\u00f3nu aj mimo neho!","isPartOf":{"@id":"https:\/\/betoff.eu\/#website"},"datePublished":"2024-06-21T18:23:57+00:00","dateModified":"2024-06-21T18:23:59+00:00","breadcrumb":{"@id":"https:\/\/betoff.eu\/sk\/pravidla-online-nakupovania\/#breadcrumb"},"inLanguage":"sk-SK","potentialAction":[{"@type":"ReadAction","target":["https:\/\/betoff.eu\/sk\/pravidla-online-nakupovania\/"]}]},{"@type":"BreadcrumbList","@id":"https:\/\/betoff.eu\/sk\/pravidla-online-nakupovania\/#breadcrumb","itemListElement":[{"@type":"ListItem","position":1,"name":"Hem","item":"https:\/\/betoff.eu\/sk\/"},{"@type":"ListItem","position":2,"name":"Pravidl\u00e1 online nakupovania"}]},{"@type":"WebSite","@id":"https:\/\/betoff.eu\/#website","url":"https:\/\/betoff.eu\/","name":"BETOFF-Products for the world of concrete and beyond!","description":"Betoff - Kvapalina na odstra\u0148ovanie bet\u00f3nu","publisher":{"@id":"https:\/\/betoff.eu\/#\/schema\/person\/cded67f1acad0c68af8dcc171137512c"},"potentialAction":[{"@type":"SearchAction","target":{"@type":"EntryPoint","urlTemplate":"https:\/\/betoff.eu\/?s={search_term_string}"},"query-input":{"@type":"PropertyValueSpecification","valueRequired":true,"valueName":"search_term_string"}}],"inLanguage":"sk-SK"},{"@type":["Person","Organization"],"@id":"https:\/\/betoff.eu\/#\/schema\/person\/cded67f1acad0c68af8dcc171137512c","name":"admin","image":{"@type":"ImageObject","inLanguage":"sk-SK","@id":"https:\/\/betoff.eu\/#\/schema\/person\/image\/","url":"https:\/\/betoff.eu\/wp-content\/uploads\/2021\/02\/betoff-logo.png","contentUrl":"https:\/\/betoff.eu\/wp-content\/uploads\/2021\/02\/betoff-logo.png","width":1024,"height":258,"caption":"admin"},"logo":{"@id":"https:\/\/betoff.eu\/#\/schema\/person\/image\/"}}]}},"_links":{"self":[{"href":"https:\/\/betoff.eu\/sk\/wp-json\/wp\/v2\/pages\/14051","targetHints":{"allow":["GET"]}}],"collection":[{"href":"https:\/\/betoff.eu\/sk\/wp-json\/wp\/v2\/pages"}],"about":[{"href":"https:\/\/betoff.eu\/sk\/wp-json\/wp\/v2\/types\/page"}],"author":[{"embeddable":true,"href":"https:\/\/betoff.eu\/sk\/wp-json\/wp\/v2\/users\/1"}],"replies":[{"embeddable":true,"href":"https:\/\/betoff.eu\/sk\/wp-json\/wp\/v2\/comments?post=14051"}],"version-history":[{"count":0,"href":"https:\/\/betoff.eu\/sk\/wp-json\/wp\/v2\/pages\/14051\/revisions"}],"wp:attachment":[{"href":"https:\/\/betoff.eu\/sk\/wp-json\/wp\/v2\/media?parent=14051"}],"curies":[{"name":"wp","href":"https:\/\/api.w.org\/{rel}","templated":true}]}}