{"id":13995,"date":"2024-06-21T07:44:05","date_gmt":"2024-06-21T05:44:05","guid":{"rendered":"https:\/\/betoff.eu\/?page_id=13995"},"modified":"2024-06-21T12:07:02","modified_gmt":"2024-06-21T10:07:02","slug":"zasady-ochrany-osobnych-udajov","status":"publish","type":"page","link":"https:\/\/betoff.eu\/sk\/zasady-ochrany-osobnych-udajov\/","title":{"rendered":"Z\u00e1sady ochrany osobn\u00fdch \u00fadajov"},"content":{"rendered":"\n<p>Z\u00e1sady ochrany osobn\u00fdch \u00fadajov webov\u00fdch str\u00e1nok. https:\/\/betoff.eu<\/p>\n\n\n\n<ol class=\"wp-block-list\">\n<li>V\u0161eobecn\u00e9 inform\u00e1cie<\/li>\n<\/ol>\n\n\n\n<p>Tieto z\u00e1sady ochrany osobn\u00fdch \u00fadajov stanovuj\u00fa pravidl\u00e1 spr\u00e1vania a ochrany osobn\u00fdch \u00fadajov poskytnut\u00fdch Pou\u017e\u00edvate\u013emi v s\u00favislosti s ich vyu\u017e\u00edvan\u00edm predajn\u00fdch slu\u017eieb prostredn\u00edctvom webovej str\u00e1nky.<\/p>\n\n\n\n<ol class=\"wp-block-list\" start=\"2\">\n<li>Spr\u00e1vcom osobn\u00fdch \u00fadajov obsiahnut\u00fdch na webovej str\u00e1nke je<\/li>\n<\/ol>\n\n\n\n<p>Innovachem Krystian Grzyb so s\u00eddlom na ul. Sarmacka 21\/8 Warszawa NIP PL7621764306<\/p>\n\n\n\n<p>Aby sme zaistili bezpe\u010dnos\u0165 \u00fadajov, ktor\u00e9 n\u00e1m boli zveren\u00e9, vypracovali sme intern\u00e9 postupy a odpor\u00fa\u010dania, aby sme zabr\u00e1nili spr\u00edstupneniu \u00fadajov neopr\u00e1vnen\u00fdm osob\u00e1m. Ich implement\u00e1ciu sledujeme a priebe\u017ene kontrolujeme, \u010di s\u00fa v s\u00falade s platn\u00fdmi pr\u00e1vnymi predpismi \u2013 z\u00e1konom o ochrane osobn\u00fdch \u00fadajov, z\u00e1konom o poskytovan\u00ed slu\u017eieb elektronick\u00fdmi prostriedkami, ako aj v\u0161etk\u00fdmi druhmi vykon\u00e1vac\u00edch aktov a z\u00e1konov komunit\u00e1rneho pr\u00e1va. .<\/p>\n\n\n\n<p>Osobn\u00e9 \u00fadaje s\u00fa sprac\u00favan\u00e9 na z\u00e1klade s\u00fahlasu vyjadren\u00e9ho Pou\u017e\u00edvate\u013eom a v pr\u00edpadoch, ke\u010f z\u00e1kon opr\u00e1v\u0148uje spr\u00e1vcu sprac\u00fava\u0165 osobn\u00e9 \u00fadaje na z\u00e1klade z\u00e1konn\u00fdch ustanoven\u00ed alebo za \u00fa\u010delom plnenia zmluvy uzatvorenej medzi zmluvn\u00fdmi stranami.<\/p>\n\n\n\n<p>Webov\u00e1 str\u00e1nka vykon\u00e1va funkcie z\u00edskavania inform\u00e1ci\u00ed o u\u017e\u00edvate\u013eoch a ich spr\u00e1van\u00ed nasleduj\u00facim sp\u00f4sobom:<\/p>\n\n\n\n<p>a) prostredn\u00edctvom inform\u00e1ci\u00ed dobrovo\u013ene uveden\u00fdch vo formul\u00e1roch<\/p>\n\n\n\n<p>b) zhroma\u017e\u010fovan\u00edm s\u00faborov cookie [pozri pravidl\u00e1 pou\u017e\u00edvania s\u00faborov cookie].<\/p>\n\n\n\n<p>Slu\u017eba zhroma\u017e\u010fuje inform\u00e1cie poskytnut\u00e9 pou\u017e\u00edvate\u013eom dobrovo\u013ene.<\/p>\n\n\n\n<p>\u00dadaje uveden\u00e9 vo formul\u00e1ri s\u00fa sprac\u00favan\u00e9 za \u00fa\u010delom vypl\u00fdvaj\u00facim z funkcie konkr\u00e9tneho formul\u00e1ra, napr<\/p>\n\n\n\n<p>Osobn\u00e9 \u00fadaje uveden\u00e9 na webovej str\u00e1nke nebud\u00fa predan\u00e9 ani spr\u00edstupnen\u00e9 tret\u00edm osob\u00e1m, v s\u00falade s ustanoveniami z\u00e1kona o osobn\u00fdch \u00fadajoch.<\/p>\n\n\n\n<p>Do \u00fadajov uveden\u00fdch vo formul\u00e1ri m\u00f4\u017ee nahliada\u0165 fyzick\u00e1 osoba, ktor\u00e1 ho zadala. T\u00e1to osoba m\u00e1 tie\u017e pr\u00e1vo kedyko\u013evek zmeni\u0165 a zastavi\u0165 sprac\u00favanie svojich \u00fadajov.<\/p>\n\n\n\n<p>Vyhradzujeme si pr\u00e1vo na zmenu z\u00e1sad ochrany osobn\u00fdch \u00fadajov webovej str\u00e1nky, ktor\u00e1 m\u00f4\u017ee by\u0165 ovplyvnen\u00e1 v\u00fdvojom internetov\u00fdch technol\u00f3gi\u00ed, pr\u00edpadn\u00fdmi zmenami v z\u00e1kone o ochrane osobn\u00fdch \u00fadajov a v\u00fdvojom na\u0161ej webovej str\u00e1nky. O pr\u00edpadn\u00fdch zmen\u00e1ch v\u00e1s budeme jasne a verejne informova\u0165.<\/p>\n\n\n\n<p>Webov\u00e1 str\u00e1nka m\u00f4\u017ee obsahova\u0165 odkazy na in\u00e9 webov\u00e9 str\u00e1nky. Tak\u00e9to webov\u00e9 str\u00e1nky funguj\u00fa nez\u00e1visle od webov\u00fdch str\u00e1nok a nie s\u00fa \u017eiadnym sp\u00f4sobom monitorovan\u00e9 zo strany https:\/\/betolix.pl. Tieto webov\u00e9 str\u00e1nky m\u00f4\u017eu ma\u0165 svoje vlastn\u00e9 z\u00e1sady ochrany osobn\u00fdch \u00fadajov a nariadenia, ktor\u00e9 v\u00e1m odpor\u00fa\u010dame pre\u010d\u00edta\u0165.<\/p>\n\n\n\n<p>Ak m\u00e1te ak\u00e9ko\u013evek pochybnosti o niektorom z ustanoven\u00ed t\u00fdchto z\u00e1sad ochrany osobn\u00fdch \u00fadajov, sme v\u00e1m k dispoz\u00edcii \u2013 na\u0161e \u00fadaje n\u00e1jdete v z\u00e1lo\u017eke Kontakt.<\/p>\n\n\n\n<p>Z\u00e1sady pou\u017e\u00edvania s\u00faborov cookie<\/p>\n\n\n\n<p>Z\u00e1sady pou\u017e\u00edvania s\u00faborov cookie pre webov\u00fa str\u00e1nku https:\/\/betoff.eu<\/p>\n\n\n\n<p>S\u00fabormi cookie sa rozumej\u00fa IT \u00fadaje ulo\u017een\u00e9 na koncov\u00fdch zariadeniach pou\u017e\u00edvate\u013eov, ktor\u00e9 s\u00fa ur\u010den\u00e9 na pou\u017e\u00edvanie webov\u00fdch str\u00e1nok. Ide najm\u00e4 o textov\u00e9 s\u00fabory, ktor\u00e9 obsahuj\u00fa n\u00e1zov webovej str\u00e1nky, z ktorej poch\u00e1dzaj\u00fa, dobu ich ulo\u017eenia na koncovom zariaden\u00ed a jedine\u010dn\u00e9 \u010d\u00edslo.<\/p>\n\n\n\n<p>Webov\u00e1 str\u00e1nka automaticky nezhroma\u017e\u010fuje \u017eiadne inform\u00e1cie, okrem inform\u00e1ci\u00ed obsiahnut\u00fdch v s\u00faboroch cookie.<\/p>\n\n\n\n<p>S\u00fabory cookie s\u00fa ur\u010den\u00e9 na pou\u017e\u00edvanie webov\u00fdch str\u00e1nok. Prev\u00e1dzkovate\u013e pou\u017e\u00edva tieto s\u00fabory na:<\/p>\n\n\n\n<p>a) mo\u017enos\u0165 prihl\u00e1si\u0165 sa a udr\u017eiava\u0165 rel\u00e1ciu pou\u017e\u00edvate\u013ea na ka\u017edej nasleduj\u00facej podstr\u00e1nke webu<\/p>\n\n\n\n<p>b) prisp\u00f4sobenie obsahu webovej str\u00e1nky individu\u00e1lnym preferenci\u00e1m u\u017e\u00edvate\u013ea, najm\u00e4 tieto s\u00fabory rozpoznaj\u00fa jeho zariadenie za \u00fa\u010delom zobrazenia webovej str\u00e1nky pod\u013ea jeho preferenci\u00ed<\/p>\n\n\n\n<p>c) vytv\u00e1ranie anonymn\u00fdch \u0161tatist\u00edk vylu\u010duj\u00facich mo\u017enos\u0165 identifik\u00e1cie u\u017e\u00edvate\u013ea.<\/p>\n\n\n\n<p>Cookies pou\u017e\u00edvan\u00e9 partnermi prev\u00e1dzkovate\u013ea webov\u00fdch str\u00e1nok, medzi ktor\u00e9 patria najm\u00e4 pou\u017e\u00edvatelia webov\u00fdch str\u00e1nok, podliehaj\u00fa ich vlastn\u00fdm z\u00e1sad\u00e1m ochrany osobn\u00fdch \u00fadajov.<\/p>\n\n\n\n<p>Aby sme zaistili bezpe\u010dnos\u0165 \u00fadajov, ktor\u00e9 n\u00e1m boli zveren\u00e9, vypracovali sme intern\u00e9 postupy a odpor\u00fa\u010dania, aby sme zabr\u00e1nili spr\u00edstupneniu \u00fadajov neopr\u00e1vnen\u00fdm osob\u00e1m. Ich plnenie kontrolujeme a priebe\u017ene kontrolujeme, \u010di s\u00fa v s\u00falade s platn\u00fdmi pr\u00e1vnymi predpismi &#8211; z\u00e1konom o ochrane osobn\u00fdch \u00fadajov, z\u00e1konom o poskytovan\u00ed slu\u017eieb elektronick\u00fdmi prostriedkami, ako aj v\u0161etk\u00fdmi druhmi vykon\u00e1vac\u00edch aktov a z\u00e1konov z r. komunit\u00e1rne pr\u00e1vo.<\/p>\n\n\n\n<p>Softv\u00e9r pou\u017e\u00edvan\u00fd na prehliadanie webov\u00fdch str\u00e1nok umo\u017e\u0148uje v predvolenom nastaven\u00ed umiest\u0148ova\u0165 s\u00fabory cookie na koncov\u00e9 zariadenie pou\u017e\u00edvate\u013ea. Tieto nastavenia m\u00f4\u017ee Pou\u017e\u00edvate\u013e zmeni\u0165 tak, aby zablokoval automatick\u00fa obsluhu cookies v nastaveniach webov\u00e9ho prehliada\u010da alebo informoval o ka\u017edom ich odoslan\u00ed do zariadenia Pou\u017e\u00edvate\u013ea.<\/p>\n\n\n\n<p>Pou\u017e\u00edvatelia webov\u00fdch str\u00e1nok m\u00f4\u017eu kedyko\u013evek zmeni\u0165 nastavenia s\u00faborov cookie. Podrobn\u00e9 inform\u00e1cie o mo\u017enostiach a sp\u00f4soboch nakladania s cookies s\u00fa dostupn\u00e9 v nastaveniach softv\u00e9ru (webov\u00e9ho prehliada\u010da). Pr\u00edklady mo\u017enost\u00ed \u00faprav v popul\u00e1rnych prehliada\u010doch:<\/p>\n\n\n\n<p>Mozilla Firefox: www.support.mozilla.org\/pl\/kb\/ciasteczka<\/p>\n\n\n\n<p>\u2013 Internet Explorer: www.support.microsoft.com\/kb\/278835\/pl<\/p>\n\n\n\n<p>\u2013 Google Chrome: www.support.google.com\/chrome\/bin\/answer.py?hl=pl&amp;answer=95647<\/p>\n\n\n\n<p>\u2013 Safari: www.safari.helpmax.net\/sv\/spara-tid\/inneh\u00e5llsblockering\/<\/p>\n\n\n\n<p>Prev\u00e1dzkovate\u013e webovej str\u00e1nky informuje, \u017ee zmeny v nastaveniach v prehliada\u010di pou\u017e\u00edvate\u013ea m\u00f4\u017eu ma\u0165 za n\u00e1sledok nespr\u00e1vne fungovanie webov\u00fdch str\u00e1nok.<\/p>\n\n\n","protected":false},"excerpt":{"rendered":"<p>Z\u00e1sady ochrany osobn\u00fdch \u00fadajov webov\u00fdch str\u00e1nok. https:\/\/betoff.eu Tieto z\u00e1sady ochrany osobn\u00fdch \u00fadajov stanovuj\u00fa pravidl\u00e1 spr\u00e1vania a ochrany osobn\u00fdch \u00fadajov poskytnut\u00fdch Pou\u017e\u00edvate\u013emi v s\u00favislosti s ich vyu\u017e\u00edvan\u00edm predajn\u00fdch slu\u017eieb prostredn\u00edctvom webovej str\u00e1nky. Innovachem Krystian Grzyb so s\u00eddlom na ul. Sarmacka 21\/8 Warszawa NIP PL7621764306 Aby sme zaistili bezpe\u010dnos\u0165 \u00fadajov, ktor\u00e9 n\u00e1m boli zveren\u00e9, vypracovali sme intern\u00e9 [&#8230;]\n","protected":false},"author":1,"featured_media":0,"parent":0,"menu_order":0,"comment_status":"closed","ping_status":"closed","template":"","meta":{"om_disable_all_campaigns":false,"footnotes":""},"class_list":["post-13995","page","type-page","status-publish","hentry"],"yoast_head":"<!-- This site is optimized with the Yoast SEO plugin v25.9 - https:\/\/yoast.com\/wordpress\/plugins\/seo\/ -->\n<title>Z\u00e1sady ochrany osobn\u00fdch \u00fadajov - BETOFF-Produkty pre svet bet\u00f3nu aj mimo neho!<\/title>\n<meta name=\"robots\" content=\"index, follow, max-snippet:-1, max-image-preview:large, max-video-preview:-1\" \/>\n<link rel=\"canonical\" href=\"https:\/\/betoff.eu\/sk\/zasady-ochrany-osobnych-udajov\/\" \/>\n<meta property=\"og:locale\" content=\"sk_SK\" \/>\n<meta property=\"og:type\" content=\"article\" \/>\n<meta property=\"og:title\" content=\"Z\u00e1sady ochrany osobn\u00fdch \u00fadajov - BETOFF-Produkty pre svet bet\u00f3nu aj mimo neho!\" \/>\n<meta property=\"og:description\" content=\"Z\u00e1sady ochrany osobn\u00fdch \u00fadajov webov\u00fdch str\u00e1nok. https:\/\/betoff.eu Tieto z\u00e1sady ochrany osobn\u00fdch \u00fadajov stanovuj\u00fa pravidl\u00e1 spr\u00e1vania a ochrany osobn\u00fdch \u00fadajov poskytnut\u00fdch Pou\u017e\u00edvate\u013emi v s\u00favislosti s ich vyu\u017e\u00edvan\u00edm predajn\u00fdch slu\u017eieb prostredn\u00edctvom webovej str\u00e1nky. Innovachem Krystian Grzyb so s\u00eddlom na ul. Sarmacka 21\/8 Warszawa NIP PL7621764306 Aby sme zaistili bezpe\u010dnos\u0165 \u00fadajov, ktor\u00e9 n\u00e1m boli zveren\u00e9, vypracovali sme intern\u00e9 [...]\" \/>\n<meta property=\"og:url\" content=\"https:\/\/betoff.eu\/sk\/zasady-ochrany-osobnych-udajov\/\" \/>\n<meta property=\"og:site_name\" content=\"BETOFF-Produkty pre svet bet\u00f3nu aj mimo neho!\" \/>\n<meta property=\"article:modified_time\" content=\"2024-06-21T10:07:02+00:00\" \/>\n<meta name=\"twitter:card\" content=\"summary_large_image\" \/>\n<meta name=\"twitter:label1\" content=\"Predpokladan\u00fd \u010das \u010d\u00edtania\" \/>\n\t<meta name=\"twitter:data1\" content=\"4 min\u00faty\" \/>\n<script type=\"application\/ld+json\" class=\"yoast-schema-graph\">{\"@context\":\"https:\/\/schema.org\",\"@graph\":[{\"@type\":\"WebPage\",\"@id\":\"https:\/\/betoff.eu\/sk\/zasady-ochrany-osobnych-udajov\/\",\"url\":\"https:\/\/betoff.eu\/sk\/zasady-ochrany-osobnych-udajov\/\",\"name\":\"Z\u00e1sady ochrany osobn\u00fdch \u00fadajov - BETOFF-Produkty pre svet bet\u00f3nu aj mimo neho!\",\"isPartOf\":{\"@id\":\"https:\/\/betoff.eu\/#website\"},\"datePublished\":\"2024-06-21T05:44:05+00:00\",\"dateModified\":\"2024-06-21T10:07:02+00:00\",\"breadcrumb\":{\"@id\":\"https:\/\/betoff.eu\/sk\/zasady-ochrany-osobnych-udajov\/#breadcrumb\"},\"inLanguage\":\"sk-SK\",\"potentialAction\":[{\"@type\":\"ReadAction\",\"target\":[\"https:\/\/betoff.eu\/sk\/zasady-ochrany-osobnych-udajov\/\"]}]},{\"@type\":\"BreadcrumbList\",\"@id\":\"https:\/\/betoff.eu\/sk\/zasady-ochrany-osobnych-udajov\/#breadcrumb\",\"itemListElement\":[{\"@type\":\"ListItem\",\"position\":1,\"name\":\"Hem\",\"item\":\"https:\/\/betoff.eu\/sk\/\"},{\"@type\":\"ListItem\",\"position\":2,\"name\":\"Z\u00e1sady ochrany osobn\u00fdch \u00fadajov\"}]},{\"@type\":\"WebSite\",\"@id\":\"https:\/\/betoff.eu\/#website\",\"url\":\"https:\/\/betoff.eu\/\",\"name\":\"BETOFF-Products for the world of concrete and beyond!\",\"description\":\"Betoff - Kvapalina na odstra\u0148ovanie bet\u00f3nu\",\"publisher\":{\"@id\":\"https:\/\/betoff.eu\/#\/schema\/person\/cded67f1acad0c68af8dcc171137512c\"},\"potentialAction\":[{\"@type\":\"SearchAction\",\"target\":{\"@type\":\"EntryPoint\",\"urlTemplate\":\"https:\/\/betoff.eu\/?s={search_term_string}\"},\"query-input\":{\"@type\":\"PropertyValueSpecification\",\"valueRequired\":true,\"valueName\":\"search_term_string\"}}],\"inLanguage\":\"sk-SK\"},{\"@type\":[\"Person\",\"Organization\"],\"@id\":\"https:\/\/betoff.eu\/#\/schema\/person\/cded67f1acad0c68af8dcc171137512c\",\"name\":\"admin\",\"image\":{\"@type\":\"ImageObject\",\"inLanguage\":\"sk-SK\",\"@id\":\"https:\/\/betoff.eu\/#\/schema\/person\/image\/\",\"url\":\"https:\/\/betoff.eu\/wp-content\/uploads\/2021\/02\/betoff-logo.png\",\"contentUrl\":\"https:\/\/betoff.eu\/wp-content\/uploads\/2021\/02\/betoff-logo.png\",\"width\":1024,\"height\":258,\"caption\":\"admin\"},\"logo\":{\"@id\":\"https:\/\/betoff.eu\/#\/schema\/person\/image\/\"}}]}<\/script>\n<!-- \/ Yoast SEO plugin. -->","yoast_head_json":{"title":"Z\u00e1sady ochrany osobn\u00fdch \u00fadajov - BETOFF-Produkty pre svet bet\u00f3nu aj mimo neho!","robots":{"index":"index","follow":"follow","max-snippet":"max-snippet:-1","max-image-preview":"max-image-preview:large","max-video-preview":"max-video-preview:-1"},"canonical":"https:\/\/betoff.eu\/sk\/zasady-ochrany-osobnych-udajov\/","og_locale":"sk_SK","og_type":"article","og_title":"Z\u00e1sady ochrany osobn\u00fdch \u00fadajov - BETOFF-Produkty pre svet bet\u00f3nu aj mimo neho!","og_description":"Z\u00e1sady ochrany osobn\u00fdch \u00fadajov webov\u00fdch str\u00e1nok. https:\/\/betoff.eu Tieto z\u00e1sady ochrany osobn\u00fdch \u00fadajov stanovuj\u00fa pravidl\u00e1 spr\u00e1vania a ochrany osobn\u00fdch \u00fadajov poskytnut\u00fdch Pou\u017e\u00edvate\u013emi v s\u00favislosti s ich vyu\u017e\u00edvan\u00edm predajn\u00fdch slu\u017eieb prostredn\u00edctvom webovej str\u00e1nky. Innovachem Krystian Grzyb so s\u00eddlom na ul. Sarmacka 21\/8 Warszawa NIP PL7621764306 Aby sme zaistili bezpe\u010dnos\u0165 \u00fadajov, ktor\u00e9 n\u00e1m boli zveren\u00e9, vypracovali sme intern\u00e9 [...]","og_url":"https:\/\/betoff.eu\/sk\/zasady-ochrany-osobnych-udajov\/","og_site_name":"BETOFF-Produkty pre svet bet\u00f3nu aj mimo neho!","article_modified_time":"2024-06-21T10:07:02+00:00","twitter_card":"summary_large_image","twitter_misc":{"Predpokladan\u00fd \u010das \u010d\u00edtania":"4 min\u00faty"},"schema":{"@context":"https:\/\/schema.org","@graph":[{"@type":"WebPage","@id":"https:\/\/betoff.eu\/sk\/zasady-ochrany-osobnych-udajov\/","url":"https:\/\/betoff.eu\/sk\/zasady-ochrany-osobnych-udajov\/","name":"Z\u00e1sady ochrany osobn\u00fdch \u00fadajov - BETOFF-Produkty pre svet bet\u00f3nu aj mimo neho!","isPartOf":{"@id":"https:\/\/betoff.eu\/#website"},"datePublished":"2024-06-21T05:44:05+00:00","dateModified":"2024-06-21T10:07:02+00:00","breadcrumb":{"@id":"https:\/\/betoff.eu\/sk\/zasady-ochrany-osobnych-udajov\/#breadcrumb"},"inLanguage":"sk-SK","potentialAction":[{"@type":"ReadAction","target":["https:\/\/betoff.eu\/sk\/zasady-ochrany-osobnych-udajov\/"]}]},{"@type":"BreadcrumbList","@id":"https:\/\/betoff.eu\/sk\/zasady-ochrany-osobnych-udajov\/#breadcrumb","itemListElement":[{"@type":"ListItem","position":1,"name":"Hem","item":"https:\/\/betoff.eu\/sk\/"},{"@type":"ListItem","position":2,"name":"Z\u00e1sady ochrany osobn\u00fdch \u00fadajov"}]},{"@type":"WebSite","@id":"https:\/\/betoff.eu\/#website","url":"https:\/\/betoff.eu\/","name":"BETOFF-Products for the world of concrete and beyond!","description":"Betoff - Kvapalina na odstra\u0148ovanie bet\u00f3nu","publisher":{"@id":"https:\/\/betoff.eu\/#\/schema\/person\/cded67f1acad0c68af8dcc171137512c"},"potentialAction":[{"@type":"SearchAction","target":{"@type":"EntryPoint","urlTemplate":"https:\/\/betoff.eu\/?s={search_term_string}"},"query-input":{"@type":"PropertyValueSpecification","valueRequired":true,"valueName":"search_term_string"}}],"inLanguage":"sk-SK"},{"@type":["Person","Organization"],"@id":"https:\/\/betoff.eu\/#\/schema\/person\/cded67f1acad0c68af8dcc171137512c","name":"admin","image":{"@type":"ImageObject","inLanguage":"sk-SK","@id":"https:\/\/betoff.eu\/#\/schema\/person\/image\/","url":"https:\/\/betoff.eu\/wp-content\/uploads\/2021\/02\/betoff-logo.png","contentUrl":"https:\/\/betoff.eu\/wp-content\/uploads\/2021\/02\/betoff-logo.png","width":1024,"height":258,"caption":"admin"},"logo":{"@id":"https:\/\/betoff.eu\/#\/schema\/person\/image\/"}}]}},"_links":{"self":[{"href":"https:\/\/betoff.eu\/sk\/wp-json\/wp\/v2\/pages\/13995","targetHints":{"allow":["GET"]}}],"collection":[{"href":"https:\/\/betoff.eu\/sk\/wp-json\/wp\/v2\/pages"}],"about":[{"href":"https:\/\/betoff.eu\/sk\/wp-json\/wp\/v2\/types\/page"}],"author":[{"embeddable":true,"href":"https:\/\/betoff.eu\/sk\/wp-json\/wp\/v2\/users\/1"}],"replies":[{"embeddable":true,"href":"https:\/\/betoff.eu\/sk\/wp-json\/wp\/v2\/comments?post=13995"}],"version-history":[{"count":0,"href":"https:\/\/betoff.eu\/sk\/wp-json\/wp\/v2\/pages\/13995\/revisions"}],"wp:attachment":[{"href":"https:\/\/betoff.eu\/sk\/wp-json\/wp\/v2\/media?parent=13995"}],"curies":[{"name":"wp","href":"https:\/\/api.w.org\/{rel}","templated":true}]}}