{"id":14548,"date":"2024-06-29T14:16:00","date_gmt":"2024-06-29T12:16:00","guid":{"rendered":"https:\/\/betoff.eu\/?post_type=product&#038;p=14548"},"modified":"2024-07-31T08:03:51","modified_gmt":"2024-07-31T06:03:51","slug":"betoff-5l-lichid-pentru-dizolvarea-betonului-murdarie-veche-concentreaza-te","status":"publish","type":"product","link":"https:\/\/betoff.eu\/ro\/produkt\/betoff-5l-lichid-pentru-dizolvarea-betonului-murdarie-veche-concentreaza-te\/","title":{"rendered":"BETOFF &#8211; 5L &#8211; Lichid pentru dizolvarea betonului. Murd\u0103rie veche. Concentreaz\u0103-te"},"content":{"rendered":"","protected":false},"excerpt":{"rendered":"","protected":false},"featured_media":14549,"template":"","meta":{"om_disable_all_campaigns":false},"product_brand":[],"product_cat":[365],"product_tag":[],"class_list":{"0":"post-14548","1":"product","2":"type-product","3":"status-publish","4":"has-post-thumbnail","6":"product_cat-indepartarea-betonului","8":"first","9":"instock","10":"taxable","11":"shipping-taxable","12":"purchasable","13":"product-type-simple"},"yoast_head":"<!-- This site is optimized with the Yoast SEO plugin v25.9 - https:\/\/yoast.com\/wordpress\/plugins\/seo\/ -->\n<title>BETOFF - 5L - Lichid pentru dizolvarea betonului. Murd\u0103rie veche. Concentreaz\u0103-te - BETOFF-Produse pentru lumea betonului \u0219i nu numai!<\/title>\n<meta name=\"description\" content=\"Cum s\u0103 \u00eendep\u0103rta\u021bi betonul uscat dintr-o fereastr\u0103 sau \u021beav\u0103 de canalizare? Cum s\u0103 cur\u0103\u021ba\u021bi o betoniere sau ma\u0219ini de construc\u021bii? Verifica\u021bi puterea celui mai popular lichid din Europa! Betoff are putere!\" \/>\n<meta name=\"robots\" content=\"index, follow, max-snippet:-1, max-image-preview:large, max-video-preview:-1\" \/>\n<link rel=\"canonical\" href=\"https:\/\/betoff.eu\/ro\/produkt\/betoff-5l-lichid-pentru-dizolvarea-betonului-murdarie-veche-concentreaza-te\/\" \/>\n<meta property=\"og:locale\" content=\"ro_RO\" \/>\n<meta property=\"og:type\" content=\"article\" \/>\n<meta property=\"og:title\" content=\"BETOFF - 5L - Lichid pentru dizolvarea betonului. Murd\u0103rie veche. Concentreaz\u0103-te - BETOFF-Produse pentru lumea betonului \u0219i nu numai!\" \/>\n<meta property=\"og:description\" content=\"Cum s\u0103 \u00eendep\u0103rta\u021bi betonul uscat dintr-o fereastr\u0103 sau \u021beav\u0103 de canalizare? Cum s\u0103 cur\u0103\u021ba\u021bi o betoniere sau ma\u0219ini de construc\u021bii? Verifica\u021bi puterea celui mai popular lichid din Europa! Betoff are putere!\" \/>\n<meta property=\"og:url\" content=\"https:\/\/betoff.eu\/ro\/produkt\/betoff-5l-lichid-pentru-dizolvarea-betonului-murdarie-veche-concentreaza-te\/\" \/>\n<meta property=\"og:site_name\" content=\"BETOFF-Produse pentru lumea betonului \u0219i nu numai!\" \/>\n<meta property=\"article:modified_time\" content=\"2024-07-31T06:03:51+00:00\" \/>\n<meta property=\"og:image\" content=\"https:\/\/betoff.eu\/wp-content\/uploads\/2024\/06\/Betoff-5-L-neu-430x538-4.png\" \/>\n\t<meta property=\"og:image:width\" content=\"430\" \/>\n\t<meta property=\"og:image:height\" content=\"538\" \/>\n\t<meta property=\"og:image:type\" content=\"image\/png\" \/>\n<meta name=\"twitter:card\" content=\"summary_large_image\" \/>\n<meta name=\"twitter:label1\" content=\"Timp estimat pentru citire\" \/>\n\t<meta name=\"twitter:data1\" content=\"1 minut\" \/>\n<script type=\"application\/ld+json\" class=\"yoast-schema-graph\">{\"@context\":\"https:\/\/schema.org\",\"@graph\":[{\"@type\":\"WebPage\",\"@id\":\"https:\/\/betoff.eu\/ro\/produkt\/betoff-5l-lichid-pentru-dizolvarea-betonului-murdarie-veche-concentreaza-te\/\",\"url\":\"https:\/\/betoff.eu\/ro\/produkt\/betoff-5l-lichid-pentru-dizolvarea-betonului-murdarie-veche-concentreaza-te\/\",\"name\":\"BETOFF - 5L - Lichid pentru dizolvarea betonului. Murd\u0103rie veche. Concentreaz\u0103-te - BETOFF-Produse pentru lumea betonului \u0219i nu numai!\",\"isPartOf\":{\"@id\":\"https:\/\/betoff.eu\/#website\"},\"primaryImageOfPage\":{\"@id\":\"https:\/\/betoff.eu\/ro\/produkt\/betoff-5l-lichid-pentru-dizolvarea-betonului-murdarie-veche-concentreaza-te\/#primaryimage\"},\"image\":{\"@id\":\"https:\/\/betoff.eu\/ro\/produkt\/betoff-5l-lichid-pentru-dizolvarea-betonului-murdarie-veche-concentreaza-te\/#primaryimage\"},\"thumbnailUrl\":\"https:\/\/betoff.eu\/wp-content\/uploads\/2024\/06\/Betoff-5-L-neu-430x538-4.png\",\"datePublished\":\"2024-06-29T12:16:00+00:00\",\"dateModified\":\"2024-07-31T06:03:51+00:00\",\"description\":\"Cum s\u0103 \u00eendep\u0103rta\u021bi betonul uscat dintr-o fereastr\u0103 sau \u021beav\u0103 de canalizare? Cum s\u0103 cur\u0103\u021ba\u021bi o betoniere sau ma\u0219ini de construc\u021bii? Verifica\u021bi puterea celui mai popular lichid din Europa! Betoff are putere!\",\"breadcrumb\":{\"@id\":\"https:\/\/betoff.eu\/ro\/produkt\/betoff-5l-lichid-pentru-dizolvarea-betonului-murdarie-veche-concentreaza-te\/#breadcrumb\"},\"inLanguage\":\"ro-RO\",\"potentialAction\":[{\"@type\":\"ReadAction\",\"target\":[\"https:\/\/betoff.eu\/ro\/produkt\/betoff-5l-lichid-pentru-dizolvarea-betonului-murdarie-veche-concentreaza-te\/\"]}]},{\"@type\":\"ImageObject\",\"inLanguage\":\"ro-RO\",\"@id\":\"https:\/\/betoff.eu\/ro\/produkt\/betoff-5l-lichid-pentru-dizolvarea-betonului-murdarie-veche-concentreaza-te\/#primaryimage\",\"url\":\"https:\/\/betoff.eu\/wp-content\/uploads\/2024\/06\/Betoff-5-L-neu-430x538-4.png\",\"contentUrl\":\"https:\/\/betoff.eu\/wp-content\/uploads\/2024\/06\/Betoff-5-L-neu-430x538-4.png\",\"width\":430,\"height\":538,\"caption\":\"\u00cendep\u0103rtarea betonului\"},{\"@type\":\"BreadcrumbList\",\"@id\":\"https:\/\/betoff.eu\/ro\/produkt\/betoff-5l-lichid-pentru-dizolvarea-betonului-murdarie-veche-concentreaza-te\/#breadcrumb\",\"itemListElement\":[{\"@type\":\"ListItem\",\"position\":1,\"name\":\"Hem\",\"item\":\"https:\/\/betoff.eu\/ro\/\"},{\"@type\":\"ListItem\",\"position\":2,\"name\":\"Shop\",\"item\":\"https:\/\/betoff.eu\/sklep-2\/\"},{\"@type\":\"ListItem\",\"position\":3,\"name\":\"BETOFF &#8211; 5L &#8211; Lichid pentru dizolvarea betonului. Murd\u0103rie veche. Concentreaz\u0103-te\"}]},{\"@type\":\"WebSite\",\"@id\":\"https:\/\/betoff.eu\/#website\",\"url\":\"https:\/\/betoff.eu\/\",\"name\":\"BETOFF-Products for the world of concrete and beyond!\",\"description\":\"Betoff - Lichid de \u00eendep\u0103rtare a betonului\",\"publisher\":{\"@id\":\"https:\/\/betoff.eu\/#\/schema\/person\/cded67f1acad0c68af8dcc171137512c\"},\"potentialAction\":[{\"@type\":\"SearchAction\",\"target\":{\"@type\":\"EntryPoint\",\"urlTemplate\":\"https:\/\/betoff.eu\/?s={search_term_string}\"},\"query-input\":{\"@type\":\"PropertyValueSpecification\",\"valueRequired\":true,\"valueName\":\"search_term_string\"}}],\"inLanguage\":\"ro-RO\"},{\"@type\":[\"Person\",\"Organization\"],\"@id\":\"https:\/\/betoff.eu\/#\/schema\/person\/cded67f1acad0c68af8dcc171137512c\",\"name\":\"admin\",\"image\":{\"@type\":\"ImageObject\",\"inLanguage\":\"ro-RO\",\"@id\":\"https:\/\/betoff.eu\/#\/schema\/person\/image\/\",\"url\":\"https:\/\/betoff.eu\/wp-content\/uploads\/2021\/02\/betoff-logo.png\",\"contentUrl\":\"https:\/\/betoff.eu\/wp-content\/uploads\/2021\/02\/betoff-logo.png\",\"width\":1024,\"height\":258,\"caption\":\"admin\"},\"logo\":{\"@id\":\"https:\/\/betoff.eu\/#\/schema\/person\/image\/\"}}]}<\/script>\n<!-- \/ Yoast SEO plugin. -->","yoast_head_json":{"title":"BETOFF - 5L - Lichid pentru dizolvarea betonului. Murd\u0103rie veche. Concentreaz\u0103-te - BETOFF-Produse pentru lumea betonului \u0219i nu numai!","description":"Cum s\u0103 \u00eendep\u0103rta\u021bi betonul uscat dintr-o fereastr\u0103 sau \u021beav\u0103 de canalizare? Cum s\u0103 cur\u0103\u021ba\u021bi o betoniere sau ma\u0219ini de construc\u021bii? Verifica\u021bi puterea celui mai popular lichid din Europa! Betoff are putere!","robots":{"index":"index","follow":"follow","max-snippet":"max-snippet:-1","max-image-preview":"max-image-preview:large","max-video-preview":"max-video-preview:-1"},"canonical":"https:\/\/betoff.eu\/ro\/produkt\/betoff-5l-lichid-pentru-dizolvarea-betonului-murdarie-veche-concentreaza-te\/","og_locale":"ro_RO","og_type":"article","og_title":"BETOFF - 5L - Lichid pentru dizolvarea betonului. Murd\u0103rie veche. Concentreaz\u0103-te - BETOFF-Produse pentru lumea betonului \u0219i nu numai!","og_description":"Cum s\u0103 \u00eendep\u0103rta\u021bi betonul uscat dintr-o fereastr\u0103 sau \u021beav\u0103 de canalizare? Cum s\u0103 cur\u0103\u021ba\u021bi o betoniere sau ma\u0219ini de construc\u021bii? Verifica\u021bi puterea celui mai popular lichid din Europa! Betoff are putere!","og_url":"https:\/\/betoff.eu\/ro\/produkt\/betoff-5l-lichid-pentru-dizolvarea-betonului-murdarie-veche-concentreaza-te\/","og_site_name":"BETOFF-Produse pentru lumea betonului \u0219i nu numai!","article_modified_time":"2024-07-31T06:03:51+00:00","og_image":[{"width":430,"height":538,"url":"https:\/\/betoff.eu\/wp-content\/uploads\/2024\/06\/Betoff-5-L-neu-430x538-4.png","type":"image\/png"}],"twitter_card":"summary_large_image","twitter_misc":{"Timp estimat pentru citire":"1 minut"},"schema":{"@context":"https:\/\/schema.org","@graph":[{"@type":"WebPage","@id":"https:\/\/betoff.eu\/ro\/produkt\/betoff-5l-lichid-pentru-dizolvarea-betonului-murdarie-veche-concentreaza-te\/","url":"https:\/\/betoff.eu\/ro\/produkt\/betoff-5l-lichid-pentru-dizolvarea-betonului-murdarie-veche-concentreaza-te\/","name":"BETOFF - 5L - Lichid pentru dizolvarea betonului. Murd\u0103rie veche. Concentreaz\u0103-te - BETOFF-Produse pentru lumea betonului \u0219i nu numai!","isPartOf":{"@id":"https:\/\/betoff.eu\/#website"},"primaryImageOfPage":{"@id":"https:\/\/betoff.eu\/ro\/produkt\/betoff-5l-lichid-pentru-dizolvarea-betonului-murdarie-veche-concentreaza-te\/#primaryimage"},"image":{"@id":"https:\/\/betoff.eu\/ro\/produkt\/betoff-5l-lichid-pentru-dizolvarea-betonului-murdarie-veche-concentreaza-te\/#primaryimage"},"thumbnailUrl":"https:\/\/betoff.eu\/wp-content\/uploads\/2024\/06\/Betoff-5-L-neu-430x538-4.png","datePublished":"2024-06-29T12:16:00+00:00","dateModified":"2024-07-31T06:03:51+00:00","description":"Cum s\u0103 \u00eendep\u0103rta\u021bi betonul uscat dintr-o fereastr\u0103 sau \u021beav\u0103 de canalizare? Cum s\u0103 cur\u0103\u021ba\u021bi o betoniere sau ma\u0219ini de construc\u021bii? Verifica\u021bi puterea celui mai popular lichid din Europa! Betoff are putere!","breadcrumb":{"@id":"https:\/\/betoff.eu\/ro\/produkt\/betoff-5l-lichid-pentru-dizolvarea-betonului-murdarie-veche-concentreaza-te\/#breadcrumb"},"inLanguage":"ro-RO","potentialAction":[{"@type":"ReadAction","target":["https:\/\/betoff.eu\/ro\/produkt\/betoff-5l-lichid-pentru-dizolvarea-betonului-murdarie-veche-concentreaza-te\/"]}]},{"@type":"ImageObject","inLanguage":"ro-RO","@id":"https:\/\/betoff.eu\/ro\/produkt\/betoff-5l-lichid-pentru-dizolvarea-betonului-murdarie-veche-concentreaza-te\/#primaryimage","url":"https:\/\/betoff.eu\/wp-content\/uploads\/2024\/06\/Betoff-5-L-neu-430x538-4.png","contentUrl":"https:\/\/betoff.eu\/wp-content\/uploads\/2024\/06\/Betoff-5-L-neu-430x538-4.png","width":430,"height":538,"caption":"\u00cendep\u0103rtarea betonului"},{"@type":"BreadcrumbList","@id":"https:\/\/betoff.eu\/ro\/produkt\/betoff-5l-lichid-pentru-dizolvarea-betonului-murdarie-veche-concentreaza-te\/#breadcrumb","itemListElement":[{"@type":"ListItem","position":1,"name":"Hem","item":"https:\/\/betoff.eu\/ro\/"},{"@type":"ListItem","position":2,"name":"Shop","item":"https:\/\/betoff.eu\/sklep-2\/"},{"@type":"ListItem","position":3,"name":"BETOFF &#8211; 5L &#8211; Lichid pentru dizolvarea betonului. Murd\u0103rie veche. Concentreaz\u0103-te"}]},{"@type":"WebSite","@id":"https:\/\/betoff.eu\/#website","url":"https:\/\/betoff.eu\/","name":"BETOFF-Products for the world of concrete and beyond!","description":"Betoff - Lichid de \u00eendep\u0103rtare a betonului","publisher":{"@id":"https:\/\/betoff.eu\/#\/schema\/person\/cded67f1acad0c68af8dcc171137512c"},"potentialAction":[{"@type":"SearchAction","target":{"@type":"EntryPoint","urlTemplate":"https:\/\/betoff.eu\/?s={search_term_string}"},"query-input":{"@type":"PropertyValueSpecification","valueRequired":true,"valueName":"search_term_string"}}],"inLanguage":"ro-RO"},{"@type":["Person","Organization"],"@id":"https:\/\/betoff.eu\/#\/schema\/person\/cded67f1acad0c68af8dcc171137512c","name":"admin","image":{"@type":"ImageObject","inLanguage":"ro-RO","@id":"https:\/\/betoff.eu\/#\/schema\/person\/image\/","url":"https:\/\/betoff.eu\/wp-content\/uploads\/2021\/02\/betoff-logo.png","contentUrl":"https:\/\/betoff.eu\/wp-content\/uploads\/2021\/02\/betoff-logo.png","width":1024,"height":258,"caption":"admin"},"logo":{"@id":"https:\/\/betoff.eu\/#\/schema\/person\/image\/"}}]}},"_links":{"self":[{"href":"https:\/\/betoff.eu\/ro\/wp-json\/wp\/v2\/product\/14548","targetHints":{"allow":["GET"]}}],"collection":[{"href":"https:\/\/betoff.eu\/ro\/wp-json\/wp\/v2\/product"}],"about":[{"href":"https:\/\/betoff.eu\/ro\/wp-json\/wp\/v2\/types\/product"}],"wp:featuredmedia":[{"embeddable":true,"href":"https:\/\/betoff.eu\/ro\/wp-json\/wp\/v2\/media\/14549"}],"wp:attachment":[{"href":"https:\/\/betoff.eu\/ro\/wp-json\/wp\/v2\/media?parent=14548"}],"wp:term":[{"taxonomy":"product_brand","embeddable":true,"href":"https:\/\/betoff.eu\/ro\/wp-json\/wp\/v2\/product_brand?post=14548"},{"taxonomy":"product_cat","embeddable":true,"href":"https:\/\/betoff.eu\/ro\/wp-json\/wp\/v2\/product_cat?post=14548"},{"taxonomy":"product_tag","embeddable":true,"href":"https:\/\/betoff.eu\/ro\/wp-json\/wp\/v2\/product_tag?post=14548"}],"curies":[{"name":"wp","href":"https:\/\/api.w.org\/{rel}","templated":true}]}}