{"id":14102,"date":"2024-06-21T20:28:06","date_gmt":"2024-06-21T18:28:06","guid":{"rendered":"https:\/\/betoff.eu\/?page_id=14102"},"modified":"2024-06-22T08:15:25","modified_gmt":"2024-06-22T06:15:25","slug":"retururi-si-reclamatii","status":"publish","type":"page","link":"https:\/\/betoff.eu\/ro\/retururi-si-reclamatii\/","title":{"rendered":"Retururi \u0219i reclama\u021bii"},"content":{"rendered":"\n\n\n<p>Retururi \u0219i reclama\u021bii:<br>Reclama\u021biile cu privire la lichidul achizi\u021bionat \u00een magazinul online betoff.eu se pot face doar prin e-mail, la urm\u0103toarea adres\u0103: betoff@betoff.eu V\u0103 rug\u0103m s\u0103 preciza\u021bi num\u0103rul comenzii generat \u00een momentul achizi\u021biei, precum \u0219i motivul pentru care alege\u021bi pentru a returna produsul.<\/p>\n\n\n\n<p>Produsul trebuie s\u0103 fie sigilat din fabric\u0103. Dupa returnarea produsului la noi, acesta va fi verificat si apoi, daca capacul nu a fost spart, vom rambursa suma pentru care a fost achizitionat produsul. Clientul are dreptul de a returna in termen de 14 zile de la data cumpararii.<\/p>\n\n\n\n<p>Reclama\u021bia va fi procesat\u0103 \u00een termen de 5 zile lucr\u0103toare de la data primirii. \u00cen primul r\u00e2nd, pl\u00e2ngerea va fi citit\u0103 \u0219i analizat\u0103 pe fond. Apoi va fi \u00eentocmit un formular care con\u021bine datele dumneavoastr\u0103 \u0219i motivul reclama\u021biei, pe care \u00eel ve\u021bi indica \u00een e-mailul trimis nou\u0103. Clientul va primi un e-mail de retur cu un formular completat care urmeaz\u0103 s\u0103 fie semnat \u0219i returnat.<\/p>\n","protected":false},"excerpt":{"rendered":"<p>Retururi \u0219i reclama\u021bii:Reclama\u021biile cu privire la lichidul achizi\u021bionat \u00een magazinul online betoff.eu se pot face doar prin e-mail, la urm\u0103toarea adres\u0103: betoff@betoff.eu V\u0103 rug\u0103m s\u0103 preciza\u021bi num\u0103rul comenzii generat \u00een momentul achizi\u021biei, precum \u0219i motivul pentru care alege\u021bi pentru a returna produsul. Produsul trebuie s\u0103 fie sigilat din fabric\u0103. Dupa returnarea produsului la noi, acesta [&#8230;]\n","protected":false},"author":1,"featured_media":0,"parent":0,"menu_order":0,"comment_status":"closed","ping_status":"closed","template":"","meta":{"om_disable_all_campaigns":false,"footnotes":""},"class_list":["post-14102","page","type-page","status-publish","hentry"],"yoast_head":"<!-- This site is optimized with the Yoast SEO plugin v25.9 - https:\/\/yoast.com\/wordpress\/plugins\/seo\/ -->\n<title>Retururi \u0219i reclama\u021bii - BETOFF-Produse pentru lumea betonului \u0219i nu numai!<\/title>\n<meta name=\"robots\" content=\"index, follow, max-snippet:-1, max-image-preview:large, max-video-preview:-1\" \/>\n<link rel=\"canonical\" href=\"https:\/\/betoff.eu\/ro\/retururi-si-reclamatii\/\" \/>\n<meta property=\"og:locale\" content=\"ro_RO\" \/>\n<meta property=\"og:type\" content=\"article\" \/>\n<meta property=\"og:title\" content=\"Retururi \u0219i reclama\u021bii - BETOFF-Produse pentru lumea betonului \u0219i nu numai!\" \/>\n<meta property=\"og:description\" content=\"Retururi \u0219i reclama\u021bii:Reclama\u021biile cu privire la lichidul achizi\u021bionat \u00een magazinul online betoff.eu se pot face doar prin e-mail, la urm\u0103toarea adres\u0103: betoff@betoff.eu V\u0103 rug\u0103m s\u0103 preciza\u021bi num\u0103rul comenzii generat \u00een momentul achizi\u021biei, precum \u0219i motivul pentru care alege\u021bi pentru a returna produsul. Produsul trebuie s\u0103 fie sigilat din fabric\u0103. Dupa returnarea produsului la noi, acesta [...]\" \/>\n<meta property=\"og:url\" content=\"https:\/\/betoff.eu\/ro\/retururi-si-reclamatii\/\" \/>\n<meta property=\"og:site_name\" content=\"BETOFF-Produse pentru lumea betonului \u0219i nu numai!\" \/>\n<meta property=\"article:modified_time\" content=\"2024-06-22T06:15:25+00:00\" \/>\n<meta name=\"twitter:card\" content=\"summary_large_image\" \/>\n<meta name=\"twitter:label1\" content=\"Timp estimat pentru citire\" \/>\n\t<meta name=\"twitter:data1\" content=\"1 minut\" \/>\n<script type=\"application\/ld+json\" class=\"yoast-schema-graph\">{\"@context\":\"https:\/\/schema.org\",\"@graph\":[{\"@type\":\"WebPage\",\"@id\":\"https:\/\/betoff.eu\/ro\/retururi-si-reclamatii\/\",\"url\":\"https:\/\/betoff.eu\/ro\/retururi-si-reclamatii\/\",\"name\":\"Retururi \u0219i reclama\u021bii - BETOFF-Produse pentru lumea betonului \u0219i nu numai!\",\"isPartOf\":{\"@id\":\"https:\/\/betoff.eu\/#website\"},\"datePublished\":\"2024-06-21T18:28:06+00:00\",\"dateModified\":\"2024-06-22T06:15:25+00:00\",\"breadcrumb\":{\"@id\":\"https:\/\/betoff.eu\/ro\/retururi-si-reclamatii\/#breadcrumb\"},\"inLanguage\":\"ro-RO\",\"potentialAction\":[{\"@type\":\"ReadAction\",\"target\":[\"https:\/\/betoff.eu\/ro\/retururi-si-reclamatii\/\"]}]},{\"@type\":\"BreadcrumbList\",\"@id\":\"https:\/\/betoff.eu\/ro\/retururi-si-reclamatii\/#breadcrumb\",\"itemListElement\":[{\"@type\":\"ListItem\",\"position\":1,\"name\":\"Hem\",\"item\":\"https:\/\/betoff.eu\/ro\/\"},{\"@type\":\"ListItem\",\"position\":2,\"name\":\"Retururi \u0219i reclama\u021bii\"}]},{\"@type\":\"WebSite\",\"@id\":\"https:\/\/betoff.eu\/#website\",\"url\":\"https:\/\/betoff.eu\/\",\"name\":\"BETOFF-Products for the world of concrete and beyond!\",\"description\":\"Betoff - Lichid de \u00eendep\u0103rtare a betonului\",\"publisher\":{\"@id\":\"https:\/\/betoff.eu\/#\/schema\/person\/cded67f1acad0c68af8dcc171137512c\"},\"potentialAction\":[{\"@type\":\"SearchAction\",\"target\":{\"@type\":\"EntryPoint\",\"urlTemplate\":\"https:\/\/betoff.eu\/?s={search_term_string}\"},\"query-input\":{\"@type\":\"PropertyValueSpecification\",\"valueRequired\":true,\"valueName\":\"search_term_string\"}}],\"inLanguage\":\"ro-RO\"},{\"@type\":[\"Person\",\"Organization\"],\"@id\":\"https:\/\/betoff.eu\/#\/schema\/person\/cded67f1acad0c68af8dcc171137512c\",\"name\":\"admin\",\"image\":{\"@type\":\"ImageObject\",\"inLanguage\":\"ro-RO\",\"@id\":\"https:\/\/betoff.eu\/#\/schema\/person\/image\/\",\"url\":\"https:\/\/betoff.eu\/wp-content\/uploads\/2021\/02\/betoff-logo.png\",\"contentUrl\":\"https:\/\/betoff.eu\/wp-content\/uploads\/2021\/02\/betoff-logo.png\",\"width\":1024,\"height\":258,\"caption\":\"admin\"},\"logo\":{\"@id\":\"https:\/\/betoff.eu\/#\/schema\/person\/image\/\"}}]}<\/script>\n<!-- \/ Yoast SEO plugin. -->","yoast_head_json":{"title":"Retururi \u0219i reclama\u021bii - BETOFF-Produse pentru lumea betonului \u0219i nu numai!","robots":{"index":"index","follow":"follow","max-snippet":"max-snippet:-1","max-image-preview":"max-image-preview:large","max-video-preview":"max-video-preview:-1"},"canonical":"https:\/\/betoff.eu\/ro\/retururi-si-reclamatii\/","og_locale":"ro_RO","og_type":"article","og_title":"Retururi \u0219i reclama\u021bii - BETOFF-Produse pentru lumea betonului \u0219i nu numai!","og_description":"Retururi \u0219i reclama\u021bii:Reclama\u021biile cu privire la lichidul achizi\u021bionat \u00een magazinul online betoff.eu se pot face doar prin e-mail, la urm\u0103toarea adres\u0103: betoff@betoff.eu V\u0103 rug\u0103m s\u0103 preciza\u021bi num\u0103rul comenzii generat \u00een momentul achizi\u021biei, precum \u0219i motivul pentru care alege\u021bi pentru a returna produsul. Produsul trebuie s\u0103 fie sigilat din fabric\u0103. Dupa returnarea produsului la noi, acesta [...]","og_url":"https:\/\/betoff.eu\/ro\/retururi-si-reclamatii\/","og_site_name":"BETOFF-Produse pentru lumea betonului \u0219i nu numai!","article_modified_time":"2024-06-22T06:15:25+00:00","twitter_card":"summary_large_image","twitter_misc":{"Timp estimat pentru citire":"1 minut"},"schema":{"@context":"https:\/\/schema.org","@graph":[{"@type":"WebPage","@id":"https:\/\/betoff.eu\/ro\/retururi-si-reclamatii\/","url":"https:\/\/betoff.eu\/ro\/retururi-si-reclamatii\/","name":"Retururi \u0219i reclama\u021bii - BETOFF-Produse pentru lumea betonului \u0219i nu numai!","isPartOf":{"@id":"https:\/\/betoff.eu\/#website"},"datePublished":"2024-06-21T18:28:06+00:00","dateModified":"2024-06-22T06:15:25+00:00","breadcrumb":{"@id":"https:\/\/betoff.eu\/ro\/retururi-si-reclamatii\/#breadcrumb"},"inLanguage":"ro-RO","potentialAction":[{"@type":"ReadAction","target":["https:\/\/betoff.eu\/ro\/retururi-si-reclamatii\/"]}]},{"@type":"BreadcrumbList","@id":"https:\/\/betoff.eu\/ro\/retururi-si-reclamatii\/#breadcrumb","itemListElement":[{"@type":"ListItem","position":1,"name":"Hem","item":"https:\/\/betoff.eu\/ro\/"},{"@type":"ListItem","position":2,"name":"Retururi \u0219i reclama\u021bii"}]},{"@type":"WebSite","@id":"https:\/\/betoff.eu\/#website","url":"https:\/\/betoff.eu\/","name":"BETOFF-Products for the world of concrete and beyond!","description":"Betoff - Lichid de \u00eendep\u0103rtare a betonului","publisher":{"@id":"https:\/\/betoff.eu\/#\/schema\/person\/cded67f1acad0c68af8dcc171137512c"},"potentialAction":[{"@type":"SearchAction","target":{"@type":"EntryPoint","urlTemplate":"https:\/\/betoff.eu\/?s={search_term_string}"},"query-input":{"@type":"PropertyValueSpecification","valueRequired":true,"valueName":"search_term_string"}}],"inLanguage":"ro-RO"},{"@type":["Person","Organization"],"@id":"https:\/\/betoff.eu\/#\/schema\/person\/cded67f1acad0c68af8dcc171137512c","name":"admin","image":{"@type":"ImageObject","inLanguage":"ro-RO","@id":"https:\/\/betoff.eu\/#\/schema\/person\/image\/","url":"https:\/\/betoff.eu\/wp-content\/uploads\/2021\/02\/betoff-logo.png","contentUrl":"https:\/\/betoff.eu\/wp-content\/uploads\/2021\/02\/betoff-logo.png","width":1024,"height":258,"caption":"admin"},"logo":{"@id":"https:\/\/betoff.eu\/#\/schema\/person\/image\/"}}]}},"_links":{"self":[{"href":"https:\/\/betoff.eu\/ro\/wp-json\/wp\/v2\/pages\/14102","targetHints":{"allow":["GET"]}}],"collection":[{"href":"https:\/\/betoff.eu\/ro\/wp-json\/wp\/v2\/pages"}],"about":[{"href":"https:\/\/betoff.eu\/ro\/wp-json\/wp\/v2\/types\/page"}],"author":[{"embeddable":true,"href":"https:\/\/betoff.eu\/ro\/wp-json\/wp\/v2\/users\/1"}],"replies":[{"embeddable":true,"href":"https:\/\/betoff.eu\/ro\/wp-json\/wp\/v2\/comments?post=14102"}],"version-history":[{"count":0,"href":"https:\/\/betoff.eu\/ro\/wp-json\/wp\/v2\/pages\/14102\/revisions"}],"wp:attachment":[{"href":"https:\/\/betoff.eu\/ro\/wp-json\/wp\/v2\/media?parent=14102"}],"curies":[{"name":"wp","href":"https:\/\/api.w.org\/{rel}","templated":true}]}}