{"id":14026,"date":"2024-06-21T20:08:20","date_gmt":"2024-06-21T18:08:20","guid":{"rendered":"https:\/\/betoff.eu\/?page_id=14026"},"modified":"2024-06-21T20:08:22","modified_gmt":"2024-06-21T18:08:22","slug":"reguli-de-cumparaturi-online","status":"publish","type":"page","link":"https:\/\/betoff.eu\/ro\/reguli-de-cumparaturi-online\/","title":{"rendered":"Reguli de cump\u0103r\u0103turi online"},"content":{"rendered":"\n\n\n<p>Aceste reglement\u0103ri stabilesc condi\u021biile pentru a face<br>cump\u0103r\u0103turi \u00een magazinul online Betoff.eu<\/p>\n\n\n\n<p>V\u00e2nz\u0103torul este Innovachem Krystian Grzyb z<br>cu sediul \u00een Var\u015fovia la ul. Sarmacka 21\/8<br>(NIP 762-176-43-06).<\/p>\n\n\n\n<p>Comenzile pot fi plasate \u00een magazinul online betoix.pl<br>trimite\u021bi 24 de ore pe zi \u0219i \u00eenregistra\u021bi-v\u0103 aici<br>Magazinul este complet gratuit \u0219i voluntar. In magazin<br>comenzile se pot face online la betoix.pl<br>numai de c\u0103tre adul\u021bii care au plin<br>capacitatea juridic\u0103 de a \u00eencheia contracte<br>acord privind achizi\u021bionarea de bunuri \u0219i servicii.<\/p>\n\n\n\n<p>Informa\u021biile furnizate pe site-ul magazinului nu sunt<br>constituie oferte \u00een sensul prev\u0103zut de Codul civil.<br>Plasarea unei comenzi este tratat\u0103 ca o ofert\u0103 de cump\u0103rare<br>bunurile selectate \u00een condi\u021biile stabilite \u00een<br>Descriere produs.<\/p>\n\n\n\n<p>Comanda este confirmata prin e-mail<br>V\u00e2nz\u0103tor prin trimiterea unui mesaj prin e-mail<br>electronic. Comanda este procesat\u0103 dup\u0103<br>inregistreaza plata pentru bunurile specificate in<br>Ordin.<\/p>\n\n\n\n<p>Marfa se expediaza la adresa specificata in comanda<br>Cump\u0103r\u0103tor \u00een termen de 2-3 zile lucr\u0103toare de la data<br>trimite\u021bi plata \u00een contul v\u00e2nz\u0103torului.<\/p>\n\n\n\n<p>Produsele oferite in magazinul online sunt legale<br>introdus pe pia\u021ba polonez\u0103, complet nou \u0219i<br>f\u0103r\u0103 vicii juridice \u0219i fizice<\/p>\n","protected":false},"excerpt":{"rendered":"<p>Aceste reglement\u0103ri stabilesc condi\u021biile pentru a facecump\u0103r\u0103turi \u00een magazinul online Betoff.eu V\u00e2nz\u0103torul este Innovachem Krystian Grzyb zcu sediul \u00een Var\u015fovia la ul. Sarmacka 21\/8(NIP 762-176-43-06). Comenzile pot fi plasate \u00een magazinul online betoix.pltrimite\u021bi 24 de ore pe zi \u0219i \u00eenregistra\u021bi-v\u0103 aiciMagazinul este complet gratuit \u0219i voluntar. In magazincomenzile se pot face online la betoix.plnumai de [&#8230;]\n","protected":false},"author":1,"featured_media":0,"parent":0,"menu_order":0,"comment_status":"closed","ping_status":"closed","template":"","meta":{"om_disable_all_campaigns":false,"footnotes":""},"class_list":["post-14026","page","type-page","status-publish","hentry"],"yoast_head":"<!-- This site is optimized with the Yoast SEO plugin v25.9 - https:\/\/yoast.com\/wordpress\/plugins\/seo\/ -->\n<title>Reguli de cump\u0103r\u0103turi online - BETOFF-Produse pentru lumea betonului \u0219i nu numai!<\/title>\n<meta name=\"robots\" content=\"index, follow, max-snippet:-1, max-image-preview:large, max-video-preview:-1\" \/>\n<link rel=\"canonical\" href=\"https:\/\/betoff.eu\/ro\/reguli-de-cumparaturi-online\/\" \/>\n<meta property=\"og:locale\" content=\"ro_RO\" \/>\n<meta property=\"og:type\" content=\"article\" \/>\n<meta property=\"og:title\" content=\"Reguli de cump\u0103r\u0103turi online - BETOFF-Produse pentru lumea betonului \u0219i nu numai!\" \/>\n<meta property=\"og:description\" content=\"Aceste reglement\u0103ri stabilesc condi\u021biile pentru a facecump\u0103r\u0103turi \u00een magazinul online Betoff.eu V\u00e2nz\u0103torul este Innovachem Krystian Grzyb zcu sediul \u00een Var\u015fovia la ul. Sarmacka 21\/8(NIP 762-176-43-06). Comenzile pot fi plasate \u00een magazinul online betoix.pltrimite\u021bi 24 de ore pe zi \u0219i \u00eenregistra\u021bi-v\u0103 aiciMagazinul este complet gratuit \u0219i voluntar. In magazincomenzile se pot face online la betoix.plnumai de [...]\" \/>\n<meta property=\"og:url\" content=\"https:\/\/betoff.eu\/ro\/reguli-de-cumparaturi-online\/\" \/>\n<meta property=\"og:site_name\" content=\"BETOFF-Produse pentru lumea betonului \u0219i nu numai!\" \/>\n<meta property=\"article:modified_time\" content=\"2024-06-21T18:08:22+00:00\" \/>\n<meta name=\"twitter:card\" content=\"summary_large_image\" \/>\n<meta name=\"twitter:label1\" content=\"Timp estimat pentru citire\" \/>\n\t<meta name=\"twitter:data1\" content=\"2 minute\" \/>\n<script type=\"application\/ld+json\" class=\"yoast-schema-graph\">{\"@context\":\"https:\/\/schema.org\",\"@graph\":[{\"@type\":\"WebPage\",\"@id\":\"https:\/\/betoff.eu\/ro\/reguli-de-cumparaturi-online\/\",\"url\":\"https:\/\/betoff.eu\/ro\/reguli-de-cumparaturi-online\/\",\"name\":\"Reguli de cump\u0103r\u0103turi online - BETOFF-Produse pentru lumea betonului \u0219i nu numai!\",\"isPartOf\":{\"@id\":\"https:\/\/betoff.eu\/#website\"},\"datePublished\":\"2024-06-21T18:08:20+00:00\",\"dateModified\":\"2024-06-21T18:08:22+00:00\",\"breadcrumb\":{\"@id\":\"https:\/\/betoff.eu\/ro\/reguli-de-cumparaturi-online\/#breadcrumb\"},\"inLanguage\":\"ro-RO\",\"potentialAction\":[{\"@type\":\"ReadAction\",\"target\":[\"https:\/\/betoff.eu\/ro\/reguli-de-cumparaturi-online\/\"]}]},{\"@type\":\"BreadcrumbList\",\"@id\":\"https:\/\/betoff.eu\/ro\/reguli-de-cumparaturi-online\/#breadcrumb\",\"itemListElement\":[{\"@type\":\"ListItem\",\"position\":1,\"name\":\"Hem\",\"item\":\"https:\/\/betoff.eu\/ro\/\"},{\"@type\":\"ListItem\",\"position\":2,\"name\":\"Reguli de cump\u0103r\u0103turi online\"}]},{\"@type\":\"WebSite\",\"@id\":\"https:\/\/betoff.eu\/#website\",\"url\":\"https:\/\/betoff.eu\/\",\"name\":\"BETOFF-Products for the world of concrete and beyond!\",\"description\":\"Betoff - Lichid de \u00eendep\u0103rtare a betonului\",\"publisher\":{\"@id\":\"https:\/\/betoff.eu\/#\/schema\/person\/cded67f1acad0c68af8dcc171137512c\"},\"potentialAction\":[{\"@type\":\"SearchAction\",\"target\":{\"@type\":\"EntryPoint\",\"urlTemplate\":\"https:\/\/betoff.eu\/?s={search_term_string}\"},\"query-input\":{\"@type\":\"PropertyValueSpecification\",\"valueRequired\":true,\"valueName\":\"search_term_string\"}}],\"inLanguage\":\"ro-RO\"},{\"@type\":[\"Person\",\"Organization\"],\"@id\":\"https:\/\/betoff.eu\/#\/schema\/person\/cded67f1acad0c68af8dcc171137512c\",\"name\":\"admin\",\"image\":{\"@type\":\"ImageObject\",\"inLanguage\":\"ro-RO\",\"@id\":\"https:\/\/betoff.eu\/#\/schema\/person\/image\/\",\"url\":\"https:\/\/betoff.eu\/wp-content\/uploads\/2021\/02\/betoff-logo.png\",\"contentUrl\":\"https:\/\/betoff.eu\/wp-content\/uploads\/2021\/02\/betoff-logo.png\",\"width\":1024,\"height\":258,\"caption\":\"admin\"},\"logo\":{\"@id\":\"https:\/\/betoff.eu\/#\/schema\/person\/image\/\"}}]}<\/script>\n<!-- \/ Yoast SEO plugin. -->","yoast_head_json":{"title":"Reguli de cump\u0103r\u0103turi online - BETOFF-Produse pentru lumea betonului \u0219i nu numai!","robots":{"index":"index","follow":"follow","max-snippet":"max-snippet:-1","max-image-preview":"max-image-preview:large","max-video-preview":"max-video-preview:-1"},"canonical":"https:\/\/betoff.eu\/ro\/reguli-de-cumparaturi-online\/","og_locale":"ro_RO","og_type":"article","og_title":"Reguli de cump\u0103r\u0103turi online - BETOFF-Produse pentru lumea betonului \u0219i nu numai!","og_description":"Aceste reglement\u0103ri stabilesc condi\u021biile pentru a facecump\u0103r\u0103turi \u00een magazinul online Betoff.eu V\u00e2nz\u0103torul este Innovachem Krystian Grzyb zcu sediul \u00een Var\u015fovia la ul. Sarmacka 21\/8(NIP 762-176-43-06). Comenzile pot fi plasate \u00een magazinul online betoix.pltrimite\u021bi 24 de ore pe zi \u0219i \u00eenregistra\u021bi-v\u0103 aiciMagazinul este complet gratuit \u0219i voluntar. In magazincomenzile se pot face online la betoix.plnumai de [...]","og_url":"https:\/\/betoff.eu\/ro\/reguli-de-cumparaturi-online\/","og_site_name":"BETOFF-Produse pentru lumea betonului \u0219i nu numai!","article_modified_time":"2024-06-21T18:08:22+00:00","twitter_card":"summary_large_image","twitter_misc":{"Timp estimat pentru citire":"2 minute"},"schema":{"@context":"https:\/\/schema.org","@graph":[{"@type":"WebPage","@id":"https:\/\/betoff.eu\/ro\/reguli-de-cumparaturi-online\/","url":"https:\/\/betoff.eu\/ro\/reguli-de-cumparaturi-online\/","name":"Reguli de cump\u0103r\u0103turi online - BETOFF-Produse pentru lumea betonului \u0219i nu numai!","isPartOf":{"@id":"https:\/\/betoff.eu\/#website"},"datePublished":"2024-06-21T18:08:20+00:00","dateModified":"2024-06-21T18:08:22+00:00","breadcrumb":{"@id":"https:\/\/betoff.eu\/ro\/reguli-de-cumparaturi-online\/#breadcrumb"},"inLanguage":"ro-RO","potentialAction":[{"@type":"ReadAction","target":["https:\/\/betoff.eu\/ro\/reguli-de-cumparaturi-online\/"]}]},{"@type":"BreadcrumbList","@id":"https:\/\/betoff.eu\/ro\/reguli-de-cumparaturi-online\/#breadcrumb","itemListElement":[{"@type":"ListItem","position":1,"name":"Hem","item":"https:\/\/betoff.eu\/ro\/"},{"@type":"ListItem","position":2,"name":"Reguli de cump\u0103r\u0103turi online"}]},{"@type":"WebSite","@id":"https:\/\/betoff.eu\/#website","url":"https:\/\/betoff.eu\/","name":"BETOFF-Products for the world of concrete and beyond!","description":"Betoff - Lichid de \u00eendep\u0103rtare a betonului","publisher":{"@id":"https:\/\/betoff.eu\/#\/schema\/person\/cded67f1acad0c68af8dcc171137512c"},"potentialAction":[{"@type":"SearchAction","target":{"@type":"EntryPoint","urlTemplate":"https:\/\/betoff.eu\/?s={search_term_string}"},"query-input":{"@type":"PropertyValueSpecification","valueRequired":true,"valueName":"search_term_string"}}],"inLanguage":"ro-RO"},{"@type":["Person","Organization"],"@id":"https:\/\/betoff.eu\/#\/schema\/person\/cded67f1acad0c68af8dcc171137512c","name":"admin","image":{"@type":"ImageObject","inLanguage":"ro-RO","@id":"https:\/\/betoff.eu\/#\/schema\/person\/image\/","url":"https:\/\/betoff.eu\/wp-content\/uploads\/2021\/02\/betoff-logo.png","contentUrl":"https:\/\/betoff.eu\/wp-content\/uploads\/2021\/02\/betoff-logo.png","width":1024,"height":258,"caption":"admin"},"logo":{"@id":"https:\/\/betoff.eu\/#\/schema\/person\/image\/"}}]}},"_links":{"self":[{"href":"https:\/\/betoff.eu\/ro\/wp-json\/wp\/v2\/pages\/14026","targetHints":{"allow":["GET"]}}],"collection":[{"href":"https:\/\/betoff.eu\/ro\/wp-json\/wp\/v2\/pages"}],"about":[{"href":"https:\/\/betoff.eu\/ro\/wp-json\/wp\/v2\/types\/page"}],"author":[{"embeddable":true,"href":"https:\/\/betoff.eu\/ro\/wp-json\/wp\/v2\/users\/1"}],"replies":[{"embeddable":true,"href":"https:\/\/betoff.eu\/ro\/wp-json\/wp\/v2\/comments?post=14026"}],"version-history":[{"count":0,"href":"https:\/\/betoff.eu\/ro\/wp-json\/wp\/v2\/pages\/14026\/revisions"}],"wp:attachment":[{"href":"https:\/\/betoff.eu\/ro\/wp-json\/wp\/v2\/media?parent=14026"}],"curies":[{"name":"wp","href":"https:\/\/api.w.org\/{rel}","templated":true}]}}