{"id":13966,"date":"2024-06-21T07:44:05","date_gmt":"2024-06-21T05:44:05","guid":{"rendered":"https:\/\/betoff.eu\/?page_id=13966"},"modified":"2024-06-21T09:06:02","modified_gmt":"2024-06-21T07:06:02","slug":"politica-de-confidentialitate","status":"publish","type":"page","link":"https:\/\/betoff.eu\/ro\/politica-de-confidentialitate\/","title":{"rendered":"Politica de confiden\u021bialitate"},"content":{"rendered":"\n<p>Politica de confiden\u021bialitate a site-ului. https:\/\/betoff.eu<\/p>\n\n\n\n<ol class=\"wp-block-list\">\n<li>Informa\u021bii principale<\/li>\n<\/ol>\n\n\n\n<p>Aceast\u0103 politic\u0103 de confiden\u021bialitate descrie regulile de tratare \u0219i protec\u021bie a datelor cu caracter personal furnizate de utilizatori \u00een leg\u0103tur\u0103 cu utilizarea serviciilor de v\u00e2nzare prin intermediul site-ului.<\/p>\n\n\n\n<ol class=\"wp-block-list\" start=\"2\">\n<li>Operatorul datelor cu caracter personal de pe site este a<\/li>\n<\/ol>\n\n\n\n<p>Innovachem Krystian Grzyb cu sediul central ul. Sarmacka 21\/8 Varssavi cod fiscal european PL7621764306<\/p>\n\n\n\n<p>Pentru a proteja datele care ne-au fost \u00eencredin\u021bate, am dezvoltat proceduri \u0219i recomand\u0103ri interne ale companiei pentru a preveni accesul neautorizat la date. Verific\u0103m conformitatea \u0219i monitoriz\u0103m \u00een mod continuu respectarea legisla\u021biei relevante &#8211; Legea datelor cu caracter personal, Legea serviciilor electronice \u0219i tot felul de reglement\u0103ri executive \u0219i sociale.<\/p>\n\n\n\n<p>Datele cu caracter personal sunt prelucrate pe baza consim\u021b\u0103m\u00e2ntului expres al Utilizatorului, precum \u0219i \u00een cazurile \u00een care legisla\u021bia autorizeaz\u0103 operatorul s\u0103 prelucreze date cu caracter personal sau s\u0103 execute un contract \u00eentre p\u0103r\u021bile contractante.<\/p>\n\n\n\n<p>Site-ul web colecteaz\u0103 date despre utilizatori \u0219i comportamentul acestora, dup\u0103 cum urmeaz\u0103:<\/p>\n\n\n\n<p>Pentru a asigura securitatea datelor care ne sunt \u00eencredin\u021bate, am dezvoltat proceduri interne \u0219i recomand\u0103ri pentru a preveni accesul neautorizat la date. Monitoriz\u0103m respectarea acestora \u0219i monitoriz\u0103m continuu respectarea legisla\u021biei relevante: Legea datelor cu caracter personal, Legea serviciilor electronice, dar \u0219i tot felul de reglement\u0103ri executive \u0219i municipale.<\/p>\n\n\n\n<p>Prelucrarea datelor cu caracter personal se bazeaz\u0103 pe consim\u021b\u0103m\u00e2ntul expres al Utilizatorului, precum \u0219i \u00een cazurile \u00een care legisla\u021bia autorizeaz\u0103 \u0219eful de prelucrare a datelor cu caracter personal s\u0103 prelucreze date cu caracter personal sau s\u0103 \u00eencheie un contract \u00eentre p\u0103r\u021bi.<\/p>\n\n\n\n<p>Site-ul web colecteaz\u0103 date despre utilizatori \u0219i comportamentul acestora, dup\u0103 cum urmeaz\u0103:<\/p>\n\n\n\n<p>a) utilizarea informa\u021biilor furnizate voluntar \u00een formulare<\/p>\n\n\n\n<p>b) colectare de cookie-uri [vezi politica cookie]\n\n\n\n<p>Politica de cookie-uri<\/p>\n\n\n\n<p>Politica de cookie-uri a site-ului https:\/\/betoff.eu<\/p>\n\n\n\n<p>\u201eCookie-urile\u201d sunt date informatice care sunt stocate pe dispozitivele terminale ale utilizatorilor \u00een scopul utiliz\u0103rii site-ului web. Acestea sunt de obicei fi\u0219iere text care con\u021bin numele site-ului web de la care provin, timpul de stocare pe dispozitivul final \u0219i un num\u0103r unic.<\/p>\n\n\n\n<p>Site-ul web nu colecteaz\u0103 automat alte date dec\u00e2t cele con\u021binute \u00een cookie-uri.<\/p>\n\n\n\n<p>Cookie-urile sunt folosite pentru a utiliza site-uri web. Operatorul folose\u0219te aceste fi\u0219iere pentru a:<\/p>\n\n\n\n<p>a) capacitatea de a \u00eenregistra \u0219i men\u021bine o sesiune de utilizator pe toate celelalte pagini ale site-ului web<\/p>\n\n\n\n<p>b) s\u0103 adapteze con\u021binutul site-ului web la preferin\u021bele individuale ale utilizatorului, deoarece aceste fi\u0219iere v\u0103 recunosc \u00een mod specific dispozitivul pentru a afi\u0219a site-ul web \u00een func\u021bie de preferin\u021bele acestuia<\/p>\n\n\n\n<p>c) crearea de statistici anonime care exclud posibilitatea identific\u0103rii utilizatorului.<\/p>\n\n\n\n<p>Cookie-urile utilizate de partenerii de operare ai site-ului web, inclusiv \u00een special utilizatorii site-ului web, sunt supuse politicilor lor de confiden\u021bialitate.<\/p>\n\n\n\n<p>Pentru a proteja datele care ne-au fost \u00eencredin\u021bate, am dezvoltat proceduri \u0219i recomand\u0103ri interne ale companiei pentru a preveni accesul neautorizat la date. Verific\u0103m conformitatea \u0219i monitoriz\u0103m \u00een mod continuu respectarea legisla\u021biei relevante &#8211; Legea datelor cu caracter personal, Legea serviciilor electronice \u0219i tot felul de reglement\u0103ri executive \u0219i sociale.<\/p>\n\n\n\n<p>Implicit, software-ul utilizat pentru navigarea pe site permite plasarea cookie-urilor pe dispozitivul terminal al utilizatorului. Utilizatorul poate modifica aceste set\u0103ri pentru a bloca procesarea automat\u0103 a cookie-urilor \u00een set\u0103rile browserului sau pentru a primi o notificare de fiecare dat\u0103 c\u00e2nd sunt transferate pe dispozitivul utilizatorului.<\/p>\n\n\n\n<p>Utilizatorii site-ului \u00ee\u0219i pot schimba set\u0103rile cookie-urilor \u00een orice moment. Informa\u021bii detaliate despre op\u021biunile \u0219i modalit\u0103\u021bile de procesare a cookie-urilor pot fi g\u0103site \u00een set\u0103rile software (browser). Exemple de op\u021biuni de personalizare pentru browsere populare:<\/p>\n\n\n\n<p>Mozilla Firefox: www.support.mozilla.org\/pl\/kb\/ciasteczka<\/p>\n\n\n\n<p>\u2013 Internet Explorer: www.support.microsoft.com\/kb\/278835\/pl<\/p>\n\n\n\n<p>\u2013 Google Chrome: www.support.google.com\/chrome\/bin\/answer.py?hl=pl&amp;answer=95647<\/p>\n\n\n\n<p>\u2013 Safari: www.safari.helpmax.net\/sv\/spara-tid\/inneh\u00e5llsblockering\/<\/p>\n\n\n\n<p>Operatorul site-ului web subliniaz\u0103 c\u0103, dac\u0103 set\u0103rile browserului utilizatorului sunt modificate, este posibil ca site-ul web s\u0103 nu func\u021bioneze corect.<\/p>\n\n\n","protected":false},"excerpt":{"rendered":"<p>Politica de confiden\u021bialitate a site-ului. https:\/\/betoff.eu Aceast\u0103 politic\u0103 de confiden\u021bialitate descrie regulile de tratare \u0219i protec\u021bie a datelor cu caracter personal furnizate de utilizatori \u00een leg\u0103tur\u0103 cu utilizarea serviciilor de v\u00e2nzare prin intermediul site-ului. Innovachem Krystian Grzyb cu sediul central ul. Sarmacka 21\/8 Varssavi cod fiscal european PL7621764306 Pentru a proteja datele care ne-au fost [&#8230;]\n","protected":false},"author":1,"featured_media":0,"parent":0,"menu_order":0,"comment_status":"closed","ping_status":"closed","template":"","meta":{"om_disable_all_campaigns":false,"footnotes":""},"class_list":["post-13966","page","type-page","status-publish","hentry"],"yoast_head":"<!-- This site is optimized with the Yoast SEO plugin v25.9 - https:\/\/yoast.com\/wordpress\/plugins\/seo\/ -->\n<title>Politica de confiden\u021bialitate - BETOFF-Produse pentru lumea betonului \u0219i nu numai!<\/title>\n<meta name=\"robots\" content=\"index, follow, max-snippet:-1, max-image-preview:large, max-video-preview:-1\" \/>\n<link rel=\"canonical\" href=\"https:\/\/betoff.eu\/ro\/politica-de-confidentialitate\/\" \/>\n<meta property=\"og:locale\" content=\"ro_RO\" \/>\n<meta property=\"og:type\" content=\"article\" \/>\n<meta property=\"og:title\" content=\"Politica de confiden\u021bialitate - BETOFF-Produse pentru lumea betonului \u0219i nu numai!\" \/>\n<meta property=\"og:description\" content=\"Politica de confiden\u021bialitate a site-ului. https:\/\/betoff.eu Aceast\u0103 politic\u0103 de confiden\u021bialitate descrie regulile de tratare \u0219i protec\u021bie a datelor cu caracter personal furnizate de utilizatori \u00een leg\u0103tur\u0103 cu utilizarea serviciilor de v\u00e2nzare prin intermediul site-ului. Innovachem Krystian Grzyb cu sediul central ul. Sarmacka 21\/8 Varssavi cod fiscal european PL7621764306 Pentru a proteja datele care ne-au fost [...]\" \/>\n<meta property=\"og:url\" content=\"https:\/\/betoff.eu\/ro\/politica-de-confidentialitate\/\" \/>\n<meta property=\"og:site_name\" content=\"BETOFF-Produse pentru lumea betonului \u0219i nu numai!\" \/>\n<meta property=\"article:modified_time\" content=\"2024-06-21T07:06:02+00:00\" \/>\n<meta name=\"twitter:card\" content=\"summary_large_image\" \/>\n<meta name=\"twitter:label1\" content=\"Timp estimat pentru citire\" \/>\n\t<meta name=\"twitter:data1\" content=\"4 minute\" \/>\n<script type=\"application\/ld+json\" class=\"yoast-schema-graph\">{\"@context\":\"https:\/\/schema.org\",\"@graph\":[{\"@type\":\"WebPage\",\"@id\":\"https:\/\/betoff.eu\/ro\/politica-de-confidentialitate\/\",\"url\":\"https:\/\/betoff.eu\/ro\/politica-de-confidentialitate\/\",\"name\":\"Politica de confiden\u021bialitate - BETOFF-Produse pentru lumea betonului \u0219i nu numai!\",\"isPartOf\":{\"@id\":\"https:\/\/betoff.eu\/#website\"},\"datePublished\":\"2024-06-21T05:44:05+00:00\",\"dateModified\":\"2024-06-21T07:06:02+00:00\",\"breadcrumb\":{\"@id\":\"https:\/\/betoff.eu\/ro\/politica-de-confidentialitate\/#breadcrumb\"},\"inLanguage\":\"ro-RO\",\"potentialAction\":[{\"@type\":\"ReadAction\",\"target\":[\"https:\/\/betoff.eu\/ro\/politica-de-confidentialitate\/\"]}]},{\"@type\":\"BreadcrumbList\",\"@id\":\"https:\/\/betoff.eu\/ro\/politica-de-confidentialitate\/#breadcrumb\",\"itemListElement\":[{\"@type\":\"ListItem\",\"position\":1,\"name\":\"Hem\",\"item\":\"https:\/\/betoff.eu\/ro\/\"},{\"@type\":\"ListItem\",\"position\":2,\"name\":\"Politica de confiden\u021bialitate\"}]},{\"@type\":\"WebSite\",\"@id\":\"https:\/\/betoff.eu\/#website\",\"url\":\"https:\/\/betoff.eu\/\",\"name\":\"BETOFF-Products for the world of concrete and beyond!\",\"description\":\"Betoff - Lichid de \u00eendep\u0103rtare a betonului\",\"publisher\":{\"@id\":\"https:\/\/betoff.eu\/#\/schema\/person\/cded67f1acad0c68af8dcc171137512c\"},\"potentialAction\":[{\"@type\":\"SearchAction\",\"target\":{\"@type\":\"EntryPoint\",\"urlTemplate\":\"https:\/\/betoff.eu\/?s={search_term_string}\"},\"query-input\":{\"@type\":\"PropertyValueSpecification\",\"valueRequired\":true,\"valueName\":\"search_term_string\"}}],\"inLanguage\":\"ro-RO\"},{\"@type\":[\"Person\",\"Organization\"],\"@id\":\"https:\/\/betoff.eu\/#\/schema\/person\/cded67f1acad0c68af8dcc171137512c\",\"name\":\"admin\",\"image\":{\"@type\":\"ImageObject\",\"inLanguage\":\"ro-RO\",\"@id\":\"https:\/\/betoff.eu\/#\/schema\/person\/image\/\",\"url\":\"https:\/\/betoff.eu\/wp-content\/uploads\/2021\/02\/betoff-logo.png\",\"contentUrl\":\"https:\/\/betoff.eu\/wp-content\/uploads\/2021\/02\/betoff-logo.png\",\"width\":1024,\"height\":258,\"caption\":\"admin\"},\"logo\":{\"@id\":\"https:\/\/betoff.eu\/#\/schema\/person\/image\/\"}}]}<\/script>\n<!-- \/ Yoast SEO plugin. -->","yoast_head_json":{"title":"Politica de confiden\u021bialitate - BETOFF-Produse pentru lumea betonului \u0219i nu numai!","robots":{"index":"index","follow":"follow","max-snippet":"max-snippet:-1","max-image-preview":"max-image-preview:large","max-video-preview":"max-video-preview:-1"},"canonical":"https:\/\/betoff.eu\/ro\/politica-de-confidentialitate\/","og_locale":"ro_RO","og_type":"article","og_title":"Politica de confiden\u021bialitate - BETOFF-Produse pentru lumea betonului \u0219i nu numai!","og_description":"Politica de confiden\u021bialitate a site-ului. https:\/\/betoff.eu Aceast\u0103 politic\u0103 de confiden\u021bialitate descrie regulile de tratare \u0219i protec\u021bie a datelor cu caracter personal furnizate de utilizatori \u00een leg\u0103tur\u0103 cu utilizarea serviciilor de v\u00e2nzare prin intermediul site-ului. Innovachem Krystian Grzyb cu sediul central ul. Sarmacka 21\/8 Varssavi cod fiscal european PL7621764306 Pentru a proteja datele care ne-au fost [...]","og_url":"https:\/\/betoff.eu\/ro\/politica-de-confidentialitate\/","og_site_name":"BETOFF-Produse pentru lumea betonului \u0219i nu numai!","article_modified_time":"2024-06-21T07:06:02+00:00","twitter_card":"summary_large_image","twitter_misc":{"Timp estimat pentru citire":"4 minute"},"schema":{"@context":"https:\/\/schema.org","@graph":[{"@type":"WebPage","@id":"https:\/\/betoff.eu\/ro\/politica-de-confidentialitate\/","url":"https:\/\/betoff.eu\/ro\/politica-de-confidentialitate\/","name":"Politica de confiden\u021bialitate - BETOFF-Produse pentru lumea betonului \u0219i nu numai!","isPartOf":{"@id":"https:\/\/betoff.eu\/#website"},"datePublished":"2024-06-21T05:44:05+00:00","dateModified":"2024-06-21T07:06:02+00:00","breadcrumb":{"@id":"https:\/\/betoff.eu\/ro\/politica-de-confidentialitate\/#breadcrumb"},"inLanguage":"ro-RO","potentialAction":[{"@type":"ReadAction","target":["https:\/\/betoff.eu\/ro\/politica-de-confidentialitate\/"]}]},{"@type":"BreadcrumbList","@id":"https:\/\/betoff.eu\/ro\/politica-de-confidentialitate\/#breadcrumb","itemListElement":[{"@type":"ListItem","position":1,"name":"Hem","item":"https:\/\/betoff.eu\/ro\/"},{"@type":"ListItem","position":2,"name":"Politica de confiden\u021bialitate"}]},{"@type":"WebSite","@id":"https:\/\/betoff.eu\/#website","url":"https:\/\/betoff.eu\/","name":"BETOFF-Products for the world of concrete and beyond!","description":"Betoff - Lichid de \u00eendep\u0103rtare a betonului","publisher":{"@id":"https:\/\/betoff.eu\/#\/schema\/person\/cded67f1acad0c68af8dcc171137512c"},"potentialAction":[{"@type":"SearchAction","target":{"@type":"EntryPoint","urlTemplate":"https:\/\/betoff.eu\/?s={search_term_string}"},"query-input":{"@type":"PropertyValueSpecification","valueRequired":true,"valueName":"search_term_string"}}],"inLanguage":"ro-RO"},{"@type":["Person","Organization"],"@id":"https:\/\/betoff.eu\/#\/schema\/person\/cded67f1acad0c68af8dcc171137512c","name":"admin","image":{"@type":"ImageObject","inLanguage":"ro-RO","@id":"https:\/\/betoff.eu\/#\/schema\/person\/image\/","url":"https:\/\/betoff.eu\/wp-content\/uploads\/2021\/02\/betoff-logo.png","contentUrl":"https:\/\/betoff.eu\/wp-content\/uploads\/2021\/02\/betoff-logo.png","width":1024,"height":258,"caption":"admin"},"logo":{"@id":"https:\/\/betoff.eu\/#\/schema\/person\/image\/"}}]}},"_links":{"self":[{"href":"https:\/\/betoff.eu\/ro\/wp-json\/wp\/v2\/pages\/13966","targetHints":{"allow":["GET"]}}],"collection":[{"href":"https:\/\/betoff.eu\/ro\/wp-json\/wp\/v2\/pages"}],"about":[{"href":"https:\/\/betoff.eu\/ro\/wp-json\/wp\/v2\/types\/page"}],"author":[{"embeddable":true,"href":"https:\/\/betoff.eu\/ro\/wp-json\/wp\/v2\/users\/1"}],"replies":[{"embeddable":true,"href":"https:\/\/betoff.eu\/ro\/wp-json\/wp\/v2\/comments?post=13966"}],"version-history":[{"count":0,"href":"https:\/\/betoff.eu\/ro\/wp-json\/wp\/v2\/pages\/13966\/revisions"}],"wp:attachment":[{"href":"https:\/\/betoff.eu\/ro\/wp-json\/wp\/v2\/media?parent=13966"}],"curies":[{"name":"wp","href":"https:\/\/api.w.org\/{rel}","templated":true}]}}