{"id":14918,"date":"2024-08-02T09:05:02","date_gmt":"2024-08-02T07:05:02","guid":{"rendered":"https:\/\/betoff.eu\/?post_type=product&#038;p=14918"},"modified":"2024-08-02T09:05:02","modified_gmt":"2024-08-02T07:05:02","slug":"betoff-5l-fluido-de-remocao-de-concreto-concentrado-sujeira-velha","status":"publish","type":"product","link":"https:\/\/betoff.eu\/pt-pt\/produkt\/betoff-5l-fluido-de-remocao-de-concreto-concentrado-sujeira-velha\/","title":{"rendered":"BETOFF &#8211; 5L &#8211; Fluido de remo\u00e7\u00e3o de concreto. Concentrado. Sujeira velha"},"content":{"rendered":"","protected":false},"excerpt":{"rendered":"","protected":false},"featured_media":14919,"template":"","meta":{"om_disable_all_campaigns":false},"product_brand":[],"product_cat":[398],"product_tag":[],"class_list":{"0":"post-14918","1":"product","2":"type-product","3":"status-publish","4":"has-post-thumbnail","6":"product_cat-remocao-de-concreto","8":"first","9":"instock","10":"taxable","11":"shipping-taxable","12":"purchasable","13":"product-type-simple"},"yoast_head":"<!-- This site is optimized with the Yoast SEO plugin v25.9 - https:\/\/yoast.com\/wordpress\/plugins\/seo\/ -->\n<title>BETOFF - 5L - Fluido de remo\u00e7\u00e3o de concreto. Concentrado. Sujeira velha - BETOFF-Produtos para o mundo do concreto e muito mais!<\/title>\n<meta name=\"description\" content=\"A remo\u00e7\u00e3o do concreto com l\u00edquido BETOFF \u00e9 uma garantia de efic\u00e1cia. Esta prepara\u00e7\u00e3o inovadora dissolve facilmente at\u00e9 mesmo concreto antigo. Verifique a sua pot\u00eancia e veja por si mesmo como \u00e9 \u00fanico!\" \/>\n<meta name=\"robots\" content=\"index, follow, max-snippet:-1, max-image-preview:large, max-video-preview:-1\" \/>\n<link rel=\"canonical\" href=\"https:\/\/betoff.eu\/pt-pt\/produkt\/betoff-5l-fluido-de-remocao-de-concreto-concentrado-sujeira-velha\/\" \/>\n<meta property=\"og:locale\" content=\"pt_PT\" \/>\n<meta property=\"og:type\" content=\"article\" \/>\n<meta property=\"og:title\" content=\"BETOFF - 5L - Fluido de remo\u00e7\u00e3o de concreto. Concentrado. Sujeira velha - BETOFF-Produtos para o mundo do concreto e muito mais!\" \/>\n<meta property=\"og:description\" content=\"A remo\u00e7\u00e3o do concreto com l\u00edquido BETOFF \u00e9 uma garantia de efic\u00e1cia. Esta prepara\u00e7\u00e3o inovadora dissolve facilmente at\u00e9 mesmo concreto antigo. Verifique a sua pot\u00eancia e veja por si mesmo como \u00e9 \u00fanico!\" \/>\n<meta property=\"og:url\" content=\"https:\/\/betoff.eu\/pt-pt\/produkt\/betoff-5l-fluido-de-remocao-de-concreto-concentrado-sujeira-velha\/\" \/>\n<meta property=\"og:site_name\" content=\"BETOFF-Produtos para o mundo do concreto e muito mais!\" \/>\n<meta property=\"og:image\" content=\"https:\/\/betoff.eu\/wp-content\/uploads\/2024\/08\/Betoff-5-L-neu-430x538-1.png\" \/>\n\t<meta property=\"og:image:width\" content=\"430\" \/>\n\t<meta property=\"og:image:height\" content=\"538\" \/>\n\t<meta property=\"og:image:type\" content=\"image\/png\" \/>\n<meta name=\"twitter:card\" content=\"summary_large_image\" \/>\n<meta name=\"twitter:label1\" content=\"Tempo estimado de leitura\" \/>\n\t<meta name=\"twitter:data1\" content=\"1 minuto\" \/>\n<script type=\"application\/ld+json\" class=\"yoast-schema-graph\">{\"@context\":\"https:\/\/schema.org\",\"@graph\":[{\"@type\":\"WebPage\",\"@id\":\"https:\/\/betoff.eu\/pt-pt\/produkt\/betoff-5l-fluido-de-remocao-de-concreto-concentrado-sujeira-velha\/\",\"url\":\"https:\/\/betoff.eu\/pt-pt\/produkt\/betoff-5l-fluido-de-remocao-de-concreto-concentrado-sujeira-velha\/\",\"name\":\"BETOFF - 5L - Fluido de remo\u00e7\u00e3o de concreto. Concentrado. Sujeira velha - BETOFF-Produtos para o mundo do concreto e muito mais!\",\"isPartOf\":{\"@id\":\"https:\/\/betoff.eu\/#website\"},\"primaryImageOfPage\":{\"@id\":\"https:\/\/betoff.eu\/pt-pt\/produkt\/betoff-5l-fluido-de-remocao-de-concreto-concentrado-sujeira-velha\/#primaryimage\"},\"image\":{\"@id\":\"https:\/\/betoff.eu\/pt-pt\/produkt\/betoff-5l-fluido-de-remocao-de-concreto-concentrado-sujeira-velha\/#primaryimage\"},\"thumbnailUrl\":\"https:\/\/betoff.eu\/wp-content\/uploads\/2024\/08\/Betoff-5-L-neu-430x538-1.png\",\"datePublished\":\"2024-08-02T07:05:02+00:00\",\"description\":\"A remo\u00e7\u00e3o do concreto com l\u00edquido BETOFF \u00e9 uma garantia de efic\u00e1cia. Esta prepara\u00e7\u00e3o inovadora dissolve facilmente at\u00e9 mesmo concreto antigo. Verifique a sua pot\u00eancia e veja por si mesmo como \u00e9 \u00fanico!\",\"breadcrumb\":{\"@id\":\"https:\/\/betoff.eu\/pt-pt\/produkt\/betoff-5l-fluido-de-remocao-de-concreto-concentrado-sujeira-velha\/#breadcrumb\"},\"inLanguage\":\"pt-PT\",\"potentialAction\":[{\"@type\":\"ReadAction\",\"target\":[\"https:\/\/betoff.eu\/pt-pt\/produkt\/betoff-5l-fluido-de-remocao-de-concreto-concentrado-sujeira-velha\/\"]}]},{\"@type\":\"ImageObject\",\"inLanguage\":\"pt-PT\",\"@id\":\"https:\/\/betoff.eu\/pt-pt\/produkt\/betoff-5l-fluido-de-remocao-de-concreto-concentrado-sujeira-velha\/#primaryimage\",\"url\":\"https:\/\/betoff.eu\/wp-content\/uploads\/2024\/08\/Betoff-5-L-neu-430x538-1.png\",\"contentUrl\":\"https:\/\/betoff.eu\/wp-content\/uploads\/2024\/08\/Betoff-5-L-neu-430x538-1.png\",\"width\":430,\"height\":538,\"caption\":\"Remo\u00e7\u00e3o de concreto\"},{\"@type\":\"BreadcrumbList\",\"@id\":\"https:\/\/betoff.eu\/pt-pt\/produkt\/betoff-5l-fluido-de-remocao-de-concreto-concentrado-sujeira-velha\/#breadcrumb\",\"itemListElement\":[{\"@type\":\"ListItem\",\"position\":1,\"name\":\"Hem\",\"item\":\"https:\/\/betoff.eu\/pt\/\"},{\"@type\":\"ListItem\",\"position\":2,\"name\":\"Shop\",\"item\":\"https:\/\/betoff.eu\/pl\/sklep-2\/\"},{\"@type\":\"ListItem\",\"position\":3,\"name\":\"BETOFF &#8211; 5L &#8211; Fluido de remo\u00e7\u00e3o de concreto. Concentrado. Sujeira velha\"}]},{\"@type\":\"WebSite\",\"@id\":\"https:\/\/betoff.eu\/#website\",\"url\":\"https:\/\/betoff.eu\/\",\"name\":\"BETOFF-Products for the world of concrete and beyond!\",\"description\":\"Betoff - Fluido de remo\u00e7\u00e3o de concreto\",\"publisher\":{\"@id\":\"https:\/\/betoff.eu\/#\/schema\/person\/cded67f1acad0c68af8dcc171137512c\"},\"potentialAction\":[{\"@type\":\"SearchAction\",\"target\":{\"@type\":\"EntryPoint\",\"urlTemplate\":\"https:\/\/betoff.eu\/?s={search_term_string}\"},\"query-input\":{\"@type\":\"PropertyValueSpecification\",\"valueRequired\":true,\"valueName\":\"search_term_string\"}}],\"inLanguage\":\"pt-PT\"},{\"@type\":[\"Person\",\"Organization\"],\"@id\":\"https:\/\/betoff.eu\/#\/schema\/person\/cded67f1acad0c68af8dcc171137512c\",\"name\":\"admin\",\"image\":{\"@type\":\"ImageObject\",\"inLanguage\":\"pt-PT\",\"@id\":\"https:\/\/betoff.eu\/#\/schema\/person\/image\/\",\"url\":\"https:\/\/betoff.eu\/wp-content\/uploads\/2021\/02\/betoff-logo.png\",\"contentUrl\":\"https:\/\/betoff.eu\/wp-content\/uploads\/2021\/02\/betoff-logo.png\",\"width\":1024,\"height\":258,\"caption\":\"admin\"},\"logo\":{\"@id\":\"https:\/\/betoff.eu\/#\/schema\/person\/image\/\"}}]}<\/script>\n<!-- \/ Yoast SEO plugin. -->","yoast_head_json":{"title":"BETOFF - 5L - Fluido de remo\u00e7\u00e3o de concreto. Concentrado. Sujeira velha - BETOFF-Produtos para o mundo do concreto e muito mais!","description":"A remo\u00e7\u00e3o do concreto com l\u00edquido BETOFF \u00e9 uma garantia de efic\u00e1cia. Esta prepara\u00e7\u00e3o inovadora dissolve facilmente at\u00e9 mesmo concreto antigo. Verifique a sua pot\u00eancia e veja por si mesmo como \u00e9 \u00fanico!","robots":{"index":"index","follow":"follow","max-snippet":"max-snippet:-1","max-image-preview":"max-image-preview:large","max-video-preview":"max-video-preview:-1"},"canonical":"https:\/\/betoff.eu\/pt-pt\/produkt\/betoff-5l-fluido-de-remocao-de-concreto-concentrado-sujeira-velha\/","og_locale":"pt_PT","og_type":"article","og_title":"BETOFF - 5L - Fluido de remo\u00e7\u00e3o de concreto. Concentrado. Sujeira velha - BETOFF-Produtos para o mundo do concreto e muito mais!","og_description":"A remo\u00e7\u00e3o do concreto com l\u00edquido BETOFF \u00e9 uma garantia de efic\u00e1cia. Esta prepara\u00e7\u00e3o inovadora dissolve facilmente at\u00e9 mesmo concreto antigo. Verifique a sua pot\u00eancia e veja por si mesmo como \u00e9 \u00fanico!","og_url":"https:\/\/betoff.eu\/pt-pt\/produkt\/betoff-5l-fluido-de-remocao-de-concreto-concentrado-sujeira-velha\/","og_site_name":"BETOFF-Produtos para o mundo do concreto e muito mais!","og_image":[{"width":430,"height":538,"url":"https:\/\/betoff.eu\/wp-content\/uploads\/2024\/08\/Betoff-5-L-neu-430x538-1.png","type":"image\/png"}],"twitter_card":"summary_large_image","twitter_misc":{"Tempo estimado de leitura":"1 minuto"},"schema":{"@context":"https:\/\/schema.org","@graph":[{"@type":"WebPage","@id":"https:\/\/betoff.eu\/pt-pt\/produkt\/betoff-5l-fluido-de-remocao-de-concreto-concentrado-sujeira-velha\/","url":"https:\/\/betoff.eu\/pt-pt\/produkt\/betoff-5l-fluido-de-remocao-de-concreto-concentrado-sujeira-velha\/","name":"BETOFF - 5L - Fluido de remo\u00e7\u00e3o de concreto. Concentrado. Sujeira velha - BETOFF-Produtos para o mundo do concreto e muito mais!","isPartOf":{"@id":"https:\/\/betoff.eu\/#website"},"primaryImageOfPage":{"@id":"https:\/\/betoff.eu\/pt-pt\/produkt\/betoff-5l-fluido-de-remocao-de-concreto-concentrado-sujeira-velha\/#primaryimage"},"image":{"@id":"https:\/\/betoff.eu\/pt-pt\/produkt\/betoff-5l-fluido-de-remocao-de-concreto-concentrado-sujeira-velha\/#primaryimage"},"thumbnailUrl":"https:\/\/betoff.eu\/wp-content\/uploads\/2024\/08\/Betoff-5-L-neu-430x538-1.png","datePublished":"2024-08-02T07:05:02+00:00","description":"A remo\u00e7\u00e3o do concreto com l\u00edquido BETOFF \u00e9 uma garantia de efic\u00e1cia. Esta prepara\u00e7\u00e3o inovadora dissolve facilmente at\u00e9 mesmo concreto antigo. Verifique a sua pot\u00eancia e veja por si mesmo como \u00e9 \u00fanico!","breadcrumb":{"@id":"https:\/\/betoff.eu\/pt-pt\/produkt\/betoff-5l-fluido-de-remocao-de-concreto-concentrado-sujeira-velha\/#breadcrumb"},"inLanguage":"pt-PT","potentialAction":[{"@type":"ReadAction","target":["https:\/\/betoff.eu\/pt-pt\/produkt\/betoff-5l-fluido-de-remocao-de-concreto-concentrado-sujeira-velha\/"]}]},{"@type":"ImageObject","inLanguage":"pt-PT","@id":"https:\/\/betoff.eu\/pt-pt\/produkt\/betoff-5l-fluido-de-remocao-de-concreto-concentrado-sujeira-velha\/#primaryimage","url":"https:\/\/betoff.eu\/wp-content\/uploads\/2024\/08\/Betoff-5-L-neu-430x538-1.png","contentUrl":"https:\/\/betoff.eu\/wp-content\/uploads\/2024\/08\/Betoff-5-L-neu-430x538-1.png","width":430,"height":538,"caption":"Remo\u00e7\u00e3o de concreto"},{"@type":"BreadcrumbList","@id":"https:\/\/betoff.eu\/pt-pt\/produkt\/betoff-5l-fluido-de-remocao-de-concreto-concentrado-sujeira-velha\/#breadcrumb","itemListElement":[{"@type":"ListItem","position":1,"name":"Hem","item":"https:\/\/betoff.eu\/pt\/"},{"@type":"ListItem","position":2,"name":"Shop","item":"https:\/\/betoff.eu\/pl\/sklep-2\/"},{"@type":"ListItem","position":3,"name":"BETOFF &#8211; 5L &#8211; Fluido de remo\u00e7\u00e3o de concreto. Concentrado. Sujeira velha"}]},{"@type":"WebSite","@id":"https:\/\/betoff.eu\/#website","url":"https:\/\/betoff.eu\/","name":"BETOFF-Products for the world of concrete and beyond!","description":"Betoff - Fluido de remo\u00e7\u00e3o de concreto","publisher":{"@id":"https:\/\/betoff.eu\/#\/schema\/person\/cded67f1acad0c68af8dcc171137512c"},"potentialAction":[{"@type":"SearchAction","target":{"@type":"EntryPoint","urlTemplate":"https:\/\/betoff.eu\/?s={search_term_string}"},"query-input":{"@type":"PropertyValueSpecification","valueRequired":true,"valueName":"search_term_string"}}],"inLanguage":"pt-PT"},{"@type":["Person","Organization"],"@id":"https:\/\/betoff.eu\/#\/schema\/person\/cded67f1acad0c68af8dcc171137512c","name":"admin","image":{"@type":"ImageObject","inLanguage":"pt-PT","@id":"https:\/\/betoff.eu\/#\/schema\/person\/image\/","url":"https:\/\/betoff.eu\/wp-content\/uploads\/2021\/02\/betoff-logo.png","contentUrl":"https:\/\/betoff.eu\/wp-content\/uploads\/2021\/02\/betoff-logo.png","width":1024,"height":258,"caption":"admin"},"logo":{"@id":"https:\/\/betoff.eu\/#\/schema\/person\/image\/"}}]}},"_links":{"self":[{"href":"https:\/\/betoff.eu\/pt-pt\/wp-json\/wp\/v2\/product\/14918","targetHints":{"allow":["GET"]}}],"collection":[{"href":"https:\/\/betoff.eu\/pt-pt\/wp-json\/wp\/v2\/product"}],"about":[{"href":"https:\/\/betoff.eu\/pt-pt\/wp-json\/wp\/v2\/types\/product"}],"wp:featuredmedia":[{"embeddable":true,"href":"https:\/\/betoff.eu\/pt-pt\/wp-json\/wp\/v2\/media\/14919"}],"wp:attachment":[{"href":"https:\/\/betoff.eu\/pt-pt\/wp-json\/wp\/v2\/media?parent=14918"}],"wp:term":[{"taxonomy":"product_brand","embeddable":true,"href":"https:\/\/betoff.eu\/pt-pt\/wp-json\/wp\/v2\/product_brand?post=14918"},{"taxonomy":"product_cat","embeddable":true,"href":"https:\/\/betoff.eu\/pt-pt\/wp-json\/wp\/v2\/product_cat?post=14918"},{"taxonomy":"product_tag","embeddable":true,"href":"https:\/\/betoff.eu\/pt-pt\/wp-json\/wp\/v2\/product_tag?post=14918"}],"curies":[{"name":"wp","href":"https:\/\/api.w.org\/{rel}","templated":true}]}}