{"id":14110,"date":"2024-06-21T20:28:06","date_gmt":"2024-06-21T18:28:06","guid":{"rendered":"https:\/\/betoff.eu\/?page_id=14110"},"modified":"2024-06-22T08:24:57","modified_gmt":"2024-06-22T06:24:57","slug":"devolucoes-e-reclamacoes","status":"publish","type":"page","link":"https:\/\/betoff.eu\/pt-pt\/devolucoes-e-reclamacoes\/","title":{"rendered":"Devolu\u00e7\u00f5es e reclama\u00e7\u00f5es"},"content":{"rendered":"\n\n\n<p>Devolu\u00e7\u00f5es e reclama\u00e7\u00f5es:<br>As reclama\u00e7\u00f5es sobre l\u00edquidos adquiridos na loja online betoff.eu s\u00f3 podem ser feitas atrav\u00e9s de e-mail, para o seguinte endere\u00e7o: betoff@betoff.eu Por favor indique o n\u00famero de encomenda gerado no momento da compra, bem como o motivo da sua escolha para devolver o produto.<\/p>\n\n\n\n<p>O produto deve ser lacrado de f\u00e1brica. Ap\u00f3s nos devolver o produto, o mesmo ser\u00e1 verificado e ent\u00e3o, caso a tampa n\u00e3o tenha sido quebrada, reembolsaremos o valor pelo qual o produto foi adquirido. O cliente tem o direito de devolu\u00e7\u00e3o no prazo de 14 dias a partir da data da compra.<\/p>\n\n\n\n<p>A reclama\u00e7\u00e3o ser\u00e1 processada no prazo de 5 dias \u00fateis a partir do dia do recebimento. Primeiro, a reclama\u00e7\u00e3o ser\u00e1 lida e considerada quanto ao seu m\u00e9rito. Ser\u00e1 ent\u00e3o elaborado um formul\u00e1rio contendo os seus dados e o motivo da reclama\u00e7\u00e3o, que indicar\u00e1 no email que nos ser\u00e1 enviado. O cliente receber\u00e1 um e-mail de retorno com um formul\u00e1rio preenchido para ser assinado e devolvido.<\/p>\n","protected":false},"excerpt":{"rendered":"<p>Devolu\u00e7\u00f5es e reclama\u00e7\u00f5es:As reclama\u00e7\u00f5es sobre l\u00edquidos adquiridos na loja online betoff.eu s\u00f3 podem ser feitas atrav\u00e9s de e-mail, para o seguinte endere\u00e7o: betoff@betoff.eu Por favor indique o n\u00famero de encomenda gerado no momento da compra, bem como o motivo da sua escolha para devolver o produto. O produto deve ser lacrado de f\u00e1brica. Ap\u00f3s nos [&#8230;]\n","protected":false},"author":1,"featured_media":0,"parent":0,"menu_order":0,"comment_status":"closed","ping_status":"closed","template":"","meta":{"om_disable_all_campaigns":false,"footnotes":""},"class_list":["post-14110","page","type-page","status-publish","hentry"],"yoast_head":"<!-- This site is optimized with the Yoast SEO plugin v25.9 - https:\/\/yoast.com\/wordpress\/plugins\/seo\/ -->\n<title>Devolu\u00e7\u00f5es e reclama\u00e7\u00f5es - BETOFF-Produtos para o mundo do concreto e muito mais!<\/title>\n<meta name=\"robots\" content=\"index, follow, max-snippet:-1, max-image-preview:large, max-video-preview:-1\" \/>\n<link rel=\"canonical\" href=\"https:\/\/betoff.eu\/pt\/devolucoes-e-reclamacoes\/\" \/>\n<meta property=\"og:locale\" content=\"pt_PT\" \/>\n<meta property=\"og:type\" content=\"article\" \/>\n<meta property=\"og:title\" content=\"Devolu\u00e7\u00f5es e reclama\u00e7\u00f5es - BETOFF-Produtos para o mundo do concreto e muito mais!\" \/>\n<meta property=\"og:description\" content=\"Devolu\u00e7\u00f5es e reclama\u00e7\u00f5es:As reclama\u00e7\u00f5es sobre l\u00edquidos adquiridos na loja online betoff.eu s\u00f3 podem ser feitas atrav\u00e9s de e-mail, para o seguinte endere\u00e7o: betoff@betoff.eu Por favor indique o n\u00famero de encomenda gerado no momento da compra, bem como o motivo da sua escolha para devolver o produto. O produto deve ser lacrado de f\u00e1brica. Ap\u00f3s nos [...]\" \/>\n<meta property=\"og:url\" content=\"https:\/\/betoff.eu\/pt\/devolucoes-e-reclamacoes\/\" \/>\n<meta property=\"og:site_name\" content=\"BETOFF-Produtos para o mundo do concreto e muito mais!\" \/>\n<meta property=\"article:modified_time\" content=\"2024-06-22T06:24:57+00:00\" \/>\n<meta name=\"twitter:card\" content=\"summary_large_image\" \/>\n<meta name=\"twitter:label1\" content=\"Tempo estimado de leitura\" \/>\n\t<meta name=\"twitter:data1\" content=\"1 minuto\" \/>\n<script type=\"application\/ld+json\" class=\"yoast-schema-graph\">{\"@context\":\"https:\/\/schema.org\",\"@graph\":[{\"@type\":\"WebPage\",\"@id\":\"https:\/\/betoff.eu\/pt\/devolucoes-e-reclamacoes\/\",\"url\":\"https:\/\/betoff.eu\/pt\/devolucoes-e-reclamacoes\/\",\"name\":\"Devolu\u00e7\u00f5es e reclama\u00e7\u00f5es - BETOFF-Produtos para o mundo do concreto e muito mais!\",\"isPartOf\":{\"@id\":\"https:\/\/betoff.eu\/#website\"},\"datePublished\":\"2024-06-21T18:28:06+00:00\",\"dateModified\":\"2024-06-22T06:24:57+00:00\",\"breadcrumb\":{\"@id\":\"https:\/\/betoff.eu\/pt\/devolucoes-e-reclamacoes\/#breadcrumb\"},\"inLanguage\":\"pt-PT\",\"potentialAction\":[{\"@type\":\"ReadAction\",\"target\":[\"https:\/\/betoff.eu\/pt\/devolucoes-e-reclamacoes\/\"]}]},{\"@type\":\"BreadcrumbList\",\"@id\":\"https:\/\/betoff.eu\/pt\/devolucoes-e-reclamacoes\/#breadcrumb\",\"itemListElement\":[{\"@type\":\"ListItem\",\"position\":1,\"name\":\"Hem\",\"item\":\"https:\/\/betoff.eu\/pt\/\"},{\"@type\":\"ListItem\",\"position\":2,\"name\":\"Devolu\u00e7\u00f5es e reclama\u00e7\u00f5es\"}]},{\"@type\":\"WebSite\",\"@id\":\"https:\/\/betoff.eu\/#website\",\"url\":\"https:\/\/betoff.eu\/\",\"name\":\"BETOFF-Products for the world of concrete and beyond!\",\"description\":\"Betoff - Fluido de remo\u00e7\u00e3o de concreto\",\"publisher\":{\"@id\":\"https:\/\/betoff.eu\/#\/schema\/person\/cded67f1acad0c68af8dcc171137512c\"},\"potentialAction\":[{\"@type\":\"SearchAction\",\"target\":{\"@type\":\"EntryPoint\",\"urlTemplate\":\"https:\/\/betoff.eu\/?s={search_term_string}\"},\"query-input\":{\"@type\":\"PropertyValueSpecification\",\"valueRequired\":true,\"valueName\":\"search_term_string\"}}],\"inLanguage\":\"pt-PT\"},{\"@type\":[\"Person\",\"Organization\"],\"@id\":\"https:\/\/betoff.eu\/#\/schema\/person\/cded67f1acad0c68af8dcc171137512c\",\"name\":\"admin\",\"image\":{\"@type\":\"ImageObject\",\"inLanguage\":\"pt-PT\",\"@id\":\"https:\/\/betoff.eu\/#\/schema\/person\/image\/\",\"url\":\"https:\/\/betoff.eu\/wp-content\/uploads\/2021\/02\/betoff-logo.png\",\"contentUrl\":\"https:\/\/betoff.eu\/wp-content\/uploads\/2021\/02\/betoff-logo.png\",\"width\":1024,\"height\":258,\"caption\":\"admin\"},\"logo\":{\"@id\":\"https:\/\/betoff.eu\/#\/schema\/person\/image\/\"}}]}<\/script>\n<!-- \/ Yoast SEO plugin. -->","yoast_head_json":{"title":"Devolu\u00e7\u00f5es e reclama\u00e7\u00f5es - BETOFF-Produtos para o mundo do concreto e muito mais!","robots":{"index":"index","follow":"follow","max-snippet":"max-snippet:-1","max-image-preview":"max-image-preview:large","max-video-preview":"max-video-preview:-1"},"canonical":"https:\/\/betoff.eu\/pt\/devolucoes-e-reclamacoes\/","og_locale":"pt_PT","og_type":"article","og_title":"Devolu\u00e7\u00f5es e reclama\u00e7\u00f5es - BETOFF-Produtos para o mundo do concreto e muito mais!","og_description":"Devolu\u00e7\u00f5es e reclama\u00e7\u00f5es:As reclama\u00e7\u00f5es sobre l\u00edquidos adquiridos na loja online betoff.eu s\u00f3 podem ser feitas atrav\u00e9s de e-mail, para o seguinte endere\u00e7o: betoff@betoff.eu Por favor indique o n\u00famero de encomenda gerado no momento da compra, bem como o motivo da sua escolha para devolver o produto. O produto deve ser lacrado de f\u00e1brica. Ap\u00f3s nos [...]","og_url":"https:\/\/betoff.eu\/pt\/devolucoes-e-reclamacoes\/","og_site_name":"BETOFF-Produtos para o mundo do concreto e muito mais!","article_modified_time":"2024-06-22T06:24:57+00:00","twitter_card":"summary_large_image","twitter_misc":{"Tempo estimado de leitura":"1 minuto"},"schema":{"@context":"https:\/\/schema.org","@graph":[{"@type":"WebPage","@id":"https:\/\/betoff.eu\/pt\/devolucoes-e-reclamacoes\/","url":"https:\/\/betoff.eu\/pt\/devolucoes-e-reclamacoes\/","name":"Devolu\u00e7\u00f5es e reclama\u00e7\u00f5es - BETOFF-Produtos para o mundo do concreto e muito mais!","isPartOf":{"@id":"https:\/\/betoff.eu\/#website"},"datePublished":"2024-06-21T18:28:06+00:00","dateModified":"2024-06-22T06:24:57+00:00","breadcrumb":{"@id":"https:\/\/betoff.eu\/pt\/devolucoes-e-reclamacoes\/#breadcrumb"},"inLanguage":"pt-PT","potentialAction":[{"@type":"ReadAction","target":["https:\/\/betoff.eu\/pt\/devolucoes-e-reclamacoes\/"]}]},{"@type":"BreadcrumbList","@id":"https:\/\/betoff.eu\/pt\/devolucoes-e-reclamacoes\/#breadcrumb","itemListElement":[{"@type":"ListItem","position":1,"name":"Hem","item":"https:\/\/betoff.eu\/pt\/"},{"@type":"ListItem","position":2,"name":"Devolu\u00e7\u00f5es e reclama\u00e7\u00f5es"}]},{"@type":"WebSite","@id":"https:\/\/betoff.eu\/#website","url":"https:\/\/betoff.eu\/","name":"BETOFF-Products for the world of concrete and beyond!","description":"Betoff - Fluido de remo\u00e7\u00e3o de concreto","publisher":{"@id":"https:\/\/betoff.eu\/#\/schema\/person\/cded67f1acad0c68af8dcc171137512c"},"potentialAction":[{"@type":"SearchAction","target":{"@type":"EntryPoint","urlTemplate":"https:\/\/betoff.eu\/?s={search_term_string}"},"query-input":{"@type":"PropertyValueSpecification","valueRequired":true,"valueName":"search_term_string"}}],"inLanguage":"pt-PT"},{"@type":["Person","Organization"],"@id":"https:\/\/betoff.eu\/#\/schema\/person\/cded67f1acad0c68af8dcc171137512c","name":"admin","image":{"@type":"ImageObject","inLanguage":"pt-PT","@id":"https:\/\/betoff.eu\/#\/schema\/person\/image\/","url":"https:\/\/betoff.eu\/wp-content\/uploads\/2021\/02\/betoff-logo.png","contentUrl":"https:\/\/betoff.eu\/wp-content\/uploads\/2021\/02\/betoff-logo.png","width":1024,"height":258,"caption":"admin"},"logo":{"@id":"https:\/\/betoff.eu\/#\/schema\/person\/image\/"}}]}},"_links":{"self":[{"href":"https:\/\/betoff.eu\/pt-pt\/wp-json\/wp\/v2\/pages\/14110","targetHints":{"allow":["GET"]}}],"collection":[{"href":"https:\/\/betoff.eu\/pt-pt\/wp-json\/wp\/v2\/pages"}],"about":[{"href":"https:\/\/betoff.eu\/pt-pt\/wp-json\/wp\/v2\/types\/page"}],"author":[{"embeddable":true,"href":"https:\/\/betoff.eu\/pt-pt\/wp-json\/wp\/v2\/users\/1"}],"replies":[{"embeddable":true,"href":"https:\/\/betoff.eu\/pt-pt\/wp-json\/wp\/v2\/comments?post=14110"}],"version-history":[{"count":0,"href":"https:\/\/betoff.eu\/pt-pt\/wp-json\/wp\/v2\/pages\/14110\/revisions"}],"wp:attachment":[{"href":"https:\/\/betoff.eu\/pt-pt\/wp-json\/wp\/v2\/media?parent=14110"}],"curies":[{"name":"wp","href":"https:\/\/api.w.org\/{rel}","templated":true}]}}