{"id":14034,"date":"2024-06-21T20:13:27","date_gmt":"2024-06-21T18:13:27","guid":{"rendered":"https:\/\/betoff.eu\/?page_id=14034"},"modified":"2024-06-21T20:13:29","modified_gmt":"2024-06-21T18:13:29","slug":"regras-de-compras-online","status":"publish","type":"page","link":"https:\/\/betoff.eu\/pt-pt\/regras-de-compras-online\/","title":{"rendered":"Regras de compras online"},"content":{"rendered":"\n\n\n<p>Estes regulamentos estabelecem as condi\u00e7\u00f5es para fazer<br>compras na loja online betoff.eu<\/p>\n\n\n\n<p>O vendedor \u00e9 Innovachem Krystian Grzyb z<br>com sede em Vars\u00f3via em ul. Sarmacka 21\/8<br>(NIP 762-176-43-06).<\/p>\n\n\n\n<p>As encomendas podem ser feitas na loja online betoix.pl<br>envie 24 horas por dia e cadastre-se aqui<br>A loja \u00e9 totalmente gratuita e volunt\u00e1ria. Na loja<br>os pedidos podem ser feitos online em betoix.pl<br>apenas por adultos que tenham plena<br>capacidade jur\u00eddica para celebrar contratos<br>contrato de compra de bens e servi\u00e7os.<\/p>\n\n\n\n<p>As informa\u00e7\u00f5es fornecidas no site da loja n\u00e3o s\u00e3o<br>constituem ofertas na acep\u00e7\u00e3o prevista no C\u00f3digo Civil.<br>Fazer um pedido \u00e9 tratado como uma oferta de compra<br>mercadorias selecionadas nos termos estabelecidos em<br>Descri\u00e7\u00e3o do produto.<\/p>\n\n\n\n<p>O pedido \u00e9 confirmado por e-mail<br>Vendedor enviando uma mensagem por e-mail<br>eletr\u00f4nico. O pedido \u00e9 processado ap\u00f3s<br>registrar o pagamento pelas mercadorias especificadas em<br>ordem.<\/p>\n\n\n\n<p>As mercadorias s\u00e3o enviadas para o endere\u00e7o especificado no pedido<br>Comprador dentro de 2 a 3 dias \u00fateis a partir da data<br>envie o pagamento para a conta do vendedor.<\/p>\n\n\n\n<p>Os produtos oferecidos na loja online s\u00e3o legais<br>introduzido no mercado polaco, completamente novo e<br>livre de defeitos legais e f\u00edsicos<\/p>\n","protected":false},"excerpt":{"rendered":"<p>Estes regulamentos estabelecem as condi\u00e7\u00f5es para fazercompras na loja online betoff.eu O vendedor \u00e9 Innovachem Krystian Grzyb zcom sede em Vars\u00f3via em ul. Sarmacka 21\/8(NIP 762-176-43-06). As encomendas podem ser feitas na loja online betoix.plenvie 24 horas por dia e cadastre-se aquiA loja \u00e9 totalmente gratuita e volunt\u00e1ria. Na lojaos pedidos podem ser feitos online [&#8230;]\n","protected":false},"author":1,"featured_media":0,"parent":0,"menu_order":0,"comment_status":"closed","ping_status":"closed","template":"","meta":{"om_disable_all_campaigns":false,"footnotes":""},"class_list":["post-14034","page","type-page","status-publish","hentry"],"yoast_head":"<!-- This site is optimized with the Yoast SEO plugin v25.9 - https:\/\/yoast.com\/wordpress\/plugins\/seo\/ -->\n<title>Regras de compras online - BETOFF-Produtos para o mundo do concreto e muito mais!<\/title>\n<meta name=\"robots\" content=\"index, follow, max-snippet:-1, max-image-preview:large, max-video-preview:-1\" \/>\n<link rel=\"canonical\" href=\"https:\/\/betoff.eu\/pt\/regras-de-compras-online\/\" \/>\n<meta property=\"og:locale\" content=\"pt_PT\" \/>\n<meta property=\"og:type\" content=\"article\" \/>\n<meta property=\"og:title\" content=\"Regras de compras online - BETOFF-Produtos para o mundo do concreto e muito mais!\" \/>\n<meta property=\"og:description\" content=\"Estes regulamentos estabelecem as condi\u00e7\u00f5es para fazercompras na loja online betoff.eu O vendedor \u00e9 Innovachem Krystian Grzyb zcom sede em Vars\u00f3via em ul. Sarmacka 21\/8(NIP 762-176-43-06). As encomendas podem ser feitas na loja online betoix.plenvie 24 horas por dia e cadastre-se aquiA loja \u00e9 totalmente gratuita e volunt\u00e1ria. Na lojaos pedidos podem ser feitos online [...]\" \/>\n<meta property=\"og:url\" content=\"https:\/\/betoff.eu\/pt\/regras-de-compras-online\/\" \/>\n<meta property=\"og:site_name\" content=\"BETOFF-Produtos para o mundo do concreto e muito mais!\" \/>\n<meta property=\"article:modified_time\" content=\"2024-06-21T18:13:29+00:00\" \/>\n<meta name=\"twitter:card\" content=\"summary_large_image\" \/>\n<meta name=\"twitter:label1\" content=\"Tempo estimado de leitura\" \/>\n\t<meta name=\"twitter:data1\" content=\"2 minutos\" \/>\n<script type=\"application\/ld+json\" class=\"yoast-schema-graph\">{\"@context\":\"https:\/\/schema.org\",\"@graph\":[{\"@type\":\"WebPage\",\"@id\":\"https:\/\/betoff.eu\/pt\/regras-de-compras-online\/\",\"url\":\"https:\/\/betoff.eu\/pt\/regras-de-compras-online\/\",\"name\":\"Regras de compras online - BETOFF-Produtos para o mundo do concreto e muito mais!\",\"isPartOf\":{\"@id\":\"https:\/\/betoff.eu\/#website\"},\"datePublished\":\"2024-06-21T18:13:27+00:00\",\"dateModified\":\"2024-06-21T18:13:29+00:00\",\"breadcrumb\":{\"@id\":\"https:\/\/betoff.eu\/pt\/regras-de-compras-online\/#breadcrumb\"},\"inLanguage\":\"pt-PT\",\"potentialAction\":[{\"@type\":\"ReadAction\",\"target\":[\"https:\/\/betoff.eu\/pt\/regras-de-compras-online\/\"]}]},{\"@type\":\"BreadcrumbList\",\"@id\":\"https:\/\/betoff.eu\/pt\/regras-de-compras-online\/#breadcrumb\",\"itemListElement\":[{\"@type\":\"ListItem\",\"position\":1,\"name\":\"Hem\",\"item\":\"https:\/\/betoff.eu\/pt\/\"},{\"@type\":\"ListItem\",\"position\":2,\"name\":\"Regras de compras online\"}]},{\"@type\":\"WebSite\",\"@id\":\"https:\/\/betoff.eu\/#website\",\"url\":\"https:\/\/betoff.eu\/\",\"name\":\"BETOFF-Products for the world of concrete and beyond!\",\"description\":\"Betoff - Fluido de remo\u00e7\u00e3o de concreto\",\"publisher\":{\"@id\":\"https:\/\/betoff.eu\/#\/schema\/person\/cded67f1acad0c68af8dcc171137512c\"},\"potentialAction\":[{\"@type\":\"SearchAction\",\"target\":{\"@type\":\"EntryPoint\",\"urlTemplate\":\"https:\/\/betoff.eu\/?s={search_term_string}\"},\"query-input\":{\"@type\":\"PropertyValueSpecification\",\"valueRequired\":true,\"valueName\":\"search_term_string\"}}],\"inLanguage\":\"pt-PT\"},{\"@type\":[\"Person\",\"Organization\"],\"@id\":\"https:\/\/betoff.eu\/#\/schema\/person\/cded67f1acad0c68af8dcc171137512c\",\"name\":\"admin\",\"image\":{\"@type\":\"ImageObject\",\"inLanguage\":\"pt-PT\",\"@id\":\"https:\/\/betoff.eu\/#\/schema\/person\/image\/\",\"url\":\"https:\/\/betoff.eu\/wp-content\/uploads\/2021\/02\/betoff-logo.png\",\"contentUrl\":\"https:\/\/betoff.eu\/wp-content\/uploads\/2021\/02\/betoff-logo.png\",\"width\":1024,\"height\":258,\"caption\":\"admin\"},\"logo\":{\"@id\":\"https:\/\/betoff.eu\/#\/schema\/person\/image\/\"}}]}<\/script>\n<!-- \/ Yoast SEO plugin. -->","yoast_head_json":{"title":"Regras de compras online - BETOFF-Produtos para o mundo do concreto e muito mais!","robots":{"index":"index","follow":"follow","max-snippet":"max-snippet:-1","max-image-preview":"max-image-preview:large","max-video-preview":"max-video-preview:-1"},"canonical":"https:\/\/betoff.eu\/pt\/regras-de-compras-online\/","og_locale":"pt_PT","og_type":"article","og_title":"Regras de compras online - BETOFF-Produtos para o mundo do concreto e muito mais!","og_description":"Estes regulamentos estabelecem as condi\u00e7\u00f5es para fazercompras na loja online betoff.eu O vendedor \u00e9 Innovachem Krystian Grzyb zcom sede em Vars\u00f3via em ul. Sarmacka 21\/8(NIP 762-176-43-06). As encomendas podem ser feitas na loja online betoix.plenvie 24 horas por dia e cadastre-se aquiA loja \u00e9 totalmente gratuita e volunt\u00e1ria. Na lojaos pedidos podem ser feitos online [...]","og_url":"https:\/\/betoff.eu\/pt\/regras-de-compras-online\/","og_site_name":"BETOFF-Produtos para o mundo do concreto e muito mais!","article_modified_time":"2024-06-21T18:13:29+00:00","twitter_card":"summary_large_image","twitter_misc":{"Tempo estimado de leitura":"2 minutos"},"schema":{"@context":"https:\/\/schema.org","@graph":[{"@type":"WebPage","@id":"https:\/\/betoff.eu\/pt\/regras-de-compras-online\/","url":"https:\/\/betoff.eu\/pt\/regras-de-compras-online\/","name":"Regras de compras online - BETOFF-Produtos para o mundo do concreto e muito mais!","isPartOf":{"@id":"https:\/\/betoff.eu\/#website"},"datePublished":"2024-06-21T18:13:27+00:00","dateModified":"2024-06-21T18:13:29+00:00","breadcrumb":{"@id":"https:\/\/betoff.eu\/pt\/regras-de-compras-online\/#breadcrumb"},"inLanguage":"pt-PT","potentialAction":[{"@type":"ReadAction","target":["https:\/\/betoff.eu\/pt\/regras-de-compras-online\/"]}]},{"@type":"BreadcrumbList","@id":"https:\/\/betoff.eu\/pt\/regras-de-compras-online\/#breadcrumb","itemListElement":[{"@type":"ListItem","position":1,"name":"Hem","item":"https:\/\/betoff.eu\/pt\/"},{"@type":"ListItem","position":2,"name":"Regras de compras online"}]},{"@type":"WebSite","@id":"https:\/\/betoff.eu\/#website","url":"https:\/\/betoff.eu\/","name":"BETOFF-Products for the world of concrete and beyond!","description":"Betoff - Fluido de remo\u00e7\u00e3o de concreto","publisher":{"@id":"https:\/\/betoff.eu\/#\/schema\/person\/cded67f1acad0c68af8dcc171137512c"},"potentialAction":[{"@type":"SearchAction","target":{"@type":"EntryPoint","urlTemplate":"https:\/\/betoff.eu\/?s={search_term_string}"},"query-input":{"@type":"PropertyValueSpecification","valueRequired":true,"valueName":"search_term_string"}}],"inLanguage":"pt-PT"},{"@type":["Person","Organization"],"@id":"https:\/\/betoff.eu\/#\/schema\/person\/cded67f1acad0c68af8dcc171137512c","name":"admin","image":{"@type":"ImageObject","inLanguage":"pt-PT","@id":"https:\/\/betoff.eu\/#\/schema\/person\/image\/","url":"https:\/\/betoff.eu\/wp-content\/uploads\/2021\/02\/betoff-logo.png","contentUrl":"https:\/\/betoff.eu\/wp-content\/uploads\/2021\/02\/betoff-logo.png","width":1024,"height":258,"caption":"admin"},"logo":{"@id":"https:\/\/betoff.eu\/#\/schema\/person\/image\/"}}]}},"_links":{"self":[{"href":"https:\/\/betoff.eu\/pt-pt\/wp-json\/wp\/v2\/pages\/14034","targetHints":{"allow":["GET"]}}],"collection":[{"href":"https:\/\/betoff.eu\/pt-pt\/wp-json\/wp\/v2\/pages"}],"about":[{"href":"https:\/\/betoff.eu\/pt-pt\/wp-json\/wp\/v2\/types\/page"}],"author":[{"embeddable":true,"href":"https:\/\/betoff.eu\/pt-pt\/wp-json\/wp\/v2\/users\/1"}],"replies":[{"embeddable":true,"href":"https:\/\/betoff.eu\/pt-pt\/wp-json\/wp\/v2\/comments?post=14034"}],"version-history":[{"count":0,"href":"https:\/\/betoff.eu\/pt-pt\/wp-json\/wp\/v2\/pages\/14034\/revisions"}],"wp:attachment":[{"href":"https:\/\/betoff.eu\/pt-pt\/wp-json\/wp\/v2\/media?parent=14034"}],"curies":[{"name":"wp","href":"https:\/\/api.w.org\/{rel}","templated":true}]}}