{"id":13975,"date":"2024-06-21T07:44:05","date_gmt":"2024-06-21T05:44:05","guid":{"rendered":"https:\/\/betoff.eu\/?page_id=13975"},"modified":"2024-06-21T09:24:58","modified_gmt":"2024-06-21T07:24:58","slug":"politica-de-privacidade","status":"publish","type":"page","link":"https:\/\/betoff.eu\/pt-pt\/politica-de-privacidade\/","title":{"rendered":"Pol\u00edtica de Privacidade"},"content":{"rendered":"\n<p>A pol\u00edtica de privacidade do site. https:\/\/betoff.eu<\/p>\n\n\n\n<ol class=\"wp-block-list\">\n<li>Informa\u00e7\u00e3o principal<\/li>\n<\/ol>\n\n\n\n<p>A presente pol\u00edtica de privacidade descreve as regras de tratamento e prote\u00e7\u00e3o dos dados pessoais fornecidos pelos utilizadores no \u00e2mbito da utiliza\u00e7\u00e3o dos servi\u00e7os de vendas atrav\u00e9s do site.<\/p>\n\n\n\n<ol class=\"wp-block-list\" start=\"2\">\n<li>O respons\u00e1vel pelo tratamento dos dados pessoais do site \u00e9 um<\/li>\n<\/ol>\n\n\n\n<p>Innovachem Krystian Grzyb com sede ul. Sarmacka 21\/8 Varssavi N\u00famero fiscal europeu PL7621764306<\/p>\n\n\n\n<p>Para proteger os dados que nos s\u00e3o confiados, desenvolvemos procedimentos e recomenda\u00e7\u00f5es internas da empresa para evitar o acesso n\u00e3o autorizado aos dados. Verificamos a conformidade e monitorizamos continuamente a conformidade com a legisla\u00e7\u00e3o relevante &#8211; a Lei de Dados Pessoais, a Lei de Servi\u00e7os Electr\u00f3nicos e todos os tipos de regulamentos executivos e sociais.<\/p>\n\n\n\n<p>Os dados pessoais s\u00e3o tratados com base no consentimento expresso do Utilizador, bem como nos casos em que a legisla\u00e7\u00e3o autorize o respons\u00e1vel pelo tratamento a tratar dados pessoais ou a celebrar contrato entre partes contratantes.<\/p>\n\n\n\n<p>O site coleta dados sobre os usu\u00e1rios e seu comportamento da seguinte forma:<\/p>\n\n\n\n<p>Para garantir a seguran\u00e7a dos dados que nos s\u00e3o confiados, desenvolvemos procedimentos e recomenda\u00e7\u00f5es internas para evitar o acesso n\u00e3o autorizado aos dados. Monitorizamos a sua conformidade e monitorizamos continuamente o cumprimento da legisla\u00e7\u00e3o relevante: a Lei de Dados Pessoais, a Lei de Servi\u00e7os Electr\u00f3nicos, mas tamb\u00e9m todos os tipos de regulamentos executivos e municipais.<\/p>\n\n\n\n<p>O tratamento de dados pessoais baseia-se no consentimento expresso do Utilizador, bem como nos casos em que a legisla\u00e7\u00e3o autorize o respons\u00e1vel pelo tratamento de dados pessoais a tratar dados pessoais ou a celebrar contrato entre as partes.<\/p>\n\n\n\n<p>O site coleta dados sobre os usu\u00e1rios e seu comportamento da seguinte forma:<\/p>\n\n\n\n<p>a) uso de informa\u00e7\u00f5es fornecidas voluntariamente nos formul\u00e1rios<\/p>\n\n\n\n<p>b) coleta de cookies [ver pol\u00edtica de cookies]\n\n\n\n<p>Pol\u00edtica de cookies<\/p>\n\n\n\n<p>Pol\u00edtica de cookies do site https:\/\/betoff.eu<\/p>\n\n\n\n<p>\u201cCookies\u201d s\u00e3o dados inform\u00e1ticos que s\u00e3o armazenados nos dispositivos terminais dos utilizadores para efeitos de utiliza\u00e7\u00e3o do website. Geralmente s\u00e3o arquivos de texto que cont\u00eam o nome do site de onde prov\u00eam, o tempo de armazenamento no dispositivo final e um n\u00famero exclusivo.<\/p>\n\n\n\n<p>O site n\u00e3o coleta automaticamente dados diferentes daqueles contidos nos cookies.<\/p>\n\n\n\n<p>Os cookies s\u00e3o usados \u200b\u200bpara usar sites. O operador usa esses arquivos para:<\/p>\n\n\n\n<p>a) a capacidade de registrar e manter uma sess\u00e3o de usu\u00e1rio em todas as outras p\u00e1ginas do site<\/p>\n\n\n\n<p>b) adaptar o conte\u00fado do site \u00e0s prefer\u00eancias individuais do usu\u00e1rio, pois esses arquivos reconhecem especificamente o seu dispositivo para exibir o site de acordo com suas prefer\u00eancias<\/p>\n\n\n\n<p>c) criar estat\u00edsticas an\u00f4nimas que excluam a possibilidade de identifica\u00e7\u00e3o do usu\u00e1rio.<\/p>\n\n\n\n<p>Os cookies utilizados pelos parceiros operacionais do site, incluindo em particular os utilizadores do site, est\u00e3o sujeitos \u00e0s suas pol\u00edticas de privacidade.<\/p>\n\n\n\n<p>Para proteger os dados que nos s\u00e3o confiados, desenvolvemos procedimentos e recomenda\u00e7\u00f5es internas da empresa para evitar o acesso n\u00e3o autorizado aos dados. Verificamos a conformidade e monitorizamos continuamente a conformidade com a legisla\u00e7\u00e3o relevante &#8211; a Lei de Dados Pessoais, a Lei de Servi\u00e7os Electr\u00f3nicos e todos os tipos de regulamentos executivos e sociais.<\/p>\n\n\n\n<p>Por defeito, o software utilizado para navegar no site permite a coloca\u00e7\u00e3o de cookies no dispositivo terminal do utilizador. O utilizador pode alterar estas configura\u00e7\u00f5es para bloquear o processamento autom\u00e1tico de cookies nas configura\u00e7\u00f5es do navegador ou para receber uma notifica\u00e7\u00e3o cada vez que s\u00e3o transferidos para o dispositivo do utilizador.<\/p>\n\n\n\n<p>Os usu\u00e1rios do site podem alterar suas configura\u00e7\u00f5es de cookies a qualquer momento. Informa\u00e7\u00f5es detalhadas sobre as op\u00e7\u00f5es e formas de processamento de cookies podem ser encontradas nas configura\u00e7\u00f5es do software (navegador). Exemplos de op\u00e7\u00f5es de personaliza\u00e7\u00e3o para navegadores populares:<\/p>\n\n\n\n<p>Mozilla Firefox: www.support.mozilla.org\/pl\/kb\/ciasteczka<\/p>\n\n\n\n<p>\u2013 Internet Explorer: www.support.microsoft.com\/kb\/278835\/pl<\/p>\n\n\n\n<p>\u2013 Google Chrome: www.support.google.com\/chrome\/bin\/answer.py?hl=pl&amp;answer=95647<\/p>\n\n\n\n<p>\u2013 Safari: www.safari.helpmax.net\/sv\/spara-tid\/inneh\u00e5llsblockering\/<\/p>\n\n\n\n<p>O operador do site ressalta que se as configura\u00e7\u00f5es do navegador do usu\u00e1rio forem alteradas, o site poder\u00e1 n\u00e3o funcionar corretamente.<\/p>\n\n\n","protected":false},"excerpt":{"rendered":"<p>A pol\u00edtica de privacidade do site. https:\/\/betoff.eu A presente pol\u00edtica de privacidade descreve as regras de tratamento e prote\u00e7\u00e3o dos dados pessoais fornecidos pelos utilizadores no \u00e2mbito da utiliza\u00e7\u00e3o dos servi\u00e7os de vendas atrav\u00e9s do site. Innovachem Krystian Grzyb com sede ul. Sarmacka 21\/8 Varssavi N\u00famero fiscal europeu PL7621764306 Para proteger os dados que nos [&#8230;]\n","protected":false},"author":1,"featured_media":0,"parent":0,"menu_order":0,"comment_status":"closed","ping_status":"closed","template":"","meta":{"om_disable_all_campaigns":false,"footnotes":""},"class_list":["post-13975","page","type-page","status-publish","hentry"],"yoast_head":"<!-- This site is optimized with the Yoast SEO plugin v25.9 - https:\/\/yoast.com\/wordpress\/plugins\/seo\/ -->\n<title>Pol\u00edtica de Privacidade - BETOFF-Produtos para o mundo do concreto e muito mais!<\/title>\n<meta name=\"robots\" content=\"index, follow, max-snippet:-1, max-image-preview:large, max-video-preview:-1\" \/>\n<link rel=\"canonical\" href=\"https:\/\/betoff.eu\/pt\/politica-de-privacidade\/\" \/>\n<meta property=\"og:locale\" content=\"pt_PT\" \/>\n<meta property=\"og:type\" content=\"article\" \/>\n<meta property=\"og:title\" content=\"Pol\u00edtica de Privacidade - BETOFF-Produtos para o mundo do concreto e muito mais!\" \/>\n<meta property=\"og:description\" content=\"A pol\u00edtica de privacidade do site. https:\/\/betoff.eu A presente pol\u00edtica de privacidade descreve as regras de tratamento e prote\u00e7\u00e3o dos dados pessoais fornecidos pelos utilizadores no \u00e2mbito da utiliza\u00e7\u00e3o dos servi\u00e7os de vendas atrav\u00e9s do site. Innovachem Krystian Grzyb com sede ul. Sarmacka 21\/8 Varssavi N\u00famero fiscal europeu PL7621764306 Para proteger os dados que nos [...]\" \/>\n<meta property=\"og:url\" content=\"https:\/\/betoff.eu\/pt\/politica-de-privacidade\/\" \/>\n<meta property=\"og:site_name\" content=\"BETOFF-Produtos para o mundo do concreto e muito mais!\" \/>\n<meta property=\"article:modified_time\" content=\"2024-06-21T07:24:58+00:00\" \/>\n<meta name=\"twitter:card\" content=\"summary_large_image\" \/>\n<meta name=\"twitter:label1\" content=\"Tempo estimado de leitura\" \/>\n\t<meta name=\"twitter:data1\" content=\"4 minutos\" \/>\n<script type=\"application\/ld+json\" class=\"yoast-schema-graph\">{\"@context\":\"https:\/\/schema.org\",\"@graph\":[{\"@type\":\"WebPage\",\"@id\":\"https:\/\/betoff.eu\/pt\/politica-de-privacidade\/\",\"url\":\"https:\/\/betoff.eu\/pt\/politica-de-privacidade\/\",\"name\":\"Pol\u00edtica de Privacidade - BETOFF-Produtos para o mundo do concreto e muito mais!\",\"isPartOf\":{\"@id\":\"https:\/\/betoff.eu\/#website\"},\"datePublished\":\"2024-06-21T05:44:05+00:00\",\"dateModified\":\"2024-06-21T07:24:58+00:00\",\"breadcrumb\":{\"@id\":\"https:\/\/betoff.eu\/pt\/politica-de-privacidade\/#breadcrumb\"},\"inLanguage\":\"pt-PT\",\"potentialAction\":[{\"@type\":\"ReadAction\",\"target\":[\"https:\/\/betoff.eu\/pt\/politica-de-privacidade\/\"]}]},{\"@type\":\"BreadcrumbList\",\"@id\":\"https:\/\/betoff.eu\/pt\/politica-de-privacidade\/#breadcrumb\",\"itemListElement\":[{\"@type\":\"ListItem\",\"position\":1,\"name\":\"Hem\",\"item\":\"https:\/\/betoff.eu\/pt\/\"},{\"@type\":\"ListItem\",\"position\":2,\"name\":\"Pol\u00edtica de Privacidade\"}]},{\"@type\":\"WebSite\",\"@id\":\"https:\/\/betoff.eu\/#website\",\"url\":\"https:\/\/betoff.eu\/\",\"name\":\"BETOFF-Products for the world of concrete and beyond!\",\"description\":\"Betoff - Fluido de remo\u00e7\u00e3o de concreto\",\"publisher\":{\"@id\":\"https:\/\/betoff.eu\/#\/schema\/person\/cded67f1acad0c68af8dcc171137512c\"},\"potentialAction\":[{\"@type\":\"SearchAction\",\"target\":{\"@type\":\"EntryPoint\",\"urlTemplate\":\"https:\/\/betoff.eu\/?s={search_term_string}\"},\"query-input\":{\"@type\":\"PropertyValueSpecification\",\"valueRequired\":true,\"valueName\":\"search_term_string\"}}],\"inLanguage\":\"pt-PT\"},{\"@type\":[\"Person\",\"Organization\"],\"@id\":\"https:\/\/betoff.eu\/#\/schema\/person\/cded67f1acad0c68af8dcc171137512c\",\"name\":\"admin\",\"image\":{\"@type\":\"ImageObject\",\"inLanguage\":\"pt-PT\",\"@id\":\"https:\/\/betoff.eu\/#\/schema\/person\/image\/\",\"url\":\"https:\/\/betoff.eu\/wp-content\/uploads\/2021\/02\/betoff-logo.png\",\"contentUrl\":\"https:\/\/betoff.eu\/wp-content\/uploads\/2021\/02\/betoff-logo.png\",\"width\":1024,\"height\":258,\"caption\":\"admin\"},\"logo\":{\"@id\":\"https:\/\/betoff.eu\/#\/schema\/person\/image\/\"}}]}<\/script>\n<!-- \/ Yoast SEO plugin. -->","yoast_head_json":{"title":"Pol\u00edtica de Privacidade - BETOFF-Produtos para o mundo do concreto e muito mais!","robots":{"index":"index","follow":"follow","max-snippet":"max-snippet:-1","max-image-preview":"max-image-preview:large","max-video-preview":"max-video-preview:-1"},"canonical":"https:\/\/betoff.eu\/pt\/politica-de-privacidade\/","og_locale":"pt_PT","og_type":"article","og_title":"Pol\u00edtica de Privacidade - BETOFF-Produtos para o mundo do concreto e muito mais!","og_description":"A pol\u00edtica de privacidade do site. https:\/\/betoff.eu A presente pol\u00edtica de privacidade descreve as regras de tratamento e prote\u00e7\u00e3o dos dados pessoais fornecidos pelos utilizadores no \u00e2mbito da utiliza\u00e7\u00e3o dos servi\u00e7os de vendas atrav\u00e9s do site. Innovachem Krystian Grzyb com sede ul. Sarmacka 21\/8 Varssavi N\u00famero fiscal europeu PL7621764306 Para proteger os dados que nos [...]","og_url":"https:\/\/betoff.eu\/pt\/politica-de-privacidade\/","og_site_name":"BETOFF-Produtos para o mundo do concreto e muito mais!","article_modified_time":"2024-06-21T07:24:58+00:00","twitter_card":"summary_large_image","twitter_misc":{"Tempo estimado de leitura":"4 minutos"},"schema":{"@context":"https:\/\/schema.org","@graph":[{"@type":"WebPage","@id":"https:\/\/betoff.eu\/pt\/politica-de-privacidade\/","url":"https:\/\/betoff.eu\/pt\/politica-de-privacidade\/","name":"Pol\u00edtica de Privacidade - BETOFF-Produtos para o mundo do concreto e muito mais!","isPartOf":{"@id":"https:\/\/betoff.eu\/#website"},"datePublished":"2024-06-21T05:44:05+00:00","dateModified":"2024-06-21T07:24:58+00:00","breadcrumb":{"@id":"https:\/\/betoff.eu\/pt\/politica-de-privacidade\/#breadcrumb"},"inLanguage":"pt-PT","potentialAction":[{"@type":"ReadAction","target":["https:\/\/betoff.eu\/pt\/politica-de-privacidade\/"]}]},{"@type":"BreadcrumbList","@id":"https:\/\/betoff.eu\/pt\/politica-de-privacidade\/#breadcrumb","itemListElement":[{"@type":"ListItem","position":1,"name":"Hem","item":"https:\/\/betoff.eu\/pt\/"},{"@type":"ListItem","position":2,"name":"Pol\u00edtica de Privacidade"}]},{"@type":"WebSite","@id":"https:\/\/betoff.eu\/#website","url":"https:\/\/betoff.eu\/","name":"BETOFF-Products for the world of concrete and beyond!","description":"Betoff - Fluido de remo\u00e7\u00e3o de concreto","publisher":{"@id":"https:\/\/betoff.eu\/#\/schema\/person\/cded67f1acad0c68af8dcc171137512c"},"potentialAction":[{"@type":"SearchAction","target":{"@type":"EntryPoint","urlTemplate":"https:\/\/betoff.eu\/?s={search_term_string}"},"query-input":{"@type":"PropertyValueSpecification","valueRequired":true,"valueName":"search_term_string"}}],"inLanguage":"pt-PT"},{"@type":["Person","Organization"],"@id":"https:\/\/betoff.eu\/#\/schema\/person\/cded67f1acad0c68af8dcc171137512c","name":"admin","image":{"@type":"ImageObject","inLanguage":"pt-PT","@id":"https:\/\/betoff.eu\/#\/schema\/person\/image\/","url":"https:\/\/betoff.eu\/wp-content\/uploads\/2021\/02\/betoff-logo.png","contentUrl":"https:\/\/betoff.eu\/wp-content\/uploads\/2021\/02\/betoff-logo.png","width":1024,"height":258,"caption":"admin"},"logo":{"@id":"https:\/\/betoff.eu\/#\/schema\/person\/image\/"}}]}},"_links":{"self":[{"href":"https:\/\/betoff.eu\/pt-pt\/wp-json\/wp\/v2\/pages\/13975","targetHints":{"allow":["GET"]}}],"collection":[{"href":"https:\/\/betoff.eu\/pt-pt\/wp-json\/wp\/v2\/pages"}],"about":[{"href":"https:\/\/betoff.eu\/pt-pt\/wp-json\/wp\/v2\/types\/page"}],"author":[{"embeddable":true,"href":"https:\/\/betoff.eu\/pt-pt\/wp-json\/wp\/v2\/users\/1"}],"replies":[{"embeddable":true,"href":"https:\/\/betoff.eu\/pt-pt\/wp-json\/wp\/v2\/comments?post=13975"}],"version-history":[{"count":0,"href":"https:\/\/betoff.eu\/pt-pt\/wp-json\/wp\/v2\/pages\/13975\/revisions"}],"wp:attachment":[{"href":"https:\/\/betoff.eu\/pt-pt\/wp-json\/wp\/v2\/media?parent=13975"}],"curies":[{"name":"wp","href":"https:\/\/api.w.org\/{rel}","templated":true}]}}