{"id":39951,"date":"2024-09-20T07:47:41","date_gmt":"2024-09-20T05:47:41","guid":{"rendered":"https:\/\/betoff.eu\/?post_type=product&#038;p=39951"},"modified":"2024-09-20T07:50:12","modified_gmt":"2024-09-20T05:50:12","slug":"betoff-1l-rozpuszczalnik-do-betonu-koncentrat","status":"publish","type":"product","link":"https:\/\/betoff.eu\/lv\/produkt\/betoff-1l-rozpuszczalnik-do-betonu-koncentrat\/","title":{"rendered":"BETOFF &#8211; 1L &#8211; Rozpuszczalnik do betonu (koncentrat)"},"content":{"rendered":"<h3>Usuwanie betonu<\/h3>\n<p>Aby zapewni\u0107 bezproblemow\u0105 operacj\u0119 usuwania betonu, wyposa\u017c si\u0119 w najskuteczniejsze narz\u0119dzie do rozbijania betonu, jakim jest p\u0142yn BETOFF!<\/p>\n<p>P\u0142yn BETOFF to innowacyjny, specjalistyczny produkt, kt\u00f3ry pomaga firmom budowlanym z ca\u0142ej Europy w czyszczeniu maszyn budowlanych. Jego przewag\u0105 nad konkurencj\u0105 jest \u0142atwo\u015b\u0107 penetrowania nawet najci\u0119\u017cszych zabrudze\u0144 cementowo\/betonowych. Bardzo szybko wchodzi w reakcj\u0119 z zabrudzeniami betonowymi nie tylko na maszynach budowlanych, ale tak\u017ce na narz\u0119dziach i wsz\u0119dzie tam, gdzie takie zabrudzenia wyst\u0119puj\u0105.<\/p>\n<h3>Kt\u00f3ry p\u0142yn jest najlepszy do rozpuszczania betonu?<\/h3>\n<p>Grubo\u015b\u0107 betonu na oknach, maszynach budowlanych, czy te\u017c na narz\u0119dziach jest zazwyczaj bardzo du\u017ca i p\u0142yn, kt\u00f3ry ma rozpu\u015bci\u0107 beton, musi by\u0107 bardzo skuteczny. Beton w swej naturze ma by\u0107 mocny i nieust\u0119pliwy. W przypadku cie\u0144szych zabrudze\u0144 mo\u017cesz u\u017cy\u0107 preparatu w wersji rozcie\u0144czonej BETOFF-X, lub w wersji biodegradowalnej BETOFF-BIO. Jednak najsilniejszy spo\u015br\u00f3d naszych preparat\u00f3w do rozpuszczania betonu jest BETOFF (koncentrat).<\/p>\n<h2>Rozpuszczalnik do betonu i zaprawy<\/h2>\n<p>Rozpuszczalnik do zaprawy i betonu BETOFF u\u0142atwia i zabezpiecza usuwanie betonu z narz\u0119dzi i sprz\u0119tu.<\/p>\n<p>Suchy beton jest fizycznie rozbijany i rozpuszczany przez mieszank\u0119 specjalistycznych surowc\u00f3w.<\/p>\n<p>BETOFF atakuje cement portlandzki i ostatecznie zamienia go w papk\u0119<\/p>\n<p>\u0141atwy do usuni\u0119cia za pomoc\u0105 myjki ci\u015bnieniowej lub w\u0119\u017ca.<\/p>\n<h2>U\u017cycie i zastosowanie<\/h2>\n<p>Beton, utwardzony cement, zaprawa i stiuk mo\u017cna bezpiecznie czy\u015bci\u0107, rozpuszcza\u0107 i ostatecznie usuwa\u0107 za pomoc\u0105 p\u0142ynu BETOFF. U\u017cywaj go do czyszczenia narz\u0119dzi r\u0119cznych, rusztowa\u0144, generator\u00f3w, \u015bwidr\u00f3w, ci\u0119\u017car\u00f3wek, przyczep, silos\u00f3w, wanien b\u0142otnych, desek b\u0142otnych, betoniarek, kielni, wylewek i wielu innych maszyn i narz\u0119dzi u\u017cywanych w budownictwie!<\/p>\n","protected":false},"excerpt":{"rendered":"<p>Usuwanie betonu Aby zapewni\u0107 bezproblemow\u0105 operacj\u0119 usuwania betonu, wyposa\u017c si\u0119 w najskuteczniejsze narz\u0119dzie do rozbijania betonu, jakim jest p\u0142yn BETOFF! P\u0142yn BETOFF to innowacyjny, specjalistyczny produkt, kt\u00f3ry pomaga firmom budowlanym z ca\u0142ej Europy w czyszczeniu maszyn budowlanych. Jego przewag\u0105 nad konkurencj\u0105 jest \u0142atwo\u015b\u0107 penetrowania nawet najci\u0119\u017cszych zabrudze\u0144 cementowo\/betonowych. Bardzo szybko wchodzi w reakcj\u0119 z zabrudzeniami [&#8230;]\n","protected":false},"featured_media":38403,"template":"","meta":{"om_disable_all_campaigns":false},"product_brand":[],"product_cat":[549],"product_tag":[],"class_list":{"0":"post-39951","1":"product","2":"type-product","3":"status-publish","4":"has-post-thumbnail","6":"product_cat-rozpuszczanie-betonu","8":"first","9":"instock","10":"taxable","11":"shipping-taxable","12":"purchasable","13":"product-type-simple"},"yoast_head":"<!-- This site is optimized with the Yoast SEO plugin v25.9 - https:\/\/yoast.com\/wordpress\/plugins\/seo\/ -->\n<title>BETOFF - 1L - Rozpuszczalnik do betonu (koncentrat) - BETOFF-Produkti betona pasaulei un ne tikai!<\/title>\n<meta name=\"description\" content=\"Rozpuszczalnik do betonu BETOFF to skuteczny spos\u00f3b na pozbycie si\u0119 zabrudze\u0144 cementowo\/betonowych. Sprawd\u017a nasze innowacyjne preparaty czyszcz\u0105ce ju\u017c teraz!\" \/>\n<meta name=\"robots\" content=\"index, follow, max-snippet:-1, max-image-preview:large, max-video-preview:-1\" \/>\n<link rel=\"canonical\" href=\"https:\/\/betoff.eu\/produkt\/betoff-1l-rozpuszczalnik-do-betonu-koncentrat\/\" \/>\n<meta property=\"og:locale\" content=\"lv_LV\" \/>\n<meta property=\"og:type\" content=\"article\" \/>\n<meta property=\"og:title\" content=\"BETOFF - 1L - Rozpuszczalnik do betonu (koncentrat) - BETOFF-Produkti betona pasaulei un ne tikai!\" \/>\n<meta property=\"og:description\" content=\"Rozpuszczalnik do betonu BETOFF to skuteczny spos\u00f3b na pozbycie si\u0119 zabrudze\u0144 cementowo\/betonowych. Sprawd\u017a nasze innowacyjne preparaty czyszcz\u0105ce ju\u017c teraz!\" \/>\n<meta property=\"og:url\" content=\"https:\/\/betoff.eu\/produkt\/betoff-1l-rozpuszczalnik-do-betonu-koncentrat\/\" \/>\n<meta property=\"og:site_name\" content=\"BETOFF-Produkti betona pasaulei un ne tikai!\" \/>\n<meta property=\"article:modified_time\" content=\"2024-09-20T05:50:12+00:00\" \/>\n<meta property=\"og:image\" content=\"https:\/\/betoff.eu\/wp-content\/uploads\/2024\/08\/betoff-1Lneu-ety-430x538-3.png\" \/>\n\t<meta property=\"og:image:width\" content=\"430\" \/>\n\t<meta property=\"og:image:height\" content=\"538\" \/>\n\t<meta property=\"og:image:type\" content=\"image\/png\" \/>\n<meta name=\"twitter:card\" content=\"summary_large_image\" \/>\n<meta name=\"twitter:label1\" content=\"Est. reading time\" \/>\n\t<meta name=\"twitter:data1\" content=\"2 minutes\" \/>\n<script type=\"application\/ld+json\" class=\"yoast-schema-graph\">{\"@context\":\"https:\/\/schema.org\",\"@graph\":[{\"@type\":\"WebPage\",\"@id\":\"https:\/\/betoff.eu\/produkt\/betoff-1l-rozpuszczalnik-do-betonu-koncentrat\/\",\"url\":\"https:\/\/betoff.eu\/produkt\/betoff-1l-rozpuszczalnik-do-betonu-koncentrat\/\",\"name\":\"BETOFF - 1L - Rozpuszczalnik do betonu (koncentrat) - BETOFF-Produkti betona pasaulei un ne tikai!\",\"isPartOf\":{\"@id\":\"https:\/\/betoff.eu\/#website\"},\"primaryImageOfPage\":{\"@id\":\"https:\/\/betoff.eu\/produkt\/betoff-1l-rozpuszczalnik-do-betonu-koncentrat\/#primaryimage\"},\"image\":{\"@id\":\"https:\/\/betoff.eu\/produkt\/betoff-1l-rozpuszczalnik-do-betonu-koncentrat\/#primaryimage\"},\"thumbnailUrl\":\"https:\/\/betoff.eu\/wp-content\/uploads\/2024\/08\/betoff-1Lneu-ety-430x538-3.png\",\"datePublished\":\"2024-09-20T05:47:41+00:00\",\"dateModified\":\"2024-09-20T05:50:12+00:00\",\"description\":\"Rozpuszczalnik do betonu BETOFF to skuteczny spos\u00f3b na pozbycie si\u0119 zabrudze\u0144 cementowo\/betonowych. Sprawd\u017a nasze innowacyjne preparaty czyszcz\u0105ce ju\u017c teraz!\",\"breadcrumb\":{\"@id\":\"https:\/\/betoff.eu\/produkt\/betoff-1l-rozpuszczalnik-do-betonu-koncentrat\/#breadcrumb\"},\"inLanguage\":\"lv-LV\",\"potentialAction\":[{\"@type\":\"ReadAction\",\"target\":[\"https:\/\/betoff.eu\/produkt\/betoff-1l-rozpuszczalnik-do-betonu-koncentrat\/\"]}]},{\"@type\":\"ImageObject\",\"inLanguage\":\"lv-LV\",\"@id\":\"https:\/\/betoff.eu\/produkt\/betoff-1l-rozpuszczalnik-do-betonu-koncentrat\/#primaryimage\",\"url\":\"https:\/\/betoff.eu\/wp-content\/uploads\/2024\/08\/betoff-1Lneu-ety-430x538-3.png\",\"contentUrl\":\"https:\/\/betoff.eu\/wp-content\/uploads\/2024\/08\/betoff-1Lneu-ety-430x538-3.png\",\"width\":430,\"height\":538,\"caption\":\"Rozpuszczalnik betonu\"},{\"@type\":\"BreadcrumbList\",\"@id\":\"https:\/\/betoff.eu\/produkt\/betoff-1l-rozpuszczalnik-do-betonu-koncentrat\/#breadcrumb\",\"itemListElement\":[{\"@type\":\"ListItem\",\"position\":1,\"name\":\"Hem\",\"item\":\"https:\/\/betoff.eu\/lv\/\"},{\"@type\":\"ListItem\",\"position\":2,\"name\":\"Shop\",\"item\":\"https:\/\/betoff.eu\/pl\/sklep-2\/\"},{\"@type\":\"ListItem\",\"position\":3,\"name\":\"BETOFF &#8211; 1L &#8211; Rozpuszczalnik do betonu (koncentrat)\"}]},{\"@type\":\"WebSite\",\"@id\":\"https:\/\/betoff.eu\/#website\",\"url\":\"https:\/\/betoff.eu\/\",\"name\":\"BETOFF-Products for the world of concrete and beyond!\",\"description\":\"Betoff - Betona no\u0146em\u0161anas \u0161\u0137idrums\",\"publisher\":{\"@id\":\"https:\/\/betoff.eu\/#\/schema\/person\/cded67f1acad0c68af8dcc171137512c\"},\"potentialAction\":[{\"@type\":\"SearchAction\",\"target\":{\"@type\":\"EntryPoint\",\"urlTemplate\":\"https:\/\/betoff.eu\/?s={search_term_string}\"},\"query-input\":{\"@type\":\"PropertyValueSpecification\",\"valueRequired\":true,\"valueName\":\"search_term_string\"}}],\"inLanguage\":\"lv-LV\"},{\"@type\":[\"Person\",\"Organization\"],\"@id\":\"https:\/\/betoff.eu\/#\/schema\/person\/cded67f1acad0c68af8dcc171137512c\",\"name\":\"admin\",\"image\":{\"@type\":\"ImageObject\",\"inLanguage\":\"lv-LV\",\"@id\":\"https:\/\/betoff.eu\/#\/schema\/person\/image\/\",\"url\":\"https:\/\/betoff.eu\/wp-content\/uploads\/2021\/02\/betoff-logo.png\",\"contentUrl\":\"https:\/\/betoff.eu\/wp-content\/uploads\/2021\/02\/betoff-logo.png\",\"width\":1024,\"height\":258,\"caption\":\"admin\"},\"logo\":{\"@id\":\"https:\/\/betoff.eu\/#\/schema\/person\/image\/\"}}]}<\/script>\n<!-- \/ Yoast SEO plugin. -->","yoast_head_json":{"title":"BETOFF - 1L - Rozpuszczalnik do betonu (koncentrat) - BETOFF-Produkti betona pasaulei un ne tikai!","description":"Rozpuszczalnik do betonu BETOFF to skuteczny spos\u00f3b na pozbycie si\u0119 zabrudze\u0144 cementowo\/betonowych. Sprawd\u017a nasze innowacyjne preparaty czyszcz\u0105ce ju\u017c teraz!","robots":{"index":"index","follow":"follow","max-snippet":"max-snippet:-1","max-image-preview":"max-image-preview:large","max-video-preview":"max-video-preview:-1"},"canonical":"https:\/\/betoff.eu\/produkt\/betoff-1l-rozpuszczalnik-do-betonu-koncentrat\/","og_locale":"lv_LV","og_type":"article","og_title":"BETOFF - 1L - Rozpuszczalnik do betonu (koncentrat) - BETOFF-Produkti betona pasaulei un ne tikai!","og_description":"Rozpuszczalnik do betonu BETOFF to skuteczny spos\u00f3b na pozbycie si\u0119 zabrudze\u0144 cementowo\/betonowych. Sprawd\u017a nasze innowacyjne preparaty czyszcz\u0105ce ju\u017c teraz!","og_url":"https:\/\/betoff.eu\/produkt\/betoff-1l-rozpuszczalnik-do-betonu-koncentrat\/","og_site_name":"BETOFF-Produkti betona pasaulei un ne tikai!","article_modified_time":"2024-09-20T05:50:12+00:00","og_image":[{"width":430,"height":538,"url":"https:\/\/betoff.eu\/wp-content\/uploads\/2024\/08\/betoff-1Lneu-ety-430x538-3.png","type":"image\/png"}],"twitter_card":"summary_large_image","twitter_misc":{"Est. reading time":"2 minutes"},"schema":{"@context":"https:\/\/schema.org","@graph":[{"@type":"WebPage","@id":"https:\/\/betoff.eu\/produkt\/betoff-1l-rozpuszczalnik-do-betonu-koncentrat\/","url":"https:\/\/betoff.eu\/produkt\/betoff-1l-rozpuszczalnik-do-betonu-koncentrat\/","name":"BETOFF - 1L - Rozpuszczalnik do betonu (koncentrat) - BETOFF-Produkti betona pasaulei un ne tikai!","isPartOf":{"@id":"https:\/\/betoff.eu\/#website"},"primaryImageOfPage":{"@id":"https:\/\/betoff.eu\/produkt\/betoff-1l-rozpuszczalnik-do-betonu-koncentrat\/#primaryimage"},"image":{"@id":"https:\/\/betoff.eu\/produkt\/betoff-1l-rozpuszczalnik-do-betonu-koncentrat\/#primaryimage"},"thumbnailUrl":"https:\/\/betoff.eu\/wp-content\/uploads\/2024\/08\/betoff-1Lneu-ety-430x538-3.png","datePublished":"2024-09-20T05:47:41+00:00","dateModified":"2024-09-20T05:50:12+00:00","description":"Rozpuszczalnik do betonu BETOFF to skuteczny spos\u00f3b na pozbycie si\u0119 zabrudze\u0144 cementowo\/betonowych. Sprawd\u017a nasze innowacyjne preparaty czyszcz\u0105ce ju\u017c teraz!","breadcrumb":{"@id":"https:\/\/betoff.eu\/produkt\/betoff-1l-rozpuszczalnik-do-betonu-koncentrat\/#breadcrumb"},"inLanguage":"lv-LV","potentialAction":[{"@type":"ReadAction","target":["https:\/\/betoff.eu\/produkt\/betoff-1l-rozpuszczalnik-do-betonu-koncentrat\/"]}]},{"@type":"ImageObject","inLanguage":"lv-LV","@id":"https:\/\/betoff.eu\/produkt\/betoff-1l-rozpuszczalnik-do-betonu-koncentrat\/#primaryimage","url":"https:\/\/betoff.eu\/wp-content\/uploads\/2024\/08\/betoff-1Lneu-ety-430x538-3.png","contentUrl":"https:\/\/betoff.eu\/wp-content\/uploads\/2024\/08\/betoff-1Lneu-ety-430x538-3.png","width":430,"height":538,"caption":"Rozpuszczalnik betonu"},{"@type":"BreadcrumbList","@id":"https:\/\/betoff.eu\/produkt\/betoff-1l-rozpuszczalnik-do-betonu-koncentrat\/#breadcrumb","itemListElement":[{"@type":"ListItem","position":1,"name":"Hem","item":"https:\/\/betoff.eu\/lv\/"},{"@type":"ListItem","position":2,"name":"Shop","item":"https:\/\/betoff.eu\/pl\/sklep-2\/"},{"@type":"ListItem","position":3,"name":"BETOFF &#8211; 1L &#8211; Rozpuszczalnik do betonu (koncentrat)"}]},{"@type":"WebSite","@id":"https:\/\/betoff.eu\/#website","url":"https:\/\/betoff.eu\/","name":"BETOFF-Products for the world of concrete and beyond!","description":"Betoff - Betona no\u0146em\u0161anas \u0161\u0137idrums","publisher":{"@id":"https:\/\/betoff.eu\/#\/schema\/person\/cded67f1acad0c68af8dcc171137512c"},"potentialAction":[{"@type":"SearchAction","target":{"@type":"EntryPoint","urlTemplate":"https:\/\/betoff.eu\/?s={search_term_string}"},"query-input":{"@type":"PropertyValueSpecification","valueRequired":true,"valueName":"search_term_string"}}],"inLanguage":"lv-LV"},{"@type":["Person","Organization"],"@id":"https:\/\/betoff.eu\/#\/schema\/person\/cded67f1acad0c68af8dcc171137512c","name":"admin","image":{"@type":"ImageObject","inLanguage":"lv-LV","@id":"https:\/\/betoff.eu\/#\/schema\/person\/image\/","url":"https:\/\/betoff.eu\/wp-content\/uploads\/2021\/02\/betoff-logo.png","contentUrl":"https:\/\/betoff.eu\/wp-content\/uploads\/2021\/02\/betoff-logo.png","width":1024,"height":258,"caption":"admin"},"logo":{"@id":"https:\/\/betoff.eu\/#\/schema\/person\/image\/"}}]}},"_links":{"self":[{"href":"https:\/\/betoff.eu\/lv\/wp-json\/wp\/v2\/product\/39951","targetHints":{"allow":["GET"]}}],"collection":[{"href":"https:\/\/betoff.eu\/lv\/wp-json\/wp\/v2\/product"}],"about":[{"href":"https:\/\/betoff.eu\/lv\/wp-json\/wp\/v2\/types\/product"}],"wp:featuredmedia":[{"embeddable":true,"href":"https:\/\/betoff.eu\/lv\/wp-json\/wp\/v2\/media\/38403"}],"wp:attachment":[{"href":"https:\/\/betoff.eu\/lv\/wp-json\/wp\/v2\/media?parent=39951"}],"wp:term":[{"taxonomy":"product_brand","embeddable":true,"href":"https:\/\/betoff.eu\/lv\/wp-json\/wp\/v2\/product_brand?post=39951"},{"taxonomy":"product_cat","embeddable":true,"href":"https:\/\/betoff.eu\/lv\/wp-json\/wp\/v2\/product_cat?post=39951"},{"taxonomy":"product_tag","embeddable":true,"href":"https:\/\/betoff.eu\/lv\/wp-json\/wp\/v2\/product_tag?post=39951"}],"curies":[{"name":"wp","href":"https:\/\/api.w.org\/{rel}","templated":true}]}}