{"id":14420,"date":"2024-06-26T17:13:52","date_gmt":"2024-06-26T15:13:52","guid":{"rendered":"https:\/\/betoff.eu\/?post_type=product&#038;p=14420"},"modified":"2024-06-26T17:13:53","modified_gmt":"2024-06-26T15:13:53","slug":"betoff-f-2l-javas-tirisanas-skidrums-bez-bersanas","status":"publish","type":"product","link":"https:\/\/betoff.eu\/lv\/produkt\/betoff-f-2l-javas-tirisanas-skidrums-bez-bersanas\/","title":{"rendered":"BETOFF-F &#8211; 2L &#8211; Javas t\u012br\u012b\u0161anas \u0161\u0137idrums. Bez ber\u0161anas"},"content":{"rendered":"","protected":false},"excerpt":{"rendered":"","protected":false},"featured_media":14421,"template":"","meta":{"om_disable_all_campaigns":false},"product_brand":[],"product_cat":[353],"product_tag":[],"class_list":{"0":"post-14420","1":"product","2":"type-product","3":"status-publish","4":"has-post-thumbnail","6":"product_cat-savienojumu-tirisana","8":"first","9":"instock","10":"taxable","11":"shipping-taxable","12":"purchasable","13":"product-type-simple"},"yoast_head":"<!-- This site is optimized with the Yoast SEO plugin v25.9 - https:\/\/yoast.com\/wordpress\/plugins\/seo\/ -->\n<title>BETOFF-F - 2L - Javas t\u012br\u012b\u0161anas \u0161\u0137idrums. Bez ber\u0161anas - BETOFF-Produkti betona pasaulei un ne tikai!<\/title>\n<meta name=\"description\" content=\"K\u0101 efekt\u012bvi izt\u012br\u012bt javu vannas istab\u0101 un virtuv\u0113? Not\u012briet savienojumus ar BETOFF-F \u0161\u0137idrumu! \u013boti efekt\u012bvi un efekt\u012bvi! Noteikti p\u0101rbaudiet to un atvieglojiet savu darbu!\" \/>\n<meta name=\"robots\" content=\"index, follow, max-snippet:-1, max-image-preview:large, max-video-preview:-1\" \/>\n<link rel=\"canonical\" href=\"https:\/\/betoff.eu\/lv\/produkt\/betoff-f-2l-javas-tirisanas-skidrums-bez-bersanas\/\" \/>\n<meta property=\"og:locale\" content=\"lv_LV\" \/>\n<meta property=\"og:type\" content=\"article\" \/>\n<meta property=\"og:title\" content=\"BETOFF-F - 2L - Javas t\u012br\u012b\u0161anas \u0161\u0137idrums. Bez ber\u0161anas - BETOFF-Produkti betona pasaulei un ne tikai!\" \/>\n<meta property=\"og:description\" content=\"K\u0101 efekt\u012bvi izt\u012br\u012bt javu vannas istab\u0101 un virtuv\u0113? Not\u012briet savienojumus ar BETOFF-F \u0161\u0137idrumu! \u013boti efekt\u012bvi un efekt\u012bvi! Noteikti p\u0101rbaudiet to un atvieglojiet savu darbu!\" \/>\n<meta property=\"og:url\" content=\"https:\/\/betoff.eu\/lv\/produkt\/betoff-f-2l-javas-tirisanas-skidrums-bez-bersanas\/\" \/>\n<meta property=\"og:site_name\" content=\"BETOFF-Produkti betona pasaulei un ne tikai!\" \/>\n<meta property=\"article:modified_time\" content=\"2024-06-26T15:13:53+00:00\" \/>\n<meta property=\"og:image\" content=\"https:\/\/betoff.eu\/wp-content\/uploads\/2024\/06\/Betoff-F-x2-czechy-4.png\" \/>\n\t<meta property=\"og:image:width\" content=\"1530\" \/>\n\t<meta property=\"og:image:height\" content=\"2080\" \/>\n\t<meta property=\"og:image:type\" content=\"image\/png\" \/>\n<meta name=\"twitter:card\" content=\"summary_large_image\" \/>\n<meta name=\"twitter:label1\" content=\"Est. reading time\" \/>\n\t<meta name=\"twitter:data1\" content=\"1 minute\" \/>\n<script type=\"application\/ld+json\" class=\"yoast-schema-graph\">{\"@context\":\"https:\/\/schema.org\",\"@graph\":[{\"@type\":\"WebPage\",\"@id\":\"https:\/\/betoff.eu\/lv\/produkt\/betoff-f-2l-javas-tirisanas-skidrums-bez-bersanas\/\",\"url\":\"https:\/\/betoff.eu\/lv\/produkt\/betoff-f-2l-javas-tirisanas-skidrums-bez-bersanas\/\",\"name\":\"BETOFF-F - 2L - Javas t\u012br\u012b\u0161anas \u0161\u0137idrums. Bez ber\u0161anas - BETOFF-Produkti betona pasaulei un ne tikai!\",\"isPartOf\":{\"@id\":\"https:\/\/betoff.eu\/#website\"},\"primaryImageOfPage\":{\"@id\":\"https:\/\/betoff.eu\/lv\/produkt\/betoff-f-2l-javas-tirisanas-skidrums-bez-bersanas\/#primaryimage\"},\"image\":{\"@id\":\"https:\/\/betoff.eu\/lv\/produkt\/betoff-f-2l-javas-tirisanas-skidrums-bez-bersanas\/#primaryimage\"},\"thumbnailUrl\":\"https:\/\/betoff.eu\/wp-content\/uploads\/2024\/06\/Betoff-F-x2-czechy-4.png\",\"datePublished\":\"2024-06-26T15:13:52+00:00\",\"dateModified\":\"2024-06-26T15:13:53+00:00\",\"description\":\"K\u0101 efekt\u012bvi izt\u012br\u012bt javu vannas istab\u0101 un virtuv\u0113? Not\u012briet savienojumus ar BETOFF-F \u0161\u0137idrumu! \u013boti efekt\u012bvi un efekt\u012bvi! Noteikti p\u0101rbaudiet to un atvieglojiet savu darbu!\",\"breadcrumb\":{\"@id\":\"https:\/\/betoff.eu\/lv\/produkt\/betoff-f-2l-javas-tirisanas-skidrums-bez-bersanas\/#breadcrumb\"},\"inLanguage\":\"lv-LV\",\"potentialAction\":[{\"@type\":\"ReadAction\",\"target\":[\"https:\/\/betoff.eu\/lv\/produkt\/betoff-f-2l-javas-tirisanas-skidrums-bez-bersanas\/\"]}]},{\"@type\":\"ImageObject\",\"inLanguage\":\"lv-LV\",\"@id\":\"https:\/\/betoff.eu\/lv\/produkt\/betoff-f-2l-javas-tirisanas-skidrums-bez-bersanas\/#primaryimage\",\"url\":\"https:\/\/betoff.eu\/wp-content\/uploads\/2024\/06\/Betoff-F-x2-czechy-4.png\",\"contentUrl\":\"https:\/\/betoff.eu\/wp-content\/uploads\/2024\/06\/Betoff-F-x2-czechy-4.png\",\"width\":1530,\"height\":2080,\"caption\":\"Javas t\u012br\u012b\u0161anas \u0161\u0137idrums\"},{\"@type\":\"BreadcrumbList\",\"@id\":\"https:\/\/betoff.eu\/lv\/produkt\/betoff-f-2l-javas-tirisanas-skidrums-bez-bersanas\/#breadcrumb\",\"itemListElement\":[{\"@type\":\"ListItem\",\"position\":1,\"name\":\"Hem\",\"item\":\"https:\/\/betoff.eu\/lv\/\"},{\"@type\":\"ListItem\",\"position\":2,\"name\":\"Shop\",\"item\":\"https:\/\/betoff.eu\/pl\/sklep-2\/\"},{\"@type\":\"ListItem\",\"position\":3,\"name\":\"BETOFF-F &#8211; 2L &#8211; Javas t\u012br\u012b\u0161anas \u0161\u0137idrums. Bez ber\u0161anas\"}]},{\"@type\":\"WebSite\",\"@id\":\"https:\/\/betoff.eu\/#website\",\"url\":\"https:\/\/betoff.eu\/\",\"name\":\"BETOFF-Products for the world of concrete and beyond!\",\"description\":\"Betoff - Betona no\u0146em\u0161anas \u0161\u0137idrums\",\"publisher\":{\"@id\":\"https:\/\/betoff.eu\/#\/schema\/person\/cded67f1acad0c68af8dcc171137512c\"},\"potentialAction\":[{\"@type\":\"SearchAction\",\"target\":{\"@type\":\"EntryPoint\",\"urlTemplate\":\"https:\/\/betoff.eu\/?s={search_term_string}\"},\"query-input\":{\"@type\":\"PropertyValueSpecification\",\"valueRequired\":true,\"valueName\":\"search_term_string\"}}],\"inLanguage\":\"lv-LV\"},{\"@type\":[\"Person\",\"Organization\"],\"@id\":\"https:\/\/betoff.eu\/#\/schema\/person\/cded67f1acad0c68af8dcc171137512c\",\"name\":\"admin\",\"image\":{\"@type\":\"ImageObject\",\"inLanguage\":\"lv-LV\",\"@id\":\"https:\/\/betoff.eu\/#\/schema\/person\/image\/\",\"url\":\"https:\/\/betoff.eu\/wp-content\/uploads\/2021\/02\/betoff-logo.png\",\"contentUrl\":\"https:\/\/betoff.eu\/wp-content\/uploads\/2021\/02\/betoff-logo.png\",\"width\":1024,\"height\":258,\"caption\":\"admin\"},\"logo\":{\"@id\":\"https:\/\/betoff.eu\/#\/schema\/person\/image\/\"}}]}<\/script>\n<!-- \/ Yoast SEO plugin. -->","yoast_head_json":{"title":"BETOFF-F - 2L - Javas t\u012br\u012b\u0161anas \u0161\u0137idrums. Bez ber\u0161anas - BETOFF-Produkti betona pasaulei un ne tikai!","description":"K\u0101 efekt\u012bvi izt\u012br\u012bt javu vannas istab\u0101 un virtuv\u0113? Not\u012briet savienojumus ar BETOFF-F \u0161\u0137idrumu! \u013boti efekt\u012bvi un efekt\u012bvi! Noteikti p\u0101rbaudiet to un atvieglojiet savu darbu!","robots":{"index":"index","follow":"follow","max-snippet":"max-snippet:-1","max-image-preview":"max-image-preview:large","max-video-preview":"max-video-preview:-1"},"canonical":"https:\/\/betoff.eu\/lv\/produkt\/betoff-f-2l-javas-tirisanas-skidrums-bez-bersanas\/","og_locale":"lv_LV","og_type":"article","og_title":"BETOFF-F - 2L - Javas t\u012br\u012b\u0161anas \u0161\u0137idrums. Bez ber\u0161anas - BETOFF-Produkti betona pasaulei un ne tikai!","og_description":"K\u0101 efekt\u012bvi izt\u012br\u012bt javu vannas istab\u0101 un virtuv\u0113? Not\u012briet savienojumus ar BETOFF-F \u0161\u0137idrumu! \u013boti efekt\u012bvi un efekt\u012bvi! Noteikti p\u0101rbaudiet to un atvieglojiet savu darbu!","og_url":"https:\/\/betoff.eu\/lv\/produkt\/betoff-f-2l-javas-tirisanas-skidrums-bez-bersanas\/","og_site_name":"BETOFF-Produkti betona pasaulei un ne tikai!","article_modified_time":"2024-06-26T15:13:53+00:00","og_image":[{"width":1530,"height":2080,"url":"https:\/\/betoff.eu\/wp-content\/uploads\/2024\/06\/Betoff-F-x2-czechy-4.png","type":"image\/png"}],"twitter_card":"summary_large_image","twitter_misc":{"Est. reading time":"1 minute"},"schema":{"@context":"https:\/\/schema.org","@graph":[{"@type":"WebPage","@id":"https:\/\/betoff.eu\/lv\/produkt\/betoff-f-2l-javas-tirisanas-skidrums-bez-bersanas\/","url":"https:\/\/betoff.eu\/lv\/produkt\/betoff-f-2l-javas-tirisanas-skidrums-bez-bersanas\/","name":"BETOFF-F - 2L - Javas t\u012br\u012b\u0161anas \u0161\u0137idrums. Bez ber\u0161anas - BETOFF-Produkti betona pasaulei un ne tikai!","isPartOf":{"@id":"https:\/\/betoff.eu\/#website"},"primaryImageOfPage":{"@id":"https:\/\/betoff.eu\/lv\/produkt\/betoff-f-2l-javas-tirisanas-skidrums-bez-bersanas\/#primaryimage"},"image":{"@id":"https:\/\/betoff.eu\/lv\/produkt\/betoff-f-2l-javas-tirisanas-skidrums-bez-bersanas\/#primaryimage"},"thumbnailUrl":"https:\/\/betoff.eu\/wp-content\/uploads\/2024\/06\/Betoff-F-x2-czechy-4.png","datePublished":"2024-06-26T15:13:52+00:00","dateModified":"2024-06-26T15:13:53+00:00","description":"K\u0101 efekt\u012bvi izt\u012br\u012bt javu vannas istab\u0101 un virtuv\u0113? Not\u012briet savienojumus ar BETOFF-F \u0161\u0137idrumu! \u013boti efekt\u012bvi un efekt\u012bvi! Noteikti p\u0101rbaudiet to un atvieglojiet savu darbu!","breadcrumb":{"@id":"https:\/\/betoff.eu\/lv\/produkt\/betoff-f-2l-javas-tirisanas-skidrums-bez-bersanas\/#breadcrumb"},"inLanguage":"lv-LV","potentialAction":[{"@type":"ReadAction","target":["https:\/\/betoff.eu\/lv\/produkt\/betoff-f-2l-javas-tirisanas-skidrums-bez-bersanas\/"]}]},{"@type":"ImageObject","inLanguage":"lv-LV","@id":"https:\/\/betoff.eu\/lv\/produkt\/betoff-f-2l-javas-tirisanas-skidrums-bez-bersanas\/#primaryimage","url":"https:\/\/betoff.eu\/wp-content\/uploads\/2024\/06\/Betoff-F-x2-czechy-4.png","contentUrl":"https:\/\/betoff.eu\/wp-content\/uploads\/2024\/06\/Betoff-F-x2-czechy-4.png","width":1530,"height":2080,"caption":"Javas t\u012br\u012b\u0161anas \u0161\u0137idrums"},{"@type":"BreadcrumbList","@id":"https:\/\/betoff.eu\/lv\/produkt\/betoff-f-2l-javas-tirisanas-skidrums-bez-bersanas\/#breadcrumb","itemListElement":[{"@type":"ListItem","position":1,"name":"Hem","item":"https:\/\/betoff.eu\/lv\/"},{"@type":"ListItem","position":2,"name":"Shop","item":"https:\/\/betoff.eu\/pl\/sklep-2\/"},{"@type":"ListItem","position":3,"name":"BETOFF-F &#8211; 2L &#8211; Javas t\u012br\u012b\u0161anas \u0161\u0137idrums. Bez ber\u0161anas"}]},{"@type":"WebSite","@id":"https:\/\/betoff.eu\/#website","url":"https:\/\/betoff.eu\/","name":"BETOFF-Products for the world of concrete and beyond!","description":"Betoff - Betona no\u0146em\u0161anas \u0161\u0137idrums","publisher":{"@id":"https:\/\/betoff.eu\/#\/schema\/person\/cded67f1acad0c68af8dcc171137512c"},"potentialAction":[{"@type":"SearchAction","target":{"@type":"EntryPoint","urlTemplate":"https:\/\/betoff.eu\/?s={search_term_string}"},"query-input":{"@type":"PropertyValueSpecification","valueRequired":true,"valueName":"search_term_string"}}],"inLanguage":"lv-LV"},{"@type":["Person","Organization"],"@id":"https:\/\/betoff.eu\/#\/schema\/person\/cded67f1acad0c68af8dcc171137512c","name":"admin","image":{"@type":"ImageObject","inLanguage":"lv-LV","@id":"https:\/\/betoff.eu\/#\/schema\/person\/image\/","url":"https:\/\/betoff.eu\/wp-content\/uploads\/2021\/02\/betoff-logo.png","contentUrl":"https:\/\/betoff.eu\/wp-content\/uploads\/2021\/02\/betoff-logo.png","width":1024,"height":258,"caption":"admin"},"logo":{"@id":"https:\/\/betoff.eu\/#\/schema\/person\/image\/"}}]}},"_links":{"self":[{"href":"https:\/\/betoff.eu\/lv\/wp-json\/wp\/v2\/product\/14420","targetHints":{"allow":["GET"]}}],"collection":[{"href":"https:\/\/betoff.eu\/lv\/wp-json\/wp\/v2\/product"}],"about":[{"href":"https:\/\/betoff.eu\/lv\/wp-json\/wp\/v2\/types\/product"}],"wp:featuredmedia":[{"embeddable":true,"href":"https:\/\/betoff.eu\/lv\/wp-json\/wp\/v2\/media\/14421"}],"wp:attachment":[{"href":"https:\/\/betoff.eu\/lv\/wp-json\/wp\/v2\/media?parent=14420"}],"wp:term":[{"taxonomy":"product_brand","embeddable":true,"href":"https:\/\/betoff.eu\/lv\/wp-json\/wp\/v2\/product_brand?post=14420"},{"taxonomy":"product_cat","embeddable":true,"href":"https:\/\/betoff.eu\/lv\/wp-json\/wp\/v2\/product_cat?post=14420"},{"taxonomy":"product_tag","embeddable":true,"href":"https:\/\/betoff.eu\/lv\/wp-json\/wp\/v2\/product_tag?post=14420"}],"curies":[{"name":"wp","href":"https:\/\/api.w.org\/{rel}","templated":true}]}}