{"id":14400,"date":"2024-06-26T16:25:08","date_gmt":"2024-06-26T14:25:08","guid":{"rendered":"https:\/\/betoff.eu\/?post_type=product&#038;p=14400"},"modified":"2024-06-26T16:25:31","modified_gmt":"2024-06-26T14:25:31","slug":"betoff-bio-20l-biologiski-noardams-skidrums-betona-skidinasanai-plani-un-svaigi-netirumi","status":"publish","type":"product","link":"https:\/\/betoff.eu\/lv\/produkt\/betoff-bio-20l-biologiski-noardams-skidrums-betona-skidinasanai-plani-un-svaigi-netirumi\/","title":{"rendered":"BETOFF-BIO &#8211; 20L &#8211; Biolo\u0123iski no\u0101rd\u0101ms \u0161\u0137idrums betona \u0161\u0137\u012bdin\u0101\u0161anai. Pl\u0101ni un svaigi net\u012brumi"},"content":{"rendered":"","protected":false},"excerpt":{"rendered":"","protected":false},"featured_media":14401,"template":"","meta":{"om_disable_all_campaigns":false},"product_brand":[],"product_cat":[349],"product_tag":[],"class_list":{"0":"post-14400","1":"product","2":"type-product","3":"status-publish","4":"has-post-thumbnail","6":"product_cat-bez-kategorii-lv","8":"first","9":"instock","10":"taxable","11":"shipping-taxable","12":"purchasable","13":"product-type-simple"},"yoast_head":"<!-- This site is optimized with the Yoast SEO plugin v25.9 - https:\/\/yoast.com\/wordpress\/plugins\/seo\/ -->\n<title>BETOFF-BIO - 20L - Biolo\u0123iski no\u0101rd\u0101ms \u0161\u0137idrums betona \u0161\u0137\u012bdin\u0101\u0161anai. Pl\u0101ni un svaigi net\u012brumi - BETOFF-Produkti betona pasaulei un ne tikai!<\/title>\n<meta name=\"description\" content=\"Biolo\u0123iski no\u0101rd\u0101ms \u0161\u0137idrums cementa piena, \u016bdens nogulsnes un r\u016bsas no\u0146em\u0161anai. \u013boti efekt\u012bvi, \u013coti efekt\u012bvi! T\u012briet savus instrumentus un celtniec\u012bbas ma\u0161\u012bnas ar BETOFF-BIO \u0161\u0137idrumu!\" \/>\n<meta name=\"robots\" content=\"index, follow, max-snippet:-1, max-image-preview:large, max-video-preview:-1\" \/>\n<link rel=\"canonical\" href=\"https:\/\/betoff.eu\/lv\/produkt\/betoff-bio-20l-biologiski-noardams-skidrums-betona-skidinasanai-plani-un-svaigi-netirumi\/\" \/>\n<meta property=\"og:locale\" content=\"lv_LV\" \/>\n<meta property=\"og:type\" content=\"article\" \/>\n<meta property=\"og:title\" content=\"BETOFF-BIO - 20L - Biolo\u0123iski no\u0101rd\u0101ms \u0161\u0137idrums betona \u0161\u0137\u012bdin\u0101\u0161anai. Pl\u0101ni un svaigi net\u012brumi - BETOFF-Produkti betona pasaulei un ne tikai!\" \/>\n<meta property=\"og:description\" content=\"Biolo\u0123iski no\u0101rd\u0101ms \u0161\u0137idrums cementa piena, \u016bdens nogulsnes un r\u016bsas no\u0146em\u0161anai. \u013boti efekt\u012bvi, \u013coti efekt\u012bvi! T\u012briet savus instrumentus un celtniec\u012bbas ma\u0161\u012bnas ar BETOFF-BIO \u0161\u0137idrumu!\" \/>\n<meta property=\"og:url\" content=\"https:\/\/betoff.eu\/lv\/produkt\/betoff-bio-20l-biologiski-noardams-skidrums-betona-skidinasanai-plani-un-svaigi-netirumi\/\" \/>\n<meta property=\"og:site_name\" content=\"BETOFF-Produkti betona pasaulei un ne tikai!\" \/>\n<meta property=\"article:modified_time\" content=\"2024-06-26T14:25:31+00:00\" \/>\n<meta property=\"og:image\" content=\"https:\/\/betoff.eu\/wp-content\/uploads\/2024\/06\/Betoff-Bio-20-L-neu-430x538-2.png\" \/>\n\t<meta property=\"og:image:width\" content=\"430\" \/>\n\t<meta property=\"og:image:height\" content=\"538\" \/>\n\t<meta property=\"og:image:type\" content=\"image\/png\" \/>\n<meta name=\"twitter:card\" content=\"summary_large_image\" \/>\n<meta name=\"twitter:label1\" content=\"Est. reading time\" \/>\n\t<meta name=\"twitter:data1\" content=\"1 minute\" \/>\n<script type=\"application\/ld+json\" class=\"yoast-schema-graph\">{\"@context\":\"https:\/\/schema.org\",\"@graph\":[{\"@type\":\"WebPage\",\"@id\":\"https:\/\/betoff.eu\/lv\/produkt\/betoff-bio-20l-biologiski-noardams-skidrums-betona-skidinasanai-plani-un-svaigi-netirumi\/\",\"url\":\"https:\/\/betoff.eu\/lv\/produkt\/betoff-bio-20l-biologiski-noardams-skidrums-betona-skidinasanai-plani-un-svaigi-netirumi\/\",\"name\":\"BETOFF-BIO - 20L - Biolo\u0123iski no\u0101rd\u0101ms \u0161\u0137idrums betona \u0161\u0137\u012bdin\u0101\u0161anai. Pl\u0101ni un svaigi net\u012brumi - BETOFF-Produkti betona pasaulei un ne tikai!\",\"isPartOf\":{\"@id\":\"https:\/\/betoff.eu\/#website\"},\"primaryImageOfPage\":{\"@id\":\"https:\/\/betoff.eu\/lv\/produkt\/betoff-bio-20l-biologiski-noardams-skidrums-betona-skidinasanai-plani-un-svaigi-netirumi\/#primaryimage\"},\"image\":{\"@id\":\"https:\/\/betoff.eu\/lv\/produkt\/betoff-bio-20l-biologiski-noardams-skidrums-betona-skidinasanai-plani-un-svaigi-netirumi\/#primaryimage\"},\"thumbnailUrl\":\"https:\/\/betoff.eu\/wp-content\/uploads\/2024\/06\/Betoff-Bio-20-L-neu-430x538-2.png\",\"datePublished\":\"2024-06-26T14:25:08+00:00\",\"dateModified\":\"2024-06-26T14:25:31+00:00\",\"description\":\"Biolo\u0123iski no\u0101rd\u0101ms \u0161\u0137idrums cementa piena, \u016bdens nogulsnes un r\u016bsas no\u0146em\u0161anai. \u013boti efekt\u012bvi, \u013coti efekt\u012bvi! T\u012briet savus instrumentus un celtniec\u012bbas ma\u0161\u012bnas ar BETOFF-BIO \u0161\u0137idrumu!\",\"breadcrumb\":{\"@id\":\"https:\/\/betoff.eu\/lv\/produkt\/betoff-bio-20l-biologiski-noardams-skidrums-betona-skidinasanai-plani-un-svaigi-netirumi\/#breadcrumb\"},\"inLanguage\":\"lv-LV\",\"potentialAction\":[{\"@type\":\"ReadAction\",\"target\":[\"https:\/\/betoff.eu\/lv\/produkt\/betoff-bio-20l-biologiski-noardams-skidrums-betona-skidinasanai-plani-un-svaigi-netirumi\/\"]}]},{\"@type\":\"ImageObject\",\"inLanguage\":\"lv-LV\",\"@id\":\"https:\/\/betoff.eu\/lv\/produkt\/betoff-bio-20l-biologiski-noardams-skidrums-betona-skidinasanai-plani-un-svaigi-netirumi\/#primaryimage\",\"url\":\"https:\/\/betoff.eu\/wp-content\/uploads\/2024\/06\/Betoff-Bio-20-L-neu-430x538-2.png\",\"contentUrl\":\"https:\/\/betoff.eu\/wp-content\/uploads\/2024\/06\/Betoff-Bio-20-L-neu-430x538-2.png\",\"width\":430,\"height\":538,\"caption\":\"Biolo\u0123iski no\u0101rd\u0101ms \u0161\u0137idrums smago cementa net\u012brumu no\u0146em\u0161anai\"},{\"@type\":\"BreadcrumbList\",\"@id\":\"https:\/\/betoff.eu\/lv\/produkt\/betoff-bio-20l-biologiski-noardams-skidrums-betona-skidinasanai-plani-un-svaigi-netirumi\/#breadcrumb\",\"itemListElement\":[{\"@type\":\"ListItem\",\"position\":1,\"name\":\"Hem\",\"item\":\"https:\/\/betoff.eu\/lv\/\"},{\"@type\":\"ListItem\",\"position\":2,\"name\":\"Shop\",\"item\":\"https:\/\/betoff.eu\/pl\/sklep-2\/\"},{\"@type\":\"ListItem\",\"position\":3,\"name\":\"BETOFF-BIO &#8211; 20L &#8211; Biolo\u0123iski no\u0101rd\u0101ms \u0161\u0137idrums betona \u0161\u0137\u012bdin\u0101\u0161anai. Pl\u0101ni un svaigi net\u012brumi\"}]},{\"@type\":\"WebSite\",\"@id\":\"https:\/\/betoff.eu\/#website\",\"url\":\"https:\/\/betoff.eu\/\",\"name\":\"BETOFF-Products for the world of concrete and beyond!\",\"description\":\"Betoff - Betona no\u0146em\u0161anas \u0161\u0137idrums\",\"publisher\":{\"@id\":\"https:\/\/betoff.eu\/#\/schema\/person\/cded67f1acad0c68af8dcc171137512c\"},\"potentialAction\":[{\"@type\":\"SearchAction\",\"target\":{\"@type\":\"EntryPoint\",\"urlTemplate\":\"https:\/\/betoff.eu\/?s={search_term_string}\"},\"query-input\":{\"@type\":\"PropertyValueSpecification\",\"valueRequired\":true,\"valueName\":\"search_term_string\"}}],\"inLanguage\":\"lv-LV\"},{\"@type\":[\"Person\",\"Organization\"],\"@id\":\"https:\/\/betoff.eu\/#\/schema\/person\/cded67f1acad0c68af8dcc171137512c\",\"name\":\"admin\",\"image\":{\"@type\":\"ImageObject\",\"inLanguage\":\"lv-LV\",\"@id\":\"https:\/\/betoff.eu\/#\/schema\/person\/image\/\",\"url\":\"https:\/\/betoff.eu\/wp-content\/uploads\/2021\/02\/betoff-logo.png\",\"contentUrl\":\"https:\/\/betoff.eu\/wp-content\/uploads\/2021\/02\/betoff-logo.png\",\"width\":1024,\"height\":258,\"caption\":\"admin\"},\"logo\":{\"@id\":\"https:\/\/betoff.eu\/#\/schema\/person\/image\/\"}}]}<\/script>\n<!-- \/ Yoast SEO plugin. -->","yoast_head_json":{"title":"BETOFF-BIO - 20L - Biolo\u0123iski no\u0101rd\u0101ms \u0161\u0137idrums betona \u0161\u0137\u012bdin\u0101\u0161anai. Pl\u0101ni un svaigi net\u012brumi - BETOFF-Produkti betona pasaulei un ne tikai!","description":"Biolo\u0123iski no\u0101rd\u0101ms \u0161\u0137idrums cementa piena, \u016bdens nogulsnes un r\u016bsas no\u0146em\u0161anai. \u013boti efekt\u012bvi, \u013coti efekt\u012bvi! T\u012briet savus instrumentus un celtniec\u012bbas ma\u0161\u012bnas ar BETOFF-BIO \u0161\u0137idrumu!","robots":{"index":"index","follow":"follow","max-snippet":"max-snippet:-1","max-image-preview":"max-image-preview:large","max-video-preview":"max-video-preview:-1"},"canonical":"https:\/\/betoff.eu\/lv\/produkt\/betoff-bio-20l-biologiski-noardams-skidrums-betona-skidinasanai-plani-un-svaigi-netirumi\/","og_locale":"lv_LV","og_type":"article","og_title":"BETOFF-BIO - 20L - Biolo\u0123iski no\u0101rd\u0101ms \u0161\u0137idrums betona \u0161\u0137\u012bdin\u0101\u0161anai. Pl\u0101ni un svaigi net\u012brumi - BETOFF-Produkti betona pasaulei un ne tikai!","og_description":"Biolo\u0123iski no\u0101rd\u0101ms \u0161\u0137idrums cementa piena, \u016bdens nogulsnes un r\u016bsas no\u0146em\u0161anai. \u013boti efekt\u012bvi, \u013coti efekt\u012bvi! T\u012briet savus instrumentus un celtniec\u012bbas ma\u0161\u012bnas ar BETOFF-BIO \u0161\u0137idrumu!","og_url":"https:\/\/betoff.eu\/lv\/produkt\/betoff-bio-20l-biologiski-noardams-skidrums-betona-skidinasanai-plani-un-svaigi-netirumi\/","og_site_name":"BETOFF-Produkti betona pasaulei un ne tikai!","article_modified_time":"2024-06-26T14:25:31+00:00","og_image":[{"width":430,"height":538,"url":"https:\/\/betoff.eu\/wp-content\/uploads\/2024\/06\/Betoff-Bio-20-L-neu-430x538-2.png","type":"image\/png"}],"twitter_card":"summary_large_image","twitter_misc":{"Est. reading time":"1 minute"},"schema":{"@context":"https:\/\/schema.org","@graph":[{"@type":"WebPage","@id":"https:\/\/betoff.eu\/lv\/produkt\/betoff-bio-20l-biologiski-noardams-skidrums-betona-skidinasanai-plani-un-svaigi-netirumi\/","url":"https:\/\/betoff.eu\/lv\/produkt\/betoff-bio-20l-biologiski-noardams-skidrums-betona-skidinasanai-plani-un-svaigi-netirumi\/","name":"BETOFF-BIO - 20L - Biolo\u0123iski no\u0101rd\u0101ms \u0161\u0137idrums betona \u0161\u0137\u012bdin\u0101\u0161anai. Pl\u0101ni un svaigi net\u012brumi - BETOFF-Produkti betona pasaulei un ne tikai!","isPartOf":{"@id":"https:\/\/betoff.eu\/#website"},"primaryImageOfPage":{"@id":"https:\/\/betoff.eu\/lv\/produkt\/betoff-bio-20l-biologiski-noardams-skidrums-betona-skidinasanai-plani-un-svaigi-netirumi\/#primaryimage"},"image":{"@id":"https:\/\/betoff.eu\/lv\/produkt\/betoff-bio-20l-biologiski-noardams-skidrums-betona-skidinasanai-plani-un-svaigi-netirumi\/#primaryimage"},"thumbnailUrl":"https:\/\/betoff.eu\/wp-content\/uploads\/2024\/06\/Betoff-Bio-20-L-neu-430x538-2.png","datePublished":"2024-06-26T14:25:08+00:00","dateModified":"2024-06-26T14:25:31+00:00","description":"Biolo\u0123iski no\u0101rd\u0101ms \u0161\u0137idrums cementa piena, \u016bdens nogulsnes un r\u016bsas no\u0146em\u0161anai. \u013boti efekt\u012bvi, \u013coti efekt\u012bvi! T\u012briet savus instrumentus un celtniec\u012bbas ma\u0161\u012bnas ar BETOFF-BIO \u0161\u0137idrumu!","breadcrumb":{"@id":"https:\/\/betoff.eu\/lv\/produkt\/betoff-bio-20l-biologiski-noardams-skidrums-betona-skidinasanai-plani-un-svaigi-netirumi\/#breadcrumb"},"inLanguage":"lv-LV","potentialAction":[{"@type":"ReadAction","target":["https:\/\/betoff.eu\/lv\/produkt\/betoff-bio-20l-biologiski-noardams-skidrums-betona-skidinasanai-plani-un-svaigi-netirumi\/"]}]},{"@type":"ImageObject","inLanguage":"lv-LV","@id":"https:\/\/betoff.eu\/lv\/produkt\/betoff-bio-20l-biologiski-noardams-skidrums-betona-skidinasanai-plani-un-svaigi-netirumi\/#primaryimage","url":"https:\/\/betoff.eu\/wp-content\/uploads\/2024\/06\/Betoff-Bio-20-L-neu-430x538-2.png","contentUrl":"https:\/\/betoff.eu\/wp-content\/uploads\/2024\/06\/Betoff-Bio-20-L-neu-430x538-2.png","width":430,"height":538,"caption":"Biolo\u0123iski no\u0101rd\u0101ms \u0161\u0137idrums smago cementa net\u012brumu no\u0146em\u0161anai"},{"@type":"BreadcrumbList","@id":"https:\/\/betoff.eu\/lv\/produkt\/betoff-bio-20l-biologiski-noardams-skidrums-betona-skidinasanai-plani-un-svaigi-netirumi\/#breadcrumb","itemListElement":[{"@type":"ListItem","position":1,"name":"Hem","item":"https:\/\/betoff.eu\/lv\/"},{"@type":"ListItem","position":2,"name":"Shop","item":"https:\/\/betoff.eu\/pl\/sklep-2\/"},{"@type":"ListItem","position":3,"name":"BETOFF-BIO &#8211; 20L &#8211; Biolo\u0123iski no\u0101rd\u0101ms \u0161\u0137idrums betona \u0161\u0137\u012bdin\u0101\u0161anai. Pl\u0101ni un svaigi net\u012brumi"}]},{"@type":"WebSite","@id":"https:\/\/betoff.eu\/#website","url":"https:\/\/betoff.eu\/","name":"BETOFF-Products for the world of concrete and beyond!","description":"Betoff - Betona no\u0146em\u0161anas \u0161\u0137idrums","publisher":{"@id":"https:\/\/betoff.eu\/#\/schema\/person\/cded67f1acad0c68af8dcc171137512c"},"potentialAction":[{"@type":"SearchAction","target":{"@type":"EntryPoint","urlTemplate":"https:\/\/betoff.eu\/?s={search_term_string}"},"query-input":{"@type":"PropertyValueSpecification","valueRequired":true,"valueName":"search_term_string"}}],"inLanguage":"lv-LV"},{"@type":["Person","Organization"],"@id":"https:\/\/betoff.eu\/#\/schema\/person\/cded67f1acad0c68af8dcc171137512c","name":"admin","image":{"@type":"ImageObject","inLanguage":"lv-LV","@id":"https:\/\/betoff.eu\/#\/schema\/person\/image\/","url":"https:\/\/betoff.eu\/wp-content\/uploads\/2021\/02\/betoff-logo.png","contentUrl":"https:\/\/betoff.eu\/wp-content\/uploads\/2021\/02\/betoff-logo.png","width":1024,"height":258,"caption":"admin"},"logo":{"@id":"https:\/\/betoff.eu\/#\/schema\/person\/image\/"}}]}},"_links":{"self":[{"href":"https:\/\/betoff.eu\/lv\/wp-json\/wp\/v2\/product\/14400","targetHints":{"allow":["GET"]}}],"collection":[{"href":"https:\/\/betoff.eu\/lv\/wp-json\/wp\/v2\/product"}],"about":[{"href":"https:\/\/betoff.eu\/lv\/wp-json\/wp\/v2\/types\/product"}],"wp:featuredmedia":[{"embeddable":true,"href":"https:\/\/betoff.eu\/lv\/wp-json\/wp\/v2\/media\/14401"}],"wp:attachment":[{"href":"https:\/\/betoff.eu\/lv\/wp-json\/wp\/v2\/media?parent=14400"}],"wp:term":[{"taxonomy":"product_brand","embeddable":true,"href":"https:\/\/betoff.eu\/lv\/wp-json\/wp\/v2\/product_brand?post=14400"},{"taxonomy":"product_cat","embeddable":true,"href":"https:\/\/betoff.eu\/lv\/wp-json\/wp\/v2\/product_cat?post=14400"},{"taxonomy":"product_tag","embeddable":true,"href":"https:\/\/betoff.eu\/lv\/wp-json\/wp\/v2\/product_tag?post=14400"}],"curies":[{"name":"wp","href":"https:\/\/api.w.org\/{rel}","templated":true}]}}