{"id":14361,"date":"2024-06-25T19:24:07","date_gmt":"2024-06-25T17:24:07","guid":{"rendered":"https:\/\/betoff.eu\/?post_type=product&#038;p=14361"},"modified":"2024-06-25T19:28:18","modified_gmt":"2024-06-25T17:28:18","slug":"betoff-1l-skidrums-betona-skidinasanai-veci-un-biezi-netirumi-koncentreties","status":"publish","type":"product","link":"https:\/\/betoff.eu\/lv\/produkt\/betoff-1l-skidrums-betona-skidinasanai-veci-un-biezi-netirumi-koncentreties\/","title":{"rendered":"BETOFF &#8211; 1L &#8211; \u0160\u0137idrums betona \u0161\u0137\u012bdin\u0101\u0161anai. Veci un biezi net\u012brumi. Koncentr\u0113ties"},"content":{"rendered":"<p>Betoff: novatorisks \u0161\u0137idrums betona \u0161\u0137\u012bdin\u0101\u0161anai<\/p>\n<p>Betoff ir v\u0101cu inov\u0101cija, kas rada apv\u0113rsumu iz\u017euvu\u0161a betona no\u0146em\u0161an\u0101. Neatkar\u012bgi no t\u0101, vai str\u0101d\u0101jat b\u016bvlaukum\u0101 vai str\u0101d\u0101jat ar net\u012brumiem ap m\u0101j\u0101m, Betoff ir efekt\u012bvs risin\u0101jums.<\/p>\n<p>Darb\u012bbas \u0101trums: Betoff iek\u013c\u016bst beton\u0101, ne tikai no\u0146emot to virspus\u0113ji, bet ar\u012b iek\u013c\u016bstot konstrukcij\u0101 un iz\u0161\u0137\u012bdinot to no aug\u0161as uz pamatni. Nepiecie\u0161amas tikai 3 min\u016btes, lai iz\u017euvu\u0161ais betons p\u0101rv\u0113rstos betona dub\u013cos.<br \/>\nEfektivit\u0101te: ar 1 litru \u0161\u0137idruma pietiek l\u012bdz 10 m\u00b2! Tas noz\u012bm\u0113 zem\u0101kas ekspluat\u0101cijas izmaksas un maz\u0101k izmantot\u0101 \u0161\u0137idruma.<br \/>\nVarianti: Betoff ir pieejams tr\u012bs variantos:<br \/>\nBetoff: sp\u0113c\u012bg\u0101kais koncentr\u0101ts, ko var at\u0161\u0137aid\u012bt ar \u016bdeni.<br \/>\nBetoff-X: par 40% v\u0101j\u0101ka versija nek\u0101 Betoff.<br \/>\nBetoff-BIO: 100% biolo\u0123iski no\u0101rd\u0101ms \u0161\u0137idrums, ide\u0101li piem\u0113rots betona no\u0146em\u0161anai no smalk\u0101m virsm\u0101m.<br \/>\nPielietojums: Betoff ir piem\u0113rots iz\u017euvu\u0161\u0101 betona no\u0146em\u0161anai no instrumentiem, celtniec\u012bbas ma\u0161\u012bn\u0101m un bru\u0123akme\u0146iem<\/p>\n","protected":false},"excerpt":{"rendered":"<p>Betoff: novatorisks \u0161\u0137idrums betona \u0161\u0137\u012bdin\u0101\u0161anai Betoff ir v\u0101cu inov\u0101cija, kas rada apv\u0113rsumu iz\u017euvu\u0161a betona no\u0146em\u0161an\u0101. Neatkar\u012bgi no t\u0101, vai str\u0101d\u0101jat b\u016bvlaukum\u0101 vai str\u0101d\u0101jat ar net\u012brumiem ap m\u0101j\u0101m, Betoff ir efekt\u012bvs risin\u0101jums. Darb\u012bbas \u0101trums: Betoff iek\u013c\u016bst beton\u0101, ne tikai no\u0146emot to virspus\u0113ji, bet ar\u012b iek\u013c\u016bstot konstrukcij\u0101 un iz\u0161\u0137\u012bdinot to no aug\u0161as uz pamatni. Nepiecie\u0161amas tikai 3 [&#8230;]\n","protected":false},"featured_media":14362,"template":"","meta":{"om_disable_all_campaigns":false},"product_brand":[],"product_cat":[347],"product_tag":[],"class_list":{"0":"post-14361","1":"product","2":"type-product","3":"status-publish","4":"has-post-thumbnail","6":"product_cat-betona-skidinasana","8":"first","9":"instock","10":"taxable","11":"shipping-taxable","12":"purchasable","13":"product-type-simple"},"yoast_head":"<!-- This site is optimized with the Yoast SEO plugin v25.9 - https:\/\/yoast.com\/wordpress\/plugins\/seo\/ -->\n<title>BETOFF - 1L - \u0160\u0137idrums betona \u0161\u0137\u012bdin\u0101\u0161anai. Veci un biezi net\u012brumi. Koncentr\u0113ties - BETOFF-Produkti betona pasaulei un ne tikai!<\/title>\n<meta name=\"description\" content=\"Inovat\u012bvs \u0161\u0137idrums iz\u017euvu\u0161a betona \u0161\u0137\u012bdin\u0101\u0161anai. BETOFF ir \u013coti efekt\u012bvs un \u0101tri iedarb\u012bgs. P\u0101rbaudiet t\u0101 sp\u0113ku jau \u0161odien!\" \/>\n<meta name=\"robots\" content=\"index, follow, max-snippet:-1, max-image-preview:large, max-video-preview:-1\" \/>\n<link rel=\"canonical\" href=\"https:\/\/betoff.eu\/lv\/produkt\/betoff-1l-skidrums-betona-skidinasanai-veci-un-biezi-netirumi-koncentreties\/\" \/>\n<meta property=\"og:locale\" content=\"lv_LV\" \/>\n<meta property=\"og:type\" content=\"article\" \/>\n<meta property=\"og:title\" content=\"BETOFF - 1L - \u0160\u0137idrums betona \u0161\u0137\u012bdin\u0101\u0161anai. Veci un biezi net\u012brumi. Koncentr\u0113ties - BETOFF-Produkti betona pasaulei un ne tikai!\" \/>\n<meta property=\"og:description\" content=\"Inovat\u012bvs \u0161\u0137idrums iz\u017euvu\u0161a betona \u0161\u0137\u012bdin\u0101\u0161anai. BETOFF ir \u013coti efekt\u012bvs un \u0101tri iedarb\u012bgs. P\u0101rbaudiet t\u0101 sp\u0113ku jau \u0161odien!\" \/>\n<meta property=\"og:url\" content=\"https:\/\/betoff.eu\/lv\/produkt\/betoff-1l-skidrums-betona-skidinasanai-veci-un-biezi-netirumi-koncentreties\/\" \/>\n<meta property=\"og:site_name\" content=\"BETOFF-Produkti betona pasaulei un ne tikai!\" \/>\n<meta property=\"article:modified_time\" content=\"2024-06-25T17:28:18+00:00\" \/>\n<meta property=\"og:image\" content=\"https:\/\/betoff.eu\/wp-content\/uploads\/2024\/06\/betoff-1Lneu-ety-430x538-3.png\" \/>\n\t<meta property=\"og:image:width\" content=\"430\" \/>\n\t<meta property=\"og:image:height\" content=\"538\" \/>\n\t<meta property=\"og:image:type\" content=\"image\/png\" \/>\n<meta name=\"twitter:card\" content=\"summary_large_image\" \/>\n<meta name=\"twitter:label1\" content=\"Est. reading time\" \/>\n\t<meta name=\"twitter:data1\" content=\"1 minute\" \/>\n<script type=\"application\/ld+json\" class=\"yoast-schema-graph\">{\"@context\":\"https:\/\/schema.org\",\"@graph\":[{\"@type\":\"WebPage\",\"@id\":\"https:\/\/betoff.eu\/lv\/produkt\/betoff-1l-skidrums-betona-skidinasanai-veci-un-biezi-netirumi-koncentreties\/\",\"url\":\"https:\/\/betoff.eu\/lv\/produkt\/betoff-1l-skidrums-betona-skidinasanai-veci-un-biezi-netirumi-koncentreties\/\",\"name\":\"BETOFF - 1L - \u0160\u0137idrums betona \u0161\u0137\u012bdin\u0101\u0161anai. Veci un biezi net\u012brumi. Koncentr\u0113ties - BETOFF-Produkti betona pasaulei un ne tikai!\",\"isPartOf\":{\"@id\":\"https:\/\/betoff.eu\/#website\"},\"primaryImageOfPage\":{\"@id\":\"https:\/\/betoff.eu\/lv\/produkt\/betoff-1l-skidrums-betona-skidinasanai-veci-un-biezi-netirumi-koncentreties\/#primaryimage\"},\"image\":{\"@id\":\"https:\/\/betoff.eu\/lv\/produkt\/betoff-1l-skidrums-betona-skidinasanai-veci-un-biezi-netirumi-koncentreties\/#primaryimage\"},\"thumbnailUrl\":\"https:\/\/betoff.eu\/wp-content\/uploads\/2024\/06\/betoff-1Lneu-ety-430x538-3.png\",\"datePublished\":\"2024-06-25T17:24:07+00:00\",\"dateModified\":\"2024-06-25T17:28:18+00:00\",\"description\":\"Inovat\u012bvs \u0161\u0137idrums iz\u017euvu\u0161a betona \u0161\u0137\u012bdin\u0101\u0161anai. BETOFF ir \u013coti efekt\u012bvs un \u0101tri iedarb\u012bgs. P\u0101rbaudiet t\u0101 sp\u0113ku jau \u0161odien!\",\"breadcrumb\":{\"@id\":\"https:\/\/betoff.eu\/lv\/produkt\/betoff-1l-skidrums-betona-skidinasanai-veci-un-biezi-netirumi-koncentreties\/#breadcrumb\"},\"inLanguage\":\"lv-LV\",\"potentialAction\":[{\"@type\":\"ReadAction\",\"target\":[\"https:\/\/betoff.eu\/lv\/produkt\/betoff-1l-skidrums-betona-skidinasanai-veci-un-biezi-netirumi-koncentreties\/\"]}]},{\"@type\":\"ImageObject\",\"inLanguage\":\"lv-LV\",\"@id\":\"https:\/\/betoff.eu\/lv\/produkt\/betoff-1l-skidrums-betona-skidinasanai-veci-un-biezi-netirumi-koncentreties\/#primaryimage\",\"url\":\"https:\/\/betoff.eu\/wp-content\/uploads\/2024\/06\/betoff-1Lneu-ety-430x538-3.png\",\"contentUrl\":\"https:\/\/betoff.eu\/wp-content\/uploads\/2024\/06\/betoff-1Lneu-ety-430x538-3.png\",\"width\":430,\"height\":538,\"caption\":\"\u0160\u0137idrums betona \u0161\u0137\u012bdin\u0101\u0161anai\"},{\"@type\":\"BreadcrumbList\",\"@id\":\"https:\/\/betoff.eu\/lv\/produkt\/betoff-1l-skidrums-betona-skidinasanai-veci-un-biezi-netirumi-koncentreties\/#breadcrumb\",\"itemListElement\":[{\"@type\":\"ListItem\",\"position\":1,\"name\":\"Hem\",\"item\":\"https:\/\/betoff.eu\/lv\/\"},{\"@type\":\"ListItem\",\"position\":2,\"name\":\"Shop\",\"item\":\"https:\/\/betoff.eu\/pl\/sklep-2\/\"},{\"@type\":\"ListItem\",\"position\":3,\"name\":\"BETOFF &#8211; 1L &#8211; \u0160\u0137idrums betona \u0161\u0137\u012bdin\u0101\u0161anai. Veci un biezi net\u012brumi. Koncentr\u0113ties\"}]},{\"@type\":\"WebSite\",\"@id\":\"https:\/\/betoff.eu\/#website\",\"url\":\"https:\/\/betoff.eu\/\",\"name\":\"BETOFF-Products for the world of concrete and beyond!\",\"description\":\"Betoff - Betona no\u0146em\u0161anas \u0161\u0137idrums\",\"publisher\":{\"@id\":\"https:\/\/betoff.eu\/#\/schema\/person\/cded67f1acad0c68af8dcc171137512c\"},\"potentialAction\":[{\"@type\":\"SearchAction\",\"target\":{\"@type\":\"EntryPoint\",\"urlTemplate\":\"https:\/\/betoff.eu\/?s={search_term_string}\"},\"query-input\":{\"@type\":\"PropertyValueSpecification\",\"valueRequired\":true,\"valueName\":\"search_term_string\"}}],\"inLanguage\":\"lv-LV\"},{\"@type\":[\"Person\",\"Organization\"],\"@id\":\"https:\/\/betoff.eu\/#\/schema\/person\/cded67f1acad0c68af8dcc171137512c\",\"name\":\"admin\",\"image\":{\"@type\":\"ImageObject\",\"inLanguage\":\"lv-LV\",\"@id\":\"https:\/\/betoff.eu\/#\/schema\/person\/image\/\",\"url\":\"https:\/\/betoff.eu\/wp-content\/uploads\/2021\/02\/betoff-logo.png\",\"contentUrl\":\"https:\/\/betoff.eu\/wp-content\/uploads\/2021\/02\/betoff-logo.png\",\"width\":1024,\"height\":258,\"caption\":\"admin\"},\"logo\":{\"@id\":\"https:\/\/betoff.eu\/#\/schema\/person\/image\/\"}}]}<\/script>\n<!-- \/ Yoast SEO plugin. -->","yoast_head_json":{"title":"BETOFF - 1L - \u0160\u0137idrums betona \u0161\u0137\u012bdin\u0101\u0161anai. Veci un biezi net\u012brumi. Koncentr\u0113ties - BETOFF-Produkti betona pasaulei un ne tikai!","description":"Inovat\u012bvs \u0161\u0137idrums iz\u017euvu\u0161a betona \u0161\u0137\u012bdin\u0101\u0161anai. BETOFF ir \u013coti efekt\u012bvs un \u0101tri iedarb\u012bgs. P\u0101rbaudiet t\u0101 sp\u0113ku jau \u0161odien!","robots":{"index":"index","follow":"follow","max-snippet":"max-snippet:-1","max-image-preview":"max-image-preview:large","max-video-preview":"max-video-preview:-1"},"canonical":"https:\/\/betoff.eu\/lv\/produkt\/betoff-1l-skidrums-betona-skidinasanai-veci-un-biezi-netirumi-koncentreties\/","og_locale":"lv_LV","og_type":"article","og_title":"BETOFF - 1L - \u0160\u0137idrums betona \u0161\u0137\u012bdin\u0101\u0161anai. Veci un biezi net\u012brumi. Koncentr\u0113ties - BETOFF-Produkti betona pasaulei un ne tikai!","og_description":"Inovat\u012bvs \u0161\u0137idrums iz\u017euvu\u0161a betona \u0161\u0137\u012bdin\u0101\u0161anai. BETOFF ir \u013coti efekt\u012bvs un \u0101tri iedarb\u012bgs. P\u0101rbaudiet t\u0101 sp\u0113ku jau \u0161odien!","og_url":"https:\/\/betoff.eu\/lv\/produkt\/betoff-1l-skidrums-betona-skidinasanai-veci-un-biezi-netirumi-koncentreties\/","og_site_name":"BETOFF-Produkti betona pasaulei un ne tikai!","article_modified_time":"2024-06-25T17:28:18+00:00","og_image":[{"width":430,"height":538,"url":"https:\/\/betoff.eu\/wp-content\/uploads\/2024\/06\/betoff-1Lneu-ety-430x538-3.png","type":"image\/png"}],"twitter_card":"summary_large_image","twitter_misc":{"Est. reading time":"1 minute"},"schema":{"@context":"https:\/\/schema.org","@graph":[{"@type":"WebPage","@id":"https:\/\/betoff.eu\/lv\/produkt\/betoff-1l-skidrums-betona-skidinasanai-veci-un-biezi-netirumi-koncentreties\/","url":"https:\/\/betoff.eu\/lv\/produkt\/betoff-1l-skidrums-betona-skidinasanai-veci-un-biezi-netirumi-koncentreties\/","name":"BETOFF - 1L - \u0160\u0137idrums betona \u0161\u0137\u012bdin\u0101\u0161anai. Veci un biezi net\u012brumi. Koncentr\u0113ties - BETOFF-Produkti betona pasaulei un ne tikai!","isPartOf":{"@id":"https:\/\/betoff.eu\/#website"},"primaryImageOfPage":{"@id":"https:\/\/betoff.eu\/lv\/produkt\/betoff-1l-skidrums-betona-skidinasanai-veci-un-biezi-netirumi-koncentreties\/#primaryimage"},"image":{"@id":"https:\/\/betoff.eu\/lv\/produkt\/betoff-1l-skidrums-betona-skidinasanai-veci-un-biezi-netirumi-koncentreties\/#primaryimage"},"thumbnailUrl":"https:\/\/betoff.eu\/wp-content\/uploads\/2024\/06\/betoff-1Lneu-ety-430x538-3.png","datePublished":"2024-06-25T17:24:07+00:00","dateModified":"2024-06-25T17:28:18+00:00","description":"Inovat\u012bvs \u0161\u0137idrums iz\u017euvu\u0161a betona \u0161\u0137\u012bdin\u0101\u0161anai. BETOFF ir \u013coti efekt\u012bvs un \u0101tri iedarb\u012bgs. P\u0101rbaudiet t\u0101 sp\u0113ku jau \u0161odien!","breadcrumb":{"@id":"https:\/\/betoff.eu\/lv\/produkt\/betoff-1l-skidrums-betona-skidinasanai-veci-un-biezi-netirumi-koncentreties\/#breadcrumb"},"inLanguage":"lv-LV","potentialAction":[{"@type":"ReadAction","target":["https:\/\/betoff.eu\/lv\/produkt\/betoff-1l-skidrums-betona-skidinasanai-veci-un-biezi-netirumi-koncentreties\/"]}]},{"@type":"ImageObject","inLanguage":"lv-LV","@id":"https:\/\/betoff.eu\/lv\/produkt\/betoff-1l-skidrums-betona-skidinasanai-veci-un-biezi-netirumi-koncentreties\/#primaryimage","url":"https:\/\/betoff.eu\/wp-content\/uploads\/2024\/06\/betoff-1Lneu-ety-430x538-3.png","contentUrl":"https:\/\/betoff.eu\/wp-content\/uploads\/2024\/06\/betoff-1Lneu-ety-430x538-3.png","width":430,"height":538,"caption":"\u0160\u0137idrums betona \u0161\u0137\u012bdin\u0101\u0161anai"},{"@type":"BreadcrumbList","@id":"https:\/\/betoff.eu\/lv\/produkt\/betoff-1l-skidrums-betona-skidinasanai-veci-un-biezi-netirumi-koncentreties\/#breadcrumb","itemListElement":[{"@type":"ListItem","position":1,"name":"Hem","item":"https:\/\/betoff.eu\/lv\/"},{"@type":"ListItem","position":2,"name":"Shop","item":"https:\/\/betoff.eu\/pl\/sklep-2\/"},{"@type":"ListItem","position":3,"name":"BETOFF &#8211; 1L &#8211; \u0160\u0137idrums betona \u0161\u0137\u012bdin\u0101\u0161anai. Veci un biezi net\u012brumi. Koncentr\u0113ties"}]},{"@type":"WebSite","@id":"https:\/\/betoff.eu\/#website","url":"https:\/\/betoff.eu\/","name":"BETOFF-Products for the world of concrete and beyond!","description":"Betoff - Betona no\u0146em\u0161anas \u0161\u0137idrums","publisher":{"@id":"https:\/\/betoff.eu\/#\/schema\/person\/cded67f1acad0c68af8dcc171137512c"},"potentialAction":[{"@type":"SearchAction","target":{"@type":"EntryPoint","urlTemplate":"https:\/\/betoff.eu\/?s={search_term_string}"},"query-input":{"@type":"PropertyValueSpecification","valueRequired":true,"valueName":"search_term_string"}}],"inLanguage":"lv-LV"},{"@type":["Person","Organization"],"@id":"https:\/\/betoff.eu\/#\/schema\/person\/cded67f1acad0c68af8dcc171137512c","name":"admin","image":{"@type":"ImageObject","inLanguage":"lv-LV","@id":"https:\/\/betoff.eu\/#\/schema\/person\/image\/","url":"https:\/\/betoff.eu\/wp-content\/uploads\/2021\/02\/betoff-logo.png","contentUrl":"https:\/\/betoff.eu\/wp-content\/uploads\/2021\/02\/betoff-logo.png","width":1024,"height":258,"caption":"admin"},"logo":{"@id":"https:\/\/betoff.eu\/#\/schema\/person\/image\/"}}]}},"_links":{"self":[{"href":"https:\/\/betoff.eu\/lv\/wp-json\/wp\/v2\/product\/14361","targetHints":{"allow":["GET"]}}],"collection":[{"href":"https:\/\/betoff.eu\/lv\/wp-json\/wp\/v2\/product"}],"about":[{"href":"https:\/\/betoff.eu\/lv\/wp-json\/wp\/v2\/types\/product"}],"wp:featuredmedia":[{"embeddable":true,"href":"https:\/\/betoff.eu\/lv\/wp-json\/wp\/v2\/media\/14362"}],"wp:attachment":[{"href":"https:\/\/betoff.eu\/lv\/wp-json\/wp\/v2\/media?parent=14361"}],"wp:term":[{"taxonomy":"product_brand","embeddable":true,"href":"https:\/\/betoff.eu\/lv\/wp-json\/wp\/v2\/product_brand?post=14361"},{"taxonomy":"product_cat","embeddable":true,"href":"https:\/\/betoff.eu\/lv\/wp-json\/wp\/v2\/product_cat?post=14361"},{"taxonomy":"product_tag","embeddable":true,"href":"https:\/\/betoff.eu\/lv\/wp-json\/wp\/v2\/product_tag?post=14361"}],"curies":[{"name":"wp","href":"https:\/\/api.w.org\/{rel}","templated":true}]}}