{"id":14088,"date":"2024-06-21T20:28:06","date_gmt":"2024-06-21T18:28:06","guid":{"rendered":"https:\/\/betoff.eu\/?page_id=14088"},"modified":"2024-06-22T08:07:54","modified_gmt":"2024-06-22T06:07:54","slug":"atgriesana-un-sudzibas","status":"publish","type":"page","link":"https:\/\/betoff.eu\/lv\/atgriesana-un-sudzibas\/","title":{"rendered":"Atgrie\u0161ana un s\u016bdz\u012bbas"},"content":{"rendered":"\n\n\n<p>Atgrie\u0161ana un s\u016bdz\u012bbas:<br>S\u016bdz\u012bbas par betoff.eu interneta veikal\u0101 ieg\u0101d\u0101to \u0161\u0137idrumu var iesniegt tikai pa e-pastu, uz \u0161\u0101du adresi: betoff@betoff.eu L\u016bdzu, nor\u0101diet pirkuma br\u012bd\u012b \u0123ener\u0113to pas\u016bt\u012bjuma numuru, k\u0101 ar\u012b izv\u0113les iemeslu lai atgrieztu preci.<\/p>\n\n\n\n<p>Produktam j\u0101b\u016bt r\u016bpn\u012bc\u0101 nosl\u0113gtam. P\u0113c preces atgrie\u0161anas mums t\u0101 tiks p\u0101rbaud\u012bta un tad, ja v\u0101ci\u0146\u0161 nav nolauzts, atmaks\u0101sim summu, par k\u0101du prece tika ieg\u0101d\u0101ta. Pirc\u0113jam ir ties\u012bbas atgriezt preci 14 dienu laik\u0101 no pirkuma datuma.<\/p>\n\n\n\n<p>S\u016bdz\u012bba tiks izskat\u012bta 5 darba dienu laik\u0101 no sa\u0146em\u0161anas dienas. Pirmk\u0101rt, s\u016bdz\u012bba tiks izlas\u012bta un izskat\u012bta p\u0113c b\u016bt\u012bbas. P\u0113c tam tiks izveidota veidlapa, kur\u0101 b\u016bs nor\u0101d\u012bta j\u016bsu inform\u0101cija un s\u016bdz\u012bbas iemesls, ko nor\u0101d\u012bsiet mums nos\u016bt\u012btaj\u0101 e-past\u0101. Klients sa\u0146ems atbildes e-pastu ar aizpild\u012btu veidlapu, kas j\u0101paraksta un j\u0101nos\u016bta atpaka\u013c.<\/p>\n","protected":false},"excerpt":{"rendered":"<p>Atgrie\u0161ana un s\u016bdz\u012bbas:S\u016bdz\u012bbas par betoff.eu interneta veikal\u0101 ieg\u0101d\u0101to \u0161\u0137idrumu var iesniegt tikai pa e-pastu, uz \u0161\u0101du adresi: betoff@betoff.eu L\u016bdzu, nor\u0101diet pirkuma br\u012bd\u012b \u0123ener\u0113to pas\u016bt\u012bjuma numuru, k\u0101 ar\u012b izv\u0113les iemeslu lai atgrieztu preci. Produktam j\u0101b\u016bt r\u016bpn\u012bc\u0101 nosl\u0113gtam. P\u0113c preces atgrie\u0161anas mums t\u0101 tiks p\u0101rbaud\u012bta un tad, ja v\u0101ci\u0146\u0161 nav nolauzts, atmaks\u0101sim summu, par k\u0101du prece tika [&#8230;]\n","protected":false},"author":1,"featured_media":0,"parent":0,"menu_order":0,"comment_status":"closed","ping_status":"closed","template":"","meta":{"om_disable_all_campaigns":false,"footnotes":""},"class_list":["post-14088","page","type-page","status-publish","hentry"],"yoast_head":"<!-- This site is optimized with the Yoast SEO plugin v25.9 - https:\/\/yoast.com\/wordpress\/plugins\/seo\/ -->\n<title>Atgrie\u0161ana un s\u016bdz\u012bbas - BETOFF-Produkti betona pasaulei un ne tikai!<\/title>\n<meta name=\"robots\" content=\"index, follow, max-snippet:-1, max-image-preview:large, max-video-preview:-1\" \/>\n<link rel=\"canonical\" href=\"https:\/\/betoff.eu\/lv\/atgriesana-un-sudzibas\/\" \/>\n<meta property=\"og:locale\" content=\"lv_LV\" \/>\n<meta property=\"og:type\" content=\"article\" \/>\n<meta property=\"og:title\" content=\"Atgrie\u0161ana un s\u016bdz\u012bbas - BETOFF-Produkti betona pasaulei un ne tikai!\" \/>\n<meta property=\"og:description\" content=\"Atgrie\u0161ana un s\u016bdz\u012bbas:S\u016bdz\u012bbas par betoff.eu interneta veikal\u0101 ieg\u0101d\u0101to \u0161\u0137idrumu var iesniegt tikai pa e-pastu, uz \u0161\u0101du adresi: betoff@betoff.eu L\u016bdzu, nor\u0101diet pirkuma br\u012bd\u012b \u0123ener\u0113to pas\u016bt\u012bjuma numuru, k\u0101 ar\u012b izv\u0113les iemeslu lai atgrieztu preci. Produktam j\u0101b\u016bt r\u016bpn\u012bc\u0101 nosl\u0113gtam. P\u0113c preces atgrie\u0161anas mums t\u0101 tiks p\u0101rbaud\u012bta un tad, ja v\u0101ci\u0146\u0161 nav nolauzts, atmaks\u0101sim summu, par k\u0101du prece tika [...]\" \/>\n<meta property=\"og:url\" content=\"https:\/\/betoff.eu\/lv\/atgriesana-un-sudzibas\/\" \/>\n<meta property=\"og:site_name\" content=\"BETOFF-Produkti betona pasaulei un ne tikai!\" \/>\n<meta property=\"article:modified_time\" content=\"2024-06-22T06:07:54+00:00\" \/>\n<meta name=\"twitter:card\" content=\"summary_large_image\" \/>\n<meta name=\"twitter:label1\" content=\"Est. reading time\" \/>\n\t<meta name=\"twitter:data1\" content=\"1 minute\" \/>\n<script type=\"application\/ld+json\" class=\"yoast-schema-graph\">{\"@context\":\"https:\/\/schema.org\",\"@graph\":[{\"@type\":\"WebPage\",\"@id\":\"https:\/\/betoff.eu\/lv\/atgriesana-un-sudzibas\/\",\"url\":\"https:\/\/betoff.eu\/lv\/atgriesana-un-sudzibas\/\",\"name\":\"Atgrie\u0161ana un s\u016bdz\u012bbas - BETOFF-Produkti betona pasaulei un ne tikai!\",\"isPartOf\":{\"@id\":\"https:\/\/betoff.eu\/#website\"},\"datePublished\":\"2024-06-21T18:28:06+00:00\",\"dateModified\":\"2024-06-22T06:07:54+00:00\",\"breadcrumb\":{\"@id\":\"https:\/\/betoff.eu\/lv\/atgriesana-un-sudzibas\/#breadcrumb\"},\"inLanguage\":\"lv-LV\",\"potentialAction\":[{\"@type\":\"ReadAction\",\"target\":[\"https:\/\/betoff.eu\/lv\/atgriesana-un-sudzibas\/\"]}]},{\"@type\":\"BreadcrumbList\",\"@id\":\"https:\/\/betoff.eu\/lv\/atgriesana-un-sudzibas\/#breadcrumb\",\"itemListElement\":[{\"@type\":\"ListItem\",\"position\":1,\"name\":\"Hem\",\"item\":\"https:\/\/betoff.eu\/lv\/\"},{\"@type\":\"ListItem\",\"position\":2,\"name\":\"Atgrie\u0161ana un s\u016bdz\u012bbas\"}]},{\"@type\":\"WebSite\",\"@id\":\"https:\/\/betoff.eu\/#website\",\"url\":\"https:\/\/betoff.eu\/\",\"name\":\"BETOFF-Products for the world of concrete and beyond!\",\"description\":\"Betoff - Betona no\u0146em\u0161anas \u0161\u0137idrums\",\"publisher\":{\"@id\":\"https:\/\/betoff.eu\/#\/schema\/person\/cded67f1acad0c68af8dcc171137512c\"},\"potentialAction\":[{\"@type\":\"SearchAction\",\"target\":{\"@type\":\"EntryPoint\",\"urlTemplate\":\"https:\/\/betoff.eu\/?s={search_term_string}\"},\"query-input\":{\"@type\":\"PropertyValueSpecification\",\"valueRequired\":true,\"valueName\":\"search_term_string\"}}],\"inLanguage\":\"lv-LV\"},{\"@type\":[\"Person\",\"Organization\"],\"@id\":\"https:\/\/betoff.eu\/#\/schema\/person\/cded67f1acad0c68af8dcc171137512c\",\"name\":\"admin\",\"image\":{\"@type\":\"ImageObject\",\"inLanguage\":\"lv-LV\",\"@id\":\"https:\/\/betoff.eu\/#\/schema\/person\/image\/\",\"url\":\"https:\/\/betoff.eu\/wp-content\/uploads\/2021\/02\/betoff-logo.png\",\"contentUrl\":\"https:\/\/betoff.eu\/wp-content\/uploads\/2021\/02\/betoff-logo.png\",\"width\":1024,\"height\":258,\"caption\":\"admin\"},\"logo\":{\"@id\":\"https:\/\/betoff.eu\/#\/schema\/person\/image\/\"}}]}<\/script>\n<!-- \/ Yoast SEO plugin. -->","yoast_head_json":{"title":"Atgrie\u0161ana un s\u016bdz\u012bbas - BETOFF-Produkti betona pasaulei un ne tikai!","robots":{"index":"index","follow":"follow","max-snippet":"max-snippet:-1","max-image-preview":"max-image-preview:large","max-video-preview":"max-video-preview:-1"},"canonical":"https:\/\/betoff.eu\/lv\/atgriesana-un-sudzibas\/","og_locale":"lv_LV","og_type":"article","og_title":"Atgrie\u0161ana un s\u016bdz\u012bbas - BETOFF-Produkti betona pasaulei un ne tikai!","og_description":"Atgrie\u0161ana un s\u016bdz\u012bbas:S\u016bdz\u012bbas par betoff.eu interneta veikal\u0101 ieg\u0101d\u0101to \u0161\u0137idrumu var iesniegt tikai pa e-pastu, uz \u0161\u0101du adresi: betoff@betoff.eu L\u016bdzu, nor\u0101diet pirkuma br\u012bd\u012b \u0123ener\u0113to pas\u016bt\u012bjuma numuru, k\u0101 ar\u012b izv\u0113les iemeslu lai atgrieztu preci. Produktam j\u0101b\u016bt r\u016bpn\u012bc\u0101 nosl\u0113gtam. P\u0113c preces atgrie\u0161anas mums t\u0101 tiks p\u0101rbaud\u012bta un tad, ja v\u0101ci\u0146\u0161 nav nolauzts, atmaks\u0101sim summu, par k\u0101du prece tika [...]","og_url":"https:\/\/betoff.eu\/lv\/atgriesana-un-sudzibas\/","og_site_name":"BETOFF-Produkti betona pasaulei un ne tikai!","article_modified_time":"2024-06-22T06:07:54+00:00","twitter_card":"summary_large_image","twitter_misc":{"Est. reading time":"1 minute"},"schema":{"@context":"https:\/\/schema.org","@graph":[{"@type":"WebPage","@id":"https:\/\/betoff.eu\/lv\/atgriesana-un-sudzibas\/","url":"https:\/\/betoff.eu\/lv\/atgriesana-un-sudzibas\/","name":"Atgrie\u0161ana un s\u016bdz\u012bbas - BETOFF-Produkti betona pasaulei un ne tikai!","isPartOf":{"@id":"https:\/\/betoff.eu\/#website"},"datePublished":"2024-06-21T18:28:06+00:00","dateModified":"2024-06-22T06:07:54+00:00","breadcrumb":{"@id":"https:\/\/betoff.eu\/lv\/atgriesana-un-sudzibas\/#breadcrumb"},"inLanguage":"lv-LV","potentialAction":[{"@type":"ReadAction","target":["https:\/\/betoff.eu\/lv\/atgriesana-un-sudzibas\/"]}]},{"@type":"BreadcrumbList","@id":"https:\/\/betoff.eu\/lv\/atgriesana-un-sudzibas\/#breadcrumb","itemListElement":[{"@type":"ListItem","position":1,"name":"Hem","item":"https:\/\/betoff.eu\/lv\/"},{"@type":"ListItem","position":2,"name":"Atgrie\u0161ana un s\u016bdz\u012bbas"}]},{"@type":"WebSite","@id":"https:\/\/betoff.eu\/#website","url":"https:\/\/betoff.eu\/","name":"BETOFF-Products for the world of concrete and beyond!","description":"Betoff - Betona no\u0146em\u0161anas \u0161\u0137idrums","publisher":{"@id":"https:\/\/betoff.eu\/#\/schema\/person\/cded67f1acad0c68af8dcc171137512c"},"potentialAction":[{"@type":"SearchAction","target":{"@type":"EntryPoint","urlTemplate":"https:\/\/betoff.eu\/?s={search_term_string}"},"query-input":{"@type":"PropertyValueSpecification","valueRequired":true,"valueName":"search_term_string"}}],"inLanguage":"lv-LV"},{"@type":["Person","Organization"],"@id":"https:\/\/betoff.eu\/#\/schema\/person\/cded67f1acad0c68af8dcc171137512c","name":"admin","image":{"@type":"ImageObject","inLanguage":"lv-LV","@id":"https:\/\/betoff.eu\/#\/schema\/person\/image\/","url":"https:\/\/betoff.eu\/wp-content\/uploads\/2021\/02\/betoff-logo.png","contentUrl":"https:\/\/betoff.eu\/wp-content\/uploads\/2021\/02\/betoff-logo.png","width":1024,"height":258,"caption":"admin"},"logo":{"@id":"https:\/\/betoff.eu\/#\/schema\/person\/image\/"}}]}},"_links":{"self":[{"href":"https:\/\/betoff.eu\/lv\/wp-json\/wp\/v2\/pages\/14088","targetHints":{"allow":["GET"]}}],"collection":[{"href":"https:\/\/betoff.eu\/lv\/wp-json\/wp\/v2\/pages"}],"about":[{"href":"https:\/\/betoff.eu\/lv\/wp-json\/wp\/v2\/types\/page"}],"author":[{"embeddable":true,"href":"https:\/\/betoff.eu\/lv\/wp-json\/wp\/v2\/users\/1"}],"replies":[{"embeddable":true,"href":"https:\/\/betoff.eu\/lv\/wp-json\/wp\/v2\/comments?post=14088"}],"version-history":[{"count":0,"href":"https:\/\/betoff.eu\/lv\/wp-json\/wp\/v2\/pages\/14088\/revisions"}],"wp:attachment":[{"href":"https:\/\/betoff.eu\/lv\/wp-json\/wp\/v2\/media?parent=14088"}],"curies":[{"name":"wp","href":"https:\/\/api.w.org\/{rel}","templated":true}]}}