{"id":14006,"date":"2024-06-21T12:18:24","date_gmt":"2024-06-21T10:18:24","guid":{"rendered":"https:\/\/betoff.eu\/?page_id=14006"},"modified":"2024-06-21T12:18:25","modified_gmt":"2024-06-21T10:18:25","slug":"interneta-veikala-noteikumi","status":"publish","type":"page","link":"https:\/\/betoff.eu\/lv\/interneta-veikala-noteikumi\/","title":{"rendered":"Interneta veikala noteikumi"},"content":{"rendered":"\n\n\n<p>betoff.eu interneta veikala noteikumi<\/p>\n\n\n\n<p>\u0160ie noteikumi nosaka ra\u017eo\u0161anas nosac\u012bjumus.<br>P\u0113rc betoff.eu interneta veikal\u0101<\/p>\n\n\n\n<p>P\u0101rdev\u0113js ir Innovachem Krystian Grzyb z.<br>Var\u0161av\u0101, ul. Sarma\u010da 21\/8<br>(NIP 762-176-43-06).<\/p>\n\n\n\n<p>Pas\u016bt\u012bjumus var veikt, izmantojot betoix.pl tie\u0161saistes veikalu.<br>Iesniedziet 24 stundas diennakt\u012b un re\u0123istr\u0113jieties \u0161eit<br>Veikals ir piln\u012bgi bezmaksas un br\u012bvpr\u0101t\u012bgs. veikal\u0101<br>Pas\u016bt\u012bjumus var veikt tie\u0161saist\u0113 betoix.pl.<br>tikai pieaugu\u0161ajiem<br>likum\u012bbu sl\u0113gt l\u012bgumu<br>pre\u010du un pakalpojumu pirkuma l\u012bgums.<\/p>\n\n\n\n<p>Inform\u0101cija veikala m\u0101jaslap\u0101<br>\u0160is ir pied\u0101v\u0101jums Civillikuma izpratn\u0113.<br>Pas\u016bt\u012bjuma noform\u0113\u0161ana tiek uzskat\u012bta par pirkuma pied\u0101v\u0101jumu<br>Preces tiek atlas\u012btas atbilsto\u0161i rakst\u0101 nor\u0101d\u012btajiem nosac\u012bjumiem<br>Lietas apraksts.<\/p>\n\n\n\n<p>Pas\u016bt\u012bjums tiek apstiprin\u0101ts pa e-pastu<br>P\u0101rdev\u0113js nos\u016bta zi\u0146u uz e-pastu<br>elektroniski. Pas\u016bt\u012bjums tiks apstr\u0101d\u0101ts v\u0113l\u0101k<br>Maks\u0101juma uzskaite par rakst\u0101 nor\u0101d\u012btaj\u0101m prec\u0113m<br>pas\u016bt\u012bjums.<\/p>\n\n\n\n<p>Preces tiek nos\u016bt\u012btas uz pas\u016bt\u012bjum\u0101 nor\u0101d\u012bto adresi<br>Sa\u0146\u0113m\u0113js 2-3 darba dienu laik\u0101 no datuma<br>nos\u016btiet maks\u0101jumu uz p\u0101rdev\u0113ja kontu.<\/p>\n\n\n\n<p>Interneta veikal\u0101 pied\u0101v\u0101t\u0101s preces ir leg\u0101las<br>Piln\u012bgi jauns un pieg\u0101d\u0101ts Polijas tirgum<br>bez juridiskas vai fiziskas vainas<\/p>\n","protected":false},"excerpt":{"rendered":"<p>betoff.eu interneta veikala noteikumi \u0160ie noteikumi nosaka ra\u017eo\u0161anas nosac\u012bjumus.P\u0113rc betoff.eu interneta veikal\u0101 P\u0101rdev\u0113js ir Innovachem Krystian Grzyb z.Var\u0161av\u0101, ul. Sarma\u010da 21\/8(NIP 762-176-43-06). Pas\u016bt\u012bjumus var veikt, izmantojot betoix.pl tie\u0161saistes veikalu.Iesniedziet 24 stundas diennakt\u012b un re\u0123istr\u0113jieties \u0161eitVeikals ir piln\u012bgi bezmaksas un br\u012bvpr\u0101t\u012bgs. veikal\u0101Pas\u016bt\u012bjumus var veikt tie\u0161saist\u0113 betoix.pl.tikai pieaugu\u0161ajiemlikum\u012bbu sl\u0113gt l\u012bgumupre\u010du un pakalpojumu pirkuma l\u012bgums. Inform\u0101cija veikala m\u0101jaslap\u0101\u0160is [&#8230;]\n","protected":false},"author":1,"featured_media":0,"parent":0,"menu_order":0,"comment_status":"closed","ping_status":"closed","template":"","meta":{"om_disable_all_campaigns":false,"footnotes":""},"class_list":["post-14006","page","type-page","status-publish","hentry"],"yoast_head":"<!-- This site is optimized with the Yoast SEO plugin v25.9 - https:\/\/yoast.com\/wordpress\/plugins\/seo\/ -->\n<title>Interneta veikala noteikumi - BETOFF-Produkti betona pasaulei un ne tikai!<\/title>\n<meta name=\"robots\" content=\"index, follow, max-snippet:-1, max-image-preview:large, max-video-preview:-1\" \/>\n<link rel=\"canonical\" href=\"https:\/\/betoff.eu\/lv\/interneta-veikala-noteikumi\/\" \/>\n<meta property=\"og:locale\" content=\"lv_LV\" \/>\n<meta property=\"og:type\" content=\"article\" \/>\n<meta property=\"og:title\" content=\"Interneta veikala noteikumi - BETOFF-Produkti betona pasaulei un ne tikai!\" \/>\n<meta property=\"og:description\" content=\"betoff.eu interneta veikala noteikumi \u0160ie noteikumi nosaka ra\u017eo\u0161anas nosac\u012bjumus.P\u0113rc betoff.eu interneta veikal\u0101 P\u0101rdev\u0113js ir Innovachem Krystian Grzyb z.Var\u0161av\u0101, ul. Sarma\u010da 21\/8(NIP 762-176-43-06). Pas\u016bt\u012bjumus var veikt, izmantojot betoix.pl tie\u0161saistes veikalu.Iesniedziet 24 stundas diennakt\u012b un re\u0123istr\u0113jieties \u0161eitVeikals ir piln\u012bgi bezmaksas un br\u012bvpr\u0101t\u012bgs. veikal\u0101Pas\u016bt\u012bjumus var veikt tie\u0161saist\u0113 betoix.pl.tikai pieaugu\u0161ajiemlikum\u012bbu sl\u0113gt l\u012bgumupre\u010du un pakalpojumu pirkuma l\u012bgums. Inform\u0101cija veikala m\u0101jaslap\u0101\u0160is [...]\" \/>\n<meta property=\"og:url\" content=\"https:\/\/betoff.eu\/lv\/interneta-veikala-noteikumi\/\" \/>\n<meta property=\"og:site_name\" content=\"BETOFF-Produkti betona pasaulei un ne tikai!\" \/>\n<meta property=\"article:modified_time\" content=\"2024-06-21T10:18:25+00:00\" \/>\n<meta name=\"twitter:card\" content=\"summary_large_image\" \/>\n<meta name=\"twitter:label1\" content=\"Est. reading time\" \/>\n\t<meta name=\"twitter:data1\" content=\"1 minute\" \/>\n<script type=\"application\/ld+json\" class=\"yoast-schema-graph\">{\"@context\":\"https:\/\/schema.org\",\"@graph\":[{\"@type\":\"WebPage\",\"@id\":\"https:\/\/betoff.eu\/lv\/interneta-veikala-noteikumi\/\",\"url\":\"https:\/\/betoff.eu\/lv\/interneta-veikala-noteikumi\/\",\"name\":\"Interneta veikala noteikumi - BETOFF-Produkti betona pasaulei un ne tikai!\",\"isPartOf\":{\"@id\":\"https:\/\/betoff.eu\/#website\"},\"datePublished\":\"2024-06-21T10:18:24+00:00\",\"dateModified\":\"2024-06-21T10:18:25+00:00\",\"breadcrumb\":{\"@id\":\"https:\/\/betoff.eu\/lv\/interneta-veikala-noteikumi\/#breadcrumb\"},\"inLanguage\":\"lv-LV\",\"potentialAction\":[{\"@type\":\"ReadAction\",\"target\":[\"https:\/\/betoff.eu\/lv\/interneta-veikala-noteikumi\/\"]}]},{\"@type\":\"BreadcrumbList\",\"@id\":\"https:\/\/betoff.eu\/lv\/interneta-veikala-noteikumi\/#breadcrumb\",\"itemListElement\":[{\"@type\":\"ListItem\",\"position\":1,\"name\":\"Hem\",\"item\":\"https:\/\/betoff.eu\/lv\/\"},{\"@type\":\"ListItem\",\"position\":2,\"name\":\"Interneta veikala noteikumi\"}]},{\"@type\":\"WebSite\",\"@id\":\"https:\/\/betoff.eu\/#website\",\"url\":\"https:\/\/betoff.eu\/\",\"name\":\"BETOFF-Products for the world of concrete and beyond!\",\"description\":\"Betoff - Betona no\u0146em\u0161anas \u0161\u0137idrums\",\"publisher\":{\"@id\":\"https:\/\/betoff.eu\/#\/schema\/person\/cded67f1acad0c68af8dcc171137512c\"},\"potentialAction\":[{\"@type\":\"SearchAction\",\"target\":{\"@type\":\"EntryPoint\",\"urlTemplate\":\"https:\/\/betoff.eu\/?s={search_term_string}\"},\"query-input\":{\"@type\":\"PropertyValueSpecification\",\"valueRequired\":true,\"valueName\":\"search_term_string\"}}],\"inLanguage\":\"lv-LV\"},{\"@type\":[\"Person\",\"Organization\"],\"@id\":\"https:\/\/betoff.eu\/#\/schema\/person\/cded67f1acad0c68af8dcc171137512c\",\"name\":\"admin\",\"image\":{\"@type\":\"ImageObject\",\"inLanguage\":\"lv-LV\",\"@id\":\"https:\/\/betoff.eu\/#\/schema\/person\/image\/\",\"url\":\"https:\/\/betoff.eu\/wp-content\/uploads\/2021\/02\/betoff-logo.png\",\"contentUrl\":\"https:\/\/betoff.eu\/wp-content\/uploads\/2021\/02\/betoff-logo.png\",\"width\":1024,\"height\":258,\"caption\":\"admin\"},\"logo\":{\"@id\":\"https:\/\/betoff.eu\/#\/schema\/person\/image\/\"}}]}<\/script>\n<!-- \/ Yoast SEO plugin. -->","yoast_head_json":{"title":"Interneta veikala noteikumi - BETOFF-Produkti betona pasaulei un ne tikai!","robots":{"index":"index","follow":"follow","max-snippet":"max-snippet:-1","max-image-preview":"max-image-preview:large","max-video-preview":"max-video-preview:-1"},"canonical":"https:\/\/betoff.eu\/lv\/interneta-veikala-noteikumi\/","og_locale":"lv_LV","og_type":"article","og_title":"Interneta veikala noteikumi - BETOFF-Produkti betona pasaulei un ne tikai!","og_description":"betoff.eu interneta veikala noteikumi \u0160ie noteikumi nosaka ra\u017eo\u0161anas nosac\u012bjumus.P\u0113rc betoff.eu interneta veikal\u0101 P\u0101rdev\u0113js ir Innovachem Krystian Grzyb z.Var\u0161av\u0101, ul. Sarma\u010da 21\/8(NIP 762-176-43-06). Pas\u016bt\u012bjumus var veikt, izmantojot betoix.pl tie\u0161saistes veikalu.Iesniedziet 24 stundas diennakt\u012b un re\u0123istr\u0113jieties \u0161eitVeikals ir piln\u012bgi bezmaksas un br\u012bvpr\u0101t\u012bgs. veikal\u0101Pas\u016bt\u012bjumus var veikt tie\u0161saist\u0113 betoix.pl.tikai pieaugu\u0161ajiemlikum\u012bbu sl\u0113gt l\u012bgumupre\u010du un pakalpojumu pirkuma l\u012bgums. Inform\u0101cija veikala m\u0101jaslap\u0101\u0160is [...]","og_url":"https:\/\/betoff.eu\/lv\/interneta-veikala-noteikumi\/","og_site_name":"BETOFF-Produkti betona pasaulei un ne tikai!","article_modified_time":"2024-06-21T10:18:25+00:00","twitter_card":"summary_large_image","twitter_misc":{"Est. reading time":"1 minute"},"schema":{"@context":"https:\/\/schema.org","@graph":[{"@type":"WebPage","@id":"https:\/\/betoff.eu\/lv\/interneta-veikala-noteikumi\/","url":"https:\/\/betoff.eu\/lv\/interneta-veikala-noteikumi\/","name":"Interneta veikala noteikumi - BETOFF-Produkti betona pasaulei un ne tikai!","isPartOf":{"@id":"https:\/\/betoff.eu\/#website"},"datePublished":"2024-06-21T10:18:24+00:00","dateModified":"2024-06-21T10:18:25+00:00","breadcrumb":{"@id":"https:\/\/betoff.eu\/lv\/interneta-veikala-noteikumi\/#breadcrumb"},"inLanguage":"lv-LV","potentialAction":[{"@type":"ReadAction","target":["https:\/\/betoff.eu\/lv\/interneta-veikala-noteikumi\/"]}]},{"@type":"BreadcrumbList","@id":"https:\/\/betoff.eu\/lv\/interneta-veikala-noteikumi\/#breadcrumb","itemListElement":[{"@type":"ListItem","position":1,"name":"Hem","item":"https:\/\/betoff.eu\/lv\/"},{"@type":"ListItem","position":2,"name":"Interneta veikala noteikumi"}]},{"@type":"WebSite","@id":"https:\/\/betoff.eu\/#website","url":"https:\/\/betoff.eu\/","name":"BETOFF-Products for the world of concrete and beyond!","description":"Betoff - Betona no\u0146em\u0161anas \u0161\u0137idrums","publisher":{"@id":"https:\/\/betoff.eu\/#\/schema\/person\/cded67f1acad0c68af8dcc171137512c"},"potentialAction":[{"@type":"SearchAction","target":{"@type":"EntryPoint","urlTemplate":"https:\/\/betoff.eu\/?s={search_term_string}"},"query-input":{"@type":"PropertyValueSpecification","valueRequired":true,"valueName":"search_term_string"}}],"inLanguage":"lv-LV"},{"@type":["Person","Organization"],"@id":"https:\/\/betoff.eu\/#\/schema\/person\/cded67f1acad0c68af8dcc171137512c","name":"admin","image":{"@type":"ImageObject","inLanguage":"lv-LV","@id":"https:\/\/betoff.eu\/#\/schema\/person\/image\/","url":"https:\/\/betoff.eu\/wp-content\/uploads\/2021\/02\/betoff-logo.png","contentUrl":"https:\/\/betoff.eu\/wp-content\/uploads\/2021\/02\/betoff-logo.png","width":1024,"height":258,"caption":"admin"},"logo":{"@id":"https:\/\/betoff.eu\/#\/schema\/person\/image\/"}}]}},"_links":{"self":[{"href":"https:\/\/betoff.eu\/lv\/wp-json\/wp\/v2\/pages\/14006","targetHints":{"allow":["GET"]}}],"collection":[{"href":"https:\/\/betoff.eu\/lv\/wp-json\/wp\/v2\/pages"}],"about":[{"href":"https:\/\/betoff.eu\/lv\/wp-json\/wp\/v2\/types\/page"}],"author":[{"embeddable":true,"href":"https:\/\/betoff.eu\/lv\/wp-json\/wp\/v2\/users\/1"}],"replies":[{"embeddable":true,"href":"https:\/\/betoff.eu\/lv\/wp-json\/wp\/v2\/comments?post=14006"}],"version-history":[{"count":0,"href":"https:\/\/betoff.eu\/lv\/wp-json\/wp\/v2\/pages\/14006\/revisions"}],"wp:attachment":[{"href":"https:\/\/betoff.eu\/lv\/wp-json\/wp\/v2\/media?parent=14006"}],"curies":[{"name":"wp","href":"https:\/\/api.w.org\/{rel}","templated":true}]}}