{"id":13948,"date":"2024-06-21T07:44:05","date_gmt":"2024-06-21T05:44:05","guid":{"rendered":"https:\/\/betoff.eu\/?page_id=13948"},"modified":"2024-06-21T08:10:19","modified_gmt":"2024-06-21T06:10:19","slug":"privatuma-politika","status":"publish","type":"page","link":"https:\/\/betoff.eu\/lv\/privatuma-politika\/","title":{"rendered":"Priv\u0101tuma politika"},"content":{"rendered":"\n<p>Vietnes konfidencialit\u0101tes politika. https:\/\/betoff.eu<\/p>\n\n\n\n<ol class=\"wp-block-list\">\n<li>Galven\u0101 inform\u0101cija<\/li>\n<\/ol>\n\n\n\n<p>\u0160aj\u0101 priv\u0101tuma politik\u0101 ir izkl\u0101st\u012bti noteikumi par personas datu apstr\u0101di un aizsardz\u012bbu, ko Lietot\u0101ji sniedz saist\u012bb\u0101 ar p\u0101rdo\u0161anas pakalpojumu izmanto\u0161anu, izmantojot t\u012bmek\u013ca vietni.<\/p>\n\n\n\n<ol class=\"wp-block-list\" start=\"2\">\n<li>Vietn\u0113 ietverto personas datu administrators ir<\/li>\n<\/ol>\n\n\n\n<p>Innovachem Krystian Grzyb ar s\u0113dekli ul. Sarmacka 21\/8 Varssavi Eiropas nodok\u013cu numurs PL7621764306<\/p>\n\n\n\n<p>Lai nodro\u0161in\u0101tu mums uztic\u0113to datu dro\u0161\u012bbu, esam izstr\u0101d\u0101ju\u0161i uz\u0146\u0113muma iek\u0161\u0113j\u0101s proced\u016bras un ieteikumus, lai nov\u0113rstu datu nok\u013c\u016b\u0161anu nepiedero\u0161\u0101m person\u0101m. M\u0113s p\u0101rbaud\u0101m to izpildi un past\u0101v\u012bgi p\u0101rbaud\u0101m to atbilst\u012bbu attiec\u012bgajiem ties\u012bbu aktiem &#8211; Fizisko personu datu aizsardz\u012bbas likumam, Elektronisko pakalpojumu likumam, k\u0101 ar\u012b visa veida \u012bsteno\u0161anas aktiem un Kopienas ties\u012bbu aktiem.<\/p>\n\n\n\n<p>Personas dati tiek apstr\u0101d\u0101ti, pamatojoties uz Lietot\u0101ja izteiktu piekri\u0161anu un gad\u012bjumos, kad likums pilnvaro administratoru apstr\u0101d\u0101t personas datus, pamatojoties uz ties\u012bbu norm\u0101m vai izpild\u012bt starp pus\u0113m nosl\u0113gtu l\u012bgumu.<\/p>\n\n\n\n<p>Vietne veic inform\u0101cijas ieg\u016b\u0161anas funkcijas par lietot\u0101jiem un vi\u0146u uzved\u012bbu \u0161\u0101d\u0101 veid\u0101:<\/p>\n\n\n\n<p>Lai nodro\u0161in\u0101tu mums uztic\u0113to datu dro\u0161\u012bbu, esam izstr\u0101d\u0101ju\u0161i iek\u0161\u0113j\u0101s proced\u016bras un ieteikumus, lai nov\u0113rstu datu nok\u013c\u016b\u0161anu nepiedero\u0161\u0101m person\u0101m. M\u0113s kontrol\u0113jam to ievie\u0161anu un past\u0101v\u012bgi p\u0101rbaud\u0101m, vai tie atbilst attiec\u012bgajiem ties\u012bbu aktiem \u2013 likumam par personas datu aizsardz\u012bbu, likumam par pakalpojumu snieg\u0161anu elektroniski, k\u0101 ar\u012b visa veida izpildu aktiem un Kopienas ties\u012bbu aktiem.<\/p>\n\n\n\n<p>Personas dati tiek apstr\u0101d\u0101ti, pamatojoties uz Lietot\u0101ja izteiktu piekri\u0161anu un gad\u012bjumos, kad likums pilnvaro administratoru apstr\u0101d\u0101t personas datus, pamatojoties uz ties\u012bbu norm\u0101m vai izpild\u012bt starp pus\u0113m nosl\u0113gto vieno\u0161anos.<\/p>\n\n\n\n<p>Vietne veic inform\u0101cijas ieg\u016b\u0161anas funkcijas par lietot\u0101jiem un vi\u0146u uzved\u012bbu \u0161\u0101d\u0101 veid\u0101:<\/p>\n\n\n\n<p>a) izmantojot veidlap\u0101s br\u012bvpr\u0101t\u012bgi ievad\u012btu inform\u0101ciju<\/p>\n\n\n\n<p>b) v\u0101cot s\u012bkfailus [skatiet s\u012bkfailu politiku]\n\n\n\n<h3 class=\"wp-block-heading\">S\u012bkdat\u0146u politika<\/h3>\n\n\n\n<p>Vietnes s\u012bkfailu politika https:\/\/betoff.eu<\/p>\n\n\n\n<p>&#8220;S\u012bkfaili&#8221; ir IT dati, kas tiek glab\u0101ti lietot\u0101ju gala ier\u012bc\u0113s viet\u0146u lieto\u0161anai. Jo \u012bpa\u0161i tie ir teksta faili, kas satur t\u0101s vietnes nosaukumu, no kuras tie tika izveidoti, to glab\u0101\u0161anas laiku gala ier\u012bc\u0113 un unik\u0101lu numuru.<\/p>\n\n\n\n<p>Vietne autom\u0101tiski neapkopo inform\u0101ciju, iz\u0146emot inform\u0101ciju, kas ietverta s\u012bkdatn\u0113s.<\/p>\n\n\n\n<p>S\u012bkdatnes ir paredz\u0113tas t\u012bmek\u013ca lapu lieto\u0161anai. Operators izmanto \u0161os failus, lai:<\/p>\n\n\n\n<p>a) iesp\u0113ja pieteikties un uztur\u0113t lietot\u0101ja sesiju katr\u0101 n\u0101kamaj\u0101 t\u012bmek\u013ca vietnes lap\u0101<\/p>\n\n\n\n<p>b) piel\u0101got vietnes saturu atbilsto\u0161i lietot\u0101ja individu\u0101laj\u0101m v\u0113lm\u0113m, jo \u200b\u200b\u012bpa\u0161i \u0161ie faili atpaz\u012bst vi\u0146a ier\u012bci, lai par\u0101d\u012btu vietni atbilsto\u0161i vi\u0146a v\u0113lm\u0113m<\/p>\n\n\n\n<p>c) izveidot anon\u012bmu statistiku, kas izsl\u0113dz iesp\u0113ju identific\u0113t lietot\u0101ju.<\/p>\n\n\n\n<p>Uz s\u012bkdatn\u0113m, ko izmanto t\u012bmek\u013ca vietnes operatora partneri, tostarp jo \u012bpa\u0161i vietnes lietot\u0101ji, attiecas vi\u0146u priv\u0101tuma politika.<\/p>\n\n\n\n<p>Lai nodro\u0161in\u0101tu mums uztic\u0113to datu dro\u0161\u012bbu, esam izstr\u0101d\u0101ju\u0161i uz\u0146\u0113muma iek\u0161\u0113j\u0101s proced\u016bras un ieteikumus, lai nov\u0113rstu datu nok\u013c\u016b\u0161anu nepiedero\u0161\u0101m person\u0101m. M\u0113s p\u0101rbaud\u0101m to izpildi un past\u0101v\u012bgi p\u0101rbaud\u0101m to atbilst\u012bbu attiec\u012bgajiem ties\u012bbu aktiem &#8211; Fizisko personu datu aizsardz\u012bbas likumam, Elektronisko pakalpojumu likumam, k\u0101 ar\u012b visa veida \u012bsteno\u0161anas aktiem un Kopienas ties\u012bbu aktiem.<\/p>\n\n\n\n<p>P\u0113c noklus\u0113juma t\u012bmek\u013ca viet\u0146u p\u0101rl\u016bko\u0161anai izmantot\u0101 programmat\u016bra \u013cauj lietot\u0101ja gala ier\u012bc\u0113 ievietot s\u012bkfailus. \u0160os iestat\u012bjumus Lietot\u0101js var main\u012bt t\u0101, lai p\u0101rl\u016bkprogrammas iestat\u012bjumos tiktu blo\u0137\u0113ta s\u012bkdat\u0146u autom\u0101tisk\u0101 apstr\u0101de vai tiktu pazi\u0146ots katru reizi, kad t\u0101s tiek nos\u016bt\u012btas uz Lietot\u0101ja ier\u012bci.<\/p>\n\n\n\n<p>Vietnes lietot\u0101ji var main\u012bt s\u012bkfailu iestat\u012bjumus jebkur\u0101 laik\u0101. S\u012bk\u0101ku inform\u0101ciju par s\u012bkdat\u0146u apstr\u0101des iesp\u0113j\u0101m un metod\u0113m varat atrast programmat\u016bras (p\u0101rl\u016bka) iestat\u012bjumos. Popul\u0101ru p\u0101rl\u016bkprogrammu redi\u0123\u0113\u0161anas opciju piem\u0113ri:<\/p>\n\n\n\n<p>Mozilla Firefox: www.support.mozilla.org\/pl\/kb\/ciasteczka<\/p>\n\n\n\n<p>\u2013 Internet Explorer: www.support.microsoft.com\/kb\/278835\/pl<\/p>\n\n\n\n<p>\u2013 Google Chrome: www.support.google.com\/chrome\/bin\/answer.py?hl=pl&amp;answer=95647<\/p>\n\n\n\n<p>\u2013 Safari: www.safari.helpmax.net\/sv\/spara-tid\/inneh\u00e5llsblockering\/<\/p>\n\n\n\n<p>Vietnes operators inform\u0113, ka, mainot lietot\u0101ja p\u0101rl\u016bkprogrammas iestat\u012bjumus, vietnes var nedarboties pareizi.<\/p>\n\n\n\n<ol class=\"wp-block-list\" start=\"8\"><\/ol>\n\n\n","protected":false},"excerpt":{"rendered":"<p>Vietnes konfidencialit\u0101tes politika. https:\/\/betoff.eu \u0160aj\u0101 priv\u0101tuma politik\u0101 ir izkl\u0101st\u012bti noteikumi par personas datu apstr\u0101di un aizsardz\u012bbu, ko Lietot\u0101ji sniedz saist\u012bb\u0101 ar p\u0101rdo\u0161anas pakalpojumu izmanto\u0161anu, izmantojot t\u012bmek\u013ca vietni. Innovachem Krystian Grzyb ar s\u0113dekli ul. Sarmacka 21\/8 Varssavi Eiropas nodok\u013cu numurs PL7621764306 Lai nodro\u0161in\u0101tu mums uztic\u0113to datu dro\u0161\u012bbu, esam izstr\u0101d\u0101ju\u0161i uz\u0146\u0113muma iek\u0161\u0113j\u0101s proced\u016bras un ieteikumus, lai nov\u0113rstu [&#8230;]\n","protected":false},"author":1,"featured_media":0,"parent":0,"menu_order":0,"comment_status":"closed","ping_status":"closed","template":"","meta":{"om_disable_all_campaigns":false,"footnotes":""},"class_list":["post-13948","page","type-page","status-publish","hentry"],"yoast_head":"<!-- This site is optimized with the Yoast SEO plugin v25.9 - https:\/\/yoast.com\/wordpress\/plugins\/seo\/ -->\n<title>Priv\u0101tuma politika - BETOFF-Produkti betona pasaulei un ne tikai!<\/title>\n<meta name=\"robots\" content=\"index, follow, max-snippet:-1, max-image-preview:large, max-video-preview:-1\" \/>\n<link rel=\"canonical\" href=\"https:\/\/betoff.eu\/lv\/privatuma-politika\/\" \/>\n<meta property=\"og:locale\" content=\"lv_LV\" \/>\n<meta property=\"og:type\" content=\"article\" \/>\n<meta property=\"og:title\" content=\"Priv\u0101tuma politika - BETOFF-Produkti betona pasaulei un ne tikai!\" \/>\n<meta property=\"og:description\" content=\"Vietnes konfidencialit\u0101tes politika. https:\/\/betoff.eu \u0160aj\u0101 priv\u0101tuma politik\u0101 ir izkl\u0101st\u012bti noteikumi par personas datu apstr\u0101di un aizsardz\u012bbu, ko Lietot\u0101ji sniedz saist\u012bb\u0101 ar p\u0101rdo\u0161anas pakalpojumu izmanto\u0161anu, izmantojot t\u012bmek\u013ca vietni. Innovachem Krystian Grzyb ar s\u0113dekli ul. Sarmacka 21\/8 Varssavi Eiropas nodok\u013cu numurs PL7621764306 Lai nodro\u0161in\u0101tu mums uztic\u0113to datu dro\u0161\u012bbu, esam izstr\u0101d\u0101ju\u0161i uz\u0146\u0113muma iek\u0161\u0113j\u0101s proced\u016bras un ieteikumus, lai nov\u0113rstu [...]\" \/>\n<meta property=\"og:url\" content=\"https:\/\/betoff.eu\/lv\/privatuma-politika\/\" \/>\n<meta property=\"og:site_name\" content=\"BETOFF-Produkti betona pasaulei un ne tikai!\" \/>\n<meta property=\"article:modified_time\" content=\"2024-06-21T06:10:19+00:00\" \/>\n<meta name=\"twitter:card\" content=\"summary_large_image\" \/>\n<meta name=\"twitter:label1\" content=\"Est. reading time\" \/>\n\t<meta name=\"twitter:data1\" content=\"3 minutes\" \/>\n<script type=\"application\/ld+json\" class=\"yoast-schema-graph\">{\"@context\":\"https:\/\/schema.org\",\"@graph\":[{\"@type\":\"WebPage\",\"@id\":\"https:\/\/betoff.eu\/lv\/privatuma-politika\/\",\"url\":\"https:\/\/betoff.eu\/lv\/privatuma-politika\/\",\"name\":\"Priv\u0101tuma politika - BETOFF-Produkti betona pasaulei un ne tikai!\",\"isPartOf\":{\"@id\":\"https:\/\/betoff.eu\/#website\"},\"datePublished\":\"2024-06-21T05:44:05+00:00\",\"dateModified\":\"2024-06-21T06:10:19+00:00\",\"breadcrumb\":{\"@id\":\"https:\/\/betoff.eu\/lv\/privatuma-politika\/#breadcrumb\"},\"inLanguage\":\"lv-LV\",\"potentialAction\":[{\"@type\":\"ReadAction\",\"target\":[\"https:\/\/betoff.eu\/lv\/privatuma-politika\/\"]}]},{\"@type\":\"BreadcrumbList\",\"@id\":\"https:\/\/betoff.eu\/lv\/privatuma-politika\/#breadcrumb\",\"itemListElement\":[{\"@type\":\"ListItem\",\"position\":1,\"name\":\"Hem\",\"item\":\"https:\/\/betoff.eu\/lv\/\"},{\"@type\":\"ListItem\",\"position\":2,\"name\":\"Priv\u0101tuma politika\"}]},{\"@type\":\"WebSite\",\"@id\":\"https:\/\/betoff.eu\/#website\",\"url\":\"https:\/\/betoff.eu\/\",\"name\":\"BETOFF-Products for the world of concrete and beyond!\",\"description\":\"Betoff - Betona no\u0146em\u0161anas \u0161\u0137idrums\",\"publisher\":{\"@id\":\"https:\/\/betoff.eu\/#\/schema\/person\/cded67f1acad0c68af8dcc171137512c\"},\"potentialAction\":[{\"@type\":\"SearchAction\",\"target\":{\"@type\":\"EntryPoint\",\"urlTemplate\":\"https:\/\/betoff.eu\/?s={search_term_string}\"},\"query-input\":{\"@type\":\"PropertyValueSpecification\",\"valueRequired\":true,\"valueName\":\"search_term_string\"}}],\"inLanguage\":\"lv-LV\"},{\"@type\":[\"Person\",\"Organization\"],\"@id\":\"https:\/\/betoff.eu\/#\/schema\/person\/cded67f1acad0c68af8dcc171137512c\",\"name\":\"admin\",\"image\":{\"@type\":\"ImageObject\",\"inLanguage\":\"lv-LV\",\"@id\":\"https:\/\/betoff.eu\/#\/schema\/person\/image\/\",\"url\":\"https:\/\/betoff.eu\/wp-content\/uploads\/2021\/02\/betoff-logo.png\",\"contentUrl\":\"https:\/\/betoff.eu\/wp-content\/uploads\/2021\/02\/betoff-logo.png\",\"width\":1024,\"height\":258,\"caption\":\"admin\"},\"logo\":{\"@id\":\"https:\/\/betoff.eu\/#\/schema\/person\/image\/\"}}]}<\/script>\n<!-- \/ Yoast SEO plugin. -->","yoast_head_json":{"title":"Priv\u0101tuma politika - BETOFF-Produkti betona pasaulei un ne tikai!","robots":{"index":"index","follow":"follow","max-snippet":"max-snippet:-1","max-image-preview":"max-image-preview:large","max-video-preview":"max-video-preview:-1"},"canonical":"https:\/\/betoff.eu\/lv\/privatuma-politika\/","og_locale":"lv_LV","og_type":"article","og_title":"Priv\u0101tuma politika - BETOFF-Produkti betona pasaulei un ne tikai!","og_description":"Vietnes konfidencialit\u0101tes politika. https:\/\/betoff.eu \u0160aj\u0101 priv\u0101tuma politik\u0101 ir izkl\u0101st\u012bti noteikumi par personas datu apstr\u0101di un aizsardz\u012bbu, ko Lietot\u0101ji sniedz saist\u012bb\u0101 ar p\u0101rdo\u0161anas pakalpojumu izmanto\u0161anu, izmantojot t\u012bmek\u013ca vietni. Innovachem Krystian Grzyb ar s\u0113dekli ul. Sarmacka 21\/8 Varssavi Eiropas nodok\u013cu numurs PL7621764306 Lai nodro\u0161in\u0101tu mums uztic\u0113to datu dro\u0161\u012bbu, esam izstr\u0101d\u0101ju\u0161i uz\u0146\u0113muma iek\u0161\u0113j\u0101s proced\u016bras un ieteikumus, lai nov\u0113rstu [...]","og_url":"https:\/\/betoff.eu\/lv\/privatuma-politika\/","og_site_name":"BETOFF-Produkti betona pasaulei un ne tikai!","article_modified_time":"2024-06-21T06:10:19+00:00","twitter_card":"summary_large_image","twitter_misc":{"Est. reading time":"3 minutes"},"schema":{"@context":"https:\/\/schema.org","@graph":[{"@type":"WebPage","@id":"https:\/\/betoff.eu\/lv\/privatuma-politika\/","url":"https:\/\/betoff.eu\/lv\/privatuma-politika\/","name":"Priv\u0101tuma politika - BETOFF-Produkti betona pasaulei un ne tikai!","isPartOf":{"@id":"https:\/\/betoff.eu\/#website"},"datePublished":"2024-06-21T05:44:05+00:00","dateModified":"2024-06-21T06:10:19+00:00","breadcrumb":{"@id":"https:\/\/betoff.eu\/lv\/privatuma-politika\/#breadcrumb"},"inLanguage":"lv-LV","potentialAction":[{"@type":"ReadAction","target":["https:\/\/betoff.eu\/lv\/privatuma-politika\/"]}]},{"@type":"BreadcrumbList","@id":"https:\/\/betoff.eu\/lv\/privatuma-politika\/#breadcrumb","itemListElement":[{"@type":"ListItem","position":1,"name":"Hem","item":"https:\/\/betoff.eu\/lv\/"},{"@type":"ListItem","position":2,"name":"Priv\u0101tuma politika"}]},{"@type":"WebSite","@id":"https:\/\/betoff.eu\/#website","url":"https:\/\/betoff.eu\/","name":"BETOFF-Products for the world of concrete and beyond!","description":"Betoff - Betona no\u0146em\u0161anas \u0161\u0137idrums","publisher":{"@id":"https:\/\/betoff.eu\/#\/schema\/person\/cded67f1acad0c68af8dcc171137512c"},"potentialAction":[{"@type":"SearchAction","target":{"@type":"EntryPoint","urlTemplate":"https:\/\/betoff.eu\/?s={search_term_string}"},"query-input":{"@type":"PropertyValueSpecification","valueRequired":true,"valueName":"search_term_string"}}],"inLanguage":"lv-LV"},{"@type":["Person","Organization"],"@id":"https:\/\/betoff.eu\/#\/schema\/person\/cded67f1acad0c68af8dcc171137512c","name":"admin","image":{"@type":"ImageObject","inLanguage":"lv-LV","@id":"https:\/\/betoff.eu\/#\/schema\/person\/image\/","url":"https:\/\/betoff.eu\/wp-content\/uploads\/2021\/02\/betoff-logo.png","contentUrl":"https:\/\/betoff.eu\/wp-content\/uploads\/2021\/02\/betoff-logo.png","width":1024,"height":258,"caption":"admin"},"logo":{"@id":"https:\/\/betoff.eu\/#\/schema\/person\/image\/"}}]}},"_links":{"self":[{"href":"https:\/\/betoff.eu\/lv\/wp-json\/wp\/v2\/pages\/13948","targetHints":{"allow":["GET"]}}],"collection":[{"href":"https:\/\/betoff.eu\/lv\/wp-json\/wp\/v2\/pages"}],"about":[{"href":"https:\/\/betoff.eu\/lv\/wp-json\/wp\/v2\/types\/page"}],"author":[{"embeddable":true,"href":"https:\/\/betoff.eu\/lv\/wp-json\/wp\/v2\/users\/1"}],"replies":[{"embeddable":true,"href":"https:\/\/betoff.eu\/lv\/wp-json\/wp\/v2\/comments?post=13948"}],"version-history":[{"count":0,"href":"https:\/\/betoff.eu\/lv\/wp-json\/wp\/v2\/pages\/13948\/revisions"}],"wp:attachment":[{"href":"https:\/\/betoff.eu\/lv\/wp-json\/wp\/v2\/media?parent=13948"}],"curies":[{"name":"wp","href":"https:\/\/api.w.org\/{rel}","templated":true}]}}