{"id":13887,"date":"2024-06-20T12:05:11","date_gmt":"2024-06-20T10:05:11","guid":{"rendered":"https:\/\/betoff.eu\/?post_type=product&#038;p=13887"},"modified":"2024-06-20T13:04:13","modified_gmt":"2024-06-20T11:04:13","slug":"betoff-bio-20l-biologiskai-skaidus-skystis-betonui-tirpinti-ploni-ir-sviezi-nesvarumai","status":"publish","type":"product","link":"https:\/\/betoff.eu\/lt\/produkt\/betoff-bio-20l-biologiskai-skaidus-skystis-betonui-tirpinti-ploni-ir-sviezi-nesvarumai\/","title":{"rendered":"BETOFF-BIO &#8211; 20L &#8211; Biologi\u0161kai skaidus skystis betonui tirpinti. Ploni ir \u0161vie\u017ei ne\u0161varumai"},"content":{"rendered":"<p>Biologi\u0161kai skaidus skystis betonui, cemento pienui, vandens nuos\u0117doms ir kitiems sunkiai \u012fveikiamiems ne\u0161varumams tirpinti. Puikiai tinka valymui po renovacijos. J\u012f galite naudoti automobilio ir da\u017eyt\u0173 viet\u0173 valymui.<\/p>\n","protected":false},"excerpt":{"rendered":"<p>Biologi\u0161kai skaidus skystis betonui, cemento pienui, vandens nuos\u0117doms ir kitiems sunkiai \u012fveikiamiems ne\u0161varumams tirpinti. Puikiai tinka valymui po renovacijos. J\u012f galite naudoti automobilio ir da\u017eyt\u0173 viet\u0173 valymui.<\/p>\n","protected":false},"featured_media":352,"template":"","meta":{"om_disable_all_campaigns":false},"product_brand":[],"product_cat":[338],"product_tag":[],"class_list":{"0":"post-13887","1":"product","2":"type-product","3":"status-publish","4":"has-post-thumbnail","6":"product_cat-tirpinamas-betonas","8":"first","9":"instock","10":"taxable","11":"shipping-taxable","12":"purchasable","13":"product-type-simple"},"yoast_head":"<!-- This site is optimized with the Yoast SEO plugin v25.9 - https:\/\/yoast.com\/wordpress\/plugins\/seo\/ -->\n<title>BETOFF-BIO - 20L - Biologi\u0161kai skaidus skystis betonui tirpinti. Ploni ir \u0161vie\u017ei ne\u0161varumai - BETOFF- Produktai betono pasauliui ir ne tik!<\/title>\n<meta name=\"description\" content=\"Biologi\u0161kai skaidus skystis, skirtas i\u0161d\u017ei\u016bvusio cemento ir betono valymui i\u0161 statybini\u0173 ma\u0161in\u0173 ir \u012franki\u0173, taip pat nuo lang\u0173 ir kit\u0173 betonu u\u017eter\u0161tos vietos.\" \/>\n<meta name=\"robots\" content=\"index, follow, max-snippet:-1, max-image-preview:large, max-video-preview:-1\" \/>\n<link rel=\"canonical\" href=\"https:\/\/betoff.eu\/lt\/produkt\/betoff-bio-20l-biologiskai-skaidus-skystis-betonui-tirpinti-ploni-ir-sviezi-nesvarumai\/\" \/>\n<meta property=\"og:locale\" content=\"lt_LT\" \/>\n<meta property=\"og:type\" content=\"article\" \/>\n<meta property=\"og:title\" content=\"BETOFF-BIO - 20L - Biologi\u0161kai skaidus skystis betonui tirpinti. Ploni ir \u0161vie\u017ei ne\u0161varumai - BETOFF- Produktai betono pasauliui ir ne tik!\" \/>\n<meta property=\"og:description\" content=\"Biologi\u0161kai skaidus skystis, skirtas i\u0161d\u017ei\u016bvusio cemento ir betono valymui i\u0161 statybini\u0173 ma\u0161in\u0173 ir \u012franki\u0173, taip pat nuo lang\u0173 ir kit\u0173 betonu u\u017eter\u0161tos vietos.\" \/>\n<meta property=\"og:url\" content=\"https:\/\/betoff.eu\/lt\/produkt\/betoff-bio-20l-biologiskai-skaidus-skystis-betonui-tirpinti-ploni-ir-sviezi-nesvarumai\/\" \/>\n<meta property=\"og:site_name\" content=\"BETOFF- Produktai betono pasauliui ir ne tik!\" \/>\n<meta property=\"article:modified_time\" content=\"2024-06-20T11:04:13+00:00\" \/>\n<meta property=\"og:image\" content=\"https:\/\/betoff.eu\/wp-content\/uploads\/2021\/02\/Betoff-Bio-20-L-neu-ety1-2.png\" \/>\n\t<meta property=\"og:image:width\" content=\"1597\" \/>\n\t<meta property=\"og:image:height\" content=\"2171\" \/>\n\t<meta property=\"og:image:type\" content=\"image\/png\" \/>\n<meta name=\"twitter:card\" content=\"summary_large_image\" \/>\n<meta name=\"twitter:label1\" content=\"Est. reading time\" \/>\n\t<meta name=\"twitter:data1\" content=\"1 minut\u0117\" \/>\n<script type=\"application\/ld+json\" class=\"yoast-schema-graph\">{\"@context\":\"https:\/\/schema.org\",\"@graph\":[{\"@type\":\"WebPage\",\"@id\":\"https:\/\/betoff.eu\/lt\/produkt\/betoff-bio-20l-biologiskai-skaidus-skystis-betonui-tirpinti-ploni-ir-sviezi-nesvarumai\/\",\"url\":\"https:\/\/betoff.eu\/lt\/produkt\/betoff-bio-20l-biologiskai-skaidus-skystis-betonui-tirpinti-ploni-ir-sviezi-nesvarumai\/\",\"name\":\"BETOFF-BIO - 20L - Biologi\u0161kai skaidus skystis betonui tirpinti. Ploni ir \u0161vie\u017ei ne\u0161varumai - BETOFF- Produktai betono pasauliui ir ne tik!\",\"isPartOf\":{\"@id\":\"https:\/\/betoff.eu\/#website\"},\"primaryImageOfPage\":{\"@id\":\"https:\/\/betoff.eu\/lt\/produkt\/betoff-bio-20l-biologiskai-skaidus-skystis-betonui-tirpinti-ploni-ir-sviezi-nesvarumai\/#primaryimage\"},\"image\":{\"@id\":\"https:\/\/betoff.eu\/lt\/produkt\/betoff-bio-20l-biologiskai-skaidus-skystis-betonui-tirpinti-ploni-ir-sviezi-nesvarumai\/#primaryimage\"},\"thumbnailUrl\":\"https:\/\/betoff.eu\/wp-content\/uploads\/2021\/02\/Betoff-Bio-20-L-neu-ety1-2.png\",\"datePublished\":\"2024-06-20T10:05:11+00:00\",\"dateModified\":\"2024-06-20T11:04:13+00:00\",\"description\":\"Biologi\u0161kai skaidus skystis, skirtas i\u0161d\u017ei\u016bvusio cemento ir betono valymui i\u0161 statybini\u0173 ma\u0161in\u0173 ir \u012franki\u0173, taip pat nuo lang\u0173 ir kit\u0173 betonu u\u017eter\u0161tos vietos.\",\"breadcrumb\":{\"@id\":\"https:\/\/betoff.eu\/lt\/produkt\/betoff-bio-20l-biologiskai-skaidus-skystis-betonui-tirpinti-ploni-ir-sviezi-nesvarumai\/#breadcrumb\"},\"inLanguage\":\"lt-LT\",\"potentialAction\":[{\"@type\":\"ReadAction\",\"target\":[\"https:\/\/betoff.eu\/lt\/produkt\/betoff-bio-20l-biologiskai-skaidus-skystis-betonui-tirpinti-ploni-ir-sviezi-nesvarumai\/\"]}]},{\"@type\":\"ImageObject\",\"inLanguage\":\"lt-LT\",\"@id\":\"https:\/\/betoff.eu\/lt\/produkt\/betoff-bio-20l-biologiskai-skaidus-skystis-betonui-tirpinti-ploni-ir-sviezi-nesvarumai\/#primaryimage\",\"url\":\"https:\/\/betoff.eu\/wp-content\/uploads\/2021\/02\/Betoff-Bio-20-L-neu-ety1-2.png\",\"contentUrl\":\"https:\/\/betoff.eu\/wp-content\/uploads\/2021\/02\/Betoff-Bio-20-L-neu-ety1-2.png\",\"width\":1597,\"height\":2171,\"caption\":\"Skystis i\u0161d\u017ei\u016bvusiam betonui pa\u0161alinti\"},{\"@type\":\"BreadcrumbList\",\"@id\":\"https:\/\/betoff.eu\/lt\/produkt\/betoff-bio-20l-biologiskai-skaidus-skystis-betonui-tirpinti-ploni-ir-sviezi-nesvarumai\/#breadcrumb\",\"itemListElement\":[{\"@type\":\"ListItem\",\"position\":1,\"name\":\"Hem\",\"item\":\"https:\/\/betoff.eu\/lt\/\"},{\"@type\":\"ListItem\",\"position\":2,\"name\":\"Shop\",\"item\":\"https:\/\/betoff.eu\/sklep-2\/\"},{\"@type\":\"ListItem\",\"position\":3,\"name\":\"BETOFF-BIO &#8211; 20L &#8211; Biologi\u0161kai skaidus skystis betonui tirpinti. Ploni ir \u0161vie\u017ei ne\u0161varumai\"}]},{\"@type\":\"WebSite\",\"@id\":\"https:\/\/betoff.eu\/#website\",\"url\":\"https:\/\/betoff.eu\/\",\"name\":\"BETOFF-Products for the world of concrete and beyond!\",\"description\":\"Betoff - Betono \u0161alinimo skystis\",\"publisher\":{\"@id\":\"https:\/\/betoff.eu\/#\/schema\/person\/cded67f1acad0c68af8dcc171137512c\"},\"potentialAction\":[{\"@type\":\"SearchAction\",\"target\":{\"@type\":\"EntryPoint\",\"urlTemplate\":\"https:\/\/betoff.eu\/?s={search_term_string}\"},\"query-input\":{\"@type\":\"PropertyValueSpecification\",\"valueRequired\":true,\"valueName\":\"search_term_string\"}}],\"inLanguage\":\"lt-LT\"},{\"@type\":[\"Person\",\"Organization\"],\"@id\":\"https:\/\/betoff.eu\/#\/schema\/person\/cded67f1acad0c68af8dcc171137512c\",\"name\":\"admin\",\"image\":{\"@type\":\"ImageObject\",\"inLanguage\":\"lt-LT\",\"@id\":\"https:\/\/betoff.eu\/#\/schema\/person\/image\/\",\"url\":\"https:\/\/betoff.eu\/wp-content\/uploads\/2021\/02\/betoff-logo.png\",\"contentUrl\":\"https:\/\/betoff.eu\/wp-content\/uploads\/2021\/02\/betoff-logo.png\",\"width\":1024,\"height\":258,\"caption\":\"admin\"},\"logo\":{\"@id\":\"https:\/\/betoff.eu\/#\/schema\/person\/image\/\"}}]}<\/script>\n<!-- \/ Yoast SEO plugin. -->","yoast_head_json":{"title":"BETOFF-BIO - 20L - Biologi\u0161kai skaidus skystis betonui tirpinti. Ploni ir \u0161vie\u017ei ne\u0161varumai - BETOFF- Produktai betono pasauliui ir ne tik!","description":"Biologi\u0161kai skaidus skystis, skirtas i\u0161d\u017ei\u016bvusio cemento ir betono valymui i\u0161 statybini\u0173 ma\u0161in\u0173 ir \u012franki\u0173, taip pat nuo lang\u0173 ir kit\u0173 betonu u\u017eter\u0161tos vietos.","robots":{"index":"index","follow":"follow","max-snippet":"max-snippet:-1","max-image-preview":"max-image-preview:large","max-video-preview":"max-video-preview:-1"},"canonical":"https:\/\/betoff.eu\/lt\/produkt\/betoff-bio-20l-biologiskai-skaidus-skystis-betonui-tirpinti-ploni-ir-sviezi-nesvarumai\/","og_locale":"lt_LT","og_type":"article","og_title":"BETOFF-BIO - 20L - Biologi\u0161kai skaidus skystis betonui tirpinti. Ploni ir \u0161vie\u017ei ne\u0161varumai - BETOFF- Produktai betono pasauliui ir ne tik!","og_description":"Biologi\u0161kai skaidus skystis, skirtas i\u0161d\u017ei\u016bvusio cemento ir betono valymui i\u0161 statybini\u0173 ma\u0161in\u0173 ir \u012franki\u0173, taip pat nuo lang\u0173 ir kit\u0173 betonu u\u017eter\u0161tos vietos.","og_url":"https:\/\/betoff.eu\/lt\/produkt\/betoff-bio-20l-biologiskai-skaidus-skystis-betonui-tirpinti-ploni-ir-sviezi-nesvarumai\/","og_site_name":"BETOFF- Produktai betono pasauliui ir ne tik!","article_modified_time":"2024-06-20T11:04:13+00:00","og_image":[{"width":1597,"height":2171,"url":"https:\/\/betoff.eu\/wp-content\/uploads\/2021\/02\/Betoff-Bio-20-L-neu-ety1-2.png","type":"image\/png"}],"twitter_card":"summary_large_image","twitter_misc":{"Est. reading time":"1 minut\u0117"},"schema":{"@context":"https:\/\/schema.org","@graph":[{"@type":"WebPage","@id":"https:\/\/betoff.eu\/lt\/produkt\/betoff-bio-20l-biologiskai-skaidus-skystis-betonui-tirpinti-ploni-ir-sviezi-nesvarumai\/","url":"https:\/\/betoff.eu\/lt\/produkt\/betoff-bio-20l-biologiskai-skaidus-skystis-betonui-tirpinti-ploni-ir-sviezi-nesvarumai\/","name":"BETOFF-BIO - 20L - Biologi\u0161kai skaidus skystis betonui tirpinti. Ploni ir \u0161vie\u017ei ne\u0161varumai - BETOFF- Produktai betono pasauliui ir ne tik!","isPartOf":{"@id":"https:\/\/betoff.eu\/#website"},"primaryImageOfPage":{"@id":"https:\/\/betoff.eu\/lt\/produkt\/betoff-bio-20l-biologiskai-skaidus-skystis-betonui-tirpinti-ploni-ir-sviezi-nesvarumai\/#primaryimage"},"image":{"@id":"https:\/\/betoff.eu\/lt\/produkt\/betoff-bio-20l-biologiskai-skaidus-skystis-betonui-tirpinti-ploni-ir-sviezi-nesvarumai\/#primaryimage"},"thumbnailUrl":"https:\/\/betoff.eu\/wp-content\/uploads\/2021\/02\/Betoff-Bio-20-L-neu-ety1-2.png","datePublished":"2024-06-20T10:05:11+00:00","dateModified":"2024-06-20T11:04:13+00:00","description":"Biologi\u0161kai skaidus skystis, skirtas i\u0161d\u017ei\u016bvusio cemento ir betono valymui i\u0161 statybini\u0173 ma\u0161in\u0173 ir \u012franki\u0173, taip pat nuo lang\u0173 ir kit\u0173 betonu u\u017eter\u0161tos vietos.","breadcrumb":{"@id":"https:\/\/betoff.eu\/lt\/produkt\/betoff-bio-20l-biologiskai-skaidus-skystis-betonui-tirpinti-ploni-ir-sviezi-nesvarumai\/#breadcrumb"},"inLanguage":"lt-LT","potentialAction":[{"@type":"ReadAction","target":["https:\/\/betoff.eu\/lt\/produkt\/betoff-bio-20l-biologiskai-skaidus-skystis-betonui-tirpinti-ploni-ir-sviezi-nesvarumai\/"]}]},{"@type":"ImageObject","inLanguage":"lt-LT","@id":"https:\/\/betoff.eu\/lt\/produkt\/betoff-bio-20l-biologiskai-skaidus-skystis-betonui-tirpinti-ploni-ir-sviezi-nesvarumai\/#primaryimage","url":"https:\/\/betoff.eu\/wp-content\/uploads\/2021\/02\/Betoff-Bio-20-L-neu-ety1-2.png","contentUrl":"https:\/\/betoff.eu\/wp-content\/uploads\/2021\/02\/Betoff-Bio-20-L-neu-ety1-2.png","width":1597,"height":2171,"caption":"Skystis i\u0161d\u017ei\u016bvusiam betonui pa\u0161alinti"},{"@type":"BreadcrumbList","@id":"https:\/\/betoff.eu\/lt\/produkt\/betoff-bio-20l-biologiskai-skaidus-skystis-betonui-tirpinti-ploni-ir-sviezi-nesvarumai\/#breadcrumb","itemListElement":[{"@type":"ListItem","position":1,"name":"Hem","item":"https:\/\/betoff.eu\/lt\/"},{"@type":"ListItem","position":2,"name":"Shop","item":"https:\/\/betoff.eu\/sklep-2\/"},{"@type":"ListItem","position":3,"name":"BETOFF-BIO &#8211; 20L &#8211; Biologi\u0161kai skaidus skystis betonui tirpinti. Ploni ir \u0161vie\u017ei ne\u0161varumai"}]},{"@type":"WebSite","@id":"https:\/\/betoff.eu\/#website","url":"https:\/\/betoff.eu\/","name":"BETOFF-Products for the world of concrete and beyond!","description":"Betoff - Betono \u0161alinimo skystis","publisher":{"@id":"https:\/\/betoff.eu\/#\/schema\/person\/cded67f1acad0c68af8dcc171137512c"},"potentialAction":[{"@type":"SearchAction","target":{"@type":"EntryPoint","urlTemplate":"https:\/\/betoff.eu\/?s={search_term_string}"},"query-input":{"@type":"PropertyValueSpecification","valueRequired":true,"valueName":"search_term_string"}}],"inLanguage":"lt-LT"},{"@type":["Person","Organization"],"@id":"https:\/\/betoff.eu\/#\/schema\/person\/cded67f1acad0c68af8dcc171137512c","name":"admin","image":{"@type":"ImageObject","inLanguage":"lt-LT","@id":"https:\/\/betoff.eu\/#\/schema\/person\/image\/","url":"https:\/\/betoff.eu\/wp-content\/uploads\/2021\/02\/betoff-logo.png","contentUrl":"https:\/\/betoff.eu\/wp-content\/uploads\/2021\/02\/betoff-logo.png","width":1024,"height":258,"caption":"admin"},"logo":{"@id":"https:\/\/betoff.eu\/#\/schema\/person\/image\/"}}]}},"_links":{"self":[{"href":"https:\/\/betoff.eu\/lt\/wp-json\/wp\/v2\/product\/13887","targetHints":{"allow":["GET"]}}],"collection":[{"href":"https:\/\/betoff.eu\/lt\/wp-json\/wp\/v2\/product"}],"about":[{"href":"https:\/\/betoff.eu\/lt\/wp-json\/wp\/v2\/types\/product"}],"wp:featuredmedia":[{"embeddable":true,"href":"https:\/\/betoff.eu\/lt\/wp-json\/wp\/v2\/media\/352"}],"wp:attachment":[{"href":"https:\/\/betoff.eu\/lt\/wp-json\/wp\/v2\/media?parent=13887"}],"wp:term":[{"taxonomy":"product_brand","embeddable":true,"href":"https:\/\/betoff.eu\/lt\/wp-json\/wp\/v2\/product_brand?post=13887"},{"taxonomy":"product_cat","embeddable":true,"href":"https:\/\/betoff.eu\/lt\/wp-json\/wp\/v2\/product_cat?post=13887"},{"taxonomy":"product_tag","embeddable":true,"href":"https:\/\/betoff.eu\/lt\/wp-json\/wp\/v2\/product_tag?post=13887"}],"curies":[{"name":"wp","href":"https:\/\/api.w.org\/{rel}","templated":true}]}}