{"id":13883,"date":"2024-06-20T11:52:27","date_gmt":"2024-06-20T09:52:27","guid":{"rendered":"https:\/\/betoff.eu\/?post_type=product&#038;p=13883"},"modified":"2024-06-20T11:52:59","modified_gmt":"2024-06-20T09:52:59","slug":"betoff-bio-1l-biologiskai-skaidus-skystis-betonui-tirpinti-ploni-ir-sviezi-nesvarumai","status":"publish","type":"product","link":"https:\/\/betoff.eu\/lt\/produkt\/betoff-bio-1l-biologiskai-skaidus-skystis-betonui-tirpinti-ploni-ir-sviezi-nesvarumai\/","title":{"rendered":"BETOFF-BIO &#8211; 1L &#8211; Biologi\u0161kai skaidus skystis betonui tirpinti. Ploni ir \u0161vie\u017ei ne\u0161varumai"},"content":{"rendered":"<p><strong>Betoff-BIO: Biodegraduojantis betono tirpiklis saugus lakui, da\u017eams ir plastikui<\/strong><br \/>\nBetoff-BIO yra specialus biodegraduojantis betono tirpiklis, kuris puikiai tinka \u0161velniems ir \u0161vie\u017eiems betono d\u0117m\u0117ms \u0161alinti. \u0160is tirpiklis taip pat saugus lakui, da\u017eams ir plastikui. Be to, jis idealiai tinka mle\u010dio cemento ir vandens akmen\u0173 \u0161alinimui.<\/p>\n<p><strong>Pagrindin\u0117s savyb\u0117s:<\/strong><\/p>\n<ul>\n<li><strong>Biodegradacija<\/strong>: Betoff-BIO yra draugi\u0161kas aplinkai ir greitai suskaido nat\u016braliose s\u0105lygose.<\/li>\n<li><strong>Saugumas<\/strong>: Jis neturi neigiamo poveikio lakui, da\u017eams, plastikui ir kitoms pavir\u0161i\u0173 med\u017eiagoms.<\/li>\n<li><strong>Efektyvumas<\/strong>: Betoff-BIO veiksmingai tirpina cienkas ir \u0161vie\u017eias betono d\u0117mes.<\/li>\n<\/ul>\n","protected":false},"excerpt":{"rendered":"<p>Betoff-BIO: Biodegraduojantis betono tirpiklis saugus lakui, da\u017eams ir plastikui Betoff-BIO yra specialus biodegraduojantis betono tirpiklis, kuris puikiai tinka \u0161velniems ir \u0161vie\u017eiems betono d\u0117m\u0117ms \u0161alinti. \u0160is tirpiklis taip pat saugus lakui, da\u017eams ir plastikui. Be to, jis idealiai tinka mle\u010dio cemento ir vandens akmen\u0173 \u0161alinimui. Pagrindin\u0117s savyb\u0117s: Biodegradacija: Betoff-BIO yra draugi\u0161kas aplinkai ir greitai suskaido nat\u016braliose [&#8230;]\n","protected":false},"featured_media":350,"template":"","meta":{"om_disable_all_campaigns":false},"product_brand":[],"product_cat":[338],"product_tag":[],"class_list":{"0":"post-13883","1":"product","2":"type-product","3":"status-publish","4":"has-post-thumbnail","6":"product_cat-tirpinamas-betonas","8":"first","9":"instock","10":"taxable","11":"shipping-taxable","12":"purchasable","13":"product-type-simple"},"yoast_head":"<!-- This site is optimized with the Yoast SEO plugin v25.9 - https:\/\/yoast.com\/wordpress\/plugins\/seo\/ -->\n<title>BETOFF-BIO - 1L - Biologi\u0161kai skaidus skystis betonui tirpinti. Ploni ir \u0161vie\u017ei ne\u0161varumai - BETOFF- Produktai betono pasauliui ir ne tik!<\/title>\n<meta name=\"description\" content=\"Betoff-BIO yra inovatyvus ir veiksmingas betono tirpiklis, kuris leid\u017eia greitai ir efektyviai pa\u0161alinti i\u0161d\u017ei\u016bvus\u012f beton\u0105 i\u0161 \u012fvairi\u0173 pavir\u0161i\u0173. Tai biodegraduojantis produktas, kuris puikiai tinka valyti stikl\u0105, metal\u0105, plastik\u0105 ir kitus pavir\u0161ius. Pa\u017evelkite, kaip Betoff-BIO padeda i\u0161saugoti aplink\u0105 ir palengvina kasdien\u012f gyvenim\u0105!\" \/>\n<meta name=\"robots\" content=\"index, follow, max-snippet:-1, max-image-preview:large, max-video-preview:-1\" \/>\n<link rel=\"canonical\" href=\"https:\/\/betoff.eu\/lt\/produkt\/betoff-bio-1l-biologiskai-skaidus-skystis-betonui-tirpinti-ploni-ir-sviezi-nesvarumai\/\" \/>\n<meta property=\"og:locale\" content=\"lt_LT\" \/>\n<meta property=\"og:type\" content=\"article\" \/>\n<meta property=\"og:title\" content=\"BETOFF-BIO - 1L - Biologi\u0161kai skaidus skystis betonui tirpinti. Ploni ir \u0161vie\u017ei ne\u0161varumai - BETOFF- Produktai betono pasauliui ir ne tik!\" \/>\n<meta property=\"og:description\" content=\"Betoff-BIO yra inovatyvus ir veiksmingas betono tirpiklis, kuris leid\u017eia greitai ir efektyviai pa\u0161alinti i\u0161d\u017ei\u016bvus\u012f beton\u0105 i\u0161 \u012fvairi\u0173 pavir\u0161i\u0173. Tai biodegraduojantis produktas, kuris puikiai tinka valyti stikl\u0105, metal\u0105, plastik\u0105 ir kitus pavir\u0161ius. Pa\u017evelkite, kaip Betoff-BIO padeda i\u0161saugoti aplink\u0105 ir palengvina kasdien\u012f gyvenim\u0105!\" \/>\n<meta property=\"og:url\" content=\"https:\/\/betoff.eu\/lt\/produkt\/betoff-bio-1l-biologiskai-skaidus-skystis-betonui-tirpinti-ploni-ir-sviezi-nesvarumai\/\" \/>\n<meta property=\"og:site_name\" content=\"BETOFF- Produktai betono pasauliui ir ne tik!\" \/>\n<meta property=\"article:modified_time\" content=\"2024-06-20T09:52:59+00:00\" \/>\n<meta property=\"og:image\" content=\"https:\/\/betoff.eu\/wp-content\/uploads\/2021\/02\/betoff-bio-neu-ety-2.png\" \/>\n\t<meta property=\"og:image:width\" content=\"1597\" \/>\n\t<meta property=\"og:image:height\" content=\"2171\" \/>\n\t<meta property=\"og:image:type\" content=\"image\/png\" \/>\n<meta name=\"twitter:card\" content=\"summary_large_image\" \/>\n<meta name=\"twitter:label1\" content=\"Est. reading time\" \/>\n\t<meta name=\"twitter:data1\" content=\"1 minut\u0117\" \/>\n<script type=\"application\/ld+json\" class=\"yoast-schema-graph\">{\"@context\":\"https:\/\/schema.org\",\"@graph\":[{\"@type\":\"WebPage\",\"@id\":\"https:\/\/betoff.eu\/lt\/produkt\/betoff-bio-1l-biologiskai-skaidus-skystis-betonui-tirpinti-ploni-ir-sviezi-nesvarumai\/\",\"url\":\"https:\/\/betoff.eu\/lt\/produkt\/betoff-bio-1l-biologiskai-skaidus-skystis-betonui-tirpinti-ploni-ir-sviezi-nesvarumai\/\",\"name\":\"BETOFF-BIO - 1L - Biologi\u0161kai skaidus skystis betonui tirpinti. Ploni ir \u0161vie\u017ei ne\u0161varumai - BETOFF- Produktai betono pasauliui ir ne tik!\",\"isPartOf\":{\"@id\":\"https:\/\/betoff.eu\/#website\"},\"primaryImageOfPage\":{\"@id\":\"https:\/\/betoff.eu\/lt\/produkt\/betoff-bio-1l-biologiskai-skaidus-skystis-betonui-tirpinti-ploni-ir-sviezi-nesvarumai\/#primaryimage\"},\"image\":{\"@id\":\"https:\/\/betoff.eu\/lt\/produkt\/betoff-bio-1l-biologiskai-skaidus-skystis-betonui-tirpinti-ploni-ir-sviezi-nesvarumai\/#primaryimage\"},\"thumbnailUrl\":\"https:\/\/betoff.eu\/wp-content\/uploads\/2021\/02\/betoff-bio-neu-ety-2.png\",\"datePublished\":\"2024-06-20T09:52:27+00:00\",\"dateModified\":\"2024-06-20T09:52:59+00:00\",\"description\":\"Betoff-BIO yra inovatyvus ir veiksmingas betono tirpiklis, kuris leid\u017eia greitai ir efektyviai pa\u0161alinti i\u0161d\u017ei\u016bvus\u012f beton\u0105 i\u0161 \u012fvairi\u0173 pavir\u0161i\u0173. Tai biodegraduojantis produktas, kuris puikiai tinka valyti stikl\u0105, metal\u0105, plastik\u0105 ir kitus pavir\u0161ius. Pa\u017evelkite, kaip Betoff-BIO padeda i\u0161saugoti aplink\u0105 ir palengvina kasdien\u012f gyvenim\u0105!\",\"breadcrumb\":{\"@id\":\"https:\/\/betoff.eu\/lt\/produkt\/betoff-bio-1l-biologiskai-skaidus-skystis-betonui-tirpinti-ploni-ir-sviezi-nesvarumai\/#breadcrumb\"},\"inLanguage\":\"lt-LT\",\"potentialAction\":[{\"@type\":\"ReadAction\",\"target\":[\"https:\/\/betoff.eu\/lt\/produkt\/betoff-bio-1l-biologiskai-skaidus-skystis-betonui-tirpinti-ploni-ir-sviezi-nesvarumai\/\"]}]},{\"@type\":\"ImageObject\",\"inLanguage\":\"lt-LT\",\"@id\":\"https:\/\/betoff.eu\/lt\/produkt\/betoff-bio-1l-biologiskai-skaidus-skystis-betonui-tirpinti-ploni-ir-sviezi-nesvarumai\/#primaryimage\",\"url\":\"https:\/\/betoff.eu\/wp-content\/uploads\/2021\/02\/betoff-bio-neu-ety-2.png\",\"contentUrl\":\"https:\/\/betoff.eu\/wp-content\/uploads\/2021\/02\/betoff-bio-neu-ety-2.png\",\"width\":1597,\"height\":2171,\"caption\":\"Biologi\u0161kai skaidus skystis betonui tirpinti\"},{\"@type\":\"BreadcrumbList\",\"@id\":\"https:\/\/betoff.eu\/lt\/produkt\/betoff-bio-1l-biologiskai-skaidus-skystis-betonui-tirpinti-ploni-ir-sviezi-nesvarumai\/#breadcrumb\",\"itemListElement\":[{\"@type\":\"ListItem\",\"position\":1,\"name\":\"Hem\",\"item\":\"https:\/\/betoff.eu\/lt\/\"},{\"@type\":\"ListItem\",\"position\":2,\"name\":\"Shop\",\"item\":\"https:\/\/betoff.eu\/sklep-2\/\"},{\"@type\":\"ListItem\",\"position\":3,\"name\":\"BETOFF-BIO &#8211; 1L &#8211; Biologi\u0161kai skaidus skystis betonui tirpinti. Ploni ir \u0161vie\u017ei ne\u0161varumai\"}]},{\"@type\":\"WebSite\",\"@id\":\"https:\/\/betoff.eu\/#website\",\"url\":\"https:\/\/betoff.eu\/\",\"name\":\"BETOFF-Products for the world of concrete and beyond!\",\"description\":\"Betoff - Betono \u0161alinimo skystis\",\"publisher\":{\"@id\":\"https:\/\/betoff.eu\/#\/schema\/person\/cded67f1acad0c68af8dcc171137512c\"},\"potentialAction\":[{\"@type\":\"SearchAction\",\"target\":{\"@type\":\"EntryPoint\",\"urlTemplate\":\"https:\/\/betoff.eu\/?s={search_term_string}\"},\"query-input\":{\"@type\":\"PropertyValueSpecification\",\"valueRequired\":true,\"valueName\":\"search_term_string\"}}],\"inLanguage\":\"lt-LT\"},{\"@type\":[\"Person\",\"Organization\"],\"@id\":\"https:\/\/betoff.eu\/#\/schema\/person\/cded67f1acad0c68af8dcc171137512c\",\"name\":\"admin\",\"image\":{\"@type\":\"ImageObject\",\"inLanguage\":\"lt-LT\",\"@id\":\"https:\/\/betoff.eu\/#\/schema\/person\/image\/\",\"url\":\"https:\/\/betoff.eu\/wp-content\/uploads\/2021\/02\/betoff-logo.png\",\"contentUrl\":\"https:\/\/betoff.eu\/wp-content\/uploads\/2021\/02\/betoff-logo.png\",\"width\":1024,\"height\":258,\"caption\":\"admin\"},\"logo\":{\"@id\":\"https:\/\/betoff.eu\/#\/schema\/person\/image\/\"}}]}<\/script>\n<!-- \/ Yoast SEO plugin. -->","yoast_head_json":{"title":"BETOFF-BIO - 1L - Biologi\u0161kai skaidus skystis betonui tirpinti. Ploni ir \u0161vie\u017ei ne\u0161varumai - BETOFF- Produktai betono pasauliui ir ne tik!","description":"Betoff-BIO yra inovatyvus ir veiksmingas betono tirpiklis, kuris leid\u017eia greitai ir efektyviai pa\u0161alinti i\u0161d\u017ei\u016bvus\u012f beton\u0105 i\u0161 \u012fvairi\u0173 pavir\u0161i\u0173. Tai biodegraduojantis produktas, kuris puikiai tinka valyti stikl\u0105, metal\u0105, plastik\u0105 ir kitus pavir\u0161ius. Pa\u017evelkite, kaip Betoff-BIO padeda i\u0161saugoti aplink\u0105 ir palengvina kasdien\u012f gyvenim\u0105!","robots":{"index":"index","follow":"follow","max-snippet":"max-snippet:-1","max-image-preview":"max-image-preview:large","max-video-preview":"max-video-preview:-1"},"canonical":"https:\/\/betoff.eu\/lt\/produkt\/betoff-bio-1l-biologiskai-skaidus-skystis-betonui-tirpinti-ploni-ir-sviezi-nesvarumai\/","og_locale":"lt_LT","og_type":"article","og_title":"BETOFF-BIO - 1L - Biologi\u0161kai skaidus skystis betonui tirpinti. Ploni ir \u0161vie\u017ei ne\u0161varumai - BETOFF- Produktai betono pasauliui ir ne tik!","og_description":"Betoff-BIO yra inovatyvus ir veiksmingas betono tirpiklis, kuris leid\u017eia greitai ir efektyviai pa\u0161alinti i\u0161d\u017ei\u016bvus\u012f beton\u0105 i\u0161 \u012fvairi\u0173 pavir\u0161i\u0173. Tai biodegraduojantis produktas, kuris puikiai tinka valyti stikl\u0105, metal\u0105, plastik\u0105 ir kitus pavir\u0161ius. Pa\u017evelkite, kaip Betoff-BIO padeda i\u0161saugoti aplink\u0105 ir palengvina kasdien\u012f gyvenim\u0105!","og_url":"https:\/\/betoff.eu\/lt\/produkt\/betoff-bio-1l-biologiskai-skaidus-skystis-betonui-tirpinti-ploni-ir-sviezi-nesvarumai\/","og_site_name":"BETOFF- Produktai betono pasauliui ir ne tik!","article_modified_time":"2024-06-20T09:52:59+00:00","og_image":[{"width":1597,"height":2171,"url":"https:\/\/betoff.eu\/wp-content\/uploads\/2021\/02\/betoff-bio-neu-ety-2.png","type":"image\/png"}],"twitter_card":"summary_large_image","twitter_misc":{"Est. reading time":"1 minut\u0117"},"schema":{"@context":"https:\/\/schema.org","@graph":[{"@type":"WebPage","@id":"https:\/\/betoff.eu\/lt\/produkt\/betoff-bio-1l-biologiskai-skaidus-skystis-betonui-tirpinti-ploni-ir-sviezi-nesvarumai\/","url":"https:\/\/betoff.eu\/lt\/produkt\/betoff-bio-1l-biologiskai-skaidus-skystis-betonui-tirpinti-ploni-ir-sviezi-nesvarumai\/","name":"BETOFF-BIO - 1L - Biologi\u0161kai skaidus skystis betonui tirpinti. Ploni ir \u0161vie\u017ei ne\u0161varumai - BETOFF- Produktai betono pasauliui ir ne tik!","isPartOf":{"@id":"https:\/\/betoff.eu\/#website"},"primaryImageOfPage":{"@id":"https:\/\/betoff.eu\/lt\/produkt\/betoff-bio-1l-biologiskai-skaidus-skystis-betonui-tirpinti-ploni-ir-sviezi-nesvarumai\/#primaryimage"},"image":{"@id":"https:\/\/betoff.eu\/lt\/produkt\/betoff-bio-1l-biologiskai-skaidus-skystis-betonui-tirpinti-ploni-ir-sviezi-nesvarumai\/#primaryimage"},"thumbnailUrl":"https:\/\/betoff.eu\/wp-content\/uploads\/2021\/02\/betoff-bio-neu-ety-2.png","datePublished":"2024-06-20T09:52:27+00:00","dateModified":"2024-06-20T09:52:59+00:00","description":"Betoff-BIO yra inovatyvus ir veiksmingas betono tirpiklis, kuris leid\u017eia greitai ir efektyviai pa\u0161alinti i\u0161d\u017ei\u016bvus\u012f beton\u0105 i\u0161 \u012fvairi\u0173 pavir\u0161i\u0173. Tai biodegraduojantis produktas, kuris puikiai tinka valyti stikl\u0105, metal\u0105, plastik\u0105 ir kitus pavir\u0161ius. Pa\u017evelkite, kaip Betoff-BIO padeda i\u0161saugoti aplink\u0105 ir palengvina kasdien\u012f gyvenim\u0105!","breadcrumb":{"@id":"https:\/\/betoff.eu\/lt\/produkt\/betoff-bio-1l-biologiskai-skaidus-skystis-betonui-tirpinti-ploni-ir-sviezi-nesvarumai\/#breadcrumb"},"inLanguage":"lt-LT","potentialAction":[{"@type":"ReadAction","target":["https:\/\/betoff.eu\/lt\/produkt\/betoff-bio-1l-biologiskai-skaidus-skystis-betonui-tirpinti-ploni-ir-sviezi-nesvarumai\/"]}]},{"@type":"ImageObject","inLanguage":"lt-LT","@id":"https:\/\/betoff.eu\/lt\/produkt\/betoff-bio-1l-biologiskai-skaidus-skystis-betonui-tirpinti-ploni-ir-sviezi-nesvarumai\/#primaryimage","url":"https:\/\/betoff.eu\/wp-content\/uploads\/2021\/02\/betoff-bio-neu-ety-2.png","contentUrl":"https:\/\/betoff.eu\/wp-content\/uploads\/2021\/02\/betoff-bio-neu-ety-2.png","width":1597,"height":2171,"caption":"Biologi\u0161kai skaidus skystis betonui tirpinti"},{"@type":"BreadcrumbList","@id":"https:\/\/betoff.eu\/lt\/produkt\/betoff-bio-1l-biologiskai-skaidus-skystis-betonui-tirpinti-ploni-ir-sviezi-nesvarumai\/#breadcrumb","itemListElement":[{"@type":"ListItem","position":1,"name":"Hem","item":"https:\/\/betoff.eu\/lt\/"},{"@type":"ListItem","position":2,"name":"Shop","item":"https:\/\/betoff.eu\/sklep-2\/"},{"@type":"ListItem","position":3,"name":"BETOFF-BIO &#8211; 1L &#8211; Biologi\u0161kai skaidus skystis betonui tirpinti. Ploni ir \u0161vie\u017ei ne\u0161varumai"}]},{"@type":"WebSite","@id":"https:\/\/betoff.eu\/#website","url":"https:\/\/betoff.eu\/","name":"BETOFF-Products for the world of concrete and beyond!","description":"Betoff - Betono \u0161alinimo skystis","publisher":{"@id":"https:\/\/betoff.eu\/#\/schema\/person\/cded67f1acad0c68af8dcc171137512c"},"potentialAction":[{"@type":"SearchAction","target":{"@type":"EntryPoint","urlTemplate":"https:\/\/betoff.eu\/?s={search_term_string}"},"query-input":{"@type":"PropertyValueSpecification","valueRequired":true,"valueName":"search_term_string"}}],"inLanguage":"lt-LT"},{"@type":["Person","Organization"],"@id":"https:\/\/betoff.eu\/#\/schema\/person\/cded67f1acad0c68af8dcc171137512c","name":"admin","image":{"@type":"ImageObject","inLanguage":"lt-LT","@id":"https:\/\/betoff.eu\/#\/schema\/person\/image\/","url":"https:\/\/betoff.eu\/wp-content\/uploads\/2021\/02\/betoff-logo.png","contentUrl":"https:\/\/betoff.eu\/wp-content\/uploads\/2021\/02\/betoff-logo.png","width":1024,"height":258,"caption":"admin"},"logo":{"@id":"https:\/\/betoff.eu\/#\/schema\/person\/image\/"}}]}},"_links":{"self":[{"href":"https:\/\/betoff.eu\/lt\/wp-json\/wp\/v2\/product\/13883","targetHints":{"allow":["GET"]}}],"collection":[{"href":"https:\/\/betoff.eu\/lt\/wp-json\/wp\/v2\/product"}],"about":[{"href":"https:\/\/betoff.eu\/lt\/wp-json\/wp\/v2\/types\/product"}],"wp:featuredmedia":[{"embeddable":true,"href":"https:\/\/betoff.eu\/lt\/wp-json\/wp\/v2\/media\/350"}],"wp:attachment":[{"href":"https:\/\/betoff.eu\/lt\/wp-json\/wp\/v2\/media?parent=13883"}],"wp:term":[{"taxonomy":"product_brand","embeddable":true,"href":"https:\/\/betoff.eu\/lt\/wp-json\/wp\/v2\/product_brand?post=13883"},{"taxonomy":"product_cat","embeddable":true,"href":"https:\/\/betoff.eu\/lt\/wp-json\/wp\/v2\/product_cat?post=13883"},{"taxonomy":"product_tag","embeddable":true,"href":"https:\/\/betoff.eu\/lt\/wp-json\/wp\/v2\/product_tag?post=13883"}],"curies":[{"name":"wp","href":"https:\/\/api.w.org\/{rel}","templated":true}]}}