{"id":13880,"date":"2024-06-20T11:39:42","date_gmt":"2024-06-20T09:39:42","guid":{"rendered":"https:\/\/betoff.eu\/?post_type=product&#038;p=13880"},"modified":"2024-06-20T11:41:13","modified_gmt":"2024-06-20T09:41:13","slug":"betoff-x-20l-skystis-betonui-tirpinti-storas-ir-senas-purvas","status":"publish","type":"product","link":"https:\/\/betoff.eu\/lt\/produkt\/betoff-x-20l-skystis-betonui-tirpinti-storas-ir-senas-purvas\/","title":{"rendered":"BETOFF-X &#8211; 20L &#8211; Praskiesta versija. Vidutinis purvas."},"content":{"rendered":"<p><strong>Betoff-X: Efektyvus betono valiklis cemento d\u0117m\u0117ms \u0161alinti<\/strong><br \/>\nBetoff-X yra specialus betono valiklis, skirtas efektyviai \u0161alinti cemento ir betono d\u0117mes i\u0161 \u012fvairi\u0173 pavir\u0161i\u0173, \u012fskaitant statybos \u012frankius, ma\u0161inas ir stikl\u0105. Nors tai yra praskied\u017eiama versija, silpnesn\u0117 nei koncentratas Betoff, jis vis tiek veikia labai efektyviai. \u0160is valiklis yra puikus pasirinkimas norint pa\u0161alinti vidutinio dyd\u017eio cemento d\u0117mes.<\/p>\n<p><strong>Pagrindin\u0117s savyb\u0117s:<\/strong><\/p>\n<ul>\n<li><strong>Efektyvumas<\/strong>: Betoff-X greitai prasiskverbia \u012f betono strukt\u016br\u0105 ir tirpina d\u0117mes nuo pavir\u0161iaus iki pagrindo.<\/li>\n<li><strong>Sutaupymas<\/strong>: Jau vienas litras Betoff-X u\u017etenka iki 10 kvadratini\u0173 metr\u0173 pavir\u0161iaus.<\/li>\n<li><strong>Saugumas<\/strong>: Betoff-X yra saugus naudoti ir neturi neigiamo poveikio aplinkai.<\/li>\n<\/ul>\n","protected":false},"excerpt":{"rendered":"<p>Betoff-X: Efektyvus betono valiklis cemento d\u0117m\u0117ms \u0161alinti Betoff-X yra specialus betono valiklis, skirtas efektyviai \u0161alinti cemento ir betono d\u0117mes i\u0161 \u012fvairi\u0173 pavir\u0161i\u0173, \u012fskaitant statybos \u012frankius, ma\u0161inas ir stikl\u0105. Nors tai yra praskied\u017eiama versija, silpnesn\u0117 nei koncentratas Betoff, jis vis tiek veikia labai efektyviai. \u0160is valiklis yra puikus pasirinkimas norint pa\u0161alinti vidutinio dyd\u017eio cemento d\u0117mes. Pagrindin\u0117s [&#8230;]\n","protected":false},"featured_media":348,"template":"","meta":{"om_disable_all_campaigns":false},"product_brand":[],"product_cat":[338],"product_tag":[],"class_list":{"0":"post-13880","1":"product","2":"type-product","3":"status-publish","4":"has-post-thumbnail","6":"product_cat-tirpinamas-betonas","8":"first","9":"instock","10":"taxable","11":"shipping-taxable","12":"purchasable","13":"product-type-simple"},"yoast_head":"<!-- This site is optimized with the Yoast SEO plugin v25.9 - https:\/\/yoast.com\/wordpress\/plugins\/seo\/ -->\n<title>BETOFF-X - 20L - Praskiesta versija. Vidutinis purvas. - BETOFF- Produktai betono pasauliui ir ne tik!<\/title>\n<meta name=\"description\" content=\"Betoff-X - efektyvus betono valiklis cemento d\u0117m\u0117ms \u0161alinti. Saugus, greitas ir patikimas b\u016bdas atsikratyti betono u\u017eter\u0161imo.\" \/>\n<meta name=\"robots\" content=\"index, follow, max-snippet:-1, max-image-preview:large, max-video-preview:-1\" \/>\n<link rel=\"canonical\" href=\"https:\/\/betoff.eu\/lt\/produkt\/betoff-x-20l-skystis-betonui-tirpinti-storas-ir-senas-purvas\/\" \/>\n<meta property=\"og:locale\" content=\"lt_LT\" \/>\n<meta property=\"og:type\" content=\"article\" \/>\n<meta property=\"og:title\" content=\"BETOFF-X - 20L - Praskiesta versija. Vidutinis purvas. - BETOFF- Produktai betono pasauliui ir ne tik!\" \/>\n<meta property=\"og:description\" content=\"Betoff-X - efektyvus betono valiklis cemento d\u0117m\u0117ms \u0161alinti. Saugus, greitas ir patikimas b\u016bdas atsikratyti betono u\u017eter\u0161imo.\" \/>\n<meta property=\"og:url\" content=\"https:\/\/betoff.eu\/lt\/produkt\/betoff-x-20l-skystis-betonui-tirpinti-storas-ir-senas-purvas\/\" \/>\n<meta property=\"og:site_name\" content=\"BETOFF- Produktai betono pasauliui ir ne tik!\" \/>\n<meta property=\"article:modified_time\" content=\"2024-06-20T09:41:13+00:00\" \/>\n<meta property=\"og:image\" content=\"https:\/\/betoff.eu\/wp-content\/uploads\/2021\/02\/Betoff-X-20-L-neu-ety1-2.png\" \/>\n\t<meta property=\"og:image:width\" content=\"1596\" \/>\n\t<meta property=\"og:image:height\" content=\"2171\" \/>\n\t<meta property=\"og:image:type\" content=\"image\/png\" \/>\n<meta name=\"twitter:card\" content=\"summary_large_image\" \/>\n<meta name=\"twitter:label1\" content=\"Est. reading time\" \/>\n\t<meta name=\"twitter:data1\" content=\"1 minut\u0117\" \/>\n<script type=\"application\/ld+json\" class=\"yoast-schema-graph\">{\"@context\":\"https:\/\/schema.org\",\"@graph\":[{\"@type\":\"WebPage\",\"@id\":\"https:\/\/betoff.eu\/lt\/produkt\/betoff-x-20l-skystis-betonui-tirpinti-storas-ir-senas-purvas\/\",\"url\":\"https:\/\/betoff.eu\/lt\/produkt\/betoff-x-20l-skystis-betonui-tirpinti-storas-ir-senas-purvas\/\",\"name\":\"BETOFF-X - 20L - Praskiesta versija. Vidutinis purvas. - BETOFF- Produktai betono pasauliui ir ne tik!\",\"isPartOf\":{\"@id\":\"https:\/\/betoff.eu\/#website\"},\"primaryImageOfPage\":{\"@id\":\"https:\/\/betoff.eu\/lt\/produkt\/betoff-x-20l-skystis-betonui-tirpinti-storas-ir-senas-purvas\/#primaryimage\"},\"image\":{\"@id\":\"https:\/\/betoff.eu\/lt\/produkt\/betoff-x-20l-skystis-betonui-tirpinti-storas-ir-senas-purvas\/#primaryimage\"},\"thumbnailUrl\":\"https:\/\/betoff.eu\/wp-content\/uploads\/2021\/02\/Betoff-X-20-L-neu-ety1-2.png\",\"datePublished\":\"2024-06-20T09:39:42+00:00\",\"dateModified\":\"2024-06-20T09:41:13+00:00\",\"description\":\"Betoff-X - efektyvus betono valiklis cemento d\u0117m\u0117ms \u0161alinti. Saugus, greitas ir patikimas b\u016bdas atsikratyti betono u\u017eter\u0161imo.\",\"breadcrumb\":{\"@id\":\"https:\/\/betoff.eu\/lt\/produkt\/betoff-x-20l-skystis-betonui-tirpinti-storas-ir-senas-purvas\/#breadcrumb\"},\"inLanguage\":\"lt-LT\",\"potentialAction\":[{\"@type\":\"ReadAction\",\"target\":[\"https:\/\/betoff.eu\/lt\/produkt\/betoff-x-20l-skystis-betonui-tirpinti-storas-ir-senas-purvas\/\"]}]},{\"@type\":\"ImageObject\",\"inLanguage\":\"lt-LT\",\"@id\":\"https:\/\/betoff.eu\/lt\/produkt\/betoff-x-20l-skystis-betonui-tirpinti-storas-ir-senas-purvas\/#primaryimage\",\"url\":\"https:\/\/betoff.eu\/wp-content\/uploads\/2021\/02\/Betoff-X-20-L-neu-ety1-2.png\",\"contentUrl\":\"https:\/\/betoff.eu\/wp-content\/uploads\/2021\/02\/Betoff-X-20-L-neu-ety1-2.png\",\"width\":1596,\"height\":2171,\"caption\":\"Skystis betonui tirpinti\"},{\"@type\":\"BreadcrumbList\",\"@id\":\"https:\/\/betoff.eu\/lt\/produkt\/betoff-x-20l-skystis-betonui-tirpinti-storas-ir-senas-purvas\/#breadcrumb\",\"itemListElement\":[{\"@type\":\"ListItem\",\"position\":1,\"name\":\"Hem\",\"item\":\"https:\/\/betoff.eu\/lt\/\"},{\"@type\":\"ListItem\",\"position\":2,\"name\":\"Shop\",\"item\":\"https:\/\/betoff.eu\/sklep-2\/\"},{\"@type\":\"ListItem\",\"position\":3,\"name\":\"BETOFF-X &#8211; 20L &#8211; Praskiesta versija. Vidutinis purvas.\"}]},{\"@type\":\"WebSite\",\"@id\":\"https:\/\/betoff.eu\/#website\",\"url\":\"https:\/\/betoff.eu\/\",\"name\":\"BETOFF-Products for the world of concrete and beyond!\",\"description\":\"Betoff - Betono \u0161alinimo skystis\",\"publisher\":{\"@id\":\"https:\/\/betoff.eu\/#\/schema\/person\/cded67f1acad0c68af8dcc171137512c\"},\"potentialAction\":[{\"@type\":\"SearchAction\",\"target\":{\"@type\":\"EntryPoint\",\"urlTemplate\":\"https:\/\/betoff.eu\/?s={search_term_string}\"},\"query-input\":{\"@type\":\"PropertyValueSpecification\",\"valueRequired\":true,\"valueName\":\"search_term_string\"}}],\"inLanguage\":\"lt-LT\"},{\"@type\":[\"Person\",\"Organization\"],\"@id\":\"https:\/\/betoff.eu\/#\/schema\/person\/cded67f1acad0c68af8dcc171137512c\",\"name\":\"admin\",\"image\":{\"@type\":\"ImageObject\",\"inLanguage\":\"lt-LT\",\"@id\":\"https:\/\/betoff.eu\/#\/schema\/person\/image\/\",\"url\":\"https:\/\/betoff.eu\/wp-content\/uploads\/2021\/02\/betoff-logo.png\",\"contentUrl\":\"https:\/\/betoff.eu\/wp-content\/uploads\/2021\/02\/betoff-logo.png\",\"width\":1024,\"height\":258,\"caption\":\"admin\"},\"logo\":{\"@id\":\"https:\/\/betoff.eu\/#\/schema\/person\/image\/\"}}]}<\/script>\n<!-- \/ Yoast SEO plugin. -->","yoast_head_json":{"title":"BETOFF-X - 20L - Praskiesta versija. Vidutinis purvas. - BETOFF- Produktai betono pasauliui ir ne tik!","description":"Betoff-X - efektyvus betono valiklis cemento d\u0117m\u0117ms \u0161alinti. Saugus, greitas ir patikimas b\u016bdas atsikratyti betono u\u017eter\u0161imo.","robots":{"index":"index","follow":"follow","max-snippet":"max-snippet:-1","max-image-preview":"max-image-preview:large","max-video-preview":"max-video-preview:-1"},"canonical":"https:\/\/betoff.eu\/lt\/produkt\/betoff-x-20l-skystis-betonui-tirpinti-storas-ir-senas-purvas\/","og_locale":"lt_LT","og_type":"article","og_title":"BETOFF-X - 20L - Praskiesta versija. Vidutinis purvas. - BETOFF- Produktai betono pasauliui ir ne tik!","og_description":"Betoff-X - efektyvus betono valiklis cemento d\u0117m\u0117ms \u0161alinti. Saugus, greitas ir patikimas b\u016bdas atsikratyti betono u\u017eter\u0161imo.","og_url":"https:\/\/betoff.eu\/lt\/produkt\/betoff-x-20l-skystis-betonui-tirpinti-storas-ir-senas-purvas\/","og_site_name":"BETOFF- Produktai betono pasauliui ir ne tik!","article_modified_time":"2024-06-20T09:41:13+00:00","og_image":[{"width":1596,"height":2171,"url":"https:\/\/betoff.eu\/wp-content\/uploads\/2021\/02\/Betoff-X-20-L-neu-ety1-2.png","type":"image\/png"}],"twitter_card":"summary_large_image","twitter_misc":{"Est. reading time":"1 minut\u0117"},"schema":{"@context":"https:\/\/schema.org","@graph":[{"@type":"WebPage","@id":"https:\/\/betoff.eu\/lt\/produkt\/betoff-x-20l-skystis-betonui-tirpinti-storas-ir-senas-purvas\/","url":"https:\/\/betoff.eu\/lt\/produkt\/betoff-x-20l-skystis-betonui-tirpinti-storas-ir-senas-purvas\/","name":"BETOFF-X - 20L - Praskiesta versija. Vidutinis purvas. - BETOFF- Produktai betono pasauliui ir ne tik!","isPartOf":{"@id":"https:\/\/betoff.eu\/#website"},"primaryImageOfPage":{"@id":"https:\/\/betoff.eu\/lt\/produkt\/betoff-x-20l-skystis-betonui-tirpinti-storas-ir-senas-purvas\/#primaryimage"},"image":{"@id":"https:\/\/betoff.eu\/lt\/produkt\/betoff-x-20l-skystis-betonui-tirpinti-storas-ir-senas-purvas\/#primaryimage"},"thumbnailUrl":"https:\/\/betoff.eu\/wp-content\/uploads\/2021\/02\/Betoff-X-20-L-neu-ety1-2.png","datePublished":"2024-06-20T09:39:42+00:00","dateModified":"2024-06-20T09:41:13+00:00","description":"Betoff-X - efektyvus betono valiklis cemento d\u0117m\u0117ms \u0161alinti. Saugus, greitas ir patikimas b\u016bdas atsikratyti betono u\u017eter\u0161imo.","breadcrumb":{"@id":"https:\/\/betoff.eu\/lt\/produkt\/betoff-x-20l-skystis-betonui-tirpinti-storas-ir-senas-purvas\/#breadcrumb"},"inLanguage":"lt-LT","potentialAction":[{"@type":"ReadAction","target":["https:\/\/betoff.eu\/lt\/produkt\/betoff-x-20l-skystis-betonui-tirpinti-storas-ir-senas-purvas\/"]}]},{"@type":"ImageObject","inLanguage":"lt-LT","@id":"https:\/\/betoff.eu\/lt\/produkt\/betoff-x-20l-skystis-betonui-tirpinti-storas-ir-senas-purvas\/#primaryimage","url":"https:\/\/betoff.eu\/wp-content\/uploads\/2021\/02\/Betoff-X-20-L-neu-ety1-2.png","contentUrl":"https:\/\/betoff.eu\/wp-content\/uploads\/2021\/02\/Betoff-X-20-L-neu-ety1-2.png","width":1596,"height":2171,"caption":"Skystis betonui tirpinti"},{"@type":"BreadcrumbList","@id":"https:\/\/betoff.eu\/lt\/produkt\/betoff-x-20l-skystis-betonui-tirpinti-storas-ir-senas-purvas\/#breadcrumb","itemListElement":[{"@type":"ListItem","position":1,"name":"Hem","item":"https:\/\/betoff.eu\/lt\/"},{"@type":"ListItem","position":2,"name":"Shop","item":"https:\/\/betoff.eu\/sklep-2\/"},{"@type":"ListItem","position":3,"name":"BETOFF-X &#8211; 20L &#8211; Praskiesta versija. Vidutinis purvas."}]},{"@type":"WebSite","@id":"https:\/\/betoff.eu\/#website","url":"https:\/\/betoff.eu\/","name":"BETOFF-Products for the world of concrete and beyond!","description":"Betoff - Betono \u0161alinimo skystis","publisher":{"@id":"https:\/\/betoff.eu\/#\/schema\/person\/cded67f1acad0c68af8dcc171137512c"},"potentialAction":[{"@type":"SearchAction","target":{"@type":"EntryPoint","urlTemplate":"https:\/\/betoff.eu\/?s={search_term_string}"},"query-input":{"@type":"PropertyValueSpecification","valueRequired":true,"valueName":"search_term_string"}}],"inLanguage":"lt-LT"},{"@type":["Person","Organization"],"@id":"https:\/\/betoff.eu\/#\/schema\/person\/cded67f1acad0c68af8dcc171137512c","name":"admin","image":{"@type":"ImageObject","inLanguage":"lt-LT","@id":"https:\/\/betoff.eu\/#\/schema\/person\/image\/","url":"https:\/\/betoff.eu\/wp-content\/uploads\/2021\/02\/betoff-logo.png","contentUrl":"https:\/\/betoff.eu\/wp-content\/uploads\/2021\/02\/betoff-logo.png","width":1024,"height":258,"caption":"admin"},"logo":{"@id":"https:\/\/betoff.eu\/#\/schema\/person\/image\/"}}]}},"_links":{"self":[{"href":"https:\/\/betoff.eu\/lt\/wp-json\/wp\/v2\/product\/13880","targetHints":{"allow":["GET"]}}],"collection":[{"href":"https:\/\/betoff.eu\/lt\/wp-json\/wp\/v2\/product"}],"about":[{"href":"https:\/\/betoff.eu\/lt\/wp-json\/wp\/v2\/types\/product"}],"wp:featuredmedia":[{"embeddable":true,"href":"https:\/\/betoff.eu\/lt\/wp-json\/wp\/v2\/media\/348"}],"wp:attachment":[{"href":"https:\/\/betoff.eu\/lt\/wp-json\/wp\/v2\/media?parent=13880"}],"wp:term":[{"taxonomy":"product_brand","embeddable":true,"href":"https:\/\/betoff.eu\/lt\/wp-json\/wp\/v2\/product_brand?post=13880"},{"taxonomy":"product_cat","embeddable":true,"href":"https:\/\/betoff.eu\/lt\/wp-json\/wp\/v2\/product_cat?post=13880"},{"taxonomy":"product_tag","embeddable":true,"href":"https:\/\/betoff.eu\/lt\/wp-json\/wp\/v2\/product_tag?post=13880"}],"curies":[{"name":"wp","href":"https:\/\/api.w.org\/{rel}","templated":true}]}}