{"id":14086,"date":"2024-06-21T20:28:06","date_gmt":"2024-06-21T18:28:06","guid":{"rendered":"https:\/\/betoff.eu\/?page_id=14086"},"modified":"2024-06-22T08:06:16","modified_gmt":"2024-06-22T06:06:16","slug":"grazinimai-ir-skundai","status":"publish","type":"page","link":"https:\/\/betoff.eu\/lt\/grazinimai-ir-skundai\/","title":{"rendered":"Gr\u0105\u017einimai ir skundai"},"content":{"rendered":"\n\n\n<p>Gr\u0105\u017einimai ir skundai:<br>Skundus d\u0117l betoff.eu internetin\u0117je parduotuv\u0117je \u012fsigyto skys\u010dio galima pateikti tik elektroniniu pa\u0161tu, adresu: betoff@betoff.eu Nurodykite pirkimo metu sugeneruot\u0105 u\u017esakymo numer\u012f, taip pat prie\u017east\u012f, kod\u0117l pasirinkote gr\u0105\u017einti prek\u0119.<\/p>\n\n\n\n<p>Gaminys turi b\u016bti u\u017eplombuotas gamykloje. Gr\u0105\u017einus mums prek\u0119, ji bus patikrinta ir tuomet, jei nebuvo nulau\u017etas dangtelis, gr\u0105\u017einsime sum\u0105, u\u017e kuri\u0105 buvo pirkta prek\u0117. Pirk\u0117jas turi teis\u0119 gr\u0105\u017einti per 14 dien\u0173 nuo pirkimo datos.<\/p>\n\n\n\n<p>Skundas bus i\u0161nagrin\u0117tas per 5 darbo dienas nuo gavimo dienos. Pirma, skundas bus perskaitytas ir i\u0161nagrin\u0117tas i\u0161 esm\u0117s. Tada bus sudaryta forma su j\u016bs\u0173 duomenimis ir skundo prie\u017eastimi, kuri\u0105 nurodysite mums atsi\u0173stame el. Klientas gaus gr\u0105\u017einimo el. lai\u0161k\u0105 su u\u017epildyta forma, kuri\u0105 reikia pasira\u0161yti ir gr\u0105\u017einti.<\/p>\n","protected":false},"excerpt":{"rendered":"<p>Gr\u0105\u017einimai ir skundai:Skundus d\u0117l betoff.eu internetin\u0117je parduotuv\u0117je \u012fsigyto skys\u010dio galima pateikti tik elektroniniu pa\u0161tu, adresu: betoff@betoff.eu Nurodykite pirkimo metu sugeneruot\u0105 u\u017esakymo numer\u012f, taip pat prie\u017east\u012f, kod\u0117l pasirinkote gr\u0105\u017einti prek\u0119. Gaminys turi b\u016bti u\u017eplombuotas gamykloje. Gr\u0105\u017einus mums prek\u0119, ji bus patikrinta ir tuomet, jei nebuvo nulau\u017etas dangtelis, gr\u0105\u017einsime sum\u0105, u\u017e kuri\u0105 buvo pirkta prek\u0117. Pirk\u0117jas turi [&#8230;]\n","protected":false},"author":1,"featured_media":0,"parent":0,"menu_order":0,"comment_status":"closed","ping_status":"closed","template":"","meta":{"om_disable_all_campaigns":false,"footnotes":""},"class_list":["post-14086","page","type-page","status-publish","hentry"],"yoast_head":"<!-- This site is optimized with the Yoast SEO plugin v25.9 - https:\/\/yoast.com\/wordpress\/plugins\/seo\/ -->\n<title>Gr\u0105\u017einimai ir skundai - BETOFF- Produktai betono pasauliui ir ne tik!<\/title>\n<meta name=\"robots\" content=\"index, follow, max-snippet:-1, max-image-preview:large, max-video-preview:-1\" \/>\n<link rel=\"canonical\" href=\"https:\/\/betoff.eu\/lt\/grazinimai-ir-skundai\/\" \/>\n<meta property=\"og:locale\" content=\"lt_LT\" \/>\n<meta property=\"og:type\" content=\"article\" \/>\n<meta property=\"og:title\" content=\"Gr\u0105\u017einimai ir skundai - BETOFF- Produktai betono pasauliui ir ne tik!\" \/>\n<meta property=\"og:description\" content=\"Gr\u0105\u017einimai ir skundai:Skundus d\u0117l betoff.eu internetin\u0117je parduotuv\u0117je \u012fsigyto skys\u010dio galima pateikti tik elektroniniu pa\u0161tu, adresu: betoff@betoff.eu Nurodykite pirkimo metu sugeneruot\u0105 u\u017esakymo numer\u012f, taip pat prie\u017east\u012f, kod\u0117l pasirinkote gr\u0105\u017einti prek\u0119. Gaminys turi b\u016bti u\u017eplombuotas gamykloje. Gr\u0105\u017einus mums prek\u0119, ji bus patikrinta ir tuomet, jei nebuvo nulau\u017etas dangtelis, gr\u0105\u017einsime sum\u0105, u\u017e kuri\u0105 buvo pirkta prek\u0117. Pirk\u0117jas turi [...]\" \/>\n<meta property=\"og:url\" content=\"https:\/\/betoff.eu\/lt\/grazinimai-ir-skundai\/\" \/>\n<meta property=\"og:site_name\" content=\"BETOFF- Produktai betono pasauliui ir ne tik!\" \/>\n<meta property=\"article:modified_time\" content=\"2024-06-22T06:06:16+00:00\" \/>\n<meta name=\"twitter:card\" content=\"summary_large_image\" \/>\n<meta name=\"twitter:label1\" content=\"Est. reading time\" \/>\n\t<meta name=\"twitter:data1\" content=\"1 minut\u0117\" \/>\n<script type=\"application\/ld+json\" class=\"yoast-schema-graph\">{\"@context\":\"https:\/\/schema.org\",\"@graph\":[{\"@type\":\"WebPage\",\"@id\":\"https:\/\/betoff.eu\/lt\/grazinimai-ir-skundai\/\",\"url\":\"https:\/\/betoff.eu\/lt\/grazinimai-ir-skundai\/\",\"name\":\"Gr\u0105\u017einimai ir skundai - BETOFF- Produktai betono pasauliui ir ne tik!\",\"isPartOf\":{\"@id\":\"https:\/\/betoff.eu\/#website\"},\"datePublished\":\"2024-06-21T18:28:06+00:00\",\"dateModified\":\"2024-06-22T06:06:16+00:00\",\"breadcrumb\":{\"@id\":\"https:\/\/betoff.eu\/lt\/grazinimai-ir-skundai\/#breadcrumb\"},\"inLanguage\":\"lt-LT\",\"potentialAction\":[{\"@type\":\"ReadAction\",\"target\":[\"https:\/\/betoff.eu\/lt\/grazinimai-ir-skundai\/\"]}]},{\"@type\":\"BreadcrumbList\",\"@id\":\"https:\/\/betoff.eu\/lt\/grazinimai-ir-skundai\/#breadcrumb\",\"itemListElement\":[{\"@type\":\"ListItem\",\"position\":1,\"name\":\"Hem\",\"item\":\"https:\/\/betoff.eu\/lt\/\"},{\"@type\":\"ListItem\",\"position\":2,\"name\":\"Gr\u0105\u017einimai ir skundai\"}]},{\"@type\":\"WebSite\",\"@id\":\"https:\/\/betoff.eu\/#website\",\"url\":\"https:\/\/betoff.eu\/\",\"name\":\"BETOFF-Products for the world of concrete and beyond!\",\"description\":\"Betoff - Betono \u0161alinimo skystis\",\"publisher\":{\"@id\":\"https:\/\/betoff.eu\/#\/schema\/person\/cded67f1acad0c68af8dcc171137512c\"},\"potentialAction\":[{\"@type\":\"SearchAction\",\"target\":{\"@type\":\"EntryPoint\",\"urlTemplate\":\"https:\/\/betoff.eu\/?s={search_term_string}\"},\"query-input\":{\"@type\":\"PropertyValueSpecification\",\"valueRequired\":true,\"valueName\":\"search_term_string\"}}],\"inLanguage\":\"lt-LT\"},{\"@type\":[\"Person\",\"Organization\"],\"@id\":\"https:\/\/betoff.eu\/#\/schema\/person\/cded67f1acad0c68af8dcc171137512c\",\"name\":\"admin\",\"image\":{\"@type\":\"ImageObject\",\"inLanguage\":\"lt-LT\",\"@id\":\"https:\/\/betoff.eu\/#\/schema\/person\/image\/\",\"url\":\"https:\/\/betoff.eu\/wp-content\/uploads\/2021\/02\/betoff-logo.png\",\"contentUrl\":\"https:\/\/betoff.eu\/wp-content\/uploads\/2021\/02\/betoff-logo.png\",\"width\":1024,\"height\":258,\"caption\":\"admin\"},\"logo\":{\"@id\":\"https:\/\/betoff.eu\/#\/schema\/person\/image\/\"}}]}<\/script>\n<!-- \/ Yoast SEO plugin. -->","yoast_head_json":{"title":"Gr\u0105\u017einimai ir skundai - BETOFF- Produktai betono pasauliui ir ne tik!","robots":{"index":"index","follow":"follow","max-snippet":"max-snippet:-1","max-image-preview":"max-image-preview:large","max-video-preview":"max-video-preview:-1"},"canonical":"https:\/\/betoff.eu\/lt\/grazinimai-ir-skundai\/","og_locale":"lt_LT","og_type":"article","og_title":"Gr\u0105\u017einimai ir skundai - BETOFF- Produktai betono pasauliui ir ne tik!","og_description":"Gr\u0105\u017einimai ir skundai:Skundus d\u0117l betoff.eu internetin\u0117je parduotuv\u0117je \u012fsigyto skys\u010dio galima pateikti tik elektroniniu pa\u0161tu, adresu: betoff@betoff.eu Nurodykite pirkimo metu sugeneruot\u0105 u\u017esakymo numer\u012f, taip pat prie\u017east\u012f, kod\u0117l pasirinkote gr\u0105\u017einti prek\u0119. Gaminys turi b\u016bti u\u017eplombuotas gamykloje. Gr\u0105\u017einus mums prek\u0119, ji bus patikrinta ir tuomet, jei nebuvo nulau\u017etas dangtelis, gr\u0105\u017einsime sum\u0105, u\u017e kuri\u0105 buvo pirkta prek\u0117. Pirk\u0117jas turi [...]","og_url":"https:\/\/betoff.eu\/lt\/grazinimai-ir-skundai\/","og_site_name":"BETOFF- Produktai betono pasauliui ir ne tik!","article_modified_time":"2024-06-22T06:06:16+00:00","twitter_card":"summary_large_image","twitter_misc":{"Est. reading time":"1 minut\u0117"},"schema":{"@context":"https:\/\/schema.org","@graph":[{"@type":"WebPage","@id":"https:\/\/betoff.eu\/lt\/grazinimai-ir-skundai\/","url":"https:\/\/betoff.eu\/lt\/grazinimai-ir-skundai\/","name":"Gr\u0105\u017einimai ir skundai - BETOFF- Produktai betono pasauliui ir ne tik!","isPartOf":{"@id":"https:\/\/betoff.eu\/#website"},"datePublished":"2024-06-21T18:28:06+00:00","dateModified":"2024-06-22T06:06:16+00:00","breadcrumb":{"@id":"https:\/\/betoff.eu\/lt\/grazinimai-ir-skundai\/#breadcrumb"},"inLanguage":"lt-LT","potentialAction":[{"@type":"ReadAction","target":["https:\/\/betoff.eu\/lt\/grazinimai-ir-skundai\/"]}]},{"@type":"BreadcrumbList","@id":"https:\/\/betoff.eu\/lt\/grazinimai-ir-skundai\/#breadcrumb","itemListElement":[{"@type":"ListItem","position":1,"name":"Hem","item":"https:\/\/betoff.eu\/lt\/"},{"@type":"ListItem","position":2,"name":"Gr\u0105\u017einimai ir skundai"}]},{"@type":"WebSite","@id":"https:\/\/betoff.eu\/#website","url":"https:\/\/betoff.eu\/","name":"BETOFF-Products for the world of concrete and beyond!","description":"Betoff - Betono \u0161alinimo skystis","publisher":{"@id":"https:\/\/betoff.eu\/#\/schema\/person\/cded67f1acad0c68af8dcc171137512c"},"potentialAction":[{"@type":"SearchAction","target":{"@type":"EntryPoint","urlTemplate":"https:\/\/betoff.eu\/?s={search_term_string}"},"query-input":{"@type":"PropertyValueSpecification","valueRequired":true,"valueName":"search_term_string"}}],"inLanguage":"lt-LT"},{"@type":["Person","Organization"],"@id":"https:\/\/betoff.eu\/#\/schema\/person\/cded67f1acad0c68af8dcc171137512c","name":"admin","image":{"@type":"ImageObject","inLanguage":"lt-LT","@id":"https:\/\/betoff.eu\/#\/schema\/person\/image\/","url":"https:\/\/betoff.eu\/wp-content\/uploads\/2021\/02\/betoff-logo.png","contentUrl":"https:\/\/betoff.eu\/wp-content\/uploads\/2021\/02\/betoff-logo.png","width":1024,"height":258,"caption":"admin"},"logo":{"@id":"https:\/\/betoff.eu\/#\/schema\/person\/image\/"}}]}},"_links":{"self":[{"href":"https:\/\/betoff.eu\/lt\/wp-json\/wp\/v2\/pages\/14086","targetHints":{"allow":["GET"]}}],"collection":[{"href":"https:\/\/betoff.eu\/lt\/wp-json\/wp\/v2\/pages"}],"about":[{"href":"https:\/\/betoff.eu\/lt\/wp-json\/wp\/v2\/types\/page"}],"author":[{"embeddable":true,"href":"https:\/\/betoff.eu\/lt\/wp-json\/wp\/v2\/users\/1"}],"replies":[{"embeddable":true,"href":"https:\/\/betoff.eu\/lt\/wp-json\/wp\/v2\/comments?post=14086"}],"version-history":[{"count":0,"href":"https:\/\/betoff.eu\/lt\/wp-json\/wp\/v2\/pages\/14086\/revisions"}],"wp:attachment":[{"href":"https:\/\/betoff.eu\/lt\/wp-json\/wp\/v2\/media?parent=14086"}],"curies":[{"name":"wp","href":"https:\/\/api.w.org\/{rel}","templated":true}]}}