{"id":14004,"date":"2024-06-21T12:17:12","date_gmt":"2024-06-21T10:17:12","guid":{"rendered":"https:\/\/betoff.eu\/?page_id=14004"},"modified":"2024-06-21T12:17:13","modified_gmt":"2024-06-21T10:17:13","slug":"internetines-parduotuves-taisykles","status":"publish","type":"page","link":"https:\/\/betoff.eu\/lt\/internetines-parduotuves-taisykles\/","title":{"rendered":"Internetin\u0117s parduotuv\u0117s taisykl\u0117s"},"content":{"rendered":"\n\n\n<p>betoff.eu internetin\u0117s parduotuv\u0117s taisykl\u0117s<\/p>\n\n\n\n<p>\u0160ios taisykl\u0117s nustato gamybos s\u0105lygas.<br>Pirkite betoff.eu internetin\u0117je parduotuv\u0117je<\/p>\n\n\n\n<p>Pardav\u0117jas yra Innovachem Krystian Grzyb z.<br>Var\u0161uvoje ul. Sarmacha 21\/8<br>(NIP 762-176-43-06).<\/p>\n\n\n\n<p>U\u017esakymus galima pateikti per betoix.pl internetin\u0119 parduotuv\u0119.<br>Pateikite 24 valandas per par\u0105 ir u\u017esiregistruokite \u010dia<br>Parduotuv\u0117 yra visi\u0161kai nemokama ir savanori\u0161ka. parduotuv\u0117je<br>U\u017esakymus galima atlikti internetu betoix.pl.<br>tik suaugusiems<br>teisnum\u0105 sudaryti sutart\u012f<br>preki\u0173 ir paslaug\u0173 pirkimo sutartis.<\/p>\n\n\n\n<p>Informacija parduotuv\u0117s svetain\u0117je<br>Tai yra pasi\u016blymas Civilinio kodekso prasme.<br>U\u017esakymo pateikimas laikomas pasi\u016blymu pirkti<br>Prek\u0117s atrinktos pagal straipsnyje nurodytas s\u0105lygas<br>Prek\u0117s apra\u0161ymas.<\/p>\n\n\n\n<p>U\u017esakymas patvirtinamas el<br>Pardav\u0117jas siun\u010dia \u017einut\u0119 el<br>elektroninis. U\u017esakymas bus apdorotas v\u0117liau<br>Mok\u0117jimo u\u017e straipsnyje nurodytas prekes fiksavimas<br>\u012fsakymas.<\/p>\n\n\n\n<p>Prek\u0117s siun\u010diamos u\u017esakyme nurodytu adresu<br>Gav\u0117jas per 2-3 darbo dienas nuo datos<br>nusi\u0173sti mok\u0117jim\u0105 \u012f pardav\u0117jo s\u0105skait\u0105.<\/p>\n\n\n\n<p>Internetin\u0117je parduotuv\u0117je si\u016blomos prek\u0117s yra legalios<br>Visi\u0161kai naujas ir pristatytas Lenkijos rinkai<br>be teisini\u0173 ar fizini\u0173 kalt\u0173<\/p>\n","protected":false},"excerpt":{"rendered":"<p>betoff.eu internetin\u0117s parduotuv\u0117s taisykl\u0117s \u0160ios taisykl\u0117s nustato gamybos s\u0105lygas.Pirkite betoff.eu internetin\u0117je parduotuv\u0117je Pardav\u0117jas yra Innovachem Krystian Grzyb z.Var\u0161uvoje ul. Sarmacha 21\/8(NIP 762-176-43-06). U\u017esakymus galima pateikti per betoix.pl internetin\u0119 parduotuv\u0119.Pateikite 24 valandas per par\u0105 ir u\u017esiregistruokite \u010diaParduotuv\u0117 yra visi\u0161kai nemokama ir savanori\u0161ka. parduotuv\u0117jeU\u017esakymus galima atlikti internetu betoix.pl.tik suaugusiemsteisnum\u0105 sudaryti sutart\u012fpreki\u0173 ir paslaug\u0173 pirkimo sutartis. Informacija parduotuv\u0117s [&#8230;]\n","protected":false},"author":1,"featured_media":0,"parent":0,"menu_order":0,"comment_status":"closed","ping_status":"closed","template":"","meta":{"om_disable_all_campaigns":false,"footnotes":""},"class_list":["post-14004","page","type-page","status-publish","hentry"],"yoast_head":"<!-- This site is optimized with the Yoast SEO plugin v25.9 - https:\/\/yoast.com\/wordpress\/plugins\/seo\/ -->\n<title>Internetin\u0117s parduotuv\u0117s taisykl\u0117s - BETOFF- Produktai betono pasauliui ir ne tik!<\/title>\n<meta name=\"robots\" content=\"index, follow, max-snippet:-1, max-image-preview:large, max-video-preview:-1\" \/>\n<link rel=\"canonical\" href=\"https:\/\/betoff.eu\/lt\/internetines-parduotuves-taisykles\/\" \/>\n<meta property=\"og:locale\" content=\"lt_LT\" \/>\n<meta property=\"og:type\" content=\"article\" \/>\n<meta property=\"og:title\" content=\"Internetin\u0117s parduotuv\u0117s taisykl\u0117s - BETOFF- Produktai betono pasauliui ir ne tik!\" \/>\n<meta property=\"og:description\" content=\"betoff.eu internetin\u0117s parduotuv\u0117s taisykl\u0117s \u0160ios taisykl\u0117s nustato gamybos s\u0105lygas.Pirkite betoff.eu internetin\u0117je parduotuv\u0117je Pardav\u0117jas yra Innovachem Krystian Grzyb z.Var\u0161uvoje ul. Sarmacha 21\/8(NIP 762-176-43-06). U\u017esakymus galima pateikti per betoix.pl internetin\u0119 parduotuv\u0119.Pateikite 24 valandas per par\u0105 ir u\u017esiregistruokite \u010diaParduotuv\u0117 yra visi\u0161kai nemokama ir savanori\u0161ka. parduotuv\u0117jeU\u017esakymus galima atlikti internetu betoix.pl.tik suaugusiemsteisnum\u0105 sudaryti sutart\u012fpreki\u0173 ir paslaug\u0173 pirkimo sutartis. Informacija parduotuv\u0117s [...]\" \/>\n<meta property=\"og:url\" content=\"https:\/\/betoff.eu\/lt\/internetines-parduotuves-taisykles\/\" \/>\n<meta property=\"og:site_name\" content=\"BETOFF- Produktai betono pasauliui ir ne tik!\" \/>\n<meta property=\"article:modified_time\" content=\"2024-06-21T10:17:13+00:00\" \/>\n<meta name=\"twitter:card\" content=\"summary_large_image\" \/>\n<meta name=\"twitter:label1\" content=\"Est. reading time\" \/>\n\t<meta name=\"twitter:data1\" content=\"1 minut\u0117\" \/>\n<script type=\"application\/ld+json\" class=\"yoast-schema-graph\">{\"@context\":\"https:\/\/schema.org\",\"@graph\":[{\"@type\":\"WebPage\",\"@id\":\"https:\/\/betoff.eu\/lt\/internetines-parduotuves-taisykles\/\",\"url\":\"https:\/\/betoff.eu\/lt\/internetines-parduotuves-taisykles\/\",\"name\":\"Internetin\u0117s parduotuv\u0117s taisykl\u0117s - BETOFF- Produktai betono pasauliui ir ne tik!\",\"isPartOf\":{\"@id\":\"https:\/\/betoff.eu\/#website\"},\"datePublished\":\"2024-06-21T10:17:12+00:00\",\"dateModified\":\"2024-06-21T10:17:13+00:00\",\"breadcrumb\":{\"@id\":\"https:\/\/betoff.eu\/lt\/internetines-parduotuves-taisykles\/#breadcrumb\"},\"inLanguage\":\"lt-LT\",\"potentialAction\":[{\"@type\":\"ReadAction\",\"target\":[\"https:\/\/betoff.eu\/lt\/internetines-parduotuves-taisykles\/\"]}]},{\"@type\":\"BreadcrumbList\",\"@id\":\"https:\/\/betoff.eu\/lt\/internetines-parduotuves-taisykles\/#breadcrumb\",\"itemListElement\":[{\"@type\":\"ListItem\",\"position\":1,\"name\":\"Hem\",\"item\":\"https:\/\/betoff.eu\/lt\/\"},{\"@type\":\"ListItem\",\"position\":2,\"name\":\"Internetin\u0117s parduotuv\u0117s taisykl\u0117s\"}]},{\"@type\":\"WebSite\",\"@id\":\"https:\/\/betoff.eu\/#website\",\"url\":\"https:\/\/betoff.eu\/\",\"name\":\"BETOFF-Products for the world of concrete and beyond!\",\"description\":\"Betoff - Betono \u0161alinimo skystis\",\"publisher\":{\"@id\":\"https:\/\/betoff.eu\/#\/schema\/person\/cded67f1acad0c68af8dcc171137512c\"},\"potentialAction\":[{\"@type\":\"SearchAction\",\"target\":{\"@type\":\"EntryPoint\",\"urlTemplate\":\"https:\/\/betoff.eu\/?s={search_term_string}\"},\"query-input\":{\"@type\":\"PropertyValueSpecification\",\"valueRequired\":true,\"valueName\":\"search_term_string\"}}],\"inLanguage\":\"lt-LT\"},{\"@type\":[\"Person\",\"Organization\"],\"@id\":\"https:\/\/betoff.eu\/#\/schema\/person\/cded67f1acad0c68af8dcc171137512c\",\"name\":\"admin\",\"image\":{\"@type\":\"ImageObject\",\"inLanguage\":\"lt-LT\",\"@id\":\"https:\/\/betoff.eu\/#\/schema\/person\/image\/\",\"url\":\"https:\/\/betoff.eu\/wp-content\/uploads\/2021\/02\/betoff-logo.png\",\"contentUrl\":\"https:\/\/betoff.eu\/wp-content\/uploads\/2021\/02\/betoff-logo.png\",\"width\":1024,\"height\":258,\"caption\":\"admin\"},\"logo\":{\"@id\":\"https:\/\/betoff.eu\/#\/schema\/person\/image\/\"}}]}<\/script>\n<!-- \/ Yoast SEO plugin. -->","yoast_head_json":{"title":"Internetin\u0117s parduotuv\u0117s taisykl\u0117s - BETOFF- Produktai betono pasauliui ir ne tik!","robots":{"index":"index","follow":"follow","max-snippet":"max-snippet:-1","max-image-preview":"max-image-preview:large","max-video-preview":"max-video-preview:-1"},"canonical":"https:\/\/betoff.eu\/lt\/internetines-parduotuves-taisykles\/","og_locale":"lt_LT","og_type":"article","og_title":"Internetin\u0117s parduotuv\u0117s taisykl\u0117s - BETOFF- Produktai betono pasauliui ir ne tik!","og_description":"betoff.eu internetin\u0117s parduotuv\u0117s taisykl\u0117s \u0160ios taisykl\u0117s nustato gamybos s\u0105lygas.Pirkite betoff.eu internetin\u0117je parduotuv\u0117je Pardav\u0117jas yra Innovachem Krystian Grzyb z.Var\u0161uvoje ul. Sarmacha 21\/8(NIP 762-176-43-06). U\u017esakymus galima pateikti per betoix.pl internetin\u0119 parduotuv\u0119.Pateikite 24 valandas per par\u0105 ir u\u017esiregistruokite \u010diaParduotuv\u0117 yra visi\u0161kai nemokama ir savanori\u0161ka. parduotuv\u0117jeU\u017esakymus galima atlikti internetu betoix.pl.tik suaugusiemsteisnum\u0105 sudaryti sutart\u012fpreki\u0173 ir paslaug\u0173 pirkimo sutartis. Informacija parduotuv\u0117s [...]","og_url":"https:\/\/betoff.eu\/lt\/internetines-parduotuves-taisykles\/","og_site_name":"BETOFF- Produktai betono pasauliui ir ne tik!","article_modified_time":"2024-06-21T10:17:13+00:00","twitter_card":"summary_large_image","twitter_misc":{"Est. reading time":"1 minut\u0117"},"schema":{"@context":"https:\/\/schema.org","@graph":[{"@type":"WebPage","@id":"https:\/\/betoff.eu\/lt\/internetines-parduotuves-taisykles\/","url":"https:\/\/betoff.eu\/lt\/internetines-parduotuves-taisykles\/","name":"Internetin\u0117s parduotuv\u0117s taisykl\u0117s - BETOFF- Produktai betono pasauliui ir ne tik!","isPartOf":{"@id":"https:\/\/betoff.eu\/#website"},"datePublished":"2024-06-21T10:17:12+00:00","dateModified":"2024-06-21T10:17:13+00:00","breadcrumb":{"@id":"https:\/\/betoff.eu\/lt\/internetines-parduotuves-taisykles\/#breadcrumb"},"inLanguage":"lt-LT","potentialAction":[{"@type":"ReadAction","target":["https:\/\/betoff.eu\/lt\/internetines-parduotuves-taisykles\/"]}]},{"@type":"BreadcrumbList","@id":"https:\/\/betoff.eu\/lt\/internetines-parduotuves-taisykles\/#breadcrumb","itemListElement":[{"@type":"ListItem","position":1,"name":"Hem","item":"https:\/\/betoff.eu\/lt\/"},{"@type":"ListItem","position":2,"name":"Internetin\u0117s parduotuv\u0117s taisykl\u0117s"}]},{"@type":"WebSite","@id":"https:\/\/betoff.eu\/#website","url":"https:\/\/betoff.eu\/","name":"BETOFF-Products for the world of concrete and beyond!","description":"Betoff - Betono \u0161alinimo skystis","publisher":{"@id":"https:\/\/betoff.eu\/#\/schema\/person\/cded67f1acad0c68af8dcc171137512c"},"potentialAction":[{"@type":"SearchAction","target":{"@type":"EntryPoint","urlTemplate":"https:\/\/betoff.eu\/?s={search_term_string}"},"query-input":{"@type":"PropertyValueSpecification","valueRequired":true,"valueName":"search_term_string"}}],"inLanguage":"lt-LT"},{"@type":["Person","Organization"],"@id":"https:\/\/betoff.eu\/#\/schema\/person\/cded67f1acad0c68af8dcc171137512c","name":"admin","image":{"@type":"ImageObject","inLanguage":"lt-LT","@id":"https:\/\/betoff.eu\/#\/schema\/person\/image\/","url":"https:\/\/betoff.eu\/wp-content\/uploads\/2021\/02\/betoff-logo.png","contentUrl":"https:\/\/betoff.eu\/wp-content\/uploads\/2021\/02\/betoff-logo.png","width":1024,"height":258,"caption":"admin"},"logo":{"@id":"https:\/\/betoff.eu\/#\/schema\/person\/image\/"}}]}},"_links":{"self":[{"href":"https:\/\/betoff.eu\/lt\/wp-json\/wp\/v2\/pages\/14004","targetHints":{"allow":["GET"]}}],"collection":[{"href":"https:\/\/betoff.eu\/lt\/wp-json\/wp\/v2\/pages"}],"about":[{"href":"https:\/\/betoff.eu\/lt\/wp-json\/wp\/v2\/types\/page"}],"author":[{"embeddable":true,"href":"https:\/\/betoff.eu\/lt\/wp-json\/wp\/v2\/users\/1"}],"replies":[{"embeddable":true,"href":"https:\/\/betoff.eu\/lt\/wp-json\/wp\/v2\/comments?post=14004"}],"version-history":[{"count":0,"href":"https:\/\/betoff.eu\/lt\/wp-json\/wp\/v2\/pages\/14004\/revisions"}],"wp:attachment":[{"href":"https:\/\/betoff.eu\/lt\/wp-json\/wp\/v2\/media?parent=14004"}],"curies":[{"name":"wp","href":"https:\/\/api.w.org\/{rel}","templated":true}]}}