{"id":13945,"date":"2024-06-21T07:44:05","date_gmt":"2024-06-21T05:44:05","guid":{"rendered":"https:\/\/betoff.eu\/?page_id=13945"},"modified":"2024-06-21T07:54:29","modified_gmt":"2024-06-21T05:54:29","slug":"privatumo-politika","status":"publish","type":"page","link":"https:\/\/betoff.eu\/lt\/privatumo-politika\/","title":{"rendered":"Privatumo politika"},"content":{"rendered":"\n<p>Svetain\u0117s privatumo politika. https:\/\/betoff.eu<\/p>\n\n\n\n<ol class=\"wp-block-list\">\n<li>Bendra informacija<\/li>\n<\/ol>\n\n\n\n<p>\u0160i privatumo politika nustato Vartotoj\u0173 pateikt\u0173 asmens duomen\u0173, susijusi\u0173 su naudojimusi pardavimo paslaugomis per svetain\u0119, tvarkymo ir apsaugos taisykles.<\/p>\n\n\n\n<ol class=\"wp-block-list\" start=\"2\">\n<li>Asmens duomen\u0173 valdytojas svetain\u0117je<\/li>\n<\/ol>\n\n\n\n<p>Innovachem Krystian Grzyb su s\u0117dyne ul. Sarmacka 21\/8 Varssavi Europos mokes\u010di\u0173 numeris PL7621764306<\/p>\n\n\n\n<p>Siekdami u\u017etikrinti mums patik\u0117t\u0173 duomen\u0173 saugum\u0105, suk\u016br\u0117me vidines proced\u016bras ir rekomendacijas, kad duomenys nepatekt\u0173 \u012f pa\u0161alini\u0173 asmen\u0173 rankas. Stebime j\u0173 \u012fgyvendinim\u0105 ir nuolat tikriname, ar jie atitinka atitinkamus teis\u0117s aktus (Asmens duomen\u0173 apsaugos \u012fstatym\u0105, Elektronini\u0173 paslaug\u0173 \u012fstatym\u0105, taip pat visus \u012fgyvendinan\u010dius \u012fstatymus ir Bendrijos teis\u0117s aktus).<\/p>\n\n\n\n<p>Asmens duomenys tvarkomi remiantis Vartotojo i\u0161reik\u0161tu sutikimu ir tais atvejais, kai \u012fstatymai \u012fgalioja administratori\u0173 tvarkyti asmens duomenis remiantis teis\u0117s akt\u0173 nuostatomis arba vykdyti tarp \u0161ali\u0173 sudarytos sutarties reikalavimus.<\/p>\n\n\n\n<p>Svetain\u0117 atlieka informacijos apie vartotojus ir j\u0173 elges\u012f gavimo funkcijas taip:<\/p>\n\n\n\n<p>Siekdami u\u017etikrinti i\u0161 m\u016bs\u0173 pra\u0161omos informacijos saugum\u0105, turime sukurti vidines proced\u016bras ir rekomendacijas, kaip blokuoti prieig\u0105 prie duomen\u0173. Patikrinimus ir valdym\u0105 tinkamiau palaiko atitinkamos vietos atakos \u2013 suasmeninti dangaus duomenys, elektroniniai duomen\u0173 valdikliai ir visi vykdymo bei k\u016brimo procesai.<\/p>\n\n\n\n<p>Asmens duomenys tvarkomi gavus vartotojo sutikim\u0105 ir jei administratorius yra \u012fgaliotas naudoti duomenis pagal asmens duomenis reglamentuojan\u010dius teis\u0117s aktus.<\/p>\n\n\n\n<p>Webbplatsen apdoroja informacij\u0105 apie vartotojus ir j\u0173 elges\u012f taip:<\/p>\n\n\n\n<p>a) per informacij\u0105, savanori\u0161kai \u012ftraukt\u0105 \u012f formas<\/p>\n\n\n\n<p>b) rinkdami slapukus [\u017er. slapuk\u0173 politik\u0105].<\/p>\n\n\n\n<h3 class=\"wp-block-heading\">Slapuk\u0173 politika<\/h3>\n\n\n\n<p>Svetain\u0117s slapuk\u0173 politika https:\/\/betoff.eu<\/p>\n\n\n\n<p>\u201eSlapukai\u201c yra IT duomenys, saugomi galutiniuose vartotoj\u0173 \u012frenginiuose, skirtuose naudoti svetaines. Tiksliau, tai yra tekstiniai failai, kuriuose yra svetain\u0117s, i\u0161 kurios jie kilo, pavadinimas, laikas, kada jie buvo saugomi galutiniame \u012frenginyje, ir unikalus numeris.<\/p>\n\n\n\n<p>Svetain\u0117 automati\u0161kai nerenka kitos informacijos, i\u0161skyrus informacij\u0105, esan\u010di\u0105 slapukuose.<\/p>\n\n\n\n<p>Slapukai skirti interneto puslapi\u0173 naudojimui. Operatorius naudoja \u0161iuos failus \u0161iais tikslais:<\/p>\n\n\n\n<p>a) galimyb\u0117 prisijungti ir palaikyti vartotojo seans\u0105 kiekviename paskesniame svetain\u0117s puslapyje<\/p>\n\n\n\n<p>b) pritaikyti svetain\u0117s turin\u012f prie vartotojo individuali\u0173 pageidavim\u0173, ypa\u010d \u0161ie failai atpa\u017e\u012fsta jo \u012frengin\u012f, kad b\u016bt\u0173 rodoma svetain\u0117 pagal vartotojo pageidavimus<\/p>\n\n\n\n<p>c) Kurti anonimin\u0119 statistik\u0105, kuri pa\u0161alina galimyb\u0119 identifikuoti vartotoj\u0105.<\/p>\n\n\n\n<p>Slapukams, kuriuos naudoja tinklalapio operatori\u0173 partneriai, ypa\u010d svetain\u0117s naudotojai, taikomos j\u0173 privatumo politikos nuostatos.<\/p>\n\n\n\n<p>Siekdami u\u017etikrinti mums patik\u0117t\u0173 duomen\u0173 saugum\u0105, suk\u016br\u0117me vidines proced\u016bras ir rekomendacijas, kad duomenys nepatekt\u0173 \u012f pa\u0161alini\u0173 asmen\u0173 rankas. Stebime j\u0173 \u012fgyvendinim\u0105 ir nuolat tikriname, ar jie atitinka atitinkamus teis\u0117s aktus (Asmens duomen\u0173 apsaugos \u012fstatym\u0105, Elektronini\u0173 paslaug\u0173 \u012fstatym\u0105, taip pat visus \u012fgyvendinan\u010dius \u012fstatymus ir Bendrijos teis\u0117s aktus).<\/p>\n\n\n\n<p>Pagal numatytuosius nustatymus interneto svetain\u0117se nar\u0161yti naudojama programin\u0117 \u012franga leid\u017eia \u012f vartotojo galutin\u012f \u012frengin\u012f \u012fd\u0117ti slapukus. \u0160iuos nustatymus Vartotojas gali keisti nar\u0161ykl\u0117s nustatymuose, kad b\u016bt\u0173 i\u0161vengta automatinio slapuk\u0173 apdorojimo arba b\u016bt\u0173 prane\u0161ta kiekvien\u0105 kart\u0105, kai jie siun\u010diami \u012f Vartotojo \u012frengin\u012f.<\/p>\n\n\n\n<p>Svetain\u0117s vartotojai gali bet kada pakeisti savo slapuk\u0173 nustatymus. I\u0161samesn\u0119 informacij\u0105 apie slapuk\u0173 naudojimo galimybes ir b\u016bdus galite rasti programin\u0117s \u012frangos (nar\u0161ykl\u0117s) nustatymuose. Populiari\u0173 nar\u0161ykli\u0173 redagavimo parink\u010di\u0173 pavyzd\u017eiai:<\/p>\n\n\n\n<p>Mozilla Firefox: www.support.mozilla.org\/pl\/kb\/ciasteczka<\/p>\n\n\n\n<p>\u2013 Internet Explorer: www.support.microsoft.com\/kb\/278835\/pl<\/p>\n\n\n\n<p>\u2013 Google Chrome: www.support.google.com\/chrome\/bin\/answer.py?hl=pl&amp;answer=95647<\/p>\n\n\n\n<p>\u2013 Safari: www.safari.helpmax.net\/sv\/spara-tid\/inneh\u00e5llsblockering\/<\/p>\n\n\n\n<p>Svetain\u0117s operatorius \u012fsp\u0117ja, kad pakeitus vartotojo nar\u0161ykl\u0117s nustatymus, svetain\u0117s gali neveikti tinkamai.<\/p>\n\n\n","protected":false},"excerpt":{"rendered":"<p>Svetain\u0117s privatumo politika. https:\/\/betoff.eu \u0160i privatumo politika nustato Vartotoj\u0173 pateikt\u0173 asmens duomen\u0173, susijusi\u0173 su naudojimusi pardavimo paslaugomis per svetain\u0119, tvarkymo ir apsaugos taisykles. Innovachem Krystian Grzyb su s\u0117dyne ul. Sarmacka 21\/8 Varssavi Europos mokes\u010di\u0173 numeris PL7621764306 Siekdami u\u017etikrinti mums patik\u0117t\u0173 duomen\u0173 saugum\u0105, suk\u016br\u0117me vidines proced\u016bras ir rekomendacijas, kad duomenys nepatekt\u0173 \u012f pa\u0161alini\u0173 asmen\u0173 rankas. Stebime [&#8230;]\n","protected":false},"author":1,"featured_media":0,"parent":0,"menu_order":0,"comment_status":"closed","ping_status":"closed","template":"","meta":{"om_disable_all_campaigns":false,"footnotes":""},"class_list":["post-13945","page","type-page","status-publish","hentry"],"yoast_head":"<!-- This site is optimized with the Yoast SEO plugin v25.9 - https:\/\/yoast.com\/wordpress\/plugins\/seo\/ -->\n<title>Privatumo politika - BETOFF- Produktai betono pasauliui ir ne tik!<\/title>\n<meta name=\"robots\" content=\"index, follow, max-snippet:-1, max-image-preview:large, max-video-preview:-1\" \/>\n<link rel=\"canonical\" href=\"https:\/\/betoff.eu\/lt\/privatumo-politika\/\" \/>\n<meta property=\"og:locale\" content=\"lt_LT\" \/>\n<meta property=\"og:type\" content=\"article\" \/>\n<meta property=\"og:title\" content=\"Privatumo politika - BETOFF- Produktai betono pasauliui ir ne tik!\" \/>\n<meta property=\"og:description\" content=\"Svetain\u0117s privatumo politika. https:\/\/betoff.eu \u0160i privatumo politika nustato Vartotoj\u0173 pateikt\u0173 asmens duomen\u0173, susijusi\u0173 su naudojimusi pardavimo paslaugomis per svetain\u0119, tvarkymo ir apsaugos taisykles. Innovachem Krystian Grzyb su s\u0117dyne ul. Sarmacka 21\/8 Varssavi Europos mokes\u010di\u0173 numeris PL7621764306 Siekdami u\u017etikrinti mums patik\u0117t\u0173 duomen\u0173 saugum\u0105, suk\u016br\u0117me vidines proced\u016bras ir rekomendacijas, kad duomenys nepatekt\u0173 \u012f pa\u0161alini\u0173 asmen\u0173 rankas. Stebime [...]\" \/>\n<meta property=\"og:url\" content=\"https:\/\/betoff.eu\/lt\/privatumo-politika\/\" \/>\n<meta property=\"og:site_name\" content=\"BETOFF- Produktai betono pasauliui ir ne tik!\" \/>\n<meta property=\"article:modified_time\" content=\"2024-06-21T05:54:29+00:00\" \/>\n<meta name=\"twitter:card\" content=\"summary_large_image\" \/>\n<meta name=\"twitter:label1\" content=\"Est. reading time\" \/>\n\t<meta name=\"twitter:data1\" content=\"3 minut\u0117s\" \/>\n<script type=\"application\/ld+json\" class=\"yoast-schema-graph\">{\"@context\":\"https:\/\/schema.org\",\"@graph\":[{\"@type\":\"WebPage\",\"@id\":\"https:\/\/betoff.eu\/lt\/privatumo-politika\/\",\"url\":\"https:\/\/betoff.eu\/lt\/privatumo-politika\/\",\"name\":\"Privatumo politika - BETOFF- Produktai betono pasauliui ir ne tik!\",\"isPartOf\":{\"@id\":\"https:\/\/betoff.eu\/#website\"},\"datePublished\":\"2024-06-21T05:44:05+00:00\",\"dateModified\":\"2024-06-21T05:54:29+00:00\",\"breadcrumb\":{\"@id\":\"https:\/\/betoff.eu\/lt\/privatumo-politika\/#breadcrumb\"},\"inLanguage\":\"lt-LT\",\"potentialAction\":[{\"@type\":\"ReadAction\",\"target\":[\"https:\/\/betoff.eu\/lt\/privatumo-politika\/\"]}]},{\"@type\":\"BreadcrumbList\",\"@id\":\"https:\/\/betoff.eu\/lt\/privatumo-politika\/#breadcrumb\",\"itemListElement\":[{\"@type\":\"ListItem\",\"position\":1,\"name\":\"Hem\",\"item\":\"https:\/\/betoff.eu\/lt\/\"},{\"@type\":\"ListItem\",\"position\":2,\"name\":\"Privatumo politika\"}]},{\"@type\":\"WebSite\",\"@id\":\"https:\/\/betoff.eu\/#website\",\"url\":\"https:\/\/betoff.eu\/\",\"name\":\"BETOFF-Products for the world of concrete and beyond!\",\"description\":\"Betoff - Betono \u0161alinimo skystis\",\"publisher\":{\"@id\":\"https:\/\/betoff.eu\/#\/schema\/person\/cded67f1acad0c68af8dcc171137512c\"},\"potentialAction\":[{\"@type\":\"SearchAction\",\"target\":{\"@type\":\"EntryPoint\",\"urlTemplate\":\"https:\/\/betoff.eu\/?s={search_term_string}\"},\"query-input\":{\"@type\":\"PropertyValueSpecification\",\"valueRequired\":true,\"valueName\":\"search_term_string\"}}],\"inLanguage\":\"lt-LT\"},{\"@type\":[\"Person\",\"Organization\"],\"@id\":\"https:\/\/betoff.eu\/#\/schema\/person\/cded67f1acad0c68af8dcc171137512c\",\"name\":\"admin\",\"image\":{\"@type\":\"ImageObject\",\"inLanguage\":\"lt-LT\",\"@id\":\"https:\/\/betoff.eu\/#\/schema\/person\/image\/\",\"url\":\"https:\/\/betoff.eu\/wp-content\/uploads\/2021\/02\/betoff-logo.png\",\"contentUrl\":\"https:\/\/betoff.eu\/wp-content\/uploads\/2021\/02\/betoff-logo.png\",\"width\":1024,\"height\":258,\"caption\":\"admin\"},\"logo\":{\"@id\":\"https:\/\/betoff.eu\/#\/schema\/person\/image\/\"}}]}<\/script>\n<!-- \/ Yoast SEO plugin. -->","yoast_head_json":{"title":"Privatumo politika - BETOFF- Produktai betono pasauliui ir ne tik!","robots":{"index":"index","follow":"follow","max-snippet":"max-snippet:-1","max-image-preview":"max-image-preview:large","max-video-preview":"max-video-preview:-1"},"canonical":"https:\/\/betoff.eu\/lt\/privatumo-politika\/","og_locale":"lt_LT","og_type":"article","og_title":"Privatumo politika - BETOFF- Produktai betono pasauliui ir ne tik!","og_description":"Svetain\u0117s privatumo politika. https:\/\/betoff.eu \u0160i privatumo politika nustato Vartotoj\u0173 pateikt\u0173 asmens duomen\u0173, susijusi\u0173 su naudojimusi pardavimo paslaugomis per svetain\u0119, tvarkymo ir apsaugos taisykles. Innovachem Krystian Grzyb su s\u0117dyne ul. Sarmacka 21\/8 Varssavi Europos mokes\u010di\u0173 numeris PL7621764306 Siekdami u\u017etikrinti mums patik\u0117t\u0173 duomen\u0173 saugum\u0105, suk\u016br\u0117me vidines proced\u016bras ir rekomendacijas, kad duomenys nepatekt\u0173 \u012f pa\u0161alini\u0173 asmen\u0173 rankas. Stebime [...]","og_url":"https:\/\/betoff.eu\/lt\/privatumo-politika\/","og_site_name":"BETOFF- Produktai betono pasauliui ir ne tik!","article_modified_time":"2024-06-21T05:54:29+00:00","twitter_card":"summary_large_image","twitter_misc":{"Est. reading time":"3 minut\u0117s"},"schema":{"@context":"https:\/\/schema.org","@graph":[{"@type":"WebPage","@id":"https:\/\/betoff.eu\/lt\/privatumo-politika\/","url":"https:\/\/betoff.eu\/lt\/privatumo-politika\/","name":"Privatumo politika - BETOFF- Produktai betono pasauliui ir ne tik!","isPartOf":{"@id":"https:\/\/betoff.eu\/#website"},"datePublished":"2024-06-21T05:44:05+00:00","dateModified":"2024-06-21T05:54:29+00:00","breadcrumb":{"@id":"https:\/\/betoff.eu\/lt\/privatumo-politika\/#breadcrumb"},"inLanguage":"lt-LT","potentialAction":[{"@type":"ReadAction","target":["https:\/\/betoff.eu\/lt\/privatumo-politika\/"]}]},{"@type":"BreadcrumbList","@id":"https:\/\/betoff.eu\/lt\/privatumo-politika\/#breadcrumb","itemListElement":[{"@type":"ListItem","position":1,"name":"Hem","item":"https:\/\/betoff.eu\/lt\/"},{"@type":"ListItem","position":2,"name":"Privatumo politika"}]},{"@type":"WebSite","@id":"https:\/\/betoff.eu\/#website","url":"https:\/\/betoff.eu\/","name":"BETOFF-Products for the world of concrete and beyond!","description":"Betoff - Betono \u0161alinimo skystis","publisher":{"@id":"https:\/\/betoff.eu\/#\/schema\/person\/cded67f1acad0c68af8dcc171137512c"},"potentialAction":[{"@type":"SearchAction","target":{"@type":"EntryPoint","urlTemplate":"https:\/\/betoff.eu\/?s={search_term_string}"},"query-input":{"@type":"PropertyValueSpecification","valueRequired":true,"valueName":"search_term_string"}}],"inLanguage":"lt-LT"},{"@type":["Person","Organization"],"@id":"https:\/\/betoff.eu\/#\/schema\/person\/cded67f1acad0c68af8dcc171137512c","name":"admin","image":{"@type":"ImageObject","inLanguage":"lt-LT","@id":"https:\/\/betoff.eu\/#\/schema\/person\/image\/","url":"https:\/\/betoff.eu\/wp-content\/uploads\/2021\/02\/betoff-logo.png","contentUrl":"https:\/\/betoff.eu\/wp-content\/uploads\/2021\/02\/betoff-logo.png","width":1024,"height":258,"caption":"admin"},"logo":{"@id":"https:\/\/betoff.eu\/#\/schema\/person\/image\/"}}]}},"_links":{"self":[{"href":"https:\/\/betoff.eu\/lt\/wp-json\/wp\/v2\/pages\/13945","targetHints":{"allow":["GET"]}}],"collection":[{"href":"https:\/\/betoff.eu\/lt\/wp-json\/wp\/v2\/pages"}],"about":[{"href":"https:\/\/betoff.eu\/lt\/wp-json\/wp\/v2\/types\/page"}],"author":[{"embeddable":true,"href":"https:\/\/betoff.eu\/lt\/wp-json\/wp\/v2\/users\/1"}],"replies":[{"embeddable":true,"href":"https:\/\/betoff.eu\/lt\/wp-json\/wp\/v2\/comments?post=13945"}],"version-history":[{"count":0,"href":"https:\/\/betoff.eu\/lt\/wp-json\/wp\/v2\/pages\/13945\/revisions"}],"wp:attachment":[{"href":"https:\/\/betoff.eu\/lt\/wp-json\/wp\/v2\/media?parent=13945"}],"curies":[{"name":"wp","href":"https:\/\/api.w.org\/{rel}","templated":true}]}}